{"id":8049,"date":"2021-04-12T11:40:48","date_gmt":"2021-04-12T10:40:48","guid":{"rendered":"https:\/\/www.heartfailurematters.org\/zurueck-zu-ursachen-fuer-herzinsuffizienz-und-andere-haeufige-erkrankungen\/"},"modified":"2023-09-19T15:04:27","modified_gmt":"2023-09-19T14:04:27","slug":"zurueck-zu-ursachen-fuer-herzinsuffizienz-und-andere-haeufige-erkrankungen","status":"publish","type":"page","link":"https:\/\/www.heartfailurematters.org\/de\/zurueck-zu-ursachen-fuer-herzinsuffizienz-und-andere-haeufige-erkrankungen\/","title":{"rendered":"Ursachen f\u00fcr Herzinsuffizienz und andere h\u00e4ufige Erkrankungen"},"content":{"rendered":"<p>Herzinsuffizienz einschlie\u00dflich kongestiver Herzinsuffizienz (CHF) kann auf eine Vielzahl von Ursachen zur\u00fcckzuf\u00fchren sein. Es ist entscheidend, diese Ursachen zu erkennen. Wenn die Diagnose einer Herzinsuffizienz gestellt wurde, sind die diagnostischen Ma\u00dfnahmen nicht abgeschlossen, sondern sollten fortgesetzt werden, um die Ursache der Beschwerden zu ermitteln. Erst dann kann die optimale Behandlung sowohl auf den Betroffenen als auch auf die zugrunde liegende Ursache abgestimmt werden.<\/p>\n<p>Bitte beachten Sie, dass die Ursachen der Herzinsuffizienz sowohl innerhalb als auch au\u00dferhalb des Herzens liegen k\u00f6nnen. In der zweiten Spalte werden K\u00f6rpersysteme aufgef\u00fchrt, die infolge einer Erkrankung oder Funktionsst\u00f6rung zu einer Herzinsuffizienz f\u00fchren k\u00f6nnen. In der dritten Spalte werden wichtige Beispiele genannt, wobei die Liste nicht vollst\u00e4ndig ist. Weitere Informationen zu jeder dieser Ursachen finden Sie auf den folgenden Seiten.<\/p>\n<h3>Innerhalb des Herzens<\/h3>\n<table class=\"hfc-table\">\n<tbody>\n<tr>\n<td style=\"width: 45%;\"><strong>Betroffener Teil des Herzens<\/strong><\/td>\n<td style=\"width: 55%;\"><strong>Wichtige Beispiele<\/strong><\/td>\n<\/tr>\n<tr>\n<td><strong><em>Gef\u00e4\u00dfe<\/em><\/strong><\/td>\n<td>\n<ul>\n<li>Koronare Herzerkrankung<\/li>\n<li>Fr\u00fchere Herzinfarkte\/Myokardinfarkte<\/li>\n<\/ul>\n<\/td>\n<\/tr>\n<tr>\n<td><strong><em>Herzklappen und Herzmuskel<\/em><\/strong><\/td>\n<td>\n<ul>\n<li>Herzklappenfehler<\/li>\n<li>Herzmuskelerkrankung (Kardiomyopathie)<\/li>\n<li>Angeborene Herzfehler<\/li>\n<\/ul>\n<\/td>\n<\/tr>\n<tr>\n<td><strong><em>Herzrhythmus<\/em><\/strong><\/td>\n<td>\n<ul>\n<li>Herzrhythmusst\u00f6rungen, z.&nbsp;B. Vorhofflimmern<\/li>\n<\/ul>\n<\/td>\n<\/tr>\n<\/tbody>\n<\/table>\n<h3>Au\u00dferhalb des Herzens<\/h3>\n<table class=\"hfc-table\">\n<tbody>\n<tr>\n<td style=\"width: 45%;\"><strong>Betroffenes K\u00f6rpersystem<\/strong><\/td>\n<td style=\"width: 55%;\"><strong>Wichtige Beispiele<\/strong><\/td>\n<\/tr>\n<tr>\n<td><strong><em>Arterien <\/em><\/strong><\/td>\n<td>\n<ul>\n<li>Bluthochdruck, d.&nbsp;h. (arterielle) Hypertonie<\/li>\n<\/ul>\n<\/td>\n<\/tr>\n<tr>\n<td><strong><em>Lungen<\/em><\/strong><\/td>\n<td>\n<ul>\n<li>Chronisch obstruktive Lungenerkrankung (COPD)<\/li>\n<li>Asthma<\/li>\n<li>Pulmonale Hypertonie<\/li>\n<li>Schlafapnoe<\/li>\n<\/ul>\n<\/td>\n<\/tr>\n<tr>\n<td><strong><em>Nieren<\/em><\/strong><\/td>\n<td>\n<ul>\n<li>Verlust der Filtrationskapazit\u00e4t<\/li>\n<\/ul>\n<\/td>\n<\/tr>\n<tr>\n<td><strong><em>Schilddr\u00fcse<\/em><\/strong><\/td>\n<td>\n<ul>\n<li>Schilddr\u00fcsenfehlfunktion<\/li>\n<\/ul>\n<\/td>\n<\/tr>\n<tr>\n<td><strong><em>Stoffwechsel<\/em><\/strong><\/td>\n<td>\n<ul>\n<li>Diabetes<\/li>\n<li>\u00dcbergewicht und Anorexie<\/li>\n<li>Eisenmangel<\/li>\n<li>An\u00e4mie<\/li>\n<li>Gicht<\/li>\n<li>Amyloidose und andere seltene Erkrankungen<\/li>\n<\/ul>\n<\/td>\n<\/tr>\n<tr>\n<td><strong><em>Vergiftung<\/em><\/strong><\/td>\n<td>\n<ul>\n<li>Alkohol<\/li>\n<li>Chemotherapie<\/li>\n<li>Bestrahlung<\/li>\n<\/ul>\n<\/td>\n<\/tr>\n<tr>\n<td><strong><em>Entz\u00fcndungen<\/em><\/strong><\/td>\n<td>\n<ul>\n<li>Chronische Entz\u00fcndungsprozesse (Viren, Bakterien usw.)<\/li>\n<li>Sepsis<\/li>\n<\/ul>\n<\/td>\n<\/tr>\n<tr>\n<td><strong><em>Psyche<\/em><\/strong><\/td>\n<td>\n<ul>\n<li>Depression<\/li>\n<li>Angst<\/li>\n<\/ul>\n<\/td>\n<\/tr>\n<\/tbody>\n<\/table>\n","protected":false},"excerpt":{"rendered":"<p>Herzinsuffizienz einschlie\u00dflich kongestiver Herzinsuffizienz (CHF) kann auf eine Vielzahl von Ursachen zur\u00fcckzuf\u00fchren sein. Es ist entscheidend, diese Ursachen zu erkennen. Wenn die Diagnose einer Herzinsuffizienz gestellt wurde, sind die diagnostischen Ma\u00dfnahmen nicht abgeschlossen, sondern sollten fortgesetzt werden, um die Ursache der Beschwerden zu ermitteln. Erst dann kann die optimale Behandlung sowohl auf den Betroffenen als [&hellip;]<\/p>\n","protected":false},"author":1,"featured_media":0,"parent":0,"menu_order":1,"comment_status":"closed","ping_status":"closed","template":"","meta":{"_acf_changed":false,"footnotes":""},"categories":[175],"tags":[],"class_list":["post-8049","page","type-page","status-publish","hentry","category-zuruck-zu-ursachen-fur-herzinsuffizienz-und-andere-haufige-erkrankungen"],"acf":[],"yoast_head":"<!-- This site is optimized with the Yoast SEO plugin v24.8.1 - https:\/\/yoast.com\/wordpress\/plugins\/seo\/ -->\n<title>Herzinsuffizienz-Ursachen und andere h\u00e4ufige Erkrankungen<\/title>\n<meta name=\"description\" content=\"Patienten mit Herzinsuffizienz haben h\u00e4ufig andere, weitere wichtige Erkrankungen, die diagnostiziert und bei Behandlungsentscheidungen ber\u00fccksichtigt werden m\u00fcssen.\" \/>\n<meta name=\"robots\" content=\"index, follow, max-snippet:-1, max-image-preview:large, max-video-preview:-1\" \/>\n<link rel=\"canonical\" href=\"https:\/\/www.heartfailurematters.org\/de\/zurueck-zu-ursachen-fuer-herzinsuffizienz-und-andere-haeufige-erkrankungen\/\" \/>\n<meta property=\"og:locale\" content=\"de_DE\" \/>\n<meta property=\"og:type\" content=\"article\" \/>\n<meta property=\"og:title\" content=\"Herzinsuffizienz-Ursachen und andere h\u00e4ufige Erkrankungen\" \/>\n<meta property=\"og:description\" content=\"Patienten mit Herzinsuffizienz haben h\u00e4ufig andere, weitere wichtige Erkrankungen, die diagnostiziert und bei Behandlungsentscheidungen ber\u00fccksichtigt werden m\u00fcssen.\" \/>\n<meta property=\"og:url\" content=\"https:\/\/www.heartfailurematters.org\/de\/zurueck-zu-ursachen-fuer-herzinsuffizienz-und-andere-haeufige-erkrankungen\/\" \/>\n<meta property=\"og:site_name\" content=\"Heart Failure Matters\" \/>\n<meta property=\"article:publisher\" content=\"https:\/\/www.facebook.com\/heartfailurematters\" \/>\n<meta property=\"article:modified_time\" content=\"2023-09-19T14:04:27+00:00\" \/>\n<meta name=\"twitter:card\" content=\"summary_large_image\" \/>\n<meta name=\"twitter:label1\" content=\"Gesch\u00e4tzte Lesezeit\" \/>\n\t<meta name=\"twitter:data1\" content=\"1\u00a0Minute\" \/>\n<script type=\"application\/ld+json\" class=\"yoast-schema-graph\">{\"@context\":\"https:\/\/schema.org\",\"@graph\":[{\"@type\":\"WebPage\",\"@id\":\"https:\/\/www.heartfailurematters.org\/de\/zurueck-zu-ursachen-fuer-herzinsuffizienz-und-andere-haeufige-erkrankungen\/\",\"url\":\"https:\/\/www.heartfailurematters.org\/de\/zurueck-zu-ursachen-fuer-herzinsuffizienz-und-andere-haeufige-erkrankungen\/\",\"name\":\"Herzinsuffizienz-Ursachen und andere h\u00e4ufige Erkrankungen\",\"isPartOf\":{\"@id\":\"https:\/\/www.heartfailurematters.org\/de\/#website\"},\"datePublished\":\"2021-04-12T10:40:48+00:00\",\"dateModified\":\"2023-09-19T14:04:27+00:00\",\"description\":\"Patienten mit Herzinsuffizienz haben h\u00e4ufig andere, weitere wichtige Erkrankungen, die diagnostiziert und bei Behandlungsentscheidungen ber\u00fccksichtigt werden m\u00fcssen.\",\"breadcrumb\":{\"@id\":\"https:\/\/www.heartfailurematters.org\/de\/zurueck-zu-ursachen-fuer-herzinsuffizienz-und-andere-haeufige-erkrankungen\/#breadcrumb\"},\"inLanguage\":\"de\",\"potentialAction\":[{\"@type\":\"ReadAction\",\"target\":[\"https:\/\/www.heartfailurematters.org\/de\/zurueck-zu-ursachen-fuer-herzinsuffizienz-und-andere-haeufige-erkrankungen\/\"]}]},{\"@type\":\"BreadcrumbList\",\"@id\":\"https:\/\/www.heartfailurematters.org\/de\/zurueck-zu-ursachen-fuer-herzinsuffizienz-und-andere-haeufige-erkrankungen\/#breadcrumb\",\"itemListElement\":[{\"@type\":\"ListItem\",\"position\":1,\"name\":\"Startseite\",\"item\":\"https:\/\/www.heartfailurematters.org\/de\/\"},{\"@type\":\"ListItem\",\"position\":2,\"name\":\"Ursachen f\u00fcr Herzinsuffizienz und andere h\u00e4ufige Erkrankungen\"}]},{\"@type\":\"WebSite\",\"@id\":\"https:\/\/www.heartfailurematters.org\/de\/#website\",\"url\":\"https:\/\/www.heartfailurematters.org\/de\/\",\"name\":\"Heart Failure Matters\",\"description\":\"Practical information for patients, families and caregivers.\",\"publisher\":{\"@id\":\"https:\/\/www.heartfailurematters.org\/de\/#organization\"},\"potentialAction\":[{\"@type\":\"SearchAction\",\"target\":{\"@type\":\"EntryPoint\",\"urlTemplate\":\"https:\/\/www.heartfailurematters.org\/de\/?s={search_term_string}\"},\"query-input\":{\"@type\":\"PropertyValueSpecification\",\"valueRequired\":true,\"valueName\":\"search_term_string\"}}],\"inLanguage\":\"de\"},{\"@type\":\"Organization\",\"@id\":\"https:\/\/www.heartfailurematters.org\/de\/#organization\",\"name\":\"Heart Failure Matters\",\"url\":\"https:\/\/www.heartfailurematters.org\/de\/\",\"logo\":{\"@type\":\"ImageObject\",\"inLanguage\":\"de\",\"@id\":\"https:\/\/www.heartfailurematters.org\/de\/#\/schema\/logo\/image\/\",\"url\":\"https:\/\/cdn-endpoint-hfm.azureedge.net\/heartfailurematters\/2024\/07\/hfm-logo1.jpg\",\"contentUrl\":\"https:\/\/cdn-endpoint-hfm.azureedge.net\/heartfailurematters\/2024\/07\/hfm-logo1.jpg\",\"width\":1280,\"height\":720,\"caption\":\"Heart Failure Matters\"},\"image\":{\"@id\":\"https:\/\/www.heartfailurematters.org\/de\/#\/schema\/logo\/image\/\"},\"sameAs\":[\"https:\/\/www.facebook.com\/heartfailurematters\"]}]}<\/script>\n<!-- \/ Yoast SEO plugin. -->","yoast_head_json":{"title":"Herzinsuffizienz-Ursachen und andere h\u00e4ufige Erkrankungen","description":"Patienten mit Herzinsuffizienz haben h\u00e4ufig andere, weitere wichtige Erkrankungen, die diagnostiziert und bei Behandlungsentscheidungen ber\u00fccksichtigt werden m\u00fcssen.","robots":{"index":"index","follow":"follow","max-snippet":"max-snippet:-1","max-image-preview":"max-image-preview:large","max-video-preview":"max-video-preview:-1"},"canonical":"https:\/\/www.heartfailurematters.org\/de\/zurueck-zu-ursachen-fuer-herzinsuffizienz-und-andere-haeufige-erkrankungen\/","og_locale":"de_DE","og_type":"article","og_title":"Herzinsuffizienz-Ursachen und andere h\u00e4ufige Erkrankungen","og_description":"Patienten mit Herzinsuffizienz haben h\u00e4ufig andere, weitere wichtige Erkrankungen, die diagnostiziert und bei Behandlungsentscheidungen ber\u00fccksichtigt werden m\u00fcssen.","og_url":"https:\/\/www.heartfailurematters.org\/de\/zurueck-zu-ursachen-fuer-herzinsuffizienz-und-andere-haeufige-erkrankungen\/","og_site_name":"Heart Failure Matters","article_publisher":"https:\/\/www.facebook.com\/heartfailurematters","article_modified_time":"2023-09-19T14:04:27+00:00","twitter_card":"summary_large_image","twitter_misc":{"Gesch\u00e4tzte Lesezeit":"1\u00a0Minute"},"schema":{"@context":"https:\/\/schema.org","@graph":[{"@type":"WebPage","@id":"https:\/\/www.heartfailurematters.org\/de\/zurueck-zu-ursachen-fuer-herzinsuffizienz-und-andere-haeufige-erkrankungen\/","url":"https:\/\/www.heartfailurematters.org\/de\/zurueck-zu-ursachen-fuer-herzinsuffizienz-und-andere-haeufige-erkrankungen\/","name":"Herzinsuffizienz-Ursachen und andere h\u00e4ufige Erkrankungen","isPartOf":{"@id":"https:\/\/www.heartfailurematters.org\/de\/#website"},"datePublished":"2021-04-12T10:40:48+00:00","dateModified":"2023-09-19T14:04:27+00:00","description":"Patienten mit Herzinsuffizienz haben h\u00e4ufig andere, weitere wichtige Erkrankungen, die diagnostiziert und bei Behandlungsentscheidungen ber\u00fccksichtigt werden m\u00fcssen.","breadcrumb":{"@id":"https:\/\/www.heartfailurematters.org\/de\/zurueck-zu-ursachen-fuer-herzinsuffizienz-und-andere-haeufige-erkrankungen\/#breadcrumb"},"inLanguage":"de","potentialAction":[{"@type":"ReadAction","target":["https:\/\/www.heartfailurematters.org\/de\/zurueck-zu-ursachen-fuer-herzinsuffizienz-und-andere-haeufige-erkrankungen\/"]}]},{"@type":"BreadcrumbList","@id":"https:\/\/www.heartfailurematters.org\/de\/zurueck-zu-ursachen-fuer-herzinsuffizienz-und-andere-haeufige-erkrankungen\/#breadcrumb","itemListElement":[{"@type":"ListItem","position":1,"name":"Startseite","item":"https:\/\/www.heartfailurematters.org\/de\/"},{"@type":"ListItem","position":2,"name":"Ursachen f\u00fcr Herzinsuffizienz und andere h\u00e4ufige Erkrankungen"}]},{"@type":"WebSite","@id":"https:\/\/www.heartfailurematters.org\/de\/#website","url":"https:\/\/www.heartfailurematters.org\/de\/","name":"Heart Failure Matters","description":"Practical information for patients, families and caregivers.","publisher":{"@id":"https:\/\/www.heartfailurematters.org\/de\/#organization"},"potentialAction":[{"@type":"SearchAction","target":{"@type":"EntryPoint","urlTemplate":"https:\/\/www.heartfailurematters.org\/de\/?s={search_term_string}"},"query-input":{"@type":"PropertyValueSpecification","valueRequired":true,"valueName":"search_term_string"}}],"inLanguage":"de"},{"@type":"Organization","@id":"https:\/\/www.heartfailurematters.org\/de\/#organization","name":"Heart Failure Matters","url":"https:\/\/www.heartfailurematters.org\/de\/","logo":{"@type":"ImageObject","inLanguage":"de","@id":"https:\/\/www.heartfailurematters.org\/de\/#\/schema\/logo\/image\/","url":"https:\/\/cdn-endpoint-hfm.azureedge.net\/heartfailurematters\/2024\/07\/hfm-logo1.jpg","contentUrl":"https:\/\/cdn-endpoint-hfm.azureedge.net\/heartfailurematters\/2024\/07\/hfm-logo1.jpg","width":1280,"height":720,"caption":"Heart Failure Matters"},"image":{"@id":"https:\/\/www.heartfailurematters.org\/de\/#\/schema\/logo\/image\/"},"sameAs":["https:\/\/www.facebook.com\/heartfailurematters"]}]}},"_links":{"self":[{"href":"https:\/\/www.heartfailurematters.org\/de\/wp-json\/wp\/v2\/pages\/8049","targetHints":{"allow":["GET"]}}],"collection":[{"href":"https:\/\/www.heartfailurematters.org\/de\/wp-json\/wp\/v2\/pages"}],"about":[{"href":"https:\/\/www.heartfailurematters.org\/de\/wp-json\/wp\/v2\/types\/page"}],"author":[{"embeddable":true,"href":"https:\/\/www.heartfailurematters.org\/de\/wp-json\/wp\/v2\/users\/1"}],"replies":[{"embeddable":true,"href":"https:\/\/www.heartfailurematters.org\/de\/wp-json\/wp\/v2\/comments?post=8049"}],"version-history":[{"count":2,"href":"https:\/\/www.heartfailurematters.org\/de\/wp-json\/wp\/v2\/pages\/8049\/revisions"}],"predecessor-version":[{"id":13219,"href":"https:\/\/www.heartfailurematters.org\/de\/wp-json\/wp\/v2\/pages\/8049\/revisions\/13219"}],"wp:attachment":[{"href":"https:\/\/www.heartfailurematters.org\/de\/wp-json\/wp\/v2\/media?parent=8049"}],"wp:term":[{"taxonomy":"category","embeddable":true,"href":"https:\/\/www.heartfailurematters.org\/de\/wp-json\/wp\/v2\/categories?post=8049"},{"taxonomy":"post_tag","embeddable":true,"href":"https:\/\/www.heartfailurematters.org\/de\/wp-json\/wp\/v2\/tags?post=8049"}],"curies":[{"name":"wp","href":"https:\/\/api.w.org\/{rel}","templated":true}]}}