{"id":1612,"date":"2021-01-27T22:01:14","date_gmt":"2021-01-27T22:01:14","guid":{"rendered":"http:\/\/heartfailurematters.local:8888\/informationen-fuer-die-familie-und-pflegende-angehoerige\/"},"modified":"2025-12-04T11:29:43","modified_gmt":"2025-12-04T11:29:43","slug":"informationen-fuer-die-familie-und-pflegende-angehoerige","status":"publish","type":"page","link":"https:\/\/www.heartfailurematters.org\/de\/fuer-pflegende-angehoerige\/informationen-fuer-die-familie-und-pflegende-angehoerige\/","title":{"rendered":"Informationen f\u00fcr Angeh\u00f6rige und Betreuungspersonen"},"content":{"rendered":"<h2>PARALLEL HEARTS \u2013 HABEN SIE SCHON EINMAL DAR\u00dcBER NACHGEDACHT, WIE ES IST, MIT HERZINSUFFIZIENZ ZU LEBEN?<\/h2>\n<p><iframe src=\"https:\/\/www.youtube.com\/embed\/i6UChrY04pk?rel=0\" width=\"100%\" height=\"300\" frameborder=\"0\" allowfullscreen=\"allowfullscreen\"\/><\/p>\n<p style=\"font-style: italic;\"><em>Verantwortlich f\u00fcr das Video: Pumping Marvellous Foundation<\/em><\/p>\n<p>Um mehr zu erfahren, klicken Sie auf die Links auf der linken Seite.<\/p>\n","protected":false},"excerpt":{"rendered":"<p>PARALLEL HEARTS \u2013 HABEN SIE SCHON EINMAL DAR\u00dcBER NACHGEDACHT, WIE ES IST, MIT HERZINSUFFIZIENZ ZU LEBEN? Verantwortlich f\u00fcr das Video: Pumping Marvellous Foundation Um mehr zu erfahren, klicken Sie auf die Links auf der linken Seite.<\/p>\n","protected":false},"author":1,"featured_media":11144,"parent":2842,"menu_order":1,"comment_status":"open","ping_status":"closed","template":"","meta":{"_acf_changed":false,"footnotes":""},"categories":[83],"tags":[],"class_list":["post-1612","page","type-page","status-publish","has-post-thumbnail","hentry","category-for-caregivers-de"],"acf":[],"yoast_head":"<!-- This site is optimized with the Yoast SEO plugin v24.8.1 - https:\/\/yoast.com\/wordpress\/plugins\/seo\/ -->\n<title>Informationen f\u00fcr Angeh\u00f6rige und Betreuungspersonen<\/title>\n<meta name=\"description\" content=\"Lesen Sie mehr \u00fcber die Betreuung und Herausforderungen, die sich Ihnen bei der Betreuung der Partnerin\/des Partners oder von Angeh\u00f6rigen mit Herzinsuffizienz stellen k\u00f6nnen.\" \/>\n<meta name=\"robots\" content=\"index, follow, max-snippet:-1, max-image-preview:large, max-video-preview:-1\" \/>\n<link rel=\"canonical\" href=\"https:\/\/www.heartfailurematters.org\/de\/fuer-pflegende-angehoerige\/informationen-fuer-die-familie-und-pflegende-angehoerige\/\" \/>\n<meta property=\"og:locale\" content=\"de_DE\" \/>\n<meta property=\"og:type\" content=\"article\" \/>\n<meta property=\"og:title\" content=\"Informationen f\u00fcr Angeh\u00f6rige und Betreuungspersonen\" \/>\n<meta property=\"og:description\" content=\"Lesen Sie mehr \u00fcber die Betreuung und Herausforderungen, die sich Ihnen bei der Betreuung der Partnerin\/des Partners oder von Angeh\u00f6rigen mit Herzinsuffizienz stellen k\u00f6nnen.\" \/>\n<meta property=\"og:url\" content=\"https:\/\/www.heartfailurematters.org\/de\/fuer-pflegende-angehoerige\/informationen-fuer-die-familie-und-pflegende-angehoerige\/\" \/>\n<meta property=\"og:site_name\" content=\"Heart Failure Matters\" \/>\n<meta property=\"article:publisher\" content=\"https:\/\/www.facebook.com\/heartfailurematters\" \/>\n<meta property=\"article:modified_time\" content=\"2025-12-04T11:29:43+00:00\" \/>\n<meta property=\"og:image\" content=\"https:\/\/www.heartfailurematters.org\/wp-content\/uploads\/2022\/03\/shutterstock_326634329-1-min.jpg\" \/>\n\t<meta property=\"og:image:width\" content=\"900\" \/>\n\t<meta property=\"og:image:height\" content=\"600\" \/>\n\t<meta property=\"og:image:type\" content=\"image\/jpeg\" \/>\n<meta name=\"twitter:card\" content=\"summary_large_image\" \/>\n<meta name=\"twitter:label1\" content=\"Gesch\u00e4tzte Lesezeit\" \/>\n\t<meta name=\"twitter:data1\" content=\"1\u00a0Minute\" \/>\n<script type=\"application\/ld+json\" class=\"yoast-schema-graph\">{\"@context\":\"https:\/\/schema.org\",\"@graph\":[{\"@type\":\"WebPage\",\"@id\":\"https:\/\/www.heartfailurematters.org\/de\/fuer-pflegende-angehoerige\/informationen-fuer-die-familie-und-pflegende-angehoerige\/\",\"url\":\"https:\/\/www.heartfailurematters.org\/de\/fuer-pflegende-angehoerige\/informationen-fuer-die-familie-und-pflegende-angehoerige\/\",\"name\":\"Informationen f\u00fcr Angeh\u00f6rige und Betreuungspersonen\",\"isPartOf\":{\"@id\":\"https:\/\/www.heartfailurematters.org\/de\/#website\"},\"primaryImageOfPage\":{\"@id\":\"https:\/\/www.heartfailurematters.org\/de\/fuer-pflegende-angehoerige\/informationen-fuer-die-familie-und-pflegende-angehoerige\/#primaryimage\"},\"image\":{\"@id\":\"https:\/\/www.heartfailurematters.org\/de\/fuer-pflegende-angehoerige\/informationen-fuer-die-familie-und-pflegende-angehoerige\/#primaryimage\"},\"thumbnailUrl\":\"https:\/\/www.heartfailurematters.org\/wp-content\/uploads\/2022\/03\/shutterstock_326634329-1-min.jpg\",\"datePublished\":\"2021-01-27T22:01:14+00:00\",\"dateModified\":\"2025-12-04T11:29:43+00:00\",\"description\":\"Lesen Sie mehr \u00fcber die Betreuung und Herausforderungen, die sich Ihnen bei der Betreuung der Partnerin\/des Partners oder von Angeh\u00f6rigen mit Herzinsuffizienz stellen k\u00f6nnen.\",\"breadcrumb\":{\"@id\":\"https:\/\/www.heartfailurematters.org\/de\/fuer-pflegende-angehoerige\/informationen-fuer-die-familie-und-pflegende-angehoerige\/#breadcrumb\"},\"inLanguage\":\"de\",\"potentialAction\":[{\"@type\":\"ReadAction\",\"target\":[\"https:\/\/www.heartfailurematters.org\/de\/fuer-pflegende-angehoerige\/informationen-fuer-die-familie-und-pflegende-angehoerige\/\"]}]},{\"@type\":\"ImageObject\",\"inLanguage\":\"de\",\"@id\":\"https:\/\/www.heartfailurematters.org\/de\/fuer-pflegende-angehoerige\/informationen-fuer-die-familie-und-pflegende-angehoerige\/#primaryimage\",\"url\":\"https:\/\/www.heartfailurematters.org\/wp-content\/uploads\/2022\/03\/shutterstock_326634329-1-min.jpg\",\"contentUrl\":\"https:\/\/www.heartfailurematters.org\/wp-content\/uploads\/2022\/03\/shutterstock_326634329-1-min.jpg\",\"width\":900,\"height\":600},{\"@type\":\"BreadcrumbList\",\"@id\":\"https:\/\/www.heartfailurematters.org\/de\/fuer-pflegende-angehoerige\/informationen-fuer-die-familie-und-pflegende-angehoerige\/#breadcrumb\",\"itemListElement\":[{\"@type\":\"ListItem\",\"position\":1,\"name\":\"Startseite\",\"item\":\"https:\/\/www.heartfailurematters.org\/de\/\"},{\"@type\":\"ListItem\",\"position\":2,\"name\":\"F\u00fcr Betreuer\",\"item\":\"https:\/\/www.heartfailurematters.org\/de\/fuer-pflegende-angehoerige\/\"},{\"@type\":\"ListItem\",\"position\":3,\"name\":\"Informationen f\u00fcr Angeh\u00f6rige und Betreuungspersonen\"}]},{\"@type\":\"WebSite\",\"@id\":\"https:\/\/www.heartfailurematters.org\/de\/#website\",\"url\":\"https:\/\/www.heartfailurematters.org\/de\/\",\"name\":\"Heart Failure Matters\",\"description\":\"Practical information for patients, families and caregivers.\",\"publisher\":{\"@id\":\"https:\/\/www.heartfailurematters.org\/de\/#organization\"},\"potentialAction\":[{\"@type\":\"SearchAction\",\"target\":{\"@type\":\"EntryPoint\",\"urlTemplate\":\"https:\/\/www.heartfailurematters.org\/de\/?s={search_term_string}\"},\"query-input\":{\"@type\":\"PropertyValueSpecification\",\"valueRequired\":true,\"valueName\":\"search_term_string\"}}],\"inLanguage\":\"de\"},{\"@type\":\"Organization\",\"@id\":\"https:\/\/www.heartfailurematters.org\/de\/#organization\",\"name\":\"Heart Failure Matters\",\"url\":\"https:\/\/www.heartfailurematters.org\/de\/\",\"logo\":{\"@type\":\"ImageObject\",\"inLanguage\":\"de\",\"@id\":\"https:\/\/www.heartfailurematters.org\/de\/#\/schema\/logo\/image\/\",\"url\":\"https:\/\/cdn-endpoint-hfm.azureedge.net\/heartfailurematters\/2024\/07\/hfm-logo1.jpg\",\"contentUrl\":\"https:\/\/cdn-endpoint-hfm.azureedge.net\/heartfailurematters\/2024\/07\/hfm-logo1.jpg\",\"width\":1280,\"height\":720,\"caption\":\"Heart Failure Matters\"},\"image\":{\"@id\":\"https:\/\/www.heartfailurematters.org\/de\/#\/schema\/logo\/image\/\"},\"sameAs\":[\"https:\/\/www.facebook.com\/heartfailurematters\"]}]}<\/script>\n<!-- \/ Yoast SEO plugin. -->","yoast_head_json":{"title":"Informationen f\u00fcr Angeh\u00f6rige und Betreuungspersonen","description":"Lesen Sie mehr \u00fcber die Betreuung und Herausforderungen, die sich Ihnen bei der Betreuung der Partnerin\/des Partners oder von Angeh\u00f6rigen mit Herzinsuffizienz stellen k\u00f6nnen.","robots":{"index":"index","follow":"follow","max-snippet":"max-snippet:-1","max-image-preview":"max-image-preview:large","max-video-preview":"max-video-preview:-1"},"canonical":"https:\/\/www.heartfailurematters.org\/de\/fuer-pflegende-angehoerige\/informationen-fuer-die-familie-und-pflegende-angehoerige\/","og_locale":"de_DE","og_type":"article","og_title":"Informationen f\u00fcr Angeh\u00f6rige und Betreuungspersonen","og_description":"Lesen Sie mehr \u00fcber die Betreuung und Herausforderungen, die sich Ihnen bei der Betreuung der Partnerin\/des Partners oder von Angeh\u00f6rigen mit Herzinsuffizienz stellen k\u00f6nnen.","og_url":"https:\/\/www.heartfailurematters.org\/de\/fuer-pflegende-angehoerige\/informationen-fuer-die-familie-und-pflegende-angehoerige\/","og_site_name":"Heart Failure Matters","article_publisher":"https:\/\/www.facebook.com\/heartfailurematters","article_modified_time":"2025-12-04T11:29:43+00:00","og_image":[{"width":900,"height":600,"url":"https:\/\/www.heartfailurematters.org\/wp-content\/uploads\/2022\/03\/shutterstock_326634329-1-min.jpg","type":"image\/jpeg"}],"twitter_card":"summary_large_image","twitter_misc":{"Gesch\u00e4tzte Lesezeit":"1\u00a0Minute"},"schema":{"@context":"https:\/\/schema.org","@graph":[{"@type":"WebPage","@id":"https:\/\/www.heartfailurematters.org\/de\/fuer-pflegende-angehoerige\/informationen-fuer-die-familie-und-pflegende-angehoerige\/","url":"https:\/\/www.heartfailurematters.org\/de\/fuer-pflegende-angehoerige\/informationen-fuer-die-familie-und-pflegende-angehoerige\/","name":"Informationen f\u00fcr Angeh\u00f6rige und Betreuungspersonen","isPartOf":{"@id":"https:\/\/www.heartfailurematters.org\/de\/#website"},"primaryImageOfPage":{"@id":"https:\/\/www.heartfailurematters.org\/de\/fuer-pflegende-angehoerige\/informationen-fuer-die-familie-und-pflegende-angehoerige\/#primaryimage"},"image":{"@id":"https:\/\/www.heartfailurematters.org\/de\/fuer-pflegende-angehoerige\/informationen-fuer-die-familie-und-pflegende-angehoerige\/#primaryimage"},"thumbnailUrl":"https:\/\/www.heartfailurematters.org\/wp-content\/uploads\/2022\/03\/shutterstock_326634329-1-min.jpg","datePublished":"2021-01-27T22:01:14+00:00","dateModified":"2025-12-04T11:29:43+00:00","description":"Lesen Sie mehr \u00fcber die Betreuung und Herausforderungen, die sich Ihnen bei der Betreuung der Partnerin\/des Partners oder von Angeh\u00f6rigen mit Herzinsuffizienz stellen k\u00f6nnen.","breadcrumb":{"@id":"https:\/\/www.heartfailurematters.org\/de\/fuer-pflegende-angehoerige\/informationen-fuer-die-familie-und-pflegende-angehoerige\/#breadcrumb"},"inLanguage":"de","potentialAction":[{"@type":"ReadAction","target":["https:\/\/www.heartfailurematters.org\/de\/fuer-pflegende-angehoerige\/informationen-fuer-die-familie-und-pflegende-angehoerige\/"]}]},{"@type":"ImageObject","inLanguage":"de","@id":"https:\/\/www.heartfailurematters.org\/de\/fuer-pflegende-angehoerige\/informationen-fuer-die-familie-und-pflegende-angehoerige\/#primaryimage","url":"https:\/\/www.heartfailurematters.org\/wp-content\/uploads\/2022\/03\/shutterstock_326634329-1-min.jpg","contentUrl":"https:\/\/www.heartfailurematters.org\/wp-content\/uploads\/2022\/03\/shutterstock_326634329-1-min.jpg","width":900,"height":600},{"@type":"BreadcrumbList","@id":"https:\/\/www.heartfailurematters.org\/de\/fuer-pflegende-angehoerige\/informationen-fuer-die-familie-und-pflegende-angehoerige\/#breadcrumb","itemListElement":[{"@type":"ListItem","position":1,"name":"Startseite","item":"https:\/\/www.heartfailurematters.org\/de\/"},{"@type":"ListItem","position":2,"name":"F\u00fcr Betreuer","item":"https:\/\/www.heartfailurematters.org\/de\/fuer-pflegende-angehoerige\/"},{"@type":"ListItem","position":3,"name":"Informationen f\u00fcr Angeh\u00f6rige und Betreuungspersonen"}]},{"@type":"WebSite","@id":"https:\/\/www.heartfailurematters.org\/de\/#website","url":"https:\/\/www.heartfailurematters.org\/de\/","name":"Heart Failure Matters","description":"Practical information for patients, families and caregivers.","publisher":{"@id":"https:\/\/www.heartfailurematters.org\/de\/#organization"},"potentialAction":[{"@type":"SearchAction","target":{"@type":"EntryPoint","urlTemplate":"https:\/\/www.heartfailurematters.org\/de\/?s={search_term_string}"},"query-input":{"@type":"PropertyValueSpecification","valueRequired":true,"valueName":"search_term_string"}}],"inLanguage":"de"},{"@type":"Organization","@id":"https:\/\/www.heartfailurematters.org\/de\/#organization","name":"Heart Failure Matters","url":"https:\/\/www.heartfailurematters.org\/de\/","logo":{"@type":"ImageObject","inLanguage":"de","@id":"https:\/\/www.heartfailurematters.org\/de\/#\/schema\/logo\/image\/","url":"https:\/\/cdn-endpoint-hfm.azureedge.net\/heartfailurematters\/2024\/07\/hfm-logo1.jpg","contentUrl":"https:\/\/cdn-endpoint-hfm.azureedge.net\/heartfailurematters\/2024\/07\/hfm-logo1.jpg","width":1280,"height":720,"caption":"Heart Failure Matters"},"image":{"@id":"https:\/\/www.heartfailurematters.org\/de\/#\/schema\/logo\/image\/"},"sameAs":["https:\/\/www.facebook.com\/heartfailurematters"]}]}},"_links":{"self":[{"href":"https:\/\/www.heartfailurematters.org\/de\/wp-json\/wp\/v2\/pages\/1612","targetHints":{"allow":["GET"]}}],"collection":[{"href":"https:\/\/www.heartfailurematters.org\/de\/wp-json\/wp\/v2\/pages"}],"about":[{"href":"https:\/\/www.heartfailurematters.org\/de\/wp-json\/wp\/v2\/types\/page"}],"author":[{"embeddable":true,"href":"https:\/\/www.heartfailurematters.org\/de\/wp-json\/wp\/v2\/users\/1"}],"replies":[{"embeddable":true,"href":"https:\/\/www.heartfailurematters.org\/de\/wp-json\/wp\/v2\/comments?post=1612"}],"version-history":[{"count":2,"href":"https:\/\/www.heartfailurematters.org\/de\/wp-json\/wp\/v2\/pages\/1612\/revisions"}],"predecessor-version":[{"id":13650,"href":"https:\/\/www.heartfailurematters.org\/de\/wp-json\/wp\/v2\/pages\/1612\/revisions\/13650"}],"up":[{"embeddable":true,"href":"https:\/\/www.heartfailurematters.org\/de\/wp-json\/wp\/v2\/pages\/2842"}],"wp:featuredmedia":[{"embeddable":true,"href":"https:\/\/www.heartfailurematters.org\/de\/wp-json\/wp\/v2\/media\/11144"}],"wp:attachment":[{"href":"https:\/\/www.heartfailurematters.org\/de\/wp-json\/wp\/v2\/media?parent=1612"}],"wp:term":[{"taxonomy":"category","embeddable":true,"href":"https:\/\/www.heartfailurematters.org\/de\/wp-json\/wp\/v2\/categories?post=1612"},{"taxonomy":"post_tag","embeddable":true,"href":"https:\/\/www.heartfailurematters.org\/de\/wp-json\/wp\/v2\/tags?post=1612"}],"curies":[{"name":"wp","href":"https:\/\/api.w.org\/{rel}","templated":true}]}}