{"id":1611,"date":"2021-01-27T22:01:14","date_gmt":"2021-01-27T22:01:14","guid":{"rendered":"http:\/\/heartfailurematters.local:8888\/medikamente-zur-behandlung-einer-akuten-herzinsuffizienz\/"},"modified":"2021-01-27T22:01:14","modified_gmt":"2021-01-27T22:01:14","slug":"medikamente-zur-behandlung-einer-akuten-herzinsuffizienz","status":"publish","type":"page","link":"https:\/\/www.heartfailurematters.org\/de\/das-koennen-ihr-arzt-oder-pflegepersonal-tun\/medikamente-zur-behandlung-einer-akuten-herzinsuffizienz\/","title":{"rendered":"Medikamente zur Behandlung einer akuten Herzinsuffizienz"},"content":{"rendered":"<h2>Wie diese wirken<\/h2>\n<p>Es gibt eine Reihe von Medikamenten, die kurzfristig die Herzleistung verbessern, indem sie das Herz kr&auml;ftiger schlagen lassen oder die Blutgef&auml;&szlig;en erweitern (dilatieren) und so die Belastung f&uuml;r das Herz reduzieren. Solche Medikamente werden bei einer akuten Herzinsuffizienz angewendet.<\/p>\n<p>Eine akute Herzinsuffizienz ist durch einen schnellen Ausbruch von Symptomen, wie z.&nbsp;B. Kurzatmigkeit, gekennzeichnet, die dringende Aufmerksamkeit erfordern.<\/p>\n<p>Die Behandlung sollte im Krankenhaus durchgef&uuml;hrt werden und detaillierte Informationen &uuml;ber eine solche Behandlung w&uuml;rden den Rahmen dieser Website sprengen. Es ist jedoch wichtig, dass Patienten mit <a class=\"addtooltip\" title=\"chronischer Herzinsuffizienz: Langfristige Herzinsuffizienz, die sich im Laufe der Zeit langsam entwickelt, sich allm&auml;hlich verschlimmern kann und eine Langzeittherapie erfordert.\"><strong>chronische Herzinsuffizienz<\/strong><\/a> bei schnellem Fortschreiten der Symptome sofort einen Arzt aufsuchen, um so schnell wie m&ouml;glich eine geeignete Therapie einzuleiten.<\/p>\n<p>Diese Medikamente werden gew&ouml;hnlich auf einer Intensivstation als Dauerinfusion verabreicht und die Patienten stehen unter engmaschiger &Uuml;berwachung.<\/p>\n<h2>Verschiedene Medikamententypen<\/h2>\n<ul>\n<li><strong>Dobutamin<\/strong><br \/>(Dobutrex&reg;, Posiject&reg;)<\/li>\n<li><strong>Dopamin<\/strong><br \/>(Intropin&reg;, Select -A-Jet&reg;)<\/li>\n<li><strong>Dopexamin <\/strong><br \/>(Dopacard&reg;)<\/li>\n<li><strong>Glyceryltrinitrat \/ Nitroglycerin <br \/><\/strong>(Nitrocine&reg;, Nitronal&reg;)<\/li>\n<li><strong>Levosimendan <br \/><\/strong>(Simdax&reg;)<\/li>\n<li><strong>Nesiritid <\/strong><br \/>(Natrecor&reg;)<\/li>\n<li><strong>Natriumnitroprussid <br \/><\/strong>(Nipride&reg;, Nitropress&reg;)<\/li>\n<\/ul>\n<p><a href=\"https:\/\/www.heartfailurematters.org\/de\/das-koennen-ihr-arzt-oder-pflegepersonal-tun\/medikamente-gegen-herzinsuffizienz\/\">Zur&uuml;ck zu &bdquo;Medikamente gegen Herzinsuffizienz&ldquo;<\/a><\/p>\n","protected":false},"excerpt":{"rendered":"<p>Wie diese wirken Es gibt eine Reihe von Medikamenten, die kurzfristig die Herzleistung verbessern, indem sie das Herz kr&auml;ftiger schlagen lassen oder die Blutgef&auml;&szlig;en erweitern (dilatieren) und so die Belastung f&uuml;r das Herz reduzieren. Solche Medikamente werden bei einer akuten Herzinsuffizienz angewendet. Eine akute Herzinsuffizienz ist durch einen schnellen Ausbruch von Symptomen, wie z.&nbsp;B. Kurzatmigkeit, [&hellip;]<\/p>\n","protected":false},"author":1,"featured_media":10869,"parent":2680,"menu_order":0,"comment_status":"open","ping_status":"open","template":"","meta":{"_acf_changed":false,"footnotes":""},"categories":[],"tags":[],"class_list":["post-1611","page","type-page","status-publish","has-post-thumbnail","hentry"],"acf":[],"yoast_head":"<!-- This site is optimized with the Yoast SEO plugin v24.8.1 - https:\/\/yoast.com\/wordpress\/plugins\/seo\/ -->\n<title>Medikamente zur Behandlung einer akuten Herzinsuffizienz<\/title>\n<meta name=\"description\" content=\"Diese Medikamente verbessern die kurzfristige Leistungsf\u00e4higkeit des Herzes. Sie tun dies, indem sie das Herz zum st\u00e4rkeren Pumpen anregen oder indem sie die Blutgef\u00e4\u00dfe erweitern (\u00f6ffnen) und die Arbeitsbelastung reduzieren.\" \/>\n<meta name=\"robots\" content=\"index, follow, max-snippet:-1, max-image-preview:large, max-video-preview:-1\" \/>\n<link rel=\"canonical\" href=\"https:\/\/www.heartfailurematters.org\/de\/das-koennen-ihr-arzt-oder-pflegepersonal-tun\/medikamente-zur-behandlung-einer-akuten-herzinsuffizienz\/\" \/>\n<meta property=\"og:locale\" content=\"de_DE\" \/>\n<meta property=\"og:type\" content=\"article\" \/>\n<meta property=\"og:title\" content=\"Medikamente zur Behandlung einer akuten Herzinsuffizienz\" \/>\n<meta property=\"og:description\" content=\"Diese Medikamente verbessern die kurzfristige Leistungsf\u00e4higkeit des Herzes. Sie tun dies, indem sie das Herz zum st\u00e4rkeren Pumpen anregen oder indem sie die Blutgef\u00e4\u00dfe erweitern (\u00f6ffnen) und die Arbeitsbelastung reduzieren.\" \/>\n<meta property=\"og:url\" content=\"https:\/\/www.heartfailurematters.org\/de\/das-koennen-ihr-arzt-oder-pflegepersonal-tun\/medikamente-zur-behandlung-einer-akuten-herzinsuffizienz\/\" \/>\n<meta property=\"og:site_name\" content=\"Heart Failure Matters\" \/>\n<meta property=\"article:publisher\" content=\"https:\/\/www.facebook.com\/heartfailurematters\" \/>\n<meta property=\"og:image\" content=\"https:\/\/www.heartfailurematters.org\/wp-content\/uploads\/2022\/03\/shutterstock_441673426-1-min.jpg\" \/>\n\t<meta property=\"og:image:width\" content=\"900\" \/>\n\t<meta property=\"og:image:height\" content=\"596\" \/>\n\t<meta property=\"og:image:type\" content=\"image\/jpeg\" \/>\n<meta name=\"twitter:card\" content=\"summary_large_image\" \/>\n<meta name=\"twitter:label1\" content=\"Gesch\u00e4tzte Lesezeit\" \/>\n\t<meta name=\"twitter:data1\" content=\"1\u00a0Minute\" \/>\n<script type=\"application\/ld+json\" class=\"yoast-schema-graph\">{\"@context\":\"https:\/\/schema.org\",\"@graph\":[{\"@type\":\"WebPage\",\"@id\":\"https:\/\/www.heartfailurematters.org\/de\/das-koennen-ihr-arzt-oder-pflegepersonal-tun\/medikamente-zur-behandlung-einer-akuten-herzinsuffizienz\/\",\"url\":\"https:\/\/www.heartfailurematters.org\/de\/das-koennen-ihr-arzt-oder-pflegepersonal-tun\/medikamente-zur-behandlung-einer-akuten-herzinsuffizienz\/\",\"name\":\"Medikamente zur Behandlung einer akuten Herzinsuffizienz\",\"isPartOf\":{\"@id\":\"https:\/\/www.heartfailurematters.org\/de\/#website\"},\"primaryImageOfPage\":{\"@id\":\"https:\/\/www.heartfailurematters.org\/de\/das-koennen-ihr-arzt-oder-pflegepersonal-tun\/medikamente-zur-behandlung-einer-akuten-herzinsuffizienz\/#primaryimage\"},\"image\":{\"@id\":\"https:\/\/www.heartfailurematters.org\/de\/das-koennen-ihr-arzt-oder-pflegepersonal-tun\/medikamente-zur-behandlung-einer-akuten-herzinsuffizienz\/#primaryimage\"},\"thumbnailUrl\":\"https:\/\/www.heartfailurematters.org\/wp-content\/uploads\/2022\/03\/shutterstock_441673426-1-min.jpg\",\"datePublished\":\"2021-01-27T22:01:14+00:00\",\"description\":\"Diese Medikamente verbessern die kurzfristige Leistungsf\u00e4higkeit des Herzes. Sie tun dies, indem sie das Herz zum st\u00e4rkeren Pumpen anregen oder indem sie die Blutgef\u00e4\u00dfe erweitern (\u00f6ffnen) und die Arbeitsbelastung reduzieren.\",\"breadcrumb\":{\"@id\":\"https:\/\/www.heartfailurematters.org\/de\/das-koennen-ihr-arzt-oder-pflegepersonal-tun\/medikamente-zur-behandlung-einer-akuten-herzinsuffizienz\/#breadcrumb\"},\"inLanguage\":\"de\",\"potentialAction\":[{\"@type\":\"ReadAction\",\"target\":[\"https:\/\/www.heartfailurematters.org\/de\/das-koennen-ihr-arzt-oder-pflegepersonal-tun\/medikamente-zur-behandlung-einer-akuten-herzinsuffizienz\/\"]}]},{\"@type\":\"ImageObject\",\"inLanguage\":\"de\",\"@id\":\"https:\/\/www.heartfailurematters.org\/de\/das-koennen-ihr-arzt-oder-pflegepersonal-tun\/medikamente-zur-behandlung-einer-akuten-herzinsuffizienz\/#primaryimage\",\"url\":\"https:\/\/www.heartfailurematters.org\/wp-content\/uploads\/2022\/03\/shutterstock_441673426-1-min.jpg\",\"contentUrl\":\"https:\/\/www.heartfailurematters.org\/wp-content\/uploads\/2022\/03\/shutterstock_441673426-1-min.jpg\",\"width\":900,\"height\":596},{\"@type\":\"BreadcrumbList\",\"@id\":\"https:\/\/www.heartfailurematters.org\/de\/das-koennen-ihr-arzt-oder-pflegepersonal-tun\/medikamente-zur-behandlung-einer-akuten-herzinsuffizienz\/#breadcrumb\",\"itemListElement\":[{\"@type\":\"ListItem\",\"position\":1,\"name\":\"Startseite\",\"item\":\"https:\/\/www.heartfailurematters.org\/de\/\"},{\"@type\":\"ListItem\",\"position\":2,\"name\":\"Das kann Ihr Arzt tun\",\"item\":\"https:\/\/www.heartfailurematters.org\/de\/das-koennen-ihr-arzt-oder-pflegepersonal-tun\/\"},{\"@type\":\"ListItem\",\"position\":3,\"name\":\"Medikamente zur Behandlung einer akuten Herzinsuffizienz\"}]},{\"@type\":\"WebSite\",\"@id\":\"https:\/\/www.heartfailurematters.org\/de\/#website\",\"url\":\"https:\/\/www.heartfailurematters.org\/de\/\",\"name\":\"Heart Failure Matters\",\"description\":\"Practical information for patients, families and caregivers.\",\"publisher\":{\"@id\":\"https:\/\/www.heartfailurematters.org\/de\/#organization\"},\"potentialAction\":[{\"@type\":\"SearchAction\",\"target\":{\"@type\":\"EntryPoint\",\"urlTemplate\":\"https:\/\/www.heartfailurematters.org\/de\/?s={search_term_string}\"},\"query-input\":{\"@type\":\"PropertyValueSpecification\",\"valueRequired\":true,\"valueName\":\"search_term_string\"}}],\"inLanguage\":\"de\"},{\"@type\":\"Organization\",\"@id\":\"https:\/\/www.heartfailurematters.org\/de\/#organization\",\"name\":\"Heart Failure Matters\",\"url\":\"https:\/\/www.heartfailurematters.org\/de\/\",\"logo\":{\"@type\":\"ImageObject\",\"inLanguage\":\"de\",\"@id\":\"https:\/\/www.heartfailurematters.org\/de\/#\/schema\/logo\/image\/\",\"url\":\"https:\/\/cdn-endpoint-hfm.azureedge.net\/heartfailurematters\/2024\/07\/hfm-logo1.jpg\",\"contentUrl\":\"https:\/\/cdn-endpoint-hfm.azureedge.net\/heartfailurematters\/2024\/07\/hfm-logo1.jpg\",\"width\":1280,\"height\":720,\"caption\":\"Heart Failure Matters\"},\"image\":{\"@id\":\"https:\/\/www.heartfailurematters.org\/de\/#\/schema\/logo\/image\/\"},\"sameAs\":[\"https:\/\/www.facebook.com\/heartfailurematters\"]}]}<\/script>\n<!-- \/ Yoast SEO plugin. -->","yoast_head_json":{"title":"Medikamente zur Behandlung einer akuten Herzinsuffizienz","description":"Diese Medikamente verbessern die kurzfristige Leistungsf\u00e4higkeit des Herzes. Sie tun dies, indem sie das Herz zum st\u00e4rkeren Pumpen anregen oder indem sie die Blutgef\u00e4\u00dfe erweitern (\u00f6ffnen) und die Arbeitsbelastung reduzieren.","robots":{"index":"index","follow":"follow","max-snippet":"max-snippet:-1","max-image-preview":"max-image-preview:large","max-video-preview":"max-video-preview:-1"},"canonical":"https:\/\/www.heartfailurematters.org\/de\/das-koennen-ihr-arzt-oder-pflegepersonal-tun\/medikamente-zur-behandlung-einer-akuten-herzinsuffizienz\/","og_locale":"de_DE","og_type":"article","og_title":"Medikamente zur Behandlung einer akuten Herzinsuffizienz","og_description":"Diese Medikamente verbessern die kurzfristige Leistungsf\u00e4higkeit des Herzes. Sie tun dies, indem sie das Herz zum st\u00e4rkeren Pumpen anregen oder indem sie die Blutgef\u00e4\u00dfe erweitern (\u00f6ffnen) und die Arbeitsbelastung reduzieren.","og_url":"https:\/\/www.heartfailurematters.org\/de\/das-koennen-ihr-arzt-oder-pflegepersonal-tun\/medikamente-zur-behandlung-einer-akuten-herzinsuffizienz\/","og_site_name":"Heart Failure Matters","article_publisher":"https:\/\/www.facebook.com\/heartfailurematters","og_image":[{"width":900,"height":596,"url":"https:\/\/www.heartfailurematters.org\/wp-content\/uploads\/2022\/03\/shutterstock_441673426-1-min.jpg","type":"image\/jpeg"}],"twitter_card":"summary_large_image","twitter_misc":{"Gesch\u00e4tzte Lesezeit":"1\u00a0Minute"},"schema":{"@context":"https:\/\/schema.org","@graph":[{"@type":"WebPage","@id":"https:\/\/www.heartfailurematters.org\/de\/das-koennen-ihr-arzt-oder-pflegepersonal-tun\/medikamente-zur-behandlung-einer-akuten-herzinsuffizienz\/","url":"https:\/\/www.heartfailurematters.org\/de\/das-koennen-ihr-arzt-oder-pflegepersonal-tun\/medikamente-zur-behandlung-einer-akuten-herzinsuffizienz\/","name":"Medikamente zur Behandlung einer akuten Herzinsuffizienz","isPartOf":{"@id":"https:\/\/www.heartfailurematters.org\/de\/#website"},"primaryImageOfPage":{"@id":"https:\/\/www.heartfailurematters.org\/de\/das-koennen-ihr-arzt-oder-pflegepersonal-tun\/medikamente-zur-behandlung-einer-akuten-herzinsuffizienz\/#primaryimage"},"image":{"@id":"https:\/\/www.heartfailurematters.org\/de\/das-koennen-ihr-arzt-oder-pflegepersonal-tun\/medikamente-zur-behandlung-einer-akuten-herzinsuffizienz\/#primaryimage"},"thumbnailUrl":"https:\/\/www.heartfailurematters.org\/wp-content\/uploads\/2022\/03\/shutterstock_441673426-1-min.jpg","datePublished":"2021-01-27T22:01:14+00:00","description":"Diese Medikamente verbessern die kurzfristige Leistungsf\u00e4higkeit des Herzes. Sie tun dies, indem sie das Herz zum st\u00e4rkeren Pumpen anregen oder indem sie die Blutgef\u00e4\u00dfe erweitern (\u00f6ffnen) und die Arbeitsbelastung reduzieren.","breadcrumb":{"@id":"https:\/\/www.heartfailurematters.org\/de\/das-koennen-ihr-arzt-oder-pflegepersonal-tun\/medikamente-zur-behandlung-einer-akuten-herzinsuffizienz\/#breadcrumb"},"inLanguage":"de","potentialAction":[{"@type":"ReadAction","target":["https:\/\/www.heartfailurematters.org\/de\/das-koennen-ihr-arzt-oder-pflegepersonal-tun\/medikamente-zur-behandlung-einer-akuten-herzinsuffizienz\/"]}]},{"@type":"ImageObject","inLanguage":"de","@id":"https:\/\/www.heartfailurematters.org\/de\/das-koennen-ihr-arzt-oder-pflegepersonal-tun\/medikamente-zur-behandlung-einer-akuten-herzinsuffizienz\/#primaryimage","url":"https:\/\/www.heartfailurematters.org\/wp-content\/uploads\/2022\/03\/shutterstock_441673426-1-min.jpg","contentUrl":"https:\/\/www.heartfailurematters.org\/wp-content\/uploads\/2022\/03\/shutterstock_441673426-1-min.jpg","width":900,"height":596},{"@type":"BreadcrumbList","@id":"https:\/\/www.heartfailurematters.org\/de\/das-koennen-ihr-arzt-oder-pflegepersonal-tun\/medikamente-zur-behandlung-einer-akuten-herzinsuffizienz\/#breadcrumb","itemListElement":[{"@type":"ListItem","position":1,"name":"Startseite","item":"https:\/\/www.heartfailurematters.org\/de\/"},{"@type":"ListItem","position":2,"name":"Das kann Ihr Arzt tun","item":"https:\/\/www.heartfailurematters.org\/de\/das-koennen-ihr-arzt-oder-pflegepersonal-tun\/"},{"@type":"ListItem","position":3,"name":"Medikamente zur Behandlung einer akuten Herzinsuffizienz"}]},{"@type":"WebSite","@id":"https:\/\/www.heartfailurematters.org\/de\/#website","url":"https:\/\/www.heartfailurematters.org\/de\/","name":"Heart Failure Matters","description":"Practical information for patients, families and caregivers.","publisher":{"@id":"https:\/\/www.heartfailurematters.org\/de\/#organization"},"potentialAction":[{"@type":"SearchAction","target":{"@type":"EntryPoint","urlTemplate":"https:\/\/www.heartfailurematters.org\/de\/?s={search_term_string}"},"query-input":{"@type":"PropertyValueSpecification","valueRequired":true,"valueName":"search_term_string"}}],"inLanguage":"de"},{"@type":"Organization","@id":"https:\/\/www.heartfailurematters.org\/de\/#organization","name":"Heart Failure Matters","url":"https:\/\/www.heartfailurematters.org\/de\/","logo":{"@type":"ImageObject","inLanguage":"de","@id":"https:\/\/www.heartfailurematters.org\/de\/#\/schema\/logo\/image\/","url":"https:\/\/cdn-endpoint-hfm.azureedge.net\/heartfailurematters\/2024\/07\/hfm-logo1.jpg","contentUrl":"https:\/\/cdn-endpoint-hfm.azureedge.net\/heartfailurematters\/2024\/07\/hfm-logo1.jpg","width":1280,"height":720,"caption":"Heart Failure Matters"},"image":{"@id":"https:\/\/www.heartfailurematters.org\/de\/#\/schema\/logo\/image\/"},"sameAs":["https:\/\/www.facebook.com\/heartfailurematters"]}]}},"_links":{"self":[{"href":"https:\/\/www.heartfailurematters.org\/de\/wp-json\/wp\/v2\/pages\/1611","targetHints":{"allow":["GET"]}}],"collection":[{"href":"https:\/\/www.heartfailurematters.org\/de\/wp-json\/wp\/v2\/pages"}],"about":[{"href":"https:\/\/www.heartfailurematters.org\/de\/wp-json\/wp\/v2\/types\/page"}],"author":[{"embeddable":true,"href":"https:\/\/www.heartfailurematters.org\/de\/wp-json\/wp\/v2\/users\/1"}],"replies":[{"embeddable":true,"href":"https:\/\/www.heartfailurematters.org\/de\/wp-json\/wp\/v2\/comments?post=1611"}],"version-history":[{"count":0,"href":"https:\/\/www.heartfailurematters.org\/de\/wp-json\/wp\/v2\/pages\/1611\/revisions"}],"up":[{"embeddable":true,"href":"https:\/\/www.heartfailurematters.org\/de\/wp-json\/wp\/v2\/pages\/2680"}],"wp:featuredmedia":[{"embeddable":true,"href":"https:\/\/www.heartfailurematters.org\/de\/wp-json\/wp\/v2\/media\/10869"}],"wp:attachment":[{"href":"https:\/\/www.heartfailurematters.org\/de\/wp-json\/wp\/v2\/media?parent=1611"}],"wp:term":[{"taxonomy":"category","embeddable":true,"href":"https:\/\/www.heartfailurematters.org\/de\/wp-json\/wp\/v2\/categories?post=1611"},{"taxonomy":"post_tag","embeddable":true,"href":"https:\/\/www.heartfailurematters.org\/de\/wp-json\/wp\/v2\/tags?post=1611"}],"curies":[{"name":"wp","href":"https:\/\/api.w.org\/{rel}","templated":true}]}}