{"id":1608,"date":"2021-01-27T22:01:14","date_gmt":"2021-01-27T22:01:14","guid":{"rendered":"http:\/\/heartfailurematters.local:8888\/kernspintomographie-mrt-des-herzens\/"},"modified":"2021-07-19T10:32:59","modified_gmt":"2021-07-19T09:32:59","slug":"kernspintomographie-mrt-des-herzens","status":"publish","type":"page","link":"https:\/\/www.heartfailurematters.org\/de\/herzinsuffizienz-verstehen\/kernspintomographie-mrt-des-herzens\/","title":{"rendered":"Kernspintomographie (MRT) des Herzens"},"content":{"rendered":"<p>Eine <strong> Kernspintomographie des Herzens (MRT) <\/strong>wird im gleichen Ger\u00e4t durchgef\u00fchrt wie ein normales <strong>MRT<\/strong>, es werden jedoch nur Bilder vom Brustraum angefertigt.<\/p>\n<p>Bei einem MRT werden Magnet- und Radiowellen eingesetzt, um Bilder vom Inneren Ihres K\u00f6rpers zu erstellen.<\/p>\n<p>Daf\u00fcr werden Sie gebeten, sich in eine kurze R\u00f6hre zu legen, in deren Geh\u00e4use sich ein spezieller Magnet befindet, von dem aus kurzzeitig Magnetfelder und Radiowellen durch Ihren K\u00f6rper geschickt werden. Dies dauert etwa 30 bis 45 Minuten. In dieser Zeit m\u00fcssen Sie still liegenbleiben. Das Ger\u00e4t kann, wenn es in Betrieb ist, ein moderates schlagendes Ger\u00e4usch von sich geben, das manche Menschen als unangenehm empfinden. Die MRT-Untersuchung ist jedoch vollst\u00e4ndig schmerzfrei und harmlos da keine Strahlung zum Einsatz kommt.<\/p>\n<p>Die Darstellungen geben ein sehr detailliertes Bild von der Struktur Ihres Herzens und Ihrer Blutgef\u00e4\u00dfe. Mit dem MRT l\u00e4sst sich auch der Blutstrom durch das Herz und einige der wichtigsten Arterien messen.<\/p>\n<p>Anhand des Bildes kann Ihr Arzt beurteilen, ob Ihr Herz nicht richtig arbeitet, und die Struktur Ihres Herzens betreffende Probleme lokalisieren.<\/p>\n<p>Zur\u00fcck zu \u201e\u00dcbliche Tests zum Nachweis einer Herzinsuffizienz\u201c<\/p>\n","protected":false},"excerpt":{"rendered":"<p>Eine Kernspintomographie des Herzens (MRT) wird im gleichen Ger\u00e4t durchgef\u00fchrt wie ein normales MRT, es werden jedoch nur Bilder vom Brustraum angefertigt. Bei einem MRT werden Magnet- und Radiowellen eingesetzt, um Bilder vom Inneren Ihres K\u00f6rpers zu erstellen. Daf\u00fcr werden Sie gebeten, sich in eine kurze R\u00f6hre zu legen, in deren Geh\u00e4use sich ein spezieller [&hellip;]<\/p>\n","protected":false},"author":1,"featured_media":10677,"parent":1371,"menu_order":0,"comment_status":"open","ping_status":"open","template":"","meta":{"_acf_changed":false,"footnotes":""},"categories":[],"tags":[],"class_list":["post-1608","page","type-page","status-publish","has-post-thumbnail","hentry"],"acf":[],"yoast_head":"<!-- This site is optimized with the Yoast SEO plugin v24.8.1 - https:\/\/yoast.com\/wordpress\/plugins\/seo\/ -->\n<title>Herz-Magnetresonanztomographie (MRT) bei Herzinsuffizienz<\/title>\n<meta name=\"description\" content=\"Ein Herz-MRT wird mit demselben Ger\u00e4t wie ein normaler MRT-Scan durchgef\u00fchrt, nimmt aber nur Bilder von der Brust auf. Ein MRT-Scan verwendet Magnetfelder und Radiowellen, um Aufnahmen Ihres K\u00f6rperinneren zu machen.\" \/>\n<meta name=\"robots\" content=\"index, follow, max-snippet:-1, max-image-preview:large, max-video-preview:-1\" \/>\n<link rel=\"canonical\" href=\"https:\/\/www.heartfailurematters.org\/de\/herzinsuffizienz-verstehen\/kernspintomographie-mrt-des-herzens\/\" \/>\n<meta property=\"og:locale\" content=\"de_DE\" \/>\n<meta property=\"og:type\" content=\"article\" \/>\n<meta property=\"og:title\" content=\"Herz-Magnetresonanztomographie (MRT) bei Herzinsuffizienz\" \/>\n<meta property=\"og:description\" content=\"Ein Herz-MRT wird mit demselben Ger\u00e4t wie ein normaler MRT-Scan durchgef\u00fchrt, nimmt aber nur Bilder von der Brust auf. Ein MRT-Scan verwendet Magnetfelder und Radiowellen, um Aufnahmen Ihres K\u00f6rperinneren zu machen.\" \/>\n<meta property=\"og:url\" content=\"https:\/\/www.heartfailurematters.org\/de\/herzinsuffizienz-verstehen\/kernspintomographie-mrt-des-herzens\/\" \/>\n<meta property=\"og:site_name\" content=\"Heart Failure Matters\" \/>\n<meta property=\"article:publisher\" content=\"https:\/\/www.facebook.com\/heartfailurematters\" \/>\n<meta property=\"article:modified_time\" content=\"2021-07-19T09:32:59+00:00\" \/>\n<meta property=\"og:image\" content=\"https:\/\/www.heartfailurematters.org\/wp-content\/uploads\/2022\/02\/shutterstock_1927970642-1-min.jpg\" \/>\n\t<meta property=\"og:image:width\" content=\"900\" \/>\n\t<meta property=\"og:image:height\" content=\"600\" \/>\n\t<meta property=\"og:image:type\" content=\"image\/jpeg\" \/>\n<meta name=\"twitter:card\" content=\"summary_large_image\" \/>\n<meta name=\"twitter:label1\" content=\"Gesch\u00e4tzte Lesezeit\" \/>\n\t<meta name=\"twitter:data1\" content=\"1\u00a0Minute\" \/>\n<script type=\"application\/ld+json\" class=\"yoast-schema-graph\">{\"@context\":\"https:\/\/schema.org\",\"@graph\":[{\"@type\":\"WebPage\",\"@id\":\"https:\/\/www.heartfailurematters.org\/de\/herzinsuffizienz-verstehen\/kernspintomographie-mrt-des-herzens\/\",\"url\":\"https:\/\/www.heartfailurematters.org\/de\/herzinsuffizienz-verstehen\/kernspintomographie-mrt-des-herzens\/\",\"name\":\"Herz-Magnetresonanztomographie (MRT) bei Herzinsuffizienz\",\"isPartOf\":{\"@id\":\"https:\/\/www.heartfailurematters.org\/de\/#website\"},\"primaryImageOfPage\":{\"@id\":\"https:\/\/www.heartfailurematters.org\/de\/herzinsuffizienz-verstehen\/kernspintomographie-mrt-des-herzens\/#primaryimage\"},\"image\":{\"@id\":\"https:\/\/www.heartfailurematters.org\/de\/herzinsuffizienz-verstehen\/kernspintomographie-mrt-des-herzens\/#primaryimage\"},\"thumbnailUrl\":\"https:\/\/www.heartfailurematters.org\/wp-content\/uploads\/2022\/02\/shutterstock_1927970642-1-min.jpg\",\"datePublished\":\"2021-01-27T22:01:14+00:00\",\"dateModified\":\"2021-07-19T09:32:59+00:00\",\"description\":\"Ein Herz-MRT wird mit demselben Ger\u00e4t wie ein normaler MRT-Scan durchgef\u00fchrt, nimmt aber nur Bilder von der Brust auf. Ein MRT-Scan verwendet Magnetfelder und Radiowellen, um Aufnahmen Ihres K\u00f6rperinneren zu machen.\",\"breadcrumb\":{\"@id\":\"https:\/\/www.heartfailurematters.org\/de\/herzinsuffizienz-verstehen\/kernspintomographie-mrt-des-herzens\/#breadcrumb\"},\"inLanguage\":\"de\",\"potentialAction\":[{\"@type\":\"ReadAction\",\"target\":[\"https:\/\/www.heartfailurematters.org\/de\/herzinsuffizienz-verstehen\/kernspintomographie-mrt-des-herzens\/\"]}]},{\"@type\":\"ImageObject\",\"inLanguage\":\"de\",\"@id\":\"https:\/\/www.heartfailurematters.org\/de\/herzinsuffizienz-verstehen\/kernspintomographie-mrt-des-herzens\/#primaryimage\",\"url\":\"https:\/\/www.heartfailurematters.org\/wp-content\/uploads\/2022\/02\/shutterstock_1927970642-1-min.jpg\",\"contentUrl\":\"https:\/\/www.heartfailurematters.org\/wp-content\/uploads\/2022\/02\/shutterstock_1927970642-1-min.jpg\",\"width\":900,\"height\":600},{\"@type\":\"BreadcrumbList\",\"@id\":\"https:\/\/www.heartfailurematters.org\/de\/herzinsuffizienz-verstehen\/kernspintomographie-mrt-des-herzens\/#breadcrumb\",\"itemListElement\":[{\"@type\":\"ListItem\",\"position\":1,\"name\":\"Startseite\",\"item\":\"https:\/\/www.heartfailurematters.org\/de\/\"},{\"@type\":\"ListItem\",\"position\":2,\"name\":\"Herzinsuffizienz verstehen\",\"item\":\"https:\/\/www.heartfailurematters.org\/de\/herzinsuffizienz-verstehen\/\"},{\"@type\":\"ListItem\",\"position\":3,\"name\":\"Kernspintomographie (MRT) des Herzens\"}]},{\"@type\":\"WebSite\",\"@id\":\"https:\/\/www.heartfailurematters.org\/de\/#website\",\"url\":\"https:\/\/www.heartfailurematters.org\/de\/\",\"name\":\"Heart Failure Matters\",\"description\":\"Practical information for patients, families and caregivers.\",\"publisher\":{\"@id\":\"https:\/\/www.heartfailurematters.org\/de\/#organization\"},\"potentialAction\":[{\"@type\":\"SearchAction\",\"target\":{\"@type\":\"EntryPoint\",\"urlTemplate\":\"https:\/\/www.heartfailurematters.org\/de\/?s={search_term_string}\"},\"query-input\":{\"@type\":\"PropertyValueSpecification\",\"valueRequired\":true,\"valueName\":\"search_term_string\"}}],\"inLanguage\":\"de\"},{\"@type\":\"Organization\",\"@id\":\"https:\/\/www.heartfailurematters.org\/de\/#organization\",\"name\":\"Heart Failure Matters\",\"url\":\"https:\/\/www.heartfailurematters.org\/de\/\",\"logo\":{\"@type\":\"ImageObject\",\"inLanguage\":\"de\",\"@id\":\"https:\/\/www.heartfailurematters.org\/de\/#\/schema\/logo\/image\/\",\"url\":\"https:\/\/cdn-endpoint-hfm.azureedge.net\/heartfailurematters\/2024\/07\/hfm-logo1.jpg\",\"contentUrl\":\"https:\/\/cdn-endpoint-hfm.azureedge.net\/heartfailurematters\/2024\/07\/hfm-logo1.jpg\",\"width\":1280,\"height\":720,\"caption\":\"Heart Failure Matters\"},\"image\":{\"@id\":\"https:\/\/www.heartfailurematters.org\/de\/#\/schema\/logo\/image\/\"},\"sameAs\":[\"https:\/\/www.facebook.com\/heartfailurematters\"]}]}<\/script>\n<!-- \/ Yoast SEO plugin. -->","yoast_head_json":{"title":"Herz-Magnetresonanztomographie (MRT) bei Herzinsuffizienz","description":"Ein Herz-MRT wird mit demselben Ger\u00e4t wie ein normaler MRT-Scan durchgef\u00fchrt, nimmt aber nur Bilder von der Brust auf. Ein MRT-Scan verwendet Magnetfelder und Radiowellen, um Aufnahmen Ihres K\u00f6rperinneren zu machen.","robots":{"index":"index","follow":"follow","max-snippet":"max-snippet:-1","max-image-preview":"max-image-preview:large","max-video-preview":"max-video-preview:-1"},"canonical":"https:\/\/www.heartfailurematters.org\/de\/herzinsuffizienz-verstehen\/kernspintomographie-mrt-des-herzens\/","og_locale":"de_DE","og_type":"article","og_title":"Herz-Magnetresonanztomographie (MRT) bei Herzinsuffizienz","og_description":"Ein Herz-MRT wird mit demselben Ger\u00e4t wie ein normaler MRT-Scan durchgef\u00fchrt, nimmt aber nur Bilder von der Brust auf. Ein MRT-Scan verwendet Magnetfelder und Radiowellen, um Aufnahmen Ihres K\u00f6rperinneren zu machen.","og_url":"https:\/\/www.heartfailurematters.org\/de\/herzinsuffizienz-verstehen\/kernspintomographie-mrt-des-herzens\/","og_site_name":"Heart Failure Matters","article_publisher":"https:\/\/www.facebook.com\/heartfailurematters","article_modified_time":"2021-07-19T09:32:59+00:00","og_image":[{"width":900,"height":600,"url":"https:\/\/www.heartfailurematters.org\/wp-content\/uploads\/2022\/02\/shutterstock_1927970642-1-min.jpg","type":"image\/jpeg"}],"twitter_card":"summary_large_image","twitter_misc":{"Gesch\u00e4tzte Lesezeit":"1\u00a0Minute"},"schema":{"@context":"https:\/\/schema.org","@graph":[{"@type":"WebPage","@id":"https:\/\/www.heartfailurematters.org\/de\/herzinsuffizienz-verstehen\/kernspintomographie-mrt-des-herzens\/","url":"https:\/\/www.heartfailurematters.org\/de\/herzinsuffizienz-verstehen\/kernspintomographie-mrt-des-herzens\/","name":"Herz-Magnetresonanztomographie (MRT) bei Herzinsuffizienz","isPartOf":{"@id":"https:\/\/www.heartfailurematters.org\/de\/#website"},"primaryImageOfPage":{"@id":"https:\/\/www.heartfailurematters.org\/de\/herzinsuffizienz-verstehen\/kernspintomographie-mrt-des-herzens\/#primaryimage"},"image":{"@id":"https:\/\/www.heartfailurematters.org\/de\/herzinsuffizienz-verstehen\/kernspintomographie-mrt-des-herzens\/#primaryimage"},"thumbnailUrl":"https:\/\/www.heartfailurematters.org\/wp-content\/uploads\/2022\/02\/shutterstock_1927970642-1-min.jpg","datePublished":"2021-01-27T22:01:14+00:00","dateModified":"2021-07-19T09:32:59+00:00","description":"Ein Herz-MRT wird mit demselben Ger\u00e4t wie ein normaler MRT-Scan durchgef\u00fchrt, nimmt aber nur Bilder von der Brust auf. Ein MRT-Scan verwendet Magnetfelder und Radiowellen, um Aufnahmen Ihres K\u00f6rperinneren zu machen.","breadcrumb":{"@id":"https:\/\/www.heartfailurematters.org\/de\/herzinsuffizienz-verstehen\/kernspintomographie-mrt-des-herzens\/#breadcrumb"},"inLanguage":"de","potentialAction":[{"@type":"ReadAction","target":["https:\/\/www.heartfailurematters.org\/de\/herzinsuffizienz-verstehen\/kernspintomographie-mrt-des-herzens\/"]}]},{"@type":"ImageObject","inLanguage":"de","@id":"https:\/\/www.heartfailurematters.org\/de\/herzinsuffizienz-verstehen\/kernspintomographie-mrt-des-herzens\/#primaryimage","url":"https:\/\/www.heartfailurematters.org\/wp-content\/uploads\/2022\/02\/shutterstock_1927970642-1-min.jpg","contentUrl":"https:\/\/www.heartfailurematters.org\/wp-content\/uploads\/2022\/02\/shutterstock_1927970642-1-min.jpg","width":900,"height":600},{"@type":"BreadcrumbList","@id":"https:\/\/www.heartfailurematters.org\/de\/herzinsuffizienz-verstehen\/kernspintomographie-mrt-des-herzens\/#breadcrumb","itemListElement":[{"@type":"ListItem","position":1,"name":"Startseite","item":"https:\/\/www.heartfailurematters.org\/de\/"},{"@type":"ListItem","position":2,"name":"Herzinsuffizienz verstehen","item":"https:\/\/www.heartfailurematters.org\/de\/herzinsuffizienz-verstehen\/"},{"@type":"ListItem","position":3,"name":"Kernspintomographie (MRT) des Herzens"}]},{"@type":"WebSite","@id":"https:\/\/www.heartfailurematters.org\/de\/#website","url":"https:\/\/www.heartfailurematters.org\/de\/","name":"Heart Failure Matters","description":"Practical information for patients, families and caregivers.","publisher":{"@id":"https:\/\/www.heartfailurematters.org\/de\/#organization"},"potentialAction":[{"@type":"SearchAction","target":{"@type":"EntryPoint","urlTemplate":"https:\/\/www.heartfailurematters.org\/de\/?s={search_term_string}"},"query-input":{"@type":"PropertyValueSpecification","valueRequired":true,"valueName":"search_term_string"}}],"inLanguage":"de"},{"@type":"Organization","@id":"https:\/\/www.heartfailurematters.org\/de\/#organization","name":"Heart Failure Matters","url":"https:\/\/www.heartfailurematters.org\/de\/","logo":{"@type":"ImageObject","inLanguage":"de","@id":"https:\/\/www.heartfailurematters.org\/de\/#\/schema\/logo\/image\/","url":"https:\/\/cdn-endpoint-hfm.azureedge.net\/heartfailurematters\/2024\/07\/hfm-logo1.jpg","contentUrl":"https:\/\/cdn-endpoint-hfm.azureedge.net\/heartfailurematters\/2024\/07\/hfm-logo1.jpg","width":1280,"height":720,"caption":"Heart Failure Matters"},"image":{"@id":"https:\/\/www.heartfailurematters.org\/de\/#\/schema\/logo\/image\/"},"sameAs":["https:\/\/www.facebook.com\/heartfailurematters"]}]}},"_links":{"self":[{"href":"https:\/\/www.heartfailurematters.org\/de\/wp-json\/wp\/v2\/pages\/1608","targetHints":{"allow":["GET"]}}],"collection":[{"href":"https:\/\/www.heartfailurematters.org\/de\/wp-json\/wp\/v2\/pages"}],"about":[{"href":"https:\/\/www.heartfailurematters.org\/de\/wp-json\/wp\/v2\/types\/page"}],"author":[{"embeddable":true,"href":"https:\/\/www.heartfailurematters.org\/de\/wp-json\/wp\/v2\/users\/1"}],"replies":[{"embeddable":true,"href":"https:\/\/www.heartfailurematters.org\/de\/wp-json\/wp\/v2\/comments?post=1608"}],"version-history":[{"count":2,"href":"https:\/\/www.heartfailurematters.org\/de\/wp-json\/wp\/v2\/pages\/1608\/revisions"}],"predecessor-version":[{"id":9491,"href":"https:\/\/www.heartfailurematters.org\/de\/wp-json\/wp\/v2\/pages\/1608\/revisions\/9491"}],"up":[{"embeddable":true,"href":"https:\/\/www.heartfailurematters.org\/de\/wp-json\/wp\/v2\/pages\/1371"}],"wp:featuredmedia":[{"embeddable":true,"href":"https:\/\/www.heartfailurematters.org\/de\/wp-json\/wp\/v2\/media\/10677"}],"wp:attachment":[{"href":"https:\/\/www.heartfailurematters.org\/de\/wp-json\/wp\/v2\/media?parent=1608"}],"wp:term":[{"taxonomy":"category","embeddable":true,"href":"https:\/\/www.heartfailurematters.org\/de\/wp-json\/wp\/v2\/categories?post=1608"},{"taxonomy":"post_tag","embeddable":true,"href":"https:\/\/www.heartfailurematters.org\/de\/wp-json\/wp\/v2\/tags?post=1608"}],"curies":[{"name":"wp","href":"https:\/\/api.w.org\/{rel}","templated":true}]}}