{"id":1606,"date":"2021-01-27T22:01:14","date_gmt":"2021-01-27T22:01:14","guid":{"rendered":"http:\/\/heartfailurematters.local:8888\/kurzatmigkeit-2\/"},"modified":"2021-01-27T22:01:14","modified_gmt":"2021-01-27T22:01:14","slug":"kurzatmigkeit","status":"publish","type":"page","link":"https:\/\/www.heartfailurematters.org\/de\/warnsignale\/kurzatmigkeit\/","title":{"rendered":"Kurzatmigkeit"},"content":{"rendered":"<p>Kurzatmigkeit tritt bei Menschen mit Herzinsuffizienz h&auml;ufig auf. Sie sollten ein Augenmerk auf Ihre Atmung haben und bei Ver&auml;nderungen reagieren. Wenn Sie zum Beispiel eine zunehmende Kurzatmigkeit w&auml;hrend der Nacht im Liegen beobachten, ben&ouml;tigen Sie m&ouml;glicherweise mehr Kissen, um Ihren Oberk&ouml;rper in eine aufrechtere Position zu bringen, um besser atmen zu k&ouml;nnen.<\/p>\n<p>Kurzatmigkeit tritt auf, weil es in den aus den Lungen zum Herzen zur&uuml;ckf&uuml;hrenden Blutgef&auml;&szlig;en zu einem R&uuml;ckstau kommt, weil das Herz das Blut nicht mehr effektiv aus dem Herzen pumpt. Dies bewirkt, dass Fl&uuml;ssigkeit in die Lungen gedr&uuml;ckt wird, was als Stauung bezeichnet wird.<\/p>\n<p>Wenn bei Ihnen eine SCHWERE und anhaltende Atemnot auftritt, sollten Sie unverz&uuml;glich den Notarzt rufen.<\/p>\n<p>Wenn es bei Ihnen zu einer zunehmenden Kurzatmigkeit kommt und Sie immer weniger aktiv sein k&ouml;nnen, sollten Sie sich an Ihren Arzt oder die Sie betreuende Pflegekraft wenden.<\/p>\n","protected":false},"excerpt":{"rendered":"<p>Kurzatmigkeit tritt bei Menschen mit Herzinsuffizienz h&auml;ufig auf. Sie sollten ein Augenmerk auf Ihre Atmung haben und bei Ver&auml;nderungen reagieren. Wenn Sie zum Beispiel eine zunehmende Kurzatmigkeit w&auml;hrend der Nacht im Liegen beobachten, ben&ouml;tigen Sie m&ouml;glicherweise mehr Kissen, um Ihren Oberk&ouml;rper in eine aufrechtere Position zu bringen, um besser atmen zu k&ouml;nnen. Kurzatmigkeit tritt auf, [&hellip;]<\/p>\n","protected":false},"author":1,"featured_media":10564,"parent":2865,"menu_order":1,"comment_status":"open","ping_status":"closed","template":"","meta":{"_acf_changed":false,"footnotes":""},"categories":[128],"tags":[],"class_list":["post-1606","page","type-page","status-publish","has-post-thumbnail","hentry","category-warning-signs-de"],"acf":[],"yoast_head":"<!-- This site is optimized with the Yoast SEO plugin v24.8.1 - https:\/\/yoast.com\/wordpress\/plugins\/seo\/ -->\n<title>Kurzatmigkeit<\/title>\n<meta name=\"description\" content=\"Bei vielen Herzinsuffizienzpatienten ist Atemnot ein h\u00e4ufig auftretendes Symptom. Sie sollten Ihre Atmung \u00fcberwachen und auf eventuelle \u00c4nderungen achten.\" \/>\n<meta name=\"robots\" content=\"index, follow, max-snippet:-1, max-image-preview:large, max-video-preview:-1\" \/>\n<link rel=\"canonical\" href=\"https:\/\/www.heartfailurematters.org\/de\/warnsignale\/kurzatmigkeit\/\" \/>\n<meta property=\"og:locale\" content=\"de_DE\" \/>\n<meta property=\"og:type\" content=\"article\" \/>\n<meta property=\"og:title\" content=\"Kurzatmigkeit\" \/>\n<meta property=\"og:description\" content=\"Bei vielen Herzinsuffizienzpatienten ist Atemnot ein h\u00e4ufig auftretendes Symptom. Sie sollten Ihre Atmung \u00fcberwachen und auf eventuelle \u00c4nderungen achten.\" \/>\n<meta property=\"og:url\" content=\"https:\/\/www.heartfailurematters.org\/de\/warnsignale\/kurzatmigkeit\/\" \/>\n<meta property=\"og:site_name\" content=\"Heart Failure Matters\" \/>\n<meta property=\"article:publisher\" content=\"https:\/\/www.facebook.com\/heartfailurematters\" \/>\n<meta property=\"og:image\" content=\"https:\/\/www.heartfailurematters.org\/wp-content\/uploads\/2022\/02\/shutterstock_1401929189-1-min.jpg?_t=1773223224\" \/>\n\t<meta property=\"og:image:width\" content=\"900\" \/>\n\t<meta property=\"og:image:height\" content=\"600\" \/>\n\t<meta property=\"og:image:type\" content=\"image\/jpeg\" \/>\n<meta name=\"twitter:card\" content=\"summary_large_image\" \/>\n<meta name=\"twitter:label1\" content=\"Gesch\u00e4tzte Lesezeit\" \/>\n\t<meta name=\"twitter:data1\" content=\"1\u00a0Minute\" \/>\n<script type=\"application\/ld+json\" class=\"yoast-schema-graph\">{\"@context\":\"https:\/\/schema.org\",\"@graph\":[{\"@type\":\"WebPage\",\"@id\":\"https:\/\/www.heartfailurematters.org\/de\/warnsignale\/kurzatmigkeit\/\",\"url\":\"https:\/\/www.heartfailurematters.org\/de\/warnsignale\/kurzatmigkeit\/\",\"name\":\"Kurzatmigkeit\",\"isPartOf\":{\"@id\":\"https:\/\/www.heartfailurematters.org\/de\/#website\"},\"primaryImageOfPage\":{\"@id\":\"https:\/\/www.heartfailurematters.org\/de\/warnsignale\/kurzatmigkeit\/#primaryimage\"},\"image\":{\"@id\":\"https:\/\/www.heartfailurematters.org\/de\/warnsignale\/kurzatmigkeit\/#primaryimage\"},\"thumbnailUrl\":\"https:\/\/www.heartfailurematters.org\/wp-content\/uploads\/2022\/02\/shutterstock_1401929189-1-min.jpg\",\"datePublished\":\"2021-01-27T22:01:14+00:00\",\"description\":\"Bei vielen Herzinsuffizienzpatienten ist Atemnot ein h\u00e4ufig auftretendes Symptom. Sie sollten Ihre Atmung \u00fcberwachen und auf eventuelle \u00c4nderungen achten.\",\"breadcrumb\":{\"@id\":\"https:\/\/www.heartfailurematters.org\/de\/warnsignale\/kurzatmigkeit\/#breadcrumb\"},\"inLanguage\":\"de\",\"potentialAction\":[{\"@type\":\"ReadAction\",\"target\":[\"https:\/\/www.heartfailurematters.org\/de\/warnsignale\/kurzatmigkeit\/\"]}]},{\"@type\":\"ImageObject\",\"inLanguage\":\"de\",\"@id\":\"https:\/\/www.heartfailurematters.org\/de\/warnsignale\/kurzatmigkeit\/#primaryimage\",\"url\":\"https:\/\/www.heartfailurematters.org\/wp-content\/uploads\/2022\/02\/shutterstock_1401929189-1-min.jpg\",\"contentUrl\":\"https:\/\/www.heartfailurematters.org\/wp-content\/uploads\/2022\/02\/shutterstock_1401929189-1-min.jpg\",\"width\":900,\"height\":600},{\"@type\":\"BreadcrumbList\",\"@id\":\"https:\/\/www.heartfailurematters.org\/de\/warnsignale\/kurzatmigkeit\/#breadcrumb\",\"itemListElement\":[{\"@type\":\"ListItem\",\"position\":1,\"name\":\"Startseite\",\"item\":\"https:\/\/www.heartfailurematters.org\/de\/\"},{\"@type\":\"ListItem\",\"position\":2,\"name\":\"Warnsignale\",\"item\":\"https:\/\/www.heartfailurematters.org\/de\/warnsignale\/\"},{\"@type\":\"ListItem\",\"position\":3,\"name\":\"Kurzatmigkeit\"}]},{\"@type\":\"WebSite\",\"@id\":\"https:\/\/www.heartfailurematters.org\/de\/#website\",\"url\":\"https:\/\/www.heartfailurematters.org\/de\/\",\"name\":\"Heart Failure Matters\",\"description\":\"Practical information for patients, families and caregivers.\",\"publisher\":{\"@id\":\"https:\/\/www.heartfailurematters.org\/de\/#organization\"},\"potentialAction\":[{\"@type\":\"SearchAction\",\"target\":{\"@type\":\"EntryPoint\",\"urlTemplate\":\"https:\/\/www.heartfailurematters.org\/de\/?s={search_term_string}\"},\"query-input\":{\"@type\":\"PropertyValueSpecification\",\"valueRequired\":true,\"valueName\":\"search_term_string\"}}],\"inLanguage\":\"de\"},{\"@type\":\"Organization\",\"@id\":\"https:\/\/www.heartfailurematters.org\/de\/#organization\",\"name\":\"Heart Failure Matters\",\"url\":\"https:\/\/www.heartfailurematters.org\/de\/\",\"logo\":{\"@type\":\"ImageObject\",\"inLanguage\":\"de\",\"@id\":\"https:\/\/www.heartfailurematters.org\/de\/#\/schema\/logo\/image\/\",\"url\":\"https:\/\/cdn-endpoint-hfm.azureedge.net\/heartfailurematters\/2024\/07\/hfm-logo1.jpg\",\"contentUrl\":\"https:\/\/cdn-endpoint-hfm.azureedge.net\/heartfailurematters\/2024\/07\/hfm-logo1.jpg\",\"width\":1280,\"height\":720,\"caption\":\"Heart Failure Matters\"},\"image\":{\"@id\":\"https:\/\/www.heartfailurematters.org\/de\/#\/schema\/logo\/image\/\"},\"sameAs\":[\"https:\/\/www.facebook.com\/heartfailurematters\"]}]}<\/script>\n<!-- \/ Yoast SEO plugin. -->","yoast_head_json":{"title":"Kurzatmigkeit","description":"Bei vielen Herzinsuffizienzpatienten ist Atemnot ein h\u00e4ufig auftretendes Symptom. Sie sollten Ihre Atmung \u00fcberwachen und auf eventuelle \u00c4nderungen achten.","robots":{"index":"index","follow":"follow","max-snippet":"max-snippet:-1","max-image-preview":"max-image-preview:large","max-video-preview":"max-video-preview:-1"},"canonical":"https:\/\/www.heartfailurematters.org\/de\/warnsignale\/kurzatmigkeit\/","og_locale":"de_DE","og_type":"article","og_title":"Kurzatmigkeit","og_description":"Bei vielen Herzinsuffizienzpatienten ist Atemnot ein h\u00e4ufig auftretendes Symptom. Sie sollten Ihre Atmung \u00fcberwachen und auf eventuelle \u00c4nderungen achten.","og_url":"https:\/\/www.heartfailurematters.org\/de\/warnsignale\/kurzatmigkeit\/","og_site_name":"Heart Failure Matters","article_publisher":"https:\/\/www.facebook.com\/heartfailurematters","og_image":[{"width":900,"height":600,"url":"https:\/\/www.heartfailurematters.org\/wp-content\/uploads\/2022\/02\/shutterstock_1401929189-1-min.jpg?_t=1773223224","type":"image\/jpeg"}],"twitter_card":"summary_large_image","twitter_misc":{"Gesch\u00e4tzte Lesezeit":"1\u00a0Minute"},"schema":{"@context":"https:\/\/schema.org","@graph":[{"@type":"WebPage","@id":"https:\/\/www.heartfailurematters.org\/de\/warnsignale\/kurzatmigkeit\/","url":"https:\/\/www.heartfailurematters.org\/de\/warnsignale\/kurzatmigkeit\/","name":"Kurzatmigkeit","isPartOf":{"@id":"https:\/\/www.heartfailurematters.org\/de\/#website"},"primaryImageOfPage":{"@id":"https:\/\/www.heartfailurematters.org\/de\/warnsignale\/kurzatmigkeit\/#primaryimage"},"image":{"@id":"https:\/\/www.heartfailurematters.org\/de\/warnsignale\/kurzatmigkeit\/#primaryimage"},"thumbnailUrl":"https:\/\/www.heartfailurematters.org\/wp-content\/uploads\/2022\/02\/shutterstock_1401929189-1-min.jpg","datePublished":"2021-01-27T22:01:14+00:00","description":"Bei vielen Herzinsuffizienzpatienten ist Atemnot ein h\u00e4ufig auftretendes Symptom. Sie sollten Ihre Atmung \u00fcberwachen und auf eventuelle \u00c4nderungen achten.","breadcrumb":{"@id":"https:\/\/www.heartfailurematters.org\/de\/warnsignale\/kurzatmigkeit\/#breadcrumb"},"inLanguage":"de","potentialAction":[{"@type":"ReadAction","target":["https:\/\/www.heartfailurematters.org\/de\/warnsignale\/kurzatmigkeit\/"]}]},{"@type":"ImageObject","inLanguage":"de","@id":"https:\/\/www.heartfailurematters.org\/de\/warnsignale\/kurzatmigkeit\/#primaryimage","url":"https:\/\/www.heartfailurematters.org\/wp-content\/uploads\/2022\/02\/shutterstock_1401929189-1-min.jpg","contentUrl":"https:\/\/www.heartfailurematters.org\/wp-content\/uploads\/2022\/02\/shutterstock_1401929189-1-min.jpg","width":900,"height":600},{"@type":"BreadcrumbList","@id":"https:\/\/www.heartfailurematters.org\/de\/warnsignale\/kurzatmigkeit\/#breadcrumb","itemListElement":[{"@type":"ListItem","position":1,"name":"Startseite","item":"https:\/\/www.heartfailurematters.org\/de\/"},{"@type":"ListItem","position":2,"name":"Warnsignale","item":"https:\/\/www.heartfailurematters.org\/de\/warnsignale\/"},{"@type":"ListItem","position":3,"name":"Kurzatmigkeit"}]},{"@type":"WebSite","@id":"https:\/\/www.heartfailurematters.org\/de\/#website","url":"https:\/\/www.heartfailurematters.org\/de\/","name":"Heart Failure Matters","description":"Practical information for patients, families and caregivers.","publisher":{"@id":"https:\/\/www.heartfailurematters.org\/de\/#organization"},"potentialAction":[{"@type":"SearchAction","target":{"@type":"EntryPoint","urlTemplate":"https:\/\/www.heartfailurematters.org\/de\/?s={search_term_string}"},"query-input":{"@type":"PropertyValueSpecification","valueRequired":true,"valueName":"search_term_string"}}],"inLanguage":"de"},{"@type":"Organization","@id":"https:\/\/www.heartfailurematters.org\/de\/#organization","name":"Heart Failure Matters","url":"https:\/\/www.heartfailurematters.org\/de\/","logo":{"@type":"ImageObject","inLanguage":"de","@id":"https:\/\/www.heartfailurematters.org\/de\/#\/schema\/logo\/image\/","url":"https:\/\/cdn-endpoint-hfm.azureedge.net\/heartfailurematters\/2024\/07\/hfm-logo1.jpg","contentUrl":"https:\/\/cdn-endpoint-hfm.azureedge.net\/heartfailurematters\/2024\/07\/hfm-logo1.jpg","width":1280,"height":720,"caption":"Heart Failure Matters"},"image":{"@id":"https:\/\/www.heartfailurematters.org\/de\/#\/schema\/logo\/image\/"},"sameAs":["https:\/\/www.facebook.com\/heartfailurematters"]}]}},"_links":{"self":[{"href":"https:\/\/www.heartfailurematters.org\/de\/wp-json\/wp\/v2\/pages\/1606","targetHints":{"allow":["GET"]}}],"collection":[{"href":"https:\/\/www.heartfailurematters.org\/de\/wp-json\/wp\/v2\/pages"}],"about":[{"href":"https:\/\/www.heartfailurematters.org\/de\/wp-json\/wp\/v2\/types\/page"}],"author":[{"embeddable":true,"href":"https:\/\/www.heartfailurematters.org\/de\/wp-json\/wp\/v2\/users\/1"}],"replies":[{"embeddable":true,"href":"https:\/\/www.heartfailurematters.org\/de\/wp-json\/wp\/v2\/comments?post=1606"}],"version-history":[{"count":0,"href":"https:\/\/www.heartfailurematters.org\/de\/wp-json\/wp\/v2\/pages\/1606\/revisions"}],"up":[{"embeddable":true,"href":"https:\/\/www.heartfailurematters.org\/de\/wp-json\/wp\/v2\/pages\/2865"}],"wp:featuredmedia":[{"embeddable":true,"href":"https:\/\/www.heartfailurematters.org\/de\/wp-json\/wp\/v2\/media\/10564"}],"wp:attachment":[{"href":"https:\/\/www.heartfailurematters.org\/de\/wp-json\/wp\/v2\/media?parent=1606"}],"wp:term":[{"taxonomy":"category","embeddable":true,"href":"https:\/\/www.heartfailurematters.org\/de\/wp-json\/wp\/v2\/categories?post=1606"},{"taxonomy":"post_tag","embeddable":true,"href":"https:\/\/www.heartfailurematters.org\/de\/wp-json\/wp\/v2\/tags?post=1606"}],"curies":[{"name":"wp","href":"https:\/\/api.w.org\/{rel}","templated":true}]}}