{"id":1604,"date":"2021-01-27T22:01:14","date_gmt":"2021-01-27T22:01:14","guid":{"rendered":"http:\/\/heartfailurematters.local:8888\/sprechen-sie-mit-ihrer-familie-bzw-der-sie-versorgenden-person-ueber-ihre-gefuehle\/"},"modified":"2021-01-27T22:01:14","modified_gmt":"2021-01-27T22:01:14","slug":"sprechen-sie-mit-ihrer-familie-bzw-der-sie-versorgenden-person-ueber-ihre-gefuehle","status":"publish","type":"page","link":"https:\/\/www.heartfailurematters.org\/de\/leben-mit-herzinsuffizienz\/sprechen-sie-mit-ihrer-familie-bzw-der-sie-versorgenden-person-ueber-ihre-gefuehle\/","title":{"rendered":"Sprechen Sie mit Ihrer Familie bzw. der Sie versorgenden Person \u00fcber Ihre Gef\u00fchle"},"content":{"rendered":"<p>Viele Menschen f\u00fchlen sich durch emotionale Probleme stigmatisiert. Schlagen Sie sich das aus dem Kopf \u2013 Gef\u00fchle von Niedergeschlagenheit, Angst und Besorgtheit sind sehr h\u00e4ufig bei Menschen, bei denen eine ernste Erkrankung wie eine Herzinsuffizienz diagnostiziert wurde. Wenn Sie Schwierigkeiten mit der emotionalen Bew\u00e4ltigung Ihrer Herzinsuffizienz haben, ist &rsquo;es wichtig, dass Sie um Hilfe und Unterst\u00fctzung bitten. <\/p>\n<p>Eines der wirksamsten Mittel, um diesen negativen Emotionen Herr zu werden, liegt darin, mit einer vertrauten Person \u00fcber Ihre Gef\u00fchle zu sprechen. Manchmal reicht es schon, Besorgnisse oder \u00c4ngste laut zu \u00e4u\u00dfern, um diese bew\u00e4ltigbar und weniger \u00fcberm\u00e4chtig erscheinen zu lassen.<\/p>\n<p> Es kann eine gro\u00dfe Hilfe sein, mit Ihrem Partner, einem nahen Verwandten oder einem vertrauensw\u00fcrdigen Freund \u00fcber die eigene Gef\u00fchlslage zu sprechen. Menschen, die von der Familie und Freunden mehr Unterst\u00fctzung erhalten, sind tendenziell weniger niedergeschlagen und \u00e4ngstlich. Leider verh\u00e4lt es sich so, dass die Betroffenen in dieser negativen Stimmungslage die Tendenz zeigen, sich immer mehr zur\u00fcckzuziehen und zu isolieren, was die emotionalen Probleme weiter verschlimmert. Familienkontakte \u00fcber Gespr\u00e4che oder durch mehr gemeinsam verbrachte Zeit mit Aktivit\u00e4ten, die allen Spa\u00df machen, oder auch nur durch eine Mahlzeit mit der ganzen Familie, k\u00f6nnen entscheidend f\u00fcr Ihr Befinden und das Ihrer Familie sein. <\/p>\n<p>Auch Humor kann manchmal viel bewirken. Machen Sie ruhig mal Witze und versuchen Sie Ihrer Situation etwas Positives abzugewinnen.<\/p>\n<p><a href=\"https:\/\/www.heartfailurematters.org\/de\/leben-mit-herzinsuffizienz\/gemuetsverfassung\/\" title=\"Return to Your emotions\">Zur\u00fcck zu \u201eGem\u00fctsverfassung\u201d<\/a><\/p>\n","protected":false},"excerpt":{"rendered":"<p>Viele Menschen f\u00fchlen sich durch emotionale Probleme stigmatisiert. Schlagen Sie sich das aus dem Kopf \u2013 Gef\u00fchle von Niedergeschlagenheit, Angst und Besorgtheit sind sehr h\u00e4ufig bei Menschen, bei denen eine ernste Erkrankung wie eine Herzinsuffizienz diagnostiziert wurde. Wenn Sie Schwierigkeiten mit der emotionalen Bew\u00e4ltigung Ihrer Herzinsuffizienz haben, ist &rsquo;es wichtig, dass Sie um Hilfe und [&hellip;]<\/p>\n","protected":false},"author":1,"featured_media":11144,"parent":2813,"menu_order":0,"comment_status":"open","ping_status":"open","template":"","meta":{"_acf_changed":false,"footnotes":""},"categories":[],"tags":[],"class_list":["post-1604","page","type-page","status-publish","has-post-thumbnail","hentry"],"acf":[],"yoast_head":"<!-- This site is optimized with the Yoast SEO plugin v24.8.1 - https:\/\/yoast.com\/wordpress\/plugins\/seo\/ -->\n<title>Sprechen Sie mit Ihrer Familie bzw. der Sie versorgenden Person \u00fcber Ihre Gef\u00fchle<\/title>\n<meta name=\"description\" content=\"Viele Menschen bef\u00fcrchten, dass mit emotionalen Problemen ein gewisses Stigma verbunden ist. Seien Sie ganz beruhigt. Depressionen, Besorgniszust\u00e4nde und \u00c4ngste sind sehr h\u00e4ufig, wenn bei jemandem eine ernsthafte Erkrankung wie Herzinsuffizienz diagnostiziert wird.\" \/>\n<meta name=\"robots\" content=\"index, follow, max-snippet:-1, max-image-preview:large, max-video-preview:-1\" \/>\n<link rel=\"canonical\" href=\"https:\/\/www.heartfailurematters.org\/de\/leben-mit-herzinsuffizienz\/sprechen-sie-mit-ihrer-familie-bzw-der-sie-versorgenden-person-ueber-ihre-gefuehle\/\" \/>\n<meta property=\"og:locale\" content=\"de_DE\" \/>\n<meta property=\"og:type\" content=\"article\" \/>\n<meta property=\"og:title\" content=\"Sprechen Sie mit Ihrer Familie bzw. der Sie versorgenden Person \u00fcber Ihre Gef\u00fchle\" \/>\n<meta property=\"og:description\" content=\"Viele Menschen bef\u00fcrchten, dass mit emotionalen Problemen ein gewisses Stigma verbunden ist. Seien Sie ganz beruhigt. Depressionen, Besorgniszust\u00e4nde und \u00c4ngste sind sehr h\u00e4ufig, wenn bei jemandem eine ernsthafte Erkrankung wie Herzinsuffizienz diagnostiziert wird.\" \/>\n<meta property=\"og:url\" content=\"https:\/\/www.heartfailurematters.org\/de\/leben-mit-herzinsuffizienz\/sprechen-sie-mit-ihrer-familie-bzw-der-sie-versorgenden-person-ueber-ihre-gefuehle\/\" \/>\n<meta property=\"og:site_name\" content=\"Heart Failure Matters\" \/>\n<meta property=\"article:publisher\" content=\"https:\/\/www.facebook.com\/heartfailurematters\" \/>\n<meta property=\"og:image\" content=\"https:\/\/www.heartfailurematters.org\/wp-content\/uploads\/2022\/03\/shutterstock_326634329-1-min.jpg\" \/>\n\t<meta property=\"og:image:width\" content=\"900\" \/>\n\t<meta property=\"og:image:height\" content=\"600\" \/>\n\t<meta property=\"og:image:type\" content=\"image\/jpeg\" \/>\n<meta name=\"twitter:card\" content=\"summary_large_image\" \/>\n<meta name=\"twitter:label1\" content=\"Gesch\u00e4tzte Lesezeit\" \/>\n\t<meta name=\"twitter:data1\" content=\"1\u00a0Minute\" \/>\n<script type=\"application\/ld+json\" class=\"yoast-schema-graph\">{\"@context\":\"https:\/\/schema.org\",\"@graph\":[{\"@type\":\"WebPage\",\"@id\":\"https:\/\/www.heartfailurematters.org\/de\/leben-mit-herzinsuffizienz\/sprechen-sie-mit-ihrer-familie-bzw-der-sie-versorgenden-person-ueber-ihre-gefuehle\/\",\"url\":\"https:\/\/www.heartfailurematters.org\/de\/leben-mit-herzinsuffizienz\/sprechen-sie-mit-ihrer-familie-bzw-der-sie-versorgenden-person-ueber-ihre-gefuehle\/\",\"name\":\"Sprechen Sie mit Ihrer Familie bzw. der Sie versorgenden Person \u00fcber Ihre Gef\u00fchle\",\"isPartOf\":{\"@id\":\"https:\/\/www.heartfailurematters.org\/de\/#website\"},\"primaryImageOfPage\":{\"@id\":\"https:\/\/www.heartfailurematters.org\/de\/leben-mit-herzinsuffizienz\/sprechen-sie-mit-ihrer-familie-bzw-der-sie-versorgenden-person-ueber-ihre-gefuehle\/#primaryimage\"},\"image\":{\"@id\":\"https:\/\/www.heartfailurematters.org\/de\/leben-mit-herzinsuffizienz\/sprechen-sie-mit-ihrer-familie-bzw-der-sie-versorgenden-person-ueber-ihre-gefuehle\/#primaryimage\"},\"thumbnailUrl\":\"https:\/\/www.heartfailurematters.org\/wp-content\/uploads\/2022\/03\/shutterstock_326634329-1-min.jpg\",\"datePublished\":\"2021-01-27T22:01:14+00:00\",\"description\":\"Viele Menschen bef\u00fcrchten, dass mit emotionalen Problemen ein gewisses Stigma verbunden ist. Seien Sie ganz beruhigt. Depressionen, Besorgniszust\u00e4nde und \u00c4ngste sind sehr h\u00e4ufig, wenn bei jemandem eine ernsthafte Erkrankung wie Herzinsuffizienz diagnostiziert wird.\",\"breadcrumb\":{\"@id\":\"https:\/\/www.heartfailurematters.org\/de\/leben-mit-herzinsuffizienz\/sprechen-sie-mit-ihrer-familie-bzw-der-sie-versorgenden-person-ueber-ihre-gefuehle\/#breadcrumb\"},\"inLanguage\":\"de\",\"potentialAction\":[{\"@type\":\"ReadAction\",\"target\":[\"https:\/\/www.heartfailurematters.org\/de\/leben-mit-herzinsuffizienz\/sprechen-sie-mit-ihrer-familie-bzw-der-sie-versorgenden-person-ueber-ihre-gefuehle\/\"]}]},{\"@type\":\"ImageObject\",\"inLanguage\":\"de\",\"@id\":\"https:\/\/www.heartfailurematters.org\/de\/leben-mit-herzinsuffizienz\/sprechen-sie-mit-ihrer-familie-bzw-der-sie-versorgenden-person-ueber-ihre-gefuehle\/#primaryimage\",\"url\":\"https:\/\/www.heartfailurematters.org\/wp-content\/uploads\/2022\/03\/shutterstock_326634329-1-min.jpg\",\"contentUrl\":\"https:\/\/www.heartfailurematters.org\/wp-content\/uploads\/2022\/03\/shutterstock_326634329-1-min.jpg\",\"width\":900,\"height\":600},{\"@type\":\"BreadcrumbList\",\"@id\":\"https:\/\/www.heartfailurematters.org\/de\/leben-mit-herzinsuffizienz\/sprechen-sie-mit-ihrer-familie-bzw-der-sie-versorgenden-person-ueber-ihre-gefuehle\/#breadcrumb\",\"itemListElement\":[{\"@type\":\"ListItem\",\"position\":1,\"name\":\"Startseite\",\"item\":\"https:\/\/www.heartfailurematters.org\/de\/\"},{\"@type\":\"ListItem\",\"position\":2,\"name\":\"Leben mit Herzinsuffizienz\",\"item\":\"https:\/\/www.heartfailurematters.org\/de\/leben-mit-herzinsuffizienz\/\"},{\"@type\":\"ListItem\",\"position\":3,\"name\":\"Sprechen Sie mit Ihrer Familie bzw. der Sie versorgenden Person \u00fcber Ihre Gef\u00fchle\"}]},{\"@type\":\"WebSite\",\"@id\":\"https:\/\/www.heartfailurematters.org\/de\/#website\",\"url\":\"https:\/\/www.heartfailurematters.org\/de\/\",\"name\":\"Heart Failure Matters\",\"description\":\"Practical information for patients, families and caregivers.\",\"publisher\":{\"@id\":\"https:\/\/www.heartfailurematters.org\/de\/#organization\"},\"potentialAction\":[{\"@type\":\"SearchAction\",\"target\":{\"@type\":\"EntryPoint\",\"urlTemplate\":\"https:\/\/www.heartfailurematters.org\/de\/?s={search_term_string}\"},\"query-input\":{\"@type\":\"PropertyValueSpecification\",\"valueRequired\":true,\"valueName\":\"search_term_string\"}}],\"inLanguage\":\"de\"},{\"@type\":\"Organization\",\"@id\":\"https:\/\/www.heartfailurematters.org\/de\/#organization\",\"name\":\"Heart Failure Matters\",\"url\":\"https:\/\/www.heartfailurematters.org\/de\/\",\"logo\":{\"@type\":\"ImageObject\",\"inLanguage\":\"de\",\"@id\":\"https:\/\/www.heartfailurematters.org\/de\/#\/schema\/logo\/image\/\",\"url\":\"https:\/\/cdn-endpoint-hfm.azureedge.net\/heartfailurematters\/2024\/07\/hfm-logo1.jpg\",\"contentUrl\":\"https:\/\/cdn-endpoint-hfm.azureedge.net\/heartfailurematters\/2024\/07\/hfm-logo1.jpg\",\"width\":1280,\"height\":720,\"caption\":\"Heart Failure Matters\"},\"image\":{\"@id\":\"https:\/\/www.heartfailurematters.org\/de\/#\/schema\/logo\/image\/\"},\"sameAs\":[\"https:\/\/www.facebook.com\/heartfailurematters\"]}]}<\/script>\n<!-- \/ Yoast SEO plugin. -->","yoast_head_json":{"title":"Sprechen Sie mit Ihrer Familie bzw. der Sie versorgenden Person \u00fcber Ihre Gef\u00fchle","description":"Viele Menschen bef\u00fcrchten, dass mit emotionalen Problemen ein gewisses Stigma verbunden ist. Seien Sie ganz beruhigt. Depressionen, Besorgniszust\u00e4nde und \u00c4ngste sind sehr h\u00e4ufig, wenn bei jemandem eine ernsthafte Erkrankung wie Herzinsuffizienz diagnostiziert wird.","robots":{"index":"index","follow":"follow","max-snippet":"max-snippet:-1","max-image-preview":"max-image-preview:large","max-video-preview":"max-video-preview:-1"},"canonical":"https:\/\/www.heartfailurematters.org\/de\/leben-mit-herzinsuffizienz\/sprechen-sie-mit-ihrer-familie-bzw-der-sie-versorgenden-person-ueber-ihre-gefuehle\/","og_locale":"de_DE","og_type":"article","og_title":"Sprechen Sie mit Ihrer Familie bzw. der Sie versorgenden Person \u00fcber Ihre Gef\u00fchle","og_description":"Viele Menschen bef\u00fcrchten, dass mit emotionalen Problemen ein gewisses Stigma verbunden ist. Seien Sie ganz beruhigt. Depressionen, Besorgniszust\u00e4nde und \u00c4ngste sind sehr h\u00e4ufig, wenn bei jemandem eine ernsthafte Erkrankung wie Herzinsuffizienz diagnostiziert wird.","og_url":"https:\/\/www.heartfailurematters.org\/de\/leben-mit-herzinsuffizienz\/sprechen-sie-mit-ihrer-familie-bzw-der-sie-versorgenden-person-ueber-ihre-gefuehle\/","og_site_name":"Heart Failure Matters","article_publisher":"https:\/\/www.facebook.com\/heartfailurematters","og_image":[{"width":900,"height":600,"url":"https:\/\/www.heartfailurematters.org\/wp-content\/uploads\/2022\/03\/shutterstock_326634329-1-min.jpg","type":"image\/jpeg"}],"twitter_card":"summary_large_image","twitter_misc":{"Gesch\u00e4tzte Lesezeit":"1\u00a0Minute"},"schema":{"@context":"https:\/\/schema.org","@graph":[{"@type":"WebPage","@id":"https:\/\/www.heartfailurematters.org\/de\/leben-mit-herzinsuffizienz\/sprechen-sie-mit-ihrer-familie-bzw-der-sie-versorgenden-person-ueber-ihre-gefuehle\/","url":"https:\/\/www.heartfailurematters.org\/de\/leben-mit-herzinsuffizienz\/sprechen-sie-mit-ihrer-familie-bzw-der-sie-versorgenden-person-ueber-ihre-gefuehle\/","name":"Sprechen Sie mit Ihrer Familie bzw. der Sie versorgenden Person \u00fcber Ihre Gef\u00fchle","isPartOf":{"@id":"https:\/\/www.heartfailurematters.org\/de\/#website"},"primaryImageOfPage":{"@id":"https:\/\/www.heartfailurematters.org\/de\/leben-mit-herzinsuffizienz\/sprechen-sie-mit-ihrer-familie-bzw-der-sie-versorgenden-person-ueber-ihre-gefuehle\/#primaryimage"},"image":{"@id":"https:\/\/www.heartfailurematters.org\/de\/leben-mit-herzinsuffizienz\/sprechen-sie-mit-ihrer-familie-bzw-der-sie-versorgenden-person-ueber-ihre-gefuehle\/#primaryimage"},"thumbnailUrl":"https:\/\/www.heartfailurematters.org\/wp-content\/uploads\/2022\/03\/shutterstock_326634329-1-min.jpg","datePublished":"2021-01-27T22:01:14+00:00","description":"Viele Menschen bef\u00fcrchten, dass mit emotionalen Problemen ein gewisses Stigma verbunden ist. Seien Sie ganz beruhigt. Depressionen, Besorgniszust\u00e4nde und \u00c4ngste sind sehr h\u00e4ufig, wenn bei jemandem eine ernsthafte Erkrankung wie Herzinsuffizienz diagnostiziert wird.","breadcrumb":{"@id":"https:\/\/www.heartfailurematters.org\/de\/leben-mit-herzinsuffizienz\/sprechen-sie-mit-ihrer-familie-bzw-der-sie-versorgenden-person-ueber-ihre-gefuehle\/#breadcrumb"},"inLanguage":"de","potentialAction":[{"@type":"ReadAction","target":["https:\/\/www.heartfailurematters.org\/de\/leben-mit-herzinsuffizienz\/sprechen-sie-mit-ihrer-familie-bzw-der-sie-versorgenden-person-ueber-ihre-gefuehle\/"]}]},{"@type":"ImageObject","inLanguage":"de","@id":"https:\/\/www.heartfailurematters.org\/de\/leben-mit-herzinsuffizienz\/sprechen-sie-mit-ihrer-familie-bzw-der-sie-versorgenden-person-ueber-ihre-gefuehle\/#primaryimage","url":"https:\/\/www.heartfailurematters.org\/wp-content\/uploads\/2022\/03\/shutterstock_326634329-1-min.jpg","contentUrl":"https:\/\/www.heartfailurematters.org\/wp-content\/uploads\/2022\/03\/shutterstock_326634329-1-min.jpg","width":900,"height":600},{"@type":"BreadcrumbList","@id":"https:\/\/www.heartfailurematters.org\/de\/leben-mit-herzinsuffizienz\/sprechen-sie-mit-ihrer-familie-bzw-der-sie-versorgenden-person-ueber-ihre-gefuehle\/#breadcrumb","itemListElement":[{"@type":"ListItem","position":1,"name":"Startseite","item":"https:\/\/www.heartfailurematters.org\/de\/"},{"@type":"ListItem","position":2,"name":"Leben mit Herzinsuffizienz","item":"https:\/\/www.heartfailurematters.org\/de\/leben-mit-herzinsuffizienz\/"},{"@type":"ListItem","position":3,"name":"Sprechen Sie mit Ihrer Familie bzw. der Sie versorgenden Person \u00fcber Ihre Gef\u00fchle"}]},{"@type":"WebSite","@id":"https:\/\/www.heartfailurematters.org\/de\/#website","url":"https:\/\/www.heartfailurematters.org\/de\/","name":"Heart Failure Matters","description":"Practical information for patients, families and caregivers.","publisher":{"@id":"https:\/\/www.heartfailurematters.org\/de\/#organization"},"potentialAction":[{"@type":"SearchAction","target":{"@type":"EntryPoint","urlTemplate":"https:\/\/www.heartfailurematters.org\/de\/?s={search_term_string}"},"query-input":{"@type":"PropertyValueSpecification","valueRequired":true,"valueName":"search_term_string"}}],"inLanguage":"de"},{"@type":"Organization","@id":"https:\/\/www.heartfailurematters.org\/de\/#organization","name":"Heart Failure Matters","url":"https:\/\/www.heartfailurematters.org\/de\/","logo":{"@type":"ImageObject","inLanguage":"de","@id":"https:\/\/www.heartfailurematters.org\/de\/#\/schema\/logo\/image\/","url":"https:\/\/cdn-endpoint-hfm.azureedge.net\/heartfailurematters\/2024\/07\/hfm-logo1.jpg","contentUrl":"https:\/\/cdn-endpoint-hfm.azureedge.net\/heartfailurematters\/2024\/07\/hfm-logo1.jpg","width":1280,"height":720,"caption":"Heart Failure Matters"},"image":{"@id":"https:\/\/www.heartfailurematters.org\/de\/#\/schema\/logo\/image\/"},"sameAs":["https:\/\/www.facebook.com\/heartfailurematters"]}]}},"_links":{"self":[{"href":"https:\/\/www.heartfailurematters.org\/de\/wp-json\/wp\/v2\/pages\/1604","targetHints":{"allow":["GET"]}}],"collection":[{"href":"https:\/\/www.heartfailurematters.org\/de\/wp-json\/wp\/v2\/pages"}],"about":[{"href":"https:\/\/www.heartfailurematters.org\/de\/wp-json\/wp\/v2\/types\/page"}],"author":[{"embeddable":true,"href":"https:\/\/www.heartfailurematters.org\/de\/wp-json\/wp\/v2\/users\/1"}],"replies":[{"embeddable":true,"href":"https:\/\/www.heartfailurematters.org\/de\/wp-json\/wp\/v2\/comments?post=1604"}],"version-history":[{"count":0,"href":"https:\/\/www.heartfailurematters.org\/de\/wp-json\/wp\/v2\/pages\/1604\/revisions"}],"up":[{"embeddable":true,"href":"https:\/\/www.heartfailurematters.org\/de\/wp-json\/wp\/v2\/pages\/2813"}],"wp:featuredmedia":[{"embeddable":true,"href":"https:\/\/www.heartfailurematters.org\/de\/wp-json\/wp\/v2\/media\/11144"}],"wp:attachment":[{"href":"https:\/\/www.heartfailurematters.org\/de\/wp-json\/wp\/v2\/media?parent=1604"}],"wp:term":[{"taxonomy":"category","embeddable":true,"href":"https:\/\/www.heartfailurematters.org\/de\/wp-json\/wp\/v2\/categories?post=1604"},{"taxonomy":"post_tag","embeddable":true,"href":"https:\/\/www.heartfailurematters.org\/de\/wp-json\/wp\/v2\/tags?post=1604"}],"curies":[{"name":"wp","href":"https:\/\/api.w.org\/{rel}","templated":true}]}}