{"id":1603,"date":"2021-01-27T22:01:14","date_gmt":"2021-01-27T22:01:14","guid":{"rendered":"http:\/\/heartfailurematters.local:8888\/angeborene-herzfehler\/"},"modified":"2025-12-04T11:29:41","modified_gmt":"2025-12-04T11:29:41","slug":"angeborene-herzfehler","status":"publish","type":"page","link":"https:\/\/www.heartfailurematters.org\/de\/zurueck-zu-ursachen-fuer-herzinsuffizienz-und-andere-haeufige-erkrankungen\/angeborene-herzfehler\/","title":{"rendered":"Angeborene Herzkrankheit bei Erwachsenen"},"content":{"rendered":"<p>Eine angeborene Herzkrankheit ist eine ungew\u00f6hnliche Struktur des Herzes, die von Geburt an vorliegt und zwischen 1-2&nbsp;% aller Lebendgeburten betrifft. Die Versorgungsqualit\u00e4t f\u00fcr Babys und Kinder mit angeborenen Herzerkrankungen hat sich in den vergangenen Jahrzehnten stark verbessert. Daher leben heute mehr Erwachsene mit angeborenen Herzerkrankungen als je zuvor. Angeborene Herzfehler k\u00f6nnen von leichten bis zu komplexen Schweregraden reichen. N\u00e4here Informationen zu den verschiedenen Arten von angeborenen Herzkrankheiten finden Sie <a href=\"https:\/\/www.mayoclinic.org\/diseases-conditions\/congenital-heart-defects-children\/symptoms-causes\/syc-20350074\" target=\"_blank\" rel=\"noopener\">hier<\/a>.<\/p>\n<p>Viele Erwachsene k\u00f6nnen ein gutes Leben mit angeborenen Herzkrankheiten f\u00fchren. Sie sind daran gewohnt, zur wiederholten Untersuchung des Herzes und der Symptome ins Krankenhaus zu gehen. Die Nachsorge mit einem Spezialistenteam ist wichtig, da Menschen mit angeborenen Herzkrankheiten eine h\u00f6here Wahrscheinlichkeit aufweisen, andere Herzkrankheiten zu entwickeln. Dies schlie\u00dft Herzrhythmusst\u00f6rungen (Arrhythmien), Infektionen des Herzes (Endokarditis), Bluthochdruck in der Lunge (pulmonale Hypertension) und Operationen oder andere Eingriffe wie Herzschrittmacher oder Defibrillatoren ein.<\/p>\n<p>Herzinsuffizienz ist eine g\u00e4ngige Langzeitkomplikation einer angeborenen Herzkrankheit. Zu den Faktoren, die zur Entwicklung einer Herzinsuffizienz beitragen, geh\u00f6ren strukturelle Probleme wie verdickte oder undichte Herzklappen, L\u00f6cher im Herz oder abnorme Blutgef\u00e4\u00dfverbindungen. Bei manchen Menschen befinden sich die Hauptpumpkammern des Herzes auf gegen\u00fcberliegenden Seiten, w\u00e4hrend manche Menschen nur eine einzige funktionierende Pumpkammer haben. In vielen dieser F\u00e4lle kann eine Operation oder eine andere Art von Eingriff dazu beitragen, die Struktur und Funktion des Herzes zu verbessern. Die Anzeichen und Symptome einer Herzinsuffizienz aufgrund angeborener Herzkrankheiten sind denen bei anderen Arten von Herzinsuffizienz sehr \u00e4hnlich, k\u00f6nnen jedoch schwieriger zu erkennen und zu behandeln sein. Deshalb ist eine regelm\u00e4\u00dfige Nachsorge in Spezialambulanzen f\u00fcr angeborene Herzkrankheiten wichtig. Diese k\u00f6nnen Bluttests und andere Untersuchungen durchf\u00fchren, die zur Fr\u00fcherkennung von \u00c4nderungen der Herzfunktion beitragen k\u00f6nnen.<\/p>\n<p>Im Laufe der Zeit kann eine Person mit angeborener Herzkrankheit eine eingeschr\u00e4nkte Funktion oder Versteifung der Pumpkammern im Herz (Ventrikel) entwickeln. Die Behandlung beinhaltet \u00fcblicherweise Medikamente und Ger\u00e4te, die auch bei Menschen mit Herzinsuffizienz ohne angeborene Herzerkrankung zum Einsatz kommen. In manchen F\u00e4llen kann ein Screening f\u00fcr eine Herztransplantation erforderlich sein. Wenn Sie von einer angeborenen Herzkrankheit betroffen sind, ist ein gesunder Lebensstil \u00fcberaus wichtig, einschlie\u00dflich regelm\u00e4\u00dfiger Bewegung und einer f\u00fcr die Herzgesundheit geeigneten Ern\u00e4hrung.<\/p>\n<p>Weitere Informationen dazu finden Sie <a href=\"https:\/\/www.mayoclinic.org\/diseases-conditions\/congenital-heart-defects-children\/symptoms-causes\/syc-20350074\" target=\"_blank\" rel=\"noopener\">hier<\/a>.<\/p>\n<h3>Was bedeutet Herzinsuffizienz bei angeborenen Herzerkrankungen?<\/h3>\n<p><iframe title=\"YouTube-Videoplayer\" src=\"https:\/\/www.youtube.com\/embed\/oXz_dkQ2PgI?si=wAEvAF8jqsrCNBDn\" width=\"560\" height=\"315\" frameborder=\"0\" allowfullscreen=\"allowfullscreen\"\/><\/p>\n<h3>Was k\u00f6nnen Patientinnen und Patienten tun, um mit Herzinsuffizienz und angeborener Herzerkrankung besser zu leben?<\/h3>\n<p><iframe title=\"YouTube-Videoplayer\" src=\"https:\/\/www.youtube.com\/embed\/xt89C35G030?si=poYS8XrU1Vf5Vk_H\" width=\"560\" height=\"315\" frameborder=\"0\" allowfullscreen=\"allowfullscreen\"\/><\/p>\n<h3>Welche Behandlungsm\u00f6glichkeiten gibt es f\u00fcr Menschen mit Herzinsuffizienz und angeborener Herzerkrankung?<\/h3>\n<p><iframe title=\"YouTube-Videoplayer\" src=\"https:\/\/www.youtube.com\/embed\/tCAQX2Rv4_E?si=rtD7-WqRU0FVGTkR\" width=\"560\" height=\"315\" frameborder=\"0\" allowfullscreen=\"allowfullscreen\"\/><\/p>\n<p><a title=\"Zur\u00fcck zu H\u00e4ufige Herzerkrankungen\" href=\"https:\/\/www.heartfailurematters.org\/heart-failure-causes-and-other-common-medical-conditions\/common-heart-conditions\/\">Zur\u00fcck zu H\u00e4ufige Herzerkrankungen<\/a><\/p>\n","protected":false},"excerpt":{"rendered":"<p>Eine angeborene Herzkrankheit ist eine ungew\u00f6hnliche Struktur des Herzes, die von Geburt an vorliegt und zwischen 1-2&nbsp;% aller Lebendgeburten betrifft. Die Versorgungsqualit\u00e4t f\u00fcr Babys und Kinder mit angeborenen Herzerkrankungen hat sich in den vergangenen Jahrzehnten stark verbessert. Daher leben heute mehr Erwachsene mit angeborenen Herzerkrankungen als je zuvor. Angeborene Herzfehler k\u00f6nnen von leichten bis zu [&hellip;]<\/p>\n","protected":false},"author":1,"featured_media":10747,"parent":8049,"menu_order":8,"comment_status":"open","ping_status":"open","template":"","meta":{"_acf_changed":false,"footnotes":""},"categories":[],"tags":[],"class_list":["post-1603","page","type-page","status-publish","has-post-thumbnail","hentry"],"acf":[],"yoast_head":"<!-- This site is optimized with the Yoast SEO plugin v24.8.1 - https:\/\/yoast.com\/wordpress\/plugins\/seo\/ -->\n<title>Angeborene Herzfehler und Herzinsuffizienz<\/title>\n<meta name=\"description\" content=\"Wenn Herz und Kammern vor der Geburt Fehlbildungen aufweisen, kann der Blutfluss im Herz oder in nahen Gef\u00e4\u00dfen blockiert sein oder abnorme Verbindungen zeigen.\" \/>\n<meta name=\"robots\" content=\"index, follow, max-snippet:-1, max-image-preview:large, max-video-preview:-1\" \/>\n<link rel=\"canonical\" href=\"https:\/\/www.heartfailurematters.org\/de\/zurueck-zu-ursachen-fuer-herzinsuffizienz-und-andere-haeufige-erkrankungen\/angeborene-herzfehler\/\" \/>\n<meta property=\"og:locale\" content=\"de_DE\" \/>\n<meta property=\"og:type\" content=\"article\" \/>\n<meta property=\"og:title\" content=\"Angeborene Herzfehler und Herzinsuffizienz\" \/>\n<meta property=\"og:description\" content=\"Wenn Herz und Kammern vor der Geburt Fehlbildungen aufweisen, kann der Blutfluss im Herz oder in nahen Gef\u00e4\u00dfen blockiert sein oder abnorme Verbindungen zeigen.\" \/>\n<meta property=\"og:url\" content=\"https:\/\/www.heartfailurematters.org\/de\/zurueck-zu-ursachen-fuer-herzinsuffizienz-und-andere-haeufige-erkrankungen\/angeborene-herzfehler\/\" \/>\n<meta property=\"og:site_name\" content=\"Heart Failure Matters\" \/>\n<meta property=\"article:publisher\" content=\"https:\/\/www.facebook.com\/heartfailurematters\" \/>\n<meta property=\"article:modified_time\" content=\"2025-12-04T11:29:41+00:00\" \/>\n<meta property=\"og:image\" content=\"https:\/\/www.heartfailurematters.org\/wp-content\/uploads\/2022\/03\/shutterstock_1673602240-1-min.jpg\" \/>\n\t<meta property=\"og:image:width\" content=\"900\" \/>\n\t<meta property=\"og:image:height\" content=\"601\" \/>\n\t<meta property=\"og:image:type\" content=\"image\/jpeg\" \/>\n<meta name=\"twitter:card\" content=\"summary_large_image\" \/>\n<meta name=\"twitter:label1\" content=\"Gesch\u00e4tzte Lesezeit\" \/>\n\t<meta name=\"twitter:data1\" content=\"2\u00a0Minuten\" \/>\n<script type=\"application\/ld+json\" class=\"yoast-schema-graph\">{\"@context\":\"https:\/\/schema.org\",\"@graph\":[{\"@type\":\"WebPage\",\"@id\":\"https:\/\/www.heartfailurematters.org\/de\/zurueck-zu-ursachen-fuer-herzinsuffizienz-und-andere-haeufige-erkrankungen\/angeborene-herzfehler\/\",\"url\":\"https:\/\/www.heartfailurematters.org\/de\/zurueck-zu-ursachen-fuer-herzinsuffizienz-und-andere-haeufige-erkrankungen\/angeborene-herzfehler\/\",\"name\":\"Angeborene Herzfehler und Herzinsuffizienz\",\"isPartOf\":{\"@id\":\"https:\/\/www.heartfailurematters.org\/de\/#website\"},\"primaryImageOfPage\":{\"@id\":\"https:\/\/www.heartfailurematters.org\/de\/zurueck-zu-ursachen-fuer-herzinsuffizienz-und-andere-haeufige-erkrankungen\/angeborene-herzfehler\/#primaryimage\"},\"image\":{\"@id\":\"https:\/\/www.heartfailurematters.org\/de\/zurueck-zu-ursachen-fuer-herzinsuffizienz-und-andere-haeufige-erkrankungen\/angeborene-herzfehler\/#primaryimage\"},\"thumbnailUrl\":\"https:\/\/www.heartfailurematters.org\/wp-content\/uploads\/2022\/03\/shutterstock_1673602240-1-min.jpg\",\"datePublished\":\"2021-01-27T22:01:14+00:00\",\"dateModified\":\"2025-12-04T11:29:41+00:00\",\"description\":\"Wenn Herz und Kammern vor der Geburt Fehlbildungen aufweisen, kann der Blutfluss im Herz oder in nahen Gef\u00e4\u00dfen blockiert sein oder abnorme Verbindungen zeigen.\",\"breadcrumb\":{\"@id\":\"https:\/\/www.heartfailurematters.org\/de\/zurueck-zu-ursachen-fuer-herzinsuffizienz-und-andere-haeufige-erkrankungen\/angeborene-herzfehler\/#breadcrumb\"},\"inLanguage\":\"de\",\"potentialAction\":[{\"@type\":\"ReadAction\",\"target\":[\"https:\/\/www.heartfailurematters.org\/de\/zurueck-zu-ursachen-fuer-herzinsuffizienz-und-andere-haeufige-erkrankungen\/angeborene-herzfehler\/\"]}]},{\"@type\":\"ImageObject\",\"inLanguage\":\"de\",\"@id\":\"https:\/\/www.heartfailurematters.org\/de\/zurueck-zu-ursachen-fuer-herzinsuffizienz-und-andere-haeufige-erkrankungen\/angeborene-herzfehler\/#primaryimage\",\"url\":\"https:\/\/www.heartfailurematters.org\/wp-content\/uploads\/2022\/03\/shutterstock_1673602240-1-min.jpg\",\"contentUrl\":\"https:\/\/www.heartfailurematters.org\/wp-content\/uploads\/2022\/03\/shutterstock_1673602240-1-min.jpg\",\"width\":900,\"height\":601},{\"@type\":\"BreadcrumbList\",\"@id\":\"https:\/\/www.heartfailurematters.org\/de\/zurueck-zu-ursachen-fuer-herzinsuffizienz-und-andere-haeufige-erkrankungen\/angeborene-herzfehler\/#breadcrumb\",\"itemListElement\":[{\"@type\":\"ListItem\",\"position\":1,\"name\":\"Startseite\",\"item\":\"https:\/\/www.heartfailurematters.org\/de\/\"},{\"@type\":\"ListItem\",\"position\":2,\"name\":\"Ursachen f\u00fcr Herzinsuffizienz und andere h\u00e4ufige Erkrankungen\",\"item\":\"https:\/\/www.heartfailurematters.org\/de\/zurueck-zu-ursachen-fuer-herzinsuffizienz-und-andere-haeufige-erkrankungen\/\"},{\"@type\":\"ListItem\",\"position\":3,\"name\":\"Angeborene Herzkrankheit bei Erwachsenen\"}]},{\"@type\":\"WebSite\",\"@id\":\"https:\/\/www.heartfailurematters.org\/de\/#website\",\"url\":\"https:\/\/www.heartfailurematters.org\/de\/\",\"name\":\"Heart Failure Matters\",\"description\":\"Practical information for patients, families and caregivers.\",\"publisher\":{\"@id\":\"https:\/\/www.heartfailurematters.org\/de\/#organization\"},\"potentialAction\":[{\"@type\":\"SearchAction\",\"target\":{\"@type\":\"EntryPoint\",\"urlTemplate\":\"https:\/\/www.heartfailurematters.org\/de\/?s={search_term_string}\"},\"query-input\":{\"@type\":\"PropertyValueSpecification\",\"valueRequired\":true,\"valueName\":\"search_term_string\"}}],\"inLanguage\":\"de\"},{\"@type\":\"Organization\",\"@id\":\"https:\/\/www.heartfailurematters.org\/de\/#organization\",\"name\":\"Heart Failure Matters\",\"url\":\"https:\/\/www.heartfailurematters.org\/de\/\",\"logo\":{\"@type\":\"ImageObject\",\"inLanguage\":\"de\",\"@id\":\"https:\/\/www.heartfailurematters.org\/de\/#\/schema\/logo\/image\/\",\"url\":\"https:\/\/cdn-endpoint-hfm.azureedge.net\/heartfailurematters\/2024\/07\/hfm-logo1.jpg\",\"contentUrl\":\"https:\/\/cdn-endpoint-hfm.azureedge.net\/heartfailurematters\/2024\/07\/hfm-logo1.jpg\",\"width\":1280,\"height\":720,\"caption\":\"Heart Failure Matters\"},\"image\":{\"@id\":\"https:\/\/www.heartfailurematters.org\/de\/#\/schema\/logo\/image\/\"},\"sameAs\":[\"https:\/\/www.facebook.com\/heartfailurematters\"]}]}<\/script>\n<!-- \/ Yoast SEO plugin. -->","yoast_head_json":{"title":"Angeborene Herzfehler und Herzinsuffizienz","description":"Wenn Herz und Kammern vor der Geburt Fehlbildungen aufweisen, kann der Blutfluss im Herz oder in nahen Gef\u00e4\u00dfen blockiert sein oder abnorme Verbindungen zeigen.","robots":{"index":"index","follow":"follow","max-snippet":"max-snippet:-1","max-image-preview":"max-image-preview:large","max-video-preview":"max-video-preview:-1"},"canonical":"https:\/\/www.heartfailurematters.org\/de\/zurueck-zu-ursachen-fuer-herzinsuffizienz-und-andere-haeufige-erkrankungen\/angeborene-herzfehler\/","og_locale":"de_DE","og_type":"article","og_title":"Angeborene Herzfehler und Herzinsuffizienz","og_description":"Wenn Herz und Kammern vor der Geburt Fehlbildungen aufweisen, kann der Blutfluss im Herz oder in nahen Gef\u00e4\u00dfen blockiert sein oder abnorme Verbindungen zeigen.","og_url":"https:\/\/www.heartfailurematters.org\/de\/zurueck-zu-ursachen-fuer-herzinsuffizienz-und-andere-haeufige-erkrankungen\/angeborene-herzfehler\/","og_site_name":"Heart Failure Matters","article_publisher":"https:\/\/www.facebook.com\/heartfailurematters","article_modified_time":"2025-12-04T11:29:41+00:00","og_image":[{"width":900,"height":601,"url":"https:\/\/www.heartfailurematters.org\/wp-content\/uploads\/2022\/03\/shutterstock_1673602240-1-min.jpg","type":"image\/jpeg"}],"twitter_card":"summary_large_image","twitter_misc":{"Gesch\u00e4tzte Lesezeit":"2\u00a0Minuten"},"schema":{"@context":"https:\/\/schema.org","@graph":[{"@type":"WebPage","@id":"https:\/\/www.heartfailurematters.org\/de\/zurueck-zu-ursachen-fuer-herzinsuffizienz-und-andere-haeufige-erkrankungen\/angeborene-herzfehler\/","url":"https:\/\/www.heartfailurematters.org\/de\/zurueck-zu-ursachen-fuer-herzinsuffizienz-und-andere-haeufige-erkrankungen\/angeborene-herzfehler\/","name":"Angeborene Herzfehler und Herzinsuffizienz","isPartOf":{"@id":"https:\/\/www.heartfailurematters.org\/de\/#website"},"primaryImageOfPage":{"@id":"https:\/\/www.heartfailurematters.org\/de\/zurueck-zu-ursachen-fuer-herzinsuffizienz-und-andere-haeufige-erkrankungen\/angeborene-herzfehler\/#primaryimage"},"image":{"@id":"https:\/\/www.heartfailurematters.org\/de\/zurueck-zu-ursachen-fuer-herzinsuffizienz-und-andere-haeufige-erkrankungen\/angeborene-herzfehler\/#primaryimage"},"thumbnailUrl":"https:\/\/www.heartfailurematters.org\/wp-content\/uploads\/2022\/03\/shutterstock_1673602240-1-min.jpg","datePublished":"2021-01-27T22:01:14+00:00","dateModified":"2025-12-04T11:29:41+00:00","description":"Wenn Herz und Kammern vor der Geburt Fehlbildungen aufweisen, kann der Blutfluss im Herz oder in nahen Gef\u00e4\u00dfen blockiert sein oder abnorme Verbindungen zeigen.","breadcrumb":{"@id":"https:\/\/www.heartfailurematters.org\/de\/zurueck-zu-ursachen-fuer-herzinsuffizienz-und-andere-haeufige-erkrankungen\/angeborene-herzfehler\/#breadcrumb"},"inLanguage":"de","potentialAction":[{"@type":"ReadAction","target":["https:\/\/www.heartfailurematters.org\/de\/zurueck-zu-ursachen-fuer-herzinsuffizienz-und-andere-haeufige-erkrankungen\/angeborene-herzfehler\/"]}]},{"@type":"ImageObject","inLanguage":"de","@id":"https:\/\/www.heartfailurematters.org\/de\/zurueck-zu-ursachen-fuer-herzinsuffizienz-und-andere-haeufige-erkrankungen\/angeborene-herzfehler\/#primaryimage","url":"https:\/\/www.heartfailurematters.org\/wp-content\/uploads\/2022\/03\/shutterstock_1673602240-1-min.jpg","contentUrl":"https:\/\/www.heartfailurematters.org\/wp-content\/uploads\/2022\/03\/shutterstock_1673602240-1-min.jpg","width":900,"height":601},{"@type":"BreadcrumbList","@id":"https:\/\/www.heartfailurematters.org\/de\/zurueck-zu-ursachen-fuer-herzinsuffizienz-und-andere-haeufige-erkrankungen\/angeborene-herzfehler\/#breadcrumb","itemListElement":[{"@type":"ListItem","position":1,"name":"Startseite","item":"https:\/\/www.heartfailurematters.org\/de\/"},{"@type":"ListItem","position":2,"name":"Ursachen f\u00fcr Herzinsuffizienz und andere h\u00e4ufige Erkrankungen","item":"https:\/\/www.heartfailurematters.org\/de\/zurueck-zu-ursachen-fuer-herzinsuffizienz-und-andere-haeufige-erkrankungen\/"},{"@type":"ListItem","position":3,"name":"Angeborene Herzkrankheit bei Erwachsenen"}]},{"@type":"WebSite","@id":"https:\/\/www.heartfailurematters.org\/de\/#website","url":"https:\/\/www.heartfailurematters.org\/de\/","name":"Heart Failure Matters","description":"Practical information for patients, families and caregivers.","publisher":{"@id":"https:\/\/www.heartfailurematters.org\/de\/#organization"},"potentialAction":[{"@type":"SearchAction","target":{"@type":"EntryPoint","urlTemplate":"https:\/\/www.heartfailurematters.org\/de\/?s={search_term_string}"},"query-input":{"@type":"PropertyValueSpecification","valueRequired":true,"valueName":"search_term_string"}}],"inLanguage":"de"},{"@type":"Organization","@id":"https:\/\/www.heartfailurematters.org\/de\/#organization","name":"Heart Failure Matters","url":"https:\/\/www.heartfailurematters.org\/de\/","logo":{"@type":"ImageObject","inLanguage":"de","@id":"https:\/\/www.heartfailurematters.org\/de\/#\/schema\/logo\/image\/","url":"https:\/\/cdn-endpoint-hfm.azureedge.net\/heartfailurematters\/2024\/07\/hfm-logo1.jpg","contentUrl":"https:\/\/cdn-endpoint-hfm.azureedge.net\/heartfailurematters\/2024\/07\/hfm-logo1.jpg","width":1280,"height":720,"caption":"Heart Failure Matters"},"image":{"@id":"https:\/\/www.heartfailurematters.org\/de\/#\/schema\/logo\/image\/"},"sameAs":["https:\/\/www.facebook.com\/heartfailurematters"]}]}},"_links":{"self":[{"href":"https:\/\/www.heartfailurematters.org\/de\/wp-json\/wp\/v2\/pages\/1603","targetHints":{"allow":["GET"]}}],"collection":[{"href":"https:\/\/www.heartfailurematters.org\/de\/wp-json\/wp\/v2\/pages"}],"about":[{"href":"https:\/\/www.heartfailurematters.org\/de\/wp-json\/wp\/v2\/types\/page"}],"author":[{"embeddable":true,"href":"https:\/\/www.heartfailurematters.org\/de\/wp-json\/wp\/v2\/users\/1"}],"replies":[{"embeddable":true,"href":"https:\/\/www.heartfailurematters.org\/de\/wp-json\/wp\/v2\/comments?post=1603"}],"version-history":[{"count":1,"href":"https:\/\/www.heartfailurematters.org\/de\/wp-json\/wp\/v2\/pages\/1603\/revisions"}],"predecessor-version":[{"id":13647,"href":"https:\/\/www.heartfailurematters.org\/de\/wp-json\/wp\/v2\/pages\/1603\/revisions\/13647"}],"up":[{"embeddable":true,"href":"https:\/\/www.heartfailurematters.org\/de\/wp-json\/wp\/v2\/pages\/8049"}],"wp:featuredmedia":[{"embeddable":true,"href":"https:\/\/www.heartfailurematters.org\/de\/wp-json\/wp\/v2\/media\/10747"}],"wp:attachment":[{"href":"https:\/\/www.heartfailurematters.org\/de\/wp-json\/wp\/v2\/media?parent=1603"}],"wp:term":[{"taxonomy":"category","embeddable":true,"href":"https:\/\/www.heartfailurematters.org\/de\/wp-json\/wp\/v2\/categories?post=1603"},{"taxonomy":"post_tag","embeddable":true,"href":"https:\/\/www.heartfailurematters.org\/de\/wp-json\/wp\/v2\/tags?post=1603"}],"curies":[{"name":"wp","href":"https:\/\/api.w.org\/{rel}","templated":true}]}}