{"id":1599,"date":"2021-01-27T22:01:14","date_gmt":"2021-01-27T22:01:14","guid":{"rendered":"http:\/\/heartfailurematters.local:8888\/was-laeuft-bei-einer-herzinsuffizienz-schief\/"},"modified":"2021-01-27T22:01:14","modified_gmt":"2021-01-27T22:01:14","slug":"was-laeuft-bei-einer-herzinsuffizienz-schief","status":"publish","type":"page","link":"https:\/\/www.heartfailurematters.org\/de\/herzinsuffizienz-verstehen\/was-laeuft-bei-einer-herzinsuffizienz-schief\/","title":{"rendered":"Was l\u00e4uft bei einer Herzinsuffizienz schief?"},"content":{"rendered":"<p>Bei einer Herzinsuffizienz liegt eine Herzschw\u00e4che vor, Ihr Herz tut sich schwer daran, das Blut durch den K\u00f6rper zu pumpen. Dies kann vielerlei Gr\u00fcnde haben. Meist liegt die Ursache in einer anderen jetzigen (oder fr\u00fcheren) Erkrankung (z. B. eine <strong>koronaren Herzkrankheit<\/strong><\/a> mit einem <strong>Herzanfall<\/strong><\/a>), die Ihren Herzmuskel gesch\u00e4digt hat oder eine zus\u00e4tzliche Arbeitsbelastung (z. B. Bluthochdruck) f\u00fcr Ihr Herz mit sich bringt.<\/p>\n<p>Diese Sch\u00e4digung oder zus\u00e4tzliche Belastung kann sich auf das Zusammenziehen (Kontraktion) oder die F\u00fcllung (Entspannung) Ihres Herzens auswirken, h\u00e4ufig auch auf beides.<\/p>\n<p>Wenn sich Ihr Herz nicht ausreichend entspannt, wie es sollte, kann es nicht gen\u00fcgend Blut aus den <strong>Ventrikeln <\/strong><\/a>auswerfen. Wenn sich Ihr Herz nicht richtig entleert und vollst\u00e4ndig entspannt, kann weniger Blut in das Herz nachstr\u00f6men, sodass weniger Blut zur Verf\u00fcgung steht, um aus dem Herzen gepumpt zu werden.<\/p>\n<p>Die Herzinsuffizienz hat zwei Hauptwirkungen. Zum einen gelangt nicht gen\u00fcgend Blut in den K\u00f6rper, was <strong>Abgeschlagenheit<\/strong><\/a> hervorrufen kann. Zum anderen staut sich Blut vor dem Herzeinlass auf. Dieser Blutstau bewirkt, dass aus Ihren Blutgef\u00e4\u00dfen Fl\u00fcssigkeit in die umliegenden Gewebe gedr\u00fcckt wird. Dies hat eine <strong>Fl\u00fcssigkeitsansammlung<\/strong><\/a>(gew\u00f6hnlich in den Beinen und im Bauchraum) zur Folge und erzeugt einen <strong>Stauungszustand <\/strong><\/a>in den Lungen.<\/p>\n<p>Zun\u00e4chst wird Ihr K\u00f6rper versuchen, sich anzupassen, um die mangelhafte Pumpleistung Ihres schwachen Herzens zu kompensieren. Diese Kompensationsversuche k\u00f6nnen jedoch nur eine begrenzte Zeit lang aufrechterhalten werden. Langfristig gesehen, k\u00f6nnen solche Versuche Ihr Herz sogar noch weiter schw\u00e4chen.<\/p>\n<p>Klicken Sie hier, um zu erfahren, wie Ihr Herz und Organismus versuchen, sich einander anzupassen, um die Bed\u00fcrfnisse Ihres K\u00f6rpers weiter zu erf\u00fcllen.<\/a><\/p>\n","protected":false},"excerpt":{"rendered":"<p>Bei einer Herzinsuffizienz liegt eine Herzschw\u00e4che vor, Ihr Herz tut sich schwer daran, das Blut durch den K\u00f6rper zu pumpen. Dies kann vielerlei Gr\u00fcnde haben. Meist liegt die Ursache in einer anderen jetzigen (oder fr\u00fcheren) Erkrankung (z. B. eine koronaren Herzkrankheit mit einem Herzanfall), die Ihren Herzmuskel gesch\u00e4digt hat oder eine zus\u00e4tzliche Arbeitsbelastung (z. B. [&hellip;]<\/p>\n","protected":false},"author":1,"featured_media":10585,"parent":1371,"menu_order":8,"comment_status":"open","ping_status":"closed","template":"","meta":{"_acf_changed":false,"footnotes":""},"categories":[119],"tags":[],"class_list":["post-1599","page","type-page","status-publish","has-post-thumbnail","hentry","category-understanding-heart-failure-de"],"acf":[],"yoast_head":"<!-- This site is optimized with the Yoast SEO plugin v24.8.1 - https:\/\/yoast.com\/wordpress\/plugins\/seo\/ -->\n<title>Was l\u00e4uft bei einer Herzinsuffizienz schief?<\/title>\n<meta name=\"description\" content=\"Bei einer Herzinsuffizienz hat das Herz Schwierigkeiten, Blut zu pumpen. Erfahren Sie, wie dies das Zusammenziehen oder F\u00fcllen Ihres Herzes beeinflussen kann, oder beides.\" \/>\n<meta name=\"robots\" content=\"index, follow, max-snippet:-1, max-image-preview:large, max-video-preview:-1\" \/>\n<link rel=\"canonical\" href=\"https:\/\/www.heartfailurematters.org\/de\/herzinsuffizienz-verstehen\/was-laeuft-bei-einer-herzinsuffizienz-schief\/\" \/>\n<meta property=\"og:locale\" content=\"de_DE\" \/>\n<meta property=\"og:type\" content=\"article\" \/>\n<meta property=\"og:title\" content=\"Was l\u00e4uft bei einer Herzinsuffizienz schief?\" \/>\n<meta property=\"og:description\" content=\"Bei einer Herzinsuffizienz hat das Herz Schwierigkeiten, Blut zu pumpen. Erfahren Sie, wie dies das Zusammenziehen oder F\u00fcllen Ihres Herzes beeinflussen kann, oder beides.\" \/>\n<meta property=\"og:url\" content=\"https:\/\/www.heartfailurematters.org\/de\/herzinsuffizienz-verstehen\/was-laeuft-bei-einer-herzinsuffizienz-schief\/\" \/>\n<meta property=\"og:site_name\" content=\"Heart Failure Matters\" \/>\n<meta property=\"article:publisher\" content=\"https:\/\/www.facebook.com\/heartfailurematters\" \/>\n<meta property=\"og:image\" content=\"https:\/\/www.heartfailurematters.org\/wp-content\/uploads\/2022\/02\/shutterstock_130170596-1-min.jpg?_t=1773222388\" \/>\n\t<meta property=\"og:image:width\" content=\"900\" \/>\n\t<meta property=\"og:image:height\" content=\"600\" \/>\n\t<meta property=\"og:image:type\" content=\"image\/jpeg\" \/>\n<meta name=\"twitter:card\" content=\"summary_large_image\" \/>\n<meta name=\"twitter:label1\" content=\"Gesch\u00e4tzte Lesezeit\" \/>\n\t<meta name=\"twitter:data1\" content=\"1\u00a0Minute\" \/>\n<script type=\"application\/ld+json\" class=\"yoast-schema-graph\">{\"@context\":\"https:\/\/schema.org\",\"@graph\":[{\"@type\":\"WebPage\",\"@id\":\"https:\/\/www.heartfailurematters.org\/de\/herzinsuffizienz-verstehen\/was-laeuft-bei-einer-herzinsuffizienz-schief\/\",\"url\":\"https:\/\/www.heartfailurematters.org\/de\/herzinsuffizienz-verstehen\/was-laeuft-bei-einer-herzinsuffizienz-schief\/\",\"name\":\"Was l\u00e4uft bei einer Herzinsuffizienz schief?\",\"isPartOf\":{\"@id\":\"https:\/\/www.heartfailurematters.org\/de\/#website\"},\"primaryImageOfPage\":{\"@id\":\"https:\/\/www.heartfailurematters.org\/de\/herzinsuffizienz-verstehen\/was-laeuft-bei-einer-herzinsuffizienz-schief\/#primaryimage\"},\"image\":{\"@id\":\"https:\/\/www.heartfailurematters.org\/de\/herzinsuffizienz-verstehen\/was-laeuft-bei-einer-herzinsuffizienz-schief\/#primaryimage\"},\"thumbnailUrl\":\"https:\/\/www.heartfailurematters.org\/wp-content\/uploads\/2022\/02\/shutterstock_130170596-1-min.jpg\",\"datePublished\":\"2021-01-27T22:01:14+00:00\",\"description\":\"Bei einer Herzinsuffizienz hat das Herz Schwierigkeiten, Blut zu pumpen. Erfahren Sie, wie dies das Zusammenziehen oder F\u00fcllen Ihres Herzes beeinflussen kann, oder beides.\",\"breadcrumb\":{\"@id\":\"https:\/\/www.heartfailurematters.org\/de\/herzinsuffizienz-verstehen\/was-laeuft-bei-einer-herzinsuffizienz-schief\/#breadcrumb\"},\"inLanguage\":\"de\",\"potentialAction\":[{\"@type\":\"ReadAction\",\"target\":[\"https:\/\/www.heartfailurematters.org\/de\/herzinsuffizienz-verstehen\/was-laeuft-bei-einer-herzinsuffizienz-schief\/\"]}]},{\"@type\":\"ImageObject\",\"inLanguage\":\"de\",\"@id\":\"https:\/\/www.heartfailurematters.org\/de\/herzinsuffizienz-verstehen\/was-laeuft-bei-einer-herzinsuffizienz-schief\/#primaryimage\",\"url\":\"https:\/\/www.heartfailurematters.org\/wp-content\/uploads\/2022\/02\/shutterstock_130170596-1-min.jpg\",\"contentUrl\":\"https:\/\/www.heartfailurematters.org\/wp-content\/uploads\/2022\/02\/shutterstock_130170596-1-min.jpg\",\"width\":900,\"height\":600},{\"@type\":\"BreadcrumbList\",\"@id\":\"https:\/\/www.heartfailurematters.org\/de\/herzinsuffizienz-verstehen\/was-laeuft-bei-einer-herzinsuffizienz-schief\/#breadcrumb\",\"itemListElement\":[{\"@type\":\"ListItem\",\"position\":1,\"name\":\"Startseite\",\"item\":\"https:\/\/www.heartfailurematters.org\/de\/\"},{\"@type\":\"ListItem\",\"position\":2,\"name\":\"Herzinsuffizienz verstehen\",\"item\":\"https:\/\/www.heartfailurematters.org\/de\/herzinsuffizienz-verstehen\/\"},{\"@type\":\"ListItem\",\"position\":3,\"name\":\"Was l\u00e4uft bei einer Herzinsuffizienz schief?\"}]},{\"@type\":\"WebSite\",\"@id\":\"https:\/\/www.heartfailurematters.org\/de\/#website\",\"url\":\"https:\/\/www.heartfailurematters.org\/de\/\",\"name\":\"Heart Failure Matters\",\"description\":\"Practical information for patients, families and caregivers.\",\"publisher\":{\"@id\":\"https:\/\/www.heartfailurematters.org\/de\/#organization\"},\"potentialAction\":[{\"@type\":\"SearchAction\",\"target\":{\"@type\":\"EntryPoint\",\"urlTemplate\":\"https:\/\/www.heartfailurematters.org\/de\/?s={search_term_string}\"},\"query-input\":{\"@type\":\"PropertyValueSpecification\",\"valueRequired\":true,\"valueName\":\"search_term_string\"}}],\"inLanguage\":\"de\"},{\"@type\":\"Organization\",\"@id\":\"https:\/\/www.heartfailurematters.org\/de\/#organization\",\"name\":\"Heart Failure Matters\",\"url\":\"https:\/\/www.heartfailurematters.org\/de\/\",\"logo\":{\"@type\":\"ImageObject\",\"inLanguage\":\"de\",\"@id\":\"https:\/\/www.heartfailurematters.org\/de\/#\/schema\/logo\/image\/\",\"url\":\"https:\/\/cdn-endpoint-hfm.azureedge.net\/heartfailurematters\/2024\/07\/hfm-logo1.jpg\",\"contentUrl\":\"https:\/\/cdn-endpoint-hfm.azureedge.net\/heartfailurematters\/2024\/07\/hfm-logo1.jpg\",\"width\":1280,\"height\":720,\"caption\":\"Heart Failure Matters\"},\"image\":{\"@id\":\"https:\/\/www.heartfailurematters.org\/de\/#\/schema\/logo\/image\/\"},\"sameAs\":[\"https:\/\/www.facebook.com\/heartfailurematters\"]}]}<\/script>\n<!-- \/ Yoast SEO plugin. -->","yoast_head_json":{"title":"Was l\u00e4uft bei einer Herzinsuffizienz schief?","description":"Bei einer Herzinsuffizienz hat das Herz Schwierigkeiten, Blut zu pumpen. Erfahren Sie, wie dies das Zusammenziehen oder F\u00fcllen Ihres Herzes beeinflussen kann, oder beides.","robots":{"index":"index","follow":"follow","max-snippet":"max-snippet:-1","max-image-preview":"max-image-preview:large","max-video-preview":"max-video-preview:-1"},"canonical":"https:\/\/www.heartfailurematters.org\/de\/herzinsuffizienz-verstehen\/was-laeuft-bei-einer-herzinsuffizienz-schief\/","og_locale":"de_DE","og_type":"article","og_title":"Was l\u00e4uft bei einer Herzinsuffizienz schief?","og_description":"Bei einer Herzinsuffizienz hat das Herz Schwierigkeiten, Blut zu pumpen. Erfahren Sie, wie dies das Zusammenziehen oder F\u00fcllen Ihres Herzes beeinflussen kann, oder beides.","og_url":"https:\/\/www.heartfailurematters.org\/de\/herzinsuffizienz-verstehen\/was-laeuft-bei-einer-herzinsuffizienz-schief\/","og_site_name":"Heart Failure Matters","article_publisher":"https:\/\/www.facebook.com\/heartfailurematters","og_image":[{"width":900,"height":600,"url":"https:\/\/www.heartfailurematters.org\/wp-content\/uploads\/2022\/02\/shutterstock_130170596-1-min.jpg?_t=1773222388","type":"image\/jpeg"}],"twitter_card":"summary_large_image","twitter_misc":{"Gesch\u00e4tzte Lesezeit":"1\u00a0Minute"},"schema":{"@context":"https:\/\/schema.org","@graph":[{"@type":"WebPage","@id":"https:\/\/www.heartfailurematters.org\/de\/herzinsuffizienz-verstehen\/was-laeuft-bei-einer-herzinsuffizienz-schief\/","url":"https:\/\/www.heartfailurematters.org\/de\/herzinsuffizienz-verstehen\/was-laeuft-bei-einer-herzinsuffizienz-schief\/","name":"Was l\u00e4uft bei einer Herzinsuffizienz schief?","isPartOf":{"@id":"https:\/\/www.heartfailurematters.org\/de\/#website"},"primaryImageOfPage":{"@id":"https:\/\/www.heartfailurematters.org\/de\/herzinsuffizienz-verstehen\/was-laeuft-bei-einer-herzinsuffizienz-schief\/#primaryimage"},"image":{"@id":"https:\/\/www.heartfailurematters.org\/de\/herzinsuffizienz-verstehen\/was-laeuft-bei-einer-herzinsuffizienz-schief\/#primaryimage"},"thumbnailUrl":"https:\/\/www.heartfailurematters.org\/wp-content\/uploads\/2022\/02\/shutterstock_130170596-1-min.jpg","datePublished":"2021-01-27T22:01:14+00:00","description":"Bei einer Herzinsuffizienz hat das Herz Schwierigkeiten, Blut zu pumpen. Erfahren Sie, wie dies das Zusammenziehen oder F\u00fcllen Ihres Herzes beeinflussen kann, oder beides.","breadcrumb":{"@id":"https:\/\/www.heartfailurematters.org\/de\/herzinsuffizienz-verstehen\/was-laeuft-bei-einer-herzinsuffizienz-schief\/#breadcrumb"},"inLanguage":"de","potentialAction":[{"@type":"ReadAction","target":["https:\/\/www.heartfailurematters.org\/de\/herzinsuffizienz-verstehen\/was-laeuft-bei-einer-herzinsuffizienz-schief\/"]}]},{"@type":"ImageObject","inLanguage":"de","@id":"https:\/\/www.heartfailurematters.org\/de\/herzinsuffizienz-verstehen\/was-laeuft-bei-einer-herzinsuffizienz-schief\/#primaryimage","url":"https:\/\/www.heartfailurematters.org\/wp-content\/uploads\/2022\/02\/shutterstock_130170596-1-min.jpg","contentUrl":"https:\/\/www.heartfailurematters.org\/wp-content\/uploads\/2022\/02\/shutterstock_130170596-1-min.jpg","width":900,"height":600},{"@type":"BreadcrumbList","@id":"https:\/\/www.heartfailurematters.org\/de\/herzinsuffizienz-verstehen\/was-laeuft-bei-einer-herzinsuffizienz-schief\/#breadcrumb","itemListElement":[{"@type":"ListItem","position":1,"name":"Startseite","item":"https:\/\/www.heartfailurematters.org\/de\/"},{"@type":"ListItem","position":2,"name":"Herzinsuffizienz verstehen","item":"https:\/\/www.heartfailurematters.org\/de\/herzinsuffizienz-verstehen\/"},{"@type":"ListItem","position":3,"name":"Was l\u00e4uft bei einer Herzinsuffizienz schief?"}]},{"@type":"WebSite","@id":"https:\/\/www.heartfailurematters.org\/de\/#website","url":"https:\/\/www.heartfailurematters.org\/de\/","name":"Heart Failure Matters","description":"Practical information for patients, families and caregivers.","publisher":{"@id":"https:\/\/www.heartfailurematters.org\/de\/#organization"},"potentialAction":[{"@type":"SearchAction","target":{"@type":"EntryPoint","urlTemplate":"https:\/\/www.heartfailurematters.org\/de\/?s={search_term_string}"},"query-input":{"@type":"PropertyValueSpecification","valueRequired":true,"valueName":"search_term_string"}}],"inLanguage":"de"},{"@type":"Organization","@id":"https:\/\/www.heartfailurematters.org\/de\/#organization","name":"Heart Failure Matters","url":"https:\/\/www.heartfailurematters.org\/de\/","logo":{"@type":"ImageObject","inLanguage":"de","@id":"https:\/\/www.heartfailurematters.org\/de\/#\/schema\/logo\/image\/","url":"https:\/\/cdn-endpoint-hfm.azureedge.net\/heartfailurematters\/2024\/07\/hfm-logo1.jpg","contentUrl":"https:\/\/cdn-endpoint-hfm.azureedge.net\/heartfailurematters\/2024\/07\/hfm-logo1.jpg","width":1280,"height":720,"caption":"Heart Failure Matters"},"image":{"@id":"https:\/\/www.heartfailurematters.org\/de\/#\/schema\/logo\/image\/"},"sameAs":["https:\/\/www.facebook.com\/heartfailurematters"]}]}},"_links":{"self":[{"href":"https:\/\/www.heartfailurematters.org\/de\/wp-json\/wp\/v2\/pages\/1599","targetHints":{"allow":["GET"]}}],"collection":[{"href":"https:\/\/www.heartfailurematters.org\/de\/wp-json\/wp\/v2\/pages"}],"about":[{"href":"https:\/\/www.heartfailurematters.org\/de\/wp-json\/wp\/v2\/types\/page"}],"author":[{"embeddable":true,"href":"https:\/\/www.heartfailurematters.org\/de\/wp-json\/wp\/v2\/users\/1"}],"replies":[{"embeddable":true,"href":"https:\/\/www.heartfailurematters.org\/de\/wp-json\/wp\/v2\/comments?post=1599"}],"version-history":[{"count":0,"href":"https:\/\/www.heartfailurematters.org\/de\/wp-json\/wp\/v2\/pages\/1599\/revisions"}],"up":[{"embeddable":true,"href":"https:\/\/www.heartfailurematters.org\/de\/wp-json\/wp\/v2\/pages\/1371"}],"wp:featuredmedia":[{"embeddable":true,"href":"https:\/\/www.heartfailurematters.org\/de\/wp-json\/wp\/v2\/media\/10585"}],"wp:attachment":[{"href":"https:\/\/www.heartfailurematters.org\/de\/wp-json\/wp\/v2\/media?parent=1599"}],"wp:term":[{"taxonomy":"category","embeddable":true,"href":"https:\/\/www.heartfailurematters.org\/de\/wp-json\/wp\/v2\/categories?post=1599"},{"taxonomy":"post_tag","embeddable":true,"href":"https:\/\/www.heartfailurematters.org\/de\/wp-json\/wp\/v2\/tags?post=1599"}],"curies":[{"name":"wp","href":"https:\/\/api.w.org\/{rel}","templated":true}]}}