{"id":1598,"date":"2021-01-27T22:01:14","date_gmt":"2021-01-27T22:01:14","guid":{"rendered":"http:\/\/heartfailurematters.local:8888\/beziehungen-und-gemuetsverfassung\/"},"modified":"2025-12-04T11:24:19","modified_gmt":"2025-12-04T11:24:19","slug":"beziehungen-und-gemuetsverfassung","status":"publish","type":"page","link":"https:\/\/www.heartfailurematters.org\/de\/fragen-sie-ihren-arzt\/beziehungen-und-gemuetsverfassung\/","title":{"rendered":"Beziehungen und Emotionen"},"content":{"rendered":"<p>Viele Menschen mit Herzinsuffizienz haben viele Fragen, z. B. dazu, wie es ihnen nach der Diagnose geht und welche Lebensauswirkungen ihr Zustand haben kann. Diese Website stellt Informationen und Tipps zum Leben mit Herzinsuffizienz und zum Umgang mit Ihren Emotionen und Ihren Beziehungen bereit, obgleich es bisweilen hilfreich sein kann, diese Gef\u00fchle in einem Gespr\u00e4ch mit Ihrem Arzt oder Ihrem Pflegeexperten zu er\u00f6rtern.<\/p>\n<h2>Seit ich mit Herzinsuffizienz diagnostiziert wurde, f\u00fchle ich mich niedergeschlagen. Welche Hilfsm\u00f6glichkeiten stehen zur Verf\u00fcgung?<\/h2>\n<p>Depressionen und Angstzust\u00e4nde sind bei Menschen mit k\u00fcrzlich diagnostizierter Herzinsuffizienz keine Seltenheit. Wenn diese Gef\u00fchle jedoch anhalten, kann ein \u00e4rztliches Gespr\u00e4ch hilfreich sein. Ihre \u00c4rztin\/Ihr Arzt kann Ihnen m\u00f6glicherweise dabei helfen, mit Ihrer Diagnose zurechtzukommen und Ihren Lebensstil nach Bedarf anzupassen oder Ihnen wenn n\u00f6tig therapeutische Beratung empfehlen. M\u00f6glicherweise sollten Ihre Medikamente angepasst oder umgestellt werden.<\/p>\n<h2>Bin ich noch dazu f\u00e4hig, sexuelle Beziehungen zu haben?<\/h2>\n<p>Genauso wie Sie nach Ihrer Herzinsuffizienz-Diagnose bestimmte besonders anstrengende Aktivit\u00e4ten vermeiden sollten, sind m\u00f6glicherweise \u00c4nderungen in Ihrem Sexualleben erforderlich. Dies bedeutet meistens nicht, dass Sie komplett auf sexuelle Aktivit\u00e4ten verzichten m\u00fcssen. Ihr \u00c4rztin\/Ihr Arzt\/Ihr Pflegeexperte kann Sie jedoch dabei beraten, welches sexuelle Aktivit\u00e4tsma\u00df f\u00fcr Sie geeignet ist. M\u00f6glicherweise f\u00e4llt Ihnen auf, dass Ihr Interesse an Sex zur\u00fcckgeht. Dies kann auf Angstgef\u00fchle oder Depressionen zur\u00fcckzuf\u00fchren sein, die durch Ihre Herzinsuffizienz verursacht werden. Besprechen Sie dies unbedingt in einem mit Ihrem Arzt\/Ihrer \u00c4rztin oder Ihrem Pflegeexperten\/Ihrer Pflegeexpertin.<\/p>\n<p>Bei M\u00e4nnern k\u00f6nnen zudem Erektionsprobleme auftreten. Auch dies kann auf Medikamente gegen Herzinsuffizienz zur\u00fcckzuf\u00fchren sein. Scheuen Sie nicht aus Scham davor zur\u00fcck, dies in einem \u00e4rztlichen Gespr\u00e4ch zu thematisieren. Es stehen wirksame medizinische Behandlungsm\u00f6glichkeiten zur Verf\u00fcgung.<\/p>\n<p>N\u00e4here Informationen zu den spezifischen Bed\u00fcrfnissen f\u00fcr Frauen mit Herzinsuffizienz finden Sie <a href=\"https:\/\/www.heartfailurematters.org\/understanding-heart-failure\/women-and-heart-failure\/\" rel=\"noopener\">hier<\/a>.<\/p>\n","protected":false},"excerpt":{"rendered":"<p>Viele Menschen mit Herzinsuffizienz haben viele Fragen, z. B. dazu, wie es ihnen nach der Diagnose geht und welche Lebensauswirkungen ihr Zustand haben kann. Diese Website stellt Informationen und Tipps zum Leben mit Herzinsuffizienz und zum Umgang mit Ihren Emotionen und Ihren Beziehungen bereit, obgleich es bisweilen hilfreich sein kann, diese Gef\u00fchle in einem Gespr\u00e4ch [&hellip;]<\/p>\n","protected":false},"author":1,"featured_media":11064,"parent":2762,"menu_order":7,"comment_status":"open","ping_status":"closed","template":"","meta":{"_acf_changed":false,"footnotes":""},"categories":[65],"tags":[],"class_list":["post-1598","page","type-page","status-publish","has-post-thumbnail","hentry","category-ask-your-doctor-de"],"acf":[],"yoast_head":"<!-- This site is optimized with the Yoast SEO plugin v24.8.1 - https:\/\/yoast.com\/wordpress\/plugins\/seo\/ -->\n<title>Beziehungen und Emotionen bei Patient mit Herzinsuffizienz<\/title>\n<meta name=\"description\" content=\"Viele Menschen mit Herzinsuffizienz haben viele Fragen, z. B. dazu, wie es ihnen nach der Diagnose geht und welche Lebensauswirkungen ihr Zustand haben kann.\" \/>\n<meta name=\"robots\" content=\"index, follow, max-snippet:-1, max-image-preview:large, max-video-preview:-1\" \/>\n<link rel=\"canonical\" href=\"https:\/\/www.heartfailurematters.org\/de\/fragen-sie-ihren-arzt\/beziehungen-und-gemuetsverfassung\/\" \/>\n<meta property=\"og:locale\" content=\"de_DE\" \/>\n<meta property=\"og:type\" content=\"article\" \/>\n<meta property=\"og:title\" content=\"Beziehungen und Emotionen bei Patient mit Herzinsuffizienz\" \/>\n<meta property=\"og:description\" content=\"Viele Menschen mit Herzinsuffizienz haben viele Fragen, z. B. dazu, wie es ihnen nach der Diagnose geht und welche Lebensauswirkungen ihr Zustand haben kann.\" \/>\n<meta property=\"og:url\" content=\"https:\/\/www.heartfailurematters.org\/de\/fragen-sie-ihren-arzt\/beziehungen-und-gemuetsverfassung\/\" \/>\n<meta property=\"og:site_name\" content=\"Heart Failure Matters\" \/>\n<meta property=\"article:publisher\" content=\"https:\/\/www.facebook.com\/heartfailurematters\" \/>\n<meta property=\"article:modified_time\" content=\"2025-12-04T11:24:19+00:00\" \/>\n<meta property=\"og:image\" content=\"https:\/\/www.heartfailurematters.org\/wp-content\/uploads\/2022\/03\/shutterstock_1685261713-1-min.jpg\" \/>\n\t<meta property=\"og:image:width\" content=\"900\" \/>\n\t<meta property=\"og:image:height\" content=\"600\" \/>\n\t<meta property=\"og:image:type\" content=\"image\/jpeg\" \/>\n<meta name=\"twitter:card\" content=\"summary_large_image\" \/>\n<meta name=\"twitter:label1\" content=\"Gesch\u00e4tzte Lesezeit\" \/>\n\t<meta name=\"twitter:data1\" content=\"2\u00a0Minuten\" \/>\n<script type=\"application\/ld+json\" class=\"yoast-schema-graph\">{\"@context\":\"https:\/\/schema.org\",\"@graph\":[{\"@type\":\"WebPage\",\"@id\":\"https:\/\/www.heartfailurematters.org\/de\/fragen-sie-ihren-arzt\/beziehungen-und-gemuetsverfassung\/\",\"url\":\"https:\/\/www.heartfailurematters.org\/de\/fragen-sie-ihren-arzt\/beziehungen-und-gemuetsverfassung\/\",\"name\":\"Beziehungen und Emotionen bei Patient mit Herzinsuffizienz\",\"isPartOf\":{\"@id\":\"https:\/\/www.heartfailurematters.org\/de\/#website\"},\"primaryImageOfPage\":{\"@id\":\"https:\/\/www.heartfailurematters.org\/de\/fragen-sie-ihren-arzt\/beziehungen-und-gemuetsverfassung\/#primaryimage\"},\"image\":{\"@id\":\"https:\/\/www.heartfailurematters.org\/de\/fragen-sie-ihren-arzt\/beziehungen-und-gemuetsverfassung\/#primaryimage\"},\"thumbnailUrl\":\"https:\/\/www.heartfailurematters.org\/wp-content\/uploads\/2022\/03\/shutterstock_1685261713-1-min.jpg\",\"datePublished\":\"2021-01-27T22:01:14+00:00\",\"dateModified\":\"2025-12-04T11:24:19+00:00\",\"description\":\"Viele Menschen mit Herzinsuffizienz haben viele Fragen, z. B. dazu, wie es ihnen nach der Diagnose geht und welche Lebensauswirkungen ihr Zustand haben kann.\",\"breadcrumb\":{\"@id\":\"https:\/\/www.heartfailurematters.org\/de\/fragen-sie-ihren-arzt\/beziehungen-und-gemuetsverfassung\/#breadcrumb\"},\"inLanguage\":\"de\",\"potentialAction\":[{\"@type\":\"ReadAction\",\"target\":[\"https:\/\/www.heartfailurematters.org\/de\/fragen-sie-ihren-arzt\/beziehungen-und-gemuetsverfassung\/\"]}]},{\"@type\":\"ImageObject\",\"inLanguage\":\"de\",\"@id\":\"https:\/\/www.heartfailurematters.org\/de\/fragen-sie-ihren-arzt\/beziehungen-und-gemuetsverfassung\/#primaryimage\",\"url\":\"https:\/\/www.heartfailurematters.org\/wp-content\/uploads\/2022\/03\/shutterstock_1685261713-1-min.jpg\",\"contentUrl\":\"https:\/\/www.heartfailurematters.org\/wp-content\/uploads\/2022\/03\/shutterstock_1685261713-1-min.jpg\",\"width\":900,\"height\":600},{\"@type\":\"BreadcrumbList\",\"@id\":\"https:\/\/www.heartfailurematters.org\/de\/fragen-sie-ihren-arzt\/beziehungen-und-gemuetsverfassung\/#breadcrumb\",\"itemListElement\":[{\"@type\":\"ListItem\",\"position\":1,\"name\":\"Startseite\",\"item\":\"https:\/\/www.heartfailurematters.org\/de\/\"},{\"@type\":\"ListItem\",\"position\":2,\"name\":\"Fragen Sie Ihren Arzt\",\"item\":\"https:\/\/www.heartfailurematters.org\/de\/fragen-sie-ihren-arzt\/\"},{\"@type\":\"ListItem\",\"position\":3,\"name\":\"Beziehungen und Emotionen\"}]},{\"@type\":\"WebSite\",\"@id\":\"https:\/\/www.heartfailurematters.org\/de\/#website\",\"url\":\"https:\/\/www.heartfailurematters.org\/de\/\",\"name\":\"Heart Failure Matters\",\"description\":\"Practical information for patients, families and caregivers.\",\"publisher\":{\"@id\":\"https:\/\/www.heartfailurematters.org\/de\/#organization\"},\"potentialAction\":[{\"@type\":\"SearchAction\",\"target\":{\"@type\":\"EntryPoint\",\"urlTemplate\":\"https:\/\/www.heartfailurematters.org\/de\/?s={search_term_string}\"},\"query-input\":{\"@type\":\"PropertyValueSpecification\",\"valueRequired\":true,\"valueName\":\"search_term_string\"}}],\"inLanguage\":\"de\"},{\"@type\":\"Organization\",\"@id\":\"https:\/\/www.heartfailurematters.org\/de\/#organization\",\"name\":\"Heart Failure Matters\",\"url\":\"https:\/\/www.heartfailurematters.org\/de\/\",\"logo\":{\"@type\":\"ImageObject\",\"inLanguage\":\"de\",\"@id\":\"https:\/\/www.heartfailurematters.org\/de\/#\/schema\/logo\/image\/\",\"url\":\"https:\/\/cdn-endpoint-hfm.azureedge.net\/heartfailurematters\/2024\/07\/hfm-logo1.jpg\",\"contentUrl\":\"https:\/\/cdn-endpoint-hfm.azureedge.net\/heartfailurematters\/2024\/07\/hfm-logo1.jpg\",\"width\":1280,\"height\":720,\"caption\":\"Heart Failure Matters\"},\"image\":{\"@id\":\"https:\/\/www.heartfailurematters.org\/de\/#\/schema\/logo\/image\/\"},\"sameAs\":[\"https:\/\/www.facebook.com\/heartfailurematters\"]}]}<\/script>\n<!-- \/ Yoast SEO plugin. -->","yoast_head_json":{"title":"Beziehungen und Emotionen bei Patient mit Herzinsuffizienz","description":"Viele Menschen mit Herzinsuffizienz haben viele Fragen, z. B. dazu, wie es ihnen nach der Diagnose geht und welche Lebensauswirkungen ihr Zustand haben kann.","robots":{"index":"index","follow":"follow","max-snippet":"max-snippet:-1","max-image-preview":"max-image-preview:large","max-video-preview":"max-video-preview:-1"},"canonical":"https:\/\/www.heartfailurematters.org\/de\/fragen-sie-ihren-arzt\/beziehungen-und-gemuetsverfassung\/","og_locale":"de_DE","og_type":"article","og_title":"Beziehungen und Emotionen bei Patient mit Herzinsuffizienz","og_description":"Viele Menschen mit Herzinsuffizienz haben viele Fragen, z. B. dazu, wie es ihnen nach der Diagnose geht und welche Lebensauswirkungen ihr Zustand haben kann.","og_url":"https:\/\/www.heartfailurematters.org\/de\/fragen-sie-ihren-arzt\/beziehungen-und-gemuetsverfassung\/","og_site_name":"Heart Failure Matters","article_publisher":"https:\/\/www.facebook.com\/heartfailurematters","article_modified_time":"2025-12-04T11:24:19+00:00","og_image":[{"width":900,"height":600,"url":"https:\/\/www.heartfailurematters.org\/wp-content\/uploads\/2022\/03\/shutterstock_1685261713-1-min.jpg","type":"image\/jpeg"}],"twitter_card":"summary_large_image","twitter_misc":{"Gesch\u00e4tzte Lesezeit":"2\u00a0Minuten"},"schema":{"@context":"https:\/\/schema.org","@graph":[{"@type":"WebPage","@id":"https:\/\/www.heartfailurematters.org\/de\/fragen-sie-ihren-arzt\/beziehungen-und-gemuetsverfassung\/","url":"https:\/\/www.heartfailurematters.org\/de\/fragen-sie-ihren-arzt\/beziehungen-und-gemuetsverfassung\/","name":"Beziehungen und Emotionen bei Patient mit Herzinsuffizienz","isPartOf":{"@id":"https:\/\/www.heartfailurematters.org\/de\/#website"},"primaryImageOfPage":{"@id":"https:\/\/www.heartfailurematters.org\/de\/fragen-sie-ihren-arzt\/beziehungen-und-gemuetsverfassung\/#primaryimage"},"image":{"@id":"https:\/\/www.heartfailurematters.org\/de\/fragen-sie-ihren-arzt\/beziehungen-und-gemuetsverfassung\/#primaryimage"},"thumbnailUrl":"https:\/\/www.heartfailurematters.org\/wp-content\/uploads\/2022\/03\/shutterstock_1685261713-1-min.jpg","datePublished":"2021-01-27T22:01:14+00:00","dateModified":"2025-12-04T11:24:19+00:00","description":"Viele Menschen mit Herzinsuffizienz haben viele Fragen, z. B. dazu, wie es ihnen nach der Diagnose geht und welche Lebensauswirkungen ihr Zustand haben kann.","breadcrumb":{"@id":"https:\/\/www.heartfailurematters.org\/de\/fragen-sie-ihren-arzt\/beziehungen-und-gemuetsverfassung\/#breadcrumb"},"inLanguage":"de","potentialAction":[{"@type":"ReadAction","target":["https:\/\/www.heartfailurematters.org\/de\/fragen-sie-ihren-arzt\/beziehungen-und-gemuetsverfassung\/"]}]},{"@type":"ImageObject","inLanguage":"de","@id":"https:\/\/www.heartfailurematters.org\/de\/fragen-sie-ihren-arzt\/beziehungen-und-gemuetsverfassung\/#primaryimage","url":"https:\/\/www.heartfailurematters.org\/wp-content\/uploads\/2022\/03\/shutterstock_1685261713-1-min.jpg","contentUrl":"https:\/\/www.heartfailurematters.org\/wp-content\/uploads\/2022\/03\/shutterstock_1685261713-1-min.jpg","width":900,"height":600},{"@type":"BreadcrumbList","@id":"https:\/\/www.heartfailurematters.org\/de\/fragen-sie-ihren-arzt\/beziehungen-und-gemuetsverfassung\/#breadcrumb","itemListElement":[{"@type":"ListItem","position":1,"name":"Startseite","item":"https:\/\/www.heartfailurematters.org\/de\/"},{"@type":"ListItem","position":2,"name":"Fragen Sie Ihren Arzt","item":"https:\/\/www.heartfailurematters.org\/de\/fragen-sie-ihren-arzt\/"},{"@type":"ListItem","position":3,"name":"Beziehungen und Emotionen"}]},{"@type":"WebSite","@id":"https:\/\/www.heartfailurematters.org\/de\/#website","url":"https:\/\/www.heartfailurematters.org\/de\/","name":"Heart Failure Matters","description":"Practical information for patients, families and caregivers.","publisher":{"@id":"https:\/\/www.heartfailurematters.org\/de\/#organization"},"potentialAction":[{"@type":"SearchAction","target":{"@type":"EntryPoint","urlTemplate":"https:\/\/www.heartfailurematters.org\/de\/?s={search_term_string}"},"query-input":{"@type":"PropertyValueSpecification","valueRequired":true,"valueName":"search_term_string"}}],"inLanguage":"de"},{"@type":"Organization","@id":"https:\/\/www.heartfailurematters.org\/de\/#organization","name":"Heart Failure Matters","url":"https:\/\/www.heartfailurematters.org\/de\/","logo":{"@type":"ImageObject","inLanguage":"de","@id":"https:\/\/www.heartfailurematters.org\/de\/#\/schema\/logo\/image\/","url":"https:\/\/cdn-endpoint-hfm.azureedge.net\/heartfailurematters\/2024\/07\/hfm-logo1.jpg","contentUrl":"https:\/\/cdn-endpoint-hfm.azureedge.net\/heartfailurematters\/2024\/07\/hfm-logo1.jpg","width":1280,"height":720,"caption":"Heart Failure Matters"},"image":{"@id":"https:\/\/www.heartfailurematters.org\/de\/#\/schema\/logo\/image\/"},"sameAs":["https:\/\/www.facebook.com\/heartfailurematters"]}]}},"_links":{"self":[{"href":"https:\/\/www.heartfailurematters.org\/de\/wp-json\/wp\/v2\/pages\/1598","targetHints":{"allow":["GET"]}}],"collection":[{"href":"https:\/\/www.heartfailurematters.org\/de\/wp-json\/wp\/v2\/pages"}],"about":[{"href":"https:\/\/www.heartfailurematters.org\/de\/wp-json\/wp\/v2\/types\/page"}],"author":[{"embeddable":true,"href":"https:\/\/www.heartfailurematters.org\/de\/wp-json\/wp\/v2\/users\/1"}],"replies":[{"embeddable":true,"href":"https:\/\/www.heartfailurematters.org\/de\/wp-json\/wp\/v2\/comments?post=1598"}],"version-history":[{"count":1,"href":"https:\/\/www.heartfailurematters.org\/de\/wp-json\/wp\/v2\/pages\/1598\/revisions"}],"predecessor-version":[{"id":13644,"href":"https:\/\/www.heartfailurematters.org\/de\/wp-json\/wp\/v2\/pages\/1598\/revisions\/13644"}],"up":[{"embeddable":true,"href":"https:\/\/www.heartfailurematters.org\/de\/wp-json\/wp\/v2\/pages\/2762"}],"wp:featuredmedia":[{"embeddable":true,"href":"https:\/\/www.heartfailurematters.org\/de\/wp-json\/wp\/v2\/media\/11064"}],"wp:attachment":[{"href":"https:\/\/www.heartfailurematters.org\/de\/wp-json\/wp\/v2\/media?parent=1598"}],"wp:term":[{"taxonomy":"category","embeddable":true,"href":"https:\/\/www.heartfailurematters.org\/de\/wp-json\/wp\/v2\/categories?post=1598"},{"taxonomy":"post_tag","embeddable":true,"href":"https:\/\/www.heartfailurematters.org\/de\/wp-json\/wp\/v2\/tags?post=1598"}],"curies":[{"name":"wp","href":"https:\/\/api.w.org\/{rel}","templated":true}]}}