{"id":1595,"date":"2021-01-27T22:01:14","date_gmt":"2021-01-27T22:01:14","guid":{"rendered":"http:\/\/heartfailurematters.local:8888\/was-sie-mit-ihrer-familie-ueber-ihre-herzinsuffizienz-besprechen-sollten\/"},"modified":"2025-12-04T11:24:17","modified_gmt":"2025-12-04T11:24:17","slug":"was-sie-mit-ihrer-familie-ueber-ihre-herzinsuffizienz-besprechen-sollten","status":"publish","type":"page","link":"https:\/\/www.heartfailurematters.org\/de\/leben-mit-herzinsuffizienz\/was-sie-mit-ihrer-familie-ueber-ihre-herzinsuffizienz-besprechen-sollten\/","title":{"rendered":"Was Sie mit Ihrer Familie \u00fcber Ihre Herzinsuffizienz besprechen sollten"},"content":{"rendered":"<p>Es k\u00f6nnte f\u00fcr Sie anfangs schwierig sein, \u00fcber Ihre Herzinsuffizienz zu sprechen, bis Sie sich selbst mit der Erkrankung auseinandersetzt haben. Es ist wichtig zu verstehen, dass Ihnen nahestehende Personen vielleicht \u00e4hnlich reagieren, wie Sie \u2013 zum Beispiel mit Angst und Sorge um Ihre Sicherheit und Ihr Wohlbefinden. M\u00f6glicherweise m\u00f6chten sie ihre Gedanken und Gef\u00fchle mit Ihnen teilen. Sie sollten bedenken, dass auch unausgesprochene Dinge Auswirkungen auf die Menschen in Ihrem Umfeld haben k\u00f6nnen. Der erfolgreiche Umgang mit Herzinsuffizienz ist oft eine Gruppenanstrengung. Ihre Familienmitglieder k\u00f6nnen Sie entscheidend dabei unterst\u00fctzen, einen m\u00f6glichst aktiven Lebensstil mit Ihrer Herzinsuffizienz zu f\u00fchren. Somit tragen Sie etwas zu Ihrem eigenen Wohlbefinden bei, wenn Sie Ihre Familienmitglieder in dieser Zeit nicht ausschlie\u00dfen, um Ihnen helfend und unterst\u00fctzend zur Seite zu stehen. Zeigen Sie, dass Sie ihre Besorgtheit zu sch\u00e4tzen wissen. Die folgenden Vorschl\u00e4ge k\u00f6nnen hilfreich sein, um mit der Familie \u00fcber Herzinsuffizienz zu sprechen und sie so einzubeziehen, dass Sie sich dabei wohlf\u00fchlen:<\/p>\n<ul>\n<li>Informieren Sie sie \u00fcber Ihre neuesten Erkenntnisse, wenn Sie mehr \u00fcber Herzinsuffizienz erfahren<\/li>\n<li>Teilen Sie Ihrer Familie mit, wie sie Sie am besten emotional und moralisch unterst\u00fctzen kann<\/li>\n<li>Beziehen Sie die Familie als Unterst\u00fctzung Ihrer medizinischen Versorgung ein, z. B. in den Umgang mit Ihrer Medikamenteneinnahme oder in die Messung Ihrer Herzfrequenz und Ihres Blutdrucks<\/li>\n<li>\u00dcberlegen Sie, wie Sie und Ihre Familie gemeinsame Aktivit\u00e4ten unternehmen k\u00f6nnen, zum Beispiel:<\/li>\n<li>Seien Sie offen f\u00fcr Familienausfl\u00fcge mit einem realistischen Aktivit\u00e4tsniveau<\/li>\n<li>Bereiten Sie gemeinsam gesunde Mahlzeiten zu<\/li>\n<li>Ermutigen Sie andere Familienmitglieder dazu, die gleichen positiven \u00c4nderungen an ihrem Lebensstil vorzunehmen, da dies deren pers\u00f6nliches Risiko f\u00fcr Herzerkrankungen senken kann.<\/li>\n<li>Vergewissern Sie sich, dass Familienmitglieder wissen, dass Sie Hilfe annehmen werden, aber dass Sie so unabh\u00e4ngig wie m\u00f6glich bleiben m\u00f6chten. Menschen mit Herzinsuffizienz sind oft k\u00f6rperlich nur begrenzt belastbar, sie sollten jedoch auch aktiv bleiben und regelm\u00e4\u00dfig Sport treiben. Dies ist ein wesentlicher Bestandteil Ihres Behandlungsprogramms.<\/li>\n<\/ul>\n<p><a title=\"Zur\u00fcck zu Beziehungen\" href=\"https:\/\/www.heartfailurematters.org\/living-with-heart-failure\/relationships\/\">Zur\u00fcck zu Beziehungen<\/a><\/p>\n","protected":false},"excerpt":{"rendered":"<p>Es k\u00f6nnte f\u00fcr Sie anfangs schwierig sein, \u00fcber Ihre Herzinsuffizienz zu sprechen, bis Sie sich selbst mit der Erkrankung auseinandersetzt haben. Es ist wichtig zu verstehen, dass Ihnen nahestehende Personen vielleicht \u00e4hnlich reagieren, wie Sie \u2013 zum Beispiel mit Angst und Sorge um Ihre Sicherheit und Ihr Wohlbefinden. M\u00f6glicherweise m\u00f6chten sie ihre Gedanken und Gef\u00fchle [&hellip;]<\/p>\n","protected":false},"author":1,"featured_media":11144,"parent":2813,"menu_order":0,"comment_status":"open","ping_status":"open","template":"","meta":{"_acf_changed":false,"footnotes":""},"categories":[],"tags":[],"class_list":["post-1595","page","type-page","status-publish","has-post-thumbnail","hentry"],"acf":[],"yoast_head":"<!-- This site is optimized with the Yoast SEO plugin v24.8.1 - https:\/\/yoast.com\/wordpress\/plugins\/seo\/ -->\n<title>Mit Ihrer Familie \u00fcber Ihre Herzinsuffizienz sprechen<\/title>\n<meta name=\"description\" content=\"Es ist wichtig zu verstehen, dass Ihnen nahestehende Personen ggf. \u00e4hnlich reagieren wie Sie, z. B. mit Angst und Sorge um Ihre Sicherheit und Ihr Wohlbefinden.\" \/>\n<meta name=\"robots\" content=\"index, follow, max-snippet:-1, max-image-preview:large, max-video-preview:-1\" \/>\n<link rel=\"canonical\" href=\"https:\/\/www.heartfailurematters.org\/de\/leben-mit-herzinsuffizienz\/was-sie-mit-ihrer-familie-ueber-ihre-herzinsuffizienz-besprechen-sollten\/\" \/>\n<meta property=\"og:locale\" content=\"de_DE\" \/>\n<meta property=\"og:type\" content=\"article\" \/>\n<meta property=\"og:title\" content=\"Mit Ihrer Familie \u00fcber Ihre Herzinsuffizienz sprechen\" \/>\n<meta property=\"og:description\" content=\"Es ist wichtig zu verstehen, dass Ihnen nahestehende Personen ggf. \u00e4hnlich reagieren wie Sie, z. B. mit Angst und Sorge um Ihre Sicherheit und Ihr Wohlbefinden.\" \/>\n<meta property=\"og:url\" content=\"https:\/\/www.heartfailurematters.org\/de\/leben-mit-herzinsuffizienz\/was-sie-mit-ihrer-familie-ueber-ihre-herzinsuffizienz-besprechen-sollten\/\" \/>\n<meta property=\"og:site_name\" content=\"Heart Failure Matters\" \/>\n<meta property=\"article:publisher\" content=\"https:\/\/www.facebook.com\/heartfailurematters\" \/>\n<meta property=\"article:modified_time\" content=\"2025-12-04T11:24:17+00:00\" \/>\n<meta property=\"og:image\" content=\"https:\/\/www.heartfailurematters.org\/wp-content\/uploads\/2022\/03\/shutterstock_326634329-1-min.jpg\" \/>\n\t<meta property=\"og:image:width\" content=\"900\" \/>\n\t<meta property=\"og:image:height\" content=\"600\" \/>\n\t<meta property=\"og:image:type\" content=\"image\/jpeg\" \/>\n<meta name=\"twitter:card\" content=\"summary_large_image\" \/>\n<meta name=\"twitter:label1\" content=\"Gesch\u00e4tzte Lesezeit\" \/>\n\t<meta name=\"twitter:data1\" content=\"2\u00a0Minuten\" \/>\n<script type=\"application\/ld+json\" class=\"yoast-schema-graph\">{\"@context\":\"https:\/\/schema.org\",\"@graph\":[{\"@type\":\"WebPage\",\"@id\":\"https:\/\/www.heartfailurematters.org\/de\/leben-mit-herzinsuffizienz\/was-sie-mit-ihrer-familie-ueber-ihre-herzinsuffizienz-besprechen-sollten\/\",\"url\":\"https:\/\/www.heartfailurematters.org\/de\/leben-mit-herzinsuffizienz\/was-sie-mit-ihrer-familie-ueber-ihre-herzinsuffizienz-besprechen-sollten\/\",\"name\":\"Mit Ihrer Familie \u00fcber Ihre Herzinsuffizienz sprechen\",\"isPartOf\":{\"@id\":\"https:\/\/www.heartfailurematters.org\/de\/#website\"},\"primaryImageOfPage\":{\"@id\":\"https:\/\/www.heartfailurematters.org\/de\/leben-mit-herzinsuffizienz\/was-sie-mit-ihrer-familie-ueber-ihre-herzinsuffizienz-besprechen-sollten\/#primaryimage\"},\"image\":{\"@id\":\"https:\/\/www.heartfailurematters.org\/de\/leben-mit-herzinsuffizienz\/was-sie-mit-ihrer-familie-ueber-ihre-herzinsuffizienz-besprechen-sollten\/#primaryimage\"},\"thumbnailUrl\":\"https:\/\/www.heartfailurematters.org\/wp-content\/uploads\/2022\/03\/shutterstock_326634329-1-min.jpg\",\"datePublished\":\"2021-01-27T22:01:14+00:00\",\"dateModified\":\"2025-12-04T11:24:17+00:00\",\"description\":\"Es ist wichtig zu verstehen, dass Ihnen nahestehende Personen ggf. \u00e4hnlich reagieren wie Sie, z. B. mit Angst und Sorge um Ihre Sicherheit und Ihr Wohlbefinden.\",\"breadcrumb\":{\"@id\":\"https:\/\/www.heartfailurematters.org\/de\/leben-mit-herzinsuffizienz\/was-sie-mit-ihrer-familie-ueber-ihre-herzinsuffizienz-besprechen-sollten\/#breadcrumb\"},\"inLanguage\":\"de\",\"potentialAction\":[{\"@type\":\"ReadAction\",\"target\":[\"https:\/\/www.heartfailurematters.org\/de\/leben-mit-herzinsuffizienz\/was-sie-mit-ihrer-familie-ueber-ihre-herzinsuffizienz-besprechen-sollten\/\"]}]},{\"@type\":\"ImageObject\",\"inLanguage\":\"de\",\"@id\":\"https:\/\/www.heartfailurematters.org\/de\/leben-mit-herzinsuffizienz\/was-sie-mit-ihrer-familie-ueber-ihre-herzinsuffizienz-besprechen-sollten\/#primaryimage\",\"url\":\"https:\/\/www.heartfailurematters.org\/wp-content\/uploads\/2022\/03\/shutterstock_326634329-1-min.jpg\",\"contentUrl\":\"https:\/\/www.heartfailurematters.org\/wp-content\/uploads\/2022\/03\/shutterstock_326634329-1-min.jpg\",\"width\":900,\"height\":600},{\"@type\":\"BreadcrumbList\",\"@id\":\"https:\/\/www.heartfailurematters.org\/de\/leben-mit-herzinsuffizienz\/was-sie-mit-ihrer-familie-ueber-ihre-herzinsuffizienz-besprechen-sollten\/#breadcrumb\",\"itemListElement\":[{\"@type\":\"ListItem\",\"position\":1,\"name\":\"Startseite\",\"item\":\"https:\/\/www.heartfailurematters.org\/de\/\"},{\"@type\":\"ListItem\",\"position\":2,\"name\":\"Leben mit Herzinsuffizienz\",\"item\":\"https:\/\/www.heartfailurematters.org\/de\/leben-mit-herzinsuffizienz\/\"},{\"@type\":\"ListItem\",\"position\":3,\"name\":\"Was Sie mit Ihrer Familie \u00fcber Ihre Herzinsuffizienz besprechen sollten\"}]},{\"@type\":\"WebSite\",\"@id\":\"https:\/\/www.heartfailurematters.org\/de\/#website\",\"url\":\"https:\/\/www.heartfailurematters.org\/de\/\",\"name\":\"Heart Failure Matters\",\"description\":\"Practical information for patients, families and caregivers.\",\"publisher\":{\"@id\":\"https:\/\/www.heartfailurematters.org\/de\/#organization\"},\"potentialAction\":[{\"@type\":\"SearchAction\",\"target\":{\"@type\":\"EntryPoint\",\"urlTemplate\":\"https:\/\/www.heartfailurematters.org\/de\/?s={search_term_string}\"},\"query-input\":{\"@type\":\"PropertyValueSpecification\",\"valueRequired\":true,\"valueName\":\"search_term_string\"}}],\"inLanguage\":\"de\"},{\"@type\":\"Organization\",\"@id\":\"https:\/\/www.heartfailurematters.org\/de\/#organization\",\"name\":\"Heart Failure Matters\",\"url\":\"https:\/\/www.heartfailurematters.org\/de\/\",\"logo\":{\"@type\":\"ImageObject\",\"inLanguage\":\"de\",\"@id\":\"https:\/\/www.heartfailurematters.org\/de\/#\/schema\/logo\/image\/\",\"url\":\"https:\/\/cdn-endpoint-hfm.azureedge.net\/heartfailurematters\/2024\/07\/hfm-logo1.jpg\",\"contentUrl\":\"https:\/\/cdn-endpoint-hfm.azureedge.net\/heartfailurematters\/2024\/07\/hfm-logo1.jpg\",\"width\":1280,\"height\":720,\"caption\":\"Heart Failure Matters\"},\"image\":{\"@id\":\"https:\/\/www.heartfailurematters.org\/de\/#\/schema\/logo\/image\/\"},\"sameAs\":[\"https:\/\/www.facebook.com\/heartfailurematters\"]}]}<\/script>\n<!-- \/ Yoast SEO plugin. -->","yoast_head_json":{"title":"Mit Ihrer Familie \u00fcber Ihre Herzinsuffizienz sprechen","description":"Es ist wichtig zu verstehen, dass Ihnen nahestehende Personen ggf. \u00e4hnlich reagieren wie Sie, z. B. mit Angst und Sorge um Ihre Sicherheit und Ihr Wohlbefinden.","robots":{"index":"index","follow":"follow","max-snippet":"max-snippet:-1","max-image-preview":"max-image-preview:large","max-video-preview":"max-video-preview:-1"},"canonical":"https:\/\/www.heartfailurematters.org\/de\/leben-mit-herzinsuffizienz\/was-sie-mit-ihrer-familie-ueber-ihre-herzinsuffizienz-besprechen-sollten\/","og_locale":"de_DE","og_type":"article","og_title":"Mit Ihrer Familie \u00fcber Ihre Herzinsuffizienz sprechen","og_description":"Es ist wichtig zu verstehen, dass Ihnen nahestehende Personen ggf. \u00e4hnlich reagieren wie Sie, z. B. mit Angst und Sorge um Ihre Sicherheit und Ihr Wohlbefinden.","og_url":"https:\/\/www.heartfailurematters.org\/de\/leben-mit-herzinsuffizienz\/was-sie-mit-ihrer-familie-ueber-ihre-herzinsuffizienz-besprechen-sollten\/","og_site_name":"Heart Failure Matters","article_publisher":"https:\/\/www.facebook.com\/heartfailurematters","article_modified_time":"2025-12-04T11:24:17+00:00","og_image":[{"width":900,"height":600,"url":"https:\/\/www.heartfailurematters.org\/wp-content\/uploads\/2022\/03\/shutterstock_326634329-1-min.jpg","type":"image\/jpeg"}],"twitter_card":"summary_large_image","twitter_misc":{"Gesch\u00e4tzte Lesezeit":"2\u00a0Minuten"},"schema":{"@context":"https:\/\/schema.org","@graph":[{"@type":"WebPage","@id":"https:\/\/www.heartfailurematters.org\/de\/leben-mit-herzinsuffizienz\/was-sie-mit-ihrer-familie-ueber-ihre-herzinsuffizienz-besprechen-sollten\/","url":"https:\/\/www.heartfailurematters.org\/de\/leben-mit-herzinsuffizienz\/was-sie-mit-ihrer-familie-ueber-ihre-herzinsuffizienz-besprechen-sollten\/","name":"Mit Ihrer Familie \u00fcber Ihre Herzinsuffizienz sprechen","isPartOf":{"@id":"https:\/\/www.heartfailurematters.org\/de\/#website"},"primaryImageOfPage":{"@id":"https:\/\/www.heartfailurematters.org\/de\/leben-mit-herzinsuffizienz\/was-sie-mit-ihrer-familie-ueber-ihre-herzinsuffizienz-besprechen-sollten\/#primaryimage"},"image":{"@id":"https:\/\/www.heartfailurematters.org\/de\/leben-mit-herzinsuffizienz\/was-sie-mit-ihrer-familie-ueber-ihre-herzinsuffizienz-besprechen-sollten\/#primaryimage"},"thumbnailUrl":"https:\/\/www.heartfailurematters.org\/wp-content\/uploads\/2022\/03\/shutterstock_326634329-1-min.jpg","datePublished":"2021-01-27T22:01:14+00:00","dateModified":"2025-12-04T11:24:17+00:00","description":"Es ist wichtig zu verstehen, dass Ihnen nahestehende Personen ggf. \u00e4hnlich reagieren wie Sie, z. B. mit Angst und Sorge um Ihre Sicherheit und Ihr Wohlbefinden.","breadcrumb":{"@id":"https:\/\/www.heartfailurematters.org\/de\/leben-mit-herzinsuffizienz\/was-sie-mit-ihrer-familie-ueber-ihre-herzinsuffizienz-besprechen-sollten\/#breadcrumb"},"inLanguage":"de","potentialAction":[{"@type":"ReadAction","target":["https:\/\/www.heartfailurematters.org\/de\/leben-mit-herzinsuffizienz\/was-sie-mit-ihrer-familie-ueber-ihre-herzinsuffizienz-besprechen-sollten\/"]}]},{"@type":"ImageObject","inLanguage":"de","@id":"https:\/\/www.heartfailurematters.org\/de\/leben-mit-herzinsuffizienz\/was-sie-mit-ihrer-familie-ueber-ihre-herzinsuffizienz-besprechen-sollten\/#primaryimage","url":"https:\/\/www.heartfailurematters.org\/wp-content\/uploads\/2022\/03\/shutterstock_326634329-1-min.jpg","contentUrl":"https:\/\/www.heartfailurematters.org\/wp-content\/uploads\/2022\/03\/shutterstock_326634329-1-min.jpg","width":900,"height":600},{"@type":"BreadcrumbList","@id":"https:\/\/www.heartfailurematters.org\/de\/leben-mit-herzinsuffizienz\/was-sie-mit-ihrer-familie-ueber-ihre-herzinsuffizienz-besprechen-sollten\/#breadcrumb","itemListElement":[{"@type":"ListItem","position":1,"name":"Startseite","item":"https:\/\/www.heartfailurematters.org\/de\/"},{"@type":"ListItem","position":2,"name":"Leben mit Herzinsuffizienz","item":"https:\/\/www.heartfailurematters.org\/de\/leben-mit-herzinsuffizienz\/"},{"@type":"ListItem","position":3,"name":"Was Sie mit Ihrer Familie \u00fcber Ihre Herzinsuffizienz besprechen sollten"}]},{"@type":"WebSite","@id":"https:\/\/www.heartfailurematters.org\/de\/#website","url":"https:\/\/www.heartfailurematters.org\/de\/","name":"Heart Failure Matters","description":"Practical information for patients, families and caregivers.","publisher":{"@id":"https:\/\/www.heartfailurematters.org\/de\/#organization"},"potentialAction":[{"@type":"SearchAction","target":{"@type":"EntryPoint","urlTemplate":"https:\/\/www.heartfailurematters.org\/de\/?s={search_term_string}"},"query-input":{"@type":"PropertyValueSpecification","valueRequired":true,"valueName":"search_term_string"}}],"inLanguage":"de"},{"@type":"Organization","@id":"https:\/\/www.heartfailurematters.org\/de\/#organization","name":"Heart Failure Matters","url":"https:\/\/www.heartfailurematters.org\/de\/","logo":{"@type":"ImageObject","inLanguage":"de","@id":"https:\/\/www.heartfailurematters.org\/de\/#\/schema\/logo\/image\/","url":"https:\/\/cdn-endpoint-hfm.azureedge.net\/heartfailurematters\/2024\/07\/hfm-logo1.jpg","contentUrl":"https:\/\/cdn-endpoint-hfm.azureedge.net\/heartfailurematters\/2024\/07\/hfm-logo1.jpg","width":1280,"height":720,"caption":"Heart Failure Matters"},"image":{"@id":"https:\/\/www.heartfailurematters.org\/de\/#\/schema\/logo\/image\/"},"sameAs":["https:\/\/www.facebook.com\/heartfailurematters"]}]}},"_links":{"self":[{"href":"https:\/\/www.heartfailurematters.org\/de\/wp-json\/wp\/v2\/pages\/1595","targetHints":{"allow":["GET"]}}],"collection":[{"href":"https:\/\/www.heartfailurematters.org\/de\/wp-json\/wp\/v2\/pages"}],"about":[{"href":"https:\/\/www.heartfailurematters.org\/de\/wp-json\/wp\/v2\/types\/page"}],"author":[{"embeddable":true,"href":"https:\/\/www.heartfailurematters.org\/de\/wp-json\/wp\/v2\/users\/1"}],"replies":[{"embeddable":true,"href":"https:\/\/www.heartfailurematters.org\/de\/wp-json\/wp\/v2\/comments?post=1595"}],"version-history":[{"count":1,"href":"https:\/\/www.heartfailurematters.org\/de\/wp-json\/wp\/v2\/pages\/1595\/revisions"}],"predecessor-version":[{"id":13643,"href":"https:\/\/www.heartfailurematters.org\/de\/wp-json\/wp\/v2\/pages\/1595\/revisions\/13643"}],"up":[{"embeddable":true,"href":"https:\/\/www.heartfailurematters.org\/de\/wp-json\/wp\/v2\/pages\/2813"}],"wp:featuredmedia":[{"embeddable":true,"href":"https:\/\/www.heartfailurematters.org\/de\/wp-json\/wp\/v2\/media\/11144"}],"wp:attachment":[{"href":"https:\/\/www.heartfailurematters.org\/de\/wp-json\/wp\/v2\/media?parent=1595"}],"wp:term":[{"taxonomy":"category","embeddable":true,"href":"https:\/\/www.heartfailurematters.org\/de\/wp-json\/wp\/v2\/categories?post=1595"},{"taxonomy":"post_tag","embeddable":true,"href":"https:\/\/www.heartfailurematters.org\/de\/wp-json\/wp\/v2\/tags?post=1595"}],"curies":[{"name":"wp","href":"https:\/\/api.w.org\/{rel}","templated":true}]}}