{"id":1591,"date":"2021-01-27T22:01:09","date_gmt":"2021-01-27T22:01:09","guid":{"rendered":"http:\/\/heartfailurematters.local:8888\/aktivitaet-und-koerperliches-training-3\/"},"modified":"2021-01-27T22:01:09","modified_gmt":"2021-01-27T22:01:09","slug":"aktivitaet-und-koerperliches-training","status":"publish","type":"page","link":"https:\/\/www.heartfailurematters.org\/de\/fuer-pflegende-angehoerige\/aktivitaet-und-koerperliches-training\/","title":{"rendered":"Aktivit\u00e4t und k\u00f6rperliches Training"},"content":{"rendered":"<p>Im Allgemeinen ist es f\u00fcr Menschen mit Herzinsuffizienz am besten, so aktiv wie m\u00f6glich zu bleiben, da moderates k\u00f6rperliches Training zur Besserung der Symptome beitr\u00e4gt, Stress reduziert und zu mehr Energie verhilft. <\/p>\n<p>Um weitere Anregungen zu geeigneten Aktivit\u00e4ten und k\u00f6rperlichem Training f\u00fcr Ihren Partner oder Angeh\u00f6rigen zu erhalten, klicken Sie hier.<\/a> <\/p>\n<p>Es ist auch wichtig f\u00fcr Ihren Partner oder Angeh\u00f6rigen, zu wissen, wann er\/sie sich schonen sollte, um Energiereserven f\u00fcr die Dinge zu haben, die er\/sie gerne tun m\u00f6chte. Hierzu im Folgenden einige Tipps.<\/p>\n<ul>\n<li>Setzen Sie sich beim Vorbereiten von Mahlzeiten hin, um die Arbeit zu erleichtern. <\/li>\n<li>Gehen Sie t\u00e4glich einkaufen, um wenige Dinge zu besorgen, anstelle einmal in der Woche einen Gro\u00dfeinkauf zu machen und dann sehr schwere Taschen schleppen zu m\u00fcssen. <\/li>\n<li>Wenn Ihr Partner oder Angeh\u00f6riger die K\u00f6rperpflege (Waschen, Duschen) und das anschlie\u00dfende Ankleiden als sehr anstrengend empfindet, versuchen Sie nach dem Waschen eine 20-min\u00fctige Pause einzuschieben <\/li>\n<\/ul>\n<p>Klicken Sie hier, <\/a>um mehr dar\u00fcber in Erfahrung zu bringen, wie man sich schonen kann <\/p>\n<p>Zur\u00fcck zu \u201eEinfache Dinge, die Sie beitragen k\u00f6nnen\u201c<\/a><\/p>\n","protected":false},"excerpt":{"rendered":"<p>Im Allgemeinen ist es f\u00fcr Menschen mit Herzinsuffizienz am besten, so aktiv wie m\u00f6glich zu bleiben, da moderates k\u00f6rperliches Training zur Besserung der Symptome beitr\u00e4gt, Stress reduziert und zu mehr Energie verhilft. Um weitere Anregungen zu geeigneten Aktivit\u00e4ten und k\u00f6rperlichem Training f\u00fcr Ihren Partner oder Angeh\u00f6rigen zu erhalten, klicken Sie hier. Es ist auch wichtig [&hellip;]<\/p>\n","protected":false},"author":1,"featured_media":10985,"parent":2842,"menu_order":0,"comment_status":"open","ping_status":"open","template":"","meta":{"_acf_changed":false,"footnotes":""},"categories":[],"tags":[],"class_list":["post-1591","page","type-page","status-publish","has-post-thumbnail","hentry"],"acf":[],"yoast_head":"<!-- This site is optimized with the Yoast SEO plugin v24.8.1 - https:\/\/yoast.com\/wordpress\/plugins\/seo\/ -->\n<title>Aktivit\u00e4t und k\u00f6rperliches Training<\/title>\n<meta name=\"description\" content=\"Im Allgemeinen ist es am besten f\u00fcr Menschen mit Herzinsuffizienz, so aktiv wie m\u00f6glich zu bleiben, da m\u00e4\u00dfige Bewegung dazu beitragen kann, Symptome zu lindern, Stress zu reduzieren und das Energielevel zu steigern. Mehr erfahren\" \/>\n<meta name=\"robots\" content=\"index, follow, max-snippet:-1, max-image-preview:large, max-video-preview:-1\" \/>\n<link rel=\"canonical\" href=\"https:\/\/www.heartfailurematters.org\/de\/fuer-pflegende-angehoerige\/aktivitaet-und-koerperliches-training\/\" \/>\n<meta property=\"og:locale\" content=\"de_DE\" \/>\n<meta property=\"og:type\" content=\"article\" \/>\n<meta property=\"og:title\" content=\"Aktivit\u00e4t und k\u00f6rperliches Training\" \/>\n<meta property=\"og:description\" content=\"Im Allgemeinen ist es am besten f\u00fcr Menschen mit Herzinsuffizienz, so aktiv wie m\u00f6glich zu bleiben, da m\u00e4\u00dfige Bewegung dazu beitragen kann, Symptome zu lindern, Stress zu reduzieren und das Energielevel zu steigern. Mehr erfahren\" \/>\n<meta property=\"og:url\" content=\"https:\/\/www.heartfailurematters.org\/de\/fuer-pflegende-angehoerige\/aktivitaet-und-koerperliches-training\/\" \/>\n<meta property=\"og:site_name\" content=\"Heart Failure Matters\" \/>\n<meta property=\"article:publisher\" content=\"https:\/\/www.facebook.com\/heartfailurematters\" \/>\n<meta property=\"og:image\" content=\"https:\/\/www.heartfailurematters.org\/wp-content\/uploads\/2022\/03\/shutterstock_1215825016-1-min.jpg\" \/>\n\t<meta property=\"og:image:width\" content=\"900\" \/>\n\t<meta property=\"og:image:height\" content=\"601\" \/>\n\t<meta property=\"og:image:type\" content=\"image\/jpeg\" \/>\n<meta name=\"twitter:card\" content=\"summary_large_image\" \/>\n<meta name=\"twitter:label1\" content=\"Gesch\u00e4tzte Lesezeit\" \/>\n\t<meta name=\"twitter:data1\" content=\"1\u00a0Minute\" \/>\n<script type=\"application\/ld+json\" class=\"yoast-schema-graph\">{\"@context\":\"https:\/\/schema.org\",\"@graph\":[{\"@type\":\"WebPage\",\"@id\":\"https:\/\/www.heartfailurematters.org\/de\/fuer-pflegende-angehoerige\/aktivitaet-und-koerperliches-training\/\",\"url\":\"https:\/\/www.heartfailurematters.org\/de\/fuer-pflegende-angehoerige\/aktivitaet-und-koerperliches-training\/\",\"name\":\"Aktivit\u00e4t und k\u00f6rperliches Training\",\"isPartOf\":{\"@id\":\"https:\/\/www.heartfailurematters.org\/de\/#website\"},\"primaryImageOfPage\":{\"@id\":\"https:\/\/www.heartfailurematters.org\/de\/fuer-pflegende-angehoerige\/aktivitaet-und-koerperliches-training\/#primaryimage\"},\"image\":{\"@id\":\"https:\/\/www.heartfailurematters.org\/de\/fuer-pflegende-angehoerige\/aktivitaet-und-koerperliches-training\/#primaryimage\"},\"thumbnailUrl\":\"https:\/\/www.heartfailurematters.org\/wp-content\/uploads\/2022\/03\/shutterstock_1215825016-1-min.jpg\",\"datePublished\":\"2021-01-27T22:01:09+00:00\",\"description\":\"Im Allgemeinen ist es am besten f\u00fcr Menschen mit Herzinsuffizienz, so aktiv wie m\u00f6glich zu bleiben, da m\u00e4\u00dfige Bewegung dazu beitragen kann, Symptome zu lindern, Stress zu reduzieren und das Energielevel zu steigern. Mehr erfahren\",\"breadcrumb\":{\"@id\":\"https:\/\/www.heartfailurematters.org\/de\/fuer-pflegende-angehoerige\/aktivitaet-und-koerperliches-training\/#breadcrumb\"},\"inLanguage\":\"de\",\"potentialAction\":[{\"@type\":\"ReadAction\",\"target\":[\"https:\/\/www.heartfailurematters.org\/de\/fuer-pflegende-angehoerige\/aktivitaet-und-koerperliches-training\/\"]}]},{\"@type\":\"ImageObject\",\"inLanguage\":\"de\",\"@id\":\"https:\/\/www.heartfailurematters.org\/de\/fuer-pflegende-angehoerige\/aktivitaet-und-koerperliches-training\/#primaryimage\",\"url\":\"https:\/\/www.heartfailurematters.org\/wp-content\/uploads\/2022\/03\/shutterstock_1215825016-1-min.jpg\",\"contentUrl\":\"https:\/\/www.heartfailurematters.org\/wp-content\/uploads\/2022\/03\/shutterstock_1215825016-1-min.jpg\",\"width\":900,\"height\":601},{\"@type\":\"BreadcrumbList\",\"@id\":\"https:\/\/www.heartfailurematters.org\/de\/fuer-pflegende-angehoerige\/aktivitaet-und-koerperliches-training\/#breadcrumb\",\"itemListElement\":[{\"@type\":\"ListItem\",\"position\":1,\"name\":\"Startseite\",\"item\":\"https:\/\/www.heartfailurematters.org\/de\/\"},{\"@type\":\"ListItem\",\"position\":2,\"name\":\"F\u00fcr Betreuer\",\"item\":\"https:\/\/www.heartfailurematters.org\/de\/fuer-pflegende-angehoerige\/\"},{\"@type\":\"ListItem\",\"position\":3,\"name\":\"Aktivit\u00e4t und k\u00f6rperliches Training\"}]},{\"@type\":\"WebSite\",\"@id\":\"https:\/\/www.heartfailurematters.org\/de\/#website\",\"url\":\"https:\/\/www.heartfailurematters.org\/de\/\",\"name\":\"Heart Failure Matters\",\"description\":\"Practical information for patients, families and caregivers.\",\"publisher\":{\"@id\":\"https:\/\/www.heartfailurematters.org\/de\/#organization\"},\"potentialAction\":[{\"@type\":\"SearchAction\",\"target\":{\"@type\":\"EntryPoint\",\"urlTemplate\":\"https:\/\/www.heartfailurematters.org\/de\/?s={search_term_string}\"},\"query-input\":{\"@type\":\"PropertyValueSpecification\",\"valueRequired\":true,\"valueName\":\"search_term_string\"}}],\"inLanguage\":\"de\"},{\"@type\":\"Organization\",\"@id\":\"https:\/\/www.heartfailurematters.org\/de\/#organization\",\"name\":\"Heart Failure Matters\",\"url\":\"https:\/\/www.heartfailurematters.org\/de\/\",\"logo\":{\"@type\":\"ImageObject\",\"inLanguage\":\"de\",\"@id\":\"https:\/\/www.heartfailurematters.org\/de\/#\/schema\/logo\/image\/\",\"url\":\"https:\/\/cdn-endpoint-hfm.azureedge.net\/heartfailurematters\/2024\/07\/hfm-logo1.jpg\",\"contentUrl\":\"https:\/\/cdn-endpoint-hfm.azureedge.net\/heartfailurematters\/2024\/07\/hfm-logo1.jpg\",\"width\":1280,\"height\":720,\"caption\":\"Heart Failure Matters\"},\"image\":{\"@id\":\"https:\/\/www.heartfailurematters.org\/de\/#\/schema\/logo\/image\/\"},\"sameAs\":[\"https:\/\/www.facebook.com\/heartfailurematters\"]}]}<\/script>\n<!-- \/ Yoast SEO plugin. -->","yoast_head_json":{"title":"Aktivit\u00e4t und k\u00f6rperliches Training","description":"Im Allgemeinen ist es am besten f\u00fcr Menschen mit Herzinsuffizienz, so aktiv wie m\u00f6glich zu bleiben, da m\u00e4\u00dfige Bewegung dazu beitragen kann, Symptome zu lindern, Stress zu reduzieren und das Energielevel zu steigern. Mehr erfahren","robots":{"index":"index","follow":"follow","max-snippet":"max-snippet:-1","max-image-preview":"max-image-preview:large","max-video-preview":"max-video-preview:-1"},"canonical":"https:\/\/www.heartfailurematters.org\/de\/fuer-pflegende-angehoerige\/aktivitaet-und-koerperliches-training\/","og_locale":"de_DE","og_type":"article","og_title":"Aktivit\u00e4t und k\u00f6rperliches Training","og_description":"Im Allgemeinen ist es am besten f\u00fcr Menschen mit Herzinsuffizienz, so aktiv wie m\u00f6glich zu bleiben, da m\u00e4\u00dfige Bewegung dazu beitragen kann, Symptome zu lindern, Stress zu reduzieren und das Energielevel zu steigern. Mehr erfahren","og_url":"https:\/\/www.heartfailurematters.org\/de\/fuer-pflegende-angehoerige\/aktivitaet-und-koerperliches-training\/","og_site_name":"Heart Failure Matters","article_publisher":"https:\/\/www.facebook.com\/heartfailurematters","og_image":[{"width":900,"height":601,"url":"https:\/\/www.heartfailurematters.org\/wp-content\/uploads\/2022\/03\/shutterstock_1215825016-1-min.jpg","type":"image\/jpeg"}],"twitter_card":"summary_large_image","twitter_misc":{"Gesch\u00e4tzte Lesezeit":"1\u00a0Minute"},"schema":{"@context":"https:\/\/schema.org","@graph":[{"@type":"WebPage","@id":"https:\/\/www.heartfailurematters.org\/de\/fuer-pflegende-angehoerige\/aktivitaet-und-koerperliches-training\/","url":"https:\/\/www.heartfailurematters.org\/de\/fuer-pflegende-angehoerige\/aktivitaet-und-koerperliches-training\/","name":"Aktivit\u00e4t und k\u00f6rperliches Training","isPartOf":{"@id":"https:\/\/www.heartfailurematters.org\/de\/#website"},"primaryImageOfPage":{"@id":"https:\/\/www.heartfailurematters.org\/de\/fuer-pflegende-angehoerige\/aktivitaet-und-koerperliches-training\/#primaryimage"},"image":{"@id":"https:\/\/www.heartfailurematters.org\/de\/fuer-pflegende-angehoerige\/aktivitaet-und-koerperliches-training\/#primaryimage"},"thumbnailUrl":"https:\/\/www.heartfailurematters.org\/wp-content\/uploads\/2022\/03\/shutterstock_1215825016-1-min.jpg","datePublished":"2021-01-27T22:01:09+00:00","description":"Im Allgemeinen ist es am besten f\u00fcr Menschen mit Herzinsuffizienz, so aktiv wie m\u00f6glich zu bleiben, da m\u00e4\u00dfige Bewegung dazu beitragen kann, Symptome zu lindern, Stress zu reduzieren und das Energielevel zu steigern. Mehr erfahren","breadcrumb":{"@id":"https:\/\/www.heartfailurematters.org\/de\/fuer-pflegende-angehoerige\/aktivitaet-und-koerperliches-training\/#breadcrumb"},"inLanguage":"de","potentialAction":[{"@type":"ReadAction","target":["https:\/\/www.heartfailurematters.org\/de\/fuer-pflegende-angehoerige\/aktivitaet-und-koerperliches-training\/"]}]},{"@type":"ImageObject","inLanguage":"de","@id":"https:\/\/www.heartfailurematters.org\/de\/fuer-pflegende-angehoerige\/aktivitaet-und-koerperliches-training\/#primaryimage","url":"https:\/\/www.heartfailurematters.org\/wp-content\/uploads\/2022\/03\/shutterstock_1215825016-1-min.jpg","contentUrl":"https:\/\/www.heartfailurematters.org\/wp-content\/uploads\/2022\/03\/shutterstock_1215825016-1-min.jpg","width":900,"height":601},{"@type":"BreadcrumbList","@id":"https:\/\/www.heartfailurematters.org\/de\/fuer-pflegende-angehoerige\/aktivitaet-und-koerperliches-training\/#breadcrumb","itemListElement":[{"@type":"ListItem","position":1,"name":"Startseite","item":"https:\/\/www.heartfailurematters.org\/de\/"},{"@type":"ListItem","position":2,"name":"F\u00fcr Betreuer","item":"https:\/\/www.heartfailurematters.org\/de\/fuer-pflegende-angehoerige\/"},{"@type":"ListItem","position":3,"name":"Aktivit\u00e4t und k\u00f6rperliches Training"}]},{"@type":"WebSite","@id":"https:\/\/www.heartfailurematters.org\/de\/#website","url":"https:\/\/www.heartfailurematters.org\/de\/","name":"Heart Failure Matters","description":"Practical information for patients, families and caregivers.","publisher":{"@id":"https:\/\/www.heartfailurematters.org\/de\/#organization"},"potentialAction":[{"@type":"SearchAction","target":{"@type":"EntryPoint","urlTemplate":"https:\/\/www.heartfailurematters.org\/de\/?s={search_term_string}"},"query-input":{"@type":"PropertyValueSpecification","valueRequired":true,"valueName":"search_term_string"}}],"inLanguage":"de"},{"@type":"Organization","@id":"https:\/\/www.heartfailurematters.org\/de\/#organization","name":"Heart Failure Matters","url":"https:\/\/www.heartfailurematters.org\/de\/","logo":{"@type":"ImageObject","inLanguage":"de","@id":"https:\/\/www.heartfailurematters.org\/de\/#\/schema\/logo\/image\/","url":"https:\/\/cdn-endpoint-hfm.azureedge.net\/heartfailurematters\/2024\/07\/hfm-logo1.jpg","contentUrl":"https:\/\/cdn-endpoint-hfm.azureedge.net\/heartfailurematters\/2024\/07\/hfm-logo1.jpg","width":1280,"height":720,"caption":"Heart Failure Matters"},"image":{"@id":"https:\/\/www.heartfailurematters.org\/de\/#\/schema\/logo\/image\/"},"sameAs":["https:\/\/www.facebook.com\/heartfailurematters"]}]}},"_links":{"self":[{"href":"https:\/\/www.heartfailurematters.org\/de\/wp-json\/wp\/v2\/pages\/1591","targetHints":{"allow":["GET"]}}],"collection":[{"href":"https:\/\/www.heartfailurematters.org\/de\/wp-json\/wp\/v2\/pages"}],"about":[{"href":"https:\/\/www.heartfailurematters.org\/de\/wp-json\/wp\/v2\/types\/page"}],"author":[{"embeddable":true,"href":"https:\/\/www.heartfailurematters.org\/de\/wp-json\/wp\/v2\/users\/1"}],"replies":[{"embeddable":true,"href":"https:\/\/www.heartfailurematters.org\/de\/wp-json\/wp\/v2\/comments?post=1591"}],"version-history":[{"count":0,"href":"https:\/\/www.heartfailurematters.org\/de\/wp-json\/wp\/v2\/pages\/1591\/revisions"}],"up":[{"embeddable":true,"href":"https:\/\/www.heartfailurematters.org\/de\/wp-json\/wp\/v2\/pages\/2842"}],"wp:featuredmedia":[{"embeddable":true,"href":"https:\/\/www.heartfailurematters.org\/de\/wp-json\/wp\/v2\/media\/10985"}],"wp:attachment":[{"href":"https:\/\/www.heartfailurematters.org\/de\/wp-json\/wp\/v2\/media?parent=1591"}],"wp:term":[{"taxonomy":"category","embeddable":true,"href":"https:\/\/www.heartfailurematters.org\/de\/wp-json\/wp\/v2\/categories?post=1591"},{"taxonomy":"post_tag","embeddable":true,"href":"https:\/\/www.heartfailurematters.org\/de\/wp-json\/wp\/v2\/tags?post=1591"}],"curies":[{"name":"wp","href":"https:\/\/api.w.org\/{rel}","templated":true}]}}