{"id":1590,"date":"2021-01-27T22:01:09","date_gmt":"2021-01-27T22:01:09","guid":{"rendered":"http:\/\/heartfailurematters.local:8888\/zuverlaessige-medikamenteneinnahme-2\/"},"modified":"2021-01-27T22:01:09","modified_gmt":"2021-01-27T22:01:09","slug":"zuverlaessige-medikamenteneinnahme","status":"publish","type":"page","link":"https:\/\/www.heartfailurematters.org\/de\/leben-mit-herzinsuffizienz\/zuverlaessige-medikamenteneinnahme\/","title":{"rendered":"Zuverl\u00e4ssige Medikamenteneinnahme"},"content":{"rendered":"<p>Medikamente und medizinische Implantate spielen eine wichtige Rolle bei der Behandlung Ihrer Herzinsuffizienz, denn diese k&ouml;nnen zur Stabilisierung Ihrer Erkrankung beitragen.<\/p>\n<p>Die meisten Menschen mit Herzinsuffizienz ben&ouml;tigen verschiedene Medikamente, um ein bestm&ouml;gliches Ergebnis zu erzielen, was durchaus etwas verwirrend sein kann, insbesondere wenn noch andere Erkrankungen vorliegen, die ebenfalls medikament&ouml;s behandelt werden m&uuml;ssen. Das Anlegen einer Medikamententabelle kann Ihnen helfen, den &Uuml;berblick dar&uuml;ber zu behalten, welches Medikament Sie wann einnehmen m&uuml;ssen. So werden Sie auch rechtzeitig bemerken, wenn Sie ein neues Rezept ben&ouml;tigen.<\/p>\n<p>Es kann durchaus sein, dass Ihr Arzt die Dosis Ihrer Medikamente auch dann noch erh&ouml;ht, wenn Sie sich schon besser f&uuml;hlen. Dies liegt daran, dass die meisten Medikamente gegen Herzinsuffizienz in bestimmten Dosen am besten wirken und deshalb allm&auml;hlich erh&ouml;ht werden m&uuml;ssen. Ihr Arzt verordnet Ihnen Medikamente damit Sie sich kurzfristig besser f&uuml;hlen aber auch zur Behandlung der Grunderkrankung und langfristigen Besserung Ihres Allgemeinzustandes. Es ist daher wichtig, dass Sie alle Medikamente in der verordneten Dosierung einnehmen, auch wenn Sie sich schon wieder besser f&uuml;hlen.<\/p>\n<p>Bisweilen k&ouml;nnen Nebenwirkungen durch Ihre Medikamente auftreten, die entweder von leichter Natur sein k&ouml;nnen und Sie nicht weiter beeintr&auml;chtigen, oder m&ouml;glicherweise st&auml;rker ausgepr&auml;gt sind und Sie daher ziemlich beeintr&auml;chtigen k&ouml;nnen. Es ist sehr wichtig, sofort Ihren Arzt oder die Sie betreuende Pflegekraft zu informieren, wenn Sie den Verdacht haben, an medikamentenbedingten Nebenwirkungen zu leiden. M&ouml;glicherweise muss die Dosis herabgesetzt oder die Behandlung ge&auml;ndert oder beendet werden. H&auml;ufig wissen Ihr Arzt oder die Sie betreuende Pflegekraft, was bei unangenehmen Beschwerden zu tun ist. Abhilfe kann oft schon geschaffen werden, wenn ein paar einfache Ma&szlig;nahmen f&uuml;r die Einnahme ber&uuml;cksichtigt werden (z. B. indem die Einnahmezeiten f&uuml;r die verschiedenen Medikamente zeitlich versetzt geplant werden oder indem ein bestimmtes Medikament mit einer Mahlzeit oder beim Zubettgehen eingenommen wird).<\/p>\n<p>Ebenso m&uuml;ssen medizinische Implantate von Zeit zu Zeit neu eingestellt oder einer Feinabstimmung unterzogen werden. Wenn bei Ihnen Symptome auftreten, bei denen Sie den Verdacht haben, dass Sie auf das Implantat zur&uuml;ckzuf&uuml;hren sein k&ouml;nnten, sollten Sie sich an Ihren Arzt wenden. Diese Probleme lassen sich gew&ouml;hnlich durch eine &Auml;nderung in der elektronischen Steuerung des Ger&auml;ts l&ouml;sen.<\/p>\n<p>F&uuml;r weitere Informationen zur zuverl&auml;ssigen Medikamenteneinnahme einschlie&szlig;lich hilfreicher Tipps, um die Einnahme nicht zu vergessen klicken Sie hier .<\/p>\n<p>F&uuml;r weitere Informationen &uuml;ber die Arten der bei der Herzinsuffizienz zum Einsatz kommenden Medikamente klicken Sie hier.<\/p>\n","protected":false},"excerpt":{"rendered":"<p>Medikamente und medizinische Implantate spielen eine wichtige Rolle bei der Behandlung Ihrer Herzinsuffizienz, denn diese k&ouml;nnen zur Stabilisierung Ihrer Erkrankung beitragen. Die meisten Menschen mit Herzinsuffizienz ben&ouml;tigen verschiedene Medikamente, um ein bestm&ouml;gliches Ergebnis zu erzielen, was durchaus etwas verwirrend sein kann, insbesondere wenn noch andere Erkrankungen vorliegen, die ebenfalls medikament&ouml;s behandelt werden m&uuml;ssen. Das Anlegen [&hellip;]<\/p>\n","protected":false},"author":1,"featured_media":10869,"parent":2813,"menu_order":11,"comment_status":"open","ping_status":"closed","template":"","meta":{"_acf_changed":false,"footnotes":""},"categories":[101],"tags":[],"class_list":["post-1590","page","type-page","status-publish","has-post-thumbnail","hentry","category-living-with-heart-failure-de"],"acf":[],"yoast_head":"<!-- This site is optimized with the Yoast SEO plugin v24.8.1 - https:\/\/yoast.com\/wordpress\/plugins\/seo\/ -->\n<title>Zuverl\u00e4ssige Medikamenteneinnahme bei Herzinsuffizienz<\/title>\n<meta name=\"description\" content=\"Medikamente und Ger\u00e4te spielen eine wichtige Rolle bei der Behandlung Ihrer Herzinsuffizienz, da diese dazu beitragen k\u00f6nnen, Ihren Zustand zu stabilisieren. Erfahren Sie hier, wie Sie richtig damit umgehen\" \/>\n<meta name=\"robots\" content=\"index, follow, max-snippet:-1, max-image-preview:large, max-video-preview:-1\" \/>\n<link rel=\"canonical\" href=\"https:\/\/www.heartfailurematters.org\/de\/leben-mit-herzinsuffizienz\/zuverlaessige-medikamenteneinnahme\/\" \/>\n<meta property=\"og:locale\" content=\"de_DE\" \/>\n<meta property=\"og:type\" content=\"article\" \/>\n<meta property=\"og:title\" content=\"Zuverl\u00e4ssige Medikamenteneinnahme bei Herzinsuffizienz\" \/>\n<meta property=\"og:description\" content=\"Medikamente und Ger\u00e4te spielen eine wichtige Rolle bei der Behandlung Ihrer Herzinsuffizienz, da diese dazu beitragen k\u00f6nnen, Ihren Zustand zu stabilisieren. Erfahren Sie hier, wie Sie richtig damit umgehen\" \/>\n<meta property=\"og:url\" content=\"https:\/\/www.heartfailurematters.org\/de\/leben-mit-herzinsuffizienz\/zuverlaessige-medikamenteneinnahme\/\" \/>\n<meta property=\"og:site_name\" content=\"Heart Failure Matters\" \/>\n<meta property=\"article:publisher\" content=\"https:\/\/www.facebook.com\/heartfailurematters\" \/>\n<meta property=\"og:image\" content=\"https:\/\/www.heartfailurematters.org\/wp-content\/uploads\/2022\/03\/shutterstock_441673426-1-min.jpg?_t=1773219467\" \/>\n\t<meta property=\"og:image:width\" content=\"900\" \/>\n\t<meta property=\"og:image:height\" content=\"596\" \/>\n\t<meta property=\"og:image:type\" content=\"image\/jpeg\" \/>\n<meta name=\"twitter:card\" content=\"summary_large_image\" \/>\n<meta name=\"twitter:label1\" content=\"Gesch\u00e4tzte Lesezeit\" \/>\n\t<meta name=\"twitter:data1\" content=\"2\u00a0Minuten\" \/>\n<script type=\"application\/ld+json\" class=\"yoast-schema-graph\">{\"@context\":\"https:\/\/schema.org\",\"@graph\":[{\"@type\":\"WebPage\",\"@id\":\"https:\/\/www.heartfailurematters.org\/de\/leben-mit-herzinsuffizienz\/zuverlaessige-medikamenteneinnahme\/\",\"url\":\"https:\/\/www.heartfailurematters.org\/de\/leben-mit-herzinsuffizienz\/zuverlaessige-medikamenteneinnahme\/\",\"name\":\"Zuverl\u00e4ssige Medikamenteneinnahme bei Herzinsuffizienz\",\"isPartOf\":{\"@id\":\"https:\/\/www.heartfailurematters.org\/de\/#website\"},\"primaryImageOfPage\":{\"@id\":\"https:\/\/www.heartfailurematters.org\/de\/leben-mit-herzinsuffizienz\/zuverlaessige-medikamenteneinnahme\/#primaryimage\"},\"image\":{\"@id\":\"https:\/\/www.heartfailurematters.org\/de\/leben-mit-herzinsuffizienz\/zuverlaessige-medikamenteneinnahme\/#primaryimage\"},\"thumbnailUrl\":\"https:\/\/www.heartfailurematters.org\/wp-content\/uploads\/2022\/03\/shutterstock_441673426-1-min.jpg\",\"datePublished\":\"2021-01-27T22:01:09+00:00\",\"description\":\"Medikamente und Ger\u00e4te spielen eine wichtige Rolle bei der Behandlung Ihrer Herzinsuffizienz, da diese dazu beitragen k\u00f6nnen, Ihren Zustand zu stabilisieren. Erfahren Sie hier, wie Sie richtig damit umgehen\",\"breadcrumb\":{\"@id\":\"https:\/\/www.heartfailurematters.org\/de\/leben-mit-herzinsuffizienz\/zuverlaessige-medikamenteneinnahme\/#breadcrumb\"},\"inLanguage\":\"de\",\"potentialAction\":[{\"@type\":\"ReadAction\",\"target\":[\"https:\/\/www.heartfailurematters.org\/de\/leben-mit-herzinsuffizienz\/zuverlaessige-medikamenteneinnahme\/\"]}]},{\"@type\":\"ImageObject\",\"inLanguage\":\"de\",\"@id\":\"https:\/\/www.heartfailurematters.org\/de\/leben-mit-herzinsuffizienz\/zuverlaessige-medikamenteneinnahme\/#primaryimage\",\"url\":\"https:\/\/www.heartfailurematters.org\/wp-content\/uploads\/2022\/03\/shutterstock_441673426-1-min.jpg\",\"contentUrl\":\"https:\/\/www.heartfailurematters.org\/wp-content\/uploads\/2022\/03\/shutterstock_441673426-1-min.jpg\",\"width\":900,\"height\":596},{\"@type\":\"BreadcrumbList\",\"@id\":\"https:\/\/www.heartfailurematters.org\/de\/leben-mit-herzinsuffizienz\/zuverlaessige-medikamenteneinnahme\/#breadcrumb\",\"itemListElement\":[{\"@type\":\"ListItem\",\"position\":1,\"name\":\"Startseite\",\"item\":\"https:\/\/www.heartfailurematters.org\/de\/\"},{\"@type\":\"ListItem\",\"position\":2,\"name\":\"Leben mit Herzinsuffizienz\",\"item\":\"https:\/\/www.heartfailurematters.org\/de\/leben-mit-herzinsuffizienz\/\"},{\"@type\":\"ListItem\",\"position\":3,\"name\":\"Zuverl\u00e4ssige Medikamenteneinnahme\"}]},{\"@type\":\"WebSite\",\"@id\":\"https:\/\/www.heartfailurematters.org\/de\/#website\",\"url\":\"https:\/\/www.heartfailurematters.org\/de\/\",\"name\":\"Heart Failure Matters\",\"description\":\"Practical information for patients, families and caregivers.\",\"publisher\":{\"@id\":\"https:\/\/www.heartfailurematters.org\/de\/#organization\"},\"potentialAction\":[{\"@type\":\"SearchAction\",\"target\":{\"@type\":\"EntryPoint\",\"urlTemplate\":\"https:\/\/www.heartfailurematters.org\/de\/?s={search_term_string}\"},\"query-input\":{\"@type\":\"PropertyValueSpecification\",\"valueRequired\":true,\"valueName\":\"search_term_string\"}}],\"inLanguage\":\"de\"},{\"@type\":\"Organization\",\"@id\":\"https:\/\/www.heartfailurematters.org\/de\/#organization\",\"name\":\"Heart Failure Matters\",\"url\":\"https:\/\/www.heartfailurematters.org\/de\/\",\"logo\":{\"@type\":\"ImageObject\",\"inLanguage\":\"de\",\"@id\":\"https:\/\/www.heartfailurematters.org\/de\/#\/schema\/logo\/image\/\",\"url\":\"https:\/\/cdn-endpoint-hfm.azureedge.net\/heartfailurematters\/2024\/07\/hfm-logo1.jpg\",\"contentUrl\":\"https:\/\/cdn-endpoint-hfm.azureedge.net\/heartfailurematters\/2024\/07\/hfm-logo1.jpg\",\"width\":1280,\"height\":720,\"caption\":\"Heart Failure Matters\"},\"image\":{\"@id\":\"https:\/\/www.heartfailurematters.org\/de\/#\/schema\/logo\/image\/\"},\"sameAs\":[\"https:\/\/www.facebook.com\/heartfailurematters\"]}]}<\/script>\n<!-- \/ Yoast SEO plugin. -->","yoast_head_json":{"title":"Zuverl\u00e4ssige Medikamenteneinnahme bei Herzinsuffizienz","description":"Medikamente und Ger\u00e4te spielen eine wichtige Rolle bei der Behandlung Ihrer Herzinsuffizienz, da diese dazu beitragen k\u00f6nnen, Ihren Zustand zu stabilisieren. Erfahren Sie hier, wie Sie richtig damit umgehen","robots":{"index":"index","follow":"follow","max-snippet":"max-snippet:-1","max-image-preview":"max-image-preview:large","max-video-preview":"max-video-preview:-1"},"canonical":"https:\/\/www.heartfailurematters.org\/de\/leben-mit-herzinsuffizienz\/zuverlaessige-medikamenteneinnahme\/","og_locale":"de_DE","og_type":"article","og_title":"Zuverl\u00e4ssige Medikamenteneinnahme bei Herzinsuffizienz","og_description":"Medikamente und Ger\u00e4te spielen eine wichtige Rolle bei der Behandlung Ihrer Herzinsuffizienz, da diese dazu beitragen k\u00f6nnen, Ihren Zustand zu stabilisieren. Erfahren Sie hier, wie Sie richtig damit umgehen","og_url":"https:\/\/www.heartfailurematters.org\/de\/leben-mit-herzinsuffizienz\/zuverlaessige-medikamenteneinnahme\/","og_site_name":"Heart Failure Matters","article_publisher":"https:\/\/www.facebook.com\/heartfailurematters","og_image":[{"width":900,"height":596,"url":"https:\/\/www.heartfailurematters.org\/wp-content\/uploads\/2022\/03\/shutterstock_441673426-1-min.jpg?_t=1773219467","type":"image\/jpeg"}],"twitter_card":"summary_large_image","twitter_misc":{"Gesch\u00e4tzte Lesezeit":"2\u00a0Minuten"},"schema":{"@context":"https:\/\/schema.org","@graph":[{"@type":"WebPage","@id":"https:\/\/www.heartfailurematters.org\/de\/leben-mit-herzinsuffizienz\/zuverlaessige-medikamenteneinnahme\/","url":"https:\/\/www.heartfailurematters.org\/de\/leben-mit-herzinsuffizienz\/zuverlaessige-medikamenteneinnahme\/","name":"Zuverl\u00e4ssige Medikamenteneinnahme bei Herzinsuffizienz","isPartOf":{"@id":"https:\/\/www.heartfailurematters.org\/de\/#website"},"primaryImageOfPage":{"@id":"https:\/\/www.heartfailurematters.org\/de\/leben-mit-herzinsuffizienz\/zuverlaessige-medikamenteneinnahme\/#primaryimage"},"image":{"@id":"https:\/\/www.heartfailurematters.org\/de\/leben-mit-herzinsuffizienz\/zuverlaessige-medikamenteneinnahme\/#primaryimage"},"thumbnailUrl":"https:\/\/www.heartfailurematters.org\/wp-content\/uploads\/2022\/03\/shutterstock_441673426-1-min.jpg","datePublished":"2021-01-27T22:01:09+00:00","description":"Medikamente und Ger\u00e4te spielen eine wichtige Rolle bei der Behandlung Ihrer Herzinsuffizienz, da diese dazu beitragen k\u00f6nnen, Ihren Zustand zu stabilisieren. Erfahren Sie hier, wie Sie richtig damit umgehen","breadcrumb":{"@id":"https:\/\/www.heartfailurematters.org\/de\/leben-mit-herzinsuffizienz\/zuverlaessige-medikamenteneinnahme\/#breadcrumb"},"inLanguage":"de","potentialAction":[{"@type":"ReadAction","target":["https:\/\/www.heartfailurematters.org\/de\/leben-mit-herzinsuffizienz\/zuverlaessige-medikamenteneinnahme\/"]}]},{"@type":"ImageObject","inLanguage":"de","@id":"https:\/\/www.heartfailurematters.org\/de\/leben-mit-herzinsuffizienz\/zuverlaessige-medikamenteneinnahme\/#primaryimage","url":"https:\/\/www.heartfailurematters.org\/wp-content\/uploads\/2022\/03\/shutterstock_441673426-1-min.jpg","contentUrl":"https:\/\/www.heartfailurematters.org\/wp-content\/uploads\/2022\/03\/shutterstock_441673426-1-min.jpg","width":900,"height":596},{"@type":"BreadcrumbList","@id":"https:\/\/www.heartfailurematters.org\/de\/leben-mit-herzinsuffizienz\/zuverlaessige-medikamenteneinnahme\/#breadcrumb","itemListElement":[{"@type":"ListItem","position":1,"name":"Startseite","item":"https:\/\/www.heartfailurematters.org\/de\/"},{"@type":"ListItem","position":2,"name":"Leben mit Herzinsuffizienz","item":"https:\/\/www.heartfailurematters.org\/de\/leben-mit-herzinsuffizienz\/"},{"@type":"ListItem","position":3,"name":"Zuverl\u00e4ssige Medikamenteneinnahme"}]},{"@type":"WebSite","@id":"https:\/\/www.heartfailurematters.org\/de\/#website","url":"https:\/\/www.heartfailurematters.org\/de\/","name":"Heart Failure Matters","description":"Practical information for patients, families and caregivers.","publisher":{"@id":"https:\/\/www.heartfailurematters.org\/de\/#organization"},"potentialAction":[{"@type":"SearchAction","target":{"@type":"EntryPoint","urlTemplate":"https:\/\/www.heartfailurematters.org\/de\/?s={search_term_string}"},"query-input":{"@type":"PropertyValueSpecification","valueRequired":true,"valueName":"search_term_string"}}],"inLanguage":"de"},{"@type":"Organization","@id":"https:\/\/www.heartfailurematters.org\/de\/#organization","name":"Heart Failure Matters","url":"https:\/\/www.heartfailurematters.org\/de\/","logo":{"@type":"ImageObject","inLanguage":"de","@id":"https:\/\/www.heartfailurematters.org\/de\/#\/schema\/logo\/image\/","url":"https:\/\/cdn-endpoint-hfm.azureedge.net\/heartfailurematters\/2024\/07\/hfm-logo1.jpg","contentUrl":"https:\/\/cdn-endpoint-hfm.azureedge.net\/heartfailurematters\/2024\/07\/hfm-logo1.jpg","width":1280,"height":720,"caption":"Heart Failure Matters"},"image":{"@id":"https:\/\/www.heartfailurematters.org\/de\/#\/schema\/logo\/image\/"},"sameAs":["https:\/\/www.facebook.com\/heartfailurematters"]}]}},"_links":{"self":[{"href":"https:\/\/www.heartfailurematters.org\/de\/wp-json\/wp\/v2\/pages\/1590","targetHints":{"allow":["GET"]}}],"collection":[{"href":"https:\/\/www.heartfailurematters.org\/de\/wp-json\/wp\/v2\/pages"}],"about":[{"href":"https:\/\/www.heartfailurematters.org\/de\/wp-json\/wp\/v2\/types\/page"}],"author":[{"embeddable":true,"href":"https:\/\/www.heartfailurematters.org\/de\/wp-json\/wp\/v2\/users\/1"}],"replies":[{"embeddable":true,"href":"https:\/\/www.heartfailurematters.org\/de\/wp-json\/wp\/v2\/comments?post=1590"}],"version-history":[{"count":0,"href":"https:\/\/www.heartfailurematters.org\/de\/wp-json\/wp\/v2\/pages\/1590\/revisions"}],"up":[{"embeddable":true,"href":"https:\/\/www.heartfailurematters.org\/de\/wp-json\/wp\/v2\/pages\/2813"}],"wp:featuredmedia":[{"embeddable":true,"href":"https:\/\/www.heartfailurematters.org\/de\/wp-json\/wp\/v2\/media\/10869"}],"wp:attachment":[{"href":"https:\/\/www.heartfailurematters.org\/de\/wp-json\/wp\/v2\/media?parent=1590"}],"wp:term":[{"taxonomy":"category","embeddable":true,"href":"https:\/\/www.heartfailurematters.org\/de\/wp-json\/wp\/v2\/categories?post=1590"},{"taxonomy":"post_tag","embeddable":true,"href":"https:\/\/www.heartfailurematters.org\/de\/wp-json\/wp\/v2\/tags?post=1590"}],"curies":[{"name":"wp","href":"https:\/\/api.w.org\/{rel}","templated":true}]}}