{"id":1586,"date":"2021-01-27T22:01:09","date_gmt":"2021-01-27T22:01:09","guid":{"rendered":"http:\/\/heartfailurematters.local:8888\/antikoagulanzien-und-direkte-bzw-neue-orale-antikoagulanzien-noak\/"},"modified":"2025-12-04T11:24:14","modified_gmt":"2025-12-04T11:24:14","slug":"antikoagulanzien-und-direkte-bzw-neue-orale-antikoagulanzien-noak","status":"publish","type":"page","link":"https:\/\/www.heartfailurematters.org\/de\/das-koennen-ihr-arzt-oder-pflegepersonal-tun\/antikoagulanzien-und-direkte-bzw-neue-orale-antikoagulanzien-noak\/","title":{"rendered":"Antikoagulanzien und neue orale Antikoagulanzien"},"content":{"rendered":"<h2>Wirkweise<\/h2>\n<p><strong>Antikoagulanzien<\/strong> (auch bekannt als <strong>Antithrombotika<\/strong>) hemmen die Bildung oder das Wachstum von Blutgerinnseln. Sie sind wichtig, weil Menschen mit Herzinsuffizienz h\u00e4ufig Blutgerinnsel im Herz oder in den Blutgef\u00e4\u00dfen bilden. F\u00fcr Patientinnen und Patienten mit <strong>Vorhofflimmern, einem unregelm\u00e4\u00dfigen Herzrhythmus, der besonders h\u00e4ufig bei Herzinsuffizienz auftritt,<\/strong><a class=\"addtooltip\" title=\"&lt;div id='ToolTipTextWrap'&gt;Antikoagulanzien&lt;\/div&gt;&lt;p&gt; Arzneimittel, welche die Bildung von Blutgerinnseln verhindern, insbesondere in den Koronararterien.&lt;\/p&gt;\"><strong> sind Antikoagulanzien<\/strong><\/a> von entscheidender Bedeutung, da sie vor Blutgerinnseln sch\u00fctzen, die sich im linken Vorhof bilden und sich l\u00f6sen und zu einem Schlaganfall f\u00fchren k\u00f6nnen.<\/p>\n<p>Obwohl <a class=\"addtooltip\" title=\"&lt;div id='ToolTipTextWrap'&gt;Antikoagulanzien&lt;\/div&gt;&lt;p&gt; Arzneimittel, welche die Bildung von Blutgerinnseln verhindern, insbesondere in den Koronararterien.&lt;\/p&gt;\"><strong>Antikoagulanzien<\/strong><\/a> oftmals als Blutverd\u00fcnner bezeichnet werden, besteht ihre Wirkung eigentlich nicht darin, dass das Blut freier durch die Gef\u00e4\u00dfe zirkulieren kann. Man kann sich die Wirkung so vorstellen, dass tr\u00e4ges Blut an der Bildung unerw\u00fcnschter Blutgerinnsel gehindert wird.<\/p>\n<p>Warfarin ist das h\u00e4ufigste Antikoagulans und wird als Tablette eingenommen. Die Dosis von Warfarin ist von Mensch zu Mensch unterschiedlich. Ihre \u00c4rztin\/Ihr Arzt oder Ihre Pflegeperson wird Ihren <strong>INR (International Normalized Ratio)<\/strong>-Wert regelm\u00e4\u00dfig messen, insbesondere zu Beginn Ihrer Behandlung, und dann routinem\u00e4\u00dfig die richtige Dosis f\u00fcr Sie bestimmen. Es ist wichtig, dass Sie keine Tabletten auslassen oder zus\u00e4tzliche Dosen einnehmen. Informieren Sie in diesem Fall Ihre \u00c4rztin\/Ihren Arzt oder Ihre Pflegeperson.<\/p>\n<p>In manchen F\u00e4llen erhalten Sie m\u00f6glicherweise eine gerinnungshemmende subkutane Injektion direkt unter die Haut (normalerweise eine Art von Heparin) anstelle von Warfarin. Dies ist oftmals bei einem Krankenhausaufenthalt w\u00e4hrend einer Zeit der Immobilisierung der Fall, zum Beispiel im Zuge eines Krankenhausaufenthalts vor einem medizinischen Eingriff oder wenn Sie keine Tabletten einnehmen k\u00f6nnen.<\/p>\n<p>In den vergangenen Jahren wurde eine neue Generation von <a class=\"addtooltip\" title=\"&lt;div id='ToolTipTextWrap'&gt;Antikoagulanzien&lt;\/div&gt;&lt;p&gt; Arzneimittel, welche die Bildung von Blutgerinnseln verhindern, insbesondere in den Koronararterien.&lt;\/p&gt;\"><strong>Antikoagulanzien<\/strong><\/a> entwickelt, die als \u201eneue orale Antikoagulanzien\u201c oder <strong>NOACs<\/strong> bezeichnet werden. Diese Medikamente werden heutzutage h\u00e4ufig eingesetzt, um Patientinnen und Patienten mit Vorhofflimmern vor Schlaganf\u00e4llen zu sch\u00fctzen. NOACs sind mindestens so wirksam wie Warfarin und k\u00f6nnen einfacher zu verwenden sein, da keine routinem\u00e4\u00dfigen Bluttests (INR) durchgef\u00fchrt werden m\u00fcssen, um die Tendenz des Blutes zur Bildung eines Gerinnsels zu messen.<\/p>\n<h2>Nebenwirkungen<\/h2>\n<p>Antikoagulanzien k\u00f6nnen die Blutungsneigung des K\u00f6rpers erh\u00f6hen, die sich \u00fcblicherweise in Form von Bluterg\u00fcssen oder kleinen Blutungen manifestiert. Auch wenn das Risiko gering sein mag, besteht zudem ein erh\u00f6htes Risiko f\u00fcr eine wesentliche <strong>H\u00e4morrhagie<\/strong> (schwere Blutung), zum Beispiel im Zusammenhang mit einem Magengeschw\u00fcr.<\/p>\n<p>Die Wirkung von Warfarin h\u00e4lt mehrere Tage nach dem Absetzen der Tabletten an, obwohl Ihre \u00c4rztin\/Ihr Arzt eine Behandlung verabreichen kann, welche die Blutungsneigung schnell reduziert. Im Gegensatz dazu wirkt ein NOAC kurzfristig \u00fcber mehrere Stunden anstatt Tage, so dass jegliche Blutungsneigung leichter zu bew\u00e4ltigen ist.<\/p>\n<h2>Top-Tipps<\/h2>\n<p>Es ist wichtig, dass Sie zu Beginn der Behandlung eng mit Ihrer \u00c4rztin\/Ihrem Arzt oder Ihrer Pflegeperson zusammenarbeiten, um die richtige Dosis Warfarin oder NOAC f\u00fcr Sie zu bestimmen, w\u00e4hrend ein stabiles Ma\u00df an Gerinnungshemmung gewahrt bleibt.<\/p>\n<p>Sie sollten Ihre gesamte \u00c4rzteschaft, einschlie\u00dflich Haus\u00e4rztin\/Hausarzt, Zahn\u00e4rztin\/Zahnarzt und Apothekerin\/Apotheker \u00fcber eine eventuelle Behandlung mit Warfarin oder einem NOAC informieren. Das Tragen eines medizinischen Notfallausweises oder -armbands ist n\u00fctzlich, um in Notf\u00e4llen deutlich zu machen, dass Sie mit Warfarin oder einem NOAC behandelt werden.<\/p>\n<p>Aufgrund des H\u00e4morrhagierisikos ist es wichtig, dass Sie Ihre \u00c4rztin\/Ihren Arzt umgehend benachrichtigen, sobald Sie Anzeichen einer ungew\u00f6hnlichen Blutung bemerken, einschlie\u00dflich unerkl\u00e4rlicher Bluterg\u00fcsse oder Blutungen aus dem Zahnfleisch, der Nase, den Harnwegen oder dem Darm. Es ist sehr wichtig, dass Sie genau schildern, wann Sie Ihre letzte Dosis eines Antikoagulans wie Warfarin oder eines NOAC eingenommen haben.<\/p>\n<h2>Auch bekannt als:<\/h2>\n<ul>\n<li><strong>Orale Antikoagulanzien<\/strong><\/li>\n<li><strong> Warfarin<br \/>\n<\/strong>(Coumadin\u00ae, Jantoven\u00ae, Marevan\u00ae, Waran\u00ae)<\/li>\n<li><strong>Acenocoumarol\/Nicoumalon<br \/>\n<\/strong>(Sinthrome\u00ae)<\/li>\n<li><strong>Phenindion <\/strong><\/li>\n<li><strong>NOACs<\/strong><\/li>\n<li><strong>Dabigatran<br \/>\n<\/strong>Pradaxa\u00ae<\/li>\n<li><strong>Rivaroxaban<br \/>\n<\/strong>Xarelto\u00ae<\/li>\n<li><strong>Apixaban<\/strong><br \/>\nEliquis\u00ae<\/li>\n<li><a href=\"http:\/\/flexikon.doccheck.com\/de\/Edoxaban\"><strong>Edoxaban<\/strong><\/a><\/li>\n<li>Phenprocoumon (Marcumar\u00ae)<\/li>\n<\/ul>\n<p><strong> <\/strong><\/p>\n<p><strong>Antikoagulanzien zur Injektion <\/strong><\/p>\n<p><strong>Dalteparin-Natrium<\/strong><br \/>\n(Fragmin\u00ae)<\/p>\n<p><strong>Enoxaparin-Natrium<\/strong><br \/>\n(Clexane\u00ae) (Klexane\u00ae)<\/p>\n<p><strong>Tinzaparin-Natrium<br \/>\n<\/strong>(Innohep\u00ae)<\/p>\n<p><strong>Fondaparinux<\/strong><br \/>\n(Arixtra\u00ae)<\/p>\n<p><strong>Heparin<\/strong><\/p>\n<p><a href=\"https:\/\/www.heartfailurematters.org\/what-your-doctor-can-do\/heart-failure-medicines\/\">Zur\u00fcck zu Medikamenten zur Behandlung von Herzinsuffizienz<\/a><\/p>\n","protected":false},"excerpt":{"rendered":"<p>Wirkweise Antikoagulanzien (auch bekannt als Antithrombotika) hemmen die Bildung oder das Wachstum von Blutgerinnseln. Sie sind wichtig, weil Menschen mit Herzinsuffizienz h\u00e4ufig Blutgerinnsel im Herz oder in den Blutgef\u00e4\u00dfen bilden. F\u00fcr Patientinnen und Patienten mit Vorhofflimmern, einem unregelm\u00e4\u00dfigen Herzrhythmus, der besonders h\u00e4ufig bei Herzinsuffizienz auftritt, sind Antikoagulanzien von entscheidender Bedeutung, da sie vor Blutgerinnseln sch\u00fctzen, [&hellip;]<\/p>\n","protected":false},"author":1,"featured_media":10869,"parent":2680,"menu_order":0,"comment_status":"open","ping_status":"open","template":"","meta":{"_acf_changed":false,"footnotes":""},"categories":[],"tags":[],"class_list":["post-1586","page","type-page","status-publish","has-post-thumbnail","hentry"],"acf":[],"yoast_head":"<!-- This site is optimized with the Yoast SEO plugin v24.8.1 - https:\/\/yoast.com\/wordpress\/plugins\/seo\/ -->\n<title>Antikoagulanzien und neue orale Antikoagulanzien<\/title>\n<meta name=\"description\" content=\"Antikoagulanzien (Antithrombotika) verhindern die Bildung oder das Wachstum von Blutgerinnseln. Erfahren Sie mehr \u00fcber Antikoagulanzien bei Herzinsuffizienz.\" \/>\n<meta name=\"robots\" content=\"index, follow, max-snippet:-1, max-image-preview:large, max-video-preview:-1\" \/>\n<link rel=\"canonical\" href=\"https:\/\/www.heartfailurematters.org\/de\/das-koennen-ihr-arzt-oder-pflegepersonal-tun\/antikoagulanzien-und-direkte-bzw-neue-orale-antikoagulanzien-noak\/\" \/>\n<meta property=\"og:locale\" content=\"de_DE\" \/>\n<meta property=\"og:type\" content=\"article\" \/>\n<meta property=\"og:title\" content=\"Antikoagulanzien und neue orale Antikoagulanzien\" \/>\n<meta property=\"og:description\" content=\"Antikoagulanzien (Antithrombotika) verhindern die Bildung oder das Wachstum von Blutgerinnseln. Erfahren Sie mehr \u00fcber Antikoagulanzien bei Herzinsuffizienz.\" \/>\n<meta property=\"og:url\" content=\"https:\/\/www.heartfailurematters.org\/de\/das-koennen-ihr-arzt-oder-pflegepersonal-tun\/antikoagulanzien-und-direkte-bzw-neue-orale-antikoagulanzien-noak\/\" \/>\n<meta property=\"og:site_name\" content=\"Heart Failure Matters\" \/>\n<meta property=\"article:publisher\" content=\"https:\/\/www.facebook.com\/heartfailurematters\" \/>\n<meta property=\"article:modified_time\" content=\"2025-12-04T11:24:14+00:00\" \/>\n<meta property=\"og:image\" content=\"https:\/\/www.heartfailurematters.org\/wp-content\/uploads\/2022\/03\/shutterstock_441673426-1-min.jpg\" \/>\n\t<meta property=\"og:image:width\" content=\"900\" \/>\n\t<meta property=\"og:image:height\" content=\"596\" \/>\n\t<meta property=\"og:image:type\" content=\"image\/jpeg\" \/>\n<meta name=\"twitter:card\" content=\"summary_large_image\" \/>\n<meta name=\"twitter:label1\" content=\"Gesch\u00e4tzte Lesezeit\" \/>\n\t<meta name=\"twitter:data1\" content=\"3\u00a0Minuten\" \/>\n<script type=\"application\/ld+json\" class=\"yoast-schema-graph\">{\"@context\":\"https:\/\/schema.org\",\"@graph\":[{\"@type\":\"WebPage\",\"@id\":\"https:\/\/www.heartfailurematters.org\/de\/das-koennen-ihr-arzt-oder-pflegepersonal-tun\/antikoagulanzien-und-direkte-bzw-neue-orale-antikoagulanzien-noak\/\",\"url\":\"https:\/\/www.heartfailurematters.org\/de\/das-koennen-ihr-arzt-oder-pflegepersonal-tun\/antikoagulanzien-und-direkte-bzw-neue-orale-antikoagulanzien-noak\/\",\"name\":\"Antikoagulanzien und neue orale Antikoagulanzien\",\"isPartOf\":{\"@id\":\"https:\/\/www.heartfailurematters.org\/de\/#website\"},\"primaryImageOfPage\":{\"@id\":\"https:\/\/www.heartfailurematters.org\/de\/das-koennen-ihr-arzt-oder-pflegepersonal-tun\/antikoagulanzien-und-direkte-bzw-neue-orale-antikoagulanzien-noak\/#primaryimage\"},\"image\":{\"@id\":\"https:\/\/www.heartfailurematters.org\/de\/das-koennen-ihr-arzt-oder-pflegepersonal-tun\/antikoagulanzien-und-direkte-bzw-neue-orale-antikoagulanzien-noak\/#primaryimage\"},\"thumbnailUrl\":\"https:\/\/www.heartfailurematters.org\/wp-content\/uploads\/2022\/03\/shutterstock_441673426-1-min.jpg\",\"datePublished\":\"2021-01-27T22:01:09+00:00\",\"dateModified\":\"2025-12-04T11:24:14+00:00\",\"description\":\"Antikoagulanzien (Antithrombotika) verhindern die Bildung oder das Wachstum von Blutgerinnseln. Erfahren Sie mehr \u00fcber Antikoagulanzien bei Herzinsuffizienz.\",\"breadcrumb\":{\"@id\":\"https:\/\/www.heartfailurematters.org\/de\/das-koennen-ihr-arzt-oder-pflegepersonal-tun\/antikoagulanzien-und-direkte-bzw-neue-orale-antikoagulanzien-noak\/#breadcrumb\"},\"inLanguage\":\"de\",\"potentialAction\":[{\"@type\":\"ReadAction\",\"target\":[\"https:\/\/www.heartfailurematters.org\/de\/das-koennen-ihr-arzt-oder-pflegepersonal-tun\/antikoagulanzien-und-direkte-bzw-neue-orale-antikoagulanzien-noak\/\"]}]},{\"@type\":\"ImageObject\",\"inLanguage\":\"de\",\"@id\":\"https:\/\/www.heartfailurematters.org\/de\/das-koennen-ihr-arzt-oder-pflegepersonal-tun\/antikoagulanzien-und-direkte-bzw-neue-orale-antikoagulanzien-noak\/#primaryimage\",\"url\":\"https:\/\/www.heartfailurematters.org\/wp-content\/uploads\/2022\/03\/shutterstock_441673426-1-min.jpg\",\"contentUrl\":\"https:\/\/www.heartfailurematters.org\/wp-content\/uploads\/2022\/03\/shutterstock_441673426-1-min.jpg\",\"width\":900,\"height\":596},{\"@type\":\"BreadcrumbList\",\"@id\":\"https:\/\/www.heartfailurematters.org\/de\/das-koennen-ihr-arzt-oder-pflegepersonal-tun\/antikoagulanzien-und-direkte-bzw-neue-orale-antikoagulanzien-noak\/#breadcrumb\",\"itemListElement\":[{\"@type\":\"ListItem\",\"position\":1,\"name\":\"Startseite\",\"item\":\"https:\/\/www.heartfailurematters.org\/de\/\"},{\"@type\":\"ListItem\",\"position\":2,\"name\":\"Das kann Ihr Arzt tun\",\"item\":\"https:\/\/www.heartfailurematters.org\/de\/das-koennen-ihr-arzt-oder-pflegepersonal-tun\/\"},{\"@type\":\"ListItem\",\"position\":3,\"name\":\"Antikoagulanzien und neue orale Antikoagulanzien\"}]},{\"@type\":\"WebSite\",\"@id\":\"https:\/\/www.heartfailurematters.org\/de\/#website\",\"url\":\"https:\/\/www.heartfailurematters.org\/de\/\",\"name\":\"Heart Failure Matters\",\"description\":\"Practical information for patients, families and caregivers.\",\"publisher\":{\"@id\":\"https:\/\/www.heartfailurematters.org\/de\/#organization\"},\"potentialAction\":[{\"@type\":\"SearchAction\",\"target\":{\"@type\":\"EntryPoint\",\"urlTemplate\":\"https:\/\/www.heartfailurematters.org\/de\/?s={search_term_string}\"},\"query-input\":{\"@type\":\"PropertyValueSpecification\",\"valueRequired\":true,\"valueName\":\"search_term_string\"}}],\"inLanguage\":\"de\"},{\"@type\":\"Organization\",\"@id\":\"https:\/\/www.heartfailurematters.org\/de\/#organization\",\"name\":\"Heart Failure Matters\",\"url\":\"https:\/\/www.heartfailurematters.org\/de\/\",\"logo\":{\"@type\":\"ImageObject\",\"inLanguage\":\"de\",\"@id\":\"https:\/\/www.heartfailurematters.org\/de\/#\/schema\/logo\/image\/\",\"url\":\"https:\/\/cdn-endpoint-hfm.azureedge.net\/heartfailurematters\/2024\/07\/hfm-logo1.jpg\",\"contentUrl\":\"https:\/\/cdn-endpoint-hfm.azureedge.net\/heartfailurematters\/2024\/07\/hfm-logo1.jpg\",\"width\":1280,\"height\":720,\"caption\":\"Heart Failure Matters\"},\"image\":{\"@id\":\"https:\/\/www.heartfailurematters.org\/de\/#\/schema\/logo\/image\/\"},\"sameAs\":[\"https:\/\/www.facebook.com\/heartfailurematters\"]}]}<\/script>\n<!-- \/ Yoast SEO plugin. -->","yoast_head_json":{"title":"Antikoagulanzien und neue orale Antikoagulanzien","description":"Antikoagulanzien (Antithrombotika) verhindern die Bildung oder das Wachstum von Blutgerinnseln. Erfahren Sie mehr \u00fcber Antikoagulanzien bei Herzinsuffizienz.","robots":{"index":"index","follow":"follow","max-snippet":"max-snippet:-1","max-image-preview":"max-image-preview:large","max-video-preview":"max-video-preview:-1"},"canonical":"https:\/\/www.heartfailurematters.org\/de\/das-koennen-ihr-arzt-oder-pflegepersonal-tun\/antikoagulanzien-und-direkte-bzw-neue-orale-antikoagulanzien-noak\/","og_locale":"de_DE","og_type":"article","og_title":"Antikoagulanzien und neue orale Antikoagulanzien","og_description":"Antikoagulanzien (Antithrombotika) verhindern die Bildung oder das Wachstum von Blutgerinnseln. Erfahren Sie mehr \u00fcber Antikoagulanzien bei Herzinsuffizienz.","og_url":"https:\/\/www.heartfailurematters.org\/de\/das-koennen-ihr-arzt-oder-pflegepersonal-tun\/antikoagulanzien-und-direkte-bzw-neue-orale-antikoagulanzien-noak\/","og_site_name":"Heart Failure Matters","article_publisher":"https:\/\/www.facebook.com\/heartfailurematters","article_modified_time":"2025-12-04T11:24:14+00:00","og_image":[{"width":900,"height":596,"url":"https:\/\/www.heartfailurematters.org\/wp-content\/uploads\/2022\/03\/shutterstock_441673426-1-min.jpg","type":"image\/jpeg"}],"twitter_card":"summary_large_image","twitter_misc":{"Gesch\u00e4tzte Lesezeit":"3\u00a0Minuten"},"schema":{"@context":"https:\/\/schema.org","@graph":[{"@type":"WebPage","@id":"https:\/\/www.heartfailurematters.org\/de\/das-koennen-ihr-arzt-oder-pflegepersonal-tun\/antikoagulanzien-und-direkte-bzw-neue-orale-antikoagulanzien-noak\/","url":"https:\/\/www.heartfailurematters.org\/de\/das-koennen-ihr-arzt-oder-pflegepersonal-tun\/antikoagulanzien-und-direkte-bzw-neue-orale-antikoagulanzien-noak\/","name":"Antikoagulanzien und neue orale Antikoagulanzien","isPartOf":{"@id":"https:\/\/www.heartfailurematters.org\/de\/#website"},"primaryImageOfPage":{"@id":"https:\/\/www.heartfailurematters.org\/de\/das-koennen-ihr-arzt-oder-pflegepersonal-tun\/antikoagulanzien-und-direkte-bzw-neue-orale-antikoagulanzien-noak\/#primaryimage"},"image":{"@id":"https:\/\/www.heartfailurematters.org\/de\/das-koennen-ihr-arzt-oder-pflegepersonal-tun\/antikoagulanzien-und-direkte-bzw-neue-orale-antikoagulanzien-noak\/#primaryimage"},"thumbnailUrl":"https:\/\/www.heartfailurematters.org\/wp-content\/uploads\/2022\/03\/shutterstock_441673426-1-min.jpg","datePublished":"2021-01-27T22:01:09+00:00","dateModified":"2025-12-04T11:24:14+00:00","description":"Antikoagulanzien (Antithrombotika) verhindern die Bildung oder das Wachstum von Blutgerinnseln. Erfahren Sie mehr \u00fcber Antikoagulanzien bei Herzinsuffizienz.","breadcrumb":{"@id":"https:\/\/www.heartfailurematters.org\/de\/das-koennen-ihr-arzt-oder-pflegepersonal-tun\/antikoagulanzien-und-direkte-bzw-neue-orale-antikoagulanzien-noak\/#breadcrumb"},"inLanguage":"de","potentialAction":[{"@type":"ReadAction","target":["https:\/\/www.heartfailurematters.org\/de\/das-koennen-ihr-arzt-oder-pflegepersonal-tun\/antikoagulanzien-und-direkte-bzw-neue-orale-antikoagulanzien-noak\/"]}]},{"@type":"ImageObject","inLanguage":"de","@id":"https:\/\/www.heartfailurematters.org\/de\/das-koennen-ihr-arzt-oder-pflegepersonal-tun\/antikoagulanzien-und-direkte-bzw-neue-orale-antikoagulanzien-noak\/#primaryimage","url":"https:\/\/www.heartfailurematters.org\/wp-content\/uploads\/2022\/03\/shutterstock_441673426-1-min.jpg","contentUrl":"https:\/\/www.heartfailurematters.org\/wp-content\/uploads\/2022\/03\/shutterstock_441673426-1-min.jpg","width":900,"height":596},{"@type":"BreadcrumbList","@id":"https:\/\/www.heartfailurematters.org\/de\/das-koennen-ihr-arzt-oder-pflegepersonal-tun\/antikoagulanzien-und-direkte-bzw-neue-orale-antikoagulanzien-noak\/#breadcrumb","itemListElement":[{"@type":"ListItem","position":1,"name":"Startseite","item":"https:\/\/www.heartfailurematters.org\/de\/"},{"@type":"ListItem","position":2,"name":"Das kann Ihr Arzt tun","item":"https:\/\/www.heartfailurematters.org\/de\/das-koennen-ihr-arzt-oder-pflegepersonal-tun\/"},{"@type":"ListItem","position":3,"name":"Antikoagulanzien und neue orale Antikoagulanzien"}]},{"@type":"WebSite","@id":"https:\/\/www.heartfailurematters.org\/de\/#website","url":"https:\/\/www.heartfailurematters.org\/de\/","name":"Heart Failure Matters","description":"Practical information for patients, families and caregivers.","publisher":{"@id":"https:\/\/www.heartfailurematters.org\/de\/#organization"},"potentialAction":[{"@type":"SearchAction","target":{"@type":"EntryPoint","urlTemplate":"https:\/\/www.heartfailurematters.org\/de\/?s={search_term_string}"},"query-input":{"@type":"PropertyValueSpecification","valueRequired":true,"valueName":"search_term_string"}}],"inLanguage":"de"},{"@type":"Organization","@id":"https:\/\/www.heartfailurematters.org\/de\/#organization","name":"Heart Failure Matters","url":"https:\/\/www.heartfailurematters.org\/de\/","logo":{"@type":"ImageObject","inLanguage":"de","@id":"https:\/\/www.heartfailurematters.org\/de\/#\/schema\/logo\/image\/","url":"https:\/\/cdn-endpoint-hfm.azureedge.net\/heartfailurematters\/2024\/07\/hfm-logo1.jpg","contentUrl":"https:\/\/cdn-endpoint-hfm.azureedge.net\/heartfailurematters\/2024\/07\/hfm-logo1.jpg","width":1280,"height":720,"caption":"Heart Failure Matters"},"image":{"@id":"https:\/\/www.heartfailurematters.org\/de\/#\/schema\/logo\/image\/"},"sameAs":["https:\/\/www.facebook.com\/heartfailurematters"]}]}},"_links":{"self":[{"href":"https:\/\/www.heartfailurematters.org\/de\/wp-json\/wp\/v2\/pages\/1586","targetHints":{"allow":["GET"]}}],"collection":[{"href":"https:\/\/www.heartfailurematters.org\/de\/wp-json\/wp\/v2\/pages"}],"about":[{"href":"https:\/\/www.heartfailurematters.org\/de\/wp-json\/wp\/v2\/types\/page"}],"author":[{"embeddable":true,"href":"https:\/\/www.heartfailurematters.org\/de\/wp-json\/wp\/v2\/users\/1"}],"replies":[{"embeddable":true,"href":"https:\/\/www.heartfailurematters.org\/de\/wp-json\/wp\/v2\/comments?post=1586"}],"version-history":[{"count":1,"href":"https:\/\/www.heartfailurematters.org\/de\/wp-json\/wp\/v2\/pages\/1586\/revisions"}],"predecessor-version":[{"id":13640,"href":"https:\/\/www.heartfailurematters.org\/de\/wp-json\/wp\/v2\/pages\/1586\/revisions\/13640"}],"up":[{"embeddable":true,"href":"https:\/\/www.heartfailurematters.org\/de\/wp-json\/wp\/v2\/pages\/2680"}],"wp:featuredmedia":[{"embeddable":true,"href":"https:\/\/www.heartfailurematters.org\/de\/wp-json\/wp\/v2\/media\/10869"}],"wp:attachment":[{"href":"https:\/\/www.heartfailurematters.org\/de\/wp-json\/wp\/v2\/media?parent=1586"}],"wp:term":[{"taxonomy":"category","embeddable":true,"href":"https:\/\/www.heartfailurematters.org\/de\/wp-json\/wp\/v2\/categories?post=1586"},{"taxonomy":"post_tag","embeddable":true,"href":"https:\/\/www.heartfailurematters.org\/de\/wp-json\/wp\/v2\/tags?post=1586"}],"curies":[{"name":"wp","href":"https:\/\/api.w.org\/{rel}","templated":true}]}}