{"id":1579,"date":"2021-01-27T22:01:09","date_gmt":"2021-01-27T22:01:09","guid":{"rendered":"http:\/\/heartfailurematters.local:8888\/gefuehle-die-sich-bei-ihnen-selbst-einstellen-koennen\/"},"modified":"2025-12-04T11:24:10","modified_gmt":"2025-12-04T11:24:10","slug":"gefuehle-die-sich-bei-ihnen-selbst-einstellen-koennen","status":"publish","type":"page","link":"https:\/\/www.heartfailurematters.org\/de\/fuer-pflegende-angehoerige\/gefuehle-die-sich-bei-ihnen-selbst-einstellen-koennen\/","title":{"rendered":"Vielleicht werden Sie mit diesen Gef\u00fchlen konfrontiert"},"content":{"rendered":"<p>Als Betreuungsperson passiert es leicht, dass Sie all Ihre Energie, Anstrengungen und Aufmerksamkeit in die Pflege Ihrer Partnerin\/Ihres Partners oder Familienmitglieds investieren \u2013 h\u00e4ufig auf Kosten Ihrer eigenen Bed\u00fcrfnisse und Gef\u00fchle. Da jeder Mensch einzigartig ist, fallen emotionale Reaktionen auf Situationen individuell sehr unterschiedlich aus. Wom\u00f6glich haben Sie jedoch einige der folgenden Gef\u00fchle in Ihrer Rolle als Betreuungsperson selbst erlebt. Hier finden Sie Tipps und Ratschl\u00e4ge, die in solchen Situationen hilfreich sein k\u00f6nnen. Sie k\u00f6nnen auch Ihr eigenes <a href=\"https:\/\/www.heartfailurematters.org\/for-caregivers\/support-networks\/\">Unterst\u00fctzungsnetzwerk<\/a> erstellen:<\/p>\n<ul>\n<li>Sie haben wom\u00f6glich das Gef\u00fchl, dass Sie immer einen positiven, fr\u00f6hlichen und optimistischen Eindruck erwecken m\u00fcssen, auch wenn Sie mit bestimmten Problemen zu k\u00e4mpfen haben.<\/li>\n<li>Sie neigen wom\u00f6glich dazu, Ihre Gef\u00fchle hinten anzustellen, was schlie\u00dflich in gesundheitlichen Problemen oder schweren Depressionen resultieren kann.<\/li>\n<li>Wom\u00f6glich haben Sie Angstgef\u00fchle, weil Sie sich nicht sicher sind, wie es mit Ihrer Partnerin\/Ihrem Partner oder Ihrem Familienmitglied weitergehen wird, oder weil Sie sich f\u00fcr den Gesundheitszustand verantwortlich f\u00fchlen. Falls Ihre Partnerin\/Ihr Partner oder Ihr Familienmitglied ebenfalls starke Angstgef\u00fchle hat, kann es schwierig sein, diese Gef\u00fchle aufzufangen.<\/li>\n<li>Umst\u00e4nde k\u00f6nnen zu einem Gef\u00fchl der Ver\u00e4rgerung f\u00fchren. M\u00f6glicherweise sind Sie frustriert \u00fcber die Ver\u00e4nderungen in Ihrem Leben oder \u00e4rgern sich \u00fcber Ihre Partnerin\/Ihren Partner oder Ihr Familienmitglied als \u201eUrsache\u201c f\u00fcr diese Ver\u00e4nderungen. Wenn Ihre Partnerin\/Ihr Partner oder Ihr Familienmitglied gereizt oder unkooperativ ist, f\u00fchlen Sie sich m\u00f6glicherweise ver\u00e4rgert und nicht f\u00fcr Ihr Engagement wertgesch\u00e4tzt.<\/li>\n<li>M\u00f6glicherweise sind Sie w\u00fctend, weil Ihre Partnerin\/Ihr Partner oder Ihr Familienmitglied von Herzinsuffizienz betroffen ist. Sie fragen sich vielleicht, warum ausgerechnet sie davon betroffen sind und sind w\u00fctend auf das Leben, oder Sie k\u00f6nnten w\u00fctend auf Ihren Angeh\u00f6rigen sein, weil vers\u00e4umt wurde, mit dem Rauchen aufzuh\u00f6ren oder den medizinischen Rat richtig zu befolgen. M\u00f6glicherweise f\u00fchlen Sie sich schuldig, weil Sie diese Wut und Ver\u00e4rgerung empfinden.<\/li>\n<li>Sie denken wom\u00f6glich, dass Sie stark sein m\u00fcssen und dass eines der oben genannten Gef\u00fchle bedeutet, dass Sie Ihre Partnerin\/Ihren Partner oder Ihr Familienmitglied in irgendeiner Weise hintergehen.<\/li>\n<li>Es kann vorkommen, dass Sie in kurzer Zeit eine ganze Reihe von Emotionen durchleben. Am einen Tag haben Sie wom\u00f6glich ein positives und kontrolliertes Lebensgef\u00fchl und am n\u00e4chsten Tag Gef\u00fchle von Niedergeschlagenheit und Unsicherheit. Sie k\u00f6nnten sich bisweilen sehr isoliert f\u00fchlen und den Eindruck gewinnen, dass niemand sonst versteht, was Sie durchmachen.<\/li>\n<\/ul>\n<p>Sie k\u00f6nnen sich jedoch sicher sein, dass nicht nur Ihnen diese Emotionen bekannt sind. Es kann hilfreich sein, mit Menschen in \u00e4hnlichen Situationen zu sprechen. <a title=\"\" href=\"https:\/\/www.heartfailurematters.org\/for-caregivers\/support-networks\/\">Klicken Sie hier<\/a>, um weitere Informationen zu Unterst\u00fctzungsnetzwerken f\u00fcr Betreuungspersonen zu erhalten.<\/p>\n","protected":false},"excerpt":{"rendered":"<p>Als Betreuungsperson passiert es leicht, dass Sie all Ihre Energie, Anstrengungen und Aufmerksamkeit in die Pflege Ihrer Partnerin\/Ihres Partners oder Familienmitglieds investieren \u2013 h\u00e4ufig auf Kosten Ihrer eigenen Bed\u00fcrfnisse und Gef\u00fchle. Da jeder Mensch einzigartig ist, fallen emotionale Reaktionen auf Situationen individuell sehr unterschiedlich aus. Wom\u00f6glich haben Sie jedoch einige der folgenden Gef\u00fchle in Ihrer [&hellip;]<\/p>\n","protected":false},"author":1,"featured_media":10849,"parent":2842,"menu_order":3,"comment_status":"open","ping_status":"closed","template":"","meta":{"_acf_changed":false,"footnotes":""},"categories":[83],"tags":[],"class_list":["post-1579","page","type-page","status-publish","has-post-thumbnail","hentry","category-for-caregivers-de"],"acf":[],"yoast_head":"<!-- This site is optimized with the Yoast SEO plugin v24.8.1 - https:\/\/yoast.com\/wordpress\/plugins\/seo\/ -->\n<title>Wie Sie sich mit Herzinsuffizienz f\u00fchlen k\u00f6nnen<\/title>\n<meta name=\"description\" content=\"Betreuungspersonen investieren oft alle Energie, Kraft und Aufmerksamkeit in die Pflege der Partnerin\/des Partners oder Familienmitglieds \u2013 oft zu Last der eigenen Bed\u00fcrfnisse und Gef\u00fchle.\" \/>\n<meta name=\"robots\" content=\"index, follow, max-snippet:-1, max-image-preview:large, max-video-preview:-1\" \/>\n<link rel=\"canonical\" href=\"https:\/\/www.heartfailurematters.org\/de\/fuer-pflegende-angehoerige\/gefuehle-die-sich-bei-ihnen-selbst-einstellen-koennen\/\" \/>\n<meta property=\"og:locale\" content=\"de_DE\" \/>\n<meta property=\"og:type\" content=\"article\" \/>\n<meta property=\"og:title\" content=\"Wie Sie sich mit Herzinsuffizienz f\u00fchlen k\u00f6nnen\" \/>\n<meta property=\"og:description\" content=\"Betreuungspersonen investieren oft alle Energie, Kraft und Aufmerksamkeit in die Pflege der Partnerin\/des Partners oder Familienmitglieds \u2013 oft zu Last der eigenen Bed\u00fcrfnisse und Gef\u00fchle.\" \/>\n<meta property=\"og:url\" content=\"https:\/\/www.heartfailurematters.org\/de\/fuer-pflegende-angehoerige\/gefuehle-die-sich-bei-ihnen-selbst-einstellen-koennen\/\" \/>\n<meta property=\"og:site_name\" content=\"Heart Failure Matters\" \/>\n<meta property=\"article:publisher\" content=\"https:\/\/www.facebook.com\/heartfailurematters\" \/>\n<meta property=\"article:modified_time\" content=\"2025-12-04T11:24:10+00:00\" \/>\n<meta property=\"og:image\" content=\"https:\/\/www.heartfailurematters.org\/wp-content\/uploads\/2022\/03\/shutterstock_1769847845-1-min.jpg\" \/>\n\t<meta property=\"og:image:width\" content=\"900\" \/>\n\t<meta property=\"og:image:height\" content=\"600\" \/>\n\t<meta property=\"og:image:type\" content=\"image\/jpeg\" \/>\n<meta name=\"twitter:card\" content=\"summary_large_image\" \/>\n<meta name=\"twitter:label1\" content=\"Gesch\u00e4tzte Lesezeit\" \/>\n\t<meta name=\"twitter:data1\" content=\"2\u00a0Minuten\" \/>\n<script type=\"application\/ld+json\" class=\"yoast-schema-graph\">{\"@context\":\"https:\/\/schema.org\",\"@graph\":[{\"@type\":\"WebPage\",\"@id\":\"https:\/\/www.heartfailurematters.org\/de\/fuer-pflegende-angehoerige\/gefuehle-die-sich-bei-ihnen-selbst-einstellen-koennen\/\",\"url\":\"https:\/\/www.heartfailurematters.org\/de\/fuer-pflegende-angehoerige\/gefuehle-die-sich-bei-ihnen-selbst-einstellen-koennen\/\",\"name\":\"Wie Sie sich mit Herzinsuffizienz f\u00fchlen k\u00f6nnen\",\"isPartOf\":{\"@id\":\"https:\/\/www.heartfailurematters.org\/de\/#website\"},\"primaryImageOfPage\":{\"@id\":\"https:\/\/www.heartfailurematters.org\/de\/fuer-pflegende-angehoerige\/gefuehle-die-sich-bei-ihnen-selbst-einstellen-koennen\/#primaryimage\"},\"image\":{\"@id\":\"https:\/\/www.heartfailurematters.org\/de\/fuer-pflegende-angehoerige\/gefuehle-die-sich-bei-ihnen-selbst-einstellen-koennen\/#primaryimage\"},\"thumbnailUrl\":\"https:\/\/www.heartfailurematters.org\/wp-content\/uploads\/2022\/03\/shutterstock_1769847845-1-min.jpg\",\"datePublished\":\"2021-01-27T22:01:09+00:00\",\"dateModified\":\"2025-12-04T11:24:10+00:00\",\"description\":\"Betreuungspersonen investieren oft alle Energie, Kraft und Aufmerksamkeit in die Pflege der Partnerin\/des Partners oder Familienmitglieds \u2013 oft zu Last der eigenen Bed\u00fcrfnisse und Gef\u00fchle.\",\"breadcrumb\":{\"@id\":\"https:\/\/www.heartfailurematters.org\/de\/fuer-pflegende-angehoerige\/gefuehle-die-sich-bei-ihnen-selbst-einstellen-koennen\/#breadcrumb\"},\"inLanguage\":\"de\",\"potentialAction\":[{\"@type\":\"ReadAction\",\"target\":[\"https:\/\/www.heartfailurematters.org\/de\/fuer-pflegende-angehoerige\/gefuehle-die-sich-bei-ihnen-selbst-einstellen-koennen\/\"]}]},{\"@type\":\"ImageObject\",\"inLanguage\":\"de\",\"@id\":\"https:\/\/www.heartfailurematters.org\/de\/fuer-pflegende-angehoerige\/gefuehle-die-sich-bei-ihnen-selbst-einstellen-koennen\/#primaryimage\",\"url\":\"https:\/\/www.heartfailurematters.org\/wp-content\/uploads\/2022\/03\/shutterstock_1769847845-1-min.jpg\",\"contentUrl\":\"https:\/\/www.heartfailurematters.org\/wp-content\/uploads\/2022\/03\/shutterstock_1769847845-1-min.jpg\",\"width\":900,\"height\":600},{\"@type\":\"BreadcrumbList\",\"@id\":\"https:\/\/www.heartfailurematters.org\/de\/fuer-pflegende-angehoerige\/gefuehle-die-sich-bei-ihnen-selbst-einstellen-koennen\/#breadcrumb\",\"itemListElement\":[{\"@type\":\"ListItem\",\"position\":1,\"name\":\"Startseite\",\"item\":\"https:\/\/www.heartfailurematters.org\/de\/\"},{\"@type\":\"ListItem\",\"position\":2,\"name\":\"F\u00fcr Betreuer\",\"item\":\"https:\/\/www.heartfailurematters.org\/de\/fuer-pflegende-angehoerige\/\"},{\"@type\":\"ListItem\",\"position\":3,\"name\":\"Vielleicht werden Sie mit diesen Gef\u00fchlen konfrontiert\"}]},{\"@type\":\"WebSite\",\"@id\":\"https:\/\/www.heartfailurematters.org\/de\/#website\",\"url\":\"https:\/\/www.heartfailurematters.org\/de\/\",\"name\":\"Heart Failure Matters\",\"description\":\"Practical information for patients, families and caregivers.\",\"publisher\":{\"@id\":\"https:\/\/www.heartfailurematters.org\/de\/#organization\"},\"potentialAction\":[{\"@type\":\"SearchAction\",\"target\":{\"@type\":\"EntryPoint\",\"urlTemplate\":\"https:\/\/www.heartfailurematters.org\/de\/?s={search_term_string}\"},\"query-input\":{\"@type\":\"PropertyValueSpecification\",\"valueRequired\":true,\"valueName\":\"search_term_string\"}}],\"inLanguage\":\"de\"},{\"@type\":\"Organization\",\"@id\":\"https:\/\/www.heartfailurematters.org\/de\/#organization\",\"name\":\"Heart Failure Matters\",\"url\":\"https:\/\/www.heartfailurematters.org\/de\/\",\"logo\":{\"@type\":\"ImageObject\",\"inLanguage\":\"de\",\"@id\":\"https:\/\/www.heartfailurematters.org\/de\/#\/schema\/logo\/image\/\",\"url\":\"https:\/\/cdn-endpoint-hfm.azureedge.net\/heartfailurematters\/2024\/07\/hfm-logo1.jpg\",\"contentUrl\":\"https:\/\/cdn-endpoint-hfm.azureedge.net\/heartfailurematters\/2024\/07\/hfm-logo1.jpg\",\"width\":1280,\"height\":720,\"caption\":\"Heart Failure Matters\"},\"image\":{\"@id\":\"https:\/\/www.heartfailurematters.org\/de\/#\/schema\/logo\/image\/\"},\"sameAs\":[\"https:\/\/www.facebook.com\/heartfailurematters\"]}]}<\/script>\n<!-- \/ Yoast SEO plugin. -->","yoast_head_json":{"title":"Wie Sie sich mit Herzinsuffizienz f\u00fchlen k\u00f6nnen","description":"Betreuungspersonen investieren oft alle Energie, Kraft und Aufmerksamkeit in die Pflege der Partnerin\/des Partners oder Familienmitglieds \u2013 oft zu Last der eigenen Bed\u00fcrfnisse und Gef\u00fchle.","robots":{"index":"index","follow":"follow","max-snippet":"max-snippet:-1","max-image-preview":"max-image-preview:large","max-video-preview":"max-video-preview:-1"},"canonical":"https:\/\/www.heartfailurematters.org\/de\/fuer-pflegende-angehoerige\/gefuehle-die-sich-bei-ihnen-selbst-einstellen-koennen\/","og_locale":"de_DE","og_type":"article","og_title":"Wie Sie sich mit Herzinsuffizienz f\u00fchlen k\u00f6nnen","og_description":"Betreuungspersonen investieren oft alle Energie, Kraft und Aufmerksamkeit in die Pflege der Partnerin\/des Partners oder Familienmitglieds \u2013 oft zu Last der eigenen Bed\u00fcrfnisse und Gef\u00fchle.","og_url":"https:\/\/www.heartfailurematters.org\/de\/fuer-pflegende-angehoerige\/gefuehle-die-sich-bei-ihnen-selbst-einstellen-koennen\/","og_site_name":"Heart Failure Matters","article_publisher":"https:\/\/www.facebook.com\/heartfailurematters","article_modified_time":"2025-12-04T11:24:10+00:00","og_image":[{"width":900,"height":600,"url":"https:\/\/www.heartfailurematters.org\/wp-content\/uploads\/2022\/03\/shutterstock_1769847845-1-min.jpg","type":"image\/jpeg"}],"twitter_card":"summary_large_image","twitter_misc":{"Gesch\u00e4tzte Lesezeit":"2\u00a0Minuten"},"schema":{"@context":"https:\/\/schema.org","@graph":[{"@type":"WebPage","@id":"https:\/\/www.heartfailurematters.org\/de\/fuer-pflegende-angehoerige\/gefuehle-die-sich-bei-ihnen-selbst-einstellen-koennen\/","url":"https:\/\/www.heartfailurematters.org\/de\/fuer-pflegende-angehoerige\/gefuehle-die-sich-bei-ihnen-selbst-einstellen-koennen\/","name":"Wie Sie sich mit Herzinsuffizienz f\u00fchlen k\u00f6nnen","isPartOf":{"@id":"https:\/\/www.heartfailurematters.org\/de\/#website"},"primaryImageOfPage":{"@id":"https:\/\/www.heartfailurematters.org\/de\/fuer-pflegende-angehoerige\/gefuehle-die-sich-bei-ihnen-selbst-einstellen-koennen\/#primaryimage"},"image":{"@id":"https:\/\/www.heartfailurematters.org\/de\/fuer-pflegende-angehoerige\/gefuehle-die-sich-bei-ihnen-selbst-einstellen-koennen\/#primaryimage"},"thumbnailUrl":"https:\/\/www.heartfailurematters.org\/wp-content\/uploads\/2022\/03\/shutterstock_1769847845-1-min.jpg","datePublished":"2021-01-27T22:01:09+00:00","dateModified":"2025-12-04T11:24:10+00:00","description":"Betreuungspersonen investieren oft alle Energie, Kraft und Aufmerksamkeit in die Pflege der Partnerin\/des Partners oder Familienmitglieds \u2013 oft zu Last der eigenen Bed\u00fcrfnisse und Gef\u00fchle.","breadcrumb":{"@id":"https:\/\/www.heartfailurematters.org\/de\/fuer-pflegende-angehoerige\/gefuehle-die-sich-bei-ihnen-selbst-einstellen-koennen\/#breadcrumb"},"inLanguage":"de","potentialAction":[{"@type":"ReadAction","target":["https:\/\/www.heartfailurematters.org\/de\/fuer-pflegende-angehoerige\/gefuehle-die-sich-bei-ihnen-selbst-einstellen-koennen\/"]}]},{"@type":"ImageObject","inLanguage":"de","@id":"https:\/\/www.heartfailurematters.org\/de\/fuer-pflegende-angehoerige\/gefuehle-die-sich-bei-ihnen-selbst-einstellen-koennen\/#primaryimage","url":"https:\/\/www.heartfailurematters.org\/wp-content\/uploads\/2022\/03\/shutterstock_1769847845-1-min.jpg","contentUrl":"https:\/\/www.heartfailurematters.org\/wp-content\/uploads\/2022\/03\/shutterstock_1769847845-1-min.jpg","width":900,"height":600},{"@type":"BreadcrumbList","@id":"https:\/\/www.heartfailurematters.org\/de\/fuer-pflegende-angehoerige\/gefuehle-die-sich-bei-ihnen-selbst-einstellen-koennen\/#breadcrumb","itemListElement":[{"@type":"ListItem","position":1,"name":"Startseite","item":"https:\/\/www.heartfailurematters.org\/de\/"},{"@type":"ListItem","position":2,"name":"F\u00fcr Betreuer","item":"https:\/\/www.heartfailurematters.org\/de\/fuer-pflegende-angehoerige\/"},{"@type":"ListItem","position":3,"name":"Vielleicht werden Sie mit diesen Gef\u00fchlen konfrontiert"}]},{"@type":"WebSite","@id":"https:\/\/www.heartfailurematters.org\/de\/#website","url":"https:\/\/www.heartfailurematters.org\/de\/","name":"Heart Failure Matters","description":"Practical information for patients, families and caregivers.","publisher":{"@id":"https:\/\/www.heartfailurematters.org\/de\/#organization"},"potentialAction":[{"@type":"SearchAction","target":{"@type":"EntryPoint","urlTemplate":"https:\/\/www.heartfailurematters.org\/de\/?s={search_term_string}"},"query-input":{"@type":"PropertyValueSpecification","valueRequired":true,"valueName":"search_term_string"}}],"inLanguage":"de"},{"@type":"Organization","@id":"https:\/\/www.heartfailurematters.org\/de\/#organization","name":"Heart Failure Matters","url":"https:\/\/www.heartfailurematters.org\/de\/","logo":{"@type":"ImageObject","inLanguage":"de","@id":"https:\/\/www.heartfailurematters.org\/de\/#\/schema\/logo\/image\/","url":"https:\/\/cdn-endpoint-hfm.azureedge.net\/heartfailurematters\/2024\/07\/hfm-logo1.jpg","contentUrl":"https:\/\/cdn-endpoint-hfm.azureedge.net\/heartfailurematters\/2024\/07\/hfm-logo1.jpg","width":1280,"height":720,"caption":"Heart Failure Matters"},"image":{"@id":"https:\/\/www.heartfailurematters.org\/de\/#\/schema\/logo\/image\/"},"sameAs":["https:\/\/www.facebook.com\/heartfailurematters"]}]}},"_links":{"self":[{"href":"https:\/\/www.heartfailurematters.org\/de\/wp-json\/wp\/v2\/pages\/1579","targetHints":{"allow":["GET"]}}],"collection":[{"href":"https:\/\/www.heartfailurematters.org\/de\/wp-json\/wp\/v2\/pages"}],"about":[{"href":"https:\/\/www.heartfailurematters.org\/de\/wp-json\/wp\/v2\/types\/page"}],"author":[{"embeddable":true,"href":"https:\/\/www.heartfailurematters.org\/de\/wp-json\/wp\/v2\/users\/1"}],"replies":[{"embeddable":true,"href":"https:\/\/www.heartfailurematters.org\/de\/wp-json\/wp\/v2\/comments?post=1579"}],"version-history":[{"count":1,"href":"https:\/\/www.heartfailurematters.org\/de\/wp-json\/wp\/v2\/pages\/1579\/revisions"}],"predecessor-version":[{"id":13630,"href":"https:\/\/www.heartfailurematters.org\/de\/wp-json\/wp\/v2\/pages\/1579\/revisions\/13630"}],"up":[{"embeddable":true,"href":"https:\/\/www.heartfailurematters.org\/de\/wp-json\/wp\/v2\/pages\/2842"}],"wp:featuredmedia":[{"embeddable":true,"href":"https:\/\/www.heartfailurematters.org\/de\/wp-json\/wp\/v2\/media\/10849"}],"wp:attachment":[{"href":"https:\/\/www.heartfailurematters.org\/de\/wp-json\/wp\/v2\/media?parent=1579"}],"wp:term":[{"taxonomy":"category","embeddable":true,"href":"https:\/\/www.heartfailurematters.org\/de\/wp-json\/wp\/v2\/categories?post=1579"},{"taxonomy":"post_tag","embeddable":true,"href":"https:\/\/www.heartfailurematters.org\/de\/wp-json\/wp\/v2\/tags?post=1579"}],"curies":[{"name":"wp","href":"https:\/\/api.w.org\/{rel}","templated":true}]}}