{"id":1578,"date":"2021-01-27T22:01:09","date_gmt":"2021-01-27T22:01:09","guid":{"rendered":"http:\/\/heartfailurematters.local:8888\/ernaehrungsumstellung-kalium\/"},"modified":"2021-01-27T22:01:09","modified_gmt":"2021-01-27T22:01:09","slug":"ernaehrungsumstellung-kalium","status":"publish","type":"page","link":"https:\/\/www.heartfailurematters.org\/de\/das-koennen-sie-tun\/ernaehrungsumstellung-kalium\/","title":{"rendered":"Ern\u00e4hrungsumstellung: Kalium"},"content":{"rendered":"<p><a class=\"addtooltip\" title=\"Kalium: ein chemisches Element, das der K&ouml;rper f&uuml;r die normale Zellfunktion ben&ouml;tigt, Diuretika k&ouml;nnen zum Verlust von Kalium f&uuml;hren\"><strong>Kalium<\/strong><\/a> ist ein wichtiges Mineral, das Ihr K&ouml;rper ben&ouml;tigt, um richtig zu funktionieren. Normalerweise wird die empfohlene Tagesmenge &uuml;ber die Nahrung aufgenommen. Wenn Sie jedoch <a class=\"addtooltip\" title=\"Diuretika: eine Klasse von Medikamenten, die auf die Nieren wirken, um mehr Urin zu produzieren und die Fl&uuml;ssigkeitsansammlung und Stauung zu reduzieren\"><strong>Diuretika<\/strong><\/a> gegen Ihre Herzinsuffizienz erhalten, kann es sein, dass Ihrem K&ouml;rper Kalium verloren geht. Um dies zu verhindern, wird Ihnen Ihr Arzt m&ouml;glicherweise ein anderes Diuretikum verordnen oder bei Ihren anderen Medikamenten entsprechende Anpassungen vornehmen. M&ouml;glicherweise wird man Ihnen raten, Ihre Ern&auml;hrung durch kaliumreiche Nahrungsmittel zu erg&auml;nzen.<\/p>\n<p>Die folgenden Nahrungsmittel sind gute Kaliumlieferanten:<\/p>\n<ul>\n<li>Bananen<\/li>\n<li>Orangen<\/li>\n<li>Pflaumen<\/li>\n<li>Sojabohnen<\/li>\n<li>Cantaloup-Melonen<\/li>\n<li>Fisch wie Heilbutt oder Flunder<\/li>\n<li>Kartoffeln<\/li>\n<\/ul>\n<p>Durch den Verzehr salziger Nahrungsmittel erh&ouml;ht sich der Natriumgehalt in Ihrem K&ouml;rper, so dass Ihr K&ouml;rper Kalium verlieren kann. Es ist daher wichtig, dass Sie sich salzarm ern&auml;hren.<\/p>\n<p><a href=\"https:\/\/www.heartfailurematters.org\/de\/das-koennen-sie-tun\/ernaehrungsumstellung\/\">Zur&uuml;ck zu &bdquo;Ern&auml;hrungsumstellung&rdquo;<\/a><\/p>\n","protected":false},"excerpt":{"rendered":"<p>Kalium ist ein wichtiges Mineral, das Ihr K&ouml;rper ben&ouml;tigt, um richtig zu funktionieren. Normalerweise wird die empfohlene Tagesmenge &uuml;ber die Nahrung aufgenommen. Wenn Sie jedoch Diuretika gegen Ihre Herzinsuffizienz erhalten, kann es sein, dass Ihrem K&ouml;rper Kalium verloren geht. Um dies zu verhindern, wird Ihnen Ihr Arzt m&ouml;glicherweise ein anderes Diuretikum verordnen oder bei Ihren [&hellip;]<\/p>\n","protected":false},"author":1,"featured_media":11030,"parent":2716,"menu_order":0,"comment_status":"open","ping_status":"open","template":"","meta":{"_acf_changed":false,"footnotes":""},"categories":[],"tags":[],"class_list":["post-1578","page","type-page","status-publish","has-post-thumbnail","hentry"],"acf":[],"yoast_head":"<!-- This site is optimized with the Yoast SEO plugin v24.8.1 - https:\/\/yoast.com\/wordpress\/plugins\/seo\/ -->\n<title>Ern\u00e4hrungsumstellung: Kalium<\/title>\n<meta name=\"description\" content=\"Kalium ist ein wichtiges Mineral, das Ihr K\u00f6rper ben\u00f6tigt, um richtig zu funktionieren. Normalerweise wird die empfohlene Tagesmenge \u00fcber die Nahrung aufgenommen. Wenn Sie jedoch Diuretika gegen Ihre Herzinsuffizienz einnehmen, kann es sein, dass Ihrem K\u00f6rper Kalium verloren geht\" \/>\n<meta name=\"robots\" content=\"index, follow, max-snippet:-1, max-image-preview:large, max-video-preview:-1\" \/>\n<link rel=\"canonical\" href=\"https:\/\/www.heartfailurematters.org\/de\/das-koennen-sie-tun\/ernaehrungsumstellung-kalium\/\" \/>\n<meta property=\"og:locale\" content=\"de_DE\" \/>\n<meta property=\"og:type\" content=\"article\" \/>\n<meta property=\"og:title\" content=\"Ern\u00e4hrungsumstellung: Kalium\" \/>\n<meta property=\"og:description\" content=\"Kalium ist ein wichtiges Mineral, das Ihr K\u00f6rper ben\u00f6tigt, um richtig zu funktionieren. Normalerweise wird die empfohlene Tagesmenge \u00fcber die Nahrung aufgenommen. Wenn Sie jedoch Diuretika gegen Ihre Herzinsuffizienz einnehmen, kann es sein, dass Ihrem K\u00f6rper Kalium verloren geht\" \/>\n<meta property=\"og:url\" content=\"https:\/\/www.heartfailurematters.org\/de\/das-koennen-sie-tun\/ernaehrungsumstellung-kalium\/\" \/>\n<meta property=\"og:site_name\" content=\"Heart Failure Matters\" \/>\n<meta property=\"article:publisher\" content=\"https:\/\/www.facebook.com\/heartfailurematters\" \/>\n<meta property=\"og:image\" content=\"https:\/\/www.heartfailurematters.org\/wp-content\/uploads\/2022\/03\/shutterstock_244685272-1-min.jpg\" \/>\n\t<meta property=\"og:image:width\" content=\"900\" \/>\n\t<meta property=\"og:image:height\" content=\"600\" \/>\n\t<meta property=\"og:image:type\" content=\"image\/jpeg\" \/>\n<meta name=\"twitter:card\" content=\"summary_large_image\" \/>\n<meta name=\"twitter:label1\" content=\"Gesch\u00e4tzte Lesezeit\" \/>\n\t<meta name=\"twitter:data1\" content=\"1\u00a0Minute\" \/>\n<script type=\"application\/ld+json\" class=\"yoast-schema-graph\">{\"@context\":\"https:\/\/schema.org\",\"@graph\":[{\"@type\":\"WebPage\",\"@id\":\"https:\/\/www.heartfailurematters.org\/de\/das-koennen-sie-tun\/ernaehrungsumstellung-kalium\/\",\"url\":\"https:\/\/www.heartfailurematters.org\/de\/das-koennen-sie-tun\/ernaehrungsumstellung-kalium\/\",\"name\":\"Ern\u00e4hrungsumstellung: Kalium\",\"isPartOf\":{\"@id\":\"https:\/\/www.heartfailurematters.org\/de\/#website\"},\"primaryImageOfPage\":{\"@id\":\"https:\/\/www.heartfailurematters.org\/de\/das-koennen-sie-tun\/ernaehrungsumstellung-kalium\/#primaryimage\"},\"image\":{\"@id\":\"https:\/\/www.heartfailurematters.org\/de\/das-koennen-sie-tun\/ernaehrungsumstellung-kalium\/#primaryimage\"},\"thumbnailUrl\":\"https:\/\/www.heartfailurematters.org\/wp-content\/uploads\/2022\/03\/shutterstock_244685272-1-min.jpg\",\"datePublished\":\"2021-01-27T22:01:09+00:00\",\"description\":\"Kalium ist ein wichtiges Mineral, das Ihr K\u00f6rper ben\u00f6tigt, um richtig zu funktionieren. Normalerweise wird die empfohlene Tagesmenge \u00fcber die Nahrung aufgenommen. Wenn Sie jedoch Diuretika gegen Ihre Herzinsuffizienz einnehmen, kann es sein, dass Ihrem K\u00f6rper Kalium verloren geht\",\"breadcrumb\":{\"@id\":\"https:\/\/www.heartfailurematters.org\/de\/das-koennen-sie-tun\/ernaehrungsumstellung-kalium\/#breadcrumb\"},\"inLanguage\":\"de\",\"potentialAction\":[{\"@type\":\"ReadAction\",\"target\":[\"https:\/\/www.heartfailurematters.org\/de\/das-koennen-sie-tun\/ernaehrungsumstellung-kalium\/\"]}]},{\"@type\":\"ImageObject\",\"inLanguage\":\"de\",\"@id\":\"https:\/\/www.heartfailurematters.org\/de\/das-koennen-sie-tun\/ernaehrungsumstellung-kalium\/#primaryimage\",\"url\":\"https:\/\/www.heartfailurematters.org\/wp-content\/uploads\/2022\/03\/shutterstock_244685272-1-min.jpg\",\"contentUrl\":\"https:\/\/www.heartfailurematters.org\/wp-content\/uploads\/2022\/03\/shutterstock_244685272-1-min.jpg\",\"width\":900,\"height\":600},{\"@type\":\"BreadcrumbList\",\"@id\":\"https:\/\/www.heartfailurematters.org\/de\/das-koennen-sie-tun\/ernaehrungsumstellung-kalium\/#breadcrumb\",\"itemListElement\":[{\"@type\":\"ListItem\",\"position\":1,\"name\":\"Startseite\",\"item\":\"https:\/\/www.heartfailurematters.org\/de\/\"},{\"@type\":\"ListItem\",\"position\":2,\"name\":\"Das k\u00f6nnen Sie tun\",\"item\":\"https:\/\/www.heartfailurematters.org\/de\/das-koennen-sie-tun\/\"},{\"@type\":\"ListItem\",\"position\":3,\"name\":\"Ern\u00e4hrungsumstellung: Kalium\"}]},{\"@type\":\"WebSite\",\"@id\":\"https:\/\/www.heartfailurematters.org\/de\/#website\",\"url\":\"https:\/\/www.heartfailurematters.org\/de\/\",\"name\":\"Heart Failure Matters\",\"description\":\"Practical information for patients, families and caregivers.\",\"publisher\":{\"@id\":\"https:\/\/www.heartfailurematters.org\/de\/#organization\"},\"potentialAction\":[{\"@type\":\"SearchAction\",\"target\":{\"@type\":\"EntryPoint\",\"urlTemplate\":\"https:\/\/www.heartfailurematters.org\/de\/?s={search_term_string}\"},\"query-input\":{\"@type\":\"PropertyValueSpecification\",\"valueRequired\":true,\"valueName\":\"search_term_string\"}}],\"inLanguage\":\"de\"},{\"@type\":\"Organization\",\"@id\":\"https:\/\/www.heartfailurematters.org\/de\/#organization\",\"name\":\"Heart Failure Matters\",\"url\":\"https:\/\/www.heartfailurematters.org\/de\/\",\"logo\":{\"@type\":\"ImageObject\",\"inLanguage\":\"de\",\"@id\":\"https:\/\/www.heartfailurematters.org\/de\/#\/schema\/logo\/image\/\",\"url\":\"https:\/\/cdn-endpoint-hfm.azureedge.net\/heartfailurematters\/2024\/07\/hfm-logo1.jpg\",\"contentUrl\":\"https:\/\/cdn-endpoint-hfm.azureedge.net\/heartfailurematters\/2024\/07\/hfm-logo1.jpg\",\"width\":1280,\"height\":720,\"caption\":\"Heart Failure Matters\"},\"image\":{\"@id\":\"https:\/\/www.heartfailurematters.org\/de\/#\/schema\/logo\/image\/\"},\"sameAs\":[\"https:\/\/www.facebook.com\/heartfailurematters\"]}]}<\/script>\n<!-- \/ Yoast SEO plugin. -->","yoast_head_json":{"title":"Ern\u00e4hrungsumstellung: Kalium","description":"Kalium ist ein wichtiges Mineral, das Ihr K\u00f6rper ben\u00f6tigt, um richtig zu funktionieren. Normalerweise wird die empfohlene Tagesmenge \u00fcber die Nahrung aufgenommen. Wenn Sie jedoch Diuretika gegen Ihre Herzinsuffizienz einnehmen, kann es sein, dass Ihrem K\u00f6rper Kalium verloren geht","robots":{"index":"index","follow":"follow","max-snippet":"max-snippet:-1","max-image-preview":"max-image-preview:large","max-video-preview":"max-video-preview:-1"},"canonical":"https:\/\/www.heartfailurematters.org\/de\/das-koennen-sie-tun\/ernaehrungsumstellung-kalium\/","og_locale":"de_DE","og_type":"article","og_title":"Ern\u00e4hrungsumstellung: Kalium","og_description":"Kalium ist ein wichtiges Mineral, das Ihr K\u00f6rper ben\u00f6tigt, um richtig zu funktionieren. Normalerweise wird die empfohlene Tagesmenge \u00fcber die Nahrung aufgenommen. Wenn Sie jedoch Diuretika gegen Ihre Herzinsuffizienz einnehmen, kann es sein, dass Ihrem K\u00f6rper Kalium verloren geht","og_url":"https:\/\/www.heartfailurematters.org\/de\/das-koennen-sie-tun\/ernaehrungsumstellung-kalium\/","og_site_name":"Heart Failure Matters","article_publisher":"https:\/\/www.facebook.com\/heartfailurematters","og_image":[{"width":900,"height":600,"url":"https:\/\/www.heartfailurematters.org\/wp-content\/uploads\/2022\/03\/shutterstock_244685272-1-min.jpg","type":"image\/jpeg"}],"twitter_card":"summary_large_image","twitter_misc":{"Gesch\u00e4tzte Lesezeit":"1\u00a0Minute"},"schema":{"@context":"https:\/\/schema.org","@graph":[{"@type":"WebPage","@id":"https:\/\/www.heartfailurematters.org\/de\/das-koennen-sie-tun\/ernaehrungsumstellung-kalium\/","url":"https:\/\/www.heartfailurematters.org\/de\/das-koennen-sie-tun\/ernaehrungsumstellung-kalium\/","name":"Ern\u00e4hrungsumstellung: Kalium","isPartOf":{"@id":"https:\/\/www.heartfailurematters.org\/de\/#website"},"primaryImageOfPage":{"@id":"https:\/\/www.heartfailurematters.org\/de\/das-koennen-sie-tun\/ernaehrungsumstellung-kalium\/#primaryimage"},"image":{"@id":"https:\/\/www.heartfailurematters.org\/de\/das-koennen-sie-tun\/ernaehrungsumstellung-kalium\/#primaryimage"},"thumbnailUrl":"https:\/\/www.heartfailurematters.org\/wp-content\/uploads\/2022\/03\/shutterstock_244685272-1-min.jpg","datePublished":"2021-01-27T22:01:09+00:00","description":"Kalium ist ein wichtiges Mineral, das Ihr K\u00f6rper ben\u00f6tigt, um richtig zu funktionieren. Normalerweise wird die empfohlene Tagesmenge \u00fcber die Nahrung aufgenommen. Wenn Sie jedoch Diuretika gegen Ihre Herzinsuffizienz einnehmen, kann es sein, dass Ihrem K\u00f6rper Kalium verloren geht","breadcrumb":{"@id":"https:\/\/www.heartfailurematters.org\/de\/das-koennen-sie-tun\/ernaehrungsumstellung-kalium\/#breadcrumb"},"inLanguage":"de","potentialAction":[{"@type":"ReadAction","target":["https:\/\/www.heartfailurematters.org\/de\/das-koennen-sie-tun\/ernaehrungsumstellung-kalium\/"]}]},{"@type":"ImageObject","inLanguage":"de","@id":"https:\/\/www.heartfailurematters.org\/de\/das-koennen-sie-tun\/ernaehrungsumstellung-kalium\/#primaryimage","url":"https:\/\/www.heartfailurematters.org\/wp-content\/uploads\/2022\/03\/shutterstock_244685272-1-min.jpg","contentUrl":"https:\/\/www.heartfailurematters.org\/wp-content\/uploads\/2022\/03\/shutterstock_244685272-1-min.jpg","width":900,"height":600},{"@type":"BreadcrumbList","@id":"https:\/\/www.heartfailurematters.org\/de\/das-koennen-sie-tun\/ernaehrungsumstellung-kalium\/#breadcrumb","itemListElement":[{"@type":"ListItem","position":1,"name":"Startseite","item":"https:\/\/www.heartfailurematters.org\/de\/"},{"@type":"ListItem","position":2,"name":"Das k\u00f6nnen Sie tun","item":"https:\/\/www.heartfailurematters.org\/de\/das-koennen-sie-tun\/"},{"@type":"ListItem","position":3,"name":"Ern\u00e4hrungsumstellung: Kalium"}]},{"@type":"WebSite","@id":"https:\/\/www.heartfailurematters.org\/de\/#website","url":"https:\/\/www.heartfailurematters.org\/de\/","name":"Heart Failure Matters","description":"Practical information for patients, families and caregivers.","publisher":{"@id":"https:\/\/www.heartfailurematters.org\/de\/#organization"},"potentialAction":[{"@type":"SearchAction","target":{"@type":"EntryPoint","urlTemplate":"https:\/\/www.heartfailurematters.org\/de\/?s={search_term_string}"},"query-input":{"@type":"PropertyValueSpecification","valueRequired":true,"valueName":"search_term_string"}}],"inLanguage":"de"},{"@type":"Organization","@id":"https:\/\/www.heartfailurematters.org\/de\/#organization","name":"Heart Failure Matters","url":"https:\/\/www.heartfailurematters.org\/de\/","logo":{"@type":"ImageObject","inLanguage":"de","@id":"https:\/\/www.heartfailurematters.org\/de\/#\/schema\/logo\/image\/","url":"https:\/\/cdn-endpoint-hfm.azureedge.net\/heartfailurematters\/2024\/07\/hfm-logo1.jpg","contentUrl":"https:\/\/cdn-endpoint-hfm.azureedge.net\/heartfailurematters\/2024\/07\/hfm-logo1.jpg","width":1280,"height":720,"caption":"Heart Failure Matters"},"image":{"@id":"https:\/\/www.heartfailurematters.org\/de\/#\/schema\/logo\/image\/"},"sameAs":["https:\/\/www.facebook.com\/heartfailurematters"]}]}},"_links":{"self":[{"href":"https:\/\/www.heartfailurematters.org\/de\/wp-json\/wp\/v2\/pages\/1578","targetHints":{"allow":["GET"]}}],"collection":[{"href":"https:\/\/www.heartfailurematters.org\/de\/wp-json\/wp\/v2\/pages"}],"about":[{"href":"https:\/\/www.heartfailurematters.org\/de\/wp-json\/wp\/v2\/types\/page"}],"author":[{"embeddable":true,"href":"https:\/\/www.heartfailurematters.org\/de\/wp-json\/wp\/v2\/users\/1"}],"replies":[{"embeddable":true,"href":"https:\/\/www.heartfailurematters.org\/de\/wp-json\/wp\/v2\/comments?post=1578"}],"version-history":[{"count":0,"href":"https:\/\/www.heartfailurematters.org\/de\/wp-json\/wp\/v2\/pages\/1578\/revisions"}],"up":[{"embeddable":true,"href":"https:\/\/www.heartfailurematters.org\/de\/wp-json\/wp\/v2\/pages\/2716"}],"wp:featuredmedia":[{"embeddable":true,"href":"https:\/\/www.heartfailurematters.org\/de\/wp-json\/wp\/v2\/media\/11030"}],"wp:attachment":[{"href":"https:\/\/www.heartfailurematters.org\/de\/wp-json\/wp\/v2\/media?parent=1578"}],"wp:term":[{"taxonomy":"category","embeddable":true,"href":"https:\/\/www.heartfailurematters.org\/de\/wp-json\/wp\/v2\/categories?post=1578"},{"taxonomy":"post_tag","embeddable":true,"href":"https:\/\/www.heartfailurematters.org\/de\/wp-json\/wp\/v2\/tags?post=1578"}],"curies":[{"name":"wp","href":"https:\/\/api.w.org\/{rel}","templated":true}]}}