{"id":1573,"date":"2021-01-27T22:01:04","date_gmt":"2021-01-27T22:01:04","guid":{"rendered":"http:\/\/heartfailurematters.local:8888\/mehrschichtcomputertomographie-msct\/"},"modified":"2021-01-27T22:01:04","modified_gmt":"2021-01-27T22:01:04","slug":"mehrschichtcomputertomographie-msct","status":"publish","type":"page","link":"https:\/\/www.heartfailurematters.org\/de\/herzinsuffizienz-verstehen\/mehrschichtcomputertomographie-msct\/","title":{"rendered":"Mehrschichtcomputertomographie (MSCT)"},"content":{"rendered":"<p>Die\u00a0bildgebenden Untersuchung zur Darstellung des Herzens mittels <strong>Mehrschichtcomputertomographie (MSCT) <\/strong><\/a>ist ein in j\u00fcngerer Zeit entwickeltes Verfahren zur nicht-invasiven Bewertung der Herzfunktion und der <strong>Koronararterien.<\/strong><\/a><\/p>\n<p>Bei der MSCT des Herzens kommen <strong>R\u00f6ntgenstrahlen <\/strong><\/a>und ein Fl\u00fcssigfarbstoff zur 3D-Darstellung von Herz und Gef\u00e4\u00dfen zum Einsatz. Der verwendete Scanner ist \u00e4u\u00dferst hochentwickelt und scannt das Herz sehr rasch. Dies liefert scharfe, detailgenaue Bilder, wie sie mit anderen Tests nicht erreicht werden k\u00f6nnen.<\/p>\n<p>Wie beim Anfertigen eines <strong>Angiogramms <\/strong><\/a> wird auch hier ein Fl\u00fcssigfarbstoff injiziert, um verengte Koronararterien erkennen zu k\u00f6nnen. Im Gegensatz zur Koronarangiographie, bei der der Fl\u00fcssigfarbstoff \u00fcber einen invasiv gelegten <strong>Katheter <\/strong><\/a>direkt in Ihre Koronararterien injiziert wird, erfolgt die Injektion des Fl\u00fcssigfarbstoffes w\u00e4hrend dieser Untersuchung in eine oberfl\u00e4chliche Vene \u00fcber eine kleine Kan\u00fcle (Nadel), die entweder auf dem Handr\u00fccken oder in der Ellenbeuge gelegt wird. <\/p>\n<p>Ihr Arzt bringt dann den Farbstoff in den Blutkreislauf ein und die Untersuchung beginnt, wenn der Farbstoff die Koronararterien erreicht hat. Ein CT-Scanner verwendet R\u00f6ntgenstrahlen, um den sich durch das Herz und dessen Blutgef\u00e4\u00dfe bewegenden Farbstoff zu erfassen und scharfe, detaillierte Bilder zu liefern. <\/p>\n<p>Die Untersuchung dauert nur ein paar Sekunden und wird gew\u00f6hnlich w\u00e4hrend einer kurzen Atempause durchgef\u00fchrt. <\/p>\n<p>Die Strahlenmenge, der Sie dabei ausgesetzt werden, ist sehr gering.<\/p>\n<p>Zur\u00fcck zu \u201e\u00dcbliche Tests zum Nachweis einer Herzinsuffizienz?\u201c<\/a><\/p>\n","protected":false},"excerpt":{"rendered":"<p>Die\u00a0bildgebenden Untersuchung zur Darstellung des Herzens mittels Mehrschichtcomputertomographie (MSCT) ist ein in j\u00fcngerer Zeit entwickeltes Verfahren zur nicht-invasiven Bewertung der Herzfunktion und der Koronararterien. Bei der MSCT des Herzens kommen R\u00f6ntgenstrahlen und ein Fl\u00fcssigfarbstoff zur 3D-Darstellung von Herz und Gef\u00e4\u00dfen zum Einsatz. Der verwendete Scanner ist \u00e4u\u00dferst hochentwickelt und scannt das Herz sehr rasch. Dies [&hellip;]<\/p>\n","protected":false},"author":1,"featured_media":10707,"parent":1371,"menu_order":0,"comment_status":"open","ping_status":"open","template":"","meta":{"_acf_changed":false,"footnotes":""},"categories":[],"tags":[],"class_list":["post-1573","page","type-page","status-publish","has-post-thumbnail","hentry"],"acf":[],"yoast_head":"<!-- This site is optimized with the Yoast SEO plugin v24.8.1 - https:\/\/yoast.com\/wordpress\/plugins\/seo\/ -->\n<title>Mehrschichtcomputertomographie (MSCT)<\/title>\n<meta name=\"description\" content=\"Die Herzbildgebung mittels Multi-Slice-Computertomographie (MSCT) ist eine k\u00fcrzlich entwickelte Technik zur nicht-invasiven Beurteilung der Funktion von Herz und Koronararterien.\" \/>\n<meta name=\"robots\" content=\"index, follow, max-snippet:-1, max-image-preview:large, max-video-preview:-1\" \/>\n<link rel=\"canonical\" href=\"https:\/\/www.heartfailurematters.org\/de\/herzinsuffizienz-verstehen\/mehrschichtcomputertomographie-msct\/\" \/>\n<meta property=\"og:locale\" content=\"de_DE\" \/>\n<meta property=\"og:type\" content=\"article\" \/>\n<meta property=\"og:title\" content=\"Mehrschichtcomputertomographie (MSCT)\" \/>\n<meta property=\"og:description\" content=\"Die Herzbildgebung mittels Multi-Slice-Computertomographie (MSCT) ist eine k\u00fcrzlich entwickelte Technik zur nicht-invasiven Beurteilung der Funktion von Herz und Koronararterien.\" \/>\n<meta property=\"og:url\" content=\"https:\/\/www.heartfailurematters.org\/de\/herzinsuffizienz-verstehen\/mehrschichtcomputertomographie-msct\/\" \/>\n<meta property=\"og:site_name\" content=\"Heart Failure Matters\" \/>\n<meta property=\"article:publisher\" content=\"https:\/\/www.facebook.com\/heartfailurematters\" \/>\n<meta property=\"og:image\" content=\"https:\/\/www.heartfailurematters.org\/wp-content\/uploads\/2022\/02\/shutterstock_1314962018-1-min.jpg\" \/>\n\t<meta property=\"og:image:width\" content=\"900\" \/>\n\t<meta property=\"og:image:height\" content=\"600\" \/>\n\t<meta property=\"og:image:type\" content=\"image\/jpeg\" \/>\n<meta name=\"twitter:card\" content=\"summary_large_image\" \/>\n<meta name=\"twitter:label1\" content=\"Gesch\u00e4tzte Lesezeit\" \/>\n\t<meta name=\"twitter:data1\" content=\"1\u00a0Minute\" \/>\n<script type=\"application\/ld+json\" class=\"yoast-schema-graph\">{\"@context\":\"https:\/\/schema.org\",\"@graph\":[{\"@type\":\"WebPage\",\"@id\":\"https:\/\/www.heartfailurematters.org\/de\/herzinsuffizienz-verstehen\/mehrschichtcomputertomographie-msct\/\",\"url\":\"https:\/\/www.heartfailurematters.org\/de\/herzinsuffizienz-verstehen\/mehrschichtcomputertomographie-msct\/\",\"name\":\"Mehrschichtcomputertomographie (MSCT)\",\"isPartOf\":{\"@id\":\"https:\/\/www.heartfailurematters.org\/de\/#website\"},\"primaryImageOfPage\":{\"@id\":\"https:\/\/www.heartfailurematters.org\/de\/herzinsuffizienz-verstehen\/mehrschichtcomputertomographie-msct\/#primaryimage\"},\"image\":{\"@id\":\"https:\/\/www.heartfailurematters.org\/de\/herzinsuffizienz-verstehen\/mehrschichtcomputertomographie-msct\/#primaryimage\"},\"thumbnailUrl\":\"https:\/\/www.heartfailurematters.org\/wp-content\/uploads\/2022\/02\/shutterstock_1314962018-1-min.jpg\",\"datePublished\":\"2021-01-27T22:01:04+00:00\",\"description\":\"Die Herzbildgebung mittels Multi-Slice-Computertomographie (MSCT) ist eine k\u00fcrzlich entwickelte Technik zur nicht-invasiven Beurteilung der Funktion von Herz und Koronararterien.\",\"breadcrumb\":{\"@id\":\"https:\/\/www.heartfailurematters.org\/de\/herzinsuffizienz-verstehen\/mehrschichtcomputertomographie-msct\/#breadcrumb\"},\"inLanguage\":\"de\",\"potentialAction\":[{\"@type\":\"ReadAction\",\"target\":[\"https:\/\/www.heartfailurematters.org\/de\/herzinsuffizienz-verstehen\/mehrschichtcomputertomographie-msct\/\"]}]},{\"@type\":\"ImageObject\",\"inLanguage\":\"de\",\"@id\":\"https:\/\/www.heartfailurematters.org\/de\/herzinsuffizienz-verstehen\/mehrschichtcomputertomographie-msct\/#primaryimage\",\"url\":\"https:\/\/www.heartfailurematters.org\/wp-content\/uploads\/2022\/02\/shutterstock_1314962018-1-min.jpg\",\"contentUrl\":\"https:\/\/www.heartfailurematters.org\/wp-content\/uploads\/2022\/02\/shutterstock_1314962018-1-min.jpg\",\"width\":900,\"height\":600},{\"@type\":\"BreadcrumbList\",\"@id\":\"https:\/\/www.heartfailurematters.org\/de\/herzinsuffizienz-verstehen\/mehrschichtcomputertomographie-msct\/#breadcrumb\",\"itemListElement\":[{\"@type\":\"ListItem\",\"position\":1,\"name\":\"Startseite\",\"item\":\"https:\/\/www.heartfailurematters.org\/de\/\"},{\"@type\":\"ListItem\",\"position\":2,\"name\":\"Herzinsuffizienz verstehen\",\"item\":\"https:\/\/www.heartfailurematters.org\/de\/herzinsuffizienz-verstehen\/\"},{\"@type\":\"ListItem\",\"position\":3,\"name\":\"Mehrschichtcomputertomographie (MSCT)\"}]},{\"@type\":\"WebSite\",\"@id\":\"https:\/\/www.heartfailurematters.org\/de\/#website\",\"url\":\"https:\/\/www.heartfailurematters.org\/de\/\",\"name\":\"Heart Failure Matters\",\"description\":\"Practical information for patients, families and caregivers.\",\"publisher\":{\"@id\":\"https:\/\/www.heartfailurematters.org\/de\/#organization\"},\"potentialAction\":[{\"@type\":\"SearchAction\",\"target\":{\"@type\":\"EntryPoint\",\"urlTemplate\":\"https:\/\/www.heartfailurematters.org\/de\/?s={search_term_string}\"},\"query-input\":{\"@type\":\"PropertyValueSpecification\",\"valueRequired\":true,\"valueName\":\"search_term_string\"}}],\"inLanguage\":\"de\"},{\"@type\":\"Organization\",\"@id\":\"https:\/\/www.heartfailurematters.org\/de\/#organization\",\"name\":\"Heart Failure Matters\",\"url\":\"https:\/\/www.heartfailurematters.org\/de\/\",\"logo\":{\"@type\":\"ImageObject\",\"inLanguage\":\"de\",\"@id\":\"https:\/\/www.heartfailurematters.org\/de\/#\/schema\/logo\/image\/\",\"url\":\"https:\/\/cdn-endpoint-hfm.azureedge.net\/heartfailurematters\/2024\/07\/hfm-logo1.jpg\",\"contentUrl\":\"https:\/\/cdn-endpoint-hfm.azureedge.net\/heartfailurematters\/2024\/07\/hfm-logo1.jpg\",\"width\":1280,\"height\":720,\"caption\":\"Heart Failure Matters\"},\"image\":{\"@id\":\"https:\/\/www.heartfailurematters.org\/de\/#\/schema\/logo\/image\/\"},\"sameAs\":[\"https:\/\/www.facebook.com\/heartfailurematters\"]}]}<\/script>\n<!-- \/ Yoast SEO plugin. -->","yoast_head_json":{"title":"Mehrschichtcomputertomographie (MSCT)","description":"Die Herzbildgebung mittels Multi-Slice-Computertomographie (MSCT) ist eine k\u00fcrzlich entwickelte Technik zur nicht-invasiven Beurteilung der Funktion von Herz und Koronararterien.","robots":{"index":"index","follow":"follow","max-snippet":"max-snippet:-1","max-image-preview":"max-image-preview:large","max-video-preview":"max-video-preview:-1"},"canonical":"https:\/\/www.heartfailurematters.org\/de\/herzinsuffizienz-verstehen\/mehrschichtcomputertomographie-msct\/","og_locale":"de_DE","og_type":"article","og_title":"Mehrschichtcomputertomographie (MSCT)","og_description":"Die Herzbildgebung mittels Multi-Slice-Computertomographie (MSCT) ist eine k\u00fcrzlich entwickelte Technik zur nicht-invasiven Beurteilung der Funktion von Herz und Koronararterien.","og_url":"https:\/\/www.heartfailurematters.org\/de\/herzinsuffizienz-verstehen\/mehrschichtcomputertomographie-msct\/","og_site_name":"Heart Failure Matters","article_publisher":"https:\/\/www.facebook.com\/heartfailurematters","og_image":[{"width":900,"height":600,"url":"https:\/\/www.heartfailurematters.org\/wp-content\/uploads\/2022\/02\/shutterstock_1314962018-1-min.jpg","type":"image\/jpeg"}],"twitter_card":"summary_large_image","twitter_misc":{"Gesch\u00e4tzte Lesezeit":"1\u00a0Minute"},"schema":{"@context":"https:\/\/schema.org","@graph":[{"@type":"WebPage","@id":"https:\/\/www.heartfailurematters.org\/de\/herzinsuffizienz-verstehen\/mehrschichtcomputertomographie-msct\/","url":"https:\/\/www.heartfailurematters.org\/de\/herzinsuffizienz-verstehen\/mehrschichtcomputertomographie-msct\/","name":"Mehrschichtcomputertomographie (MSCT)","isPartOf":{"@id":"https:\/\/www.heartfailurematters.org\/de\/#website"},"primaryImageOfPage":{"@id":"https:\/\/www.heartfailurematters.org\/de\/herzinsuffizienz-verstehen\/mehrschichtcomputertomographie-msct\/#primaryimage"},"image":{"@id":"https:\/\/www.heartfailurematters.org\/de\/herzinsuffizienz-verstehen\/mehrschichtcomputertomographie-msct\/#primaryimage"},"thumbnailUrl":"https:\/\/www.heartfailurematters.org\/wp-content\/uploads\/2022\/02\/shutterstock_1314962018-1-min.jpg","datePublished":"2021-01-27T22:01:04+00:00","description":"Die Herzbildgebung mittels Multi-Slice-Computertomographie (MSCT) ist eine k\u00fcrzlich entwickelte Technik zur nicht-invasiven Beurteilung der Funktion von Herz und Koronararterien.","breadcrumb":{"@id":"https:\/\/www.heartfailurematters.org\/de\/herzinsuffizienz-verstehen\/mehrschichtcomputertomographie-msct\/#breadcrumb"},"inLanguage":"de","potentialAction":[{"@type":"ReadAction","target":["https:\/\/www.heartfailurematters.org\/de\/herzinsuffizienz-verstehen\/mehrschichtcomputertomographie-msct\/"]}]},{"@type":"ImageObject","inLanguage":"de","@id":"https:\/\/www.heartfailurematters.org\/de\/herzinsuffizienz-verstehen\/mehrschichtcomputertomographie-msct\/#primaryimage","url":"https:\/\/www.heartfailurematters.org\/wp-content\/uploads\/2022\/02\/shutterstock_1314962018-1-min.jpg","contentUrl":"https:\/\/www.heartfailurematters.org\/wp-content\/uploads\/2022\/02\/shutterstock_1314962018-1-min.jpg","width":900,"height":600},{"@type":"BreadcrumbList","@id":"https:\/\/www.heartfailurematters.org\/de\/herzinsuffizienz-verstehen\/mehrschichtcomputertomographie-msct\/#breadcrumb","itemListElement":[{"@type":"ListItem","position":1,"name":"Startseite","item":"https:\/\/www.heartfailurematters.org\/de\/"},{"@type":"ListItem","position":2,"name":"Herzinsuffizienz verstehen","item":"https:\/\/www.heartfailurematters.org\/de\/herzinsuffizienz-verstehen\/"},{"@type":"ListItem","position":3,"name":"Mehrschichtcomputertomographie (MSCT)"}]},{"@type":"WebSite","@id":"https:\/\/www.heartfailurematters.org\/de\/#website","url":"https:\/\/www.heartfailurematters.org\/de\/","name":"Heart Failure Matters","description":"Practical information for patients, families and caregivers.","publisher":{"@id":"https:\/\/www.heartfailurematters.org\/de\/#organization"},"potentialAction":[{"@type":"SearchAction","target":{"@type":"EntryPoint","urlTemplate":"https:\/\/www.heartfailurematters.org\/de\/?s={search_term_string}"},"query-input":{"@type":"PropertyValueSpecification","valueRequired":true,"valueName":"search_term_string"}}],"inLanguage":"de"},{"@type":"Organization","@id":"https:\/\/www.heartfailurematters.org\/de\/#organization","name":"Heart Failure Matters","url":"https:\/\/www.heartfailurematters.org\/de\/","logo":{"@type":"ImageObject","inLanguage":"de","@id":"https:\/\/www.heartfailurematters.org\/de\/#\/schema\/logo\/image\/","url":"https:\/\/cdn-endpoint-hfm.azureedge.net\/heartfailurematters\/2024\/07\/hfm-logo1.jpg","contentUrl":"https:\/\/cdn-endpoint-hfm.azureedge.net\/heartfailurematters\/2024\/07\/hfm-logo1.jpg","width":1280,"height":720,"caption":"Heart Failure Matters"},"image":{"@id":"https:\/\/www.heartfailurematters.org\/de\/#\/schema\/logo\/image\/"},"sameAs":["https:\/\/www.facebook.com\/heartfailurematters"]}]}},"_links":{"self":[{"href":"https:\/\/www.heartfailurematters.org\/de\/wp-json\/wp\/v2\/pages\/1573","targetHints":{"allow":["GET"]}}],"collection":[{"href":"https:\/\/www.heartfailurematters.org\/de\/wp-json\/wp\/v2\/pages"}],"about":[{"href":"https:\/\/www.heartfailurematters.org\/de\/wp-json\/wp\/v2\/types\/page"}],"author":[{"embeddable":true,"href":"https:\/\/www.heartfailurematters.org\/de\/wp-json\/wp\/v2\/users\/1"}],"replies":[{"embeddable":true,"href":"https:\/\/www.heartfailurematters.org\/de\/wp-json\/wp\/v2\/comments?post=1573"}],"version-history":[{"count":0,"href":"https:\/\/www.heartfailurematters.org\/de\/wp-json\/wp\/v2\/pages\/1573\/revisions"}],"up":[{"embeddable":true,"href":"https:\/\/www.heartfailurematters.org\/de\/wp-json\/wp\/v2\/pages\/1371"}],"wp:featuredmedia":[{"embeddable":true,"href":"https:\/\/www.heartfailurematters.org\/de\/wp-json\/wp\/v2\/media\/10707"}],"wp:attachment":[{"href":"https:\/\/www.heartfailurematters.org\/de\/wp-json\/wp\/v2\/media?parent=1573"}],"wp:term":[{"taxonomy":"category","embeddable":true,"href":"https:\/\/www.heartfailurematters.org\/de\/wp-json\/wp\/v2\/categories?post=1573"},{"taxonomy":"post_tag","embeddable":true,"href":"https:\/\/www.heartfailurematters.org\/de\/wp-json\/wp\/v2\/tags?post=1573"}],"curies":[{"name":"wp","href":"https:\/\/api.w.org\/{rel}","templated":true}]}}