{"id":1572,"date":"2021-01-27T22:01:04","date_gmt":"2021-01-27T22:01:04","guid":{"rendered":"http:\/\/heartfailurematters.local:8888\/wie-arbeitet-das-gesunde-herz-2\/"},"modified":"2021-08-09T12:24:19","modified_gmt":"2021-08-09T11:24:19","slug":"wie-arbeitet-das-gesunde-herz","status":"publish","type":"page","link":"https:\/\/www.heartfailurematters.org\/de\/herzinsuffizienz-verstehen\/wie-arbeitet-das-gesunde-herz\/","title":{"rendered":"Wie arbeitet das gesunde Herz?"},"content":{"rendered":"<p>Ihr Herz besteht aus vier Kammern, wobei 2 linksseitig und 2 rechtsseitig angeordnet sind. Die W\u00e4nde dieser Herzkammern sind aus einem speziellen Herzmuskel aufgebaut. Die kleinen Kammern am oberen Ende Ihres Herzens werden als <strong>Vorh\u00f6fe <\/strong>und die darunter liegenden gro\u00dfen als <strong>Herzkammern (Ventrikel)<\/strong> bezeichnet. Am Eingang und Ausgang eines jeden Ventrikels befindet sich eine Klappe, die wie ein R\u00fcckschlagventil verhindert, dass Blut in entgegengesetzter Richtung durch das Herz str\u00f6mt.<\/p>\n<p>Ihre Vorh\u00f6fe und Ventrikel arbeiten aufeinander abgestimmt, indem sie sich wechselweise zusammenziehen (Systole oder systolische Phase), um das Blut aus dem Herzen hinauszudr\u00fccken oder zu entspannen (Diastole oder diastolische Phase), um Blut nachstr\u00f6men zu lassen und sich wieder zu f\u00fcllen. Zu Beginn eines Herzschlages breitet sich nahe dem oberen Herzende \u00fcber dem Herzmuskel ein winziges elektrisches Signal aus und bewirkt ein Kontraktion. Zuerst kontrahieren die Vorh\u00f6fe und dr\u00fccken damit Blut durch das offene Ventil in den Ventrikel. Der elektrische Impuls erreicht dann die Ventrikelmuskulatur und ruft dort eine Kontraktion hervor, sodass Blut aus dem Herzen in die Lungen und in den K\u00f6rper gepumpt wird. Solange die Ventrikel kontrahiert sind, entspannen sich die Vorh\u00f6fe, sodass Blut nachflie\u00dfen kann, bevor der n\u00e4chste Herzschlag einsetzt.<\/p>\n<p>Zur\u00fcck zu \u201eWie arbeitet das gesunde Herz?\u201d<\/p>\n","protected":false},"excerpt":{"rendered":"<p>Ihr Herz besteht aus vier Kammern, wobei 2 linksseitig und 2 rechtsseitig angeordnet sind. Die W\u00e4nde dieser Herzkammern sind aus einem speziellen Herzmuskel aufgebaut. Die kleinen Kammern am oberen Ende Ihres Herzens werden als Vorh\u00f6fe und die darunter liegenden gro\u00dfen als Herzkammern (Ventrikel) bezeichnet. Am Eingang und Ausgang eines jeden Ventrikels befindet sich eine Klappe, [&hellip;]<\/p>\n","protected":false},"author":1,"featured_media":0,"parent":1371,"menu_order":0,"comment_status":"open","ping_status":"open","template":"","meta":{"_acf_changed":false,"footnotes":""},"categories":[],"tags":[],"class_list":["post-1572","page","type-page","status-publish","hentry"],"acf":[],"yoast_head":"<!-- This site is optimized with the Yoast SEO plugin v24.8.1 - https:\/\/yoast.com\/wordpress\/plugins\/seo\/ -->\n<title>Wie funktioniert das normale Herz? Teil 2<\/title>\n<meta name=\"description\" content=\"Erfahren Sie, wie Ihre Vorh\u00f6fe und Herzkammern zusammenarbeiten, indem Sie sich abwechselnd zusammenziehen, um Blut aus dem Herz zu dr\u00fccken, und entspannen, um es mit Blut zu f\u00fcllen\" \/>\n<meta name=\"robots\" content=\"index, follow, max-snippet:-1, max-image-preview:large, max-video-preview:-1\" \/>\n<link rel=\"canonical\" href=\"https:\/\/www.heartfailurematters.org\/de\/herzinsuffizienz-verstehen\/wie-arbeitet-das-gesunde-herz\/\" \/>\n<meta property=\"og:locale\" content=\"de_DE\" \/>\n<meta property=\"og:type\" content=\"article\" \/>\n<meta property=\"og:title\" content=\"Wie funktioniert das normale Herz? Teil 2\" \/>\n<meta property=\"og:description\" content=\"Erfahren Sie, wie Ihre Vorh\u00f6fe und Herzkammern zusammenarbeiten, indem Sie sich abwechselnd zusammenziehen, um Blut aus dem Herz zu dr\u00fccken, und entspannen, um es mit Blut zu f\u00fcllen\" \/>\n<meta property=\"og:url\" content=\"https:\/\/www.heartfailurematters.org\/de\/herzinsuffizienz-verstehen\/wie-arbeitet-das-gesunde-herz\/\" \/>\n<meta property=\"og:site_name\" content=\"Heart Failure Matters\" \/>\n<meta property=\"article:publisher\" content=\"https:\/\/www.facebook.com\/heartfailurematters\" \/>\n<meta property=\"article:modified_time\" content=\"2021-08-09T11:24:19+00:00\" \/>\n<meta name=\"twitter:card\" content=\"summary_large_image\" \/>\n<meta name=\"twitter:label1\" content=\"Gesch\u00e4tzte Lesezeit\" \/>\n\t<meta name=\"twitter:data1\" content=\"1\u00a0Minute\" \/>\n<script type=\"application\/ld+json\" class=\"yoast-schema-graph\">{\"@context\":\"https:\/\/schema.org\",\"@graph\":[{\"@type\":\"WebPage\",\"@id\":\"https:\/\/www.heartfailurematters.org\/de\/herzinsuffizienz-verstehen\/wie-arbeitet-das-gesunde-herz\/\",\"url\":\"https:\/\/www.heartfailurematters.org\/de\/herzinsuffizienz-verstehen\/wie-arbeitet-das-gesunde-herz\/\",\"name\":\"Wie funktioniert das normale Herz? Teil 2\",\"isPartOf\":{\"@id\":\"https:\/\/www.heartfailurematters.org\/de\/#website\"},\"datePublished\":\"2021-01-27T22:01:04+00:00\",\"dateModified\":\"2021-08-09T11:24:19+00:00\",\"description\":\"Erfahren Sie, wie Ihre Vorh\u00f6fe und Herzkammern zusammenarbeiten, indem Sie sich abwechselnd zusammenziehen, um Blut aus dem Herz zu dr\u00fccken, und entspannen, um es mit Blut zu f\u00fcllen\",\"breadcrumb\":{\"@id\":\"https:\/\/www.heartfailurematters.org\/de\/herzinsuffizienz-verstehen\/wie-arbeitet-das-gesunde-herz\/#breadcrumb\"},\"inLanguage\":\"de\",\"potentialAction\":[{\"@type\":\"ReadAction\",\"target\":[\"https:\/\/www.heartfailurematters.org\/de\/herzinsuffizienz-verstehen\/wie-arbeitet-das-gesunde-herz\/\"]}]},{\"@type\":\"BreadcrumbList\",\"@id\":\"https:\/\/www.heartfailurematters.org\/de\/herzinsuffizienz-verstehen\/wie-arbeitet-das-gesunde-herz\/#breadcrumb\",\"itemListElement\":[{\"@type\":\"ListItem\",\"position\":1,\"name\":\"Startseite\",\"item\":\"https:\/\/www.heartfailurematters.org\/de\/\"},{\"@type\":\"ListItem\",\"position\":2,\"name\":\"Herzinsuffizienz verstehen\",\"item\":\"https:\/\/www.heartfailurematters.org\/de\/herzinsuffizienz-verstehen\/\"},{\"@type\":\"ListItem\",\"position\":3,\"name\":\"Wie arbeitet das gesunde Herz?\"}]},{\"@type\":\"WebSite\",\"@id\":\"https:\/\/www.heartfailurematters.org\/de\/#website\",\"url\":\"https:\/\/www.heartfailurematters.org\/de\/\",\"name\":\"Heart Failure Matters\",\"description\":\"Practical information for patients, families and caregivers.\",\"publisher\":{\"@id\":\"https:\/\/www.heartfailurematters.org\/de\/#organization\"},\"potentialAction\":[{\"@type\":\"SearchAction\",\"target\":{\"@type\":\"EntryPoint\",\"urlTemplate\":\"https:\/\/www.heartfailurematters.org\/de\/?s={search_term_string}\"},\"query-input\":{\"@type\":\"PropertyValueSpecification\",\"valueRequired\":true,\"valueName\":\"search_term_string\"}}],\"inLanguage\":\"de\"},{\"@type\":\"Organization\",\"@id\":\"https:\/\/www.heartfailurematters.org\/de\/#organization\",\"name\":\"Heart Failure Matters\",\"url\":\"https:\/\/www.heartfailurematters.org\/de\/\",\"logo\":{\"@type\":\"ImageObject\",\"inLanguage\":\"de\",\"@id\":\"https:\/\/www.heartfailurematters.org\/de\/#\/schema\/logo\/image\/\",\"url\":\"https:\/\/cdn-endpoint-hfm.azureedge.net\/heartfailurematters\/2024\/07\/hfm-logo1.jpg\",\"contentUrl\":\"https:\/\/cdn-endpoint-hfm.azureedge.net\/heartfailurematters\/2024\/07\/hfm-logo1.jpg\",\"width\":1280,\"height\":720,\"caption\":\"Heart Failure Matters\"},\"image\":{\"@id\":\"https:\/\/www.heartfailurematters.org\/de\/#\/schema\/logo\/image\/\"},\"sameAs\":[\"https:\/\/www.facebook.com\/heartfailurematters\"]}]}<\/script>\n<!-- \/ Yoast SEO plugin. -->","yoast_head_json":{"title":"Wie funktioniert das normale Herz? Teil 2","description":"Erfahren Sie, wie Ihre Vorh\u00f6fe und Herzkammern zusammenarbeiten, indem Sie sich abwechselnd zusammenziehen, um Blut aus dem Herz zu dr\u00fccken, und entspannen, um es mit Blut zu f\u00fcllen","robots":{"index":"index","follow":"follow","max-snippet":"max-snippet:-1","max-image-preview":"max-image-preview:large","max-video-preview":"max-video-preview:-1"},"canonical":"https:\/\/www.heartfailurematters.org\/de\/herzinsuffizienz-verstehen\/wie-arbeitet-das-gesunde-herz\/","og_locale":"de_DE","og_type":"article","og_title":"Wie funktioniert das normale Herz? Teil 2","og_description":"Erfahren Sie, wie Ihre Vorh\u00f6fe und Herzkammern zusammenarbeiten, indem Sie sich abwechselnd zusammenziehen, um Blut aus dem Herz zu dr\u00fccken, und entspannen, um es mit Blut zu f\u00fcllen","og_url":"https:\/\/www.heartfailurematters.org\/de\/herzinsuffizienz-verstehen\/wie-arbeitet-das-gesunde-herz\/","og_site_name":"Heart Failure Matters","article_publisher":"https:\/\/www.facebook.com\/heartfailurematters","article_modified_time":"2021-08-09T11:24:19+00:00","twitter_card":"summary_large_image","twitter_misc":{"Gesch\u00e4tzte Lesezeit":"1\u00a0Minute"},"schema":{"@context":"https:\/\/schema.org","@graph":[{"@type":"WebPage","@id":"https:\/\/www.heartfailurematters.org\/de\/herzinsuffizienz-verstehen\/wie-arbeitet-das-gesunde-herz\/","url":"https:\/\/www.heartfailurematters.org\/de\/herzinsuffizienz-verstehen\/wie-arbeitet-das-gesunde-herz\/","name":"Wie funktioniert das normale Herz? Teil 2","isPartOf":{"@id":"https:\/\/www.heartfailurematters.org\/de\/#website"},"datePublished":"2021-01-27T22:01:04+00:00","dateModified":"2021-08-09T11:24:19+00:00","description":"Erfahren Sie, wie Ihre Vorh\u00f6fe und Herzkammern zusammenarbeiten, indem Sie sich abwechselnd zusammenziehen, um Blut aus dem Herz zu dr\u00fccken, und entspannen, um es mit Blut zu f\u00fcllen","breadcrumb":{"@id":"https:\/\/www.heartfailurematters.org\/de\/herzinsuffizienz-verstehen\/wie-arbeitet-das-gesunde-herz\/#breadcrumb"},"inLanguage":"de","potentialAction":[{"@type":"ReadAction","target":["https:\/\/www.heartfailurematters.org\/de\/herzinsuffizienz-verstehen\/wie-arbeitet-das-gesunde-herz\/"]}]},{"@type":"BreadcrumbList","@id":"https:\/\/www.heartfailurematters.org\/de\/herzinsuffizienz-verstehen\/wie-arbeitet-das-gesunde-herz\/#breadcrumb","itemListElement":[{"@type":"ListItem","position":1,"name":"Startseite","item":"https:\/\/www.heartfailurematters.org\/de\/"},{"@type":"ListItem","position":2,"name":"Herzinsuffizienz verstehen","item":"https:\/\/www.heartfailurematters.org\/de\/herzinsuffizienz-verstehen\/"},{"@type":"ListItem","position":3,"name":"Wie arbeitet das gesunde Herz?"}]},{"@type":"WebSite","@id":"https:\/\/www.heartfailurematters.org\/de\/#website","url":"https:\/\/www.heartfailurematters.org\/de\/","name":"Heart Failure Matters","description":"Practical information for patients, families and caregivers.","publisher":{"@id":"https:\/\/www.heartfailurematters.org\/de\/#organization"},"potentialAction":[{"@type":"SearchAction","target":{"@type":"EntryPoint","urlTemplate":"https:\/\/www.heartfailurematters.org\/de\/?s={search_term_string}"},"query-input":{"@type":"PropertyValueSpecification","valueRequired":true,"valueName":"search_term_string"}}],"inLanguage":"de"},{"@type":"Organization","@id":"https:\/\/www.heartfailurematters.org\/de\/#organization","name":"Heart Failure Matters","url":"https:\/\/www.heartfailurematters.org\/de\/","logo":{"@type":"ImageObject","inLanguage":"de","@id":"https:\/\/www.heartfailurematters.org\/de\/#\/schema\/logo\/image\/","url":"https:\/\/cdn-endpoint-hfm.azureedge.net\/heartfailurematters\/2024\/07\/hfm-logo1.jpg","contentUrl":"https:\/\/cdn-endpoint-hfm.azureedge.net\/heartfailurematters\/2024\/07\/hfm-logo1.jpg","width":1280,"height":720,"caption":"Heart Failure Matters"},"image":{"@id":"https:\/\/www.heartfailurematters.org\/de\/#\/schema\/logo\/image\/"},"sameAs":["https:\/\/www.facebook.com\/heartfailurematters"]}]}},"_links":{"self":[{"href":"https:\/\/www.heartfailurematters.org\/de\/wp-json\/wp\/v2\/pages\/1572","targetHints":{"allow":["GET"]}}],"collection":[{"href":"https:\/\/www.heartfailurematters.org\/de\/wp-json\/wp\/v2\/pages"}],"about":[{"href":"https:\/\/www.heartfailurematters.org\/de\/wp-json\/wp\/v2\/types\/page"}],"author":[{"embeddable":true,"href":"https:\/\/www.heartfailurematters.org\/de\/wp-json\/wp\/v2\/users\/1"}],"replies":[{"embeddable":true,"href":"https:\/\/www.heartfailurematters.org\/de\/wp-json\/wp\/v2\/comments?post=1572"}],"version-history":[{"count":2,"href":"https:\/\/www.heartfailurematters.org\/de\/wp-json\/wp\/v2\/pages\/1572\/revisions"}],"predecessor-version":[{"id":9726,"href":"https:\/\/www.heartfailurematters.org\/de\/wp-json\/wp\/v2\/pages\/1572\/revisions\/9726"}],"up":[{"embeddable":true,"href":"https:\/\/www.heartfailurematters.org\/de\/wp-json\/wp\/v2\/pages\/1371"}],"wp:attachment":[{"href":"https:\/\/www.heartfailurematters.org\/de\/wp-json\/wp\/v2\/media?parent=1572"}],"wp:term":[{"taxonomy":"category","embeddable":true,"href":"https:\/\/www.heartfailurematters.org\/de\/wp-json\/wp\/v2\/categories?post=1572"},{"taxonomy":"post_tag","embeddable":true,"href":"https:\/\/www.heartfailurematters.org\/de\/wp-json\/wp\/v2\/tags?post=1572"}],"curies":[{"name":"wp","href":"https:\/\/api.w.org\/{rel}","templated":true}]}}