{"id":1571,"date":"2021-01-27T22:01:04","date_gmt":"2021-01-27T22:01:04","guid":{"rendered":"http:\/\/heartfailurematters.local:8888\/symptome-der-herzinsuffizienz\/"},"modified":"2025-12-03T15:22:14","modified_gmt":"2025-12-03T15:22:14","slug":"symptome-der-herzinsuffizienz","status":"publish","type":"page","link":"https:\/\/www.heartfailurematters.org\/de\/herzinsuffizienz-verstehen\/symptome-der-herzinsuffizienz\/","title":{"rendered":"Symptome der Herzinsuffizienz"},"content":{"rendered":"<p>Die Funktionsklassifizierung der New York Heart Association (NYHA) wird seit 1902 verwendet und bietet eine einfache M\u00f6glichkeit, den Schweregrad von Herzinsuffizienzsymptomen zu klassifizieren. Diese Klassifizierung ordnet Patientinnen und Patienten in eine von vier Kategorien ein, je nachdem, wie stark sie bei ihren t\u00e4glichen k\u00f6rperlichen Aktivit\u00e4ten eingeschr\u00e4nkt sind.<\/p>\n<p>Die NYHA-Klassifizierung bietet eine leicht verst\u00e4ndliche Beurteilung des Ausma\u00dfes der individuellen Einschr\u00e4nkung durch Herzinsuffizienz bei Patientinnen und Patienten. Diese Informationen werden f\u00fcr die Planung einer Behandlungsstrategie verwendet und sind zudem n\u00fctzlich f\u00fcr die Auswahl von Patientinnen und Patienten f\u00fcr klinische Forschungsstudien. Die Funktionsf\u00e4higkeit steht in engem Zusammenhang mit kurz- und langfristigen Ergebnissen, und die NYHA-Klassifikation ist bis heute der n\u00fctzlichste, leicht zu erlangende prognostische Marker bei der routinem\u00e4\u00dfigen klinischen Verwendung zur Beurteilung des Status von Patientinnen und Patienten mit Herzinsuffizienz.<\/p>\n<table style=\"text-align: left;\" cellpadding=\"10\">\n<tbody>\n<tr>\n<td><strong>NYHA-Klasse<\/strong><\/td>\n<td><strong>Symptome<\/strong><\/td>\n<\/tr>\n<tr>\n<td>I<\/td>\n<td>Keine Einschr\u00e4nkung der k\u00f6rperlichen Leistungsf\u00e4higkeit. Normale k\u00f6rperliche Aktivit\u00e4ten verursachen keine unangemessene Ersch\u00f6pfung, Herzklopfen oder Dyspnoe (Kurzatmigkeit).<\/td>\n<\/tr>\n<tr>\n<td>II<\/td>\n<td>Leichte Einschr\u00e4nkung der k\u00f6rperlichen Leistungsf\u00e4higkeit. Keine Beschwerden im Ruhezustand. Normale k\u00f6rperliche Aktivit\u00e4ten f\u00fchren zu Ersch\u00f6pfung, Herzklopfen, Dyspnoe (Kurzatmigkeit).<\/td>\n<\/tr>\n<tr>\n<td>III<\/td>\n<td>H\u00f6hergradige Einschr\u00e4nkung der k\u00f6rperlichen Leistungsf\u00e4higkeit. Keine Beschwerden im Ruhezustand. Geringere als gew\u00f6hnliche Aktivit\u00e4ten verursachen Ersch\u00f6pfung, Palpitation, Dyspnoe.<\/td>\n<\/tr>\n<tr>\n<td>IV<\/td>\n<td>Beschwerden bei allen k\u00f6rperlichen Aktivit\u00e4ten. Symptome einer Herzinsuffizienz treten im Ruhezustand auf. Beschwerden nehmen bei k\u00f6rperlichen Aktivit\u00e4ten zu.<\/td>\n<\/tr>\n<\/tbody>\n<\/table>\n<p>&nbsp;<\/p>\n<p>Die Symptome der Herzinsuffizienz k\u00f6nnen bei Betroffenen ganz unterschiedlich sein, je nachdem, welche Art von Herzinsuffizienz im Einzelfall vorliegt. Daher kann es sein, dass bei Ihnen alle oder nur einige der hier beschriebenen Symptome auftreten.<\/p>\n<p>Im Fr\u00fchstadium werden Sie vermutlich noch keine Symptome bemerken. Bei fortschreitender Herzinsuffizienz treten jedoch wahrscheinlich Beschwerden auf, die sich mit der Zeit verschlimmern.<\/p>\n<p>Die Hauptsymptome der Herzinsuffizienz werden durch <a class=\"addtooltip\" title=\"Wenn zu viel Fl\u00fcssigkeit im Blut durch den K\u00f6rper zirkuliert, kommt es zur Stauung und der Druck in den Gef\u00e4\u00dfen steigt. Die Fl\u00fcssigkeit tritt in das umliegende Gewebe aus, wo sie sich ansammelt und zur Bildung eines \u00d6dems f\u00fchrt.\"><strong>Fl\u00fcssigkeitsansammlung<\/strong><\/a> im K\u00f6rper bzw. <a class=\"addtooltip\" title=\"Ein \u00dcberschuss an Fl\u00fcssigkeit in einem Teil des K\u00f6rpers.\"><strong>Stauung<\/strong><\/a> sowie schlechte Durchblutung hervorgerufen. In diesem Abschnitt werden diese Symptome erkl\u00e4rt und Tipps gegeben, wie sie gelindert werden k\u00f6nnen.<\/p>\n<p>Um mehr zu erfahren, klicken Sie einfach auf einen der unten stehenden Links:<\/p>\n<h2>Symptome, die durch Fl\u00fcssigkeitsansammlung oder Stauung hervorgerufen werden, sind:<\/h2>\n<table style=\"text-align: left;\" cellpadding=\"10\">\n<tbody>\n<tr>\n<td style=\"vertical-align: middle;\"><img decoding=\"async\" width=\"39\" height=\"38\" class=\"alignnone size-full wp-image-6302\" src=\"https:\/\/cdn-endpoint-hfm.azureedge.net\/heartfailurematters\/2021\/02\/Shortness-of-breath_sm.jpg\" alt=\"\"\/><\/td>\n<td style=\"vertical-align: middle;\"><a title=\"Kurzatmigkeit\" href=\"https:\/\/www.heartfailurematters.org\/understanding-heart-failure\/shortness-of-breath\/\">Kurzatmigkeit<\/a><\/td>\n<\/tr>\n<tr>\n<td style=\"vertical-align: middle; height: 10px;\"\/>\n<td style=\"vertical-align: middle; height: 10px;\"\/>\n<\/tr>\n<tr>\n<td style=\"vertical-align: middle;\"><img decoding=\"async\" width=\"39\" height=\"38\" class=\"alignnone size-full wp-image-6352\" src=\"https:\/\/cdn-endpoint-hfm.azureedge.net\/heartfailurematters\/2021\/02\/Coughing_sm.jpg\" alt=\"\"\/><\/td>\n<td style=\"vertical-align: middle;\"><a title=\"Husten\/pfeifende Atmung\" href=\"https:\/\/www.heartfailurematters.org\/understanding-heart-failure\/coughing-or-wheezing\/\">Husten\/pfeifende Atmung<\/a><\/td>\n<\/tr>\n<tr>\n<td style=\"vertical-align: middle; height: 10px;\"\/>\n<td style=\"vertical-align: middle; height: 10px;\"\/>\n<\/tr>\n<tr>\n<td style=\"vertical-align: middle;\"><img decoding=\"async\" width=\"39\" height=\"38\" class=\"alignnone size-full wp-image-6122\" src=\"https:\/\/cdn-endpoint-hfm.azureedge.net\/heartfailurematters\/2021\/02\/Weight-gain_sm.jpg\" alt=\"\"\/><\/td>\n<td style=\"vertical-align: middle;\"><a title=\"Gewichtszunahme\" href=\"https:\/\/www.heartfailurematters.org\/understanding-heart-failure\/weight-gain\/\">Gewichtszunahme<\/a><\/td>\n<\/tr>\n<tr>\n<td style=\"vertical-align: middle; height: 10px;\"\/>\n<td style=\"vertical-align: middle; height: 10px;\"\/>\n<\/tr>\n<tr>\n<td style=\"vertical-align: middle;\"><img decoding=\"async\" width=\"39\" height=\"38\" class=\"alignnone size-full wp-image-6192\" src=\"https:\/\/cdn-endpoint-hfm.azureedge.net\/heartfailurematters\/2021\/02\/Swollen-ankles_sm.jpg\" alt=\"\"\/><\/td>\n<td style=\"vertical-align: middle;\"><a title=\"Geschwollene Kn\u00f6chel\" href=\"https:\/\/www.heartfailurematters.org\/understanding-heart-failure\/swollen-ankles\/\">Geschwollene Kn\u00f6chel, Beine oder Bauch<\/a><\/td>\n<\/tr>\n<\/tbody>\n<\/table>\n<h2>Symptome, die durch die verminderte Durchblutung bestimmter K\u00f6rperregionen auftreten, sind:<\/h2>\n<table cellpadding=\"10\">\n<tbody>\n<tr>\n<td style=\"vertical-align: middle;\"><img decoding=\"async\" width=\"39\" height=\"38\" class=\"alignnone size-full wp-image-6312\" src=\"https:\/\/cdn-endpoint-hfm.azureedge.net\/heartfailurematters\/2021\/02\/Fatigue_sm.jpg\" alt=\"\"\/><\/td>\n<td style=\"vertical-align: middle;\"><a title=\"M\u00fcdigkeit\/Abgeschlagenheit\" href=\"https:\/\/www.heartfailurematters.org\/understanding-heart-failure\/tiredness-fatigue\/\">M\u00fcdigkeit\/Abgeschlagenheit<\/a><\/td>\n<\/tr>\n<tr>\n<td style=\"vertical-align: middle; height: 10px;\"\/>\n<td style=\"vertical-align: middle; height: 10px;\"\/>\n<\/tr>\n<tr>\n<td style=\"vertical-align: middle;\"><img decoding=\"async\" width=\"39\" height=\"38\" class=\"alignnone size-full wp-image-6262\" src=\"https:\/\/cdn-endpoint-hfm.azureedge.net\/heartfailurematters\/2021\/02\/Dizziness_sm.jpg\" alt=\"\"\/><\/td>\n<td style=\"vertical-align: middle;\"><a title=\"Schwindelgef\u00fchl\" href=\"https:\/\/www.heartfailurematters.org\/understanding-heart-failure\/dizziness\/\">Schwindelgef\u00fchl<\/a><\/td>\n<\/tr>\n<tr>\n<td style=\"vertical-align: middle; height: 10px;\"\/>\n<td style=\"vertical-align: middle; height: 10px;\"\/>\n<\/tr>\n<tr>\n<td style=\"vertical-align: middle;\"><img decoding=\"async\" width=\"39\" height=\"38\" class=\"alignnone size-full wp-image-6222\" src=\"https:\/\/cdn-endpoint-hfm.azureedge.net\/heartfailurematters\/2021\/02\/Palpitations_sm.jpg\" alt=\"\"\/><\/td>\n<td style=\"vertical-align: middle;\"><a title=\"Herzrasen\" href=\"https:\/\/www.heartfailurematters.org\/understanding-heart-failure\/rapid-heart-rate\/\">Herzrasen<\/a><\/td>\n<\/tr>\n<\/tbody>\n<\/table>\n<h2>Sonstige Symptome der Herzinsuffizienz sind:<\/h2>\n<table cellpadding=\"10\">\n<tbody>\n<tr>\n<td style=\"vertical-align: middle;\"><img decoding=\"async\" width=\"39\" height=\"38\" class=\"alignnone size-full wp-image-6182\" src=\"https:\/\/cdn-endpoint-hfm.azureedge.net\/heartfailurematters\/2021\/02\/Loss-of-appetite_sm.jpg\" alt=\"\"\/><\/td>\n<td style=\"vertical-align: middle;\"><a title=\"Appetitverlust\" href=\"https:\/\/www.heartfailurematters.org\/understanding-heart-failure\/loss-of-appetite\/\">Appetitverlust<\/a><\/td>\n<\/tr>\n<tr>\n<td style=\"vertical-align: middle; height: 10px;\"\/>\n<td style=\"vertical-align: middle; height: 10px;\"\/>\n<\/tr>\n<tr>\n<td style=\"vertical-align: middle;\"><img decoding=\"async\" width=\"39\" height=\"38\" class=\"alignnone size-full wp-image-6212\" src=\"https:\/\/cdn-endpoint-hfm.azureedge.net\/heartfailurematters\/2021\/02\/Urinating-at-night_sm.jpg\" alt=\"\"\/><\/td>\n<td style=\"vertical-align: middle;\"><a title=\"N\u00e4chtlicher Harndrang\" href=\"https:\/\/www.heartfailurematters.org\/understanding-heart-failure\/need-to-urinate-at-night\/\">N\u00e4chtlicher Harndrang<\/a><\/td>\n<\/tr>\n<\/tbody>\n<\/table>\n<p>&nbsp;<\/p>\n<h2>PARALLEL HEARTS \u2013 HABEN SIE SCHON EINMAL DAR\u00dcBER NACHGEDACHT, WIE ES IST, MIT HERZINSUFFIZIENZ ZU LEBEN?<\/h2>\n<p><iframe style=\"width: 100%; aspect-ratio: 16 \/ 9;\" src=\"https:\/\/www.youtube.com\/embed\/i6UChrY04pk?rel=0\" frameborder=\"0\" allowfullscreen=\"allowfullscreen\"><span data-mce-type=\"bookmark\" style=\"display: inline-block; width: 0px; overflow: hidden; line-height: 0;\" class=\"mce_SELRES_start\"\/><\/iframe><\/p>\n<p style=\"font-style: italic;\"><em>Verantwortlich f\u00fcr das Video: Pumping Marvellous Foundation<\/em><\/p>\n<p>Neben den k\u00f6rperlichen Symptomen kann es bei manchen Menschen bedingt durch die Schwere der Herzinsuffizienz zu psychischen Symptomen wie <a title=\"Depressionen und Angst\" href=\"https:\/\/www.heartfailurematters.org\/heart-failure-causes-and-other-common-medical-conditions\/depression-and-anxiety\/\">Depressionen und Angstzust\u00e4nden<\/a> kommen.<\/p>\n<p>Unabh\u00e4ngig davon, wie viele dieser Symptome bei Ihnen auftreten, ist eine t\u00e4gliche \u00dcberwachung dieser Krankheitszeichen wichtig. Wenn Sie neue Symptome bemerken oder sich Beschwerden pl\u00f6tzlich verschlimmern, sollten Sie sofort Ihre \u00c4rztin\/Ihren Arzt oder das Pflegepersonal dar\u00fcber informieren. Dies sollte Teil Ihres Behandlungsplans sein.<\/p>\n<p>Klicken Sie hier, um zu erfahren, <a title=\"Klicken Sie hier, um zu erfahren, auf welche Warnzeichen Sie achten m\u00fcssen\" href=\"https:\/\/www.heartfailurematters.org\/warning-signs\/chest-pain\/\">auf welche Warnzeichen Sie achten m\u00fcssen<\/a>.<\/p>\n","protected":false},"excerpt":{"rendered":"<p>Die Funktionsklassifizierung der New York Heart Association (NYHA) wird seit 1902 verwendet und bietet eine einfache M\u00f6glichkeit, den Schweregrad von Herzinsuffizienzsymptomen zu klassifizieren. Diese Klassifizierung ordnet Patientinnen und Patienten in eine von vier Kategorien ein, je nachdem, wie stark sie bei ihren t\u00e4glichen k\u00f6rperlichen Aktivit\u00e4ten eingeschr\u00e4nkt sind. Die NYHA-Klassifizierung bietet eine leicht verst\u00e4ndliche Beurteilung des [&hellip;]<\/p>\n","protected":false},"author":1,"featured_media":10564,"parent":1371,"menu_order":3,"comment_status":"open","ping_status":"closed","template":"","meta":{"_acf_changed":false,"footnotes":""},"categories":[119],"tags":[],"class_list":["post-1571","page","type-page","status-publish","has-post-thumbnail","hentry","category-understanding-heart-failure-de"],"acf":[],"yoast_head":"<!-- This site is optimized with the Yoast SEO plugin v24.8.1 - https:\/\/yoast.com\/wordpress\/plugins\/seo\/ -->\n<title>Symptome von Herzinsuffizienz laut NYHA<\/title>\n<meta name=\"description\" content=\"Die Symptome der Herzinsuffizienz k\u00f6nnen ganz unterschiedlich sein, sie werden jedoch in der Regel durch Fl\u00fcssigkeitsansammlung und schlechte Durchblutung hervorgerufen. Mehr zu Symptomen und Linderung.\" \/>\n<meta name=\"robots\" content=\"index, follow, max-snippet:-1, max-image-preview:large, max-video-preview:-1\" \/>\n<link rel=\"canonical\" href=\"https:\/\/www.heartfailurematters.org\/de\/herzinsuffizienz-verstehen\/symptome-der-herzinsuffizienz\/\" \/>\n<meta property=\"og:locale\" content=\"de_DE\" \/>\n<meta property=\"og:type\" content=\"article\" \/>\n<meta property=\"og:title\" content=\"Symptome von Herzinsuffizienz laut NYHA\" \/>\n<meta property=\"og:description\" content=\"Die Symptome der Herzinsuffizienz k\u00f6nnen ganz unterschiedlich sein, sie werden jedoch in der Regel durch Fl\u00fcssigkeitsansammlung und schlechte Durchblutung hervorgerufen. Mehr zu Symptomen und Linderung.\" \/>\n<meta property=\"og:url\" content=\"https:\/\/www.heartfailurematters.org\/de\/herzinsuffizienz-verstehen\/symptome-der-herzinsuffizienz\/\" \/>\n<meta property=\"og:site_name\" content=\"Heart Failure Matters\" \/>\n<meta property=\"article:publisher\" content=\"https:\/\/www.facebook.com\/heartfailurematters\" \/>\n<meta property=\"article:modified_time\" content=\"2025-12-03T15:22:14+00:00\" \/>\n<meta property=\"og:image\" content=\"https:\/\/www.heartfailurematters.org\/wp-content\/uploads\/2022\/02\/shutterstock_1401929189-1-min.jpg\" \/>\n\t<meta property=\"og:image:width\" content=\"900\" \/>\n\t<meta property=\"og:image:height\" content=\"600\" \/>\n\t<meta property=\"og:image:type\" content=\"image\/jpeg\" \/>\n<meta name=\"twitter:card\" content=\"summary_large_image\" \/>\n<meta name=\"twitter:label1\" content=\"Gesch\u00e4tzte Lesezeit\" \/>\n\t<meta name=\"twitter:data1\" content=\"4\u00a0Minuten\" \/>\n<script type=\"application\/ld+json\" class=\"yoast-schema-graph\">{\"@context\":\"https:\/\/schema.org\",\"@graph\":[{\"@type\":\"WebPage\",\"@id\":\"https:\/\/www.heartfailurematters.org\/de\/herzinsuffizienz-verstehen\/symptome-der-herzinsuffizienz\/\",\"url\":\"https:\/\/www.heartfailurematters.org\/de\/herzinsuffizienz-verstehen\/symptome-der-herzinsuffizienz\/\",\"name\":\"Symptome von Herzinsuffizienz laut NYHA\",\"isPartOf\":{\"@id\":\"https:\/\/www.heartfailurematters.org\/de\/#website\"},\"primaryImageOfPage\":{\"@id\":\"https:\/\/www.heartfailurematters.org\/de\/herzinsuffizienz-verstehen\/symptome-der-herzinsuffizienz\/#primaryimage\"},\"image\":{\"@id\":\"https:\/\/www.heartfailurematters.org\/de\/herzinsuffizienz-verstehen\/symptome-der-herzinsuffizienz\/#primaryimage\"},\"thumbnailUrl\":\"https:\/\/www.heartfailurematters.org\/wp-content\/uploads\/2022\/02\/shutterstock_1401929189-1-min.jpg\",\"datePublished\":\"2021-01-27T22:01:04+00:00\",\"dateModified\":\"2025-12-03T15:22:14+00:00\",\"description\":\"Die Symptome der Herzinsuffizienz k\u00f6nnen ganz unterschiedlich sein, sie werden jedoch in der Regel durch Fl\u00fcssigkeitsansammlung und schlechte Durchblutung hervorgerufen. Mehr zu Symptomen und Linderung.\",\"breadcrumb\":{\"@id\":\"https:\/\/www.heartfailurematters.org\/de\/herzinsuffizienz-verstehen\/symptome-der-herzinsuffizienz\/#breadcrumb\"},\"inLanguage\":\"de\",\"potentialAction\":[{\"@type\":\"ReadAction\",\"target\":[\"https:\/\/www.heartfailurematters.org\/de\/herzinsuffizienz-verstehen\/symptome-der-herzinsuffizienz\/\"]}]},{\"@type\":\"ImageObject\",\"inLanguage\":\"de\",\"@id\":\"https:\/\/www.heartfailurematters.org\/de\/herzinsuffizienz-verstehen\/symptome-der-herzinsuffizienz\/#primaryimage\",\"url\":\"https:\/\/www.heartfailurematters.org\/wp-content\/uploads\/2022\/02\/shutterstock_1401929189-1-min.jpg\",\"contentUrl\":\"https:\/\/www.heartfailurematters.org\/wp-content\/uploads\/2022\/02\/shutterstock_1401929189-1-min.jpg\",\"width\":900,\"height\":600},{\"@type\":\"BreadcrumbList\",\"@id\":\"https:\/\/www.heartfailurematters.org\/de\/herzinsuffizienz-verstehen\/symptome-der-herzinsuffizienz\/#breadcrumb\",\"itemListElement\":[{\"@type\":\"ListItem\",\"position\":1,\"name\":\"Startseite\",\"item\":\"https:\/\/www.heartfailurematters.org\/de\/\"},{\"@type\":\"ListItem\",\"position\":2,\"name\":\"Herzinsuffizienz verstehen\",\"item\":\"https:\/\/www.heartfailurematters.org\/de\/herzinsuffizienz-verstehen\/\"},{\"@type\":\"ListItem\",\"position\":3,\"name\":\"Symptome der Herzinsuffizienz\"}]},{\"@type\":\"WebSite\",\"@id\":\"https:\/\/www.heartfailurematters.org\/de\/#website\",\"url\":\"https:\/\/www.heartfailurematters.org\/de\/\",\"name\":\"Heart Failure Matters\",\"description\":\"Practical information for patients, families and caregivers.\",\"publisher\":{\"@id\":\"https:\/\/www.heartfailurematters.org\/de\/#organization\"},\"potentialAction\":[{\"@type\":\"SearchAction\",\"target\":{\"@type\":\"EntryPoint\",\"urlTemplate\":\"https:\/\/www.heartfailurematters.org\/de\/?s={search_term_string}\"},\"query-input\":{\"@type\":\"PropertyValueSpecification\",\"valueRequired\":true,\"valueName\":\"search_term_string\"}}],\"inLanguage\":\"de\"},{\"@type\":\"Organization\",\"@id\":\"https:\/\/www.heartfailurematters.org\/de\/#organization\",\"name\":\"Heart Failure Matters\",\"url\":\"https:\/\/www.heartfailurematters.org\/de\/\",\"logo\":{\"@type\":\"ImageObject\",\"inLanguage\":\"de\",\"@id\":\"https:\/\/www.heartfailurematters.org\/de\/#\/schema\/logo\/image\/\",\"url\":\"https:\/\/cdn-endpoint-hfm.azureedge.net\/heartfailurematters\/2024\/07\/hfm-logo1.jpg\",\"contentUrl\":\"https:\/\/cdn-endpoint-hfm.azureedge.net\/heartfailurematters\/2024\/07\/hfm-logo1.jpg\",\"width\":1280,\"height\":720,\"caption\":\"Heart Failure Matters\"},\"image\":{\"@id\":\"https:\/\/www.heartfailurematters.org\/de\/#\/schema\/logo\/image\/\"},\"sameAs\":[\"https:\/\/www.facebook.com\/heartfailurematters\"]}]}<\/script>\n<!-- \/ Yoast SEO plugin. -->","yoast_head_json":{"title":"Symptome von Herzinsuffizienz laut NYHA","description":"Die Symptome der Herzinsuffizienz k\u00f6nnen ganz unterschiedlich sein, sie werden jedoch in der Regel durch Fl\u00fcssigkeitsansammlung und schlechte Durchblutung hervorgerufen. Mehr zu Symptomen und Linderung.","robots":{"index":"index","follow":"follow","max-snippet":"max-snippet:-1","max-image-preview":"max-image-preview:large","max-video-preview":"max-video-preview:-1"},"canonical":"https:\/\/www.heartfailurematters.org\/de\/herzinsuffizienz-verstehen\/symptome-der-herzinsuffizienz\/","og_locale":"de_DE","og_type":"article","og_title":"Symptome von Herzinsuffizienz laut NYHA","og_description":"Die Symptome der Herzinsuffizienz k\u00f6nnen ganz unterschiedlich sein, sie werden jedoch in der Regel durch Fl\u00fcssigkeitsansammlung und schlechte Durchblutung hervorgerufen. Mehr zu Symptomen und Linderung.","og_url":"https:\/\/www.heartfailurematters.org\/de\/herzinsuffizienz-verstehen\/symptome-der-herzinsuffizienz\/","og_site_name":"Heart Failure Matters","article_publisher":"https:\/\/www.facebook.com\/heartfailurematters","article_modified_time":"2025-12-03T15:22:14+00:00","og_image":[{"width":900,"height":600,"url":"https:\/\/www.heartfailurematters.org\/wp-content\/uploads\/2022\/02\/shutterstock_1401929189-1-min.jpg","type":"image\/jpeg"}],"twitter_card":"summary_large_image","twitter_misc":{"Gesch\u00e4tzte Lesezeit":"4\u00a0Minuten"},"schema":{"@context":"https:\/\/schema.org","@graph":[{"@type":"WebPage","@id":"https:\/\/www.heartfailurematters.org\/de\/herzinsuffizienz-verstehen\/symptome-der-herzinsuffizienz\/","url":"https:\/\/www.heartfailurematters.org\/de\/herzinsuffizienz-verstehen\/symptome-der-herzinsuffizienz\/","name":"Symptome von Herzinsuffizienz laut NYHA","isPartOf":{"@id":"https:\/\/www.heartfailurematters.org\/de\/#website"},"primaryImageOfPage":{"@id":"https:\/\/www.heartfailurematters.org\/de\/herzinsuffizienz-verstehen\/symptome-der-herzinsuffizienz\/#primaryimage"},"image":{"@id":"https:\/\/www.heartfailurematters.org\/de\/herzinsuffizienz-verstehen\/symptome-der-herzinsuffizienz\/#primaryimage"},"thumbnailUrl":"https:\/\/www.heartfailurematters.org\/wp-content\/uploads\/2022\/02\/shutterstock_1401929189-1-min.jpg","datePublished":"2021-01-27T22:01:04+00:00","dateModified":"2025-12-03T15:22:14+00:00","description":"Die Symptome der Herzinsuffizienz k\u00f6nnen ganz unterschiedlich sein, sie werden jedoch in der Regel durch Fl\u00fcssigkeitsansammlung und schlechte Durchblutung hervorgerufen. Mehr zu Symptomen und Linderung.","breadcrumb":{"@id":"https:\/\/www.heartfailurematters.org\/de\/herzinsuffizienz-verstehen\/symptome-der-herzinsuffizienz\/#breadcrumb"},"inLanguage":"de","potentialAction":[{"@type":"ReadAction","target":["https:\/\/www.heartfailurematters.org\/de\/herzinsuffizienz-verstehen\/symptome-der-herzinsuffizienz\/"]}]},{"@type":"ImageObject","inLanguage":"de","@id":"https:\/\/www.heartfailurematters.org\/de\/herzinsuffizienz-verstehen\/symptome-der-herzinsuffizienz\/#primaryimage","url":"https:\/\/www.heartfailurematters.org\/wp-content\/uploads\/2022\/02\/shutterstock_1401929189-1-min.jpg","contentUrl":"https:\/\/www.heartfailurematters.org\/wp-content\/uploads\/2022\/02\/shutterstock_1401929189-1-min.jpg","width":900,"height":600},{"@type":"BreadcrumbList","@id":"https:\/\/www.heartfailurematters.org\/de\/herzinsuffizienz-verstehen\/symptome-der-herzinsuffizienz\/#breadcrumb","itemListElement":[{"@type":"ListItem","position":1,"name":"Startseite","item":"https:\/\/www.heartfailurematters.org\/de\/"},{"@type":"ListItem","position":2,"name":"Herzinsuffizienz verstehen","item":"https:\/\/www.heartfailurematters.org\/de\/herzinsuffizienz-verstehen\/"},{"@type":"ListItem","position":3,"name":"Symptome der Herzinsuffizienz"}]},{"@type":"WebSite","@id":"https:\/\/www.heartfailurematters.org\/de\/#website","url":"https:\/\/www.heartfailurematters.org\/de\/","name":"Heart Failure Matters","description":"Practical information for patients, families and caregivers.","publisher":{"@id":"https:\/\/www.heartfailurematters.org\/de\/#organization"},"potentialAction":[{"@type":"SearchAction","target":{"@type":"EntryPoint","urlTemplate":"https:\/\/www.heartfailurematters.org\/de\/?s={search_term_string}"},"query-input":{"@type":"PropertyValueSpecification","valueRequired":true,"valueName":"search_term_string"}}],"inLanguage":"de"},{"@type":"Organization","@id":"https:\/\/www.heartfailurematters.org\/de\/#organization","name":"Heart Failure Matters","url":"https:\/\/www.heartfailurematters.org\/de\/","logo":{"@type":"ImageObject","inLanguage":"de","@id":"https:\/\/www.heartfailurematters.org\/de\/#\/schema\/logo\/image\/","url":"https:\/\/cdn-endpoint-hfm.azureedge.net\/heartfailurematters\/2024\/07\/hfm-logo1.jpg","contentUrl":"https:\/\/cdn-endpoint-hfm.azureedge.net\/heartfailurematters\/2024\/07\/hfm-logo1.jpg","width":1280,"height":720,"caption":"Heart Failure Matters"},"image":{"@id":"https:\/\/www.heartfailurematters.org\/de\/#\/schema\/logo\/image\/"},"sameAs":["https:\/\/www.facebook.com\/heartfailurematters"]}]}},"_links":{"self":[{"href":"https:\/\/www.heartfailurematters.org\/de\/wp-json\/wp\/v2\/pages\/1571","targetHints":{"allow":["GET"]}}],"collection":[{"href":"https:\/\/www.heartfailurematters.org\/de\/wp-json\/wp\/v2\/pages"}],"about":[{"href":"https:\/\/www.heartfailurematters.org\/de\/wp-json\/wp\/v2\/types\/page"}],"author":[{"embeddable":true,"href":"https:\/\/www.heartfailurematters.org\/de\/wp-json\/wp\/v2\/users\/1"}],"replies":[{"embeddable":true,"href":"https:\/\/www.heartfailurematters.org\/de\/wp-json\/wp\/v2\/comments?post=1571"}],"version-history":[{"count":5,"href":"https:\/\/www.heartfailurematters.org\/de\/wp-json\/wp\/v2\/pages\/1571\/revisions"}],"predecessor-version":[{"id":13615,"href":"https:\/\/www.heartfailurematters.org\/de\/wp-json\/wp\/v2\/pages\/1571\/revisions\/13615"}],"up":[{"embeddable":true,"href":"https:\/\/www.heartfailurematters.org\/de\/wp-json\/wp\/v2\/pages\/1371"}],"wp:featuredmedia":[{"embeddable":true,"href":"https:\/\/www.heartfailurematters.org\/de\/wp-json\/wp\/v2\/media\/10564"}],"wp:attachment":[{"href":"https:\/\/www.heartfailurematters.org\/de\/wp-json\/wp\/v2\/media?parent=1571"}],"wp:term":[{"taxonomy":"category","embeddable":true,"href":"https:\/\/www.heartfailurematters.org\/de\/wp-json\/wp\/v2\/categories?post=1571"},{"taxonomy":"post_tag","embeddable":true,"href":"https:\/\/www.heartfailurematters.org\/de\/wp-json\/wp\/v2\/tags?post=1571"}],"curies":[{"name":"wp","href":"https:\/\/api.w.org\/{rel}","templated":true}]}}