{"id":1569,"date":"2021-01-27T22:01:04","date_gmt":"2021-01-27T22:01:04","guid":{"rendered":"http:\/\/heartfailurematters.local:8888\/thrombozytenaggregationshemmer\/"},"modified":"2025-12-04T11:24:05","modified_gmt":"2025-12-04T11:24:05","slug":"thrombozytenaggregationshemmer","status":"publish","type":"page","link":"https:\/\/www.heartfailurematters.org\/de\/das-koennen-ihr-arzt-oder-pflegepersonal-tun\/thrombozytenaggregationshemmer\/","title":{"rendered":"Thrombozytenaggregationshemmende Behandlung"},"content":{"rendered":"<h2>Wirkweise<\/h2>\n<p><a class=\"addtooltip\" title=\"&lt;div id='ToolTipTextWrap'&gt;Thrombozytenhemmer &lt;\/div&gt;&lt;p&gt;Medikamente, welche die Wirkung von Blutpl\u00e4ttchen im Blut verhindern und so die Bildung von Blutgerinnseln verhindern.&lt;\/p&gt;\"><strong>Pl\u00e4ttchenhemmer<\/strong><\/a> verhindern die Bildung von Blutgerinnseln in Arterien. Blutgerinnsel in Herz- und Hirnarterien k\u00f6nnen Herzinfarkte oder Schlaganf\u00e4lle ausl\u00f6sen.<\/p>\n<p>Obwohl Thrombozytenhemmer oftmals als Blutverd\u00fcnner bezeichnet werden, besteht ihre Wirkung eigentlich nicht darin, dass Ihr Blut d\u00fcnner durch Ihre Gef\u00e4\u00dfe zirkulieren kann.<\/p>\n<p>Aspirin ist der g\u00e4ngigste Thrombozytenhemmer. Die Aspirindosis zur Verhinderung von Blutgerinnseln f\u00e4llt dabei viel niedriger aus als die zur Schmerzlinderung verwendete Dosis. Die Einnahme einer h\u00f6heren Aspirindosis erh\u00f6ht nicht die Wirksamkeit, sondern das Risiko von Nebenwirkungen. Halten Sie sich daher an die \u00e4rztlich empfohlene Dosis.<\/p>\n<h2>Nebenwirkungen<\/h2>\n<p>Bei den meisten Menschen treten bei niedrig dosiertem Aspirin keine Nebenwirkungen auf. Die Vorteile der Einnahme von Aspirin \u00fcberwiegen in der Regel das Risiko, Nebenwirkungen zu entwickeln. Zu den schwerwiegendsten m\u00f6glichen Nebenwirkungen, die auftreten k\u00f6nnen, geh\u00f6ren Magenreizungen oder -blutungen und in seltenen F\u00e4llen eine Aspirinallergie.<\/p>\n<p>Neuere Thrombozytenhemmer wie Clopidogrel verursachen weniger Magenreizungen .<\/p>\n<h2>Top-Tipps<\/h2>\n<p>Um das Risiko von Magenreizungen zu verringern, empfiehlt sich die Einnahme von Thrombozytenhemmern beim oder nach dem Essen.<\/p>\n<p>Falls Sie niedrig dosiertes Aspirin einnehmen, um Blutgerinnsel zu verhindern, und Sie ein Schmerzmittel (z. B. aufgrund von Kopfschmerzen) ben\u00f6tigen, empfiehlt sich die Einnahme von Paracetamol anstelle einer h\u00f6heren Dosis Aspirin.<\/p>\n<h2>Auch bekannt als:<\/h2>\n<ul>\n<li><strong>Aspirin<\/strong><br \/>\n(Gencardia\u00ae, Micropirin\u00ae, Angettes 75\u00ae, Caprin\u00ae, Nu-Seals\u00ae, Albyl\u00ae)<\/li>\n<li><strong>Clopidogrel<\/strong><br \/>\n(Plavix\u00ae)<\/li>\n<li><strong>Ticlopidin<br \/>\n<\/strong>(Ticlid\u00ae)<\/li>\n<li><strong>Dipyridamol<br \/>\n<\/strong>(Persantin\u00ae, Persantin Retard\u00ae), Kombinationsprodukte (Asasantin Retard\u00ae)<\/li>\n<li><strong>Ticagrelor<\/strong><br \/>\n(Brilinta\u00ae, Brilique\u00ae)<\/li>\n<li><strong>Prasugrel<\/strong><br \/>\n(Effient\u00ae)<\/li>\n<\/ul>\n<p><a href=\"https:\/\/www.heartfailurematters.org\/what-your-doctor-can-do\/heart-failure-medicines\/\">Zur\u00fcck zu Medikamenten zur Behandlung von Herzinsuffizienz<\/a><\/p>\n","protected":false},"excerpt":{"rendered":"<p>Wirkweise Pl\u00e4ttchenhemmer verhindern die Bildung von Blutgerinnseln in Arterien. Blutgerinnsel in Herz- und Hirnarterien k\u00f6nnen Herzinfarkte oder Schlaganf\u00e4lle ausl\u00f6sen. Obwohl Thrombozytenhemmer oftmals als Blutverd\u00fcnner bezeichnet werden, besteht ihre Wirkung eigentlich nicht darin, dass Ihr Blut d\u00fcnner durch Ihre Gef\u00e4\u00dfe zirkulieren kann. Aspirin ist der g\u00e4ngigste Thrombozytenhemmer. Die Aspirindosis zur Verhinderung von Blutgerinnseln f\u00e4llt dabei viel [&hellip;]<\/p>\n","protected":false},"author":1,"featured_media":10869,"parent":2680,"menu_order":0,"comment_status":"open","ping_status":"open","template":"","meta":{"_acf_changed":false,"footnotes":""},"categories":[],"tags":[],"class_list":["post-1569","page","type-page","status-publish","has-post-thumbnail","hentry"],"acf":[],"yoast_head":"<!-- This site is optimized with the Yoast SEO plugin v24.8.1 - https:\/\/yoast.com\/wordpress\/plugins\/seo\/ -->\n<title>Was ist eine thrombozytenaggregationshemmende Behandlung?<\/title>\n<meta name=\"description\" content=\"Pl\u00e4ttchenhemmer verhindern die Bildung von Blutgerinnseln in Arterien. Blutgerinnsel in Herz- und Hirnarterien k\u00f6nnen Herzinfarkte oder Schlaganf\u00e4lle ausl\u00f6sen.\" \/>\n<meta name=\"robots\" content=\"index, follow, max-snippet:-1, max-image-preview:large, max-video-preview:-1\" \/>\n<link rel=\"canonical\" href=\"https:\/\/www.heartfailurematters.org\/de\/das-koennen-ihr-arzt-oder-pflegepersonal-tun\/thrombozytenaggregationshemmer\/\" \/>\n<meta property=\"og:locale\" content=\"de_DE\" \/>\n<meta property=\"og:type\" content=\"article\" \/>\n<meta property=\"og:title\" content=\"Was ist eine thrombozytenaggregationshemmende Behandlung?\" \/>\n<meta property=\"og:description\" content=\"Pl\u00e4ttchenhemmer verhindern die Bildung von Blutgerinnseln in Arterien. Blutgerinnsel in Herz- und Hirnarterien k\u00f6nnen Herzinfarkte oder Schlaganf\u00e4lle ausl\u00f6sen.\" \/>\n<meta property=\"og:url\" content=\"https:\/\/www.heartfailurematters.org\/de\/das-koennen-ihr-arzt-oder-pflegepersonal-tun\/thrombozytenaggregationshemmer\/\" \/>\n<meta property=\"og:site_name\" content=\"Heart Failure Matters\" \/>\n<meta property=\"article:publisher\" content=\"https:\/\/www.facebook.com\/heartfailurematters\" \/>\n<meta property=\"article:modified_time\" content=\"2025-12-04T11:24:05+00:00\" \/>\n<meta property=\"og:image\" content=\"https:\/\/www.heartfailurematters.org\/wp-content\/uploads\/2022\/03\/shutterstock_441673426-1-min.jpg\" \/>\n\t<meta property=\"og:image:width\" content=\"900\" \/>\n\t<meta property=\"og:image:height\" content=\"596\" \/>\n\t<meta property=\"og:image:type\" content=\"image\/jpeg\" \/>\n<meta name=\"twitter:card\" content=\"summary_large_image\" \/>\n<meta name=\"twitter:label1\" content=\"Gesch\u00e4tzte Lesezeit\" \/>\n\t<meta name=\"twitter:data1\" content=\"1\u00a0Minute\" \/>\n<script type=\"application\/ld+json\" class=\"yoast-schema-graph\">{\"@context\":\"https:\/\/schema.org\",\"@graph\":[{\"@type\":\"WebPage\",\"@id\":\"https:\/\/www.heartfailurematters.org\/de\/das-koennen-ihr-arzt-oder-pflegepersonal-tun\/thrombozytenaggregationshemmer\/\",\"url\":\"https:\/\/www.heartfailurematters.org\/de\/das-koennen-ihr-arzt-oder-pflegepersonal-tun\/thrombozytenaggregationshemmer\/\",\"name\":\"Was ist eine thrombozytenaggregationshemmende Behandlung?\",\"isPartOf\":{\"@id\":\"https:\/\/www.heartfailurematters.org\/de\/#website\"},\"primaryImageOfPage\":{\"@id\":\"https:\/\/www.heartfailurematters.org\/de\/das-koennen-ihr-arzt-oder-pflegepersonal-tun\/thrombozytenaggregationshemmer\/#primaryimage\"},\"image\":{\"@id\":\"https:\/\/www.heartfailurematters.org\/de\/das-koennen-ihr-arzt-oder-pflegepersonal-tun\/thrombozytenaggregationshemmer\/#primaryimage\"},\"thumbnailUrl\":\"https:\/\/www.heartfailurematters.org\/wp-content\/uploads\/2022\/03\/shutterstock_441673426-1-min.jpg\",\"datePublished\":\"2021-01-27T22:01:04+00:00\",\"dateModified\":\"2025-12-04T11:24:05+00:00\",\"description\":\"Pl\u00e4ttchenhemmer verhindern die Bildung von Blutgerinnseln in Arterien. Blutgerinnsel in Herz- und Hirnarterien k\u00f6nnen Herzinfarkte oder Schlaganf\u00e4lle ausl\u00f6sen.\",\"breadcrumb\":{\"@id\":\"https:\/\/www.heartfailurematters.org\/de\/das-koennen-ihr-arzt-oder-pflegepersonal-tun\/thrombozytenaggregationshemmer\/#breadcrumb\"},\"inLanguage\":\"de\",\"potentialAction\":[{\"@type\":\"ReadAction\",\"target\":[\"https:\/\/www.heartfailurematters.org\/de\/das-koennen-ihr-arzt-oder-pflegepersonal-tun\/thrombozytenaggregationshemmer\/\"]}]},{\"@type\":\"ImageObject\",\"inLanguage\":\"de\",\"@id\":\"https:\/\/www.heartfailurematters.org\/de\/das-koennen-ihr-arzt-oder-pflegepersonal-tun\/thrombozytenaggregationshemmer\/#primaryimage\",\"url\":\"https:\/\/www.heartfailurematters.org\/wp-content\/uploads\/2022\/03\/shutterstock_441673426-1-min.jpg\",\"contentUrl\":\"https:\/\/www.heartfailurematters.org\/wp-content\/uploads\/2022\/03\/shutterstock_441673426-1-min.jpg\",\"width\":900,\"height\":596},{\"@type\":\"BreadcrumbList\",\"@id\":\"https:\/\/www.heartfailurematters.org\/de\/das-koennen-ihr-arzt-oder-pflegepersonal-tun\/thrombozytenaggregationshemmer\/#breadcrumb\",\"itemListElement\":[{\"@type\":\"ListItem\",\"position\":1,\"name\":\"Startseite\",\"item\":\"https:\/\/www.heartfailurematters.org\/de\/\"},{\"@type\":\"ListItem\",\"position\":2,\"name\":\"Das kann Ihr Arzt tun\",\"item\":\"https:\/\/www.heartfailurematters.org\/de\/das-koennen-ihr-arzt-oder-pflegepersonal-tun\/\"},{\"@type\":\"ListItem\",\"position\":3,\"name\":\"Thrombozytenaggregationshemmende Behandlung\"}]},{\"@type\":\"WebSite\",\"@id\":\"https:\/\/www.heartfailurematters.org\/de\/#website\",\"url\":\"https:\/\/www.heartfailurematters.org\/de\/\",\"name\":\"Heart Failure Matters\",\"description\":\"Practical information for patients, families and caregivers.\",\"publisher\":{\"@id\":\"https:\/\/www.heartfailurematters.org\/de\/#organization\"},\"potentialAction\":[{\"@type\":\"SearchAction\",\"target\":{\"@type\":\"EntryPoint\",\"urlTemplate\":\"https:\/\/www.heartfailurematters.org\/de\/?s={search_term_string}\"},\"query-input\":{\"@type\":\"PropertyValueSpecification\",\"valueRequired\":true,\"valueName\":\"search_term_string\"}}],\"inLanguage\":\"de\"},{\"@type\":\"Organization\",\"@id\":\"https:\/\/www.heartfailurematters.org\/de\/#organization\",\"name\":\"Heart Failure Matters\",\"url\":\"https:\/\/www.heartfailurematters.org\/de\/\",\"logo\":{\"@type\":\"ImageObject\",\"inLanguage\":\"de\",\"@id\":\"https:\/\/www.heartfailurematters.org\/de\/#\/schema\/logo\/image\/\",\"url\":\"https:\/\/cdn-endpoint-hfm.azureedge.net\/heartfailurematters\/2024\/07\/hfm-logo1.jpg\",\"contentUrl\":\"https:\/\/cdn-endpoint-hfm.azureedge.net\/heartfailurematters\/2024\/07\/hfm-logo1.jpg\",\"width\":1280,\"height\":720,\"caption\":\"Heart Failure Matters\"},\"image\":{\"@id\":\"https:\/\/www.heartfailurematters.org\/de\/#\/schema\/logo\/image\/\"},\"sameAs\":[\"https:\/\/www.facebook.com\/heartfailurematters\"]}]}<\/script>\n<!-- \/ Yoast SEO plugin. -->","yoast_head_json":{"title":"Was ist eine thrombozytenaggregationshemmende Behandlung?","description":"Pl\u00e4ttchenhemmer verhindern die Bildung von Blutgerinnseln in Arterien. Blutgerinnsel in Herz- und Hirnarterien k\u00f6nnen Herzinfarkte oder Schlaganf\u00e4lle ausl\u00f6sen.","robots":{"index":"index","follow":"follow","max-snippet":"max-snippet:-1","max-image-preview":"max-image-preview:large","max-video-preview":"max-video-preview:-1"},"canonical":"https:\/\/www.heartfailurematters.org\/de\/das-koennen-ihr-arzt-oder-pflegepersonal-tun\/thrombozytenaggregationshemmer\/","og_locale":"de_DE","og_type":"article","og_title":"Was ist eine thrombozytenaggregationshemmende Behandlung?","og_description":"Pl\u00e4ttchenhemmer verhindern die Bildung von Blutgerinnseln in Arterien. Blutgerinnsel in Herz- und Hirnarterien k\u00f6nnen Herzinfarkte oder Schlaganf\u00e4lle ausl\u00f6sen.","og_url":"https:\/\/www.heartfailurematters.org\/de\/das-koennen-ihr-arzt-oder-pflegepersonal-tun\/thrombozytenaggregationshemmer\/","og_site_name":"Heart Failure Matters","article_publisher":"https:\/\/www.facebook.com\/heartfailurematters","article_modified_time":"2025-12-04T11:24:05+00:00","og_image":[{"width":900,"height":596,"url":"https:\/\/www.heartfailurematters.org\/wp-content\/uploads\/2022\/03\/shutterstock_441673426-1-min.jpg","type":"image\/jpeg"}],"twitter_card":"summary_large_image","twitter_misc":{"Gesch\u00e4tzte Lesezeit":"1\u00a0Minute"},"schema":{"@context":"https:\/\/schema.org","@graph":[{"@type":"WebPage","@id":"https:\/\/www.heartfailurematters.org\/de\/das-koennen-ihr-arzt-oder-pflegepersonal-tun\/thrombozytenaggregationshemmer\/","url":"https:\/\/www.heartfailurematters.org\/de\/das-koennen-ihr-arzt-oder-pflegepersonal-tun\/thrombozytenaggregationshemmer\/","name":"Was ist eine thrombozytenaggregationshemmende Behandlung?","isPartOf":{"@id":"https:\/\/www.heartfailurematters.org\/de\/#website"},"primaryImageOfPage":{"@id":"https:\/\/www.heartfailurematters.org\/de\/das-koennen-ihr-arzt-oder-pflegepersonal-tun\/thrombozytenaggregationshemmer\/#primaryimage"},"image":{"@id":"https:\/\/www.heartfailurematters.org\/de\/das-koennen-ihr-arzt-oder-pflegepersonal-tun\/thrombozytenaggregationshemmer\/#primaryimage"},"thumbnailUrl":"https:\/\/www.heartfailurematters.org\/wp-content\/uploads\/2022\/03\/shutterstock_441673426-1-min.jpg","datePublished":"2021-01-27T22:01:04+00:00","dateModified":"2025-12-04T11:24:05+00:00","description":"Pl\u00e4ttchenhemmer verhindern die Bildung von Blutgerinnseln in Arterien. Blutgerinnsel in Herz- und Hirnarterien k\u00f6nnen Herzinfarkte oder Schlaganf\u00e4lle ausl\u00f6sen.","breadcrumb":{"@id":"https:\/\/www.heartfailurematters.org\/de\/das-koennen-ihr-arzt-oder-pflegepersonal-tun\/thrombozytenaggregationshemmer\/#breadcrumb"},"inLanguage":"de","potentialAction":[{"@type":"ReadAction","target":["https:\/\/www.heartfailurematters.org\/de\/das-koennen-ihr-arzt-oder-pflegepersonal-tun\/thrombozytenaggregationshemmer\/"]}]},{"@type":"ImageObject","inLanguage":"de","@id":"https:\/\/www.heartfailurematters.org\/de\/das-koennen-ihr-arzt-oder-pflegepersonal-tun\/thrombozytenaggregationshemmer\/#primaryimage","url":"https:\/\/www.heartfailurematters.org\/wp-content\/uploads\/2022\/03\/shutterstock_441673426-1-min.jpg","contentUrl":"https:\/\/www.heartfailurematters.org\/wp-content\/uploads\/2022\/03\/shutterstock_441673426-1-min.jpg","width":900,"height":596},{"@type":"BreadcrumbList","@id":"https:\/\/www.heartfailurematters.org\/de\/das-koennen-ihr-arzt-oder-pflegepersonal-tun\/thrombozytenaggregationshemmer\/#breadcrumb","itemListElement":[{"@type":"ListItem","position":1,"name":"Startseite","item":"https:\/\/www.heartfailurematters.org\/de\/"},{"@type":"ListItem","position":2,"name":"Das kann Ihr Arzt tun","item":"https:\/\/www.heartfailurematters.org\/de\/das-koennen-ihr-arzt-oder-pflegepersonal-tun\/"},{"@type":"ListItem","position":3,"name":"Thrombozytenaggregationshemmende Behandlung"}]},{"@type":"WebSite","@id":"https:\/\/www.heartfailurematters.org\/de\/#website","url":"https:\/\/www.heartfailurematters.org\/de\/","name":"Heart Failure Matters","description":"Practical information for patients, families and caregivers.","publisher":{"@id":"https:\/\/www.heartfailurematters.org\/de\/#organization"},"potentialAction":[{"@type":"SearchAction","target":{"@type":"EntryPoint","urlTemplate":"https:\/\/www.heartfailurematters.org\/de\/?s={search_term_string}"},"query-input":{"@type":"PropertyValueSpecification","valueRequired":true,"valueName":"search_term_string"}}],"inLanguage":"de"},{"@type":"Organization","@id":"https:\/\/www.heartfailurematters.org\/de\/#organization","name":"Heart Failure Matters","url":"https:\/\/www.heartfailurematters.org\/de\/","logo":{"@type":"ImageObject","inLanguage":"de","@id":"https:\/\/www.heartfailurematters.org\/de\/#\/schema\/logo\/image\/","url":"https:\/\/cdn-endpoint-hfm.azureedge.net\/heartfailurematters\/2024\/07\/hfm-logo1.jpg","contentUrl":"https:\/\/cdn-endpoint-hfm.azureedge.net\/heartfailurematters\/2024\/07\/hfm-logo1.jpg","width":1280,"height":720,"caption":"Heart Failure Matters"},"image":{"@id":"https:\/\/www.heartfailurematters.org\/de\/#\/schema\/logo\/image\/"},"sameAs":["https:\/\/www.facebook.com\/heartfailurematters"]}]}},"_links":{"self":[{"href":"https:\/\/www.heartfailurematters.org\/de\/wp-json\/wp\/v2\/pages\/1569","targetHints":{"allow":["GET"]}}],"collection":[{"href":"https:\/\/www.heartfailurematters.org\/de\/wp-json\/wp\/v2\/pages"}],"about":[{"href":"https:\/\/www.heartfailurematters.org\/de\/wp-json\/wp\/v2\/types\/page"}],"author":[{"embeddable":true,"href":"https:\/\/www.heartfailurematters.org\/de\/wp-json\/wp\/v2\/users\/1"}],"replies":[{"embeddable":true,"href":"https:\/\/www.heartfailurematters.org\/de\/wp-json\/wp\/v2\/comments?post=1569"}],"version-history":[{"count":1,"href":"https:\/\/www.heartfailurematters.org\/de\/wp-json\/wp\/v2\/pages\/1569\/revisions"}],"predecessor-version":[{"id":13620,"href":"https:\/\/www.heartfailurematters.org\/de\/wp-json\/wp\/v2\/pages\/1569\/revisions\/13620"}],"up":[{"embeddable":true,"href":"https:\/\/www.heartfailurematters.org\/de\/wp-json\/wp\/v2\/pages\/2680"}],"wp:featuredmedia":[{"embeddable":true,"href":"https:\/\/www.heartfailurematters.org\/de\/wp-json\/wp\/v2\/media\/10869"}],"wp:attachment":[{"href":"https:\/\/www.heartfailurematters.org\/de\/wp-json\/wp\/v2\/media?parent=1569"}],"wp:term":[{"taxonomy":"category","embeddable":true,"href":"https:\/\/www.heartfailurematters.org\/de\/wp-json\/wp\/v2\/categories?post=1569"},{"taxonomy":"post_tag","embeddable":true,"href":"https:\/\/www.heartfailurematters.org\/de\/wp-json\/wp\/v2\/tags?post=1569"}],"curies":[{"name":"wp","href":"https:\/\/api.w.org\/{rel}","templated":true}]}}