{"id":1568,"date":"2021-01-27T22:01:04","date_gmt":"2021-01-27T22:01:04","guid":{"rendered":"http:\/\/heartfailurematters.local:8888\/nitrate-vasodilatatoren\/"},"modified":"2025-12-04T11:24:14","modified_gmt":"2025-12-04T11:24:14","slug":"nitrate-vasodilatatoren","status":"publish","type":"page","link":"https:\/\/www.heartfailurematters.org\/de\/das-koennen-ihr-arzt-oder-pflegepersonal-tun\/nitrate-vasodilatatoren\/","title":{"rendered":"Nitrate\/Vasodilatatoren"},"content":{"rendered":"<h2>Wirkweise<\/h2>\n<p><a class=\"addtooltip\" title=\"&lt;div id='ToolTipTextWrap'&gt;Nitrate&lt;\/div&gt;&lt;p&gt; Langwirkende Nitroglycerinpr\u00e4parate, die oral eingenommen werden.&lt;\/p&gt;\"><strong>Nitrate<\/strong><\/a> sind Medikamente, die dazu f\u00fchren, dass sich Ihre Blutgef\u00e4\u00dfe entspannen oder erweitern, so dass der Widerstand im Blutgef\u00e4\u00dfsystem verringert wird. Die gef\u00e4\u00dferweiternde Funktion der Nitraten senkt den Blutdruck, damit das Blut leichter durch den K\u00f6rper flie\u00dfen kann, um die Symptome zu verbessern.<\/p>\n<p>Einige Nitrate werden regelm\u00e4\u00dfig eingenommen. Manche Nitrate mit kurzer Wirkdauer (wie Glyceryltrinitrat\/Nitroglycerin) k\u00f6nnen in Form von Spray oder Tabletten eingenommen werden, die bei Brustschmerzen (Angina) je nach Bedarf unter der Zunge angewendet werden. Bei Herzinsuffizienz kommen mehrere andere Arten von Vasodilatatoren zum Einsatz, bei denen es sich nicht um Nitrate handelt. Diese k\u00f6nnen au\u00dferdem in Form von Pflastern und Salben verabreicht werden, die auf die Haut aufgetragen werden (Angina). Bei Herzinsuffizienz kommen mehrere andere Arten von Vasodilatatoren zum Einsatz, bei denen es sich nicht um Nitrate handelt. Diese k\u00f6nnen auch in Form von Pflastern und Salben verabreicht werden, die auf die Haut aufgetragen werden.<\/p>\n<h2>Welche Vorteile sind zu erwarten?<\/h2>\n<p><strong>Nitrate<\/strong> reduzieren das Auftreten und die Intensit\u00e4t von Brustschmerzen (Angina). Sie werden zur Linderung von Symptomen verabreicht. Andere Vasodilatatoren wie Hydralazin und Minoxidil werden verwendet, um Symptome wie Kurzatmigkeit zu lindern.<\/p>\n<h2>Welche Vorteile sind zu erwarten?<\/h2>\n<p>Nitrate reduzieren das Auftreten und die Intensit\u00e4t von Brustschmerzen (Angina) und werden daher zur Linderung von Symptomen verabreicht. Andere Vasodilatatoren wie Hydralazin und Minoxidil werden verwendet, um Symptome wie Kurzatmigkeit zu lindern.<\/p>\n<h2>Nebenwirkungen<\/h2>\n<p>Vasodilatatoren k\u00f6nnen einen niedrigen Blutdruck verursachen, was bei zu schnellem Sitzen oder Aufstehen zu Ohnmachts- oder Schwindelgef\u00fchlen f\u00fchren kann. Weitere Nebenwirkungen sind Kopfschmerzen, Hitzewallungen, Herzrasen und Verstopfung der Nase Kopfschmerzen treten besonders h\u00e4ufig bei langwirksamen Vasodilatatoren wie Nitraten auf.<\/p>\n<h2>Top-Tipps<\/h2>\n<p><a href=\"https:\/\/www.heartfailurematters.org\/understanding-heart-failure\/dizziness\/\" shape=\"rect\">Schwindel<\/a> kann bei jedem Medikament auftreten, das den Blutdruck senkt. Bei Herzinsuffizienz ist die Herzfunktion jedoch in der Regel bei niedrigeren Blutdr\u00fccken besser.<\/p>\n<p>Falls Ihnen morgens schwindelig wird, k\u00f6nnen Sie versuchen, vor dem Aufstehen Ihre F\u00fc\u00dfe etwa zehnmal hin und her zu bewegen. Oder versuchen Sie es damit, Ihre Beine \u00fcber den Bettenrand baumeln zu lassen, ehe Sie sich aufsetzen, und dann eine Minute lang an der Seite des Bettes zu sitzen, bevor Sie schlie\u00dflich ganz Aufstehen. Vermeiden Sie es, zu schnell aus einer sitzenden oder geb\u00fcckten Haltung aufzustehen, da Ihnen dadurch schwindelig werden kann. Geben sie Ihrem K\u00f6rper Zeit, sich an die Medikamente zu gew\u00f6hnen.<\/p>\n<h2>Nitrate\/Vasodilatatoren:<\/h2>\n<ul>\n<li><strong>Glyceryltrinitrat\/GTN\/Nitroglycerin-Pr\u00e4parate<\/strong><br \/>\n(Coro-Nitro Pump Spray\u00ae, Glytrin Spray\u00ae, Nitrolingual Pumpspray\u00ae, Nitromin\u00ae, Suscard\u00ae, Deponit\u00ae, Minitran\u00ae, Nitro-Dur\u00ae, Percutol\u00ae, Transiderm-Nitro\u00ae)<\/li>\n<li><strong>Isosorbiddinitrat<\/strong><br \/>\n(Angitak\u00ae, Isoket Retard\u00ae)<\/li>\n<li><strong>Isosorbidmononitrat<\/strong><br \/>\n(Angeze\u00ae, Angeze SR\u00ae, Chemydur 60X\u00ae, Elantan\u00ae, Ismo\u00ae, Elantan LA\u00ae, Imdur\u00ae, Isib 60XL\u00ae, Ismo Retard\u00ae, Isodur\u00ae, Isotard\u00ae, Modisal LA\u00ae, Modisal XL\u00ae, Monomax\u00ae, Monomil X\u00ae, Monosorb XL 60\u00ae, Zemon\u00ae)<\/li>\n<li><strong>Hydralazin<\/strong><br \/>\n(Apresoline\u00ae)<\/li>\n<li><strong>Minoxidil<\/strong><br \/>\n(Loniten\u00ae)<\/li>\n<li><strong>Nesiritid<\/strong><br \/>\n(Natrecor\u00ae)<\/li>\n<li><strong>Levosimendan<\/strong><br \/>\n(Simdax\u00ae)&#8220;<\/li>\n<\/ul>\n<table border=\"1\" width=\"100%\" cellspacing=\"0\" cellpadding=\"0\">\n<tbody>\n<tr>\n<td style=\"width: 25%;\">\n<h2>Animation<\/h2>\n<\/td>\n<td style=\"width: 75%; vertical-align: middle; text-align: left;\"\/>\n<\/tr>\n<tr>\n<td style=\"width: 25%;\"><a class=\"lightview\" href=\"https:\/\/www.youtube.com\/embed\/lx_ReyaK408?hl=en_UK&amp;autoplay=1;&amp;version=3&amp;rel=0&amp;showinfo=0\" data-lightview-caption=\"The animation above shows how ACE (Angiotensin converting enzyme) inhibitors can help you by causing your blood vessels to relax and thus lower your blood pressure. This means your heart doesn't have to work so hard to squeeze your blood around your body.\" data-lightview-title=\"How ACE inhibitors work in heart failure\" data-lightview-options=\"width: 535, height: 400\" data-lightview-type=\"iframe\" data-lightview-group=\"journey\"><img decoding=\"async\" class=\"alignleft size-full wp-image-5071\" src=\"https:\/\/cdn-endpoint-hfm.azureedge.net\/heartfailurematters\/2021\/02\/07-animation.jpg\" alt=\"\" width=\"180\" height=\"130\"\/><\/a><\/td>\n<td style=\"width: 75%; vertical-align: middle; text-align: left;\">Erl\u00e4uternde Animation zur Wirkungsweise von Vasodilatatoren bei Herzinsuffizienz<\/td>\n<\/tr>\n<\/tbody>\n<\/table>\n<p><a href=\"https:\/\/www.heartfailurematters.org\/what-your-doctor-can-do\/heart-failure-medicines\/\" shape=\"rect\">Zur\u00fcck zu Medikamenten zur Behandlung von Herzinsuffizienz<\/a><\/p>\n","protected":false},"excerpt":{"rendered":"<p>Wirkweise Nitrate sind Medikamente, die dazu f\u00fchren, dass sich Ihre Blutgef\u00e4\u00dfe entspannen oder erweitern, so dass der Widerstand im Blutgef\u00e4\u00dfsystem verringert wird. Die gef\u00e4\u00dferweiternde Funktion der Nitraten senkt den Blutdruck, damit das Blut leichter durch den K\u00f6rper flie\u00dfen kann, um die Symptome zu verbessern. Einige Nitrate werden regelm\u00e4\u00dfig eingenommen. Manche Nitrate mit kurzer Wirkdauer (wie [&hellip;]<\/p>\n","protected":false},"author":1,"featured_media":10869,"parent":2680,"menu_order":0,"comment_status":"open","ping_status":"open","template":"","meta":{"_acf_changed":false,"footnotes":""},"categories":[],"tags":[],"class_list":["post-1568","page","type-page","status-publish","has-post-thumbnail","hentry"],"acf":[],"yoast_head":"<!-- This site is optimized with the Yoast SEO plugin v24.8.1 - https:\/\/yoast.com\/wordpress\/plugins\/seo\/ -->\n<title>Nitrate\/Vasodilatatoren &amp; Herzinsuffizienz<\/title>\n<meta name=\"description\" content=\"Vasodilatatoren bei Herzinsuffizienz: Informationen zur Behandlung, was sie bewirken, zu m\u00f6glichen Nebenwirkungen und Tipps zum Umgang mit Nebenwirkungen.\" \/>\n<meta name=\"robots\" content=\"index, follow, max-snippet:-1, max-image-preview:large, max-video-preview:-1\" \/>\n<link rel=\"canonical\" href=\"https:\/\/www.heartfailurematters.org\/de\/das-koennen-ihr-arzt-oder-pflegepersonal-tun\/nitrate-vasodilatatoren\/\" \/>\n<meta property=\"og:locale\" content=\"de_DE\" \/>\n<meta property=\"og:type\" content=\"article\" \/>\n<meta property=\"og:title\" content=\"Nitrate\/Vasodilatatoren &amp; Herzinsuffizienz\" \/>\n<meta property=\"og:description\" content=\"Vasodilatatoren bei Herzinsuffizienz: Informationen zur Behandlung, was sie bewirken, zu m\u00f6glichen Nebenwirkungen und Tipps zum Umgang mit Nebenwirkungen.\" \/>\n<meta property=\"og:url\" content=\"https:\/\/www.heartfailurematters.org\/de\/das-koennen-ihr-arzt-oder-pflegepersonal-tun\/nitrate-vasodilatatoren\/\" \/>\n<meta property=\"og:site_name\" content=\"Heart Failure Matters\" \/>\n<meta property=\"article:publisher\" content=\"https:\/\/www.facebook.com\/heartfailurematters\" \/>\n<meta property=\"article:modified_time\" content=\"2025-12-04T11:24:14+00:00\" \/>\n<meta property=\"og:image\" content=\"https:\/\/www.heartfailurematters.org\/wp-content\/uploads\/2022\/03\/shutterstock_441673426-1-min.jpg\" \/>\n\t<meta property=\"og:image:width\" content=\"900\" \/>\n\t<meta property=\"og:image:height\" content=\"596\" \/>\n\t<meta property=\"og:image:type\" content=\"image\/jpeg\" \/>\n<meta name=\"twitter:card\" content=\"summary_large_image\" \/>\n<meta name=\"twitter:label1\" content=\"Gesch\u00e4tzte Lesezeit\" \/>\n\t<meta name=\"twitter:data1\" content=\"2\u00a0Minuten\" \/>\n<script type=\"application\/ld+json\" class=\"yoast-schema-graph\">{\"@context\":\"https:\/\/schema.org\",\"@graph\":[{\"@type\":\"WebPage\",\"@id\":\"https:\/\/www.heartfailurematters.org\/de\/das-koennen-ihr-arzt-oder-pflegepersonal-tun\/nitrate-vasodilatatoren\/\",\"url\":\"https:\/\/www.heartfailurematters.org\/de\/das-koennen-ihr-arzt-oder-pflegepersonal-tun\/nitrate-vasodilatatoren\/\",\"name\":\"Nitrate\/Vasodilatatoren & Herzinsuffizienz\",\"isPartOf\":{\"@id\":\"https:\/\/www.heartfailurematters.org\/de\/#website\"},\"primaryImageOfPage\":{\"@id\":\"https:\/\/www.heartfailurematters.org\/de\/das-koennen-ihr-arzt-oder-pflegepersonal-tun\/nitrate-vasodilatatoren\/#primaryimage\"},\"image\":{\"@id\":\"https:\/\/www.heartfailurematters.org\/de\/das-koennen-ihr-arzt-oder-pflegepersonal-tun\/nitrate-vasodilatatoren\/#primaryimage\"},\"thumbnailUrl\":\"https:\/\/www.heartfailurematters.org\/wp-content\/uploads\/2022\/03\/shutterstock_441673426-1-min.jpg\",\"datePublished\":\"2021-01-27T22:01:04+00:00\",\"dateModified\":\"2025-12-04T11:24:14+00:00\",\"description\":\"Vasodilatatoren bei Herzinsuffizienz: Informationen zur Behandlung, was sie bewirken, zu m\u00f6glichen Nebenwirkungen und Tipps zum Umgang mit Nebenwirkungen.\",\"breadcrumb\":{\"@id\":\"https:\/\/www.heartfailurematters.org\/de\/das-koennen-ihr-arzt-oder-pflegepersonal-tun\/nitrate-vasodilatatoren\/#breadcrumb\"},\"inLanguage\":\"de\",\"potentialAction\":[{\"@type\":\"ReadAction\",\"target\":[\"https:\/\/www.heartfailurematters.org\/de\/das-koennen-ihr-arzt-oder-pflegepersonal-tun\/nitrate-vasodilatatoren\/\"]}]},{\"@type\":\"ImageObject\",\"inLanguage\":\"de\",\"@id\":\"https:\/\/www.heartfailurematters.org\/de\/das-koennen-ihr-arzt-oder-pflegepersonal-tun\/nitrate-vasodilatatoren\/#primaryimage\",\"url\":\"https:\/\/www.heartfailurematters.org\/wp-content\/uploads\/2022\/03\/shutterstock_441673426-1-min.jpg\",\"contentUrl\":\"https:\/\/www.heartfailurematters.org\/wp-content\/uploads\/2022\/03\/shutterstock_441673426-1-min.jpg\",\"width\":900,\"height\":596},{\"@type\":\"BreadcrumbList\",\"@id\":\"https:\/\/www.heartfailurematters.org\/de\/das-koennen-ihr-arzt-oder-pflegepersonal-tun\/nitrate-vasodilatatoren\/#breadcrumb\",\"itemListElement\":[{\"@type\":\"ListItem\",\"position\":1,\"name\":\"Startseite\",\"item\":\"https:\/\/www.heartfailurematters.org\/de\/\"},{\"@type\":\"ListItem\",\"position\":2,\"name\":\"Das kann Ihr Arzt tun\",\"item\":\"https:\/\/www.heartfailurematters.org\/de\/das-koennen-ihr-arzt-oder-pflegepersonal-tun\/\"},{\"@type\":\"ListItem\",\"position\":3,\"name\":\"Nitrate\/Vasodilatatoren\"}]},{\"@type\":\"WebSite\",\"@id\":\"https:\/\/www.heartfailurematters.org\/de\/#website\",\"url\":\"https:\/\/www.heartfailurematters.org\/de\/\",\"name\":\"Heart Failure Matters\",\"description\":\"Practical information for patients, families and caregivers.\",\"publisher\":{\"@id\":\"https:\/\/www.heartfailurematters.org\/de\/#organization\"},\"potentialAction\":[{\"@type\":\"SearchAction\",\"target\":{\"@type\":\"EntryPoint\",\"urlTemplate\":\"https:\/\/www.heartfailurematters.org\/de\/?s={search_term_string}\"},\"query-input\":{\"@type\":\"PropertyValueSpecification\",\"valueRequired\":true,\"valueName\":\"search_term_string\"}}],\"inLanguage\":\"de\"},{\"@type\":\"Organization\",\"@id\":\"https:\/\/www.heartfailurematters.org\/de\/#organization\",\"name\":\"Heart Failure Matters\",\"url\":\"https:\/\/www.heartfailurematters.org\/de\/\",\"logo\":{\"@type\":\"ImageObject\",\"inLanguage\":\"de\",\"@id\":\"https:\/\/www.heartfailurematters.org\/de\/#\/schema\/logo\/image\/\",\"url\":\"https:\/\/cdn-endpoint-hfm.azureedge.net\/heartfailurematters\/2024\/07\/hfm-logo1.jpg\",\"contentUrl\":\"https:\/\/cdn-endpoint-hfm.azureedge.net\/heartfailurematters\/2024\/07\/hfm-logo1.jpg\",\"width\":1280,\"height\":720,\"caption\":\"Heart Failure Matters\"},\"image\":{\"@id\":\"https:\/\/www.heartfailurematters.org\/de\/#\/schema\/logo\/image\/\"},\"sameAs\":[\"https:\/\/www.facebook.com\/heartfailurematters\"]}]}<\/script>\n<!-- \/ Yoast SEO plugin. -->","yoast_head_json":{"title":"Nitrate\/Vasodilatatoren & Herzinsuffizienz","description":"Vasodilatatoren bei Herzinsuffizienz: Informationen zur Behandlung, was sie bewirken, zu m\u00f6glichen Nebenwirkungen und Tipps zum Umgang mit Nebenwirkungen.","robots":{"index":"index","follow":"follow","max-snippet":"max-snippet:-1","max-image-preview":"max-image-preview:large","max-video-preview":"max-video-preview:-1"},"canonical":"https:\/\/www.heartfailurematters.org\/de\/das-koennen-ihr-arzt-oder-pflegepersonal-tun\/nitrate-vasodilatatoren\/","og_locale":"de_DE","og_type":"article","og_title":"Nitrate\/Vasodilatatoren & Herzinsuffizienz","og_description":"Vasodilatatoren bei Herzinsuffizienz: Informationen zur Behandlung, was sie bewirken, zu m\u00f6glichen Nebenwirkungen und Tipps zum Umgang mit Nebenwirkungen.","og_url":"https:\/\/www.heartfailurematters.org\/de\/das-koennen-ihr-arzt-oder-pflegepersonal-tun\/nitrate-vasodilatatoren\/","og_site_name":"Heart Failure Matters","article_publisher":"https:\/\/www.facebook.com\/heartfailurematters","article_modified_time":"2025-12-04T11:24:14+00:00","og_image":[{"width":900,"height":596,"url":"https:\/\/www.heartfailurematters.org\/wp-content\/uploads\/2022\/03\/shutterstock_441673426-1-min.jpg","type":"image\/jpeg"}],"twitter_card":"summary_large_image","twitter_misc":{"Gesch\u00e4tzte Lesezeit":"2\u00a0Minuten"},"schema":{"@context":"https:\/\/schema.org","@graph":[{"@type":"WebPage","@id":"https:\/\/www.heartfailurematters.org\/de\/das-koennen-ihr-arzt-oder-pflegepersonal-tun\/nitrate-vasodilatatoren\/","url":"https:\/\/www.heartfailurematters.org\/de\/das-koennen-ihr-arzt-oder-pflegepersonal-tun\/nitrate-vasodilatatoren\/","name":"Nitrate\/Vasodilatatoren & Herzinsuffizienz","isPartOf":{"@id":"https:\/\/www.heartfailurematters.org\/de\/#website"},"primaryImageOfPage":{"@id":"https:\/\/www.heartfailurematters.org\/de\/das-koennen-ihr-arzt-oder-pflegepersonal-tun\/nitrate-vasodilatatoren\/#primaryimage"},"image":{"@id":"https:\/\/www.heartfailurematters.org\/de\/das-koennen-ihr-arzt-oder-pflegepersonal-tun\/nitrate-vasodilatatoren\/#primaryimage"},"thumbnailUrl":"https:\/\/www.heartfailurematters.org\/wp-content\/uploads\/2022\/03\/shutterstock_441673426-1-min.jpg","datePublished":"2021-01-27T22:01:04+00:00","dateModified":"2025-12-04T11:24:14+00:00","description":"Vasodilatatoren bei Herzinsuffizienz: Informationen zur Behandlung, was sie bewirken, zu m\u00f6glichen Nebenwirkungen und Tipps zum Umgang mit Nebenwirkungen.","breadcrumb":{"@id":"https:\/\/www.heartfailurematters.org\/de\/das-koennen-ihr-arzt-oder-pflegepersonal-tun\/nitrate-vasodilatatoren\/#breadcrumb"},"inLanguage":"de","potentialAction":[{"@type":"ReadAction","target":["https:\/\/www.heartfailurematters.org\/de\/das-koennen-ihr-arzt-oder-pflegepersonal-tun\/nitrate-vasodilatatoren\/"]}]},{"@type":"ImageObject","inLanguage":"de","@id":"https:\/\/www.heartfailurematters.org\/de\/das-koennen-ihr-arzt-oder-pflegepersonal-tun\/nitrate-vasodilatatoren\/#primaryimage","url":"https:\/\/www.heartfailurematters.org\/wp-content\/uploads\/2022\/03\/shutterstock_441673426-1-min.jpg","contentUrl":"https:\/\/www.heartfailurematters.org\/wp-content\/uploads\/2022\/03\/shutterstock_441673426-1-min.jpg","width":900,"height":596},{"@type":"BreadcrumbList","@id":"https:\/\/www.heartfailurematters.org\/de\/das-koennen-ihr-arzt-oder-pflegepersonal-tun\/nitrate-vasodilatatoren\/#breadcrumb","itemListElement":[{"@type":"ListItem","position":1,"name":"Startseite","item":"https:\/\/www.heartfailurematters.org\/de\/"},{"@type":"ListItem","position":2,"name":"Das kann Ihr Arzt tun","item":"https:\/\/www.heartfailurematters.org\/de\/das-koennen-ihr-arzt-oder-pflegepersonal-tun\/"},{"@type":"ListItem","position":3,"name":"Nitrate\/Vasodilatatoren"}]},{"@type":"WebSite","@id":"https:\/\/www.heartfailurematters.org\/de\/#website","url":"https:\/\/www.heartfailurematters.org\/de\/","name":"Heart Failure Matters","description":"Practical information for patients, families and caregivers.","publisher":{"@id":"https:\/\/www.heartfailurematters.org\/de\/#organization"},"potentialAction":[{"@type":"SearchAction","target":{"@type":"EntryPoint","urlTemplate":"https:\/\/www.heartfailurematters.org\/de\/?s={search_term_string}"},"query-input":{"@type":"PropertyValueSpecification","valueRequired":true,"valueName":"search_term_string"}}],"inLanguage":"de"},{"@type":"Organization","@id":"https:\/\/www.heartfailurematters.org\/de\/#organization","name":"Heart Failure Matters","url":"https:\/\/www.heartfailurematters.org\/de\/","logo":{"@type":"ImageObject","inLanguage":"de","@id":"https:\/\/www.heartfailurematters.org\/de\/#\/schema\/logo\/image\/","url":"https:\/\/cdn-endpoint-hfm.azureedge.net\/heartfailurematters\/2024\/07\/hfm-logo1.jpg","contentUrl":"https:\/\/cdn-endpoint-hfm.azureedge.net\/heartfailurematters\/2024\/07\/hfm-logo1.jpg","width":1280,"height":720,"caption":"Heart Failure Matters"},"image":{"@id":"https:\/\/www.heartfailurematters.org\/de\/#\/schema\/logo\/image\/"},"sameAs":["https:\/\/www.facebook.com\/heartfailurematters"]}]}},"_links":{"self":[{"href":"https:\/\/www.heartfailurematters.org\/de\/wp-json\/wp\/v2\/pages\/1568","targetHints":{"allow":["GET"]}}],"collection":[{"href":"https:\/\/www.heartfailurematters.org\/de\/wp-json\/wp\/v2\/pages"}],"about":[{"href":"https:\/\/www.heartfailurematters.org\/de\/wp-json\/wp\/v2\/types\/page"}],"author":[{"embeddable":true,"href":"https:\/\/www.heartfailurematters.org\/de\/wp-json\/wp\/v2\/users\/1"}],"replies":[{"embeddable":true,"href":"https:\/\/www.heartfailurematters.org\/de\/wp-json\/wp\/v2\/comments?post=1568"}],"version-history":[{"count":3,"href":"https:\/\/www.heartfailurematters.org\/de\/wp-json\/wp\/v2\/pages\/1568\/revisions"}],"predecessor-version":[{"id":13642,"href":"https:\/\/www.heartfailurematters.org\/de\/wp-json\/wp\/v2\/pages\/1568\/revisions\/13642"}],"up":[{"embeddable":true,"href":"https:\/\/www.heartfailurematters.org\/de\/wp-json\/wp\/v2\/pages\/2680"}],"wp:featuredmedia":[{"embeddable":true,"href":"https:\/\/www.heartfailurematters.org\/de\/wp-json\/wp\/v2\/media\/10869"}],"wp:attachment":[{"href":"https:\/\/www.heartfailurematters.org\/de\/wp-json\/wp\/v2\/media?parent=1568"}],"wp:term":[{"taxonomy":"category","embeddable":true,"href":"https:\/\/www.heartfailurematters.org\/de\/wp-json\/wp\/v2\/categories?post=1568"},{"taxonomy":"post_tag","embeddable":true,"href":"https:\/\/www.heartfailurematters.org\/de\/wp-json\/wp\/v2\/tags?post=1568"}],"curies":[{"name":"wp","href":"https:\/\/api.w.org\/{rel}","templated":true}]}}