{"id":1567,"date":"2021-01-27T22:01:04","date_gmt":"2021-01-27T22:01:04","guid":{"rendered":"http:\/\/heartfailurematters.local:8888\/ernaehrungsumstellung-links-zu-rezepten\/"},"modified":"2021-01-27T22:01:04","modified_gmt":"2021-01-27T22:01:04","slug":"ernaehrungsumstellung-links-zu-rezepten","status":"publish","type":"page","link":"https:\/\/www.heartfailurematters.org\/de\/das-koennen-sie-tun\/ernaehrungsumstellung-links-zu-rezepten\/","title":{"rendered":"Ern\u00e4hrungsumstellung: Links zu Rezepten"},"content":{"rendered":"<p>Bei einer Ern\u00e4hrungsumstellung kann die Entscheidung dar\u00fcber, wo man anfangen sollte, schwierig sein. Daher haben wir eine Liste hilfreicher Internetadressen zusammengestellt, unter denen Sie gute Rezepte f\u00fcr die herzschonende Ern\u00e4hrung finden k\u00f6nnen. Um auf eine dieser Webseiten zu gelangen, klicken Sie einfach auf einen der untenstehenden links.<\/p>\n<ul>\n<li><a href=\"https:\/\/www.gov.uk\/government\/publications\/the-eatwell-guide\" target=\"_blank\" rel=\"noopener\">Eat well, be well<\/a><\/li>\n<li><a href=\"http:\/\/www.bhf.org.uk\/publications.aspx\" target=\"_blank\" rel=\"noopener\">BHF booklets<\/a><\/li>\n<li><a href=\"http:\/\/www.heartresearch.org.uk\/sites\/default\/files\/userfiles\/HeartR_HealthyEat_Leaflet_4157_single.pdf\" target=\"_blank\" rel=\"noopener\">HEART UK (Fachinformationen \u00fcber eine gesunde Ern\u00e4hrung)<\/a><\/li>\n<\/ul>\n<p><a href=\"https:\/\/www.heartfailurematters.org\/de\/das-koennen-sie-tun\/anpassung-der-lebensweise\/\">Zur\u00fcck zu \u201eAnpassung der Lebensweise\u201c<\/a><\/p>\n","protected":false},"excerpt":{"rendered":"<p>Bei einer Ern\u00e4hrungsumstellung kann die Entscheidung dar\u00fcber, wo man anfangen sollte, schwierig sein. Daher haben wir eine Liste hilfreicher Internetadressen zusammengestellt, unter denen Sie gute Rezepte f\u00fcr die herzschonende Ern\u00e4hrung finden k\u00f6nnen. Um auf eine dieser Webseiten zu gelangen, klicken Sie einfach auf einen der untenstehenden links. Eat well, be well BHF booklets HEART UK [&hellip;]<\/p>\n","protected":false},"author":1,"featured_media":11040,"parent":2716,"menu_order":0,"comment_status":"open","ping_status":"open","template":"","meta":{"_acf_changed":false,"footnotes":""},"categories":[],"tags":[],"class_list":["post-1567","page","type-page","status-publish","has-post-thumbnail","hentry"],"acf":[],"yoast_head":"<!-- This site is optimized with the Yoast SEO plugin v24.8.1 - https:\/\/yoast.com\/wordpress\/plugins\/seo\/ -->\n<title>Ern\u00e4hrungsumstellung: Links zu Rezepten<\/title>\n<meta name=\"description\" content=\"Es kann sich als schwierig erweisen, zu wissen, wo mit der Ern\u00e4hrungsumstellung begonnen werden soll. Daher haben wir eine Liste n\u00fctzlicher Websites zusammengestellt, auf denen Sie gute \u201aRezepte f\u00fcr eine herzschonende Ern\u00e4hrung\u2018 finden. Mehr erfahren\" \/>\n<meta name=\"robots\" content=\"index, follow, max-snippet:-1, max-image-preview:large, max-video-preview:-1\" \/>\n<link rel=\"canonical\" href=\"https:\/\/www.heartfailurematters.org\/de\/das-koennen-sie-tun\/ernaehrungsumstellung-links-zu-rezepten\/\" \/>\n<meta property=\"og:locale\" content=\"de_DE\" \/>\n<meta property=\"og:type\" content=\"article\" \/>\n<meta property=\"og:title\" content=\"Ern\u00e4hrungsumstellung: Links zu Rezepten\" \/>\n<meta property=\"og:description\" content=\"Es kann sich als schwierig erweisen, zu wissen, wo mit der Ern\u00e4hrungsumstellung begonnen werden soll. Daher haben wir eine Liste n\u00fctzlicher Websites zusammengestellt, auf denen Sie gute \u201aRezepte f\u00fcr eine herzschonende Ern\u00e4hrung\u2018 finden. Mehr erfahren\" \/>\n<meta property=\"og:url\" content=\"https:\/\/www.heartfailurematters.org\/de\/das-koennen-sie-tun\/ernaehrungsumstellung-links-zu-rezepten\/\" \/>\n<meta property=\"og:site_name\" content=\"Heart Failure Matters\" \/>\n<meta property=\"article:publisher\" content=\"https:\/\/www.facebook.com\/heartfailurematters\" \/>\n<meta property=\"og:image\" content=\"https:\/\/www.heartfailurematters.org\/wp-content\/uploads\/2022\/03\/shutterstock_335916848-1-min.jpg\" \/>\n\t<meta property=\"og:image:width\" content=\"900\" \/>\n\t<meta property=\"og:image:height\" content=\"593\" \/>\n\t<meta property=\"og:image:type\" content=\"image\/jpeg\" \/>\n<meta name=\"twitter:card\" content=\"summary_large_image\" \/>\n<script type=\"application\/ld+json\" class=\"yoast-schema-graph\">{\"@context\":\"https:\/\/schema.org\",\"@graph\":[{\"@type\":\"WebPage\",\"@id\":\"https:\/\/www.heartfailurematters.org\/de\/das-koennen-sie-tun\/ernaehrungsumstellung-links-zu-rezepten\/\",\"url\":\"https:\/\/www.heartfailurematters.org\/de\/das-koennen-sie-tun\/ernaehrungsumstellung-links-zu-rezepten\/\",\"name\":\"Ern\u00e4hrungsumstellung: Links zu Rezepten\",\"isPartOf\":{\"@id\":\"https:\/\/www.heartfailurematters.org\/de\/#website\"},\"primaryImageOfPage\":{\"@id\":\"https:\/\/www.heartfailurematters.org\/de\/das-koennen-sie-tun\/ernaehrungsumstellung-links-zu-rezepten\/#primaryimage\"},\"image\":{\"@id\":\"https:\/\/www.heartfailurematters.org\/de\/das-koennen-sie-tun\/ernaehrungsumstellung-links-zu-rezepten\/#primaryimage\"},\"thumbnailUrl\":\"https:\/\/www.heartfailurematters.org\/wp-content\/uploads\/2022\/03\/shutterstock_335916848-1-min.jpg\",\"datePublished\":\"2021-01-27T22:01:04+00:00\",\"description\":\"Es kann sich als schwierig erweisen, zu wissen, wo mit der Ern\u00e4hrungsumstellung begonnen werden soll. Daher haben wir eine Liste n\u00fctzlicher Websites zusammengestellt, auf denen Sie gute \u201aRezepte f\u00fcr eine herzschonende Ern\u00e4hrung\u2018 finden. Mehr erfahren\",\"breadcrumb\":{\"@id\":\"https:\/\/www.heartfailurematters.org\/de\/das-koennen-sie-tun\/ernaehrungsumstellung-links-zu-rezepten\/#breadcrumb\"},\"inLanguage\":\"de\",\"potentialAction\":[{\"@type\":\"ReadAction\",\"target\":[\"https:\/\/www.heartfailurematters.org\/de\/das-koennen-sie-tun\/ernaehrungsumstellung-links-zu-rezepten\/\"]}]},{\"@type\":\"ImageObject\",\"inLanguage\":\"de\",\"@id\":\"https:\/\/www.heartfailurematters.org\/de\/das-koennen-sie-tun\/ernaehrungsumstellung-links-zu-rezepten\/#primaryimage\",\"url\":\"https:\/\/www.heartfailurematters.org\/wp-content\/uploads\/2022\/03\/shutterstock_335916848-1-min.jpg\",\"contentUrl\":\"https:\/\/www.heartfailurematters.org\/wp-content\/uploads\/2022\/03\/shutterstock_335916848-1-min.jpg\",\"width\":900,\"height\":593},{\"@type\":\"BreadcrumbList\",\"@id\":\"https:\/\/www.heartfailurematters.org\/de\/das-koennen-sie-tun\/ernaehrungsumstellung-links-zu-rezepten\/#breadcrumb\",\"itemListElement\":[{\"@type\":\"ListItem\",\"position\":1,\"name\":\"Startseite\",\"item\":\"https:\/\/www.heartfailurematters.org\/de\/\"},{\"@type\":\"ListItem\",\"position\":2,\"name\":\"Das k\u00f6nnen Sie tun\",\"item\":\"https:\/\/www.heartfailurematters.org\/de\/das-koennen-sie-tun\/\"},{\"@type\":\"ListItem\",\"position\":3,\"name\":\"Ern\u00e4hrungsumstellung: Links zu Rezepten\"}]},{\"@type\":\"WebSite\",\"@id\":\"https:\/\/www.heartfailurematters.org\/de\/#website\",\"url\":\"https:\/\/www.heartfailurematters.org\/de\/\",\"name\":\"Heart Failure Matters\",\"description\":\"Practical information for patients, families and caregivers.\",\"publisher\":{\"@id\":\"https:\/\/www.heartfailurematters.org\/de\/#organization\"},\"potentialAction\":[{\"@type\":\"SearchAction\",\"target\":{\"@type\":\"EntryPoint\",\"urlTemplate\":\"https:\/\/www.heartfailurematters.org\/de\/?s={search_term_string}\"},\"query-input\":{\"@type\":\"PropertyValueSpecification\",\"valueRequired\":true,\"valueName\":\"search_term_string\"}}],\"inLanguage\":\"de\"},{\"@type\":\"Organization\",\"@id\":\"https:\/\/www.heartfailurematters.org\/de\/#organization\",\"name\":\"Heart Failure Matters\",\"url\":\"https:\/\/www.heartfailurematters.org\/de\/\",\"logo\":{\"@type\":\"ImageObject\",\"inLanguage\":\"de\",\"@id\":\"https:\/\/www.heartfailurematters.org\/de\/#\/schema\/logo\/image\/\",\"url\":\"https:\/\/cdn-endpoint-hfm.azureedge.net\/heartfailurematters\/2024\/07\/hfm-logo1.jpg\",\"contentUrl\":\"https:\/\/cdn-endpoint-hfm.azureedge.net\/heartfailurematters\/2024\/07\/hfm-logo1.jpg\",\"width\":1280,\"height\":720,\"caption\":\"Heart Failure Matters\"},\"image\":{\"@id\":\"https:\/\/www.heartfailurematters.org\/de\/#\/schema\/logo\/image\/\"},\"sameAs\":[\"https:\/\/www.facebook.com\/heartfailurematters\"]}]}<\/script>\n<!-- \/ Yoast SEO plugin. -->","yoast_head_json":{"title":"Ern\u00e4hrungsumstellung: Links zu Rezepten","description":"Es kann sich als schwierig erweisen, zu wissen, wo mit der Ern\u00e4hrungsumstellung begonnen werden soll. Daher haben wir eine Liste n\u00fctzlicher Websites zusammengestellt, auf denen Sie gute \u201aRezepte f\u00fcr eine herzschonende Ern\u00e4hrung\u2018 finden. Mehr erfahren","robots":{"index":"index","follow":"follow","max-snippet":"max-snippet:-1","max-image-preview":"max-image-preview:large","max-video-preview":"max-video-preview:-1"},"canonical":"https:\/\/www.heartfailurematters.org\/de\/das-koennen-sie-tun\/ernaehrungsumstellung-links-zu-rezepten\/","og_locale":"de_DE","og_type":"article","og_title":"Ern\u00e4hrungsumstellung: Links zu Rezepten","og_description":"Es kann sich als schwierig erweisen, zu wissen, wo mit der Ern\u00e4hrungsumstellung begonnen werden soll. Daher haben wir eine Liste n\u00fctzlicher Websites zusammengestellt, auf denen Sie gute \u201aRezepte f\u00fcr eine herzschonende Ern\u00e4hrung\u2018 finden. Mehr erfahren","og_url":"https:\/\/www.heartfailurematters.org\/de\/das-koennen-sie-tun\/ernaehrungsumstellung-links-zu-rezepten\/","og_site_name":"Heart Failure Matters","article_publisher":"https:\/\/www.facebook.com\/heartfailurematters","og_image":[{"width":900,"height":593,"url":"https:\/\/www.heartfailurematters.org\/wp-content\/uploads\/2022\/03\/shutterstock_335916848-1-min.jpg","type":"image\/jpeg"}],"twitter_card":"summary_large_image","schema":{"@context":"https:\/\/schema.org","@graph":[{"@type":"WebPage","@id":"https:\/\/www.heartfailurematters.org\/de\/das-koennen-sie-tun\/ernaehrungsumstellung-links-zu-rezepten\/","url":"https:\/\/www.heartfailurematters.org\/de\/das-koennen-sie-tun\/ernaehrungsumstellung-links-zu-rezepten\/","name":"Ern\u00e4hrungsumstellung: Links zu Rezepten","isPartOf":{"@id":"https:\/\/www.heartfailurematters.org\/de\/#website"},"primaryImageOfPage":{"@id":"https:\/\/www.heartfailurematters.org\/de\/das-koennen-sie-tun\/ernaehrungsumstellung-links-zu-rezepten\/#primaryimage"},"image":{"@id":"https:\/\/www.heartfailurematters.org\/de\/das-koennen-sie-tun\/ernaehrungsumstellung-links-zu-rezepten\/#primaryimage"},"thumbnailUrl":"https:\/\/www.heartfailurematters.org\/wp-content\/uploads\/2022\/03\/shutterstock_335916848-1-min.jpg","datePublished":"2021-01-27T22:01:04+00:00","description":"Es kann sich als schwierig erweisen, zu wissen, wo mit der Ern\u00e4hrungsumstellung begonnen werden soll. Daher haben wir eine Liste n\u00fctzlicher Websites zusammengestellt, auf denen Sie gute \u201aRezepte f\u00fcr eine herzschonende Ern\u00e4hrung\u2018 finden. Mehr erfahren","breadcrumb":{"@id":"https:\/\/www.heartfailurematters.org\/de\/das-koennen-sie-tun\/ernaehrungsumstellung-links-zu-rezepten\/#breadcrumb"},"inLanguage":"de","potentialAction":[{"@type":"ReadAction","target":["https:\/\/www.heartfailurematters.org\/de\/das-koennen-sie-tun\/ernaehrungsumstellung-links-zu-rezepten\/"]}]},{"@type":"ImageObject","inLanguage":"de","@id":"https:\/\/www.heartfailurematters.org\/de\/das-koennen-sie-tun\/ernaehrungsumstellung-links-zu-rezepten\/#primaryimage","url":"https:\/\/www.heartfailurematters.org\/wp-content\/uploads\/2022\/03\/shutterstock_335916848-1-min.jpg","contentUrl":"https:\/\/www.heartfailurematters.org\/wp-content\/uploads\/2022\/03\/shutterstock_335916848-1-min.jpg","width":900,"height":593},{"@type":"BreadcrumbList","@id":"https:\/\/www.heartfailurematters.org\/de\/das-koennen-sie-tun\/ernaehrungsumstellung-links-zu-rezepten\/#breadcrumb","itemListElement":[{"@type":"ListItem","position":1,"name":"Startseite","item":"https:\/\/www.heartfailurematters.org\/de\/"},{"@type":"ListItem","position":2,"name":"Das k\u00f6nnen Sie tun","item":"https:\/\/www.heartfailurematters.org\/de\/das-koennen-sie-tun\/"},{"@type":"ListItem","position":3,"name":"Ern\u00e4hrungsumstellung: Links zu Rezepten"}]},{"@type":"WebSite","@id":"https:\/\/www.heartfailurematters.org\/de\/#website","url":"https:\/\/www.heartfailurematters.org\/de\/","name":"Heart Failure Matters","description":"Practical information for patients, families and caregivers.","publisher":{"@id":"https:\/\/www.heartfailurematters.org\/de\/#organization"},"potentialAction":[{"@type":"SearchAction","target":{"@type":"EntryPoint","urlTemplate":"https:\/\/www.heartfailurematters.org\/de\/?s={search_term_string}"},"query-input":{"@type":"PropertyValueSpecification","valueRequired":true,"valueName":"search_term_string"}}],"inLanguage":"de"},{"@type":"Organization","@id":"https:\/\/www.heartfailurematters.org\/de\/#organization","name":"Heart Failure Matters","url":"https:\/\/www.heartfailurematters.org\/de\/","logo":{"@type":"ImageObject","inLanguage":"de","@id":"https:\/\/www.heartfailurematters.org\/de\/#\/schema\/logo\/image\/","url":"https:\/\/cdn-endpoint-hfm.azureedge.net\/heartfailurematters\/2024\/07\/hfm-logo1.jpg","contentUrl":"https:\/\/cdn-endpoint-hfm.azureedge.net\/heartfailurematters\/2024\/07\/hfm-logo1.jpg","width":1280,"height":720,"caption":"Heart Failure Matters"},"image":{"@id":"https:\/\/www.heartfailurematters.org\/de\/#\/schema\/logo\/image\/"},"sameAs":["https:\/\/www.facebook.com\/heartfailurematters"]}]}},"_links":{"self":[{"href":"https:\/\/www.heartfailurematters.org\/de\/wp-json\/wp\/v2\/pages\/1567","targetHints":{"allow":["GET"]}}],"collection":[{"href":"https:\/\/www.heartfailurematters.org\/de\/wp-json\/wp\/v2\/pages"}],"about":[{"href":"https:\/\/www.heartfailurematters.org\/de\/wp-json\/wp\/v2\/types\/page"}],"author":[{"embeddable":true,"href":"https:\/\/www.heartfailurematters.org\/de\/wp-json\/wp\/v2\/users\/1"}],"replies":[{"embeddable":true,"href":"https:\/\/www.heartfailurematters.org\/de\/wp-json\/wp\/v2\/comments?post=1567"}],"version-history":[{"count":0,"href":"https:\/\/www.heartfailurematters.org\/de\/wp-json\/wp\/v2\/pages\/1567\/revisions"}],"up":[{"embeddable":true,"href":"https:\/\/www.heartfailurematters.org\/de\/wp-json\/wp\/v2\/pages\/2716"}],"wp:featuredmedia":[{"embeddable":true,"href":"https:\/\/www.heartfailurematters.org\/de\/wp-json\/wp\/v2\/media\/11040"}],"wp:attachment":[{"href":"https:\/\/www.heartfailurematters.org\/de\/wp-json\/wp\/v2\/media?parent=1567"}],"wp:term":[{"taxonomy":"category","embeddable":true,"href":"https:\/\/www.heartfailurematters.org\/de\/wp-json\/wp\/v2\/categories?post=1567"},{"taxonomy":"post_tag","embeddable":true,"href":"https:\/\/www.heartfailurematters.org\/de\/wp-json\/wp\/v2\/tags?post=1567"}],"curies":[{"name":"wp","href":"https:\/\/api.w.org\/{rel}","templated":true}]}}