{"id":1564,"date":"2021-01-27T22:01:04","date_gmt":"2021-01-27T22:01:04","guid":{"rendered":"http:\/\/heartfailurematters.local:8888\/ernaehrung\/"},"modified":"2021-01-27T22:01:04","modified_gmt":"2021-01-27T22:01:04","slug":"ernaehrung","status":"publish","type":"page","link":"https:\/\/www.heartfailurematters.org\/de\/fuer-pflegende-angehoerige\/ernaehrung\/","title":{"rendered":"Ern\u00e4hrung"},"content":{"rendered":"<p>Die Einhaltung einer ausgewogenen Di\u00e4t wie vom Arzt, der betreuenden Pflegekraft oder dem Ern\u00e4hrungsberater empfohlen, wird Ihrem Partner oder Angeh\u00f6rigen helfen, sich besser zu f\u00fchlen, die Symptome der Herzinsuffizienz zu verringern und m\u00f6glicherweise auch das Energieniveau des Betroffenen zu steigern. Besonders wichtig ist es, darauf zu achten, dass Ihr Partner oder Angeh\u00f6riger nicht zu viel Salz zu sich nimmt. Vielleicht sind Sie bereit, mit Ihrem Partner oder Angeh\u00f6rigen auf eine salzarme Ern\u00e4hrung umzusteigen. Wenn Sie das f\u00fcr sich selbst ablehnen, k\u00f6nnen Sie versuchen, salzarm zu kochen und dann bei Tisch f\u00fcr sich selbst nachsalzen. <\/p>\n<p>Klicken Sie hier, <\/a>um viele weitere Einzelheiten \u00fcber eine gesunde Ern\u00e4hrung in Erfahrung zu bringen.<\/p>\n<p>Zur\u00fcck zu \u201eEinfache Dinge, die Sie beitragen k\u00f6nnen\u201d<\/a><\/p>\n","protected":false},"excerpt":{"rendered":"<p>Die Einhaltung einer ausgewogenen Di\u00e4t wie vom Arzt, der betreuenden Pflegekraft oder dem Ern\u00e4hrungsberater empfohlen, wird Ihrem Partner oder Angeh\u00f6rigen helfen, sich besser zu f\u00fchlen, die Symptome der Herzinsuffizienz zu verringern und m\u00f6glicherweise auch das Energieniveau des Betroffenen zu steigern. Besonders wichtig ist es, darauf zu achten, dass Ihr Partner oder Angeh\u00f6riger nicht zu viel [&hellip;]<\/p>\n","protected":false},"author":1,"featured_media":10995,"parent":2842,"menu_order":0,"comment_status":"open","ping_status":"open","template":"","meta":{"_acf_changed":false,"footnotes":""},"categories":[],"tags":[],"class_list":["post-1564","page","type-page","status-publish","has-post-thumbnail","hentry"],"acf":[],"yoast_head":"<!-- This site is optimized with the Yoast SEO plugin v24.8.1 - https:\/\/yoast.com\/wordpress\/plugins\/seo\/ -->\n<title>Ern\u00e4hrung<\/title>\n<meta name=\"description\" content=\"Eine ausgewogene Ern\u00e4hrung, wie vom Arzt, dem Pflegepersonal oder dem Ern\u00e4hrungsberater empfohlen, wird Ihrem Partner oder Familienmitglied helfen, sich besser zu f\u00fchlen, seine Herzinsuffizienzsymptome zu kontrollieren und m\u00f6glicherweise sein Energielevel zu steigern.\" \/>\n<meta name=\"robots\" content=\"index, follow, max-snippet:-1, max-image-preview:large, max-video-preview:-1\" \/>\n<link rel=\"canonical\" href=\"https:\/\/www.heartfailurematters.org\/de\/fuer-pflegende-angehoerige\/ernaehrung\/\" \/>\n<meta property=\"og:locale\" content=\"de_DE\" \/>\n<meta property=\"og:type\" content=\"article\" \/>\n<meta property=\"og:title\" content=\"Ern\u00e4hrung\" \/>\n<meta property=\"og:description\" content=\"Eine ausgewogene Ern\u00e4hrung, wie vom Arzt, dem Pflegepersonal oder dem Ern\u00e4hrungsberater empfohlen, wird Ihrem Partner oder Familienmitglied helfen, sich besser zu f\u00fchlen, seine Herzinsuffizienzsymptome zu kontrollieren und m\u00f6glicherweise sein Energielevel zu steigern.\" \/>\n<meta property=\"og:url\" content=\"https:\/\/www.heartfailurematters.org\/de\/fuer-pflegende-angehoerige\/ernaehrung\/\" \/>\n<meta property=\"og:site_name\" content=\"Heart Failure Matters\" \/>\n<meta property=\"article:publisher\" content=\"https:\/\/www.facebook.com\/heartfailurematters\" \/>\n<meta property=\"og:image\" content=\"https:\/\/www.heartfailurematters.org\/wp-content\/uploads\/2022\/03\/shutterstock_1130328140-1-min.jpg\" \/>\n\t<meta property=\"og:image:width\" content=\"900\" \/>\n\t<meta property=\"og:image:height\" content=\"599\" \/>\n\t<meta property=\"og:image:type\" content=\"image\/jpeg\" \/>\n<meta name=\"twitter:card\" content=\"summary_large_image\" \/>\n<meta name=\"twitter:label1\" content=\"Gesch\u00e4tzte Lesezeit\" \/>\n\t<meta name=\"twitter:data1\" content=\"1\u00a0Minute\" \/>\n<script type=\"application\/ld+json\" class=\"yoast-schema-graph\">{\"@context\":\"https:\/\/schema.org\",\"@graph\":[{\"@type\":\"WebPage\",\"@id\":\"https:\/\/www.heartfailurematters.org\/de\/fuer-pflegende-angehoerige\/ernaehrung\/\",\"url\":\"https:\/\/www.heartfailurematters.org\/de\/fuer-pflegende-angehoerige\/ernaehrung\/\",\"name\":\"Ern\u00e4hrung\",\"isPartOf\":{\"@id\":\"https:\/\/www.heartfailurematters.org\/de\/#website\"},\"primaryImageOfPage\":{\"@id\":\"https:\/\/www.heartfailurematters.org\/de\/fuer-pflegende-angehoerige\/ernaehrung\/#primaryimage\"},\"image\":{\"@id\":\"https:\/\/www.heartfailurematters.org\/de\/fuer-pflegende-angehoerige\/ernaehrung\/#primaryimage\"},\"thumbnailUrl\":\"https:\/\/www.heartfailurematters.org\/wp-content\/uploads\/2022\/03\/shutterstock_1130328140-1-min.jpg\",\"datePublished\":\"2021-01-27T22:01:04+00:00\",\"description\":\"Eine ausgewogene Ern\u00e4hrung, wie vom Arzt, dem Pflegepersonal oder dem Ern\u00e4hrungsberater empfohlen, wird Ihrem Partner oder Familienmitglied helfen, sich besser zu f\u00fchlen, seine Herzinsuffizienzsymptome zu kontrollieren und m\u00f6glicherweise sein Energielevel zu steigern.\",\"breadcrumb\":{\"@id\":\"https:\/\/www.heartfailurematters.org\/de\/fuer-pflegende-angehoerige\/ernaehrung\/#breadcrumb\"},\"inLanguage\":\"de\",\"potentialAction\":[{\"@type\":\"ReadAction\",\"target\":[\"https:\/\/www.heartfailurematters.org\/de\/fuer-pflegende-angehoerige\/ernaehrung\/\"]}]},{\"@type\":\"ImageObject\",\"inLanguage\":\"de\",\"@id\":\"https:\/\/www.heartfailurematters.org\/de\/fuer-pflegende-angehoerige\/ernaehrung\/#primaryimage\",\"url\":\"https:\/\/www.heartfailurematters.org\/wp-content\/uploads\/2022\/03\/shutterstock_1130328140-1-min.jpg\",\"contentUrl\":\"https:\/\/www.heartfailurematters.org\/wp-content\/uploads\/2022\/03\/shutterstock_1130328140-1-min.jpg\",\"width\":900,\"height\":599},{\"@type\":\"BreadcrumbList\",\"@id\":\"https:\/\/www.heartfailurematters.org\/de\/fuer-pflegende-angehoerige\/ernaehrung\/#breadcrumb\",\"itemListElement\":[{\"@type\":\"ListItem\",\"position\":1,\"name\":\"Startseite\",\"item\":\"https:\/\/www.heartfailurematters.org\/de\/\"},{\"@type\":\"ListItem\",\"position\":2,\"name\":\"F\u00fcr Betreuer\",\"item\":\"https:\/\/www.heartfailurematters.org\/de\/fuer-pflegende-angehoerige\/\"},{\"@type\":\"ListItem\",\"position\":3,\"name\":\"Ern\u00e4hrung\"}]},{\"@type\":\"WebSite\",\"@id\":\"https:\/\/www.heartfailurematters.org\/de\/#website\",\"url\":\"https:\/\/www.heartfailurematters.org\/de\/\",\"name\":\"Heart Failure Matters\",\"description\":\"Practical information for patients, families and caregivers.\",\"publisher\":{\"@id\":\"https:\/\/www.heartfailurematters.org\/de\/#organization\"},\"potentialAction\":[{\"@type\":\"SearchAction\",\"target\":{\"@type\":\"EntryPoint\",\"urlTemplate\":\"https:\/\/www.heartfailurematters.org\/de\/?s={search_term_string}\"},\"query-input\":{\"@type\":\"PropertyValueSpecification\",\"valueRequired\":true,\"valueName\":\"search_term_string\"}}],\"inLanguage\":\"de\"},{\"@type\":\"Organization\",\"@id\":\"https:\/\/www.heartfailurematters.org\/de\/#organization\",\"name\":\"Heart Failure Matters\",\"url\":\"https:\/\/www.heartfailurematters.org\/de\/\",\"logo\":{\"@type\":\"ImageObject\",\"inLanguage\":\"de\",\"@id\":\"https:\/\/www.heartfailurematters.org\/de\/#\/schema\/logo\/image\/\",\"url\":\"https:\/\/cdn-endpoint-hfm.azureedge.net\/heartfailurematters\/2024\/07\/hfm-logo1.jpg\",\"contentUrl\":\"https:\/\/cdn-endpoint-hfm.azureedge.net\/heartfailurematters\/2024\/07\/hfm-logo1.jpg\",\"width\":1280,\"height\":720,\"caption\":\"Heart Failure Matters\"},\"image\":{\"@id\":\"https:\/\/www.heartfailurematters.org\/de\/#\/schema\/logo\/image\/\"},\"sameAs\":[\"https:\/\/www.facebook.com\/heartfailurematters\"]}]}<\/script>\n<!-- \/ Yoast SEO plugin. -->","yoast_head_json":{"title":"Ern\u00e4hrung","description":"Eine ausgewogene Ern\u00e4hrung, wie vom Arzt, dem Pflegepersonal oder dem Ern\u00e4hrungsberater empfohlen, wird Ihrem Partner oder Familienmitglied helfen, sich besser zu f\u00fchlen, seine Herzinsuffizienzsymptome zu kontrollieren und m\u00f6glicherweise sein Energielevel zu steigern.","robots":{"index":"index","follow":"follow","max-snippet":"max-snippet:-1","max-image-preview":"max-image-preview:large","max-video-preview":"max-video-preview:-1"},"canonical":"https:\/\/www.heartfailurematters.org\/de\/fuer-pflegende-angehoerige\/ernaehrung\/","og_locale":"de_DE","og_type":"article","og_title":"Ern\u00e4hrung","og_description":"Eine ausgewogene Ern\u00e4hrung, wie vom Arzt, dem Pflegepersonal oder dem Ern\u00e4hrungsberater empfohlen, wird Ihrem Partner oder Familienmitglied helfen, sich besser zu f\u00fchlen, seine Herzinsuffizienzsymptome zu kontrollieren und m\u00f6glicherweise sein Energielevel zu steigern.","og_url":"https:\/\/www.heartfailurematters.org\/de\/fuer-pflegende-angehoerige\/ernaehrung\/","og_site_name":"Heart Failure Matters","article_publisher":"https:\/\/www.facebook.com\/heartfailurematters","og_image":[{"width":900,"height":599,"url":"https:\/\/www.heartfailurematters.org\/wp-content\/uploads\/2022\/03\/shutterstock_1130328140-1-min.jpg","type":"image\/jpeg"}],"twitter_card":"summary_large_image","twitter_misc":{"Gesch\u00e4tzte Lesezeit":"1\u00a0Minute"},"schema":{"@context":"https:\/\/schema.org","@graph":[{"@type":"WebPage","@id":"https:\/\/www.heartfailurematters.org\/de\/fuer-pflegende-angehoerige\/ernaehrung\/","url":"https:\/\/www.heartfailurematters.org\/de\/fuer-pflegende-angehoerige\/ernaehrung\/","name":"Ern\u00e4hrung","isPartOf":{"@id":"https:\/\/www.heartfailurematters.org\/de\/#website"},"primaryImageOfPage":{"@id":"https:\/\/www.heartfailurematters.org\/de\/fuer-pflegende-angehoerige\/ernaehrung\/#primaryimage"},"image":{"@id":"https:\/\/www.heartfailurematters.org\/de\/fuer-pflegende-angehoerige\/ernaehrung\/#primaryimage"},"thumbnailUrl":"https:\/\/www.heartfailurematters.org\/wp-content\/uploads\/2022\/03\/shutterstock_1130328140-1-min.jpg","datePublished":"2021-01-27T22:01:04+00:00","description":"Eine ausgewogene Ern\u00e4hrung, wie vom Arzt, dem Pflegepersonal oder dem Ern\u00e4hrungsberater empfohlen, wird Ihrem Partner oder Familienmitglied helfen, sich besser zu f\u00fchlen, seine Herzinsuffizienzsymptome zu kontrollieren und m\u00f6glicherweise sein Energielevel zu steigern.","breadcrumb":{"@id":"https:\/\/www.heartfailurematters.org\/de\/fuer-pflegende-angehoerige\/ernaehrung\/#breadcrumb"},"inLanguage":"de","potentialAction":[{"@type":"ReadAction","target":["https:\/\/www.heartfailurematters.org\/de\/fuer-pflegende-angehoerige\/ernaehrung\/"]}]},{"@type":"ImageObject","inLanguage":"de","@id":"https:\/\/www.heartfailurematters.org\/de\/fuer-pflegende-angehoerige\/ernaehrung\/#primaryimage","url":"https:\/\/www.heartfailurematters.org\/wp-content\/uploads\/2022\/03\/shutterstock_1130328140-1-min.jpg","contentUrl":"https:\/\/www.heartfailurematters.org\/wp-content\/uploads\/2022\/03\/shutterstock_1130328140-1-min.jpg","width":900,"height":599},{"@type":"BreadcrumbList","@id":"https:\/\/www.heartfailurematters.org\/de\/fuer-pflegende-angehoerige\/ernaehrung\/#breadcrumb","itemListElement":[{"@type":"ListItem","position":1,"name":"Startseite","item":"https:\/\/www.heartfailurematters.org\/de\/"},{"@type":"ListItem","position":2,"name":"F\u00fcr Betreuer","item":"https:\/\/www.heartfailurematters.org\/de\/fuer-pflegende-angehoerige\/"},{"@type":"ListItem","position":3,"name":"Ern\u00e4hrung"}]},{"@type":"WebSite","@id":"https:\/\/www.heartfailurematters.org\/de\/#website","url":"https:\/\/www.heartfailurematters.org\/de\/","name":"Heart Failure Matters","description":"Practical information for patients, families and caregivers.","publisher":{"@id":"https:\/\/www.heartfailurematters.org\/de\/#organization"},"potentialAction":[{"@type":"SearchAction","target":{"@type":"EntryPoint","urlTemplate":"https:\/\/www.heartfailurematters.org\/de\/?s={search_term_string}"},"query-input":{"@type":"PropertyValueSpecification","valueRequired":true,"valueName":"search_term_string"}}],"inLanguage":"de"},{"@type":"Organization","@id":"https:\/\/www.heartfailurematters.org\/de\/#organization","name":"Heart Failure Matters","url":"https:\/\/www.heartfailurematters.org\/de\/","logo":{"@type":"ImageObject","inLanguage":"de","@id":"https:\/\/www.heartfailurematters.org\/de\/#\/schema\/logo\/image\/","url":"https:\/\/cdn-endpoint-hfm.azureedge.net\/heartfailurematters\/2024\/07\/hfm-logo1.jpg","contentUrl":"https:\/\/cdn-endpoint-hfm.azureedge.net\/heartfailurematters\/2024\/07\/hfm-logo1.jpg","width":1280,"height":720,"caption":"Heart Failure Matters"},"image":{"@id":"https:\/\/www.heartfailurematters.org\/de\/#\/schema\/logo\/image\/"},"sameAs":["https:\/\/www.facebook.com\/heartfailurematters"]}]}},"_links":{"self":[{"href":"https:\/\/www.heartfailurematters.org\/de\/wp-json\/wp\/v2\/pages\/1564","targetHints":{"allow":["GET"]}}],"collection":[{"href":"https:\/\/www.heartfailurematters.org\/de\/wp-json\/wp\/v2\/pages"}],"about":[{"href":"https:\/\/www.heartfailurematters.org\/de\/wp-json\/wp\/v2\/types\/page"}],"author":[{"embeddable":true,"href":"https:\/\/www.heartfailurematters.org\/de\/wp-json\/wp\/v2\/users\/1"}],"replies":[{"embeddable":true,"href":"https:\/\/www.heartfailurematters.org\/de\/wp-json\/wp\/v2\/comments?post=1564"}],"version-history":[{"count":0,"href":"https:\/\/www.heartfailurematters.org\/de\/wp-json\/wp\/v2\/pages\/1564\/revisions"}],"up":[{"embeddable":true,"href":"https:\/\/www.heartfailurematters.org\/de\/wp-json\/wp\/v2\/pages\/2842"}],"wp:featuredmedia":[{"embeddable":true,"href":"https:\/\/www.heartfailurematters.org\/de\/wp-json\/wp\/v2\/media\/10995"}],"wp:attachment":[{"href":"https:\/\/www.heartfailurematters.org\/de\/wp-json\/wp\/v2\/media?parent=1564"}],"wp:term":[{"taxonomy":"category","embeddable":true,"href":"https:\/\/www.heartfailurematters.org\/de\/wp-json\/wp\/v2\/categories?post=1564"},{"taxonomy":"post_tag","embeddable":true,"href":"https:\/\/www.heartfailurematters.org\/de\/wp-json\/wp\/v2\/tags?post=1564"}],"curies":[{"name":"wp","href":"https:\/\/api.w.org\/{rel}","templated":true}]}}