{"id":1562,"date":"2021-01-27T22:01:04","date_gmt":"2021-01-27T22:01:04","guid":{"rendered":"http:\/\/heartfailurematters.local:8888\/autoren-und-inhalt\/"},"modified":"2026-02-02T14:06:56","modified_gmt":"2026-02-02T14:06:56","slug":"autoren-und-inhalt","status":"publish","type":"page","link":"https:\/\/www.heartfailurematters.org\/de\/autoren-und-inhalt\/","title":{"rendered":"Autoren und Inhalt"},"content":{"rendered":"<p>Die Website <em><strong>heartfailurematters.org<\/strong><\/em> wurde unter der Leitung der <a title=\"Heart Failure Association der European Society of Cardiology\" href=\"https:\/\/www.escardio.org\/HFA\" target=\"_blank\" rel=\"noopener\">Heart Failure Association der European Society of Cardiology<\/a> (HFA der ESC) erstellt.<\/p>\n<p>Diese Website enth\u00e4lt Originalinhalte, die auf Empfehlungen der <strong>Praxisleitlinien der European Society of Cardiology<\/strong> basieren. Das ESC-Patientenforum hat zu den Inhalten beigetragen.<\/p>\n<h2>Heart Failure Matters Ausschuss \u2013 Mandat: 2024-2026<\/h2>\n<p><strong>Vorsitzender:<\/strong> Prof. Stefan Stoerk (Deutschland)<br \/>\n<strong>Stellvertreter:<\/strong> Prof. Kenneth Dickstein (Norwegen)<\/p>\n<p>&nbsp;<\/p>\n<h3>Ausschussmitglieder:<\/h3>\n<ul>\n<li>Dr. Michela Barisone (Italien)<\/li>\n<li>Prof. Tiny Jaarsma (Schweden)<\/li>\n<li>Dr. Emmanouil Kampanieris (Griechenland)<\/li>\n<li>Prof. Mitja Lainscak (Slowenien)<\/li>\n<li>Dr. Michal Laufer-Perl (Israel)<\/li>\n<li>Mr. Michael Madigan (Irland)<\/li>\n<li>Mrs. Maggie Simpson (Vereinigtes K\u00f6nigreich)<\/li>\n<li>Prof. Hadi Skouri (Libanon)<\/li>\n<li>Prof. Mucio Tavares de Oliveira Junior (Brasilien)<\/li>\n<li>Dr. Styliani Vakrou (Griechenland)<\/li>\n<\/ul>\n<p><strong>Die Heart Failure Association m\u00f6chte die folgenden Kollegen f\u00fcr ihre Beitr\u00e4ge und Unterst\u00fctzung bei der Aktualisierung des Inhalts von <a href=\"https:\/\/www.heartfailurematters.org\/\" target=\"_blank\" rel=\"noopener\">heartfailurematters.org<\/a> w\u00fcrdigen.<\/strong><\/p>\n<ul>\n<li>Julia Begrambekova (Russland)<\/li>\n<li>Prof. Martin Cowie (Vereinigtes K\u00f6nigreich)<\/li>\n<li>Prof. Jelena Celuktiene (Litauen)<\/li>\n<li>Prof. Rudolf De Boer (Niederlande)<\/li>\n<li>Prof. Wolfram D\u00f6hner (Deutschland)<\/li>\n<li>Dr. Loreena Hill (Vereinigtes K\u00f6nigreich)<\/li>\n<li>Prof. Stephane Heymans (Niederlande)<\/li>\n<li>Prof. Ewa Jankowska (Polen)<\/li>\n<li>Prof. Tiny Jaarsma (Schweden)<\/li>\n<li>Prof. Mitja Lainscak (Slowenien)<\/li>\n<li>Prof. Ekaterini Lambrinou<\/li>\n<li>Dr. Brenda Moura (Portugal)<\/li>\n<li>Prof. Wilfried Mullens (Belgien)<\/li>\n<li>Dr. Alejandro Recio Mayoral (Spanien)<\/li>\n<li>Prof. Frans Hendrik Rutten (Niederlande)<\/li>\n<li>Prof. Anna Stromberg (Schweden)<\/li>\n<li>Prof. Jean-Noel Trochu (Frankreich)<\/li>\n<li>Prof. Faiez Zannad (Frankreich)<\/li>\n<\/ul>\n<p><strong>Ein besonderer Dank gilt den Freiwilligen f\u00fcr ihre Zeit und ihre Teilnahme an der \u00dcberpr\u00fcfung der \u00dcbersetzung der Website:<\/strong><\/p>\n<ul>\n<li>Mrs. Anke Kampmann<\/li>\n<li>Mrs. Andreas Dirksen<\/li>\n<li>Prof. Stefan Stoerk<\/li>\n<li>Mrs. Elisabeth Winkelmann<\/li>\n<li>Miss Franziska Ottenbreit<\/li>\n<\/ul>\n<p>&nbsp;<\/p>\n","protected":false},"excerpt":{"rendered":"<p>Die Website heartfailurematters.org wurde unter der Leitung der Heart Failure Association der European Society of Cardiology (HFA der ESC) erstellt. Diese Website enth\u00e4lt Originalinhalte, die auf Empfehlungen der Praxisleitlinien der European Society of Cardiology basieren. Das ESC-Patientenforum hat zu den Inhalten beigetragen. Heart Failure Matters Ausschuss \u2013 Mandat: 2024-2026 Vorsitzender: Prof. Stefan Stoerk (Deutschland) Stellvertreter: [&hellip;]<\/p>\n","protected":false},"author":1,"featured_media":0,"parent":0,"menu_order":0,"comment_status":"open","ping_status":"open","template":"","meta":{"_acf_changed":false,"footnotes":""},"categories":[],"tags":[],"class_list":["post-1562","page","type-page","status-publish","hentry"],"acf":[],"yoast_head":"<!-- This site is optimized with the Yoast SEO plugin v24.8.1 - https:\/\/yoast.com\/wordpress\/plugins\/seo\/ -->\n<title>Autoren und Inhalte zum Thema Herzinsuffizienz<\/title>\n<meta name=\"description\" content=\"Die Website heartfailurematters.org wurde unter der Leitung der Heart Failure Association der European Society of Cardiology erstellt.\" \/>\n<meta name=\"robots\" content=\"index, follow, max-snippet:-1, max-image-preview:large, max-video-preview:-1\" \/>\n<link rel=\"canonical\" href=\"https:\/\/www.heartfailurematters.org\/de\/autoren-und-inhalt\/\" \/>\n<meta property=\"og:locale\" content=\"de_DE\" \/>\n<meta property=\"og:type\" content=\"article\" \/>\n<meta property=\"og:title\" content=\"Autoren und Inhalte zum Thema Herzinsuffizienz\" \/>\n<meta property=\"og:description\" content=\"Die Website heartfailurematters.org wurde unter der Leitung der Heart Failure Association der European Society of Cardiology erstellt.\" \/>\n<meta property=\"og:url\" content=\"https:\/\/www.heartfailurematters.org\/de\/autoren-und-inhalt\/\" \/>\n<meta property=\"og:site_name\" content=\"Heart Failure Matters\" \/>\n<meta property=\"article:publisher\" content=\"https:\/\/www.facebook.com\/heartfailurematters\" \/>\n<meta property=\"article:modified_time\" content=\"2026-02-02T14:06:56+00:00\" \/>\n<meta name=\"twitter:card\" content=\"summary_large_image\" \/>\n<meta name=\"twitter:label1\" content=\"Gesch\u00e4tzte Lesezeit\" \/>\n\t<meta name=\"twitter:data1\" content=\"2\u00a0Minuten\" \/>\n<script type=\"application\/ld+json\" class=\"yoast-schema-graph\">{\"@context\":\"https:\/\/schema.org\",\"@graph\":[{\"@type\":\"WebPage\",\"@id\":\"https:\/\/www.heartfailurematters.org\/de\/autoren-und-inhalt\/\",\"url\":\"https:\/\/www.heartfailurematters.org\/de\/autoren-und-inhalt\/\",\"name\":\"Autoren und Inhalte zum Thema Herzinsuffizienz\",\"isPartOf\":{\"@id\":\"https:\/\/www.heartfailurematters.org\/de\/#website\"},\"datePublished\":\"2021-01-27T22:01:04+00:00\",\"dateModified\":\"2026-02-02T14:06:56+00:00\",\"description\":\"Die Website heartfailurematters.org wurde unter der Leitung der Heart Failure Association der European Society of Cardiology erstellt.\",\"breadcrumb\":{\"@id\":\"https:\/\/www.heartfailurematters.org\/de\/autoren-und-inhalt\/#breadcrumb\"},\"inLanguage\":\"de\",\"potentialAction\":[{\"@type\":\"ReadAction\",\"target\":[\"https:\/\/www.heartfailurematters.org\/de\/autoren-und-inhalt\/\"]}]},{\"@type\":\"BreadcrumbList\",\"@id\":\"https:\/\/www.heartfailurematters.org\/de\/autoren-und-inhalt\/#breadcrumb\",\"itemListElement\":[{\"@type\":\"ListItem\",\"position\":1,\"name\":\"Startseite\",\"item\":\"https:\/\/www.heartfailurematters.org\/de\/\"},{\"@type\":\"ListItem\",\"position\":2,\"name\":\"Autoren und Inhalt\"}]},{\"@type\":\"WebSite\",\"@id\":\"https:\/\/www.heartfailurematters.org\/de\/#website\",\"url\":\"https:\/\/www.heartfailurematters.org\/de\/\",\"name\":\"Heart Failure Matters\",\"description\":\"Practical information for patients, families and caregivers.\",\"publisher\":{\"@id\":\"https:\/\/www.heartfailurematters.org\/de\/#organization\"},\"potentialAction\":[{\"@type\":\"SearchAction\",\"target\":{\"@type\":\"EntryPoint\",\"urlTemplate\":\"https:\/\/www.heartfailurematters.org\/de\/?s={search_term_string}\"},\"query-input\":{\"@type\":\"PropertyValueSpecification\",\"valueRequired\":true,\"valueName\":\"search_term_string\"}}],\"inLanguage\":\"de\"},{\"@type\":\"Organization\",\"@id\":\"https:\/\/www.heartfailurematters.org\/de\/#organization\",\"name\":\"Heart Failure Matters\",\"url\":\"https:\/\/www.heartfailurematters.org\/de\/\",\"logo\":{\"@type\":\"ImageObject\",\"inLanguage\":\"de\",\"@id\":\"https:\/\/www.heartfailurematters.org\/de\/#\/schema\/logo\/image\/\",\"url\":\"https:\/\/cdn-endpoint-hfm.azureedge.net\/heartfailurematters\/2024\/07\/hfm-logo1.jpg\",\"contentUrl\":\"https:\/\/cdn-endpoint-hfm.azureedge.net\/heartfailurematters\/2024\/07\/hfm-logo1.jpg\",\"width\":1280,\"height\":720,\"caption\":\"Heart Failure Matters\"},\"image\":{\"@id\":\"https:\/\/www.heartfailurematters.org\/de\/#\/schema\/logo\/image\/\"},\"sameAs\":[\"https:\/\/www.facebook.com\/heartfailurematters\"]}]}<\/script>\n<!-- \/ Yoast SEO plugin. -->","yoast_head_json":{"title":"Autoren und Inhalte zum Thema Herzinsuffizienz","description":"Die Website heartfailurematters.org wurde unter der Leitung der Heart Failure Association der European Society of Cardiology erstellt.","robots":{"index":"index","follow":"follow","max-snippet":"max-snippet:-1","max-image-preview":"max-image-preview:large","max-video-preview":"max-video-preview:-1"},"canonical":"https:\/\/www.heartfailurematters.org\/de\/autoren-und-inhalt\/","og_locale":"de_DE","og_type":"article","og_title":"Autoren und Inhalte zum Thema Herzinsuffizienz","og_description":"Die Website heartfailurematters.org wurde unter der Leitung der Heart Failure Association der European Society of Cardiology erstellt.","og_url":"https:\/\/www.heartfailurematters.org\/de\/autoren-und-inhalt\/","og_site_name":"Heart Failure Matters","article_publisher":"https:\/\/www.facebook.com\/heartfailurematters","article_modified_time":"2026-02-02T14:06:56+00:00","twitter_card":"summary_large_image","twitter_misc":{"Gesch\u00e4tzte Lesezeit":"2\u00a0Minuten"},"schema":{"@context":"https:\/\/schema.org","@graph":[{"@type":"WebPage","@id":"https:\/\/www.heartfailurematters.org\/de\/autoren-und-inhalt\/","url":"https:\/\/www.heartfailurematters.org\/de\/autoren-und-inhalt\/","name":"Autoren und Inhalte zum Thema Herzinsuffizienz","isPartOf":{"@id":"https:\/\/www.heartfailurematters.org\/de\/#website"},"datePublished":"2021-01-27T22:01:04+00:00","dateModified":"2026-02-02T14:06:56+00:00","description":"Die Website heartfailurematters.org wurde unter der Leitung der Heart Failure Association der European Society of Cardiology erstellt.","breadcrumb":{"@id":"https:\/\/www.heartfailurematters.org\/de\/autoren-und-inhalt\/#breadcrumb"},"inLanguage":"de","potentialAction":[{"@type":"ReadAction","target":["https:\/\/www.heartfailurematters.org\/de\/autoren-und-inhalt\/"]}]},{"@type":"BreadcrumbList","@id":"https:\/\/www.heartfailurematters.org\/de\/autoren-und-inhalt\/#breadcrumb","itemListElement":[{"@type":"ListItem","position":1,"name":"Startseite","item":"https:\/\/www.heartfailurematters.org\/de\/"},{"@type":"ListItem","position":2,"name":"Autoren und Inhalt"}]},{"@type":"WebSite","@id":"https:\/\/www.heartfailurematters.org\/de\/#website","url":"https:\/\/www.heartfailurematters.org\/de\/","name":"Heart Failure Matters","description":"Practical information for patients, families and caregivers.","publisher":{"@id":"https:\/\/www.heartfailurematters.org\/de\/#organization"},"potentialAction":[{"@type":"SearchAction","target":{"@type":"EntryPoint","urlTemplate":"https:\/\/www.heartfailurematters.org\/de\/?s={search_term_string}"},"query-input":{"@type":"PropertyValueSpecification","valueRequired":true,"valueName":"search_term_string"}}],"inLanguage":"de"},{"@type":"Organization","@id":"https:\/\/www.heartfailurematters.org\/de\/#organization","name":"Heart Failure Matters","url":"https:\/\/www.heartfailurematters.org\/de\/","logo":{"@type":"ImageObject","inLanguage":"de","@id":"https:\/\/www.heartfailurematters.org\/de\/#\/schema\/logo\/image\/","url":"https:\/\/cdn-endpoint-hfm.azureedge.net\/heartfailurematters\/2024\/07\/hfm-logo1.jpg","contentUrl":"https:\/\/cdn-endpoint-hfm.azureedge.net\/heartfailurematters\/2024\/07\/hfm-logo1.jpg","width":1280,"height":720,"caption":"Heart Failure Matters"},"image":{"@id":"https:\/\/www.heartfailurematters.org\/de\/#\/schema\/logo\/image\/"},"sameAs":["https:\/\/www.facebook.com\/heartfailurematters"]}]}},"_links":{"self":[{"href":"https:\/\/www.heartfailurematters.org\/de\/wp-json\/wp\/v2\/pages\/1562","targetHints":{"allow":["GET"]}}],"collection":[{"href":"https:\/\/www.heartfailurematters.org\/de\/wp-json\/wp\/v2\/pages"}],"about":[{"href":"https:\/\/www.heartfailurematters.org\/de\/wp-json\/wp\/v2\/types\/page"}],"author":[{"embeddable":true,"href":"https:\/\/www.heartfailurematters.org\/de\/wp-json\/wp\/v2\/users\/1"}],"replies":[{"embeddable":true,"href":"https:\/\/www.heartfailurematters.org\/de\/wp-json\/wp\/v2\/comments?post=1562"}],"version-history":[{"count":6,"href":"https:\/\/www.heartfailurematters.org\/de\/wp-json\/wp\/v2\/pages\/1562\/revisions"}],"predecessor-version":[{"id":13845,"href":"https:\/\/www.heartfailurematters.org\/de\/wp-json\/wp\/v2\/pages\/1562\/revisions\/13845"}],"wp:attachment":[{"href":"https:\/\/www.heartfailurematters.org\/de\/wp-json\/wp\/v2\/media?parent=1562"}],"wp:term":[{"taxonomy":"category","embeddable":true,"href":"https:\/\/www.heartfailurematters.org\/de\/wp-json\/wp\/v2\/categories?post=1562"},{"taxonomy":"post_tag","embeddable":true,"href":"https:\/\/www.heartfailurematters.org\/de\/wp-json\/wp\/v2\/tags?post=1562"}],"curies":[{"name":"wp","href":"https:\/\/api.w.org\/{rel}","templated":true}]}}