{"id":1552,"date":"2021-01-27T22:00:59","date_gmt":"2021-01-27T22:00:59","guid":{"rendered":"http:\/\/heartfailurematters.local:8888\/herzrasen\/"},"modified":"2021-02-16T15:11:23","modified_gmt":"2021-02-16T15:11:23","slug":"herzrasen","status":"publish","type":"page","link":"https:\/\/www.heartfailurematters.org\/de\/herzinsuffizienz-verstehen\/herzrasen\/","title":{"rendered":"Herzrasen"},"content":{"rendered":"<p><img decoding=\"async\" class=\"alignleft size-full wp-image-6777\" src=\"https:\/\/www.heartfailurematters.org\/wp-content\/uploads\/2021\/02\/rapid-heart-rate.jpg\" alt=\"\" width=\"211\" height=\"206\" \/>Bei einer Herzinsuffizienz versucht das Herz, die mangelhafte Pumpkraft zu <strong>kompensieren <\/strong>indem es schneller schl\u00e4gt (<strong>Tachykardie<\/strong>) um die Blutversorgung des K\u00f6rpers auf gleichem Niveau zu halten.<\/p>\n<p>Diese erh\u00f6hte Herzfrequenz kann bisweilen unregelm\u00e4\u00dfig sein und <strong>Palpitationen <\/strong>hervorrufen, sodass Sie ein Herzrasen oder Herzklopfen versp\u00fcren. Solche Palpitationen sollten Sie mit Ihrem Arzt oder der Sie betreuenden Pflegekraft besprechen.<\/p>\n<p>&nbsp;<\/p>\n<h2>Animation<\/h2>\n<p>&nbsp;<\/p>\n<table border=\"1\" width=\"100%\" cellspacing=\"0\" cellpadding=\"0\">\n<tbody>\n<tr>\n<td style=\"width: 25%;\"><a class=\"lightview\" title=\"Animation - How the heart and body adapt in heart failure\" href=\"https:\/\/www.youtube.com\/embed\/op-AB56sZn0?hl=en_UK&amp;autoplay=1;&amp;version=3&amp;rel=0&amp;showinfo=0\" data-lightview-options=\"width: 620, height: 450\" data-lightview-title=\"How the heart and body adapt in heart failure\"><img decoding=\"async\" class=\"alignleft size-full wp-image-5031\" src=\"https:\/\/www.heartfailurematters.org\/wp-content\/uploads\/2021\/02\/03-animation.jpg\" alt=\"\" width=\"180\" height=\"130\" \/><\/a><\/td>\n<td style=\"text-align: left; vertical-align: middle; width: 75%;\">\u00a0Animation, die erkl\u00e4rt, wie sich Herz und K\u00f6rper bei Herzinsuffizienz anpassen.<\/td>\n<\/tr>\n<\/tbody>\n<\/table>\n<p>&nbsp;<\/p>\n<p><a title=\"Return to Symptoms\" href=\"https:\/\/www.heartfailurematters.org\/de\/herzinsuffizienz-verstehen\/symptome-der-herzinsuffizienz\/\">Zur\u00fcck zu den Symptomen.<\/a><\/p>\n","protected":false},"excerpt":{"rendered":"<p>Bei einer Herzinsuffizienz versucht das Herz, die mangelhafte Pumpkraft zu kompensieren indem es schneller schl\u00e4gt (Tachykardie) um die Blutversorgung des K\u00f6rpers auf gleichem Niveau zu halten. Diese erh\u00f6hte Herzfrequenz kann bisweilen unregelm\u00e4\u00dfig sein und Palpitationen hervorrufen, sodass Sie ein Herzrasen oder Herzklopfen versp\u00fcren. Solche Palpitationen sollten Sie mit Ihrem Arzt oder der Sie betreuenden Pflegekraft [&hellip;]<\/p>\n","protected":false},"author":1,"featured_media":0,"parent":1371,"menu_order":0,"comment_status":"open","ping_status":"open","template":"","meta":{"_acf_changed":false,"footnotes":""},"categories":[],"tags":[],"class_list":["post-1552","page","type-page","status-publish","hentry"],"acf":[],"yoast_head":"<!-- This site is optimized with the Yoast SEO plugin v24.8.1 - https:\/\/yoast.com\/wordpress\/plugins\/seo\/ -->\n<title>Herzrasen<\/title>\n<meta name=\"description\" content=\"Ihr Herz versucht eine vorliegende Herzinsuffizienz durch schnelleres Schlagen zu kompensieren. In diesem animierten Video wird der Prozess einfach erkl\u00e4rt\" \/>\n<meta name=\"robots\" content=\"index, follow, max-snippet:-1, max-image-preview:large, max-video-preview:-1\" \/>\n<link rel=\"canonical\" href=\"https:\/\/www.heartfailurematters.org\/de\/herzinsuffizienz-verstehen\/herzrasen\/\" \/>\n<meta property=\"og:locale\" content=\"de_DE\" \/>\n<meta property=\"og:type\" content=\"article\" \/>\n<meta property=\"og:title\" content=\"Herzrasen\" \/>\n<meta property=\"og:description\" content=\"Ihr Herz versucht eine vorliegende Herzinsuffizienz durch schnelleres Schlagen zu kompensieren. In diesem animierten Video wird der Prozess einfach erkl\u00e4rt\" \/>\n<meta property=\"og:url\" content=\"https:\/\/www.heartfailurematters.org\/de\/herzinsuffizienz-verstehen\/herzrasen\/\" \/>\n<meta property=\"og:site_name\" content=\"Heart Failure Matters\" \/>\n<meta property=\"article:publisher\" content=\"https:\/\/www.facebook.com\/heartfailurematters\" \/>\n<meta property=\"article:modified_time\" content=\"2021-02-16T15:11:23+00:00\" \/>\n<meta property=\"og:image\" content=\"https:\/\/www.heartfailurematters.org\/wp-content\/uploads\/2021\/02\/rapid-heart-rate.jpg\" \/>\n<meta name=\"twitter:card\" content=\"summary_large_image\" \/>\n<meta name=\"twitter:label1\" content=\"Gesch\u00e4tzte Lesezeit\" \/>\n\t<meta name=\"twitter:data1\" content=\"1\u00a0Minute\" \/>\n<script type=\"application\/ld+json\" class=\"yoast-schema-graph\">{\"@context\":\"https:\/\/schema.org\",\"@graph\":[{\"@type\":\"WebPage\",\"@id\":\"https:\/\/www.heartfailurematters.org\/de\/herzinsuffizienz-verstehen\/herzrasen\/\",\"url\":\"https:\/\/www.heartfailurematters.org\/de\/herzinsuffizienz-verstehen\/herzrasen\/\",\"name\":\"Herzrasen\",\"isPartOf\":{\"@id\":\"https:\/\/www.heartfailurematters.org\/de\/#website\"},\"primaryImageOfPage\":{\"@id\":\"https:\/\/www.heartfailurematters.org\/de\/herzinsuffizienz-verstehen\/herzrasen\/#primaryimage\"},\"image\":{\"@id\":\"https:\/\/www.heartfailurematters.org\/de\/herzinsuffizienz-verstehen\/herzrasen\/#primaryimage\"},\"thumbnailUrl\":\"https:\/\/www.heartfailurematters.org\/wp-content\/uploads\/2021\/02\/rapid-heart-rate.jpg\",\"datePublished\":\"2021-01-27T22:00:59+00:00\",\"dateModified\":\"2021-02-16T15:11:23+00:00\",\"description\":\"Ihr Herz versucht eine vorliegende Herzinsuffizienz durch schnelleres Schlagen zu kompensieren. In diesem animierten Video wird der Prozess einfach erkl\u00e4rt\",\"breadcrumb\":{\"@id\":\"https:\/\/www.heartfailurematters.org\/de\/herzinsuffizienz-verstehen\/herzrasen\/#breadcrumb\"},\"inLanguage\":\"de\",\"potentialAction\":[{\"@type\":\"ReadAction\",\"target\":[\"https:\/\/www.heartfailurematters.org\/de\/herzinsuffizienz-verstehen\/herzrasen\/\"]}]},{\"@type\":\"ImageObject\",\"inLanguage\":\"de\",\"@id\":\"https:\/\/www.heartfailurematters.org\/de\/herzinsuffizienz-verstehen\/herzrasen\/#primaryimage\",\"url\":\"https:\/\/www.heartfailurematters.org\/wp-content\/uploads\/2021\/02\/rapid-heart-rate.jpg\",\"contentUrl\":\"https:\/\/www.heartfailurematters.org\/wp-content\/uploads\/2021\/02\/rapid-heart-rate.jpg\"},{\"@type\":\"BreadcrumbList\",\"@id\":\"https:\/\/www.heartfailurematters.org\/de\/herzinsuffizienz-verstehen\/herzrasen\/#breadcrumb\",\"itemListElement\":[{\"@type\":\"ListItem\",\"position\":1,\"name\":\"Startseite\",\"item\":\"https:\/\/www.heartfailurematters.org\/de\/\"},{\"@type\":\"ListItem\",\"position\":2,\"name\":\"Herzinsuffizienz verstehen\",\"item\":\"https:\/\/www.heartfailurematters.org\/de\/herzinsuffizienz-verstehen\/\"},{\"@type\":\"ListItem\",\"position\":3,\"name\":\"Herzrasen\"}]},{\"@type\":\"WebSite\",\"@id\":\"https:\/\/www.heartfailurematters.org\/de\/#website\",\"url\":\"https:\/\/www.heartfailurematters.org\/de\/\",\"name\":\"Heart Failure Matters\",\"description\":\"Practical information for patients, families and caregivers.\",\"publisher\":{\"@id\":\"https:\/\/www.heartfailurematters.org\/de\/#organization\"},\"potentialAction\":[{\"@type\":\"SearchAction\",\"target\":{\"@type\":\"EntryPoint\",\"urlTemplate\":\"https:\/\/www.heartfailurematters.org\/de\/?s={search_term_string}\"},\"query-input\":{\"@type\":\"PropertyValueSpecification\",\"valueRequired\":true,\"valueName\":\"search_term_string\"}}],\"inLanguage\":\"de\"},{\"@type\":\"Organization\",\"@id\":\"https:\/\/www.heartfailurematters.org\/de\/#organization\",\"name\":\"Heart Failure Matters\",\"url\":\"https:\/\/www.heartfailurematters.org\/de\/\",\"logo\":{\"@type\":\"ImageObject\",\"inLanguage\":\"de\",\"@id\":\"https:\/\/www.heartfailurematters.org\/de\/#\/schema\/logo\/image\/\",\"url\":\"https:\/\/cdn-endpoint-hfm.azureedge.net\/heartfailurematters\/2024\/07\/hfm-logo1.jpg\",\"contentUrl\":\"https:\/\/cdn-endpoint-hfm.azureedge.net\/heartfailurematters\/2024\/07\/hfm-logo1.jpg\",\"width\":1280,\"height\":720,\"caption\":\"Heart Failure Matters\"},\"image\":{\"@id\":\"https:\/\/www.heartfailurematters.org\/de\/#\/schema\/logo\/image\/\"},\"sameAs\":[\"https:\/\/www.facebook.com\/heartfailurematters\"]}]}<\/script>\n<!-- \/ Yoast SEO plugin. -->","yoast_head_json":{"title":"Herzrasen","description":"Ihr Herz versucht eine vorliegende Herzinsuffizienz durch schnelleres Schlagen zu kompensieren. In diesem animierten Video wird der Prozess einfach erkl\u00e4rt","robots":{"index":"index","follow":"follow","max-snippet":"max-snippet:-1","max-image-preview":"max-image-preview:large","max-video-preview":"max-video-preview:-1"},"canonical":"https:\/\/www.heartfailurematters.org\/de\/herzinsuffizienz-verstehen\/herzrasen\/","og_locale":"de_DE","og_type":"article","og_title":"Herzrasen","og_description":"Ihr Herz versucht eine vorliegende Herzinsuffizienz durch schnelleres Schlagen zu kompensieren. In diesem animierten Video wird der Prozess einfach erkl\u00e4rt","og_url":"https:\/\/www.heartfailurematters.org\/de\/herzinsuffizienz-verstehen\/herzrasen\/","og_site_name":"Heart Failure Matters","article_publisher":"https:\/\/www.facebook.com\/heartfailurematters","article_modified_time":"2021-02-16T15:11:23+00:00","og_image":[{"url":"https:\/\/www.heartfailurematters.org\/wp-content\/uploads\/2021\/02\/rapid-heart-rate.jpg","type":"","width":"","height":""}],"twitter_card":"summary_large_image","twitter_misc":{"Gesch\u00e4tzte Lesezeit":"1\u00a0Minute"},"schema":{"@context":"https:\/\/schema.org","@graph":[{"@type":"WebPage","@id":"https:\/\/www.heartfailurematters.org\/de\/herzinsuffizienz-verstehen\/herzrasen\/","url":"https:\/\/www.heartfailurematters.org\/de\/herzinsuffizienz-verstehen\/herzrasen\/","name":"Herzrasen","isPartOf":{"@id":"https:\/\/www.heartfailurematters.org\/de\/#website"},"primaryImageOfPage":{"@id":"https:\/\/www.heartfailurematters.org\/de\/herzinsuffizienz-verstehen\/herzrasen\/#primaryimage"},"image":{"@id":"https:\/\/www.heartfailurematters.org\/de\/herzinsuffizienz-verstehen\/herzrasen\/#primaryimage"},"thumbnailUrl":"https:\/\/www.heartfailurematters.org\/wp-content\/uploads\/2021\/02\/rapid-heart-rate.jpg","datePublished":"2021-01-27T22:00:59+00:00","dateModified":"2021-02-16T15:11:23+00:00","description":"Ihr Herz versucht eine vorliegende Herzinsuffizienz durch schnelleres Schlagen zu kompensieren. In diesem animierten Video wird der Prozess einfach erkl\u00e4rt","breadcrumb":{"@id":"https:\/\/www.heartfailurematters.org\/de\/herzinsuffizienz-verstehen\/herzrasen\/#breadcrumb"},"inLanguage":"de","potentialAction":[{"@type":"ReadAction","target":["https:\/\/www.heartfailurematters.org\/de\/herzinsuffizienz-verstehen\/herzrasen\/"]}]},{"@type":"ImageObject","inLanguage":"de","@id":"https:\/\/www.heartfailurematters.org\/de\/herzinsuffizienz-verstehen\/herzrasen\/#primaryimage","url":"https:\/\/www.heartfailurematters.org\/wp-content\/uploads\/2021\/02\/rapid-heart-rate.jpg","contentUrl":"https:\/\/www.heartfailurematters.org\/wp-content\/uploads\/2021\/02\/rapid-heart-rate.jpg"},{"@type":"BreadcrumbList","@id":"https:\/\/www.heartfailurematters.org\/de\/herzinsuffizienz-verstehen\/herzrasen\/#breadcrumb","itemListElement":[{"@type":"ListItem","position":1,"name":"Startseite","item":"https:\/\/www.heartfailurematters.org\/de\/"},{"@type":"ListItem","position":2,"name":"Herzinsuffizienz verstehen","item":"https:\/\/www.heartfailurematters.org\/de\/herzinsuffizienz-verstehen\/"},{"@type":"ListItem","position":3,"name":"Herzrasen"}]},{"@type":"WebSite","@id":"https:\/\/www.heartfailurematters.org\/de\/#website","url":"https:\/\/www.heartfailurematters.org\/de\/","name":"Heart Failure Matters","description":"Practical information for patients, families and caregivers.","publisher":{"@id":"https:\/\/www.heartfailurematters.org\/de\/#organization"},"potentialAction":[{"@type":"SearchAction","target":{"@type":"EntryPoint","urlTemplate":"https:\/\/www.heartfailurematters.org\/de\/?s={search_term_string}"},"query-input":{"@type":"PropertyValueSpecification","valueRequired":true,"valueName":"search_term_string"}}],"inLanguage":"de"},{"@type":"Organization","@id":"https:\/\/www.heartfailurematters.org\/de\/#organization","name":"Heart Failure Matters","url":"https:\/\/www.heartfailurematters.org\/de\/","logo":{"@type":"ImageObject","inLanguage":"de","@id":"https:\/\/www.heartfailurematters.org\/de\/#\/schema\/logo\/image\/","url":"https:\/\/cdn-endpoint-hfm.azureedge.net\/heartfailurematters\/2024\/07\/hfm-logo1.jpg","contentUrl":"https:\/\/cdn-endpoint-hfm.azureedge.net\/heartfailurematters\/2024\/07\/hfm-logo1.jpg","width":1280,"height":720,"caption":"Heart Failure Matters"},"image":{"@id":"https:\/\/www.heartfailurematters.org\/de\/#\/schema\/logo\/image\/"},"sameAs":["https:\/\/www.facebook.com\/heartfailurematters"]}]}},"_links":{"self":[{"href":"https:\/\/www.heartfailurematters.org\/de\/wp-json\/wp\/v2\/pages\/1552","targetHints":{"allow":["GET"]}}],"collection":[{"href":"https:\/\/www.heartfailurematters.org\/de\/wp-json\/wp\/v2\/pages"}],"about":[{"href":"https:\/\/www.heartfailurematters.org\/de\/wp-json\/wp\/v2\/types\/page"}],"author":[{"embeddable":true,"href":"https:\/\/www.heartfailurematters.org\/de\/wp-json\/wp\/v2\/users\/1"}],"replies":[{"embeddable":true,"href":"https:\/\/www.heartfailurematters.org\/de\/wp-json\/wp\/v2\/comments?post=1552"}],"version-history":[{"count":1,"href":"https:\/\/www.heartfailurematters.org\/de\/wp-json\/wp\/v2\/pages\/1552\/revisions"}],"predecessor-version":[{"id":6791,"href":"https:\/\/www.heartfailurematters.org\/de\/wp-json\/wp\/v2\/pages\/1552\/revisions\/6791"}],"up":[{"embeddable":true,"href":"https:\/\/www.heartfailurematters.org\/de\/wp-json\/wp\/v2\/pages\/1371"}],"wp:attachment":[{"href":"https:\/\/www.heartfailurematters.org\/de\/wp-json\/wp\/v2\/media?parent=1552"}],"wp:term":[{"taxonomy":"category","embeddable":true,"href":"https:\/\/www.heartfailurematters.org\/de\/wp-json\/wp\/v2\/categories?post=1552"},{"taxonomy":"post_tag","embeddable":true,"href":"https:\/\/www.heartfailurematters.org\/de\/wp-json\/wp\/v2\/tags?post=1552"}],"curies":[{"name":"wp","href":"https:\/\/api.w.org\/{rel}","templated":true}]}}