{"id":1549,"date":"2021-01-27T22:00:59","date_gmt":"2021-01-27T22:00:59","guid":{"rendered":"http:\/\/heartfailurematters.local:8888\/operativer-eingriff\/"},"modified":"2025-12-03T15:22:17","modified_gmt":"2025-12-03T15:22:17","slug":"operativer-eingriff","status":"publish","type":"page","link":"https:\/\/www.heartfailurematters.org\/de\/das-koennen-ihr-arzt-oder-pflegepersonal-tun\/operativer-eingriff\/","title":{"rendered":"Chirurgische Eingriffe"},"content":{"rendered":"<p>Manchmal ist ein operativer Eingriff am Herz n\u00f6tig. Eine Operation kann die Herzinsuffizienz lindern. Sie wird jedoch nur durchgef\u00fchrt, wenn der erwartete Nutzen des Eingriffs die Risiken \u00fcberwiegt.<\/p>\n<p>Zu den chirurgischen Eingriffen, die Ihre Herzinsuffizienz lindern k\u00f6nnen, z\u00e4hlen unter anderem eine <a class=\"addtooltip\" title=\"Koronararterien-Bypass-Transplantation (CABG): Ein chirurgisches Verfahren zur Umleitung des Blutflusses bei einer Engstelle in einer Koronararterie. Ein Blutgef\u00e4\u00df wird aus dem Bein oder der Brustwand entnommen und auf die erkrankte Arterie oberhalb und unterhalb der Blockade transplantiert.\"><strong>Koronararterien-Bypass-Operation<\/strong><\/a>, eine <a class=\"addtooltip\" title=\"Herzklappenoperation: Eine Operation zum Ersatz oder der Reparatur einer Herzklappe.\"><strong>Herzklappenoperation<\/strong><\/a> und eine <a class=\"addtooltip\" title=\"Herztransplantation: Ein chirurgischer Eingriff, bei dem einem k\u00fcrzlich verstorbenen Organspender ein gesundes Herz entnommen und einer Person mit Herzerkrankung implantiert wird.\"><strong>Herztransplantation<\/strong><\/a>. In Anbetracht der aktuellen medizinischen Fortschritte werden Operationen immer h\u00e4ufiger durchgef\u00fchrt.<\/p>\n<h2>Operationen und weitere Eingriffe<\/h2>\n<p>Je nach Ursache der Herzinsuffizienz oder dem Vorliegen anderer Herzerkrankungen kann eine Herzoperation erforderlich sein. Zu den chirurgischen Eingriffen z\u00e4hlen unter anderem eine Koronararterien-Bypass-Operation, eine Herzklappenersatzoperation und eine Herztransplantation. Aufgrund der aktuellen medizinischen Fortschritte und technischen Verbesserungen sind diese Operationen je nach der Ursache Ihrer Herzinsuffizienz heute eine g\u00e4ngige Behandlungsoption. Oftmals bietet sich heutzutage ein minimalinvasiver Eingriff an, um die Herzklappenprobleme ohne Operation am offenen Herz zu beheben. Das ist nicht so belastend f\u00fcr die Patienten und Patientinnen.<\/p>\n<p>Um sicherzustellen, dass Sie eine am besten f\u00fcr Sie geeignete Behandlung erhalten, wird ein Team f\u00fcr Herzmedizin bestehend aus \u00c4rztinnen und \u00c4rzten im Bereich Kardiologie, Herzchirurgie, An\u00e4sthesie und anderen medizinischen Fachkr\u00e4ften jeden Fall besprechen, bevor die beste Option f\u00fcr Sie ermittelt wird. Operationen und sonstige Eingriffe werden nur empfohlen, wenn der wahrscheinliche Nutzen des Verfahrens die Risiken \u00fcberwiegt. Diese \u00dcberlegungen sollten jeweils mit der Patientin\/dem Patienten und den Familienangeh\u00f6rigen besprochen werden.<\/p>\n<p>Klicken Sie auf einen der folgenden Links, um mehr \u00fcber die derzeit verf\u00fcgbaren chirurgischen Verfahren herauszufinden:<\/p>\n<ul>\n<li><a title=\"Koronararterien-Bypass-Operation (CABG)\" href=\"https:\/\/www.heartfailurematters.org\/what-your-doctor-can-do\/coronary-artery-bypass-grafting-cabg\/\">Koronararterien-Bypass-Operation (CABG)<\/a><\/li>\n<li><a title=\"Herzklappenchirurgie\" href=\"https:\/\/www.heartfailurematters.org\/what-your-doctor-can-do\/valve-surgery\/\">Herzklappenchirurgie<\/a><\/li>\n<li><a title=\"Herztransplantation\" href=\"https:\/\/www.heartfailurematters.org\/what-your-doctor-can-do\/heart-transplantation\/\">Herztransplantation<\/a><\/li>\n<\/ul>\n<p>&nbsp;<\/p>\n","protected":false},"excerpt":{"rendered":"<p>Manchmal ist ein operativer Eingriff am Herz n\u00f6tig. Eine Operation kann die Herzinsuffizienz lindern. Sie wird jedoch nur durchgef\u00fchrt, wenn der erwartete Nutzen des Eingriffs die Risiken \u00fcberwiegt. Zu den chirurgischen Eingriffen, die Ihre Herzinsuffizienz lindern k\u00f6nnen, z\u00e4hlen unter anderem eine Koronararterien-Bypass-Operation, eine Herzklappenoperation und eine Herztransplantation. In Anbetracht der aktuellen medizinischen Fortschritte werden Operationen [&hellip;]<\/p>\n","protected":false},"author":1,"featured_media":10934,"parent":2680,"menu_order":7,"comment_status":"open","ping_status":"closed","template":"","meta":{"_acf_changed":false,"footnotes":""},"categories":[145],"tags":[],"class_list":["post-1549","page","type-page","status-publish","has-post-thumbnail","hentry","category-what-can-your-doctor-do-de"],"acf":[],"yoast_head":"<!-- This site is optimized with the Yoast SEO plugin v24.8.1 - https:\/\/yoast.com\/wordpress\/plugins\/seo\/ -->\n<title>Chirurgische M\u00f6glichkeiten bei Herzinsuffizienz<\/title>\n<meta name=\"description\" content=\"Bei manchen Patientinnen und Patienten mit Herzinsuffizienz kann ein operativer Eingriff am Herz n\u00f6tig sein. Erfahren Sie mehr \u00fcber die derzeit verf\u00fcgbaren chirurgischen Verfahren\" \/>\n<meta name=\"robots\" content=\"index, follow, max-snippet:-1, max-image-preview:large, max-video-preview:-1\" \/>\n<link rel=\"canonical\" href=\"https:\/\/www.heartfailurematters.org\/de\/das-koennen-ihr-arzt-oder-pflegepersonal-tun\/operativer-eingriff\/\" \/>\n<meta property=\"og:locale\" content=\"de_DE\" \/>\n<meta property=\"og:type\" content=\"article\" \/>\n<meta property=\"og:title\" content=\"Chirurgische M\u00f6glichkeiten bei Herzinsuffizienz\" \/>\n<meta property=\"og:description\" content=\"Bei manchen Patientinnen und Patienten mit Herzinsuffizienz kann ein operativer Eingriff am Herz n\u00f6tig sein. Erfahren Sie mehr \u00fcber die derzeit verf\u00fcgbaren chirurgischen Verfahren\" \/>\n<meta property=\"og:url\" content=\"https:\/\/www.heartfailurematters.org\/de\/das-koennen-ihr-arzt-oder-pflegepersonal-tun\/operativer-eingriff\/\" \/>\n<meta property=\"og:site_name\" content=\"Heart Failure Matters\" \/>\n<meta property=\"article:publisher\" content=\"https:\/\/www.facebook.com\/heartfailurematters\" \/>\n<meta property=\"article:modified_time\" content=\"2025-12-03T15:22:17+00:00\" \/>\n<meta property=\"og:image\" content=\"https:\/\/www.heartfailurematters.org\/wp-content\/uploads\/2022\/03\/shutterstock_2073525971-1-min.jpg\" \/>\n\t<meta property=\"og:image:width\" content=\"900\" \/>\n\t<meta property=\"og:image:height\" content=\"559\" \/>\n\t<meta property=\"og:image:type\" content=\"image\/jpeg\" \/>\n<meta name=\"twitter:card\" content=\"summary_large_image\" \/>\n<meta name=\"twitter:label1\" content=\"Gesch\u00e4tzte Lesezeit\" \/>\n\t<meta name=\"twitter:data1\" content=\"1\u00a0Minute\" \/>\n<script type=\"application\/ld+json\" class=\"yoast-schema-graph\">{\"@context\":\"https:\/\/schema.org\",\"@graph\":[{\"@type\":\"WebPage\",\"@id\":\"https:\/\/www.heartfailurematters.org\/de\/das-koennen-ihr-arzt-oder-pflegepersonal-tun\/operativer-eingriff\/\",\"url\":\"https:\/\/www.heartfailurematters.org\/de\/das-koennen-ihr-arzt-oder-pflegepersonal-tun\/operativer-eingriff\/\",\"name\":\"Chirurgische M\u00f6glichkeiten bei Herzinsuffizienz\",\"isPartOf\":{\"@id\":\"https:\/\/www.heartfailurematters.org\/de\/#website\"},\"primaryImageOfPage\":{\"@id\":\"https:\/\/www.heartfailurematters.org\/de\/das-koennen-ihr-arzt-oder-pflegepersonal-tun\/operativer-eingriff\/#primaryimage\"},\"image\":{\"@id\":\"https:\/\/www.heartfailurematters.org\/de\/das-koennen-ihr-arzt-oder-pflegepersonal-tun\/operativer-eingriff\/#primaryimage\"},\"thumbnailUrl\":\"https:\/\/www.heartfailurematters.org\/wp-content\/uploads\/2022\/03\/shutterstock_2073525971-1-min.jpg\",\"datePublished\":\"2021-01-27T22:00:59+00:00\",\"dateModified\":\"2025-12-03T15:22:17+00:00\",\"description\":\"Bei manchen Patientinnen und Patienten mit Herzinsuffizienz kann ein operativer Eingriff am Herz n\u00f6tig sein. Erfahren Sie mehr \u00fcber die derzeit verf\u00fcgbaren chirurgischen Verfahren\",\"breadcrumb\":{\"@id\":\"https:\/\/www.heartfailurematters.org\/de\/das-koennen-ihr-arzt-oder-pflegepersonal-tun\/operativer-eingriff\/#breadcrumb\"},\"inLanguage\":\"de\",\"potentialAction\":[{\"@type\":\"ReadAction\",\"target\":[\"https:\/\/www.heartfailurematters.org\/de\/das-koennen-ihr-arzt-oder-pflegepersonal-tun\/operativer-eingriff\/\"]}]},{\"@type\":\"ImageObject\",\"inLanguage\":\"de\",\"@id\":\"https:\/\/www.heartfailurematters.org\/de\/das-koennen-ihr-arzt-oder-pflegepersonal-tun\/operativer-eingriff\/#primaryimage\",\"url\":\"https:\/\/www.heartfailurematters.org\/wp-content\/uploads\/2022\/03\/shutterstock_2073525971-1-min.jpg\",\"contentUrl\":\"https:\/\/www.heartfailurematters.org\/wp-content\/uploads\/2022\/03\/shutterstock_2073525971-1-min.jpg\",\"width\":900,\"height\":559},{\"@type\":\"BreadcrumbList\",\"@id\":\"https:\/\/www.heartfailurematters.org\/de\/das-koennen-ihr-arzt-oder-pflegepersonal-tun\/operativer-eingriff\/#breadcrumb\",\"itemListElement\":[{\"@type\":\"ListItem\",\"position\":1,\"name\":\"Startseite\",\"item\":\"https:\/\/www.heartfailurematters.org\/de\/\"},{\"@type\":\"ListItem\",\"position\":2,\"name\":\"Das kann Ihr Arzt tun\",\"item\":\"https:\/\/www.heartfailurematters.org\/de\/das-koennen-ihr-arzt-oder-pflegepersonal-tun\/\"},{\"@type\":\"ListItem\",\"position\":3,\"name\":\"Chirurgische Eingriffe\"}]},{\"@type\":\"WebSite\",\"@id\":\"https:\/\/www.heartfailurematters.org\/de\/#website\",\"url\":\"https:\/\/www.heartfailurematters.org\/de\/\",\"name\":\"Heart Failure Matters\",\"description\":\"Practical information for patients, families and caregivers.\",\"publisher\":{\"@id\":\"https:\/\/www.heartfailurematters.org\/de\/#organization\"},\"potentialAction\":[{\"@type\":\"SearchAction\",\"target\":{\"@type\":\"EntryPoint\",\"urlTemplate\":\"https:\/\/www.heartfailurematters.org\/de\/?s={search_term_string}\"},\"query-input\":{\"@type\":\"PropertyValueSpecification\",\"valueRequired\":true,\"valueName\":\"search_term_string\"}}],\"inLanguage\":\"de\"},{\"@type\":\"Organization\",\"@id\":\"https:\/\/www.heartfailurematters.org\/de\/#organization\",\"name\":\"Heart Failure Matters\",\"url\":\"https:\/\/www.heartfailurematters.org\/de\/\",\"logo\":{\"@type\":\"ImageObject\",\"inLanguage\":\"de\",\"@id\":\"https:\/\/www.heartfailurematters.org\/de\/#\/schema\/logo\/image\/\",\"url\":\"https:\/\/cdn-endpoint-hfm.azureedge.net\/heartfailurematters\/2024\/07\/hfm-logo1.jpg\",\"contentUrl\":\"https:\/\/cdn-endpoint-hfm.azureedge.net\/heartfailurematters\/2024\/07\/hfm-logo1.jpg\",\"width\":1280,\"height\":720,\"caption\":\"Heart Failure Matters\"},\"image\":{\"@id\":\"https:\/\/www.heartfailurematters.org\/de\/#\/schema\/logo\/image\/\"},\"sameAs\":[\"https:\/\/www.facebook.com\/heartfailurematters\"]}]}<\/script>\n<!-- \/ Yoast SEO plugin. -->","yoast_head_json":{"title":"Chirurgische M\u00f6glichkeiten bei Herzinsuffizienz","description":"Bei manchen Patientinnen und Patienten mit Herzinsuffizienz kann ein operativer Eingriff am Herz n\u00f6tig sein. Erfahren Sie mehr \u00fcber die derzeit verf\u00fcgbaren chirurgischen Verfahren","robots":{"index":"index","follow":"follow","max-snippet":"max-snippet:-1","max-image-preview":"max-image-preview:large","max-video-preview":"max-video-preview:-1"},"canonical":"https:\/\/www.heartfailurematters.org\/de\/das-koennen-ihr-arzt-oder-pflegepersonal-tun\/operativer-eingriff\/","og_locale":"de_DE","og_type":"article","og_title":"Chirurgische M\u00f6glichkeiten bei Herzinsuffizienz","og_description":"Bei manchen Patientinnen und Patienten mit Herzinsuffizienz kann ein operativer Eingriff am Herz n\u00f6tig sein. Erfahren Sie mehr \u00fcber die derzeit verf\u00fcgbaren chirurgischen Verfahren","og_url":"https:\/\/www.heartfailurematters.org\/de\/das-koennen-ihr-arzt-oder-pflegepersonal-tun\/operativer-eingriff\/","og_site_name":"Heart Failure Matters","article_publisher":"https:\/\/www.facebook.com\/heartfailurematters","article_modified_time":"2025-12-03T15:22:17+00:00","og_image":[{"width":900,"height":559,"url":"https:\/\/www.heartfailurematters.org\/wp-content\/uploads\/2022\/03\/shutterstock_2073525971-1-min.jpg","type":"image\/jpeg"}],"twitter_card":"summary_large_image","twitter_misc":{"Gesch\u00e4tzte Lesezeit":"1\u00a0Minute"},"schema":{"@context":"https:\/\/schema.org","@graph":[{"@type":"WebPage","@id":"https:\/\/www.heartfailurematters.org\/de\/das-koennen-ihr-arzt-oder-pflegepersonal-tun\/operativer-eingriff\/","url":"https:\/\/www.heartfailurematters.org\/de\/das-koennen-ihr-arzt-oder-pflegepersonal-tun\/operativer-eingriff\/","name":"Chirurgische M\u00f6glichkeiten bei Herzinsuffizienz","isPartOf":{"@id":"https:\/\/www.heartfailurematters.org\/de\/#website"},"primaryImageOfPage":{"@id":"https:\/\/www.heartfailurematters.org\/de\/das-koennen-ihr-arzt-oder-pflegepersonal-tun\/operativer-eingriff\/#primaryimage"},"image":{"@id":"https:\/\/www.heartfailurematters.org\/de\/das-koennen-ihr-arzt-oder-pflegepersonal-tun\/operativer-eingriff\/#primaryimage"},"thumbnailUrl":"https:\/\/www.heartfailurematters.org\/wp-content\/uploads\/2022\/03\/shutterstock_2073525971-1-min.jpg","datePublished":"2021-01-27T22:00:59+00:00","dateModified":"2025-12-03T15:22:17+00:00","description":"Bei manchen Patientinnen und Patienten mit Herzinsuffizienz kann ein operativer Eingriff am Herz n\u00f6tig sein. Erfahren Sie mehr \u00fcber die derzeit verf\u00fcgbaren chirurgischen Verfahren","breadcrumb":{"@id":"https:\/\/www.heartfailurematters.org\/de\/das-koennen-ihr-arzt-oder-pflegepersonal-tun\/operativer-eingriff\/#breadcrumb"},"inLanguage":"de","potentialAction":[{"@type":"ReadAction","target":["https:\/\/www.heartfailurematters.org\/de\/das-koennen-ihr-arzt-oder-pflegepersonal-tun\/operativer-eingriff\/"]}]},{"@type":"ImageObject","inLanguage":"de","@id":"https:\/\/www.heartfailurematters.org\/de\/das-koennen-ihr-arzt-oder-pflegepersonal-tun\/operativer-eingriff\/#primaryimage","url":"https:\/\/www.heartfailurematters.org\/wp-content\/uploads\/2022\/03\/shutterstock_2073525971-1-min.jpg","contentUrl":"https:\/\/www.heartfailurematters.org\/wp-content\/uploads\/2022\/03\/shutterstock_2073525971-1-min.jpg","width":900,"height":559},{"@type":"BreadcrumbList","@id":"https:\/\/www.heartfailurematters.org\/de\/das-koennen-ihr-arzt-oder-pflegepersonal-tun\/operativer-eingriff\/#breadcrumb","itemListElement":[{"@type":"ListItem","position":1,"name":"Startseite","item":"https:\/\/www.heartfailurematters.org\/de\/"},{"@type":"ListItem","position":2,"name":"Das kann Ihr Arzt tun","item":"https:\/\/www.heartfailurematters.org\/de\/das-koennen-ihr-arzt-oder-pflegepersonal-tun\/"},{"@type":"ListItem","position":3,"name":"Chirurgische Eingriffe"}]},{"@type":"WebSite","@id":"https:\/\/www.heartfailurematters.org\/de\/#website","url":"https:\/\/www.heartfailurematters.org\/de\/","name":"Heart Failure Matters","description":"Practical information for patients, families and caregivers.","publisher":{"@id":"https:\/\/www.heartfailurematters.org\/de\/#organization"},"potentialAction":[{"@type":"SearchAction","target":{"@type":"EntryPoint","urlTemplate":"https:\/\/www.heartfailurematters.org\/de\/?s={search_term_string}"},"query-input":{"@type":"PropertyValueSpecification","valueRequired":true,"valueName":"search_term_string"}}],"inLanguage":"de"},{"@type":"Organization","@id":"https:\/\/www.heartfailurematters.org\/de\/#organization","name":"Heart Failure Matters","url":"https:\/\/www.heartfailurematters.org\/de\/","logo":{"@type":"ImageObject","inLanguage":"de","@id":"https:\/\/www.heartfailurematters.org\/de\/#\/schema\/logo\/image\/","url":"https:\/\/cdn-endpoint-hfm.azureedge.net\/heartfailurematters\/2024\/07\/hfm-logo1.jpg","contentUrl":"https:\/\/cdn-endpoint-hfm.azureedge.net\/heartfailurematters\/2024\/07\/hfm-logo1.jpg","width":1280,"height":720,"caption":"Heart Failure Matters"},"image":{"@id":"https:\/\/www.heartfailurematters.org\/de\/#\/schema\/logo\/image\/"},"sameAs":["https:\/\/www.facebook.com\/heartfailurematters"]}]}},"_links":{"self":[{"href":"https:\/\/www.heartfailurematters.org\/de\/wp-json\/wp\/v2\/pages\/1549","targetHints":{"allow":["GET"]}}],"collection":[{"href":"https:\/\/www.heartfailurematters.org\/de\/wp-json\/wp\/v2\/pages"}],"about":[{"href":"https:\/\/www.heartfailurematters.org\/de\/wp-json\/wp\/v2\/types\/page"}],"author":[{"embeddable":true,"href":"https:\/\/www.heartfailurematters.org\/de\/wp-json\/wp\/v2\/users\/1"}],"replies":[{"embeddable":true,"href":"https:\/\/www.heartfailurematters.org\/de\/wp-json\/wp\/v2\/comments?post=1549"}],"version-history":[{"count":1,"href":"https:\/\/www.heartfailurematters.org\/de\/wp-json\/wp\/v2\/pages\/1549\/revisions"}],"predecessor-version":[{"id":13616,"href":"https:\/\/www.heartfailurematters.org\/de\/wp-json\/wp\/v2\/pages\/1549\/revisions\/13616"}],"up":[{"embeddable":true,"href":"https:\/\/www.heartfailurematters.org\/de\/wp-json\/wp\/v2\/pages\/2680"}],"wp:featuredmedia":[{"embeddable":true,"href":"https:\/\/www.heartfailurematters.org\/de\/wp-json\/wp\/v2\/media\/10934"}],"wp:attachment":[{"href":"https:\/\/www.heartfailurematters.org\/de\/wp-json\/wp\/v2\/media?parent=1549"}],"wp:term":[{"taxonomy":"category","embeddable":true,"href":"https:\/\/www.heartfailurematters.org\/de\/wp-json\/wp\/v2\/categories?post=1549"},{"taxonomy":"post_tag","embeddable":true,"href":"https:\/\/www.heartfailurematters.org\/de\/wp-json\/wp\/v2\/tags?post=1549"}],"curies":[{"name":"wp","href":"https:\/\/api.w.org\/{rel}","templated":true}]}}