{"id":1547,"date":"2021-01-27T22:00:59","date_gmt":"2021-01-27T22:00:59","guid":{"rendered":"http:\/\/heartfailurematters.local:8888\/hilfe-in-angelegenheiten-der-medizinischen-versorgung\/"},"modified":"2025-12-04T11:24:12","modified_gmt":"2025-12-04T11:24:12","slug":"hilfe-in-angelegenheiten-der-medizinischen-versorgung","status":"publish","type":"page","link":"https:\/\/www.heartfailurematters.org\/de\/fuer-pflegende-angehoerige\/hilfe-in-angelegenheiten-der-medizinischen-versorgung\/","title":{"rendered":"Wie organisiere ich meine medizinische Versorgung"},"content":{"rendered":"<p>Die Organisation der pers\u00f6nlichen medizinischen Versorgung sowie die Kl\u00e4rung der zahlreichen Fragen erscheint zun\u00e4chst verwirrend. Sie m\u00fcssen an vieles denken.<\/p>\n<p>Hier sind verschiedene Vorschl\u00e4ge, um die medizinischen Bed\u00fcrfnisse Ihrer Partnerin\/Ihres Partners oder Familienmitglieds zu unterst\u00fctzen:<\/p>\n<ul>\n<li>Nehmen Sie bei Besuchen eine aktive Rolle ein, um das medizinische Fachpersonal kennenzulernen, indem Sie Fragen stellen und Notizen machen, ohne jedoch das Gespr\u00e4ch an sich zu rei\u00dfen. Auf diese Weise k\u00f6nnen Sie Ihrer Partnerin\/Ihrem Partner oder Familienmitglied dabei helfen, den \u00dcberblick \u00fcber die Informationen zu <a title=\"\" href=\"https:\/\/www.heartfailurematters.org\/what-your-doctor-can-do\/heart-failure-medicines\/\">Herzinsuffizienz-Medikamenten<\/a>, <a title=\"\" href=\"https:\/\/www.heartfailurematters.org\/what-you-can-do\/adjusting-your-diet\/\">Ern\u00e4hrung<\/a> und <a title=\"\" href=\"https:\/\/www.heartfailurematters.org\/what-you-can-do\/activity-and-exercise\/\">k\u00f6rperlicher Bewegung<\/a> zu behalten.<\/li>\n<li>Helfen Sie Ihrer Partnerin\/Ihrem Partner, Ihrem Familienmitglied oder Ihrer Betreuungsperson durch praktische und moralische Unterst\u00fctzung dabei, die Ratschl\u00e4ge des medizinischen Fachpersonals zu befolgen. Zum Beispiel:\n<ul>\n<li><a title=\"\" href=\"https:\/\/www.heartfailurematters.org\/what-your-doctor-can-do\/the-importance-of-taking-your-medicines\/\">K\u00fcmmern Sie sich um das Medikamenten-Management.<\/a><\/li>\n<li>Bieten Sie die M\u00f6glichkeit an, <a title=\"\" href=\"https:\/\/www.heartfailurematters.org\/what-you-can-do\/activity-and-exercise\/\">regelm\u00e4\u00dfig gemeinsam Sport zu treiben<\/a>.<\/li>\n<li>Falls Sie rauchen, k\u00f6nnen Sie gleichzeitig mit dem <a title=\"\" href=\"https:\/\/www.heartfailurematters.org\/what-you-can-do\/smoking-vaping\/\">Rauchen <\/a> aufh\u00f6ren.<\/li>\n<li>Kaufen Sie und kochen Sie mit gesunden salzarmen Lebensmitteln, die Ihnen und Ihrer Partnerin\/Ihrem Partner oder Ihrem Familienmitglied schmecken.<\/li>\n<li>Weisen Sie unaufdringlich darauf hin, warum die <a title=\"\" href=\"https:\/\/www.heartfailurematters.org\/what-you-can-do\/adjusting-your-diet\/\">Ern\u00e4hrungsumstellung<\/a> wichtig ist.<\/li>\n<li>Unterst\u00fctzen Sie die Beobachtung der Symptome durch <a title=\"\" href=\"https:\/\/www.heartfailurematters.org\/what-you-can-do\/adjusting-your-diet-maintaining-a-healthy-weight\/\">t\u00e4gliches Wiegen<\/a> und Messen von <a title=\"\" href=\"https:\/\/www.heartfailurematters.org\/what-you-can-do\/taking-your-own-blood-pressure-and-pulse\/\">Herzfrequenz und Blutdruck<\/a>.<\/li>\n<\/ul>\n<\/li>\n<li>Ermutigen Sie Ihre Partnerin\/Ihren Partner oder Ihr Familienmitglied dazu, sich gegen <a title=\"\" href=\"https:\/\/www.heartfailurematters.org\/living-with-heart-failure\/immunisations\/\">Grippe und Lungenentz\u00fcndung<\/a> impfen zu lassen, wenn dies \u00e4rztlich oder medizinisch empfohlen wurde.<\/li>\n<li>Beobachten Sie die Fortschritte Ihrer Partnerin\/Ihres Partners oder Ihres Familienmitglieds. Gesundheitsfachkr\u00e4fte verlassen sich h\u00e4ufig auf pflegende Angeh\u00f6rige, wenn es um Informationen \u00fcber den Patientenzustand, Ver\u00e4nderungen der Symptome und Fortschritte in Bezug auf die Ern\u00e4hrungs- und Bewegungsempfehlungen geht. Im Abschnitt <a href=\"https:\/\/www.heartfailurematters.org\/warning-signs\/chest-pain\/\">Warnsignale<\/a> erfahren Sie mehr \u00fcber Dinge, die es zu beachten gilt.<\/li>\n<\/ul>\n<p><a title=\"\" href=\"https:\/\/www.heartfailurematters.org\/for-caregivers\/understanding-your-role\/\">Zur\u00fcck zu Verstehen Sie Ihre Rolle<\/a><\/p>\n","protected":false},"excerpt":{"rendered":"<p>Die Organisation der pers\u00f6nlichen medizinischen Versorgung sowie die Kl\u00e4rung der zahlreichen Fragen erscheint zun\u00e4chst verwirrend. Sie m\u00fcssen an vieles denken. Hier sind verschiedene Vorschl\u00e4ge, um die medizinischen Bed\u00fcrfnisse Ihrer Partnerin\/Ihres Partners oder Familienmitglieds zu unterst\u00fctzen: Nehmen Sie bei Besuchen eine aktive Rolle ein, um das medizinische Fachpersonal kennenzulernen, indem Sie Fragen stellen und Notizen machen, [&hellip;]<\/p>\n","protected":false},"author":1,"featured_media":11144,"parent":2842,"menu_order":0,"comment_status":"open","ping_status":"open","template":"","meta":{"_acf_changed":false,"footnotes":""},"categories":[],"tags":[],"class_list":["post-1547","page","type-page","status-publish","has-post-thumbnail","hentry"],"acf":[],"yoast_head":"<!-- This site is optimized with the Yoast SEO plugin v24.8.1 - https:\/\/yoast.com\/wordpress\/plugins\/seo\/ -->\n<title>Hilfe bei medizinischen Fragestellungen<\/title>\n<meta name=\"description\" content=\"Die Frage der medizinischen Versorgung kann zun\u00e4chst besonders verwirrend und erdr\u00fcckend sein, da es viele Informationen zu bedenken gilt. Hier erfahren Sie mehr\" \/>\n<meta name=\"robots\" content=\"index, follow, max-snippet:-1, max-image-preview:large, max-video-preview:-1\" \/>\n<link rel=\"canonical\" href=\"https:\/\/www.heartfailurematters.org\/de\/fuer-pflegende-angehoerige\/hilfe-in-angelegenheiten-der-medizinischen-versorgung\/\" \/>\n<meta property=\"og:locale\" content=\"de_DE\" \/>\n<meta property=\"og:type\" content=\"article\" \/>\n<meta property=\"og:title\" content=\"Hilfe bei medizinischen Fragestellungen\" \/>\n<meta property=\"og:description\" content=\"Die Frage der medizinischen Versorgung kann zun\u00e4chst besonders verwirrend und erdr\u00fcckend sein, da es viele Informationen zu bedenken gilt. Hier erfahren Sie mehr\" \/>\n<meta property=\"og:url\" content=\"https:\/\/www.heartfailurematters.org\/de\/fuer-pflegende-angehoerige\/hilfe-in-angelegenheiten-der-medizinischen-versorgung\/\" \/>\n<meta property=\"og:site_name\" content=\"Heart Failure Matters\" \/>\n<meta property=\"article:publisher\" content=\"https:\/\/www.facebook.com\/heartfailurematters\" \/>\n<meta property=\"article:modified_time\" content=\"2025-12-04T11:24:12+00:00\" \/>\n<meta property=\"og:image\" content=\"https:\/\/www.heartfailurematters.org\/wp-content\/uploads\/2022\/03\/shutterstock_326634329-1-min.jpg\" \/>\n\t<meta property=\"og:image:width\" content=\"900\" \/>\n\t<meta property=\"og:image:height\" content=\"600\" \/>\n\t<meta property=\"og:image:type\" content=\"image\/jpeg\" \/>\n<meta name=\"twitter:card\" content=\"summary_large_image\" \/>\n<meta name=\"twitter:label1\" content=\"Gesch\u00e4tzte Lesezeit\" \/>\n\t<meta name=\"twitter:data1\" content=\"1\u00a0Minute\" \/>\n<script type=\"application\/ld+json\" class=\"yoast-schema-graph\">{\"@context\":\"https:\/\/schema.org\",\"@graph\":[{\"@type\":\"WebPage\",\"@id\":\"https:\/\/www.heartfailurematters.org\/de\/fuer-pflegende-angehoerige\/hilfe-in-angelegenheiten-der-medizinischen-versorgung\/\",\"url\":\"https:\/\/www.heartfailurematters.org\/de\/fuer-pflegende-angehoerige\/hilfe-in-angelegenheiten-der-medizinischen-versorgung\/\",\"name\":\"Hilfe bei medizinischen Fragestellungen\",\"isPartOf\":{\"@id\":\"https:\/\/www.heartfailurematters.org\/de\/#website\"},\"primaryImageOfPage\":{\"@id\":\"https:\/\/www.heartfailurematters.org\/de\/fuer-pflegende-angehoerige\/hilfe-in-angelegenheiten-der-medizinischen-versorgung\/#primaryimage\"},\"image\":{\"@id\":\"https:\/\/www.heartfailurematters.org\/de\/fuer-pflegende-angehoerige\/hilfe-in-angelegenheiten-der-medizinischen-versorgung\/#primaryimage\"},\"thumbnailUrl\":\"https:\/\/www.heartfailurematters.org\/wp-content\/uploads\/2022\/03\/shutterstock_326634329-1-min.jpg\",\"datePublished\":\"2021-01-27T22:00:59+00:00\",\"dateModified\":\"2025-12-04T11:24:12+00:00\",\"description\":\"Die Frage der medizinischen Versorgung kann zun\u00e4chst besonders verwirrend und erdr\u00fcckend sein, da es viele Informationen zu bedenken gilt. Hier erfahren Sie mehr\",\"breadcrumb\":{\"@id\":\"https:\/\/www.heartfailurematters.org\/de\/fuer-pflegende-angehoerige\/hilfe-in-angelegenheiten-der-medizinischen-versorgung\/#breadcrumb\"},\"inLanguage\":\"de\",\"potentialAction\":[{\"@type\":\"ReadAction\",\"target\":[\"https:\/\/www.heartfailurematters.org\/de\/fuer-pflegende-angehoerige\/hilfe-in-angelegenheiten-der-medizinischen-versorgung\/\"]}]},{\"@type\":\"ImageObject\",\"inLanguage\":\"de\",\"@id\":\"https:\/\/www.heartfailurematters.org\/de\/fuer-pflegende-angehoerige\/hilfe-in-angelegenheiten-der-medizinischen-versorgung\/#primaryimage\",\"url\":\"https:\/\/www.heartfailurematters.org\/wp-content\/uploads\/2022\/03\/shutterstock_326634329-1-min.jpg\",\"contentUrl\":\"https:\/\/www.heartfailurematters.org\/wp-content\/uploads\/2022\/03\/shutterstock_326634329-1-min.jpg\",\"width\":900,\"height\":600},{\"@type\":\"BreadcrumbList\",\"@id\":\"https:\/\/www.heartfailurematters.org\/de\/fuer-pflegende-angehoerige\/hilfe-in-angelegenheiten-der-medizinischen-versorgung\/#breadcrumb\",\"itemListElement\":[{\"@type\":\"ListItem\",\"position\":1,\"name\":\"Startseite\",\"item\":\"https:\/\/www.heartfailurematters.org\/de\/\"},{\"@type\":\"ListItem\",\"position\":2,\"name\":\"F\u00fcr Betreuer\",\"item\":\"https:\/\/www.heartfailurematters.org\/de\/fuer-pflegende-angehoerige\/\"},{\"@type\":\"ListItem\",\"position\":3,\"name\":\"Wie organisiere ich meine medizinische Versorgung\"}]},{\"@type\":\"WebSite\",\"@id\":\"https:\/\/www.heartfailurematters.org\/de\/#website\",\"url\":\"https:\/\/www.heartfailurematters.org\/de\/\",\"name\":\"Heart Failure Matters\",\"description\":\"Practical information for patients, families and caregivers.\",\"publisher\":{\"@id\":\"https:\/\/www.heartfailurematters.org\/de\/#organization\"},\"potentialAction\":[{\"@type\":\"SearchAction\",\"target\":{\"@type\":\"EntryPoint\",\"urlTemplate\":\"https:\/\/www.heartfailurematters.org\/de\/?s={search_term_string}\"},\"query-input\":{\"@type\":\"PropertyValueSpecification\",\"valueRequired\":true,\"valueName\":\"search_term_string\"}}],\"inLanguage\":\"de\"},{\"@type\":\"Organization\",\"@id\":\"https:\/\/www.heartfailurematters.org\/de\/#organization\",\"name\":\"Heart Failure Matters\",\"url\":\"https:\/\/www.heartfailurematters.org\/de\/\",\"logo\":{\"@type\":\"ImageObject\",\"inLanguage\":\"de\",\"@id\":\"https:\/\/www.heartfailurematters.org\/de\/#\/schema\/logo\/image\/\",\"url\":\"https:\/\/cdn-endpoint-hfm.azureedge.net\/heartfailurematters\/2024\/07\/hfm-logo1.jpg\",\"contentUrl\":\"https:\/\/cdn-endpoint-hfm.azureedge.net\/heartfailurematters\/2024\/07\/hfm-logo1.jpg\",\"width\":1280,\"height\":720,\"caption\":\"Heart Failure Matters\"},\"image\":{\"@id\":\"https:\/\/www.heartfailurematters.org\/de\/#\/schema\/logo\/image\/\"},\"sameAs\":[\"https:\/\/www.facebook.com\/heartfailurematters\"]}]}<\/script>\n<!-- \/ Yoast SEO plugin. -->","yoast_head_json":{"title":"Hilfe bei medizinischen Fragestellungen","description":"Die Frage der medizinischen Versorgung kann zun\u00e4chst besonders verwirrend und erdr\u00fcckend sein, da es viele Informationen zu bedenken gilt. Hier erfahren Sie mehr","robots":{"index":"index","follow":"follow","max-snippet":"max-snippet:-1","max-image-preview":"max-image-preview:large","max-video-preview":"max-video-preview:-1"},"canonical":"https:\/\/www.heartfailurematters.org\/de\/fuer-pflegende-angehoerige\/hilfe-in-angelegenheiten-der-medizinischen-versorgung\/","og_locale":"de_DE","og_type":"article","og_title":"Hilfe bei medizinischen Fragestellungen","og_description":"Die Frage der medizinischen Versorgung kann zun\u00e4chst besonders verwirrend und erdr\u00fcckend sein, da es viele Informationen zu bedenken gilt. Hier erfahren Sie mehr","og_url":"https:\/\/www.heartfailurematters.org\/de\/fuer-pflegende-angehoerige\/hilfe-in-angelegenheiten-der-medizinischen-versorgung\/","og_site_name":"Heart Failure Matters","article_publisher":"https:\/\/www.facebook.com\/heartfailurematters","article_modified_time":"2025-12-04T11:24:12+00:00","og_image":[{"width":900,"height":600,"url":"https:\/\/www.heartfailurematters.org\/wp-content\/uploads\/2022\/03\/shutterstock_326634329-1-min.jpg","type":"image\/jpeg"}],"twitter_card":"summary_large_image","twitter_misc":{"Gesch\u00e4tzte Lesezeit":"1\u00a0Minute"},"schema":{"@context":"https:\/\/schema.org","@graph":[{"@type":"WebPage","@id":"https:\/\/www.heartfailurematters.org\/de\/fuer-pflegende-angehoerige\/hilfe-in-angelegenheiten-der-medizinischen-versorgung\/","url":"https:\/\/www.heartfailurematters.org\/de\/fuer-pflegende-angehoerige\/hilfe-in-angelegenheiten-der-medizinischen-versorgung\/","name":"Hilfe bei medizinischen Fragestellungen","isPartOf":{"@id":"https:\/\/www.heartfailurematters.org\/de\/#website"},"primaryImageOfPage":{"@id":"https:\/\/www.heartfailurematters.org\/de\/fuer-pflegende-angehoerige\/hilfe-in-angelegenheiten-der-medizinischen-versorgung\/#primaryimage"},"image":{"@id":"https:\/\/www.heartfailurematters.org\/de\/fuer-pflegende-angehoerige\/hilfe-in-angelegenheiten-der-medizinischen-versorgung\/#primaryimage"},"thumbnailUrl":"https:\/\/www.heartfailurematters.org\/wp-content\/uploads\/2022\/03\/shutterstock_326634329-1-min.jpg","datePublished":"2021-01-27T22:00:59+00:00","dateModified":"2025-12-04T11:24:12+00:00","description":"Die Frage der medizinischen Versorgung kann zun\u00e4chst besonders verwirrend und erdr\u00fcckend sein, da es viele Informationen zu bedenken gilt. Hier erfahren Sie mehr","breadcrumb":{"@id":"https:\/\/www.heartfailurematters.org\/de\/fuer-pflegende-angehoerige\/hilfe-in-angelegenheiten-der-medizinischen-versorgung\/#breadcrumb"},"inLanguage":"de","potentialAction":[{"@type":"ReadAction","target":["https:\/\/www.heartfailurematters.org\/de\/fuer-pflegende-angehoerige\/hilfe-in-angelegenheiten-der-medizinischen-versorgung\/"]}]},{"@type":"ImageObject","inLanguage":"de","@id":"https:\/\/www.heartfailurematters.org\/de\/fuer-pflegende-angehoerige\/hilfe-in-angelegenheiten-der-medizinischen-versorgung\/#primaryimage","url":"https:\/\/www.heartfailurematters.org\/wp-content\/uploads\/2022\/03\/shutterstock_326634329-1-min.jpg","contentUrl":"https:\/\/www.heartfailurematters.org\/wp-content\/uploads\/2022\/03\/shutterstock_326634329-1-min.jpg","width":900,"height":600},{"@type":"BreadcrumbList","@id":"https:\/\/www.heartfailurematters.org\/de\/fuer-pflegende-angehoerige\/hilfe-in-angelegenheiten-der-medizinischen-versorgung\/#breadcrumb","itemListElement":[{"@type":"ListItem","position":1,"name":"Startseite","item":"https:\/\/www.heartfailurematters.org\/de\/"},{"@type":"ListItem","position":2,"name":"F\u00fcr Betreuer","item":"https:\/\/www.heartfailurematters.org\/de\/fuer-pflegende-angehoerige\/"},{"@type":"ListItem","position":3,"name":"Wie organisiere ich meine medizinische Versorgung"}]},{"@type":"WebSite","@id":"https:\/\/www.heartfailurematters.org\/de\/#website","url":"https:\/\/www.heartfailurematters.org\/de\/","name":"Heart Failure Matters","description":"Practical information for patients, families and caregivers.","publisher":{"@id":"https:\/\/www.heartfailurematters.org\/de\/#organization"},"potentialAction":[{"@type":"SearchAction","target":{"@type":"EntryPoint","urlTemplate":"https:\/\/www.heartfailurematters.org\/de\/?s={search_term_string}"},"query-input":{"@type":"PropertyValueSpecification","valueRequired":true,"valueName":"search_term_string"}}],"inLanguage":"de"},{"@type":"Organization","@id":"https:\/\/www.heartfailurematters.org\/de\/#organization","name":"Heart Failure Matters","url":"https:\/\/www.heartfailurematters.org\/de\/","logo":{"@type":"ImageObject","inLanguage":"de","@id":"https:\/\/www.heartfailurematters.org\/de\/#\/schema\/logo\/image\/","url":"https:\/\/cdn-endpoint-hfm.azureedge.net\/heartfailurematters\/2024\/07\/hfm-logo1.jpg","contentUrl":"https:\/\/cdn-endpoint-hfm.azureedge.net\/heartfailurematters\/2024\/07\/hfm-logo1.jpg","width":1280,"height":720,"caption":"Heart Failure Matters"},"image":{"@id":"https:\/\/www.heartfailurematters.org\/de\/#\/schema\/logo\/image\/"},"sameAs":["https:\/\/www.facebook.com\/heartfailurematters"]}]}},"_links":{"self":[{"href":"https:\/\/www.heartfailurematters.org\/de\/wp-json\/wp\/v2\/pages\/1547","targetHints":{"allow":["GET"]}}],"collection":[{"href":"https:\/\/www.heartfailurematters.org\/de\/wp-json\/wp\/v2\/pages"}],"about":[{"href":"https:\/\/www.heartfailurematters.org\/de\/wp-json\/wp\/v2\/types\/page"}],"author":[{"embeddable":true,"href":"https:\/\/www.heartfailurematters.org\/de\/wp-json\/wp\/v2\/users\/1"}],"replies":[{"embeddable":true,"href":"https:\/\/www.heartfailurematters.org\/de\/wp-json\/wp\/v2\/comments?post=1547"}],"version-history":[{"count":1,"href":"https:\/\/www.heartfailurematters.org\/de\/wp-json\/wp\/v2\/pages\/1547\/revisions"}],"predecessor-version":[{"id":13637,"href":"https:\/\/www.heartfailurematters.org\/de\/wp-json\/wp\/v2\/pages\/1547\/revisions\/13637"}],"up":[{"embeddable":true,"href":"https:\/\/www.heartfailurematters.org\/de\/wp-json\/wp\/v2\/pages\/2842"}],"wp:featuredmedia":[{"embeddable":true,"href":"https:\/\/www.heartfailurematters.org\/de\/wp-json\/wp\/v2\/media\/11144"}],"wp:attachment":[{"href":"https:\/\/www.heartfailurematters.org\/de\/wp-json\/wp\/v2\/media?parent=1547"}],"wp:term":[{"taxonomy":"category","embeddable":true,"href":"https:\/\/www.heartfailurematters.org\/de\/wp-json\/wp\/v2\/categories?post=1547"},{"taxonomy":"post_tag","embeddable":true,"href":"https:\/\/www.heartfailurematters.org\/de\/wp-json\/wp\/v2\/tags?post=1547"}],"curies":[{"name":"wp","href":"https:\/\/api.w.org\/{rel}","templated":true}]}}