{"id":1544,"date":"2021-01-27T22:00:59","date_gmt":"2021-01-27T22:00:59","guid":{"rendered":"http:\/\/heartfailurematters.local:8888\/ernaehrungsumstellung-diabetikerdiaet\/"},"modified":"2021-01-27T22:00:59","modified_gmt":"2021-01-27T22:00:59","slug":"ernaehrungsumstellung-diabetikerdiaet","status":"publish","type":"page","link":"https:\/\/www.heartfailurematters.org\/de\/das-koennen-sie-tun\/ernaehrungsumstellung-diabetikerdiaet\/","title":{"rendered":"Ern\u00e4hrungsumstellung: Diabetikerdi\u00e4t"},"content":{"rendered":"<p>Herzinsuffizienz und <a class=\"addtooltip\" title=\"Diabetes: eine Erkrankung, bei der entweder der K&ouml;rper nicht gen&uuml;gend Insulin produziert oder das von ihm produzierte Insulin nicht richtig funktioniert, d.h. der K&ouml;rper kann Glukose (Zucker) nicht richtig verwenden.\"><strong>Diabetes<\/strong><\/a> treten h&auml;ufig vergesellschaftet auf. Bis zu einem Drittel der Menschen mit Herzinsuffizienz leiden m&ouml;glicherweise an irgendeiner Form von Diabetes, die durch Di&auml;t, Medikamente oder Insulin kontrolliert werden kann. Es ist wichtig, dass Menschen mit Herzinsuffizienz ihre Blutzuckerwerte regelm&auml;&szlig;ig kontrollieren. Erh&ouml;hte Blutzuckerspiegel wirken sich zudem direkt und indirekt negativ auf die Herzfunktion aus.<\/p>\n<p>F&uuml;r Menschen mit sowohl einem Diabetes als auch einer Herzinsuffizienz ist es besonders wichtig, dem Rat des Arztes, der betreuenden Pflegekraft und des Ern&auml;hrungsberaters Folge zu leisten.<\/p>\n<p><a href=\"https:\/\/www.heartfailurematters.org\/de\/das-koennen-sie-tun\/ernaehrungsumstellung\/\">Zur&uuml;ck zu &bdquo;Ern&auml;hrungsumstellung&ldquo;<\/a><\/p>\n","protected":false},"excerpt":{"rendered":"<p>Herzinsuffizienz und Diabetes treten h&auml;ufig vergesellschaftet auf. Bis zu einem Drittel der Menschen mit Herzinsuffizienz leiden m&ouml;glicherweise an irgendeiner Form von Diabetes, die durch Di&auml;t, Medikamente oder Insulin kontrolliert werden kann. Es ist wichtig, dass Menschen mit Herzinsuffizienz ihre Blutzuckerwerte regelm&auml;&szlig;ig kontrollieren. Erh&ouml;hte Blutzuckerspiegel wirken sich zudem direkt und indirekt negativ auf die Herzfunktion aus. [&hellip;]<\/p>\n","protected":false},"author":1,"featured_media":10757,"parent":2716,"menu_order":0,"comment_status":"open","ping_status":"open","template":"","meta":{"_acf_changed":false,"footnotes":""},"categories":[],"tags":[],"class_list":["post-1544","page","type-page","status-publish","has-post-thumbnail","hentry"],"acf":[],"yoast_head":"<!-- This site is optimized with the Yoast SEO plugin v24.8.1 - https:\/\/yoast.com\/wordpress\/plugins\/seo\/ -->\n<title>Ern\u00e4hrungsumstellung: Diabetikerdi\u00e4t<\/title>\n<meta name=\"description\" content=\"Herzinsuffizienz und Diabetes treten h\u00e4ufig zusammen auf. Bis zu einem Drittel der Menschen mit Herzinsuffizienz leiden m\u00f6glicherweise an irgendeiner Form von Diabetes, die durch die Ern\u00e4hrung, Medikamente oder Insulin kontrolliert werden kann\" \/>\n<meta name=\"robots\" content=\"index, follow, max-snippet:-1, max-image-preview:large, max-video-preview:-1\" \/>\n<link rel=\"canonical\" href=\"https:\/\/www.heartfailurematters.org\/de\/das-koennen-sie-tun\/ernaehrungsumstellung-diabetikerdiaet\/\" \/>\n<meta property=\"og:locale\" content=\"de_DE\" \/>\n<meta property=\"og:type\" content=\"article\" \/>\n<meta property=\"og:title\" content=\"Ern\u00e4hrungsumstellung: Diabetikerdi\u00e4t\" \/>\n<meta property=\"og:description\" content=\"Herzinsuffizienz und Diabetes treten h\u00e4ufig zusammen auf. Bis zu einem Drittel der Menschen mit Herzinsuffizienz leiden m\u00f6glicherweise an irgendeiner Form von Diabetes, die durch die Ern\u00e4hrung, Medikamente oder Insulin kontrolliert werden kann\" \/>\n<meta property=\"og:url\" content=\"https:\/\/www.heartfailurematters.org\/de\/das-koennen-sie-tun\/ernaehrungsumstellung-diabetikerdiaet\/\" \/>\n<meta property=\"og:site_name\" content=\"Heart Failure Matters\" \/>\n<meta property=\"article:publisher\" content=\"https:\/\/www.facebook.com\/heartfailurematters\" \/>\n<meta property=\"og:image\" content=\"https:\/\/www.heartfailurematters.org\/wp-content\/uploads\/2022\/03\/shutterstock_1439349791-1-min.jpg\" \/>\n\t<meta property=\"og:image:width\" content=\"900\" \/>\n\t<meta property=\"og:image:height\" content=\"601\" \/>\n\t<meta property=\"og:image:type\" content=\"image\/jpeg\" \/>\n<meta name=\"twitter:card\" content=\"summary_large_image\" \/>\n<meta name=\"twitter:label1\" content=\"Gesch\u00e4tzte Lesezeit\" \/>\n\t<meta name=\"twitter:data1\" content=\"1\u00a0Minute\" \/>\n<script type=\"application\/ld+json\" class=\"yoast-schema-graph\">{\"@context\":\"https:\/\/schema.org\",\"@graph\":[{\"@type\":\"WebPage\",\"@id\":\"https:\/\/www.heartfailurematters.org\/de\/das-koennen-sie-tun\/ernaehrungsumstellung-diabetikerdiaet\/\",\"url\":\"https:\/\/www.heartfailurematters.org\/de\/das-koennen-sie-tun\/ernaehrungsumstellung-diabetikerdiaet\/\",\"name\":\"Ern\u00e4hrungsumstellung: Diabetikerdi\u00e4t\",\"isPartOf\":{\"@id\":\"https:\/\/www.heartfailurematters.org\/de\/#website\"},\"primaryImageOfPage\":{\"@id\":\"https:\/\/www.heartfailurematters.org\/de\/das-koennen-sie-tun\/ernaehrungsumstellung-diabetikerdiaet\/#primaryimage\"},\"image\":{\"@id\":\"https:\/\/www.heartfailurematters.org\/de\/das-koennen-sie-tun\/ernaehrungsumstellung-diabetikerdiaet\/#primaryimage\"},\"thumbnailUrl\":\"https:\/\/www.heartfailurematters.org\/wp-content\/uploads\/2022\/03\/shutterstock_1439349791-1-min.jpg\",\"datePublished\":\"2021-01-27T22:00:59+00:00\",\"description\":\"Herzinsuffizienz und Diabetes treten h\u00e4ufig zusammen auf. Bis zu einem Drittel der Menschen mit Herzinsuffizienz leiden m\u00f6glicherweise an irgendeiner Form von Diabetes, die durch die Ern\u00e4hrung, Medikamente oder Insulin kontrolliert werden kann\",\"breadcrumb\":{\"@id\":\"https:\/\/www.heartfailurematters.org\/de\/das-koennen-sie-tun\/ernaehrungsumstellung-diabetikerdiaet\/#breadcrumb\"},\"inLanguage\":\"de\",\"potentialAction\":[{\"@type\":\"ReadAction\",\"target\":[\"https:\/\/www.heartfailurematters.org\/de\/das-koennen-sie-tun\/ernaehrungsumstellung-diabetikerdiaet\/\"]}]},{\"@type\":\"ImageObject\",\"inLanguage\":\"de\",\"@id\":\"https:\/\/www.heartfailurematters.org\/de\/das-koennen-sie-tun\/ernaehrungsumstellung-diabetikerdiaet\/#primaryimage\",\"url\":\"https:\/\/www.heartfailurematters.org\/wp-content\/uploads\/2022\/03\/shutterstock_1439349791-1-min.jpg\",\"contentUrl\":\"https:\/\/www.heartfailurematters.org\/wp-content\/uploads\/2022\/03\/shutterstock_1439349791-1-min.jpg\",\"width\":900,\"height\":601},{\"@type\":\"BreadcrumbList\",\"@id\":\"https:\/\/www.heartfailurematters.org\/de\/das-koennen-sie-tun\/ernaehrungsumstellung-diabetikerdiaet\/#breadcrumb\",\"itemListElement\":[{\"@type\":\"ListItem\",\"position\":1,\"name\":\"Startseite\",\"item\":\"https:\/\/www.heartfailurematters.org\/de\/\"},{\"@type\":\"ListItem\",\"position\":2,\"name\":\"Das k\u00f6nnen Sie tun\",\"item\":\"https:\/\/www.heartfailurematters.org\/de\/das-koennen-sie-tun\/\"},{\"@type\":\"ListItem\",\"position\":3,\"name\":\"Ern\u00e4hrungsumstellung: Diabetikerdi\u00e4t\"}]},{\"@type\":\"WebSite\",\"@id\":\"https:\/\/www.heartfailurematters.org\/de\/#website\",\"url\":\"https:\/\/www.heartfailurematters.org\/de\/\",\"name\":\"Heart Failure Matters\",\"description\":\"Practical information for patients, families and caregivers.\",\"publisher\":{\"@id\":\"https:\/\/www.heartfailurematters.org\/de\/#organization\"},\"potentialAction\":[{\"@type\":\"SearchAction\",\"target\":{\"@type\":\"EntryPoint\",\"urlTemplate\":\"https:\/\/www.heartfailurematters.org\/de\/?s={search_term_string}\"},\"query-input\":{\"@type\":\"PropertyValueSpecification\",\"valueRequired\":true,\"valueName\":\"search_term_string\"}}],\"inLanguage\":\"de\"},{\"@type\":\"Organization\",\"@id\":\"https:\/\/www.heartfailurematters.org\/de\/#organization\",\"name\":\"Heart Failure Matters\",\"url\":\"https:\/\/www.heartfailurematters.org\/de\/\",\"logo\":{\"@type\":\"ImageObject\",\"inLanguage\":\"de\",\"@id\":\"https:\/\/www.heartfailurematters.org\/de\/#\/schema\/logo\/image\/\",\"url\":\"https:\/\/cdn-endpoint-hfm.azureedge.net\/heartfailurematters\/2024\/07\/hfm-logo1.jpg\",\"contentUrl\":\"https:\/\/cdn-endpoint-hfm.azureedge.net\/heartfailurematters\/2024\/07\/hfm-logo1.jpg\",\"width\":1280,\"height\":720,\"caption\":\"Heart Failure Matters\"},\"image\":{\"@id\":\"https:\/\/www.heartfailurematters.org\/de\/#\/schema\/logo\/image\/\"},\"sameAs\":[\"https:\/\/www.facebook.com\/heartfailurematters\"]}]}<\/script>\n<!-- \/ Yoast SEO plugin. -->","yoast_head_json":{"title":"Ern\u00e4hrungsumstellung: Diabetikerdi\u00e4t","description":"Herzinsuffizienz und Diabetes treten h\u00e4ufig zusammen auf. Bis zu einem Drittel der Menschen mit Herzinsuffizienz leiden m\u00f6glicherweise an irgendeiner Form von Diabetes, die durch die Ern\u00e4hrung, Medikamente oder Insulin kontrolliert werden kann","robots":{"index":"index","follow":"follow","max-snippet":"max-snippet:-1","max-image-preview":"max-image-preview:large","max-video-preview":"max-video-preview:-1"},"canonical":"https:\/\/www.heartfailurematters.org\/de\/das-koennen-sie-tun\/ernaehrungsumstellung-diabetikerdiaet\/","og_locale":"de_DE","og_type":"article","og_title":"Ern\u00e4hrungsumstellung: Diabetikerdi\u00e4t","og_description":"Herzinsuffizienz und Diabetes treten h\u00e4ufig zusammen auf. Bis zu einem Drittel der Menschen mit Herzinsuffizienz leiden m\u00f6glicherweise an irgendeiner Form von Diabetes, die durch die Ern\u00e4hrung, Medikamente oder Insulin kontrolliert werden kann","og_url":"https:\/\/www.heartfailurematters.org\/de\/das-koennen-sie-tun\/ernaehrungsumstellung-diabetikerdiaet\/","og_site_name":"Heart Failure Matters","article_publisher":"https:\/\/www.facebook.com\/heartfailurematters","og_image":[{"width":900,"height":601,"url":"https:\/\/www.heartfailurematters.org\/wp-content\/uploads\/2022\/03\/shutterstock_1439349791-1-min.jpg","type":"image\/jpeg"}],"twitter_card":"summary_large_image","twitter_misc":{"Gesch\u00e4tzte Lesezeit":"1\u00a0Minute"},"schema":{"@context":"https:\/\/schema.org","@graph":[{"@type":"WebPage","@id":"https:\/\/www.heartfailurematters.org\/de\/das-koennen-sie-tun\/ernaehrungsumstellung-diabetikerdiaet\/","url":"https:\/\/www.heartfailurematters.org\/de\/das-koennen-sie-tun\/ernaehrungsumstellung-diabetikerdiaet\/","name":"Ern\u00e4hrungsumstellung: Diabetikerdi\u00e4t","isPartOf":{"@id":"https:\/\/www.heartfailurematters.org\/de\/#website"},"primaryImageOfPage":{"@id":"https:\/\/www.heartfailurematters.org\/de\/das-koennen-sie-tun\/ernaehrungsumstellung-diabetikerdiaet\/#primaryimage"},"image":{"@id":"https:\/\/www.heartfailurematters.org\/de\/das-koennen-sie-tun\/ernaehrungsumstellung-diabetikerdiaet\/#primaryimage"},"thumbnailUrl":"https:\/\/www.heartfailurematters.org\/wp-content\/uploads\/2022\/03\/shutterstock_1439349791-1-min.jpg","datePublished":"2021-01-27T22:00:59+00:00","description":"Herzinsuffizienz und Diabetes treten h\u00e4ufig zusammen auf. Bis zu einem Drittel der Menschen mit Herzinsuffizienz leiden m\u00f6glicherweise an irgendeiner Form von Diabetes, die durch die Ern\u00e4hrung, Medikamente oder Insulin kontrolliert werden kann","breadcrumb":{"@id":"https:\/\/www.heartfailurematters.org\/de\/das-koennen-sie-tun\/ernaehrungsumstellung-diabetikerdiaet\/#breadcrumb"},"inLanguage":"de","potentialAction":[{"@type":"ReadAction","target":["https:\/\/www.heartfailurematters.org\/de\/das-koennen-sie-tun\/ernaehrungsumstellung-diabetikerdiaet\/"]}]},{"@type":"ImageObject","inLanguage":"de","@id":"https:\/\/www.heartfailurematters.org\/de\/das-koennen-sie-tun\/ernaehrungsumstellung-diabetikerdiaet\/#primaryimage","url":"https:\/\/www.heartfailurematters.org\/wp-content\/uploads\/2022\/03\/shutterstock_1439349791-1-min.jpg","contentUrl":"https:\/\/www.heartfailurematters.org\/wp-content\/uploads\/2022\/03\/shutterstock_1439349791-1-min.jpg","width":900,"height":601},{"@type":"BreadcrumbList","@id":"https:\/\/www.heartfailurematters.org\/de\/das-koennen-sie-tun\/ernaehrungsumstellung-diabetikerdiaet\/#breadcrumb","itemListElement":[{"@type":"ListItem","position":1,"name":"Startseite","item":"https:\/\/www.heartfailurematters.org\/de\/"},{"@type":"ListItem","position":2,"name":"Das k\u00f6nnen Sie tun","item":"https:\/\/www.heartfailurematters.org\/de\/das-koennen-sie-tun\/"},{"@type":"ListItem","position":3,"name":"Ern\u00e4hrungsumstellung: Diabetikerdi\u00e4t"}]},{"@type":"WebSite","@id":"https:\/\/www.heartfailurematters.org\/de\/#website","url":"https:\/\/www.heartfailurematters.org\/de\/","name":"Heart Failure Matters","description":"Practical information for patients, families and caregivers.","publisher":{"@id":"https:\/\/www.heartfailurematters.org\/de\/#organization"},"potentialAction":[{"@type":"SearchAction","target":{"@type":"EntryPoint","urlTemplate":"https:\/\/www.heartfailurematters.org\/de\/?s={search_term_string}"},"query-input":{"@type":"PropertyValueSpecification","valueRequired":true,"valueName":"search_term_string"}}],"inLanguage":"de"},{"@type":"Organization","@id":"https:\/\/www.heartfailurematters.org\/de\/#organization","name":"Heart Failure Matters","url":"https:\/\/www.heartfailurematters.org\/de\/","logo":{"@type":"ImageObject","inLanguage":"de","@id":"https:\/\/www.heartfailurematters.org\/de\/#\/schema\/logo\/image\/","url":"https:\/\/cdn-endpoint-hfm.azureedge.net\/heartfailurematters\/2024\/07\/hfm-logo1.jpg","contentUrl":"https:\/\/cdn-endpoint-hfm.azureedge.net\/heartfailurematters\/2024\/07\/hfm-logo1.jpg","width":1280,"height":720,"caption":"Heart Failure Matters"},"image":{"@id":"https:\/\/www.heartfailurematters.org\/de\/#\/schema\/logo\/image\/"},"sameAs":["https:\/\/www.facebook.com\/heartfailurematters"]}]}},"_links":{"self":[{"href":"https:\/\/www.heartfailurematters.org\/de\/wp-json\/wp\/v2\/pages\/1544","targetHints":{"allow":["GET"]}}],"collection":[{"href":"https:\/\/www.heartfailurematters.org\/de\/wp-json\/wp\/v2\/pages"}],"about":[{"href":"https:\/\/www.heartfailurematters.org\/de\/wp-json\/wp\/v2\/types\/page"}],"author":[{"embeddable":true,"href":"https:\/\/www.heartfailurematters.org\/de\/wp-json\/wp\/v2\/users\/1"}],"replies":[{"embeddable":true,"href":"https:\/\/www.heartfailurematters.org\/de\/wp-json\/wp\/v2\/comments?post=1544"}],"version-history":[{"count":0,"href":"https:\/\/www.heartfailurematters.org\/de\/wp-json\/wp\/v2\/pages\/1544\/revisions"}],"up":[{"embeddable":true,"href":"https:\/\/www.heartfailurematters.org\/de\/wp-json\/wp\/v2\/pages\/2716"}],"wp:featuredmedia":[{"embeddable":true,"href":"https:\/\/www.heartfailurematters.org\/de\/wp-json\/wp\/v2\/media\/10757"}],"wp:attachment":[{"href":"https:\/\/www.heartfailurematters.org\/de\/wp-json\/wp\/v2\/media?parent=1544"}],"wp:term":[{"taxonomy":"category","embeddable":true,"href":"https:\/\/www.heartfailurematters.org\/de\/wp-json\/wp\/v2\/categories?post=1544"},{"taxonomy":"post_tag","embeddable":true,"href":"https:\/\/www.heartfailurematters.org\/de\/wp-json\/wp\/v2\/tags?post=1544"}],"curies":[{"name":"wp","href":"https:\/\/api.w.org\/{rel}","templated":true}]}}