{"id":1543,"date":"2021-01-27T22:00:59","date_gmt":"2021-01-27T22:00:59","guid":{"rendered":"http:\/\/heartfailurematters.local:8888\/belastungstests\/"},"modified":"2021-07-27T15:03:16","modified_gmt":"2021-07-27T14:03:16","slug":"belastungstests","status":"publish","type":"page","link":"https:\/\/www.heartfailurematters.org\/de\/herzinsuffizienz-verstehen\/belastungstests\/","title":{"rendered":"Belastungstests"},"content":{"rendered":"<p><strong>Belastungstests<\/strong>helfen Ihrem Arzt herauszufinden, wie gut Ihr Herz mit k\u00f6rperlicher Belastung oder Stress zurechtkommt. Die Tests beinhalten k\u00f6rperliches Training auf einem Laufband oder Ergometer, w\u00e4hrend dessen Herzfrequenz, Atmung und Blutdruck sowie die elektrische Aktivit\u00e4t in Ihrem Herzen \u00fcberwacht werden.<\/p>\n<p>Dazu werden Sie an ein \u00dcberwachungsger\u00e4t angeschlossen und gebeten, langsam auf einem Laufband zu gehen oder auf einem Fahrradergometer zu radeln. Die Geschwindigkeit wird auf eine schnellere Schrittfolge erh\u00f6ht und das Laufband wird in Schr\u00e4glage gebracht, um den Effekt einer Steigung zu simulieren (auf dem Fahrrad wird der Pedalwiderstand kontinuierlich oder schrittweise erh\u00f6ht). M\u00f6glicherweise werden Sie auch gebeten, einige Minuten lang in einen Schlauch zu atmen.<\/p>\n<p>Die Tests k\u00f6nnen erforderlichenfalls jederzeit abgebrochen werden. Anschlie\u00dfend m\u00fcssen Sie sich hinsetzen oder hinlegen, damit Ihr Herz untersucht und Ihr Blutdruck gemessen werden k\u00f6nnen.Wenn Ihr K\u00f6rper w\u00e4hrend des Tests h\u00e4rter arbeiten muss, ben\u00f6tigt er mehr Sauerstoff, sodass das Herz mehr Blut pumpen muss. Der Test kann zeigen, ob die Durchblutung der herzversorgenden Arterien eingeschr\u00e4nkt ist. Auch hilft er, Ihre Belastungsgrenze zu ermitteln und herauszufinden, welche Art von k\u00f6rperlicher Aktivit\u00e4t in welcher Belastungsst\u00e4rke f\u00fcr Sie am besten geeignet ist.<\/p>\n<p>Belastungstests sind hilfreich f\u00fcr die Diagnose der <strong>Koronaren Herzkrankheit<\/strong>, einem Hauptrisikofaktor f\u00fcr die Entwicklung einer Herzinsuffizienz, und f\u00fcr die Ermittlung Ihrer <strong>k\u00f6rperlichen Belastbarkeitsgrenze<\/strong>. ].<\/p>\n<table border=\"1\" width=\"100%\" cellspacing=\"0\" cellpadding=\"0\">\n<tbody>\n<tr>\n<td width=\"100%\"><img decoding=\"async\" class=\"alignleft size-full wp-image-6737\" src=\"https:\/\/cdn-endpoint-hfm.azureedge.net\/heartfailurematters\/2021\/02\/Patient-during-an-exercise-test.jpg\" alt=\"\" width=\"211\" height=\"206\" \/><\/td>\n<\/tr>\n<tr>\n<td width=\"100%\"><span class=\"caption\">\u00a9 Siemens<\/span><br \/>\n<span style=\"font-size: medium;\">Patient w\u00e4hrend einem Belastungstest<\/span><\/td>\n<\/tr>\n<\/tbody>\n<\/table>\n<p>Zur\u00fcck zu \u201e\u00dcbliche Tests zum Nachweis einer Herzinsuffizienz?\u201c<\/p>\n","protected":false},"excerpt":{"rendered":"<p>Belastungstestshelfen Ihrem Arzt herauszufinden, wie gut Ihr Herz mit k\u00f6rperlicher Belastung oder Stress zurechtkommt. Die Tests beinhalten k\u00f6rperliches Training auf einem Laufband oder Ergometer, w\u00e4hrend dessen Herzfrequenz, Atmung und Blutdruck sowie die elektrische Aktivit\u00e4t in Ihrem Herzen \u00fcberwacht werden. Dazu werden Sie an ein \u00dcberwachungsger\u00e4t angeschlossen und gebeten, langsam auf einem Laufband zu gehen oder [&hellip;]<\/p>\n","protected":false},"author":1,"featured_media":10667,"parent":1371,"menu_order":0,"comment_status":"open","ping_status":"open","template":"","meta":{"_acf_changed":false,"footnotes":""},"categories":[],"tags":[],"class_list":["post-1543","page","type-page","status-publish","has-post-thumbnail","hentry"],"acf":[],"yoast_head":"<!-- This site is optimized with the Yoast SEO plugin v24.8.1 - https:\/\/yoast.com\/wordpress\/plugins\/seo\/ -->\n<title>Belastungstests bei Herzinsuffizienz<\/title>\n<meta name=\"description\" content=\"Belastungsuntersuchungen helfen Ihrem Arzt herauszufinden, wie gut Ihr Herz mit Bewegung oder Stress umgeht. Der Test beinhaltet das Training auf einem Laufband, w\u00e4hrend Herzfrequenz, Atmung, Blutdruck und die elektrische Aktivit\u00e4t in Ihrem Herz \u00fcberwacht werden.\" \/>\n<meta name=\"robots\" content=\"index, follow, max-snippet:-1, max-image-preview:large, max-video-preview:-1\" \/>\n<link rel=\"canonical\" href=\"https:\/\/www.heartfailurematters.org\/de\/herzinsuffizienz-verstehen\/belastungstests\/\" \/>\n<meta property=\"og:locale\" content=\"de_DE\" \/>\n<meta property=\"og:type\" content=\"article\" \/>\n<meta property=\"og:title\" content=\"Belastungstests bei Herzinsuffizienz\" \/>\n<meta property=\"og:description\" content=\"Belastungsuntersuchungen helfen Ihrem Arzt herauszufinden, wie gut Ihr Herz mit Bewegung oder Stress umgeht. Der Test beinhaltet das Training auf einem Laufband, w\u00e4hrend Herzfrequenz, Atmung, Blutdruck und die elektrische Aktivit\u00e4t in Ihrem Herz \u00fcberwacht werden.\" \/>\n<meta property=\"og:url\" content=\"https:\/\/www.heartfailurematters.org\/de\/herzinsuffizienz-verstehen\/belastungstests\/\" \/>\n<meta property=\"og:site_name\" content=\"Heart Failure Matters\" \/>\n<meta property=\"article:publisher\" content=\"https:\/\/www.facebook.com\/heartfailurematters\" \/>\n<meta property=\"article:modified_time\" content=\"2021-07-27T14:03:16+00:00\" \/>\n<meta property=\"og:image\" content=\"https:\/\/www.heartfailurematters.org\/wp-content\/uploads\/2022\/02\/shutterstock_362699957-1-min.jpg\" \/>\n\t<meta property=\"og:image:width\" content=\"900\" \/>\n\t<meta property=\"og:image:height\" content=\"600\" \/>\n\t<meta property=\"og:image:type\" content=\"image\/jpeg\" \/>\n<meta name=\"twitter:card\" content=\"summary_large_image\" \/>\n<meta name=\"twitter:label1\" content=\"Gesch\u00e4tzte Lesezeit\" \/>\n\t<meta name=\"twitter:data1\" content=\"2\u00a0Minuten\" \/>\n<script type=\"application\/ld+json\" class=\"yoast-schema-graph\">{\"@context\":\"https:\/\/schema.org\",\"@graph\":[{\"@type\":\"WebPage\",\"@id\":\"https:\/\/www.heartfailurematters.org\/de\/herzinsuffizienz-verstehen\/belastungstests\/\",\"url\":\"https:\/\/www.heartfailurematters.org\/de\/herzinsuffizienz-verstehen\/belastungstests\/\",\"name\":\"Belastungstests bei Herzinsuffizienz\",\"isPartOf\":{\"@id\":\"https:\/\/www.heartfailurematters.org\/de\/#website\"},\"primaryImageOfPage\":{\"@id\":\"https:\/\/www.heartfailurematters.org\/de\/herzinsuffizienz-verstehen\/belastungstests\/#primaryimage\"},\"image\":{\"@id\":\"https:\/\/www.heartfailurematters.org\/de\/herzinsuffizienz-verstehen\/belastungstests\/#primaryimage\"},\"thumbnailUrl\":\"https:\/\/www.heartfailurematters.org\/wp-content\/uploads\/2022\/02\/shutterstock_362699957-1-min.jpg\",\"datePublished\":\"2021-01-27T22:00:59+00:00\",\"dateModified\":\"2021-07-27T14:03:16+00:00\",\"description\":\"Belastungsuntersuchungen helfen Ihrem Arzt herauszufinden, wie gut Ihr Herz mit Bewegung oder Stress umgeht. Der Test beinhaltet das Training auf einem Laufband, w\u00e4hrend Herzfrequenz, Atmung, Blutdruck und die elektrische Aktivit\u00e4t in Ihrem Herz \u00fcberwacht werden.\",\"breadcrumb\":{\"@id\":\"https:\/\/www.heartfailurematters.org\/de\/herzinsuffizienz-verstehen\/belastungstests\/#breadcrumb\"},\"inLanguage\":\"de\",\"potentialAction\":[{\"@type\":\"ReadAction\",\"target\":[\"https:\/\/www.heartfailurematters.org\/de\/herzinsuffizienz-verstehen\/belastungstests\/\"]}]},{\"@type\":\"ImageObject\",\"inLanguage\":\"de\",\"@id\":\"https:\/\/www.heartfailurematters.org\/de\/herzinsuffizienz-verstehen\/belastungstests\/#primaryimage\",\"url\":\"https:\/\/www.heartfailurematters.org\/wp-content\/uploads\/2022\/02\/shutterstock_362699957-1-min.jpg\",\"contentUrl\":\"https:\/\/www.heartfailurematters.org\/wp-content\/uploads\/2022\/02\/shutterstock_362699957-1-min.jpg\",\"width\":900,\"height\":600},{\"@type\":\"BreadcrumbList\",\"@id\":\"https:\/\/www.heartfailurematters.org\/de\/herzinsuffizienz-verstehen\/belastungstests\/#breadcrumb\",\"itemListElement\":[{\"@type\":\"ListItem\",\"position\":1,\"name\":\"Startseite\",\"item\":\"https:\/\/www.heartfailurematters.org\/de\/\"},{\"@type\":\"ListItem\",\"position\":2,\"name\":\"Herzinsuffizienz verstehen\",\"item\":\"https:\/\/www.heartfailurematters.org\/de\/herzinsuffizienz-verstehen\/\"},{\"@type\":\"ListItem\",\"position\":3,\"name\":\"Belastungstests\"}]},{\"@type\":\"WebSite\",\"@id\":\"https:\/\/www.heartfailurematters.org\/de\/#website\",\"url\":\"https:\/\/www.heartfailurematters.org\/de\/\",\"name\":\"Heart Failure Matters\",\"description\":\"Practical information for patients, families and caregivers.\",\"publisher\":{\"@id\":\"https:\/\/www.heartfailurematters.org\/de\/#organization\"},\"potentialAction\":[{\"@type\":\"SearchAction\",\"target\":{\"@type\":\"EntryPoint\",\"urlTemplate\":\"https:\/\/www.heartfailurematters.org\/de\/?s={search_term_string}\"},\"query-input\":{\"@type\":\"PropertyValueSpecification\",\"valueRequired\":true,\"valueName\":\"search_term_string\"}}],\"inLanguage\":\"de\"},{\"@type\":\"Organization\",\"@id\":\"https:\/\/www.heartfailurematters.org\/de\/#organization\",\"name\":\"Heart Failure Matters\",\"url\":\"https:\/\/www.heartfailurematters.org\/de\/\",\"logo\":{\"@type\":\"ImageObject\",\"inLanguage\":\"de\",\"@id\":\"https:\/\/www.heartfailurematters.org\/de\/#\/schema\/logo\/image\/\",\"url\":\"https:\/\/cdn-endpoint-hfm.azureedge.net\/heartfailurematters\/2024\/07\/hfm-logo1.jpg\",\"contentUrl\":\"https:\/\/cdn-endpoint-hfm.azureedge.net\/heartfailurematters\/2024\/07\/hfm-logo1.jpg\",\"width\":1280,\"height\":720,\"caption\":\"Heart Failure Matters\"},\"image\":{\"@id\":\"https:\/\/www.heartfailurematters.org\/de\/#\/schema\/logo\/image\/\"},\"sameAs\":[\"https:\/\/www.facebook.com\/heartfailurematters\"]}]}<\/script>\n<!-- \/ Yoast SEO plugin. -->","yoast_head_json":{"title":"Belastungstests bei Herzinsuffizienz","description":"Belastungsuntersuchungen helfen Ihrem Arzt herauszufinden, wie gut Ihr Herz mit Bewegung oder Stress umgeht. Der Test beinhaltet das Training auf einem Laufband, w\u00e4hrend Herzfrequenz, Atmung, Blutdruck und die elektrische Aktivit\u00e4t in Ihrem Herz \u00fcberwacht werden.","robots":{"index":"index","follow":"follow","max-snippet":"max-snippet:-1","max-image-preview":"max-image-preview:large","max-video-preview":"max-video-preview:-1"},"canonical":"https:\/\/www.heartfailurematters.org\/de\/herzinsuffizienz-verstehen\/belastungstests\/","og_locale":"de_DE","og_type":"article","og_title":"Belastungstests bei Herzinsuffizienz","og_description":"Belastungsuntersuchungen helfen Ihrem Arzt herauszufinden, wie gut Ihr Herz mit Bewegung oder Stress umgeht. Der Test beinhaltet das Training auf einem Laufband, w\u00e4hrend Herzfrequenz, Atmung, Blutdruck und die elektrische Aktivit\u00e4t in Ihrem Herz \u00fcberwacht werden.","og_url":"https:\/\/www.heartfailurematters.org\/de\/herzinsuffizienz-verstehen\/belastungstests\/","og_site_name":"Heart Failure Matters","article_publisher":"https:\/\/www.facebook.com\/heartfailurematters","article_modified_time":"2021-07-27T14:03:16+00:00","og_image":[{"width":900,"height":600,"url":"https:\/\/www.heartfailurematters.org\/wp-content\/uploads\/2022\/02\/shutterstock_362699957-1-min.jpg","type":"image\/jpeg"}],"twitter_card":"summary_large_image","twitter_misc":{"Gesch\u00e4tzte Lesezeit":"2\u00a0Minuten"},"schema":{"@context":"https:\/\/schema.org","@graph":[{"@type":"WebPage","@id":"https:\/\/www.heartfailurematters.org\/de\/herzinsuffizienz-verstehen\/belastungstests\/","url":"https:\/\/www.heartfailurematters.org\/de\/herzinsuffizienz-verstehen\/belastungstests\/","name":"Belastungstests bei Herzinsuffizienz","isPartOf":{"@id":"https:\/\/www.heartfailurematters.org\/de\/#website"},"primaryImageOfPage":{"@id":"https:\/\/www.heartfailurematters.org\/de\/herzinsuffizienz-verstehen\/belastungstests\/#primaryimage"},"image":{"@id":"https:\/\/www.heartfailurematters.org\/de\/herzinsuffizienz-verstehen\/belastungstests\/#primaryimage"},"thumbnailUrl":"https:\/\/www.heartfailurematters.org\/wp-content\/uploads\/2022\/02\/shutterstock_362699957-1-min.jpg","datePublished":"2021-01-27T22:00:59+00:00","dateModified":"2021-07-27T14:03:16+00:00","description":"Belastungsuntersuchungen helfen Ihrem Arzt herauszufinden, wie gut Ihr Herz mit Bewegung oder Stress umgeht. Der Test beinhaltet das Training auf einem Laufband, w\u00e4hrend Herzfrequenz, Atmung, Blutdruck und die elektrische Aktivit\u00e4t in Ihrem Herz \u00fcberwacht werden.","breadcrumb":{"@id":"https:\/\/www.heartfailurematters.org\/de\/herzinsuffizienz-verstehen\/belastungstests\/#breadcrumb"},"inLanguage":"de","potentialAction":[{"@type":"ReadAction","target":["https:\/\/www.heartfailurematters.org\/de\/herzinsuffizienz-verstehen\/belastungstests\/"]}]},{"@type":"ImageObject","inLanguage":"de","@id":"https:\/\/www.heartfailurematters.org\/de\/herzinsuffizienz-verstehen\/belastungstests\/#primaryimage","url":"https:\/\/www.heartfailurematters.org\/wp-content\/uploads\/2022\/02\/shutterstock_362699957-1-min.jpg","contentUrl":"https:\/\/www.heartfailurematters.org\/wp-content\/uploads\/2022\/02\/shutterstock_362699957-1-min.jpg","width":900,"height":600},{"@type":"BreadcrumbList","@id":"https:\/\/www.heartfailurematters.org\/de\/herzinsuffizienz-verstehen\/belastungstests\/#breadcrumb","itemListElement":[{"@type":"ListItem","position":1,"name":"Startseite","item":"https:\/\/www.heartfailurematters.org\/de\/"},{"@type":"ListItem","position":2,"name":"Herzinsuffizienz verstehen","item":"https:\/\/www.heartfailurematters.org\/de\/herzinsuffizienz-verstehen\/"},{"@type":"ListItem","position":3,"name":"Belastungstests"}]},{"@type":"WebSite","@id":"https:\/\/www.heartfailurematters.org\/de\/#website","url":"https:\/\/www.heartfailurematters.org\/de\/","name":"Heart Failure Matters","description":"Practical information for patients, families and caregivers.","publisher":{"@id":"https:\/\/www.heartfailurematters.org\/de\/#organization"},"potentialAction":[{"@type":"SearchAction","target":{"@type":"EntryPoint","urlTemplate":"https:\/\/www.heartfailurematters.org\/de\/?s={search_term_string}"},"query-input":{"@type":"PropertyValueSpecification","valueRequired":true,"valueName":"search_term_string"}}],"inLanguage":"de"},{"@type":"Organization","@id":"https:\/\/www.heartfailurematters.org\/de\/#organization","name":"Heart Failure Matters","url":"https:\/\/www.heartfailurematters.org\/de\/","logo":{"@type":"ImageObject","inLanguage":"de","@id":"https:\/\/www.heartfailurematters.org\/de\/#\/schema\/logo\/image\/","url":"https:\/\/cdn-endpoint-hfm.azureedge.net\/heartfailurematters\/2024\/07\/hfm-logo1.jpg","contentUrl":"https:\/\/cdn-endpoint-hfm.azureedge.net\/heartfailurematters\/2024\/07\/hfm-logo1.jpg","width":1280,"height":720,"caption":"Heart Failure Matters"},"image":{"@id":"https:\/\/www.heartfailurematters.org\/de\/#\/schema\/logo\/image\/"},"sameAs":["https:\/\/www.facebook.com\/heartfailurematters"]}]}},"_links":{"self":[{"href":"https:\/\/www.heartfailurematters.org\/de\/wp-json\/wp\/v2\/pages\/1543","targetHints":{"allow":["GET"]}}],"collection":[{"href":"https:\/\/www.heartfailurematters.org\/de\/wp-json\/wp\/v2\/pages"}],"about":[{"href":"https:\/\/www.heartfailurematters.org\/de\/wp-json\/wp\/v2\/types\/page"}],"author":[{"embeddable":true,"href":"https:\/\/www.heartfailurematters.org\/de\/wp-json\/wp\/v2\/users\/1"}],"replies":[{"embeddable":true,"href":"https:\/\/www.heartfailurematters.org\/de\/wp-json\/wp\/v2\/comments?post=1543"}],"version-history":[{"count":2,"href":"https:\/\/www.heartfailurematters.org\/de\/wp-json\/wp\/v2\/pages\/1543\/revisions"}],"predecessor-version":[{"id":9605,"href":"https:\/\/www.heartfailurematters.org\/de\/wp-json\/wp\/v2\/pages\/1543\/revisions\/9605"}],"up":[{"embeddable":true,"href":"https:\/\/www.heartfailurematters.org\/de\/wp-json\/wp\/v2\/pages\/1371"}],"wp:featuredmedia":[{"embeddable":true,"href":"https:\/\/www.heartfailurematters.org\/de\/wp-json\/wp\/v2\/media\/10667"}],"wp:attachment":[{"href":"https:\/\/www.heartfailurematters.org\/de\/wp-json\/wp\/v2\/media?parent=1543"}],"wp:term":[{"taxonomy":"category","embeddable":true,"href":"https:\/\/www.heartfailurematters.org\/de\/wp-json\/wp\/v2\/categories?post=1543"},{"taxonomy":"post_tag","embeddable":true,"href":"https:\/\/www.heartfailurematters.org\/de\/wp-json\/wp\/v2\/tags?post=1543"}],"curies":[{"name":"wp","href":"https:\/\/api.w.org\/{rel}","templated":true}]}}