{"id":1541,"date":"2021-01-27T22:00:59","date_gmt":"2021-01-27T22:00:59","guid":{"rendered":"http:\/\/heartfailurematters.local:8888\/ernaehrungsumstellung-fluessigkeiten\/"},"modified":"2021-01-27T22:00:59","modified_gmt":"2021-01-27T22:00:59","slug":"ernaehrungsumstellung-fluessigkeiten","status":"publish","type":"page","link":"https:\/\/www.heartfailurematters.org\/de\/das-koennen-sie-tun\/ernaehrungsumstellung-fluessigkeiten\/","title":{"rendered":"Ern\u00e4hrungsumstellung: Fl\u00fcssigkeiten"},"content":{"rendered":"<p>Die kontrollierte Aufnahme von Fl&uuml;ssigkeit kann f&uuml;r Patienten mit Herzinsuffizienz wichtig sein.<\/p>\n<h2>Warum ist es wichtig, auf die richtige Trinkmenge zu achten?<\/h2>\n<p>Eine Wasser- und Salzretention bewirkt eine Fl&uuml;ssigkeitsansammlung im Blut. Ihr Herz muss h&auml;rter arbeiten, um das erh&ouml;hte Blutvolumen durch den K&ouml;rper zu pumpen. Die &uuml;berfl&uuml;ssige Fl&uuml;ssigkeit kann sich in Ihren Lungen anstauen, so dass das Atmen schwerer f&auml;llt, oder im Bauch, sodass Ess- und Verdauungsst&ouml;rungen auftreten, oder in den Unterschenkeln.<\/p>\n<h2><strong>Wie kann ich auf die richtige Trinkmenge achten?<\/strong><\/h2>\n<p>Es kann sein, dass Ihnen Ihr Arzt als <strong>Diuretika <\/strong>bezeichnete Medikamente verschreibt, um die eingelagerte &uuml;bersch&uuml;ssige Fl&uuml;ssigkeit loszuwerden. Sie sollten jedoch darauf achten, dies nicht durch zus&auml;tzliches Trinken wieder auszugleichen.<\/p>\n<p>Ihr Arzt oder die Sie betreuende Pflegeperson werden Ihnen m&ouml;glicherweise empfehlen, wie viel Sie t&auml;glich trinken sollten<\/p>\n<h2><strong>Wichtige Tipps f&uuml;r die Begrenzung der Trinkmenge:<\/strong><\/h2>\n<ul>\n<li>Verwenden Sie kleine Tassen anstelle von Bechern<\/li>\n<li>Versuchen Sie, die t&auml;glich erlaubte Menge &uuml;ber den ganzen Tag zu verteilen.<\/li>\n<li>Versuchen Sie sehr kalte oder sehr hei&szlig;e Getr&auml;nke zu sich zu nehmen &ndash; dann dauert das Trinken l&auml;nger.<\/li>\n<li>Wenn es sehr hei&szlig; ist oder Sie Fieber oder Durchfall haben, sollten Sie zus&auml;tzlich 100 bis 300 ml zu sich nehmen.<\/li>\n<\/ul>\n<h2><strong>Wichtige Tipps bei Durst:<\/strong><\/h2>\n<ul>\n<li>Lutschen Sie einen Eisw&uuml;rfel<\/li>\n<li>Begrenzen Sie den Konsum koffeinhaltiger Getr&auml;nke (einschlie&szlig;lich Kaffee, Tee und mancher Limonaden wie z. B. Cola)<\/li>\n<li>Begrenzen Sie den Konsum alkoholischer Getr&auml;nke<\/li>\n<li>Verwenden Sie Limone-Glycerin-Mundst&auml;bchen f&uuml;r ein frisch-hygienisches Mundgef&uuml;hl<\/li>\n<li>Kauen Sie Kaugummi<\/li>\n<li>Essen Sie gefrorene Fr&uuml;chte<\/li>\n<li>Geben Sie in Ihren Tee oder Ihr Mineralwasser etwas Zitronensaft.<\/li>\n<\/ul>\n<p><a href=\"https:\/\/www.heartfailurematters.org\/de\/das-koennen-sie-tun\/ernaehrungsumstellung\/\">Zur&uuml;ck zu &bdquo;Ern&auml;hrungsumstellung&rdquo;<\/a><\/p>\n","protected":false},"excerpt":{"rendered":"<p>Die kontrollierte Aufnahme von Fl&uuml;ssigkeit kann f&uuml;r Patienten mit Herzinsuffizienz wichtig sein. Warum ist es wichtig, auf die richtige Trinkmenge zu achten? Eine Wasser- und Salzretention bewirkt eine Fl&uuml;ssigkeitsansammlung im Blut. Ihr Herz muss h&auml;rter arbeiten, um das erh&ouml;hte Blutvolumen durch den K&ouml;rper zu pumpen. Die &uuml;berfl&uuml;ssige Fl&uuml;ssigkeit kann sich in Ihren Lungen anstauen, so [&hellip;]<\/p>\n","protected":false},"author":1,"featured_media":11018,"parent":2716,"menu_order":0,"comment_status":"open","ping_status":"open","template":"","meta":{"_acf_changed":false,"footnotes":""},"categories":[],"tags":[],"class_list":["post-1541","page","type-page","status-publish","has-post-thumbnail","hentry"],"acf":[],"yoast_head":"<!-- This site is optimized with the Yoast SEO plugin v24.8.1 - https:\/\/yoast.com\/wordpress\/plugins\/seo\/ -->\n<title>Ern\u00e4hrungsumstellung: Fl\u00fcssigkeit<\/title>\n<meta name=\"description\" content=\"Die Kontrolle der Fl\u00fcssigkeitsaufnahme kann f\u00fcr Patienten mit Herzinsuffizienz wichtig sein. Die Kontrolle der Fl\u00fcssigkeitsaufnahme kann f\u00fcr Patienten mit Herzinsuffizienz wichtig sein.\" \/>\n<meta name=\"robots\" content=\"index, follow, max-snippet:-1, max-image-preview:large, max-video-preview:-1\" \/>\n<link rel=\"canonical\" href=\"https:\/\/www.heartfailurematters.org\/de\/das-koennen-sie-tun\/ernaehrungsumstellung-fluessigkeiten\/\" \/>\n<meta property=\"og:locale\" content=\"de_DE\" \/>\n<meta property=\"og:type\" content=\"article\" \/>\n<meta property=\"og:title\" content=\"Ern\u00e4hrungsumstellung: Fl\u00fcssigkeit\" \/>\n<meta property=\"og:description\" content=\"Die Kontrolle der Fl\u00fcssigkeitsaufnahme kann f\u00fcr Patienten mit Herzinsuffizienz wichtig sein. Die Kontrolle der Fl\u00fcssigkeitsaufnahme kann f\u00fcr Patienten mit Herzinsuffizienz wichtig sein.\" \/>\n<meta property=\"og:url\" content=\"https:\/\/www.heartfailurematters.org\/de\/das-koennen-sie-tun\/ernaehrungsumstellung-fluessigkeiten\/\" \/>\n<meta property=\"og:site_name\" content=\"Heart Failure Matters\" \/>\n<meta property=\"article:publisher\" content=\"https:\/\/www.facebook.com\/heartfailurematters\" \/>\n<meta property=\"og:image\" content=\"https:\/\/www.heartfailurematters.org\/wp-content\/uploads\/2022\/03\/shutterstock_1064420267-1-min.jpg\" \/>\n\t<meta property=\"og:image:width\" content=\"900\" \/>\n\t<meta property=\"og:image:height\" content=\"624\" \/>\n\t<meta property=\"og:image:type\" content=\"image\/jpeg\" \/>\n<meta name=\"twitter:card\" content=\"summary_large_image\" \/>\n<meta name=\"twitter:label1\" content=\"Gesch\u00e4tzte Lesezeit\" \/>\n\t<meta name=\"twitter:data1\" content=\"2\u00a0Minuten\" \/>\n<script type=\"application\/ld+json\" class=\"yoast-schema-graph\">{\"@context\":\"https:\/\/schema.org\",\"@graph\":[{\"@type\":\"WebPage\",\"@id\":\"https:\/\/www.heartfailurematters.org\/de\/das-koennen-sie-tun\/ernaehrungsumstellung-fluessigkeiten\/\",\"url\":\"https:\/\/www.heartfailurematters.org\/de\/das-koennen-sie-tun\/ernaehrungsumstellung-fluessigkeiten\/\",\"name\":\"Ern\u00e4hrungsumstellung: Fl\u00fcssigkeit\",\"isPartOf\":{\"@id\":\"https:\/\/www.heartfailurematters.org\/de\/#website\"},\"primaryImageOfPage\":{\"@id\":\"https:\/\/www.heartfailurematters.org\/de\/das-koennen-sie-tun\/ernaehrungsumstellung-fluessigkeiten\/#primaryimage\"},\"image\":{\"@id\":\"https:\/\/www.heartfailurematters.org\/de\/das-koennen-sie-tun\/ernaehrungsumstellung-fluessigkeiten\/#primaryimage\"},\"thumbnailUrl\":\"https:\/\/www.heartfailurematters.org\/wp-content\/uploads\/2022\/03\/shutterstock_1064420267-1-min.jpg\",\"datePublished\":\"2021-01-27T22:00:59+00:00\",\"description\":\"Die Kontrolle der Fl\u00fcssigkeitsaufnahme kann f\u00fcr Patienten mit Herzinsuffizienz wichtig sein. Die Kontrolle der Fl\u00fcssigkeitsaufnahme kann f\u00fcr Patienten mit Herzinsuffizienz wichtig sein.\",\"breadcrumb\":{\"@id\":\"https:\/\/www.heartfailurematters.org\/de\/das-koennen-sie-tun\/ernaehrungsumstellung-fluessigkeiten\/#breadcrumb\"},\"inLanguage\":\"de\",\"potentialAction\":[{\"@type\":\"ReadAction\",\"target\":[\"https:\/\/www.heartfailurematters.org\/de\/das-koennen-sie-tun\/ernaehrungsumstellung-fluessigkeiten\/\"]}]},{\"@type\":\"ImageObject\",\"inLanguage\":\"de\",\"@id\":\"https:\/\/www.heartfailurematters.org\/de\/das-koennen-sie-tun\/ernaehrungsumstellung-fluessigkeiten\/#primaryimage\",\"url\":\"https:\/\/www.heartfailurematters.org\/wp-content\/uploads\/2022\/03\/shutterstock_1064420267-1-min.jpg\",\"contentUrl\":\"https:\/\/www.heartfailurematters.org\/wp-content\/uploads\/2022\/03\/shutterstock_1064420267-1-min.jpg\",\"width\":900,\"height\":624},{\"@type\":\"BreadcrumbList\",\"@id\":\"https:\/\/www.heartfailurematters.org\/de\/das-koennen-sie-tun\/ernaehrungsumstellung-fluessigkeiten\/#breadcrumb\",\"itemListElement\":[{\"@type\":\"ListItem\",\"position\":1,\"name\":\"Startseite\",\"item\":\"https:\/\/www.heartfailurematters.org\/de\/\"},{\"@type\":\"ListItem\",\"position\":2,\"name\":\"Das k\u00f6nnen Sie tun\",\"item\":\"https:\/\/www.heartfailurematters.org\/de\/das-koennen-sie-tun\/\"},{\"@type\":\"ListItem\",\"position\":3,\"name\":\"Ern\u00e4hrungsumstellung: Fl\u00fcssigkeiten\"}]},{\"@type\":\"WebSite\",\"@id\":\"https:\/\/www.heartfailurematters.org\/de\/#website\",\"url\":\"https:\/\/www.heartfailurematters.org\/de\/\",\"name\":\"Heart Failure Matters\",\"description\":\"Practical information for patients, families and caregivers.\",\"publisher\":{\"@id\":\"https:\/\/www.heartfailurematters.org\/de\/#organization\"},\"potentialAction\":[{\"@type\":\"SearchAction\",\"target\":{\"@type\":\"EntryPoint\",\"urlTemplate\":\"https:\/\/www.heartfailurematters.org\/de\/?s={search_term_string}\"},\"query-input\":{\"@type\":\"PropertyValueSpecification\",\"valueRequired\":true,\"valueName\":\"search_term_string\"}}],\"inLanguage\":\"de\"},{\"@type\":\"Organization\",\"@id\":\"https:\/\/www.heartfailurematters.org\/de\/#organization\",\"name\":\"Heart Failure Matters\",\"url\":\"https:\/\/www.heartfailurematters.org\/de\/\",\"logo\":{\"@type\":\"ImageObject\",\"inLanguage\":\"de\",\"@id\":\"https:\/\/www.heartfailurematters.org\/de\/#\/schema\/logo\/image\/\",\"url\":\"https:\/\/cdn-endpoint-hfm.azureedge.net\/heartfailurematters\/2024\/07\/hfm-logo1.jpg\",\"contentUrl\":\"https:\/\/cdn-endpoint-hfm.azureedge.net\/heartfailurematters\/2024\/07\/hfm-logo1.jpg\",\"width\":1280,\"height\":720,\"caption\":\"Heart Failure Matters\"},\"image\":{\"@id\":\"https:\/\/www.heartfailurematters.org\/de\/#\/schema\/logo\/image\/\"},\"sameAs\":[\"https:\/\/www.facebook.com\/heartfailurematters\"]}]}<\/script>\n<!-- \/ Yoast SEO plugin. -->","yoast_head_json":{"title":"Ern\u00e4hrungsumstellung: Fl\u00fcssigkeit","description":"Die Kontrolle der Fl\u00fcssigkeitsaufnahme kann f\u00fcr Patienten mit Herzinsuffizienz wichtig sein. Die Kontrolle der Fl\u00fcssigkeitsaufnahme kann f\u00fcr Patienten mit Herzinsuffizienz wichtig sein.","robots":{"index":"index","follow":"follow","max-snippet":"max-snippet:-1","max-image-preview":"max-image-preview:large","max-video-preview":"max-video-preview:-1"},"canonical":"https:\/\/www.heartfailurematters.org\/de\/das-koennen-sie-tun\/ernaehrungsumstellung-fluessigkeiten\/","og_locale":"de_DE","og_type":"article","og_title":"Ern\u00e4hrungsumstellung: Fl\u00fcssigkeit","og_description":"Die Kontrolle der Fl\u00fcssigkeitsaufnahme kann f\u00fcr Patienten mit Herzinsuffizienz wichtig sein. Die Kontrolle der Fl\u00fcssigkeitsaufnahme kann f\u00fcr Patienten mit Herzinsuffizienz wichtig sein.","og_url":"https:\/\/www.heartfailurematters.org\/de\/das-koennen-sie-tun\/ernaehrungsumstellung-fluessigkeiten\/","og_site_name":"Heart Failure Matters","article_publisher":"https:\/\/www.facebook.com\/heartfailurematters","og_image":[{"width":900,"height":624,"url":"https:\/\/www.heartfailurematters.org\/wp-content\/uploads\/2022\/03\/shutterstock_1064420267-1-min.jpg","type":"image\/jpeg"}],"twitter_card":"summary_large_image","twitter_misc":{"Gesch\u00e4tzte Lesezeit":"2\u00a0Minuten"},"schema":{"@context":"https:\/\/schema.org","@graph":[{"@type":"WebPage","@id":"https:\/\/www.heartfailurematters.org\/de\/das-koennen-sie-tun\/ernaehrungsumstellung-fluessigkeiten\/","url":"https:\/\/www.heartfailurematters.org\/de\/das-koennen-sie-tun\/ernaehrungsumstellung-fluessigkeiten\/","name":"Ern\u00e4hrungsumstellung: Fl\u00fcssigkeit","isPartOf":{"@id":"https:\/\/www.heartfailurematters.org\/de\/#website"},"primaryImageOfPage":{"@id":"https:\/\/www.heartfailurematters.org\/de\/das-koennen-sie-tun\/ernaehrungsumstellung-fluessigkeiten\/#primaryimage"},"image":{"@id":"https:\/\/www.heartfailurematters.org\/de\/das-koennen-sie-tun\/ernaehrungsumstellung-fluessigkeiten\/#primaryimage"},"thumbnailUrl":"https:\/\/www.heartfailurematters.org\/wp-content\/uploads\/2022\/03\/shutterstock_1064420267-1-min.jpg","datePublished":"2021-01-27T22:00:59+00:00","description":"Die Kontrolle der Fl\u00fcssigkeitsaufnahme kann f\u00fcr Patienten mit Herzinsuffizienz wichtig sein. Die Kontrolle der Fl\u00fcssigkeitsaufnahme kann f\u00fcr Patienten mit Herzinsuffizienz wichtig sein.","breadcrumb":{"@id":"https:\/\/www.heartfailurematters.org\/de\/das-koennen-sie-tun\/ernaehrungsumstellung-fluessigkeiten\/#breadcrumb"},"inLanguage":"de","potentialAction":[{"@type":"ReadAction","target":["https:\/\/www.heartfailurematters.org\/de\/das-koennen-sie-tun\/ernaehrungsumstellung-fluessigkeiten\/"]}]},{"@type":"ImageObject","inLanguage":"de","@id":"https:\/\/www.heartfailurematters.org\/de\/das-koennen-sie-tun\/ernaehrungsumstellung-fluessigkeiten\/#primaryimage","url":"https:\/\/www.heartfailurematters.org\/wp-content\/uploads\/2022\/03\/shutterstock_1064420267-1-min.jpg","contentUrl":"https:\/\/www.heartfailurematters.org\/wp-content\/uploads\/2022\/03\/shutterstock_1064420267-1-min.jpg","width":900,"height":624},{"@type":"BreadcrumbList","@id":"https:\/\/www.heartfailurematters.org\/de\/das-koennen-sie-tun\/ernaehrungsumstellung-fluessigkeiten\/#breadcrumb","itemListElement":[{"@type":"ListItem","position":1,"name":"Startseite","item":"https:\/\/www.heartfailurematters.org\/de\/"},{"@type":"ListItem","position":2,"name":"Das k\u00f6nnen Sie tun","item":"https:\/\/www.heartfailurematters.org\/de\/das-koennen-sie-tun\/"},{"@type":"ListItem","position":3,"name":"Ern\u00e4hrungsumstellung: Fl\u00fcssigkeiten"}]},{"@type":"WebSite","@id":"https:\/\/www.heartfailurematters.org\/de\/#website","url":"https:\/\/www.heartfailurematters.org\/de\/","name":"Heart Failure Matters","description":"Practical information for patients, families and caregivers.","publisher":{"@id":"https:\/\/www.heartfailurematters.org\/de\/#organization"},"potentialAction":[{"@type":"SearchAction","target":{"@type":"EntryPoint","urlTemplate":"https:\/\/www.heartfailurematters.org\/de\/?s={search_term_string}"},"query-input":{"@type":"PropertyValueSpecification","valueRequired":true,"valueName":"search_term_string"}}],"inLanguage":"de"},{"@type":"Organization","@id":"https:\/\/www.heartfailurematters.org\/de\/#organization","name":"Heart Failure Matters","url":"https:\/\/www.heartfailurematters.org\/de\/","logo":{"@type":"ImageObject","inLanguage":"de","@id":"https:\/\/www.heartfailurematters.org\/de\/#\/schema\/logo\/image\/","url":"https:\/\/cdn-endpoint-hfm.azureedge.net\/heartfailurematters\/2024\/07\/hfm-logo1.jpg","contentUrl":"https:\/\/cdn-endpoint-hfm.azureedge.net\/heartfailurematters\/2024\/07\/hfm-logo1.jpg","width":1280,"height":720,"caption":"Heart Failure Matters"},"image":{"@id":"https:\/\/www.heartfailurematters.org\/de\/#\/schema\/logo\/image\/"},"sameAs":["https:\/\/www.facebook.com\/heartfailurematters"]}]}},"_links":{"self":[{"href":"https:\/\/www.heartfailurematters.org\/de\/wp-json\/wp\/v2\/pages\/1541","targetHints":{"allow":["GET"]}}],"collection":[{"href":"https:\/\/www.heartfailurematters.org\/de\/wp-json\/wp\/v2\/pages"}],"about":[{"href":"https:\/\/www.heartfailurematters.org\/de\/wp-json\/wp\/v2\/types\/page"}],"author":[{"embeddable":true,"href":"https:\/\/www.heartfailurematters.org\/de\/wp-json\/wp\/v2\/users\/1"}],"replies":[{"embeddable":true,"href":"https:\/\/www.heartfailurematters.org\/de\/wp-json\/wp\/v2\/comments?post=1541"}],"version-history":[{"count":0,"href":"https:\/\/www.heartfailurematters.org\/de\/wp-json\/wp\/v2\/pages\/1541\/revisions"}],"up":[{"embeddable":true,"href":"https:\/\/www.heartfailurematters.org\/de\/wp-json\/wp\/v2\/pages\/2716"}],"wp:featuredmedia":[{"embeddable":true,"href":"https:\/\/www.heartfailurematters.org\/de\/wp-json\/wp\/v2\/media\/11018"}],"wp:attachment":[{"href":"https:\/\/www.heartfailurematters.org\/de\/wp-json\/wp\/v2\/media?parent=1541"}],"wp:term":[{"taxonomy":"category","embeddable":true,"href":"https:\/\/www.heartfailurematters.org\/de\/wp-json\/wp\/v2\/categories?post=1541"},{"taxonomy":"post_tag","embeddable":true,"href":"https:\/\/www.heartfailurematters.org\/de\/wp-json\/wp\/v2\/tags?post=1541"}],"curies":[{"name":"wp","href":"https:\/\/api.w.org\/{rel}","templated":true}]}}