{"id":1539,"date":"2021-01-27T22:00:59","date_gmt":"2021-01-27T22:00:59","guid":{"rendered":"http:\/\/heartfailurematters.local:8888\/ernaehrungsumstellung-fette-und-cholesterin\/"},"modified":"2021-01-27T22:00:59","modified_gmt":"2021-01-27T22:00:59","slug":"ernaehrungsumstellung-fette-und-cholesterin","status":"publish","type":"page","link":"https:\/\/www.heartfailurematters.org\/de\/das-koennen-sie-tun\/ernaehrungsumstellung-fette-und-cholesterin\/","title":{"rendered":"Ern\u00e4hrungsumstellung: Fette und Cholesterin"},"content":{"rendered":"<p>Im Rahmen einer gesunden Ern&auml;hrung sollten Sie darauf achten, wie viel Fett (insbesondere <a class=\"addtooltip\" title=\"Unges&auml;ttigte Fette: Im Gegensatz zu ges&auml;ttigten Fetten k&ouml;nnen unges&auml;ttigte Fette den Cholesterinspiegel im Blut senken\"><strong>ges&auml;ttigte Fette<\/strong><\/a>) Sie essen.<\/p>\n<p><strong>Warum?<\/strong><\/p>\n<p>Der &uuml;berm&auml;&szlig;ige Verzehr fettreicher Nahrungsmittel kann hohe Blutfettwerte und Cholesterinspiegel zur Folge haben. Hohe Cholesterinspiegel im Blut stehen in Zusammenhang mit der <a class=\"addtooltip\" title=\"Koronare Herzkrankheit: tritt auf, wenn sich die Herzkranzgef&auml;&szlig;e verengen oder ganz verstopfen, was zu einer Verringerung der Durchblutung f&uuml;hrt und zu Angina, Herzinfarkt und Herzinsuffizienz f&uuml;hren kann\"><strong>koronaren Herzkrankheit<\/strong><\/a>, die zu einem <a class=\"addtooltip\" title=\"Herzinfarkt: Sch&auml;den, die im Herzmuskel entstehen, wenn eine Koronararterie blockiert wird und der Blutfluss zu einem Teil des Muskels stark reduziert oder gestoppt wird.\"><strong>Herzanfall<\/strong><\/a> und Herzinsuffizienz f&uuml;hren kann. Au&szlig;erdem enthalten fettreiche Nahrungsmittel auch viele Kalorien, was zu einer Gewichtszunahme f&uuml;hren kann.<\/p>\n<p><strong>Wie?<\/strong><\/p>\n<p>Wenn Sie einen Ern&auml;hrungsberater haben, kann er Ihnen helfen, die f&uuml;r Sie beste Ern&auml;hrung zusammenzustellen. Diese sollte Obst und Gem&uuml;se, Fisch, Gefl&uuml;gel, fettarmes Fleisch, Fleischersatz (z. B. Soja) und <a class=\"addtooltip\" title=\"Unges&auml;ttigte Fette: Im Gegensatz zu ges&auml;ttigten Fetten k&ouml;nnen unges&auml;ttigte Fette den Cholesterinspiegel im Blut senken\"><strong>unges&auml;ttigte Fette<\/strong><\/a> umfassen. Nahrungsmittel mit einem hohen Gehalt an ges&auml;ttigten Fetten wie zum Beispiel in Vollmilchprodukten und rotem Fleisch sollten Sie meiden. Zur Senkung der Cholesterinspiegel kann es auch helfen, weniger Eigelb und tierische Produkte im Allgemeinen zu essen.<\/p>\n<p><a href=\"https:\/\/www.heartfailurematters.org\/de\/das-koennen-sie-tun\/ernaehrungsumstellung\/\">Zur&uuml;ck zu &bdquo;Ern&auml;hrungsumstellung&rdquo;<\/a><\/p>\n","protected":false},"excerpt":{"rendered":"<p>Im Rahmen einer gesunden Ern&auml;hrung sollten Sie darauf achten, wie viel Fett (insbesondere ges&auml;ttigte Fette) Sie essen. Warum? Der &uuml;berm&auml;&szlig;ige Verzehr fettreicher Nahrungsmittel kann hohe Blutfettwerte und Cholesterinspiegel zur Folge haben. Hohe Cholesterinspiegel im Blut stehen in Zusammenhang mit der koronaren Herzkrankheit, die zu einem Herzanfall und Herzinsuffizienz f&uuml;hren kann. Au&szlig;erdem enthalten fettreiche Nahrungsmittel auch [&hellip;]<\/p>\n","protected":false},"author":1,"featured_media":11040,"parent":2716,"menu_order":0,"comment_status":"open","ping_status":"open","template":"","meta":{"_acf_changed":false,"footnotes":""},"categories":[],"tags":[],"class_list":["post-1539","page","type-page","status-publish","has-post-thumbnail","hentry"],"acf":[],"yoast_head":"<!-- This site is optimized with the Yoast SEO plugin v24.8.1 - https:\/\/yoast.com\/wordpress\/plugins\/seo\/ -->\n<title>Ern\u00e4hrung bei Herzinsuffizienz: Fette und Cholesterin<\/title>\n<meta name=\"description\" content=\"Im Rahmen einer gesunden Ern\u00e4hrung sollten Sie darauf achten, wie viel Fett Sie durch Ihre Ern\u00e4hrung aufnehmen (insbesondere ges\u00e4ttigte Fette).\" \/>\n<meta name=\"robots\" content=\"index, follow, max-snippet:-1, max-image-preview:large, max-video-preview:-1\" \/>\n<link rel=\"canonical\" href=\"https:\/\/www.heartfailurematters.org\/de\/das-koennen-sie-tun\/ernaehrungsumstellung-fette-und-cholesterin\/\" \/>\n<meta property=\"og:locale\" content=\"de_DE\" \/>\n<meta property=\"og:type\" content=\"article\" \/>\n<meta property=\"og:title\" content=\"Ern\u00e4hrung bei Herzinsuffizienz: Fette und Cholesterin\" \/>\n<meta property=\"og:description\" content=\"Im Rahmen einer gesunden Ern\u00e4hrung sollten Sie darauf achten, wie viel Fett Sie durch Ihre Ern\u00e4hrung aufnehmen (insbesondere ges\u00e4ttigte Fette).\" \/>\n<meta property=\"og:url\" content=\"https:\/\/www.heartfailurematters.org\/de\/das-koennen-sie-tun\/ernaehrungsumstellung-fette-und-cholesterin\/\" \/>\n<meta property=\"og:site_name\" content=\"Heart Failure Matters\" \/>\n<meta property=\"article:publisher\" content=\"https:\/\/www.facebook.com\/heartfailurematters\" \/>\n<meta property=\"og:image\" content=\"https:\/\/www.heartfailurematters.org\/wp-content\/uploads\/2022\/03\/shutterstock_335916848-1-min.jpg\" \/>\n\t<meta property=\"og:image:width\" content=\"900\" \/>\n\t<meta property=\"og:image:height\" content=\"593\" \/>\n\t<meta property=\"og:image:type\" content=\"image\/jpeg\" \/>\n<meta name=\"twitter:card\" content=\"summary_large_image\" \/>\n<meta name=\"twitter:label1\" content=\"Gesch\u00e4tzte Lesezeit\" \/>\n\t<meta name=\"twitter:data1\" content=\"1\u00a0Minute\" \/>\n<script type=\"application\/ld+json\" class=\"yoast-schema-graph\">{\"@context\":\"https:\/\/schema.org\",\"@graph\":[{\"@type\":\"WebPage\",\"@id\":\"https:\/\/www.heartfailurematters.org\/de\/das-koennen-sie-tun\/ernaehrungsumstellung-fette-und-cholesterin\/\",\"url\":\"https:\/\/www.heartfailurematters.org\/de\/das-koennen-sie-tun\/ernaehrungsumstellung-fette-und-cholesterin\/\",\"name\":\"Ern\u00e4hrung bei Herzinsuffizienz: Fette und Cholesterin\",\"isPartOf\":{\"@id\":\"https:\/\/www.heartfailurematters.org\/de\/#website\"},\"primaryImageOfPage\":{\"@id\":\"https:\/\/www.heartfailurematters.org\/de\/das-koennen-sie-tun\/ernaehrungsumstellung-fette-und-cholesterin\/#primaryimage\"},\"image\":{\"@id\":\"https:\/\/www.heartfailurematters.org\/de\/das-koennen-sie-tun\/ernaehrungsumstellung-fette-und-cholesterin\/#primaryimage\"},\"thumbnailUrl\":\"https:\/\/www.heartfailurematters.org\/wp-content\/uploads\/2022\/03\/shutterstock_335916848-1-min.jpg\",\"datePublished\":\"2021-01-27T22:00:59+00:00\",\"description\":\"Im Rahmen einer gesunden Ern\u00e4hrung sollten Sie darauf achten, wie viel Fett Sie durch Ihre Ern\u00e4hrung aufnehmen (insbesondere ges\u00e4ttigte Fette).\",\"breadcrumb\":{\"@id\":\"https:\/\/www.heartfailurematters.org\/de\/das-koennen-sie-tun\/ernaehrungsumstellung-fette-und-cholesterin\/#breadcrumb\"},\"inLanguage\":\"de\",\"potentialAction\":[{\"@type\":\"ReadAction\",\"target\":[\"https:\/\/www.heartfailurematters.org\/de\/das-koennen-sie-tun\/ernaehrungsumstellung-fette-und-cholesterin\/\"]}]},{\"@type\":\"ImageObject\",\"inLanguage\":\"de\",\"@id\":\"https:\/\/www.heartfailurematters.org\/de\/das-koennen-sie-tun\/ernaehrungsumstellung-fette-und-cholesterin\/#primaryimage\",\"url\":\"https:\/\/www.heartfailurematters.org\/wp-content\/uploads\/2022\/03\/shutterstock_335916848-1-min.jpg\",\"contentUrl\":\"https:\/\/www.heartfailurematters.org\/wp-content\/uploads\/2022\/03\/shutterstock_335916848-1-min.jpg\",\"width\":900,\"height\":593},{\"@type\":\"BreadcrumbList\",\"@id\":\"https:\/\/www.heartfailurematters.org\/de\/das-koennen-sie-tun\/ernaehrungsumstellung-fette-und-cholesterin\/#breadcrumb\",\"itemListElement\":[{\"@type\":\"ListItem\",\"position\":1,\"name\":\"Startseite\",\"item\":\"https:\/\/www.heartfailurematters.org\/de\/\"},{\"@type\":\"ListItem\",\"position\":2,\"name\":\"Das k\u00f6nnen Sie tun\",\"item\":\"https:\/\/www.heartfailurematters.org\/de\/das-koennen-sie-tun\/\"},{\"@type\":\"ListItem\",\"position\":3,\"name\":\"Ern\u00e4hrungsumstellung: Fette und Cholesterin\"}]},{\"@type\":\"WebSite\",\"@id\":\"https:\/\/www.heartfailurematters.org\/de\/#website\",\"url\":\"https:\/\/www.heartfailurematters.org\/de\/\",\"name\":\"Heart Failure Matters\",\"description\":\"Practical information for patients, families and caregivers.\",\"publisher\":{\"@id\":\"https:\/\/www.heartfailurematters.org\/de\/#organization\"},\"potentialAction\":[{\"@type\":\"SearchAction\",\"target\":{\"@type\":\"EntryPoint\",\"urlTemplate\":\"https:\/\/www.heartfailurematters.org\/de\/?s={search_term_string}\"},\"query-input\":{\"@type\":\"PropertyValueSpecification\",\"valueRequired\":true,\"valueName\":\"search_term_string\"}}],\"inLanguage\":\"de\"},{\"@type\":\"Organization\",\"@id\":\"https:\/\/www.heartfailurematters.org\/de\/#organization\",\"name\":\"Heart Failure Matters\",\"url\":\"https:\/\/www.heartfailurematters.org\/de\/\",\"logo\":{\"@type\":\"ImageObject\",\"inLanguage\":\"de\",\"@id\":\"https:\/\/www.heartfailurematters.org\/de\/#\/schema\/logo\/image\/\",\"url\":\"https:\/\/cdn-endpoint-hfm.azureedge.net\/heartfailurematters\/2024\/07\/hfm-logo1.jpg\",\"contentUrl\":\"https:\/\/cdn-endpoint-hfm.azureedge.net\/heartfailurematters\/2024\/07\/hfm-logo1.jpg\",\"width\":1280,\"height\":720,\"caption\":\"Heart Failure Matters\"},\"image\":{\"@id\":\"https:\/\/www.heartfailurematters.org\/de\/#\/schema\/logo\/image\/\"},\"sameAs\":[\"https:\/\/www.facebook.com\/heartfailurematters\"]}]}<\/script>\n<!-- \/ Yoast SEO plugin. -->","yoast_head_json":{"title":"Ern\u00e4hrung bei Herzinsuffizienz: Fette und Cholesterin","description":"Im Rahmen einer gesunden Ern\u00e4hrung sollten Sie darauf achten, wie viel Fett Sie durch Ihre Ern\u00e4hrung aufnehmen (insbesondere ges\u00e4ttigte Fette).","robots":{"index":"index","follow":"follow","max-snippet":"max-snippet:-1","max-image-preview":"max-image-preview:large","max-video-preview":"max-video-preview:-1"},"canonical":"https:\/\/www.heartfailurematters.org\/de\/das-koennen-sie-tun\/ernaehrungsumstellung-fette-und-cholesterin\/","og_locale":"de_DE","og_type":"article","og_title":"Ern\u00e4hrung bei Herzinsuffizienz: Fette und Cholesterin","og_description":"Im Rahmen einer gesunden Ern\u00e4hrung sollten Sie darauf achten, wie viel Fett Sie durch Ihre Ern\u00e4hrung aufnehmen (insbesondere ges\u00e4ttigte Fette).","og_url":"https:\/\/www.heartfailurematters.org\/de\/das-koennen-sie-tun\/ernaehrungsumstellung-fette-und-cholesterin\/","og_site_name":"Heart Failure Matters","article_publisher":"https:\/\/www.facebook.com\/heartfailurematters","og_image":[{"width":900,"height":593,"url":"https:\/\/www.heartfailurematters.org\/wp-content\/uploads\/2022\/03\/shutterstock_335916848-1-min.jpg","type":"image\/jpeg"}],"twitter_card":"summary_large_image","twitter_misc":{"Gesch\u00e4tzte Lesezeit":"1\u00a0Minute"},"schema":{"@context":"https:\/\/schema.org","@graph":[{"@type":"WebPage","@id":"https:\/\/www.heartfailurematters.org\/de\/das-koennen-sie-tun\/ernaehrungsumstellung-fette-und-cholesterin\/","url":"https:\/\/www.heartfailurematters.org\/de\/das-koennen-sie-tun\/ernaehrungsumstellung-fette-und-cholesterin\/","name":"Ern\u00e4hrung bei Herzinsuffizienz: Fette und Cholesterin","isPartOf":{"@id":"https:\/\/www.heartfailurematters.org\/de\/#website"},"primaryImageOfPage":{"@id":"https:\/\/www.heartfailurematters.org\/de\/das-koennen-sie-tun\/ernaehrungsumstellung-fette-und-cholesterin\/#primaryimage"},"image":{"@id":"https:\/\/www.heartfailurematters.org\/de\/das-koennen-sie-tun\/ernaehrungsumstellung-fette-und-cholesterin\/#primaryimage"},"thumbnailUrl":"https:\/\/www.heartfailurematters.org\/wp-content\/uploads\/2022\/03\/shutterstock_335916848-1-min.jpg","datePublished":"2021-01-27T22:00:59+00:00","description":"Im Rahmen einer gesunden Ern\u00e4hrung sollten Sie darauf achten, wie viel Fett Sie durch Ihre Ern\u00e4hrung aufnehmen (insbesondere ges\u00e4ttigte Fette).","breadcrumb":{"@id":"https:\/\/www.heartfailurematters.org\/de\/das-koennen-sie-tun\/ernaehrungsumstellung-fette-und-cholesterin\/#breadcrumb"},"inLanguage":"de","potentialAction":[{"@type":"ReadAction","target":["https:\/\/www.heartfailurematters.org\/de\/das-koennen-sie-tun\/ernaehrungsumstellung-fette-und-cholesterin\/"]}]},{"@type":"ImageObject","inLanguage":"de","@id":"https:\/\/www.heartfailurematters.org\/de\/das-koennen-sie-tun\/ernaehrungsumstellung-fette-und-cholesterin\/#primaryimage","url":"https:\/\/www.heartfailurematters.org\/wp-content\/uploads\/2022\/03\/shutterstock_335916848-1-min.jpg","contentUrl":"https:\/\/www.heartfailurematters.org\/wp-content\/uploads\/2022\/03\/shutterstock_335916848-1-min.jpg","width":900,"height":593},{"@type":"BreadcrumbList","@id":"https:\/\/www.heartfailurematters.org\/de\/das-koennen-sie-tun\/ernaehrungsumstellung-fette-und-cholesterin\/#breadcrumb","itemListElement":[{"@type":"ListItem","position":1,"name":"Startseite","item":"https:\/\/www.heartfailurematters.org\/de\/"},{"@type":"ListItem","position":2,"name":"Das k\u00f6nnen Sie tun","item":"https:\/\/www.heartfailurematters.org\/de\/das-koennen-sie-tun\/"},{"@type":"ListItem","position":3,"name":"Ern\u00e4hrungsumstellung: Fette und Cholesterin"}]},{"@type":"WebSite","@id":"https:\/\/www.heartfailurematters.org\/de\/#website","url":"https:\/\/www.heartfailurematters.org\/de\/","name":"Heart Failure Matters","description":"Practical information for patients, families and caregivers.","publisher":{"@id":"https:\/\/www.heartfailurematters.org\/de\/#organization"},"potentialAction":[{"@type":"SearchAction","target":{"@type":"EntryPoint","urlTemplate":"https:\/\/www.heartfailurematters.org\/de\/?s={search_term_string}"},"query-input":{"@type":"PropertyValueSpecification","valueRequired":true,"valueName":"search_term_string"}}],"inLanguage":"de"},{"@type":"Organization","@id":"https:\/\/www.heartfailurematters.org\/de\/#organization","name":"Heart Failure Matters","url":"https:\/\/www.heartfailurematters.org\/de\/","logo":{"@type":"ImageObject","inLanguage":"de","@id":"https:\/\/www.heartfailurematters.org\/de\/#\/schema\/logo\/image\/","url":"https:\/\/cdn-endpoint-hfm.azureedge.net\/heartfailurematters\/2024\/07\/hfm-logo1.jpg","contentUrl":"https:\/\/cdn-endpoint-hfm.azureedge.net\/heartfailurematters\/2024\/07\/hfm-logo1.jpg","width":1280,"height":720,"caption":"Heart Failure Matters"},"image":{"@id":"https:\/\/www.heartfailurematters.org\/de\/#\/schema\/logo\/image\/"},"sameAs":["https:\/\/www.facebook.com\/heartfailurematters"]}]}},"_links":{"self":[{"href":"https:\/\/www.heartfailurematters.org\/de\/wp-json\/wp\/v2\/pages\/1539","targetHints":{"allow":["GET"]}}],"collection":[{"href":"https:\/\/www.heartfailurematters.org\/de\/wp-json\/wp\/v2\/pages"}],"about":[{"href":"https:\/\/www.heartfailurematters.org\/de\/wp-json\/wp\/v2\/types\/page"}],"author":[{"embeddable":true,"href":"https:\/\/www.heartfailurematters.org\/de\/wp-json\/wp\/v2\/users\/1"}],"replies":[{"embeddable":true,"href":"https:\/\/www.heartfailurematters.org\/de\/wp-json\/wp\/v2\/comments?post=1539"}],"version-history":[{"count":0,"href":"https:\/\/www.heartfailurematters.org\/de\/wp-json\/wp\/v2\/pages\/1539\/revisions"}],"up":[{"embeddable":true,"href":"https:\/\/www.heartfailurematters.org\/de\/wp-json\/wp\/v2\/pages\/2716"}],"wp:featuredmedia":[{"embeddable":true,"href":"https:\/\/www.heartfailurematters.org\/de\/wp-json\/wp\/v2\/media\/11040"}],"wp:attachment":[{"href":"https:\/\/www.heartfailurematters.org\/de\/wp-json\/wp\/v2\/media?parent=1539"}],"wp:term":[{"taxonomy":"category","embeddable":true,"href":"https:\/\/www.heartfailurematters.org\/de\/wp-json\/wp\/v2\/categories?post=1539"},{"taxonomy":"post_tag","embeddable":true,"href":"https:\/\/www.heartfailurematters.org\/de\/wp-json\/wp\/v2\/tags?post=1539"}],"curies":[{"name":"wp","href":"https:\/\/api.w.org\/{rel}","templated":true}]}}