{"id":1538,"date":"2021-01-27T22:00:59","date_gmt":"2021-01-27T22:00:59","guid":{"rendered":"http:\/\/heartfailurematters.local:8888\/aktivitaet-und-koerperliches-training-2\/"},"modified":"2025-12-04T11:24:10","modified_gmt":"2025-12-04T11:24:10","slug":"aktivitaet-und-koerperliches-training","status":"publish","type":"page","link":"https:\/\/www.heartfailurematters.org\/de\/leben-mit-herzinsuffizienz\/aktivitaet-und-koerperliches-training\/","title":{"rendered":"Aktivit\u00e4t und Bewegung"},"content":{"rendered":"<p>K\u00f6rperliche Aktivit\u00e4t und Bewegung sind wichtig. Bewegung kann zu einem allgemein besseren Lebensgef\u00fchl beitragen, die Funktion Ihres Herzens verbessern und Ihre Symptome lindern. Leichte k\u00f6rperliche Aktivit\u00e4t ist f\u00fcr die meisten Menschen mit Herzinsuffizienz von Vorteil.<\/p>\n<h2>Wie?<\/h2>\n<p>Bevor Sie mit einem Trainingsprogramm beginnen oder einer anderen k\u00f6rperlichen Aktivit\u00e4t nachgehen, sollten Sie dies im Rahmen eines \u00e4rztlichen oder medizinischen Beratungsgespr\u00e4chs abkl\u00e4ren, um sicherzustellen, dass Sie Ihr Herz nicht zu schnell zu sehr belasten. Sie k\u00f6nnen sich bei einem lokalen Herzrehabilitationszentrum dar\u00fcber erkundigen, ob es f\u00fcr Ihre Erkrankung geeignete Programme gibt. Ihnen wird wom\u00f6glich empfohlen, zuerst einen Belastungstest zu absolvieren, um das geeignete Ausdauertraining zu ermitteln. Das Rehabilitationsteam kann Sie auch dar\u00fcber beraten, welche Aktivit\u00e4ten vermieden werden sollten.<\/p>\n<p>Der Schl\u00fcssel zum Erfolg ist <strong>regelm\u00e4\u00dfige<\/strong> k\u00f6rperliche Aktivit\u00e4t. Planen Sie die sportliche Aktivit\u00e4ten 1-2 Stunden nach einer leichten Mahlzeit ein. F\u00fcr die Integration k\u00f6rperlicher oder sportlicher Aktivit\u00e4ten in Ihren Alltag sollten <strong>Sie eine Aktivit\u00e4t ausw\u00e4hlen, die Ihnen Spa\u00df macht<\/strong>. Bewegungsaktivit\u00e4ten mit einer befreundeten Person sind au\u00dferdem hilfreich, um sich gegenseitig zu motivieren. F\u00fchren Sie vor bzw. nach dem Training stets, \u00fcber eine bestimmte Dauer, ein Aufw\u00e4rmen bzw. Abk\u00fchlen mit Dehnungs\u00fcbungen durch. Eine qualifizierte \u00dcbungsleiterin\/ein qualifizierter \u00dcbungsleiter kann Ihnen zeigen, wie Sie dies sicher tun k\u00f6nnen.<\/p>\n<p>Gehen ist eine ideale Einstiegsaktivit\u00e4t. Wenn Sie bereits spazieren gehen und sich als k\u00f6rperlich aktiv betrachten, probieren Sie andere Aktivit\u00e4ten aus, die Ihnen Freude bereiten, wie Radfahren oder ins Fitnessstudio zu gehen. Lassen Sie es zun\u00e4chst langsam angehen und erh\u00f6hen Sie allm\u00e4hlich die Distanz oder Intensit\u00e4t der Aktivit\u00e4t, um Ihre Kraft und Fitness zu verbessern.<\/p>\n<p>Als Faustregel gilt, dass <strong>Sie w\u00e4hrend des Trainings noch in der Lage sein sollten, ein Gespr\u00e4ch zu f\u00fchren<\/strong>. Andernfalls \u00fcbertreiben Sie es wom\u00f6glich. Verlangsamen Sie die Geschwindigkeit, falls Sie eine verst\u00e4rkte Kurzatmigkeit versp\u00fcren.<\/p>\n<p>Beenden Sie das Training, falls Sie Schwindel, Brustschmerzen, \u00dcbelkeit oder Kaltschwei\u00dfigkeit bemerken. Wenden Sie sich an Ihre \u00c4rztin\/Ihren Arzt oder das medizinische Fachpersonal, falls die Symptome anhalten.<\/p>\n<p>Viele Menschen mit Herzinsuffizienz bef\u00fcrchten, dass sie nicht mehr in der Lage sein werden, mit ihren Kindern oder Enkeln zu spielen. H\u00f6ren Sie auf die Signale, die Ihnen Ihr K\u00f6rper sendet. Gehen Sie Aktivit\u00e4ten mit Vorsicht an, welche Atmungsunterbrechungen, Pressatmung oder pl\u00f6tzliche, explosive Bewegungen beinhalten, da diese unangenehme Symptome hervorrufen k\u00f6nnen.<\/p>\n","protected":false},"excerpt":{"rendered":"<p>K\u00f6rperliche Aktivit\u00e4t und Bewegung sind wichtig. Bewegung kann zu einem allgemein besseren Lebensgef\u00fchl beitragen, die Funktion Ihres Herzens verbessern und Ihre Symptome lindern. Leichte k\u00f6rperliche Aktivit\u00e4t ist f\u00fcr die meisten Menschen mit Herzinsuffizienz von Vorteil. Wie? Bevor Sie mit einem Trainingsprogramm beginnen oder einer anderen k\u00f6rperlichen Aktivit\u00e4t nachgehen, sollten Sie dies im Rahmen eines \u00e4rztlichen [&hellip;]<\/p>\n","protected":false},"author":1,"featured_media":10985,"parent":2813,"menu_order":0,"comment_status":"open","ping_status":"open","template":"","meta":{"_acf_changed":false,"footnotes":""},"categories":[],"tags":[],"class_list":["post-1538","page","type-page","status-publish","has-post-thumbnail","hentry"],"acf":[],"yoast_head":"<!-- This site is optimized with the Yoast SEO plugin v24.8.1 - https:\/\/yoast.com\/wordpress\/plugins\/seo\/ -->\n<title>Aktivit\u00e4t &amp; k\u00f6rperliche Bewegung mit Herzinsuffizienz<\/title>\n<meta name=\"description\" content=\"Aktivit\u00e4t kann die Herzfunktion verbessern, da die Arbeitsbelastung sinkt und es effektiver schlagen kann. Dadurch verbessern sich Ihre Symptome.\" \/>\n<meta name=\"robots\" content=\"index, follow, max-snippet:-1, max-image-preview:large, max-video-preview:-1\" \/>\n<link rel=\"canonical\" href=\"https:\/\/www.heartfailurematters.org\/de\/leben-mit-herzinsuffizienz\/aktivitaet-und-koerperliches-training\/\" \/>\n<meta property=\"og:locale\" content=\"de_DE\" \/>\n<meta property=\"og:type\" content=\"article\" \/>\n<meta property=\"og:title\" content=\"Aktivit\u00e4t &amp; k\u00f6rperliche Bewegung mit Herzinsuffizienz\" \/>\n<meta property=\"og:description\" content=\"Aktivit\u00e4t kann die Herzfunktion verbessern, da die Arbeitsbelastung sinkt und es effektiver schlagen kann. Dadurch verbessern sich Ihre Symptome.\" \/>\n<meta property=\"og:url\" content=\"https:\/\/www.heartfailurematters.org\/de\/leben-mit-herzinsuffizienz\/aktivitaet-und-koerperliches-training\/\" \/>\n<meta property=\"og:site_name\" content=\"Heart Failure Matters\" \/>\n<meta property=\"article:publisher\" content=\"https:\/\/www.facebook.com\/heartfailurematters\" \/>\n<meta property=\"article:modified_time\" content=\"2025-12-04T11:24:10+00:00\" \/>\n<meta property=\"og:image\" content=\"https:\/\/www.heartfailurematters.org\/wp-content\/uploads\/2022\/03\/shutterstock_1215825016-1-min.jpg\" \/>\n\t<meta property=\"og:image:width\" content=\"900\" \/>\n\t<meta property=\"og:image:height\" content=\"601\" \/>\n\t<meta property=\"og:image:type\" content=\"image\/jpeg\" \/>\n<meta name=\"twitter:card\" content=\"summary_large_image\" \/>\n<meta name=\"twitter:label1\" content=\"Gesch\u00e4tzte Lesezeit\" \/>\n\t<meta name=\"twitter:data1\" content=\"2\u00a0Minuten\" \/>\n<script type=\"application\/ld+json\" class=\"yoast-schema-graph\">{\"@context\":\"https:\/\/schema.org\",\"@graph\":[{\"@type\":\"WebPage\",\"@id\":\"https:\/\/www.heartfailurematters.org\/de\/leben-mit-herzinsuffizienz\/aktivitaet-und-koerperliches-training\/\",\"url\":\"https:\/\/www.heartfailurematters.org\/de\/leben-mit-herzinsuffizienz\/aktivitaet-und-koerperliches-training\/\",\"name\":\"Aktivit\u00e4t & k\u00f6rperliche Bewegung mit Herzinsuffizienz\",\"isPartOf\":{\"@id\":\"https:\/\/www.heartfailurematters.org\/de\/#website\"},\"primaryImageOfPage\":{\"@id\":\"https:\/\/www.heartfailurematters.org\/de\/leben-mit-herzinsuffizienz\/aktivitaet-und-koerperliches-training\/#primaryimage\"},\"image\":{\"@id\":\"https:\/\/www.heartfailurematters.org\/de\/leben-mit-herzinsuffizienz\/aktivitaet-und-koerperliches-training\/#primaryimage\"},\"thumbnailUrl\":\"https:\/\/www.heartfailurematters.org\/wp-content\/uploads\/2022\/03\/shutterstock_1215825016-1-min.jpg\",\"datePublished\":\"2021-01-27T22:00:59+00:00\",\"dateModified\":\"2025-12-04T11:24:10+00:00\",\"description\":\"Aktivit\u00e4t kann die Herzfunktion verbessern, da die Arbeitsbelastung sinkt und es effektiver schlagen kann. Dadurch verbessern sich Ihre Symptome.\",\"breadcrumb\":{\"@id\":\"https:\/\/www.heartfailurematters.org\/de\/leben-mit-herzinsuffizienz\/aktivitaet-und-koerperliches-training\/#breadcrumb\"},\"inLanguage\":\"de\",\"potentialAction\":[{\"@type\":\"ReadAction\",\"target\":[\"https:\/\/www.heartfailurematters.org\/de\/leben-mit-herzinsuffizienz\/aktivitaet-und-koerperliches-training\/\"]}]},{\"@type\":\"ImageObject\",\"inLanguage\":\"de\",\"@id\":\"https:\/\/www.heartfailurematters.org\/de\/leben-mit-herzinsuffizienz\/aktivitaet-und-koerperliches-training\/#primaryimage\",\"url\":\"https:\/\/www.heartfailurematters.org\/wp-content\/uploads\/2022\/03\/shutterstock_1215825016-1-min.jpg\",\"contentUrl\":\"https:\/\/www.heartfailurematters.org\/wp-content\/uploads\/2022\/03\/shutterstock_1215825016-1-min.jpg\",\"width\":900,\"height\":601},{\"@type\":\"BreadcrumbList\",\"@id\":\"https:\/\/www.heartfailurematters.org\/de\/leben-mit-herzinsuffizienz\/aktivitaet-und-koerperliches-training\/#breadcrumb\",\"itemListElement\":[{\"@type\":\"ListItem\",\"position\":1,\"name\":\"Startseite\",\"item\":\"https:\/\/www.heartfailurematters.org\/de\/\"},{\"@type\":\"ListItem\",\"position\":2,\"name\":\"Leben mit Herzinsuffizienz\",\"item\":\"https:\/\/www.heartfailurematters.org\/de\/leben-mit-herzinsuffizienz\/\"},{\"@type\":\"ListItem\",\"position\":3,\"name\":\"Aktivit\u00e4t und Bewegung\"}]},{\"@type\":\"WebSite\",\"@id\":\"https:\/\/www.heartfailurematters.org\/de\/#website\",\"url\":\"https:\/\/www.heartfailurematters.org\/de\/\",\"name\":\"Heart Failure Matters\",\"description\":\"Practical information for patients, families and caregivers.\",\"publisher\":{\"@id\":\"https:\/\/www.heartfailurematters.org\/de\/#organization\"},\"potentialAction\":[{\"@type\":\"SearchAction\",\"target\":{\"@type\":\"EntryPoint\",\"urlTemplate\":\"https:\/\/www.heartfailurematters.org\/de\/?s={search_term_string}\"},\"query-input\":{\"@type\":\"PropertyValueSpecification\",\"valueRequired\":true,\"valueName\":\"search_term_string\"}}],\"inLanguage\":\"de\"},{\"@type\":\"Organization\",\"@id\":\"https:\/\/www.heartfailurematters.org\/de\/#organization\",\"name\":\"Heart Failure Matters\",\"url\":\"https:\/\/www.heartfailurematters.org\/de\/\",\"logo\":{\"@type\":\"ImageObject\",\"inLanguage\":\"de\",\"@id\":\"https:\/\/www.heartfailurematters.org\/de\/#\/schema\/logo\/image\/\",\"url\":\"https:\/\/cdn-endpoint-hfm.azureedge.net\/heartfailurematters\/2024\/07\/hfm-logo1.jpg\",\"contentUrl\":\"https:\/\/cdn-endpoint-hfm.azureedge.net\/heartfailurematters\/2024\/07\/hfm-logo1.jpg\",\"width\":1280,\"height\":720,\"caption\":\"Heart Failure Matters\"},\"image\":{\"@id\":\"https:\/\/www.heartfailurematters.org\/de\/#\/schema\/logo\/image\/\"},\"sameAs\":[\"https:\/\/www.facebook.com\/heartfailurematters\"]}]}<\/script>\n<!-- \/ Yoast SEO plugin. -->","yoast_head_json":{"title":"Aktivit\u00e4t & k\u00f6rperliche Bewegung mit Herzinsuffizienz","description":"Aktivit\u00e4t kann die Herzfunktion verbessern, da die Arbeitsbelastung sinkt und es effektiver schlagen kann. Dadurch verbessern sich Ihre Symptome.","robots":{"index":"index","follow":"follow","max-snippet":"max-snippet:-1","max-image-preview":"max-image-preview:large","max-video-preview":"max-video-preview:-1"},"canonical":"https:\/\/www.heartfailurematters.org\/de\/leben-mit-herzinsuffizienz\/aktivitaet-und-koerperliches-training\/","og_locale":"de_DE","og_type":"article","og_title":"Aktivit\u00e4t & k\u00f6rperliche Bewegung mit Herzinsuffizienz","og_description":"Aktivit\u00e4t kann die Herzfunktion verbessern, da die Arbeitsbelastung sinkt und es effektiver schlagen kann. Dadurch verbessern sich Ihre Symptome.","og_url":"https:\/\/www.heartfailurematters.org\/de\/leben-mit-herzinsuffizienz\/aktivitaet-und-koerperliches-training\/","og_site_name":"Heart Failure Matters","article_publisher":"https:\/\/www.facebook.com\/heartfailurematters","article_modified_time":"2025-12-04T11:24:10+00:00","og_image":[{"width":900,"height":601,"url":"https:\/\/www.heartfailurematters.org\/wp-content\/uploads\/2022\/03\/shutterstock_1215825016-1-min.jpg","type":"image\/jpeg"}],"twitter_card":"summary_large_image","twitter_misc":{"Gesch\u00e4tzte Lesezeit":"2\u00a0Minuten"},"schema":{"@context":"https:\/\/schema.org","@graph":[{"@type":"WebPage","@id":"https:\/\/www.heartfailurematters.org\/de\/leben-mit-herzinsuffizienz\/aktivitaet-und-koerperliches-training\/","url":"https:\/\/www.heartfailurematters.org\/de\/leben-mit-herzinsuffizienz\/aktivitaet-und-koerperliches-training\/","name":"Aktivit\u00e4t & k\u00f6rperliche Bewegung mit Herzinsuffizienz","isPartOf":{"@id":"https:\/\/www.heartfailurematters.org\/de\/#website"},"primaryImageOfPage":{"@id":"https:\/\/www.heartfailurematters.org\/de\/leben-mit-herzinsuffizienz\/aktivitaet-und-koerperliches-training\/#primaryimage"},"image":{"@id":"https:\/\/www.heartfailurematters.org\/de\/leben-mit-herzinsuffizienz\/aktivitaet-und-koerperliches-training\/#primaryimage"},"thumbnailUrl":"https:\/\/www.heartfailurematters.org\/wp-content\/uploads\/2022\/03\/shutterstock_1215825016-1-min.jpg","datePublished":"2021-01-27T22:00:59+00:00","dateModified":"2025-12-04T11:24:10+00:00","description":"Aktivit\u00e4t kann die Herzfunktion verbessern, da die Arbeitsbelastung sinkt und es effektiver schlagen kann. Dadurch verbessern sich Ihre Symptome.","breadcrumb":{"@id":"https:\/\/www.heartfailurematters.org\/de\/leben-mit-herzinsuffizienz\/aktivitaet-und-koerperliches-training\/#breadcrumb"},"inLanguage":"de","potentialAction":[{"@type":"ReadAction","target":["https:\/\/www.heartfailurematters.org\/de\/leben-mit-herzinsuffizienz\/aktivitaet-und-koerperliches-training\/"]}]},{"@type":"ImageObject","inLanguage":"de","@id":"https:\/\/www.heartfailurematters.org\/de\/leben-mit-herzinsuffizienz\/aktivitaet-und-koerperliches-training\/#primaryimage","url":"https:\/\/www.heartfailurematters.org\/wp-content\/uploads\/2022\/03\/shutterstock_1215825016-1-min.jpg","contentUrl":"https:\/\/www.heartfailurematters.org\/wp-content\/uploads\/2022\/03\/shutterstock_1215825016-1-min.jpg","width":900,"height":601},{"@type":"BreadcrumbList","@id":"https:\/\/www.heartfailurematters.org\/de\/leben-mit-herzinsuffizienz\/aktivitaet-und-koerperliches-training\/#breadcrumb","itemListElement":[{"@type":"ListItem","position":1,"name":"Startseite","item":"https:\/\/www.heartfailurematters.org\/de\/"},{"@type":"ListItem","position":2,"name":"Leben mit Herzinsuffizienz","item":"https:\/\/www.heartfailurematters.org\/de\/leben-mit-herzinsuffizienz\/"},{"@type":"ListItem","position":3,"name":"Aktivit\u00e4t und Bewegung"}]},{"@type":"WebSite","@id":"https:\/\/www.heartfailurematters.org\/de\/#website","url":"https:\/\/www.heartfailurematters.org\/de\/","name":"Heart Failure Matters","description":"Practical information for patients, families and caregivers.","publisher":{"@id":"https:\/\/www.heartfailurematters.org\/de\/#organization"},"potentialAction":[{"@type":"SearchAction","target":{"@type":"EntryPoint","urlTemplate":"https:\/\/www.heartfailurematters.org\/de\/?s={search_term_string}"},"query-input":{"@type":"PropertyValueSpecification","valueRequired":true,"valueName":"search_term_string"}}],"inLanguage":"de"},{"@type":"Organization","@id":"https:\/\/www.heartfailurematters.org\/de\/#organization","name":"Heart Failure Matters","url":"https:\/\/www.heartfailurematters.org\/de\/","logo":{"@type":"ImageObject","inLanguage":"de","@id":"https:\/\/www.heartfailurematters.org\/de\/#\/schema\/logo\/image\/","url":"https:\/\/cdn-endpoint-hfm.azureedge.net\/heartfailurematters\/2024\/07\/hfm-logo1.jpg","contentUrl":"https:\/\/cdn-endpoint-hfm.azureedge.net\/heartfailurematters\/2024\/07\/hfm-logo1.jpg","width":1280,"height":720,"caption":"Heart Failure Matters"},"image":{"@id":"https:\/\/www.heartfailurematters.org\/de\/#\/schema\/logo\/image\/"},"sameAs":["https:\/\/www.facebook.com\/heartfailurematters"]}]}},"_links":{"self":[{"href":"https:\/\/www.heartfailurematters.org\/de\/wp-json\/wp\/v2\/pages\/1538","targetHints":{"allow":["GET"]}}],"collection":[{"href":"https:\/\/www.heartfailurematters.org\/de\/wp-json\/wp\/v2\/pages"}],"about":[{"href":"https:\/\/www.heartfailurematters.org\/de\/wp-json\/wp\/v2\/types\/page"}],"author":[{"embeddable":true,"href":"https:\/\/www.heartfailurematters.org\/de\/wp-json\/wp\/v2\/users\/1"}],"replies":[{"embeddable":true,"href":"https:\/\/www.heartfailurematters.org\/de\/wp-json\/wp\/v2\/comments?post=1538"}],"version-history":[{"count":1,"href":"https:\/\/www.heartfailurematters.org\/de\/wp-json\/wp\/v2\/pages\/1538\/revisions"}],"predecessor-version":[{"id":13632,"href":"https:\/\/www.heartfailurematters.org\/de\/wp-json\/wp\/v2\/pages\/1538\/revisions\/13632"}],"up":[{"embeddable":true,"href":"https:\/\/www.heartfailurematters.org\/de\/wp-json\/wp\/v2\/pages\/2813"}],"wp:featuredmedia":[{"embeddable":true,"href":"https:\/\/www.heartfailurematters.org\/de\/wp-json\/wp\/v2\/media\/10985"}],"wp:attachment":[{"href":"https:\/\/www.heartfailurematters.org\/de\/wp-json\/wp\/v2\/media?parent=1538"}],"wp:term":[{"taxonomy":"category","embeddable":true,"href":"https:\/\/www.heartfailurematters.org\/de\/wp-json\/wp\/v2\/categories?post=1538"},{"taxonomy":"post_tag","embeddable":true,"href":"https:\/\/www.heartfailurematters.org\/de\/wp-json\/wp\/v2\/tags?post=1538"}],"curies":[{"name":"wp","href":"https:\/\/api.w.org\/{rel}","templated":true}]}}