{"id":1537,"date":"2021-01-27T22:00:59","date_gmt":"2021-01-27T22:00:59","guid":{"rendered":"http:\/\/heartfailurematters.local:8888\/arni-angiotensin-rezeptor-neprilysin-inhibitor\/"},"modified":"2025-12-04T11:24:08","modified_gmt":"2025-12-04T11:24:08","slug":"arni-angiotensin-rezeptor-neprilysin-inhibitor","status":"publish","type":"page","link":"https:\/\/www.heartfailurematters.org\/de\/das-koennen-ihr-arzt-oder-pflegepersonal-tun\/arni-angiotensin-rezeptor-neprilysin-inhibitor\/","title":{"rendered":"Angiotensin-Rezeptor-Neprilysin-Inhibitor (ARNI) \u2013 Sacubitril\/Valsartan"},"content":{"rendered":"<p><strong>ARNi (Angiotensin-Rezeptor-Neprilysin-Inhibitor)<\/strong> wurde speziell zur Behandlung von Herzinsuffizienz entwickelt. Es besteht aus 2 zusammenwirkenden Komponenten: einem Angiotensin-II-Rezeptorblocker und einem Neprilysin-Hemmer.<\/p>\n<p>Studien haben gezeigt, dass ARNi die Lebensdauer verbessern und das Risiko eines erneuten Krankenhausaufenthalts wegen Herzinsuffizienz verringern kann. ARNI wird derzeit zur Behandlung von Patientinnen und Patienten mit Herzinsuffizienz mit reduzierter Ejektionsfraktion, also eingeschr\u00e4nkter Funktion der Hauptpumpkammer, verwendet.<\/p>\n<p><strong>Wie funktioniert es?<\/strong> Die beiden Wirkstoffe Sacubitril und Valsartan erg\u00e4nzen sich in ihrer Wirkweise. Valsartan hemmt das bei Herzinsuffizienz sch\u00e4dliche Hormon Angiotensin II aus der Niere. Dadurch werden die sch\u00e4dlichen Auswirkungen des Hormons auf das Herz vermieden und die Blutgef\u00e4\u00dfe k\u00f6nnen sich erweitern.<\/p>\n<p>Sacubitril blockiert den Abbau k\u00f6rpereigener natriuretischer Peptide. Dadurch k\u00f6nnen die natriuretischen Peptide l\u00e4nger und besser wirken und Natrium und Wasser k\u00f6nnen besser ausgeschieden werden. Dies schont das Herz und der Blutdruck sinkt. Durch die kombinierte Wirkung der beiden Mittel wird das angeschlagene Herz entlastet.<\/p>\n<p><strong>Welche Vorteile sind zu erwarten?<\/strong> Es hat sich gezeigt, dass Sacubitril\/Valsartan zu einer l\u00e4ngeren Lebensdauer, zu weniger Krankenhausaufenthalten aufgrund von dekompensierter Herzinsuffizienz und zu einer Besserung der Symptome und Lebensqualit\u00e4t beitr\u00e4gt.<\/p>\n<p><strong>Nebenwirkungen:<\/strong> Die Behandlung mit ARNI wird sehr gut vertragen. Insbesondere zu Beginn der Behandlung kann es zu einem leichten Schwindelgef\u00fchl kommen. Ein niedriger Blutdruck ist ebenfalls m\u00f6glich. Durch andere Blutdruckmedikamente, die Sie zu einem anderen Zeitpunkt als Ihre ARNi-Dosis einnehmen, k\u00f6nnen Sie ein zu starkes Absinken Ihres Blutdrucks verhindern. Sprechen Sie mit Ihrer \u00c4rztin\/Ihrem Arzt den Zeitplan f\u00fcr die Einnahme Ihrer Blutdruckmedikamente ab. Diese Nebenwirkung legt sich normalerweise innerhalb von 14 Tagen. Wenn nicht, kann Ihre \u00c4rztin\/Ihr Arzt Ihnen zur Einnahme einer geringeren Dosis ARNi raten.<\/p>\n<p><strong>Top-Tipps:<\/strong> Die aktuellen ESC-Leitlinien empfehlen, Sacubitril\/Valsartan jenen Patientinnen und Patienten mit Herzinsuffizienz zu verschreiben, die trotz einer Behandlung mit einem ACE-Hemmer oder ARB in maximaler Dosis immer noch symptomatisch sind. ARNi kann jedoch auch bei symptomatischen Patientinnen und Patienten mit reduzierter Ejektionsfraktion in Betracht gezogen werden, die zuvor nicht mit einem ACE-Hemmer oder ARB behandelt wurden. Es darf nicht von Patientinnen und Patienten eingenommen werden, die ACE-Inhibitoren oder Angiotensin-Rezeptor-Blocker (ARB) einnehmen.<\/p>\n<p><a href=\"https:\/\/www.heartfailurematters.org\/what-your-doctor-can-do\/heart-failure-medicines\/\">Zur\u00fcck zu Medikamenten zur Behandlung von Herzinsuffizienz<\/a><\/p>\n","protected":false},"excerpt":{"rendered":"<p>ARNi (Angiotensin-Rezeptor-Neprilysin-Inhibitor) wurde speziell zur Behandlung von Herzinsuffizienz entwickelt. Es besteht aus 2 zusammenwirkenden Komponenten: einem Angiotensin-II-Rezeptorblocker und einem Neprilysin-Hemmer. Studien haben gezeigt, dass ARNi die Lebensdauer verbessern und das Risiko eines erneuten Krankenhausaufenthalts wegen Herzinsuffizienz verringern kann. ARNI wird derzeit zur Behandlung von Patientinnen und Patienten mit Herzinsuffizienz mit reduzierter Ejektionsfraktion, also eingeschr\u00e4nkter Funktion [&hellip;]<\/p>\n","protected":false},"author":1,"featured_media":10869,"parent":2680,"menu_order":0,"comment_status":"open","ping_status":"open","template":"","meta":{"_acf_changed":false,"footnotes":""},"categories":[],"tags":[],"class_list":["post-1537","page","type-page","status-publish","has-post-thumbnail","hentry"],"acf":[],"yoast_head":"<!-- This site is optimized with the Yoast SEO plugin v24.8.1 - https:\/\/yoast.com\/wordpress\/plugins\/seo\/ -->\n<title>ARNI (Angiotensin-Rezeptor-Neprilysin-Inhibitor)<\/title>\n<meta name=\"description\" content=\"Angiotensin-II-Rezeptor-Blocker (ARB) hemmen die Wirkungen von Angiotensin II, einem Hormon, das nat\u00fcrlich von Ihren Nieren produziert wird. Mehr erfahren\" \/>\n<meta name=\"robots\" content=\"index, follow, max-snippet:-1, max-image-preview:large, max-video-preview:-1\" \/>\n<link rel=\"canonical\" href=\"https:\/\/www.heartfailurematters.org\/de\/das-koennen-ihr-arzt-oder-pflegepersonal-tun\/arni-angiotensin-rezeptor-neprilysin-inhibitor\/\" \/>\n<meta property=\"og:locale\" content=\"de_DE\" \/>\n<meta property=\"og:type\" content=\"article\" \/>\n<meta property=\"og:title\" content=\"ARNI (Angiotensin-Rezeptor-Neprilysin-Inhibitor)\" \/>\n<meta property=\"og:description\" content=\"Angiotensin-II-Rezeptor-Blocker (ARB) hemmen die Wirkungen von Angiotensin II, einem Hormon, das nat\u00fcrlich von Ihren Nieren produziert wird. Mehr erfahren\" \/>\n<meta property=\"og:url\" content=\"https:\/\/www.heartfailurematters.org\/de\/das-koennen-ihr-arzt-oder-pflegepersonal-tun\/arni-angiotensin-rezeptor-neprilysin-inhibitor\/\" \/>\n<meta property=\"og:site_name\" content=\"Heart Failure Matters\" \/>\n<meta property=\"article:publisher\" content=\"https:\/\/www.facebook.com\/heartfailurematters\" \/>\n<meta property=\"article:modified_time\" content=\"2025-12-04T11:24:08+00:00\" \/>\n<meta property=\"og:image\" content=\"https:\/\/www.heartfailurematters.org\/wp-content\/uploads\/2022\/03\/shutterstock_441673426-1-min.jpg\" \/>\n\t<meta property=\"og:image:width\" content=\"900\" \/>\n\t<meta property=\"og:image:height\" content=\"596\" \/>\n\t<meta property=\"og:image:type\" content=\"image\/jpeg\" \/>\n<meta name=\"twitter:card\" content=\"summary_large_image\" \/>\n<meta name=\"twitter:label1\" content=\"Gesch\u00e4tzte Lesezeit\" \/>\n\t<meta name=\"twitter:data1\" content=\"2\u00a0Minuten\" \/>\n<script type=\"application\/ld+json\" class=\"yoast-schema-graph\">{\"@context\":\"https:\/\/schema.org\",\"@graph\":[{\"@type\":\"WebPage\",\"@id\":\"https:\/\/www.heartfailurematters.org\/de\/das-koennen-ihr-arzt-oder-pflegepersonal-tun\/arni-angiotensin-rezeptor-neprilysin-inhibitor\/\",\"url\":\"https:\/\/www.heartfailurematters.org\/de\/das-koennen-ihr-arzt-oder-pflegepersonal-tun\/arni-angiotensin-rezeptor-neprilysin-inhibitor\/\",\"name\":\"ARNI (Angiotensin-Rezeptor-Neprilysin-Inhibitor)\",\"isPartOf\":{\"@id\":\"https:\/\/www.heartfailurematters.org\/de\/#website\"},\"primaryImageOfPage\":{\"@id\":\"https:\/\/www.heartfailurematters.org\/de\/das-koennen-ihr-arzt-oder-pflegepersonal-tun\/arni-angiotensin-rezeptor-neprilysin-inhibitor\/#primaryimage\"},\"image\":{\"@id\":\"https:\/\/www.heartfailurematters.org\/de\/das-koennen-ihr-arzt-oder-pflegepersonal-tun\/arni-angiotensin-rezeptor-neprilysin-inhibitor\/#primaryimage\"},\"thumbnailUrl\":\"https:\/\/www.heartfailurematters.org\/wp-content\/uploads\/2022\/03\/shutterstock_441673426-1-min.jpg\",\"datePublished\":\"2021-01-27T22:00:59+00:00\",\"dateModified\":\"2025-12-04T11:24:08+00:00\",\"description\":\"Angiotensin-II-Rezeptor-Blocker (ARB) hemmen die Wirkungen von Angiotensin II, einem Hormon, das nat\u00fcrlich von Ihren Nieren produziert wird. Mehr erfahren\",\"breadcrumb\":{\"@id\":\"https:\/\/www.heartfailurematters.org\/de\/das-koennen-ihr-arzt-oder-pflegepersonal-tun\/arni-angiotensin-rezeptor-neprilysin-inhibitor\/#breadcrumb\"},\"inLanguage\":\"de\",\"potentialAction\":[{\"@type\":\"ReadAction\",\"target\":[\"https:\/\/www.heartfailurematters.org\/de\/das-koennen-ihr-arzt-oder-pflegepersonal-tun\/arni-angiotensin-rezeptor-neprilysin-inhibitor\/\"]}]},{\"@type\":\"ImageObject\",\"inLanguage\":\"de\",\"@id\":\"https:\/\/www.heartfailurematters.org\/de\/das-koennen-ihr-arzt-oder-pflegepersonal-tun\/arni-angiotensin-rezeptor-neprilysin-inhibitor\/#primaryimage\",\"url\":\"https:\/\/www.heartfailurematters.org\/wp-content\/uploads\/2022\/03\/shutterstock_441673426-1-min.jpg\",\"contentUrl\":\"https:\/\/www.heartfailurematters.org\/wp-content\/uploads\/2022\/03\/shutterstock_441673426-1-min.jpg\",\"width\":900,\"height\":596},{\"@type\":\"BreadcrumbList\",\"@id\":\"https:\/\/www.heartfailurematters.org\/de\/das-koennen-ihr-arzt-oder-pflegepersonal-tun\/arni-angiotensin-rezeptor-neprilysin-inhibitor\/#breadcrumb\",\"itemListElement\":[{\"@type\":\"ListItem\",\"position\":1,\"name\":\"Startseite\",\"item\":\"https:\/\/www.heartfailurematters.org\/de\/\"},{\"@type\":\"ListItem\",\"position\":2,\"name\":\"Das kann Ihr Arzt tun\",\"item\":\"https:\/\/www.heartfailurematters.org\/de\/das-koennen-ihr-arzt-oder-pflegepersonal-tun\/\"},{\"@type\":\"ListItem\",\"position\":3,\"name\":\"Angiotensin-Rezeptor-Neprilysin-Inhibitor (ARNI) \u2013 Sacubitril\/Valsartan\"}]},{\"@type\":\"WebSite\",\"@id\":\"https:\/\/www.heartfailurematters.org\/de\/#website\",\"url\":\"https:\/\/www.heartfailurematters.org\/de\/\",\"name\":\"Heart Failure Matters\",\"description\":\"Practical information for patients, families and caregivers.\",\"publisher\":{\"@id\":\"https:\/\/www.heartfailurematters.org\/de\/#organization\"},\"potentialAction\":[{\"@type\":\"SearchAction\",\"target\":{\"@type\":\"EntryPoint\",\"urlTemplate\":\"https:\/\/www.heartfailurematters.org\/de\/?s={search_term_string}\"},\"query-input\":{\"@type\":\"PropertyValueSpecification\",\"valueRequired\":true,\"valueName\":\"search_term_string\"}}],\"inLanguage\":\"de\"},{\"@type\":\"Organization\",\"@id\":\"https:\/\/www.heartfailurematters.org\/de\/#organization\",\"name\":\"Heart Failure Matters\",\"url\":\"https:\/\/www.heartfailurematters.org\/de\/\",\"logo\":{\"@type\":\"ImageObject\",\"inLanguage\":\"de\",\"@id\":\"https:\/\/www.heartfailurematters.org\/de\/#\/schema\/logo\/image\/\",\"url\":\"https:\/\/cdn-endpoint-hfm.azureedge.net\/heartfailurematters\/2024\/07\/hfm-logo1.jpg\",\"contentUrl\":\"https:\/\/cdn-endpoint-hfm.azureedge.net\/heartfailurematters\/2024\/07\/hfm-logo1.jpg\",\"width\":1280,\"height\":720,\"caption\":\"Heart Failure Matters\"},\"image\":{\"@id\":\"https:\/\/www.heartfailurematters.org\/de\/#\/schema\/logo\/image\/\"},\"sameAs\":[\"https:\/\/www.facebook.com\/heartfailurematters\"]}]}<\/script>\n<!-- \/ Yoast SEO plugin. -->","yoast_head_json":{"title":"ARNI (Angiotensin-Rezeptor-Neprilysin-Inhibitor)","description":"Angiotensin-II-Rezeptor-Blocker (ARB) hemmen die Wirkungen von Angiotensin II, einem Hormon, das nat\u00fcrlich von Ihren Nieren produziert wird. Mehr erfahren","robots":{"index":"index","follow":"follow","max-snippet":"max-snippet:-1","max-image-preview":"max-image-preview:large","max-video-preview":"max-video-preview:-1"},"canonical":"https:\/\/www.heartfailurematters.org\/de\/das-koennen-ihr-arzt-oder-pflegepersonal-tun\/arni-angiotensin-rezeptor-neprilysin-inhibitor\/","og_locale":"de_DE","og_type":"article","og_title":"ARNI (Angiotensin-Rezeptor-Neprilysin-Inhibitor)","og_description":"Angiotensin-II-Rezeptor-Blocker (ARB) hemmen die Wirkungen von Angiotensin II, einem Hormon, das nat\u00fcrlich von Ihren Nieren produziert wird. Mehr erfahren","og_url":"https:\/\/www.heartfailurematters.org\/de\/das-koennen-ihr-arzt-oder-pflegepersonal-tun\/arni-angiotensin-rezeptor-neprilysin-inhibitor\/","og_site_name":"Heart Failure Matters","article_publisher":"https:\/\/www.facebook.com\/heartfailurematters","article_modified_time":"2025-12-04T11:24:08+00:00","og_image":[{"width":900,"height":596,"url":"https:\/\/www.heartfailurematters.org\/wp-content\/uploads\/2022\/03\/shutterstock_441673426-1-min.jpg","type":"image\/jpeg"}],"twitter_card":"summary_large_image","twitter_misc":{"Gesch\u00e4tzte Lesezeit":"2\u00a0Minuten"},"schema":{"@context":"https:\/\/schema.org","@graph":[{"@type":"WebPage","@id":"https:\/\/www.heartfailurematters.org\/de\/das-koennen-ihr-arzt-oder-pflegepersonal-tun\/arni-angiotensin-rezeptor-neprilysin-inhibitor\/","url":"https:\/\/www.heartfailurematters.org\/de\/das-koennen-ihr-arzt-oder-pflegepersonal-tun\/arni-angiotensin-rezeptor-neprilysin-inhibitor\/","name":"ARNI (Angiotensin-Rezeptor-Neprilysin-Inhibitor)","isPartOf":{"@id":"https:\/\/www.heartfailurematters.org\/de\/#website"},"primaryImageOfPage":{"@id":"https:\/\/www.heartfailurematters.org\/de\/das-koennen-ihr-arzt-oder-pflegepersonal-tun\/arni-angiotensin-rezeptor-neprilysin-inhibitor\/#primaryimage"},"image":{"@id":"https:\/\/www.heartfailurematters.org\/de\/das-koennen-ihr-arzt-oder-pflegepersonal-tun\/arni-angiotensin-rezeptor-neprilysin-inhibitor\/#primaryimage"},"thumbnailUrl":"https:\/\/www.heartfailurematters.org\/wp-content\/uploads\/2022\/03\/shutterstock_441673426-1-min.jpg","datePublished":"2021-01-27T22:00:59+00:00","dateModified":"2025-12-04T11:24:08+00:00","description":"Angiotensin-II-Rezeptor-Blocker (ARB) hemmen die Wirkungen von Angiotensin II, einem Hormon, das nat\u00fcrlich von Ihren Nieren produziert wird. Mehr erfahren","breadcrumb":{"@id":"https:\/\/www.heartfailurematters.org\/de\/das-koennen-ihr-arzt-oder-pflegepersonal-tun\/arni-angiotensin-rezeptor-neprilysin-inhibitor\/#breadcrumb"},"inLanguage":"de","potentialAction":[{"@type":"ReadAction","target":["https:\/\/www.heartfailurematters.org\/de\/das-koennen-ihr-arzt-oder-pflegepersonal-tun\/arni-angiotensin-rezeptor-neprilysin-inhibitor\/"]}]},{"@type":"ImageObject","inLanguage":"de","@id":"https:\/\/www.heartfailurematters.org\/de\/das-koennen-ihr-arzt-oder-pflegepersonal-tun\/arni-angiotensin-rezeptor-neprilysin-inhibitor\/#primaryimage","url":"https:\/\/www.heartfailurematters.org\/wp-content\/uploads\/2022\/03\/shutterstock_441673426-1-min.jpg","contentUrl":"https:\/\/www.heartfailurematters.org\/wp-content\/uploads\/2022\/03\/shutterstock_441673426-1-min.jpg","width":900,"height":596},{"@type":"BreadcrumbList","@id":"https:\/\/www.heartfailurematters.org\/de\/das-koennen-ihr-arzt-oder-pflegepersonal-tun\/arni-angiotensin-rezeptor-neprilysin-inhibitor\/#breadcrumb","itemListElement":[{"@type":"ListItem","position":1,"name":"Startseite","item":"https:\/\/www.heartfailurematters.org\/de\/"},{"@type":"ListItem","position":2,"name":"Das kann Ihr Arzt tun","item":"https:\/\/www.heartfailurematters.org\/de\/das-koennen-ihr-arzt-oder-pflegepersonal-tun\/"},{"@type":"ListItem","position":3,"name":"Angiotensin-Rezeptor-Neprilysin-Inhibitor (ARNI) \u2013 Sacubitril\/Valsartan"}]},{"@type":"WebSite","@id":"https:\/\/www.heartfailurematters.org\/de\/#website","url":"https:\/\/www.heartfailurematters.org\/de\/","name":"Heart Failure Matters","description":"Practical information for patients, families and caregivers.","publisher":{"@id":"https:\/\/www.heartfailurematters.org\/de\/#organization"},"potentialAction":[{"@type":"SearchAction","target":{"@type":"EntryPoint","urlTemplate":"https:\/\/www.heartfailurematters.org\/de\/?s={search_term_string}"},"query-input":{"@type":"PropertyValueSpecification","valueRequired":true,"valueName":"search_term_string"}}],"inLanguage":"de"},{"@type":"Organization","@id":"https:\/\/www.heartfailurematters.org\/de\/#organization","name":"Heart Failure Matters","url":"https:\/\/www.heartfailurematters.org\/de\/","logo":{"@type":"ImageObject","inLanguage":"de","@id":"https:\/\/www.heartfailurematters.org\/de\/#\/schema\/logo\/image\/","url":"https:\/\/cdn-endpoint-hfm.azureedge.net\/heartfailurematters\/2024\/07\/hfm-logo1.jpg","contentUrl":"https:\/\/cdn-endpoint-hfm.azureedge.net\/heartfailurematters\/2024\/07\/hfm-logo1.jpg","width":1280,"height":720,"caption":"Heart Failure Matters"},"image":{"@id":"https:\/\/www.heartfailurematters.org\/de\/#\/schema\/logo\/image\/"},"sameAs":["https:\/\/www.facebook.com\/heartfailurematters"]}]}},"_links":{"self":[{"href":"https:\/\/www.heartfailurematters.org\/de\/wp-json\/wp\/v2\/pages\/1537","targetHints":{"allow":["GET"]}}],"collection":[{"href":"https:\/\/www.heartfailurematters.org\/de\/wp-json\/wp\/v2\/pages"}],"about":[{"href":"https:\/\/www.heartfailurematters.org\/de\/wp-json\/wp\/v2\/types\/page"}],"author":[{"embeddable":true,"href":"https:\/\/www.heartfailurematters.org\/de\/wp-json\/wp\/v2\/users\/1"}],"replies":[{"embeddable":true,"href":"https:\/\/www.heartfailurematters.org\/de\/wp-json\/wp\/v2\/comments?post=1537"}],"version-history":[{"count":5,"href":"https:\/\/www.heartfailurematters.org\/de\/wp-json\/wp\/v2\/pages\/1537\/revisions"}],"predecessor-version":[{"id":13627,"href":"https:\/\/www.heartfailurematters.org\/de\/wp-json\/wp\/v2\/pages\/1537\/revisions\/13627"}],"up":[{"embeddable":true,"href":"https:\/\/www.heartfailurematters.org\/de\/wp-json\/wp\/v2\/pages\/2680"}],"wp:featuredmedia":[{"embeddable":true,"href":"https:\/\/www.heartfailurematters.org\/de\/wp-json\/wp\/v2\/media\/10869"}],"wp:attachment":[{"href":"https:\/\/www.heartfailurematters.org\/de\/wp-json\/wp\/v2\/media?parent=1537"}],"wp:term":[{"taxonomy":"category","embeddable":true,"href":"https:\/\/www.heartfailurematters.org\/de\/wp-json\/wp\/v2\/categories?post=1537"},{"taxonomy":"post_tag","embeddable":true,"href":"https:\/\/www.heartfailurematters.org\/de\/wp-json\/wp\/v2\/tags?post=1537"}],"curies":[{"name":"wp","href":"https:\/\/api.w.org\/{rel}","templated":true}]}}