{"id":1536,"date":"2021-01-27T22:00:59","date_gmt":"2021-01-27T22:00:59","guid":{"rendered":"http:\/\/heartfailurematters.local:8888\/datenschutzerklaerung\/"},"modified":"2021-04-30T12:25:48","modified_gmt":"2021-04-30T11:25:48","slug":"datenschutzerklaerung","status":"publish","type":"page","link":"https:\/\/www.heartfailurematters.org\/de\/datenschutzerklaerung\/","title":{"rendered":"Datenschutzerkl\u00e4rung"},"content":{"rendered":"<h2>Die European Society of Cardiology (ESC: europ\u00e4ische Fachgesellschaft der Kardiologen) verpflichtet sich, Ihre Daten im Internet zu sch\u00fctzen. Wir verwenden die erhobenen Informationen, um besser zu verstehen, wie unsere Website genutzt wird, und um die Website entsprechend zu verbessern.<\/h2>\n<p>In der folgenden Datenschutzerkl\u00e4rung erfahren Sie, wie diese Daten verarbeitet werden. Die Datenschutzerkl\u00e4rung kann sich von Zeit zu Zeit \u00e4ndern. Lesen Sie daher hier regelm\u00e4\u00dfig nach.<\/p>\n<h3>Welche Daten werden von der ESC erhoben?<\/h3>\n<p>Die ESC erhebt die folgenden Daten von den Besuchern unserer Website: Welche Seiten, wann aufgerufen werden, sowie freiwillig bereitgestellte Daten (wie zum Beispiel Umfragedaten).<\/p>\n<h3>Wie nutzt die ESC diese Daten?<\/h3>\n<p>Wir verwenden die erhobenen Daten, um besser zu verstehen, wie unsere Website genutzt wird, und um die Website entsprechend zu verbessern.<\/p>\n<p>Die ESC kann gelegentlich anonyme Daten (wie Umfrageergebnisse) Dritten zug\u00e4nglich machen.<\/p>\n<p>Welche Sicherheitsvorkehrungen bestehen zum Schutz vor Verlust, Missbrauch oder \u00c4nderung von Daten? Es ist nicht m\u00f6glich, die \u00dcbermittlung von Daten \u00fcber das Internet hundertprozentig sicher zu gestalten. Die ESC kann die Sicherheit der von Ihnen an uns \u00fcbermittelten Daten nicht gew\u00e4hrleisten. Sie \u00fcbermitteln Ihre Daten auf eigenes Risiko. Nachdem wir die von Ihnen \u00fcbermittelten Daten erhalten haben, unternehmen wir alle Anstrengungen, um die Sicherheit auf unseren Systemen zu gew\u00e4hrleisten.<\/p>\n<h3>Verwendung von Cookies<\/h3>\n<p>Cookies sind kleine Textdateien, die eine Website auf der Festplatte Ihres Computers speichert, um bestimmte Informationen aufzuzeichnen. Cookies k\u00f6nnen zum Beispiel wiederkehrende Nutzer erkennen, um deren weiteren Zugriff auf die Website und ihre Nutzung zu erleichtern. Sie stellen keine Gefahr f\u00fcr Ihr System oder Ihre Dateien dar. Die Verwendung von Cookies ist ein Industriestandard, und viele Websites verwenden sie, um n\u00fctzliche Funktionen bereitzustellen. Cookies an sich identifizieren die Nutzer nicht pers\u00f6nlich, sind aber in der Lage einen Computer zu identifizieren. Die meisten Browser sind so eingestellt, dass sie Cookies akzeptieren. Sie k\u00f6nnen Ihren Computer aber auch so einstellen, dass Cookies abgelehnt werden.<\/p>\n<p>Die European Society of Cardiology ist eine gemeinn\u00fctzige Vereinigung, die 1901 nach franz\u00f6sischem Recht gegr\u00fcndet wurde und sich schwerpunktm\u00e4\u00dfig mit der Pr\u00e4vention, Diagnose und Behandlung von Herz-, Kreislauf- und Gef\u00e4\u00dferkrankungen besch\u00e4ftigt.<\/p>\n<p><!-- OneTrust Cookies Settings button start --><\/p>\n<p><a class=\"optanon-show-settings\">Cookie Settings<\/a><\/p>\n<p><!-- OneTrust Cookies Settings button end --><\/p>\n<p><!-- OneTrust Cookies List start --><\/p>\n<div id=\"optanon-cookie-policy\"><\/div>\n","protected":false},"excerpt":{"rendered":"<p>Die European Society of Cardiology (ESC: europ\u00e4ische Fachgesellschaft der Kardiologen) verpflichtet sich, Ihre Daten im Internet zu sch\u00fctzen. Wir verwenden die erhobenen Informationen, um besser zu verstehen, wie unsere Website genutzt wird, und um die Website entsprechend zu verbessern. In der folgenden Datenschutzerkl\u00e4rung erfahren Sie, wie diese Daten verarbeitet werden. Die Datenschutzerkl\u00e4rung kann sich von [&hellip;]<\/p>\n","protected":false},"author":1,"featured_media":0,"parent":0,"menu_order":0,"comment_status":"open","ping_status":"open","template":"","meta":{"_acf_changed":false,"footnotes":""},"categories":[],"tags":[],"class_list":["post-1536","page","type-page","status-publish","hentry"],"acf":[],"yoast_head":"<!-- This site is optimized with the Yoast SEO plugin v24.8.1 - https:\/\/yoast.com\/wordpress\/plugins\/seo\/ -->\n<title>Datenschutzerkl\u00e4rung<\/title>\n<meta name=\"description\" content=\"Die Europ\u00e4ische Gesellschaft f\u00fcr Kardiologie (ESC) verpflichtet sich, Ihre Daten im Internet zu sch\u00fctzen und verwendet die von uns erhobenen Daten, um uns zu helfen, mehr dar\u00fcber zu erfahren, wie unsere Website genutzt wird.\" \/>\n<meta name=\"robots\" content=\"index, follow, max-snippet:-1, max-image-preview:large, max-video-preview:-1\" \/>\n<link rel=\"canonical\" href=\"https:\/\/www.heartfailurematters.org\/de\/datenschutzerklaerung\/\" \/>\n<meta property=\"og:locale\" content=\"de_DE\" \/>\n<meta property=\"og:type\" content=\"article\" \/>\n<meta property=\"og:title\" content=\"Datenschutzerkl\u00e4rung\" \/>\n<meta property=\"og:description\" content=\"Die Europ\u00e4ische Gesellschaft f\u00fcr Kardiologie (ESC) verpflichtet sich, Ihre Daten im Internet zu sch\u00fctzen und verwendet die von uns erhobenen Daten, um uns zu helfen, mehr dar\u00fcber zu erfahren, wie unsere Website genutzt wird.\" \/>\n<meta property=\"og:url\" content=\"https:\/\/www.heartfailurematters.org\/de\/datenschutzerklaerung\/\" \/>\n<meta property=\"og:site_name\" content=\"Heart Failure Matters\" \/>\n<meta property=\"article:publisher\" content=\"https:\/\/www.facebook.com\/heartfailurematters\" \/>\n<meta property=\"article:modified_time\" content=\"2021-04-30T11:25:48+00:00\" \/>\n<meta name=\"twitter:card\" content=\"summary_large_image\" \/>\n<meta name=\"twitter:label1\" content=\"Gesch\u00e4tzte Lesezeit\" \/>\n\t<meta name=\"twitter:data1\" content=\"2\u00a0Minuten\" \/>\n<script type=\"application\/ld+json\" class=\"yoast-schema-graph\">{\"@context\":\"https:\/\/schema.org\",\"@graph\":[{\"@type\":\"WebPage\",\"@id\":\"https:\/\/www.heartfailurematters.org\/de\/datenschutzerklaerung\/\",\"url\":\"https:\/\/www.heartfailurematters.org\/de\/datenschutzerklaerung\/\",\"name\":\"Datenschutzerkl\u00e4rung\",\"isPartOf\":{\"@id\":\"https:\/\/www.heartfailurematters.org\/de\/#website\"},\"datePublished\":\"2021-01-27T22:00:59+00:00\",\"dateModified\":\"2021-04-30T11:25:48+00:00\",\"description\":\"Die Europ\u00e4ische Gesellschaft f\u00fcr Kardiologie (ESC) verpflichtet sich, Ihre Daten im Internet zu sch\u00fctzen und verwendet die von uns erhobenen Daten, um uns zu helfen, mehr dar\u00fcber zu erfahren, wie unsere Website genutzt wird.\",\"breadcrumb\":{\"@id\":\"https:\/\/www.heartfailurematters.org\/de\/datenschutzerklaerung\/#breadcrumb\"},\"inLanguage\":\"de\",\"potentialAction\":[{\"@type\":\"ReadAction\",\"target\":[\"https:\/\/www.heartfailurematters.org\/de\/datenschutzerklaerung\/\"]}]},{\"@type\":\"BreadcrumbList\",\"@id\":\"https:\/\/www.heartfailurematters.org\/de\/datenschutzerklaerung\/#breadcrumb\",\"itemListElement\":[{\"@type\":\"ListItem\",\"position\":1,\"name\":\"Startseite\",\"item\":\"https:\/\/www.heartfailurematters.org\/de\/\"},{\"@type\":\"ListItem\",\"position\":2,\"name\":\"Datenschutzerkl\u00e4rung\"}]},{\"@type\":\"WebSite\",\"@id\":\"https:\/\/www.heartfailurematters.org\/de\/#website\",\"url\":\"https:\/\/www.heartfailurematters.org\/de\/\",\"name\":\"Heart Failure Matters\",\"description\":\"Practical information for patients, families and caregivers.\",\"publisher\":{\"@id\":\"https:\/\/www.heartfailurematters.org\/de\/#organization\"},\"potentialAction\":[{\"@type\":\"SearchAction\",\"target\":{\"@type\":\"EntryPoint\",\"urlTemplate\":\"https:\/\/www.heartfailurematters.org\/de\/?s={search_term_string}\"},\"query-input\":{\"@type\":\"PropertyValueSpecification\",\"valueRequired\":true,\"valueName\":\"search_term_string\"}}],\"inLanguage\":\"de\"},{\"@type\":\"Organization\",\"@id\":\"https:\/\/www.heartfailurematters.org\/de\/#organization\",\"name\":\"Heart Failure Matters\",\"url\":\"https:\/\/www.heartfailurematters.org\/de\/\",\"logo\":{\"@type\":\"ImageObject\",\"inLanguage\":\"de\",\"@id\":\"https:\/\/www.heartfailurematters.org\/de\/#\/schema\/logo\/image\/\",\"url\":\"https:\/\/cdn-endpoint-hfm.azureedge.net\/heartfailurematters\/2024\/07\/hfm-logo1.jpg\",\"contentUrl\":\"https:\/\/cdn-endpoint-hfm.azureedge.net\/heartfailurematters\/2024\/07\/hfm-logo1.jpg\",\"width\":1280,\"height\":720,\"caption\":\"Heart Failure Matters\"},\"image\":{\"@id\":\"https:\/\/www.heartfailurematters.org\/de\/#\/schema\/logo\/image\/\"},\"sameAs\":[\"https:\/\/www.facebook.com\/heartfailurematters\"]}]}<\/script>\n<!-- \/ Yoast SEO plugin. -->","yoast_head_json":{"title":"Datenschutzerkl\u00e4rung","description":"Die Europ\u00e4ische Gesellschaft f\u00fcr Kardiologie (ESC) verpflichtet sich, Ihre Daten im Internet zu sch\u00fctzen und verwendet die von uns erhobenen Daten, um uns zu helfen, mehr dar\u00fcber zu erfahren, wie unsere Website genutzt wird.","robots":{"index":"index","follow":"follow","max-snippet":"max-snippet:-1","max-image-preview":"max-image-preview:large","max-video-preview":"max-video-preview:-1"},"canonical":"https:\/\/www.heartfailurematters.org\/de\/datenschutzerklaerung\/","og_locale":"de_DE","og_type":"article","og_title":"Datenschutzerkl\u00e4rung","og_description":"Die Europ\u00e4ische Gesellschaft f\u00fcr Kardiologie (ESC) verpflichtet sich, Ihre Daten im Internet zu sch\u00fctzen und verwendet die von uns erhobenen Daten, um uns zu helfen, mehr dar\u00fcber zu erfahren, wie unsere Website genutzt wird.","og_url":"https:\/\/www.heartfailurematters.org\/de\/datenschutzerklaerung\/","og_site_name":"Heart Failure Matters","article_publisher":"https:\/\/www.facebook.com\/heartfailurematters","article_modified_time":"2021-04-30T11:25:48+00:00","twitter_card":"summary_large_image","twitter_misc":{"Gesch\u00e4tzte Lesezeit":"2\u00a0Minuten"},"schema":{"@context":"https:\/\/schema.org","@graph":[{"@type":"WebPage","@id":"https:\/\/www.heartfailurematters.org\/de\/datenschutzerklaerung\/","url":"https:\/\/www.heartfailurematters.org\/de\/datenschutzerklaerung\/","name":"Datenschutzerkl\u00e4rung","isPartOf":{"@id":"https:\/\/www.heartfailurematters.org\/de\/#website"},"datePublished":"2021-01-27T22:00:59+00:00","dateModified":"2021-04-30T11:25:48+00:00","description":"Die Europ\u00e4ische Gesellschaft f\u00fcr Kardiologie (ESC) verpflichtet sich, Ihre Daten im Internet zu sch\u00fctzen und verwendet die von uns erhobenen Daten, um uns zu helfen, mehr dar\u00fcber zu erfahren, wie unsere Website genutzt wird.","breadcrumb":{"@id":"https:\/\/www.heartfailurematters.org\/de\/datenschutzerklaerung\/#breadcrumb"},"inLanguage":"de","potentialAction":[{"@type":"ReadAction","target":["https:\/\/www.heartfailurematters.org\/de\/datenschutzerklaerung\/"]}]},{"@type":"BreadcrumbList","@id":"https:\/\/www.heartfailurematters.org\/de\/datenschutzerklaerung\/#breadcrumb","itemListElement":[{"@type":"ListItem","position":1,"name":"Startseite","item":"https:\/\/www.heartfailurematters.org\/de\/"},{"@type":"ListItem","position":2,"name":"Datenschutzerkl\u00e4rung"}]},{"@type":"WebSite","@id":"https:\/\/www.heartfailurematters.org\/de\/#website","url":"https:\/\/www.heartfailurematters.org\/de\/","name":"Heart Failure Matters","description":"Practical information for patients, families and caregivers.","publisher":{"@id":"https:\/\/www.heartfailurematters.org\/de\/#organization"},"potentialAction":[{"@type":"SearchAction","target":{"@type":"EntryPoint","urlTemplate":"https:\/\/www.heartfailurematters.org\/de\/?s={search_term_string}"},"query-input":{"@type":"PropertyValueSpecification","valueRequired":true,"valueName":"search_term_string"}}],"inLanguage":"de"},{"@type":"Organization","@id":"https:\/\/www.heartfailurematters.org\/de\/#organization","name":"Heart Failure Matters","url":"https:\/\/www.heartfailurematters.org\/de\/","logo":{"@type":"ImageObject","inLanguage":"de","@id":"https:\/\/www.heartfailurematters.org\/de\/#\/schema\/logo\/image\/","url":"https:\/\/cdn-endpoint-hfm.azureedge.net\/heartfailurematters\/2024\/07\/hfm-logo1.jpg","contentUrl":"https:\/\/cdn-endpoint-hfm.azureedge.net\/heartfailurematters\/2024\/07\/hfm-logo1.jpg","width":1280,"height":720,"caption":"Heart Failure Matters"},"image":{"@id":"https:\/\/www.heartfailurematters.org\/de\/#\/schema\/logo\/image\/"},"sameAs":["https:\/\/www.facebook.com\/heartfailurematters"]}]}},"_links":{"self":[{"href":"https:\/\/www.heartfailurematters.org\/de\/wp-json\/wp\/v2\/pages\/1536","targetHints":{"allow":["GET"]}}],"collection":[{"href":"https:\/\/www.heartfailurematters.org\/de\/wp-json\/wp\/v2\/pages"}],"about":[{"href":"https:\/\/www.heartfailurematters.org\/de\/wp-json\/wp\/v2\/types\/page"}],"author":[{"embeddable":true,"href":"https:\/\/www.heartfailurematters.org\/de\/wp-json\/wp\/v2\/users\/1"}],"replies":[{"embeddable":true,"href":"https:\/\/www.heartfailurematters.org\/de\/wp-json\/wp\/v2\/comments?post=1536"}],"version-history":[{"count":1,"href":"https:\/\/www.heartfailurematters.org\/de\/wp-json\/wp\/v2\/pages\/1536\/revisions"}],"predecessor-version":[{"id":8876,"href":"https:\/\/www.heartfailurematters.org\/de\/wp-json\/wp\/v2\/pages\/1536\/revisions\/8876"}],"wp:attachment":[{"href":"https:\/\/www.heartfailurematters.org\/de\/wp-json\/wp\/v2\/media?parent=1536"}],"wp:term":[{"taxonomy":"category","embeddable":true,"href":"https:\/\/www.heartfailurematters.org\/de\/wp-json\/wp\/v2\/categories?post=1536"},{"taxonomy":"post_tag","embeddable":true,"href":"https:\/\/www.heartfailurematters.org\/de\/wp-json\/wp\/v2\/tags?post=1536"}],"curies":[{"name":"wp","href":"https:\/\/api.w.org\/{rel}","templated":true}]}}