{"id":1534,"date":"2021-01-27T22:00:54","date_gmt":"2021-01-27T22:00:54","guid":{"rendered":"http:\/\/heartfailurematters.local:8888\/roentgen-thorax\/"},"modified":"2021-07-19T11:07:51","modified_gmt":"2021-07-19T10:07:51","slug":"roentgen-thorax","status":"publish","type":"page","link":"https:\/\/www.heartfailurematters.org\/de\/herzinsuffizienz-verstehen\/roentgen-thorax\/","title":{"rendered":"R\u00f6ntgen-Thorax"},"content":{"rendered":"<p>Unter <strong>R\u00f6ntgen-Thorax <\/strong>versteht man die Anfertigung einer R\u00f6ntgenaufnahme von Herz, Lungen, Blutgef\u00e4\u00dfen und Knochen der Wirbels\u00e4ule und den Brustbereich. Die Aufnahme zeigt keine spezifischen Details des Herzens, sodass sich nur allgemeine Ver\u00e4nderungen in Form und Gr\u00f6\u00dfe erkennen lassen.<\/p>\n<p>Dazu m\u00fcssen Sie die radiologische Abteilung in Ihrem Krankenhaus aufsuchen. Dort werden Sie gebeten, die Brust gegen eine photographische Platte zu pressen, tief durchzuatmen und stillzustehen. Das Verfahren ist schmerzfrei und harmlos. Die Strahlenmenge ist gering \u2013 aber die photographische Platte kann kalt sein, was m\u00f6glicherweise unangenehm f\u00fcr Sie ist. Ein R\u00f6ntgenassistent wird dann einen Knopf dr\u00fccken, sodass R\u00f6ntgenstrahlen durch Ihren K\u00f6rper geschickt werden und auf die photographische Platte fallen.<\/p>\n<p>Das R\u00f6ntgenbild ist kurz danach schon fertig. Ihr Arzt wird darauf erkennen, ob Ihr Herz vergr\u00f6\u00dfert ist oder ob es Anzeichen f\u00fcr eine <strong>Stauung <\/strong>oder Infektion gibt. Au\u00dferdem kann eine R\u00f6ntgenuntersuchung des Thorax Hinweise auf Lungenerkrankungen liefern, die m\u00f6glicherweise \u00e4hnliche Symptome wie bei Patienten mit Herzinsuffizienz hervorrufen k\u00f6nnen.<\/p>\n<p>Zur\u00fcck zu \u201e\u00dcbliche Tests zum Nachweis einer Herzinsuffizienz?\u201c<\/p>\n","protected":false},"excerpt":{"rendered":"<p>Unter R\u00f6ntgen-Thorax versteht man die Anfertigung einer R\u00f6ntgenaufnahme von Herz, Lungen, Blutgef\u00e4\u00dfen und Knochen der Wirbels\u00e4ule und den Brustbereich. Die Aufnahme zeigt keine spezifischen Details des Herzens, sodass sich nur allgemeine Ver\u00e4nderungen in Form und Gr\u00f6\u00dfe erkennen lassen. Dazu m\u00fcssen Sie die radiologische Abteilung in Ihrem Krankenhaus aufsuchen. Dort werden Sie gebeten, die Brust gegen [&hellip;]<\/p>\n","protected":false},"author":1,"featured_media":10637,"parent":1371,"menu_order":0,"comment_status":"open","ping_status":"open","template":"","meta":{"_acf_changed":false,"footnotes":""},"categories":[],"tags":[],"class_list":["post-1534","page","type-page","status-publish","has-post-thumbnail","hentry"],"acf":[],"yoast_head":"<!-- This site is optimized with the Yoast SEO plugin v24.8.1 - https:\/\/yoast.com\/wordpress\/plugins\/seo\/ -->\n<title>R\u00f6ntgenaufnahme des Brustkorbs bei Herzinsuffizienz<\/title>\n<meta name=\"description\" content=\"Eine R\u00f6ntgenaufnahme der Brust ist eine Art Foto von Herz, Lunge, Blutgef\u00e4\u00dfen und den Knochen von Wirbels\u00e4ule und Brust. Es zeigt keine spezifischen Details des Herzes und daher sind nur allgemeine \u00c4nderungen in Form und Gr\u00f6\u00dfe erkennbar.\" \/>\n<meta name=\"robots\" content=\"index, follow, max-snippet:-1, max-image-preview:large, max-video-preview:-1\" \/>\n<link rel=\"canonical\" href=\"https:\/\/www.heartfailurematters.org\/de\/herzinsuffizienz-verstehen\/roentgen-thorax\/\" \/>\n<meta property=\"og:locale\" content=\"de_DE\" \/>\n<meta property=\"og:type\" content=\"article\" \/>\n<meta property=\"og:title\" content=\"R\u00f6ntgenaufnahme des Brustkorbs bei Herzinsuffizienz\" \/>\n<meta property=\"og:description\" content=\"Eine R\u00f6ntgenaufnahme der Brust ist eine Art Foto von Herz, Lunge, Blutgef\u00e4\u00dfen und den Knochen von Wirbels\u00e4ule und Brust. Es zeigt keine spezifischen Details des Herzes und daher sind nur allgemeine \u00c4nderungen in Form und Gr\u00f6\u00dfe erkennbar.\" \/>\n<meta property=\"og:url\" content=\"https:\/\/www.heartfailurematters.org\/de\/herzinsuffizienz-verstehen\/roentgen-thorax\/\" \/>\n<meta property=\"og:site_name\" content=\"Heart Failure Matters\" \/>\n<meta property=\"article:publisher\" content=\"https:\/\/www.facebook.com\/heartfailurematters\" \/>\n<meta property=\"article:modified_time\" content=\"2021-07-19T10:07:51+00:00\" \/>\n<meta property=\"og:image\" content=\"https:\/\/www.heartfailurematters.org\/wp-content\/uploads\/2022\/02\/shutterstock_560923156-1-min.jpg\" \/>\n\t<meta property=\"og:image:width\" content=\"900\" \/>\n\t<meta property=\"og:image:height\" content=\"558\" \/>\n\t<meta property=\"og:image:type\" content=\"image\/jpeg\" \/>\n<meta name=\"twitter:card\" content=\"summary_large_image\" \/>\n<meta name=\"twitter:label1\" content=\"Gesch\u00e4tzte Lesezeit\" \/>\n\t<meta name=\"twitter:data1\" content=\"1\u00a0Minute\" \/>\n<script type=\"application\/ld+json\" class=\"yoast-schema-graph\">{\"@context\":\"https:\/\/schema.org\",\"@graph\":[{\"@type\":\"WebPage\",\"@id\":\"https:\/\/www.heartfailurematters.org\/de\/herzinsuffizienz-verstehen\/roentgen-thorax\/\",\"url\":\"https:\/\/www.heartfailurematters.org\/de\/herzinsuffizienz-verstehen\/roentgen-thorax\/\",\"name\":\"R\u00f6ntgenaufnahme des Brustkorbs bei Herzinsuffizienz\",\"isPartOf\":{\"@id\":\"https:\/\/www.heartfailurematters.org\/de\/#website\"},\"primaryImageOfPage\":{\"@id\":\"https:\/\/www.heartfailurematters.org\/de\/herzinsuffizienz-verstehen\/roentgen-thorax\/#primaryimage\"},\"image\":{\"@id\":\"https:\/\/www.heartfailurematters.org\/de\/herzinsuffizienz-verstehen\/roentgen-thorax\/#primaryimage\"},\"thumbnailUrl\":\"https:\/\/www.heartfailurematters.org\/wp-content\/uploads\/2022\/02\/shutterstock_560923156-1-min.jpg\",\"datePublished\":\"2021-01-27T22:00:54+00:00\",\"dateModified\":\"2021-07-19T10:07:51+00:00\",\"description\":\"Eine R\u00f6ntgenaufnahme der Brust ist eine Art Foto von Herz, Lunge, Blutgef\u00e4\u00dfen und den Knochen von Wirbels\u00e4ule und Brust. Es zeigt keine spezifischen Details des Herzes und daher sind nur allgemeine \u00c4nderungen in Form und Gr\u00f6\u00dfe erkennbar.\",\"breadcrumb\":{\"@id\":\"https:\/\/www.heartfailurematters.org\/de\/herzinsuffizienz-verstehen\/roentgen-thorax\/#breadcrumb\"},\"inLanguage\":\"de\",\"potentialAction\":[{\"@type\":\"ReadAction\",\"target\":[\"https:\/\/www.heartfailurematters.org\/de\/herzinsuffizienz-verstehen\/roentgen-thorax\/\"]}]},{\"@type\":\"ImageObject\",\"inLanguage\":\"de\",\"@id\":\"https:\/\/www.heartfailurematters.org\/de\/herzinsuffizienz-verstehen\/roentgen-thorax\/#primaryimage\",\"url\":\"https:\/\/www.heartfailurematters.org\/wp-content\/uploads\/2022\/02\/shutterstock_560923156-1-min.jpg\",\"contentUrl\":\"https:\/\/www.heartfailurematters.org\/wp-content\/uploads\/2022\/02\/shutterstock_560923156-1-min.jpg\",\"width\":900,\"height\":558},{\"@type\":\"BreadcrumbList\",\"@id\":\"https:\/\/www.heartfailurematters.org\/de\/herzinsuffizienz-verstehen\/roentgen-thorax\/#breadcrumb\",\"itemListElement\":[{\"@type\":\"ListItem\",\"position\":1,\"name\":\"Startseite\",\"item\":\"https:\/\/www.heartfailurematters.org\/de\/\"},{\"@type\":\"ListItem\",\"position\":2,\"name\":\"Herzinsuffizienz verstehen\",\"item\":\"https:\/\/www.heartfailurematters.org\/de\/herzinsuffizienz-verstehen\/\"},{\"@type\":\"ListItem\",\"position\":3,\"name\":\"R\u00f6ntgen-Thorax\"}]},{\"@type\":\"WebSite\",\"@id\":\"https:\/\/www.heartfailurematters.org\/de\/#website\",\"url\":\"https:\/\/www.heartfailurematters.org\/de\/\",\"name\":\"Heart Failure Matters\",\"description\":\"Practical information for patients, families and caregivers.\",\"publisher\":{\"@id\":\"https:\/\/www.heartfailurematters.org\/de\/#organization\"},\"potentialAction\":[{\"@type\":\"SearchAction\",\"target\":{\"@type\":\"EntryPoint\",\"urlTemplate\":\"https:\/\/www.heartfailurematters.org\/de\/?s={search_term_string}\"},\"query-input\":{\"@type\":\"PropertyValueSpecification\",\"valueRequired\":true,\"valueName\":\"search_term_string\"}}],\"inLanguage\":\"de\"},{\"@type\":\"Organization\",\"@id\":\"https:\/\/www.heartfailurematters.org\/de\/#organization\",\"name\":\"Heart Failure Matters\",\"url\":\"https:\/\/www.heartfailurematters.org\/de\/\",\"logo\":{\"@type\":\"ImageObject\",\"inLanguage\":\"de\",\"@id\":\"https:\/\/www.heartfailurematters.org\/de\/#\/schema\/logo\/image\/\",\"url\":\"https:\/\/cdn-endpoint-hfm.azureedge.net\/heartfailurematters\/2024\/07\/hfm-logo1.jpg\",\"contentUrl\":\"https:\/\/cdn-endpoint-hfm.azureedge.net\/heartfailurematters\/2024\/07\/hfm-logo1.jpg\",\"width\":1280,\"height\":720,\"caption\":\"Heart Failure Matters\"},\"image\":{\"@id\":\"https:\/\/www.heartfailurematters.org\/de\/#\/schema\/logo\/image\/\"},\"sameAs\":[\"https:\/\/www.facebook.com\/heartfailurematters\"]}]}<\/script>\n<!-- \/ Yoast SEO plugin. -->","yoast_head_json":{"title":"R\u00f6ntgenaufnahme des Brustkorbs bei Herzinsuffizienz","description":"Eine R\u00f6ntgenaufnahme der Brust ist eine Art Foto von Herz, Lunge, Blutgef\u00e4\u00dfen und den Knochen von Wirbels\u00e4ule und Brust. Es zeigt keine spezifischen Details des Herzes und daher sind nur allgemeine \u00c4nderungen in Form und Gr\u00f6\u00dfe erkennbar.","robots":{"index":"index","follow":"follow","max-snippet":"max-snippet:-1","max-image-preview":"max-image-preview:large","max-video-preview":"max-video-preview:-1"},"canonical":"https:\/\/www.heartfailurematters.org\/de\/herzinsuffizienz-verstehen\/roentgen-thorax\/","og_locale":"de_DE","og_type":"article","og_title":"R\u00f6ntgenaufnahme des Brustkorbs bei Herzinsuffizienz","og_description":"Eine R\u00f6ntgenaufnahme der Brust ist eine Art Foto von Herz, Lunge, Blutgef\u00e4\u00dfen und den Knochen von Wirbels\u00e4ule und Brust. Es zeigt keine spezifischen Details des Herzes und daher sind nur allgemeine \u00c4nderungen in Form und Gr\u00f6\u00dfe erkennbar.","og_url":"https:\/\/www.heartfailurematters.org\/de\/herzinsuffizienz-verstehen\/roentgen-thorax\/","og_site_name":"Heart Failure Matters","article_publisher":"https:\/\/www.facebook.com\/heartfailurematters","article_modified_time":"2021-07-19T10:07:51+00:00","og_image":[{"width":900,"height":558,"url":"https:\/\/www.heartfailurematters.org\/wp-content\/uploads\/2022\/02\/shutterstock_560923156-1-min.jpg","type":"image\/jpeg"}],"twitter_card":"summary_large_image","twitter_misc":{"Gesch\u00e4tzte Lesezeit":"1\u00a0Minute"},"schema":{"@context":"https:\/\/schema.org","@graph":[{"@type":"WebPage","@id":"https:\/\/www.heartfailurematters.org\/de\/herzinsuffizienz-verstehen\/roentgen-thorax\/","url":"https:\/\/www.heartfailurematters.org\/de\/herzinsuffizienz-verstehen\/roentgen-thorax\/","name":"R\u00f6ntgenaufnahme des Brustkorbs bei Herzinsuffizienz","isPartOf":{"@id":"https:\/\/www.heartfailurematters.org\/de\/#website"},"primaryImageOfPage":{"@id":"https:\/\/www.heartfailurematters.org\/de\/herzinsuffizienz-verstehen\/roentgen-thorax\/#primaryimage"},"image":{"@id":"https:\/\/www.heartfailurematters.org\/de\/herzinsuffizienz-verstehen\/roentgen-thorax\/#primaryimage"},"thumbnailUrl":"https:\/\/www.heartfailurematters.org\/wp-content\/uploads\/2022\/02\/shutterstock_560923156-1-min.jpg","datePublished":"2021-01-27T22:00:54+00:00","dateModified":"2021-07-19T10:07:51+00:00","description":"Eine R\u00f6ntgenaufnahme der Brust ist eine Art Foto von Herz, Lunge, Blutgef\u00e4\u00dfen und den Knochen von Wirbels\u00e4ule und Brust. Es zeigt keine spezifischen Details des Herzes und daher sind nur allgemeine \u00c4nderungen in Form und Gr\u00f6\u00dfe erkennbar.","breadcrumb":{"@id":"https:\/\/www.heartfailurematters.org\/de\/herzinsuffizienz-verstehen\/roentgen-thorax\/#breadcrumb"},"inLanguage":"de","potentialAction":[{"@type":"ReadAction","target":["https:\/\/www.heartfailurematters.org\/de\/herzinsuffizienz-verstehen\/roentgen-thorax\/"]}]},{"@type":"ImageObject","inLanguage":"de","@id":"https:\/\/www.heartfailurematters.org\/de\/herzinsuffizienz-verstehen\/roentgen-thorax\/#primaryimage","url":"https:\/\/www.heartfailurematters.org\/wp-content\/uploads\/2022\/02\/shutterstock_560923156-1-min.jpg","contentUrl":"https:\/\/www.heartfailurematters.org\/wp-content\/uploads\/2022\/02\/shutterstock_560923156-1-min.jpg","width":900,"height":558},{"@type":"BreadcrumbList","@id":"https:\/\/www.heartfailurematters.org\/de\/herzinsuffizienz-verstehen\/roentgen-thorax\/#breadcrumb","itemListElement":[{"@type":"ListItem","position":1,"name":"Startseite","item":"https:\/\/www.heartfailurematters.org\/de\/"},{"@type":"ListItem","position":2,"name":"Herzinsuffizienz verstehen","item":"https:\/\/www.heartfailurematters.org\/de\/herzinsuffizienz-verstehen\/"},{"@type":"ListItem","position":3,"name":"R\u00f6ntgen-Thorax"}]},{"@type":"WebSite","@id":"https:\/\/www.heartfailurematters.org\/de\/#website","url":"https:\/\/www.heartfailurematters.org\/de\/","name":"Heart Failure Matters","description":"Practical information for patients, families and caregivers.","publisher":{"@id":"https:\/\/www.heartfailurematters.org\/de\/#organization"},"potentialAction":[{"@type":"SearchAction","target":{"@type":"EntryPoint","urlTemplate":"https:\/\/www.heartfailurematters.org\/de\/?s={search_term_string}"},"query-input":{"@type":"PropertyValueSpecification","valueRequired":true,"valueName":"search_term_string"}}],"inLanguage":"de"},{"@type":"Organization","@id":"https:\/\/www.heartfailurematters.org\/de\/#organization","name":"Heart Failure Matters","url":"https:\/\/www.heartfailurematters.org\/de\/","logo":{"@type":"ImageObject","inLanguage":"de","@id":"https:\/\/www.heartfailurematters.org\/de\/#\/schema\/logo\/image\/","url":"https:\/\/cdn-endpoint-hfm.azureedge.net\/heartfailurematters\/2024\/07\/hfm-logo1.jpg","contentUrl":"https:\/\/cdn-endpoint-hfm.azureedge.net\/heartfailurematters\/2024\/07\/hfm-logo1.jpg","width":1280,"height":720,"caption":"Heart Failure Matters"},"image":{"@id":"https:\/\/www.heartfailurematters.org\/de\/#\/schema\/logo\/image\/"},"sameAs":["https:\/\/www.facebook.com\/heartfailurematters"]}]}},"_links":{"self":[{"href":"https:\/\/www.heartfailurematters.org\/de\/wp-json\/wp\/v2\/pages\/1534","targetHints":{"allow":["GET"]}}],"collection":[{"href":"https:\/\/www.heartfailurematters.org\/de\/wp-json\/wp\/v2\/pages"}],"about":[{"href":"https:\/\/www.heartfailurematters.org\/de\/wp-json\/wp\/v2\/types\/page"}],"author":[{"embeddable":true,"href":"https:\/\/www.heartfailurematters.org\/de\/wp-json\/wp\/v2\/users\/1"}],"replies":[{"embeddable":true,"href":"https:\/\/www.heartfailurematters.org\/de\/wp-json\/wp\/v2\/comments?post=1534"}],"version-history":[{"count":2,"href":"https:\/\/www.heartfailurematters.org\/de\/wp-json\/wp\/v2\/pages\/1534\/revisions"}],"predecessor-version":[{"id":9502,"href":"https:\/\/www.heartfailurematters.org\/de\/wp-json\/wp\/v2\/pages\/1534\/revisions\/9502"}],"up":[{"embeddable":true,"href":"https:\/\/www.heartfailurematters.org\/de\/wp-json\/wp\/v2\/pages\/1371"}],"wp:featuredmedia":[{"embeddable":true,"href":"https:\/\/www.heartfailurematters.org\/de\/wp-json\/wp\/v2\/media\/10637"}],"wp:attachment":[{"href":"https:\/\/www.heartfailurematters.org\/de\/wp-json\/wp\/v2\/media?parent=1534"}],"wp:term":[{"taxonomy":"category","embeddable":true,"href":"https:\/\/www.heartfailurematters.org\/de\/wp-json\/wp\/v2\/categories?post=1534"},{"taxonomy":"post_tag","embeddable":true,"href":"https:\/\/www.heartfailurematters.org\/de\/wp-json\/wp\/v2\/tags?post=1534"}],"curies":[{"name":"wp","href":"https:\/\/api.w.org\/{rel}","templated":true}]}}