{"id":1531,"date":"2021-01-27T22:00:54","date_gmt":"2021-01-27T22:00:54","guid":{"rendered":"http:\/\/heartfailurematters.local:8888\/was-fuehrt-zu-einer-herzinsuffizienz\/"},"modified":"2025-12-04T11:24:05","modified_gmt":"2025-12-04T11:24:05","slug":"was-fuehrt-zu-einer-herzinsuffizienz","status":"publish","type":"page","link":"https:\/\/www.heartfailurematters.org\/de\/herzinsuffizienz-verstehen\/was-fuehrt-zu-einer-herzinsuffizienz\/","title":{"rendered":"Wie entsteht Herzinsuffizienz?"},"content":{"rendered":"<p>Es ist wichtig, die Ursachen f\u00fcr die Herzinsuffizienz zu kennen, um die Diagnose im Zusammenhang sehen zu k\u00f6nnen. Eine Herzinsuffizienz kann durch aktuelle oder fr\u00fchere Erkrankungen verursacht werden, die dem Herz entweder unmittelbar schaden oder zus\u00e4tzliche Arbeitsbelastung verursachen. Wenn Sie mehr als eine dieser Erkrankungen haben (oder hatten), erh\u00f6ht sich Ihr Risiko f\u00fcr eine Herzinsuffizienz enorm. Ihre \u00c4rztin\/Ihr Arzt wird Ihnen vermutlich sagen k\u00f6nnen, was die Ursache f\u00fcr Ihre Herzinsuffizienz ist.<\/p>\n<p>Nachstehend finden Sie eine Liste von verschiedenen Erkrankungen, die typischerweise Herzinsuffizienz verursachen oder ausl\u00f6sen k\u00f6nnen sowie Erkl\u00e4rungen zur Krankheitsentstehung. Klicken Sie einfach auf eine der folgenden Erkrankungen, um mehr zu erfahren.<\/p>\n<p>Einige der h\u00e4ufigeren Ursachen f\u00fcr Herzinsuffizienz sind:<\/p>\n<ul>\n<li><a title=\"Fr\u00fchere Herzinfarkte\" href=\"https:\/\/www.heartfailurematters.org\/heart-failure-causes-and-other-common-medical-conditions\/past-heart-attacks\/\">Fr\u00fchere Herzinfarkte<\/a><\/li>\n<li><a title=\"Koronare Herzerkrankung\" href=\"https:\/\/www.heartfailurematters.org\/heart-failure-causes-and-other-common-medical-conditions\/coronary-artery-disease\/\">Koronare Herzerkrankung<\/a><\/li>\n<li><a title=\"Bluthochdruck\" href=\"https:\/\/www.heartfailurematters.org\/heart-failure-causes-and-other-common-medical-conditions\/high-blood-pressure\/\">Bluthochdruck<\/a><\/li>\n<li><a title=\"Herzklappenerkrankung\" href=\"https:\/\/www.heartfailurematters.org\/heart-failure-causes-and-other-common-medical-conditions\/valvular-heart-disease-and-heart-failure\/\">Herzklappenerkrankung<\/a><\/li>\n<li><a title=\"Herzmuskelerkrankung oder Herzmuskelentz\u00fcndung\" href=\"https:\/\/www.heartfailurematters.org\/heart-failure-causes-and-other-common-medical-conditions\/heart-muscle-disease-or-inflammation-of-the-heart\/\">Herzmuskelerkrankung oder Herzmuskelentz\u00fcndung<\/a><\/li>\n<li><a title=\"Angeborene Herzfehler\" href=\"https:\/\/www.heartfailurematters.org\/heart-failure-causes-and-other-common-medical-conditions\/adult-congenital-heart-disease\/\">Angeborene Herzfehler<\/a><\/li>\n<li><a title=\"Lungenerkrankungen\" href=\"https:\/\/www.heartfailurematters.org\/heart-failure-causes-and-other-common-medical-conditions\/lung-disease\/\">Lungenerkrankungen<\/a><\/li>\n<li><a title=\"Alkohol- \/ Drogenmissbrauch\" href=\"https:\/\/www.heartfailurematters.org\/heart-failure-causes-and-other-common-medical-conditions\/alcohol-drug-abuse\/\">Alkohol- \/ Drogenmissbrauch<\/a><\/li>\n<\/ul>\n<p>In manchen F\u00e4llen k\u00f6nnen Personen, welche die Herzinsuffizienz k\u00f6rperlich eigentlich gut kompensieren, Symptome entwickeln, wenn das Herz vor\u00fcbergehend nicht mit den k\u00f6rperlichen Anforderungen Schritt halten kann. Zu den Erkrankungen, die diese Art von Herzinsuffizienz ausl\u00f6sen k\u00f6nnen, z\u00e4hlen unter anderem:<\/p>\n<ul>\n<li><a title=\"Infektion\" href=\"https:\/\/www.heartfailurematters.org\/heart-failure-causes-and-other-common-medical-conditions\/infection\/\">Infektion<\/a><\/li>\n<li><a title=\"Nierenerkrankung\/eingeschr\u00e4nkte Nierenfunktion\" href=\"https:\/\/www.heartfailurematters.org\/heart-failure-causes-and-other-common-medical-conditions\/kidney-disease-poor-kidney-function\/\">Nierenerkrankung\/eingeschr\u00e4nkte Nierenfunktion<\/a><\/li>\n<li><a title=\"An\u00e4mie\" href=\"https:\/\/www.heartfailurematters.org\/heart-failure-causes-and-other-common-medical-conditions\/anaemia\/\">An\u00e4mie<\/a><\/li>\n<li><a href=\"https:\/\/www.heartfailurematters.org\/heart-failure-causes-and-other-common-medical-conditions\/iron-deficiency\/\">Eisenmangel <\/a><\/li>\n<li><a title=\"Anormaler Herzrhythmus\" href=\"https:\/\/www.heartfailurematters.org\/heart-failure-causes-and-other-common-medical-conditions\/abnormal-heart-rhythm-atrial-fibrillation\/\">Anormaler Herzrhythmus<\/a><\/li>\n<li><a title=\"Schilddr\u00fcsen\u00fcberfunktion\" href=\"https:\/\/www.heartfailurematters.org\/heart-failure-causes-and-other-common-medical-conditions\/abnormal-thyroid-function\/\">Schilddr\u00fcsen\u00fcberfunktion<\/a><\/li>\n<\/ul>\n<p>Wenn diese ausl\u00f6senden Faktoren behandelt werden, kann die Herzinsuffizienz oftmals gelindert werden.<\/p>\n<p>Andere Erkrankungen wie beispielsweise <a title=\"Diabetes\" href=\"https:\/\/www.heartfailurematters.org\/heart-failure-causes-and-other-common-medical-conditions\/diabetes\/\">Diabetes<\/a> k\u00f6nnen die Herzinsuffizienz verschlimmern.<\/p>\n<p>Dar\u00fcber hinaus entwickeln Menschen mit Herzinsuffizienz h\u00e4ufig Symptome, wenn sie die Einnahme ihrer Medikamente abbrechen oder ihren Behandlungsplan nicht richtig befolgen.<\/p>\n<p>Klicken Sie hier, um <a title=\"Tipps f\u00fcr den Umgang mit Ihren Medikamenten und zur Einhaltung Ihres Behandlungsplans\" href=\"https:\/\/www.heartfailurematters.org\/what-your-doctor-can-do\/the-importance-of-taking-your-medicines\/\">Tipps f\u00fcr den Umgang mit Ihren Medikamenten und zur Einhaltung Ihres Behandlungsplans<\/a> zu erhalten.<\/p>\n<p>In manchen F\u00e4llen ist die Ursache der Herzinsuffizienz unbekannt, und es liegen keine der oben aufgef\u00fchrten Erkrankungen vor.<\/p>\n<p>Wenn Sie sich \u00fcber die Ursache Ihrer Herzinsuffizienz nicht sicher sind, sollten Sie dies im Rahmen eines \u00e4rztlichen Beratungsgespr\u00e4chs abkl\u00e4ren.<\/p>\n","protected":false},"excerpt":{"rendered":"<p>Es ist wichtig, die Ursachen f\u00fcr die Herzinsuffizienz zu kennen, um die Diagnose im Zusammenhang sehen zu k\u00f6nnen. Eine Herzinsuffizienz kann durch aktuelle oder fr\u00fchere Erkrankungen verursacht werden, die dem Herz entweder unmittelbar schaden oder zus\u00e4tzliche Arbeitsbelastung verursachen. Wenn Sie mehr als eine dieser Erkrankungen haben (oder hatten), erh\u00f6ht sich Ihr Risiko f\u00fcr eine Herzinsuffizienz [&hellip;]<\/p>\n","protected":false},"author":1,"featured_media":0,"parent":1371,"menu_order":12,"comment_status":"open","ping_status":"closed","template":"","meta":{"_acf_changed":false,"footnotes":""},"categories":[119],"tags":[],"class_list":["post-1531","page","type-page","status-publish","hentry","category-understanding-heart-failure-de"],"acf":[],"yoast_head":"<!-- This site is optimized with the Yoast SEO plugin v24.8.1 - https:\/\/yoast.com\/wordpress\/plugins\/seo\/ -->\n<title>Wie entsteht Herzinsuffizienz bei Patientinnen und Patienten?<\/title>\n<meta name=\"description\" content=\"Dies ist eine Liste verschiedener Erkrankungen, die Herzinsuffizienz verursachen oder ausl\u00f6sen k\u00f6nnen, mit Erkl\u00e4rung der Erkrankung und etwaiger Probleme\" \/>\n<meta name=\"robots\" content=\"index, follow, max-snippet:-1, max-image-preview:large, max-video-preview:-1\" \/>\n<link rel=\"canonical\" href=\"https:\/\/www.heartfailurematters.org\/de\/herzinsuffizienz-verstehen\/was-fuehrt-zu-einer-herzinsuffizienz\/\" \/>\n<meta property=\"og:locale\" content=\"de_DE\" \/>\n<meta property=\"og:type\" content=\"article\" \/>\n<meta property=\"og:title\" content=\"Wie entsteht Herzinsuffizienz bei Patientinnen und Patienten?\" \/>\n<meta property=\"og:description\" content=\"Dies ist eine Liste verschiedener Erkrankungen, die Herzinsuffizienz verursachen oder ausl\u00f6sen k\u00f6nnen, mit Erkl\u00e4rung der Erkrankung und etwaiger Probleme\" \/>\n<meta property=\"og:url\" content=\"https:\/\/www.heartfailurematters.org\/de\/herzinsuffizienz-verstehen\/was-fuehrt-zu-einer-herzinsuffizienz\/\" \/>\n<meta property=\"og:site_name\" content=\"Heart Failure Matters\" \/>\n<meta property=\"article:publisher\" content=\"https:\/\/www.facebook.com\/heartfailurematters\" \/>\n<meta property=\"article:modified_time\" content=\"2025-12-04T11:24:05+00:00\" \/>\n<meta name=\"twitter:card\" content=\"summary_large_image\" \/>\n<meta name=\"twitter:label1\" content=\"Gesch\u00e4tzte Lesezeit\" \/>\n\t<meta name=\"twitter:data1\" content=\"2\u00a0Minuten\" \/>\n<script type=\"application\/ld+json\" class=\"yoast-schema-graph\">{\"@context\":\"https:\/\/schema.org\",\"@graph\":[{\"@type\":\"WebPage\",\"@id\":\"https:\/\/www.heartfailurematters.org\/de\/herzinsuffizienz-verstehen\/was-fuehrt-zu-einer-herzinsuffizienz\/\",\"url\":\"https:\/\/www.heartfailurematters.org\/de\/herzinsuffizienz-verstehen\/was-fuehrt-zu-einer-herzinsuffizienz\/\",\"name\":\"Wie entsteht Herzinsuffizienz bei Patientinnen und Patienten?\",\"isPartOf\":{\"@id\":\"https:\/\/www.heartfailurematters.org\/de\/#website\"},\"datePublished\":\"2021-01-27T22:00:54+00:00\",\"dateModified\":\"2025-12-04T11:24:05+00:00\",\"description\":\"Dies ist eine Liste verschiedener Erkrankungen, die Herzinsuffizienz verursachen oder ausl\u00f6sen k\u00f6nnen, mit Erkl\u00e4rung der Erkrankung und etwaiger Probleme\",\"breadcrumb\":{\"@id\":\"https:\/\/www.heartfailurematters.org\/de\/herzinsuffizienz-verstehen\/was-fuehrt-zu-einer-herzinsuffizienz\/#breadcrumb\"},\"inLanguage\":\"de\",\"potentialAction\":[{\"@type\":\"ReadAction\",\"target\":[\"https:\/\/www.heartfailurematters.org\/de\/herzinsuffizienz-verstehen\/was-fuehrt-zu-einer-herzinsuffizienz\/\"]}]},{\"@type\":\"BreadcrumbList\",\"@id\":\"https:\/\/www.heartfailurematters.org\/de\/herzinsuffizienz-verstehen\/was-fuehrt-zu-einer-herzinsuffizienz\/#breadcrumb\",\"itemListElement\":[{\"@type\":\"ListItem\",\"position\":1,\"name\":\"Startseite\",\"item\":\"https:\/\/www.heartfailurematters.org\/de\/\"},{\"@type\":\"ListItem\",\"position\":2,\"name\":\"Herzinsuffizienz verstehen\",\"item\":\"https:\/\/www.heartfailurematters.org\/de\/herzinsuffizienz-verstehen\/\"},{\"@type\":\"ListItem\",\"position\":3,\"name\":\"Wie entsteht Herzinsuffizienz?\"}]},{\"@type\":\"WebSite\",\"@id\":\"https:\/\/www.heartfailurematters.org\/de\/#website\",\"url\":\"https:\/\/www.heartfailurematters.org\/de\/\",\"name\":\"Heart Failure Matters\",\"description\":\"Practical information for patients, families and caregivers.\",\"publisher\":{\"@id\":\"https:\/\/www.heartfailurematters.org\/de\/#organization\"},\"potentialAction\":[{\"@type\":\"SearchAction\",\"target\":{\"@type\":\"EntryPoint\",\"urlTemplate\":\"https:\/\/www.heartfailurematters.org\/de\/?s={search_term_string}\"},\"query-input\":{\"@type\":\"PropertyValueSpecification\",\"valueRequired\":true,\"valueName\":\"search_term_string\"}}],\"inLanguage\":\"de\"},{\"@type\":\"Organization\",\"@id\":\"https:\/\/www.heartfailurematters.org\/de\/#organization\",\"name\":\"Heart Failure Matters\",\"url\":\"https:\/\/www.heartfailurematters.org\/de\/\",\"logo\":{\"@type\":\"ImageObject\",\"inLanguage\":\"de\",\"@id\":\"https:\/\/www.heartfailurematters.org\/de\/#\/schema\/logo\/image\/\",\"url\":\"https:\/\/cdn-endpoint-hfm.azureedge.net\/heartfailurematters\/2024\/07\/hfm-logo1.jpg\",\"contentUrl\":\"https:\/\/cdn-endpoint-hfm.azureedge.net\/heartfailurematters\/2024\/07\/hfm-logo1.jpg\",\"width\":1280,\"height\":720,\"caption\":\"Heart Failure Matters\"},\"image\":{\"@id\":\"https:\/\/www.heartfailurematters.org\/de\/#\/schema\/logo\/image\/\"},\"sameAs\":[\"https:\/\/www.facebook.com\/heartfailurematters\"]}]}<\/script>\n<!-- \/ Yoast SEO plugin. -->","yoast_head_json":{"title":"Wie entsteht Herzinsuffizienz bei Patientinnen und Patienten?","description":"Dies ist eine Liste verschiedener Erkrankungen, die Herzinsuffizienz verursachen oder ausl\u00f6sen k\u00f6nnen, mit Erkl\u00e4rung der Erkrankung und etwaiger Probleme","robots":{"index":"index","follow":"follow","max-snippet":"max-snippet:-1","max-image-preview":"max-image-preview:large","max-video-preview":"max-video-preview:-1"},"canonical":"https:\/\/www.heartfailurematters.org\/de\/herzinsuffizienz-verstehen\/was-fuehrt-zu-einer-herzinsuffizienz\/","og_locale":"de_DE","og_type":"article","og_title":"Wie entsteht Herzinsuffizienz bei Patientinnen und Patienten?","og_description":"Dies ist eine Liste verschiedener Erkrankungen, die Herzinsuffizienz verursachen oder ausl\u00f6sen k\u00f6nnen, mit Erkl\u00e4rung der Erkrankung und etwaiger Probleme","og_url":"https:\/\/www.heartfailurematters.org\/de\/herzinsuffizienz-verstehen\/was-fuehrt-zu-einer-herzinsuffizienz\/","og_site_name":"Heart Failure Matters","article_publisher":"https:\/\/www.facebook.com\/heartfailurematters","article_modified_time":"2025-12-04T11:24:05+00:00","twitter_card":"summary_large_image","twitter_misc":{"Gesch\u00e4tzte Lesezeit":"2\u00a0Minuten"},"schema":{"@context":"https:\/\/schema.org","@graph":[{"@type":"WebPage","@id":"https:\/\/www.heartfailurematters.org\/de\/herzinsuffizienz-verstehen\/was-fuehrt-zu-einer-herzinsuffizienz\/","url":"https:\/\/www.heartfailurematters.org\/de\/herzinsuffizienz-verstehen\/was-fuehrt-zu-einer-herzinsuffizienz\/","name":"Wie entsteht Herzinsuffizienz bei Patientinnen und Patienten?","isPartOf":{"@id":"https:\/\/www.heartfailurematters.org\/de\/#website"},"datePublished":"2021-01-27T22:00:54+00:00","dateModified":"2025-12-04T11:24:05+00:00","description":"Dies ist eine Liste verschiedener Erkrankungen, die Herzinsuffizienz verursachen oder ausl\u00f6sen k\u00f6nnen, mit Erkl\u00e4rung der Erkrankung und etwaiger Probleme","breadcrumb":{"@id":"https:\/\/www.heartfailurematters.org\/de\/herzinsuffizienz-verstehen\/was-fuehrt-zu-einer-herzinsuffizienz\/#breadcrumb"},"inLanguage":"de","potentialAction":[{"@type":"ReadAction","target":["https:\/\/www.heartfailurematters.org\/de\/herzinsuffizienz-verstehen\/was-fuehrt-zu-einer-herzinsuffizienz\/"]}]},{"@type":"BreadcrumbList","@id":"https:\/\/www.heartfailurematters.org\/de\/herzinsuffizienz-verstehen\/was-fuehrt-zu-einer-herzinsuffizienz\/#breadcrumb","itemListElement":[{"@type":"ListItem","position":1,"name":"Startseite","item":"https:\/\/www.heartfailurematters.org\/de\/"},{"@type":"ListItem","position":2,"name":"Herzinsuffizienz verstehen","item":"https:\/\/www.heartfailurematters.org\/de\/herzinsuffizienz-verstehen\/"},{"@type":"ListItem","position":3,"name":"Wie entsteht Herzinsuffizienz?"}]},{"@type":"WebSite","@id":"https:\/\/www.heartfailurematters.org\/de\/#website","url":"https:\/\/www.heartfailurematters.org\/de\/","name":"Heart Failure Matters","description":"Practical information for patients, families and caregivers.","publisher":{"@id":"https:\/\/www.heartfailurematters.org\/de\/#organization"},"potentialAction":[{"@type":"SearchAction","target":{"@type":"EntryPoint","urlTemplate":"https:\/\/www.heartfailurematters.org\/de\/?s={search_term_string}"},"query-input":{"@type":"PropertyValueSpecification","valueRequired":true,"valueName":"search_term_string"}}],"inLanguage":"de"},{"@type":"Organization","@id":"https:\/\/www.heartfailurematters.org\/de\/#organization","name":"Heart Failure Matters","url":"https:\/\/www.heartfailurematters.org\/de\/","logo":{"@type":"ImageObject","inLanguage":"de","@id":"https:\/\/www.heartfailurematters.org\/de\/#\/schema\/logo\/image\/","url":"https:\/\/cdn-endpoint-hfm.azureedge.net\/heartfailurematters\/2024\/07\/hfm-logo1.jpg","contentUrl":"https:\/\/cdn-endpoint-hfm.azureedge.net\/heartfailurematters\/2024\/07\/hfm-logo1.jpg","width":1280,"height":720,"caption":"Heart Failure Matters"},"image":{"@id":"https:\/\/www.heartfailurematters.org\/de\/#\/schema\/logo\/image\/"},"sameAs":["https:\/\/www.facebook.com\/heartfailurematters"]}]}},"_links":{"self":[{"href":"https:\/\/www.heartfailurematters.org\/de\/wp-json\/wp\/v2\/pages\/1531","targetHints":{"allow":["GET"]}}],"collection":[{"href":"https:\/\/www.heartfailurematters.org\/de\/wp-json\/wp\/v2\/pages"}],"about":[{"href":"https:\/\/www.heartfailurematters.org\/de\/wp-json\/wp\/v2\/types\/page"}],"author":[{"embeddable":true,"href":"https:\/\/www.heartfailurematters.org\/de\/wp-json\/wp\/v2\/users\/1"}],"replies":[{"embeddable":true,"href":"https:\/\/www.heartfailurematters.org\/de\/wp-json\/wp\/v2\/comments?post=1531"}],"version-history":[{"count":1,"href":"https:\/\/www.heartfailurematters.org\/de\/wp-json\/wp\/v2\/pages\/1531\/revisions"}],"predecessor-version":[{"id":13622,"href":"https:\/\/www.heartfailurematters.org\/de\/wp-json\/wp\/v2\/pages\/1531\/revisions\/13622"}],"up":[{"embeddable":true,"href":"https:\/\/www.heartfailurematters.org\/de\/wp-json\/wp\/v2\/pages\/1371"}],"wp:attachment":[{"href":"https:\/\/www.heartfailurematters.org\/de\/wp-json\/wp\/v2\/media?parent=1531"}],"wp:term":[{"taxonomy":"category","embeddable":true,"href":"https:\/\/www.heartfailurematters.org\/de\/wp-json\/wp\/v2\/categories?post=1531"},{"taxonomy":"post_tag","embeddable":true,"href":"https:\/\/www.heartfailurematters.org\/de\/wp-json\/wp\/v2\/tags?post=1531"}],"curies":[{"name":"wp","href":"https:\/\/api.w.org\/{rel}","templated":true}]}}