{"id":1528,"date":"2021-01-27T22:00:54","date_gmt":"2021-01-27T22:00:54","guid":{"rendered":"http:\/\/heartfailurematters.local:8888\/was-koennen-sie-tun\/"},"modified":"2021-01-28T11:37:30","modified_gmt":"2021-01-28T11:37:30","slug":"was-koennen-sie-selbst-bei-einer-herzerkrankung-tun","status":"publish","type":"page","link":"https:\/\/www.heartfailurematters.org\/de\/das-koennen-sie-tun\/was-koennen-sie-selbst-bei-einer-herzerkrankung-tun\/","title":{"rendered":"Was k\u00f6nnen Sie selbst bei einer Herzerkrankung tun?"},"content":{"rendered":"<p>Eine Kombination aus medizinischen Behandlungen, Anpassungen in der Lebensweise und Selbstmanagement sind der Schl\u00fcssel f\u00fcr ein effektives Management Ihrer Herzinsuffizienz. Es ist daher wichtig, dass Sie den Empfehlungen Ihres Arztes oder der Pflegekraft folgen und alles tun, um Ihre Lebensweise entsprechend anzupassen. Nur so k\u00f6nnen Sie Ihre Symptome reduzieren und einem Fortschreiten Ihrer Herzinsuffizienz vorbeugen.<\/p>\n<p>In diesem Abschnitt wird im Einzelnen erkl\u00e4rt, was Sie selbst zur Behandlung Ihrer Herzinsuffizienz beitragen k\u00f6nnen. Auch simple Dinge wie jeden Tag einen kurzen Spaziergang zu machen, auf eine salzarme Ern\u00e4hrung zu achten und sich regelm\u00e4\u00dfig zu wiegen, k\u00f6nnen im Hinblick auf Ihre Symptome und Ihr allgemeines Befinden Erstaunliches bewirken und es ist sehr wichtig, wie Ihr Arzt oder Ihre Pflegekraft Ihre Erkrankung mit Ihrer Hilfe behandeln kann. Alle Ver\u00e4nderungen Ihrer Symptome sollten Sie mit Ihrem Arzt w\u00e4hrend des Termins besprechen.<\/p>\n<p>Klicken Sie auf einen der Links auf der linken Seite, um mehr dar\u00fcber zu erfahren, wie Sie selbst zur Behandlung Ihrer Herzinsuffizienz beitragen k\u00f6nnen.<\/p>\n<p>Vielleicht m\u00f6chten Sie sich auch den Abschnitt \u00fcber <a href=\"https:\/\/www.heartfailurematters.org\/de\/warnsignale\/warnzeichen\/\">Warnzeichen<\/a> anschauen, um zu erfahren, woran Sie erkennen k\u00f6nnen, ob sich Ihre Symptome verschlechtern.<\/p>\n","protected":false},"excerpt":{"rendered":"<p>Eine Kombination aus medizinischen Behandlungen, Anpassungen in der Lebensweise und Selbstmanagement sind der Schl\u00fcssel f\u00fcr ein effektives Management Ihrer Herzinsuffizienz. Es ist daher wichtig, dass Sie den Empfehlungen Ihres Arztes oder der Pflegekraft folgen und alles tun, um Ihre Lebensweise entsprechend anzupassen. Nur so k\u00f6nnen Sie Ihre Symptome reduzieren und einem Fortschreiten Ihrer Herzinsuffizienz vorbeugen. [&hellip;]<\/p>\n","protected":false},"author":1,"featured_media":10538,"parent":2716,"menu_order":1,"comment_status":"open","ping_status":"closed","template":"","meta":{"_acf_changed":false,"footnotes":""},"categories":[137],"tags":[],"class_list":["post-1528","page","type-page","status-publish","has-post-thumbnail","hentry","category-what-can-you-do-de"],"acf":[],"yoast_head":"<!-- This site is optimized with the Yoast SEO plugin v24.8.1 - https:\/\/yoast.com\/wordpress\/plugins\/seo\/ -->\n<title>Was k\u00f6nnen Sie selbst bei einer Herzerkrankung tun?<\/title>\n<meta name=\"description\" content=\"Die effektivste Art, mit Herzerkrankungen umzugehen, ist eine Kombination aus medizinischen Behandlungen und Anpassungen des Lebensstils. Hier erfahren Sie, wie Sie mit Ihrer Herzinsuffizienz umgehen\" \/>\n<meta name=\"robots\" content=\"index, follow, max-snippet:-1, max-image-preview:large, max-video-preview:-1\" \/>\n<link rel=\"canonical\" href=\"https:\/\/www.heartfailurematters.org\/de\/das-koennen-sie-tun\/was-koennen-sie-selbst-bei-einer-herzerkrankung-tun\/\" \/>\n<meta property=\"og:locale\" content=\"de_DE\" \/>\n<meta property=\"og:type\" content=\"article\" \/>\n<meta property=\"og:title\" content=\"Was k\u00f6nnen Sie selbst bei einer Herzerkrankung tun?\" \/>\n<meta property=\"og:description\" content=\"Die effektivste Art, mit Herzerkrankungen umzugehen, ist eine Kombination aus medizinischen Behandlungen und Anpassungen des Lebensstils. Hier erfahren Sie, wie Sie mit Ihrer Herzinsuffizienz umgehen\" \/>\n<meta property=\"og:url\" content=\"https:\/\/www.heartfailurematters.org\/de\/das-koennen-sie-tun\/was-koennen-sie-selbst-bei-einer-herzerkrankung-tun\/\" \/>\n<meta property=\"og:site_name\" content=\"Heart Failure Matters\" \/>\n<meta property=\"article:publisher\" content=\"https:\/\/www.facebook.com\/heartfailurematters\" \/>\n<meta property=\"article:modified_time\" content=\"2021-01-28T11:37:30+00:00\" \/>\n<meta property=\"og:image\" content=\"https:\/\/www.heartfailurematters.org\/wp-content\/uploads\/2022\/02\/shutterstock_258402434-1-min.jpg?_t=1773223855\" \/>\n\t<meta property=\"og:image:width\" content=\"900\" \/>\n\t<meta property=\"og:image:height\" content=\"475\" \/>\n\t<meta property=\"og:image:type\" content=\"image\/jpeg\" \/>\n<meta name=\"twitter:card\" content=\"summary_large_image\" \/>\n<meta name=\"twitter:label1\" content=\"Gesch\u00e4tzte Lesezeit\" \/>\n\t<meta name=\"twitter:data1\" content=\"1\u00a0Minute\" \/>\n<script type=\"application\/ld+json\" class=\"yoast-schema-graph\">{\"@context\":\"https:\/\/schema.org\",\"@graph\":[{\"@type\":\"WebPage\",\"@id\":\"https:\/\/www.heartfailurematters.org\/de\/das-koennen-sie-tun\/was-koennen-sie-selbst-bei-einer-herzerkrankung-tun\/\",\"url\":\"https:\/\/www.heartfailurematters.org\/de\/das-koennen-sie-tun\/was-koennen-sie-selbst-bei-einer-herzerkrankung-tun\/\",\"name\":\"Was k\u00f6nnen Sie selbst bei einer Herzerkrankung tun?\",\"isPartOf\":{\"@id\":\"https:\/\/www.heartfailurematters.org\/de\/#website\"},\"primaryImageOfPage\":{\"@id\":\"https:\/\/www.heartfailurematters.org\/de\/das-koennen-sie-tun\/was-koennen-sie-selbst-bei-einer-herzerkrankung-tun\/#primaryimage\"},\"image\":{\"@id\":\"https:\/\/www.heartfailurematters.org\/de\/das-koennen-sie-tun\/was-koennen-sie-selbst-bei-einer-herzerkrankung-tun\/#primaryimage\"},\"thumbnailUrl\":\"https:\/\/www.heartfailurematters.org\/wp-content\/uploads\/2022\/02\/shutterstock_258402434-1-min.jpg\",\"datePublished\":\"2021-01-27T22:00:54+00:00\",\"dateModified\":\"2021-01-28T11:37:30+00:00\",\"description\":\"Die effektivste Art, mit Herzerkrankungen umzugehen, ist eine Kombination aus medizinischen Behandlungen und Anpassungen des Lebensstils. Hier erfahren Sie, wie Sie mit Ihrer Herzinsuffizienz umgehen\",\"breadcrumb\":{\"@id\":\"https:\/\/www.heartfailurematters.org\/de\/das-koennen-sie-tun\/was-koennen-sie-selbst-bei-einer-herzerkrankung-tun\/#breadcrumb\"},\"inLanguage\":\"de\",\"potentialAction\":[{\"@type\":\"ReadAction\",\"target\":[\"https:\/\/www.heartfailurematters.org\/de\/das-koennen-sie-tun\/was-koennen-sie-selbst-bei-einer-herzerkrankung-tun\/\"]}]},{\"@type\":\"ImageObject\",\"inLanguage\":\"de\",\"@id\":\"https:\/\/www.heartfailurematters.org\/de\/das-koennen-sie-tun\/was-koennen-sie-selbst-bei-einer-herzerkrankung-tun\/#primaryimage\",\"url\":\"https:\/\/www.heartfailurematters.org\/wp-content\/uploads\/2022\/02\/shutterstock_258402434-1-min.jpg\",\"contentUrl\":\"https:\/\/www.heartfailurematters.org\/wp-content\/uploads\/2022\/02\/shutterstock_258402434-1-min.jpg\",\"width\":900,\"height\":475},{\"@type\":\"BreadcrumbList\",\"@id\":\"https:\/\/www.heartfailurematters.org\/de\/das-koennen-sie-tun\/was-koennen-sie-selbst-bei-einer-herzerkrankung-tun\/#breadcrumb\",\"itemListElement\":[{\"@type\":\"ListItem\",\"position\":1,\"name\":\"Startseite\",\"item\":\"https:\/\/www.heartfailurematters.org\/de\/\"},{\"@type\":\"ListItem\",\"position\":2,\"name\":\"Das k\u00f6nnen Sie tun\",\"item\":\"https:\/\/www.heartfailurematters.org\/de\/das-koennen-sie-tun\/\"},{\"@type\":\"ListItem\",\"position\":3,\"name\":\"Was k\u00f6nnen Sie selbst bei einer Herzerkrankung tun?\"}]},{\"@type\":\"WebSite\",\"@id\":\"https:\/\/www.heartfailurematters.org\/de\/#website\",\"url\":\"https:\/\/www.heartfailurematters.org\/de\/\",\"name\":\"Heart Failure Matters\",\"description\":\"Practical information for patients, families and caregivers.\",\"publisher\":{\"@id\":\"https:\/\/www.heartfailurematters.org\/de\/#organization\"},\"potentialAction\":[{\"@type\":\"SearchAction\",\"target\":{\"@type\":\"EntryPoint\",\"urlTemplate\":\"https:\/\/www.heartfailurematters.org\/de\/?s={search_term_string}\"},\"query-input\":{\"@type\":\"PropertyValueSpecification\",\"valueRequired\":true,\"valueName\":\"search_term_string\"}}],\"inLanguage\":\"de\"},{\"@type\":\"Organization\",\"@id\":\"https:\/\/www.heartfailurematters.org\/de\/#organization\",\"name\":\"Heart Failure Matters\",\"url\":\"https:\/\/www.heartfailurematters.org\/de\/\",\"logo\":{\"@type\":\"ImageObject\",\"inLanguage\":\"de\",\"@id\":\"https:\/\/www.heartfailurematters.org\/de\/#\/schema\/logo\/image\/\",\"url\":\"https:\/\/cdn-endpoint-hfm.azureedge.net\/heartfailurematters\/2024\/07\/hfm-logo1.jpg\",\"contentUrl\":\"https:\/\/cdn-endpoint-hfm.azureedge.net\/heartfailurematters\/2024\/07\/hfm-logo1.jpg\",\"width\":1280,\"height\":720,\"caption\":\"Heart Failure Matters\"},\"image\":{\"@id\":\"https:\/\/www.heartfailurematters.org\/de\/#\/schema\/logo\/image\/\"},\"sameAs\":[\"https:\/\/www.facebook.com\/heartfailurematters\"]}]}<\/script>\n<!-- \/ Yoast SEO plugin. -->","yoast_head_json":{"title":"Was k\u00f6nnen Sie selbst bei einer Herzerkrankung tun?","description":"Die effektivste Art, mit Herzerkrankungen umzugehen, ist eine Kombination aus medizinischen Behandlungen und Anpassungen des Lebensstils. Hier erfahren Sie, wie Sie mit Ihrer Herzinsuffizienz umgehen","robots":{"index":"index","follow":"follow","max-snippet":"max-snippet:-1","max-image-preview":"max-image-preview:large","max-video-preview":"max-video-preview:-1"},"canonical":"https:\/\/www.heartfailurematters.org\/de\/das-koennen-sie-tun\/was-koennen-sie-selbst-bei-einer-herzerkrankung-tun\/","og_locale":"de_DE","og_type":"article","og_title":"Was k\u00f6nnen Sie selbst bei einer Herzerkrankung tun?","og_description":"Die effektivste Art, mit Herzerkrankungen umzugehen, ist eine Kombination aus medizinischen Behandlungen und Anpassungen des Lebensstils. Hier erfahren Sie, wie Sie mit Ihrer Herzinsuffizienz umgehen","og_url":"https:\/\/www.heartfailurematters.org\/de\/das-koennen-sie-tun\/was-koennen-sie-selbst-bei-einer-herzerkrankung-tun\/","og_site_name":"Heart Failure Matters","article_publisher":"https:\/\/www.facebook.com\/heartfailurematters","article_modified_time":"2021-01-28T11:37:30+00:00","og_image":[{"width":900,"height":475,"url":"https:\/\/www.heartfailurematters.org\/wp-content\/uploads\/2022\/02\/shutterstock_258402434-1-min.jpg?_t=1773223855","type":"image\/jpeg"}],"twitter_card":"summary_large_image","twitter_misc":{"Gesch\u00e4tzte Lesezeit":"1\u00a0Minute"},"schema":{"@context":"https:\/\/schema.org","@graph":[{"@type":"WebPage","@id":"https:\/\/www.heartfailurematters.org\/de\/das-koennen-sie-tun\/was-koennen-sie-selbst-bei-einer-herzerkrankung-tun\/","url":"https:\/\/www.heartfailurematters.org\/de\/das-koennen-sie-tun\/was-koennen-sie-selbst-bei-einer-herzerkrankung-tun\/","name":"Was k\u00f6nnen Sie selbst bei einer Herzerkrankung tun?","isPartOf":{"@id":"https:\/\/www.heartfailurematters.org\/de\/#website"},"primaryImageOfPage":{"@id":"https:\/\/www.heartfailurematters.org\/de\/das-koennen-sie-tun\/was-koennen-sie-selbst-bei-einer-herzerkrankung-tun\/#primaryimage"},"image":{"@id":"https:\/\/www.heartfailurematters.org\/de\/das-koennen-sie-tun\/was-koennen-sie-selbst-bei-einer-herzerkrankung-tun\/#primaryimage"},"thumbnailUrl":"https:\/\/www.heartfailurematters.org\/wp-content\/uploads\/2022\/02\/shutterstock_258402434-1-min.jpg","datePublished":"2021-01-27T22:00:54+00:00","dateModified":"2021-01-28T11:37:30+00:00","description":"Die effektivste Art, mit Herzerkrankungen umzugehen, ist eine Kombination aus medizinischen Behandlungen und Anpassungen des Lebensstils. Hier erfahren Sie, wie Sie mit Ihrer Herzinsuffizienz umgehen","breadcrumb":{"@id":"https:\/\/www.heartfailurematters.org\/de\/das-koennen-sie-tun\/was-koennen-sie-selbst-bei-einer-herzerkrankung-tun\/#breadcrumb"},"inLanguage":"de","potentialAction":[{"@type":"ReadAction","target":["https:\/\/www.heartfailurematters.org\/de\/das-koennen-sie-tun\/was-koennen-sie-selbst-bei-einer-herzerkrankung-tun\/"]}]},{"@type":"ImageObject","inLanguage":"de","@id":"https:\/\/www.heartfailurematters.org\/de\/das-koennen-sie-tun\/was-koennen-sie-selbst-bei-einer-herzerkrankung-tun\/#primaryimage","url":"https:\/\/www.heartfailurematters.org\/wp-content\/uploads\/2022\/02\/shutterstock_258402434-1-min.jpg","contentUrl":"https:\/\/www.heartfailurematters.org\/wp-content\/uploads\/2022\/02\/shutterstock_258402434-1-min.jpg","width":900,"height":475},{"@type":"BreadcrumbList","@id":"https:\/\/www.heartfailurematters.org\/de\/das-koennen-sie-tun\/was-koennen-sie-selbst-bei-einer-herzerkrankung-tun\/#breadcrumb","itemListElement":[{"@type":"ListItem","position":1,"name":"Startseite","item":"https:\/\/www.heartfailurematters.org\/de\/"},{"@type":"ListItem","position":2,"name":"Das k\u00f6nnen Sie tun","item":"https:\/\/www.heartfailurematters.org\/de\/das-koennen-sie-tun\/"},{"@type":"ListItem","position":3,"name":"Was k\u00f6nnen Sie selbst bei einer Herzerkrankung tun?"}]},{"@type":"WebSite","@id":"https:\/\/www.heartfailurematters.org\/de\/#website","url":"https:\/\/www.heartfailurematters.org\/de\/","name":"Heart Failure Matters","description":"Practical information for patients, families and caregivers.","publisher":{"@id":"https:\/\/www.heartfailurematters.org\/de\/#organization"},"potentialAction":[{"@type":"SearchAction","target":{"@type":"EntryPoint","urlTemplate":"https:\/\/www.heartfailurematters.org\/de\/?s={search_term_string}"},"query-input":{"@type":"PropertyValueSpecification","valueRequired":true,"valueName":"search_term_string"}}],"inLanguage":"de"},{"@type":"Organization","@id":"https:\/\/www.heartfailurematters.org\/de\/#organization","name":"Heart Failure Matters","url":"https:\/\/www.heartfailurematters.org\/de\/","logo":{"@type":"ImageObject","inLanguage":"de","@id":"https:\/\/www.heartfailurematters.org\/de\/#\/schema\/logo\/image\/","url":"https:\/\/cdn-endpoint-hfm.azureedge.net\/heartfailurematters\/2024\/07\/hfm-logo1.jpg","contentUrl":"https:\/\/cdn-endpoint-hfm.azureedge.net\/heartfailurematters\/2024\/07\/hfm-logo1.jpg","width":1280,"height":720,"caption":"Heart Failure Matters"},"image":{"@id":"https:\/\/www.heartfailurematters.org\/de\/#\/schema\/logo\/image\/"},"sameAs":["https:\/\/www.facebook.com\/heartfailurematters"]}]}},"_links":{"self":[{"href":"https:\/\/www.heartfailurematters.org\/de\/wp-json\/wp\/v2\/pages\/1528","targetHints":{"allow":["GET"]}}],"collection":[{"href":"https:\/\/www.heartfailurematters.org\/de\/wp-json\/wp\/v2\/pages"}],"about":[{"href":"https:\/\/www.heartfailurematters.org\/de\/wp-json\/wp\/v2\/types\/page"}],"author":[{"embeddable":true,"href":"https:\/\/www.heartfailurematters.org\/de\/wp-json\/wp\/v2\/users\/1"}],"replies":[{"embeddable":true,"href":"https:\/\/www.heartfailurematters.org\/de\/wp-json\/wp\/v2\/comments?post=1528"}],"version-history":[{"count":1,"href":"https:\/\/www.heartfailurematters.org\/de\/wp-json\/wp\/v2\/pages\/1528\/revisions"}],"predecessor-version":[{"id":2744,"href":"https:\/\/www.heartfailurematters.org\/de\/wp-json\/wp\/v2\/pages\/1528\/revisions\/2744"}],"up":[{"embeddable":true,"href":"https:\/\/www.heartfailurematters.org\/de\/wp-json\/wp\/v2\/pages\/2716"}],"wp:featuredmedia":[{"embeddable":true,"href":"https:\/\/www.heartfailurematters.org\/de\/wp-json\/wp\/v2\/media\/10538"}],"wp:attachment":[{"href":"https:\/\/www.heartfailurematters.org\/de\/wp-json\/wp\/v2\/media?parent=1528"}],"wp:term":[{"taxonomy":"category","embeddable":true,"href":"https:\/\/www.heartfailurematters.org\/de\/wp-json\/wp\/v2\/categories?post=1528"},{"taxonomy":"post_tag","embeddable":true,"href":"https:\/\/www.heartfailurematters.org\/de\/wp-json\/wp\/v2\/tags?post=1528"}],"curies":[{"name":"wp","href":"https:\/\/api.w.org\/{rel}","templated":true}]}}