{"id":1513,"date":"2021-01-27T22:00:48","date_gmt":"2021-01-27T22:00:48","guid":{"rendered":"http:\/\/heartfailurematters.local:8888\/warnzeichen\/"},"modified":"2021-02-18T16:51:14","modified_gmt":"2021-02-18T16:51:14","slug":"warnzeichen","status":"publish","type":"page","link":"https:\/\/www.heartfailurematters.org\/de\/warnsignale\/warnzeichen\/","title":{"rendered":"Warnzeichen"},"content":{"rendered":"<p>Herzinsuffizienz l\u00e4sst sich durch die richtige Behandlung und Anpassungen in der Lebensweise entsprechend dem Rat Ihres Arztes oder der Sie betreuenden Pflegekraft gut in den Griff bekommen. Es ist jedoch wichtig, alle Symptome regelm\u00e4\u00dfig zu kontrollieren, da eine Herzinsuffizienz langsam fortschreiten kann.<\/p>\n<p>Aus der Liste links oder den untenstehenden Links erfahren Sie mehr \u00fcber die Symptome, auf die Sie ein Augenmerk haben sollten und auch was zu tun ist, wenn sich diese verschlechtern.<\/p>\n<p>Sie sollten unverz\u00fcglich Hilfe holen, wenn Folgendes eintritt:<\/p>\n<p><a title=\"Anhaltender Brustschmerz\" href=\"https:\/\/www.heartfailurematters.org\/de\/warnsignale\/brustschmerz\/\" shape=\"rect\">Anhaltender Brustschmerz<\/a>, der sich durch GTN bzw. Nitroglycerin nicht bessert.<\/p>\n<p><a title=\"Schwere und anhaltende Kurzatmigkeit Ohnmachtsanf\u00e4lle\" href=\"https:\/\/www.heartfailurematters.org\/de\/warnsignale\/ohnmachts-bzw-schwindelanfaelle\/\" shape=\"rect\">Schwere und anhaltende Kurzatmigkeit Ohnmachtsanf\u00e4lle<\/a><\/p>\n<p>Sie sollten so bald wie m\u00f6glich Ihren Arzt informieren, wenn Folgendes auftritt:<\/p>\n<p><a title=\"Zunehmende Kurzatmigkeit\" href=\"https:\/\/www.heartfailurematters.org\/de\/warnsignale\/kurzatmigkeit\/\" shape=\"rect\">Zunehmende Kurzatmigkeit<\/a><\/p>\n<p><a title=\"H\u00e4ufige auftreten von Atemnot\" href=\"https:\/\/www.heartfailurematters.org\/de\/warnsignale\/aufwachen-mit-atemnot-mit-bedarf-an-mehr-kissen\/\" shape=\"rect\">H\u00e4ufige auftreten von Atemnot<\/a><\/p>\n<p><a title=\"Bedarf an mehr Kissen, um gut schlafen zu k\u00f6nnen\" href=\"https:\/\/www.heartfailurematters.org\/de\/warnsignale\/aufwachen-mit-atemnot-mit-bedarf-an-mehr-kissen\/\" shape=\"rect\">Bedarf an mehr Kissen, um gut schlafen zu k\u00f6nnen<\/a><\/p>\n<p><a title=\"Rasche Herzrate oder sich verschlimmernde Palpitationen\" href=\"https:\/\/www.heartfailurematters.org\/de\/warnsignale\/palpitationen-herzrasen\/\" shape=\"rect\">Rasche Herzrate oder sich verschlimmernde Palpitationen<\/a><\/p>\n<p>Und Sie sollten die untenstehenden Symptome mit Ihrem Arzt oder der Sie betreuenden Pflegekraft besprechen.<\/p>\n<p><a title=\"Rasche Gewichtszunahme\" href=\"https:\/\/www.heartfailurematters.org\/de\/warnsignale\/rasche-gewichtszunahme\/\" shape=\"rect\">Rasche Gewichtszunahme<\/a><\/p>\n<p><a title=\"Zunehmende Schwellung oder Schmerzen im Bauch\" href=\"https:\/\/www.heartfailurematters.org\/de\/warnsignale\/schwellungen-oder-schmerzen-im-bauchbereich\/\" shape=\"rect\">Zunehmende Schwellung oder Schmerzen im Bauch<\/a><\/p>\n<p><a title=\"Zunehmende Schwellung der Beine oder Kn\u00f6chel\" href=\"https:\/\/www.heartfailurematters.org\/de\/warnsignale\/verstaerkte-schwellungen-der-beine-oder-knoechel\/\" shape=\"rect\">Zunehmende Schwellung der Beine oder Kn\u00f6chel<\/a><\/p>\n<p><a title=\"Appetitverlust\/\u00dcbelkeit\" href=\"https:\/\/www.heartfailurematters.org\/de\/warnsignale\/appetitlosigkeit-uebelkeit\/\" shape=\"rect\">Appetitverlust\/\u00dcbelkeit<\/a><\/p>\n<p><a title=\"Zunehmende Abgeschlagenheit\" href=\"https:\/\/www.heartfailurematters.org\/de\/herzinsuffizienz-verstehen\/muedigkeit-abgeschlagenheit\/\" shape=\"rect\">Zunehmende Abgeschlagenheit<\/a><\/p>\n<p><a title=\"Sich verschlechternder Husten\" href=\"https:\/\/www.heartfailurematters.org\/de\/herzinsuffizienz-verstehen\/husten-pfeifende-atmung-giemen\/\" shape=\"rect\">Sich verschlechternder Husten<\/a><\/p>\n<p>F\u00fcr eine einfachere \u00dcberwachung Ihrer Symptome, klicken Sie einfach auf die untenstehenden Links. Diese f\u00fchren zu n\u00fctzlichen Hilfsmitteln, die Sie herunterladen, ausdrucken und ausf\u00fcllen k\u00f6nnen. Diese Notizen k\u00f6nnen Sie dann Ihrem Arzt oder Ihrer Pflegekraft zeigen. Sie k\u00f6nnen als Grundlage f\u00fcr das Gespr\u00e4ch \u00fcber Ihre Symptome dienen.<\/p>\n<p><a title=\"Symptom- und Ereignistagebuch\" href=\"\/wp-content\/uploads\/2021\/02\/TAGEBUCH_UBER_SYMPTOME_UND_EREIGNISSE.pdf\" target=\"_blank\" rel=\"noopener\" shape=\"rect\">Symptom- und Ereignistagebuch<\/a><\/p>\n<p><a title=\"Tabelle zur Kontrolle der Herzinsuffizienz\" href=\"\/wp-content\/uploads\/2021\/02\/UBERWACHUNG_DER_HERZINSUFFIZIENZ.pdf\" target=\"_blank\" rel=\"noopener\" shape=\"rect\">Tabelle zur Kontrolle der Herzinsuffizienz<\/a><\/p>\n<p><a title=\"Brosch\u00fcre zu den Warnzeichen\" href=\"\/wp-content\/uploads\/2021\/02\/ERSTE_ANZEICHEN.pdf\" target=\"_blank\" rel=\"noopener\" shape=\"rect\">Brosch\u00fcre zu den Warnzeichen<\/a><\/p>\n","protected":false},"excerpt":{"rendered":"<p>Herzinsuffizienz l\u00e4sst sich durch die richtige Behandlung und Anpassungen in der Lebensweise entsprechend dem Rat Ihres Arztes oder der Sie betreuenden Pflegekraft gut in den Griff bekommen. Es ist jedoch wichtig, alle Symptome regelm\u00e4\u00dfig zu kontrollieren, da eine Herzinsuffizienz langsam fortschreiten kann. Aus der Liste links oder den untenstehenden Links erfahren Sie mehr \u00fcber die [&hellip;]<\/p>\n","protected":false},"author":1,"featured_media":0,"parent":2865,"menu_order":0,"comment_status":"open","ping_status":"open","template":"","meta":{"_acf_changed":false,"footnotes":""},"categories":[],"tags":[],"class_list":["post-1513","page","type-page","status-publish","hentry"],"acf":[],"yoast_head":"<!-- This site is optimized with the Yoast SEO plugin v24.8.1 - https:\/\/yoast.com\/wordpress\/plugins\/seo\/ -->\n<title>Warnzeichen einer Herzinsuffizienz<\/title>\n<meta name=\"description\" content=\"Ein effektiver Umgang mit Herzinsuffizienz ist m\u00f6glich. Daf\u00fcr ist es wichtig, all Ihre Symptome regelm\u00e4\u00dfig zu \u00fcberwachen. Rufen Sie um Hilfe, wenn diese Symptome auftreten\" \/>\n<meta name=\"robots\" content=\"index, follow, max-snippet:-1, max-image-preview:large, max-video-preview:-1\" \/>\n<link rel=\"canonical\" href=\"https:\/\/www.heartfailurematters.org\/de\/warnsignale\/warnzeichen\/\" \/>\n<meta property=\"og:locale\" content=\"de_DE\" \/>\n<meta property=\"og:type\" content=\"article\" \/>\n<meta property=\"og:title\" content=\"Warnzeichen einer Herzinsuffizienz\" \/>\n<meta property=\"og:description\" content=\"Ein effektiver Umgang mit Herzinsuffizienz ist m\u00f6glich. Daf\u00fcr ist es wichtig, all Ihre Symptome regelm\u00e4\u00dfig zu \u00fcberwachen. Rufen Sie um Hilfe, wenn diese Symptome auftreten\" \/>\n<meta property=\"og:url\" content=\"https:\/\/www.heartfailurematters.org\/de\/warnsignale\/warnzeichen\/\" \/>\n<meta property=\"og:site_name\" content=\"Heart Failure Matters\" \/>\n<meta property=\"article:publisher\" content=\"https:\/\/www.facebook.com\/heartfailurematters\" \/>\n<meta property=\"article:modified_time\" content=\"2021-02-18T16:51:14+00:00\" \/>\n<meta name=\"twitter:card\" content=\"summary_large_image\" \/>\n<meta name=\"twitter:label1\" content=\"Gesch\u00e4tzte Lesezeit\" \/>\n\t<meta name=\"twitter:data1\" content=\"1\u00a0Minute\" \/>\n<script type=\"application\/ld+json\" class=\"yoast-schema-graph\">{\"@context\":\"https:\/\/schema.org\",\"@graph\":[{\"@type\":\"WebPage\",\"@id\":\"https:\/\/www.heartfailurematters.org\/de\/warnsignale\/warnzeichen\/\",\"url\":\"https:\/\/www.heartfailurematters.org\/de\/warnsignale\/warnzeichen\/\",\"name\":\"Warnzeichen einer Herzinsuffizienz\",\"isPartOf\":{\"@id\":\"https:\/\/www.heartfailurematters.org\/de\/#website\"},\"datePublished\":\"2021-01-27T22:00:48+00:00\",\"dateModified\":\"2021-02-18T16:51:14+00:00\",\"description\":\"Ein effektiver Umgang mit Herzinsuffizienz ist m\u00f6glich. Daf\u00fcr ist es wichtig, all Ihre Symptome regelm\u00e4\u00dfig zu \u00fcberwachen. Rufen Sie um Hilfe, wenn diese Symptome auftreten\",\"breadcrumb\":{\"@id\":\"https:\/\/www.heartfailurematters.org\/de\/warnsignale\/warnzeichen\/#breadcrumb\"},\"inLanguage\":\"de\",\"potentialAction\":[{\"@type\":\"ReadAction\",\"target\":[\"https:\/\/www.heartfailurematters.org\/de\/warnsignale\/warnzeichen\/\"]}]},{\"@type\":\"BreadcrumbList\",\"@id\":\"https:\/\/www.heartfailurematters.org\/de\/warnsignale\/warnzeichen\/#breadcrumb\",\"itemListElement\":[{\"@type\":\"ListItem\",\"position\":1,\"name\":\"Startseite\",\"item\":\"https:\/\/www.heartfailurematters.org\/de\/\"},{\"@type\":\"ListItem\",\"position\":2,\"name\":\"Warnsignale\",\"item\":\"https:\/\/www.heartfailurematters.org\/de\/warnsignale\/\"},{\"@type\":\"ListItem\",\"position\":3,\"name\":\"Warnzeichen\"}]},{\"@type\":\"WebSite\",\"@id\":\"https:\/\/www.heartfailurematters.org\/de\/#website\",\"url\":\"https:\/\/www.heartfailurematters.org\/de\/\",\"name\":\"Heart Failure Matters\",\"description\":\"Practical information for patients, families and caregivers.\",\"publisher\":{\"@id\":\"https:\/\/www.heartfailurematters.org\/de\/#organization\"},\"potentialAction\":[{\"@type\":\"SearchAction\",\"target\":{\"@type\":\"EntryPoint\",\"urlTemplate\":\"https:\/\/www.heartfailurematters.org\/de\/?s={search_term_string}\"},\"query-input\":{\"@type\":\"PropertyValueSpecification\",\"valueRequired\":true,\"valueName\":\"search_term_string\"}}],\"inLanguage\":\"de\"},{\"@type\":\"Organization\",\"@id\":\"https:\/\/www.heartfailurematters.org\/de\/#organization\",\"name\":\"Heart Failure Matters\",\"url\":\"https:\/\/www.heartfailurematters.org\/de\/\",\"logo\":{\"@type\":\"ImageObject\",\"inLanguage\":\"de\",\"@id\":\"https:\/\/www.heartfailurematters.org\/de\/#\/schema\/logo\/image\/\",\"url\":\"https:\/\/cdn-endpoint-hfm.azureedge.net\/heartfailurematters\/2024\/07\/hfm-logo1.jpg\",\"contentUrl\":\"https:\/\/cdn-endpoint-hfm.azureedge.net\/heartfailurematters\/2024\/07\/hfm-logo1.jpg\",\"width\":1280,\"height\":720,\"caption\":\"Heart Failure Matters\"},\"image\":{\"@id\":\"https:\/\/www.heartfailurematters.org\/de\/#\/schema\/logo\/image\/\"},\"sameAs\":[\"https:\/\/www.facebook.com\/heartfailurematters\"]}]}<\/script>\n<!-- \/ Yoast SEO plugin. -->","yoast_head_json":{"title":"Warnzeichen einer Herzinsuffizienz","description":"Ein effektiver Umgang mit Herzinsuffizienz ist m\u00f6glich. Daf\u00fcr ist es wichtig, all Ihre Symptome regelm\u00e4\u00dfig zu \u00fcberwachen. Rufen Sie um Hilfe, wenn diese Symptome auftreten","robots":{"index":"index","follow":"follow","max-snippet":"max-snippet:-1","max-image-preview":"max-image-preview:large","max-video-preview":"max-video-preview:-1"},"canonical":"https:\/\/www.heartfailurematters.org\/de\/warnsignale\/warnzeichen\/","og_locale":"de_DE","og_type":"article","og_title":"Warnzeichen einer Herzinsuffizienz","og_description":"Ein effektiver Umgang mit Herzinsuffizienz ist m\u00f6glich. Daf\u00fcr ist es wichtig, all Ihre Symptome regelm\u00e4\u00dfig zu \u00fcberwachen. Rufen Sie um Hilfe, wenn diese Symptome auftreten","og_url":"https:\/\/www.heartfailurematters.org\/de\/warnsignale\/warnzeichen\/","og_site_name":"Heart Failure Matters","article_publisher":"https:\/\/www.facebook.com\/heartfailurematters","article_modified_time":"2021-02-18T16:51:14+00:00","twitter_card":"summary_large_image","twitter_misc":{"Gesch\u00e4tzte Lesezeit":"1\u00a0Minute"},"schema":{"@context":"https:\/\/schema.org","@graph":[{"@type":"WebPage","@id":"https:\/\/www.heartfailurematters.org\/de\/warnsignale\/warnzeichen\/","url":"https:\/\/www.heartfailurematters.org\/de\/warnsignale\/warnzeichen\/","name":"Warnzeichen einer Herzinsuffizienz","isPartOf":{"@id":"https:\/\/www.heartfailurematters.org\/de\/#website"},"datePublished":"2021-01-27T22:00:48+00:00","dateModified":"2021-02-18T16:51:14+00:00","description":"Ein effektiver Umgang mit Herzinsuffizienz ist m\u00f6glich. Daf\u00fcr ist es wichtig, all Ihre Symptome regelm\u00e4\u00dfig zu \u00fcberwachen. Rufen Sie um Hilfe, wenn diese Symptome auftreten","breadcrumb":{"@id":"https:\/\/www.heartfailurematters.org\/de\/warnsignale\/warnzeichen\/#breadcrumb"},"inLanguage":"de","potentialAction":[{"@type":"ReadAction","target":["https:\/\/www.heartfailurematters.org\/de\/warnsignale\/warnzeichen\/"]}]},{"@type":"BreadcrumbList","@id":"https:\/\/www.heartfailurematters.org\/de\/warnsignale\/warnzeichen\/#breadcrumb","itemListElement":[{"@type":"ListItem","position":1,"name":"Startseite","item":"https:\/\/www.heartfailurematters.org\/de\/"},{"@type":"ListItem","position":2,"name":"Warnsignale","item":"https:\/\/www.heartfailurematters.org\/de\/warnsignale\/"},{"@type":"ListItem","position":3,"name":"Warnzeichen"}]},{"@type":"WebSite","@id":"https:\/\/www.heartfailurematters.org\/de\/#website","url":"https:\/\/www.heartfailurematters.org\/de\/","name":"Heart Failure Matters","description":"Practical information for patients, families and caregivers.","publisher":{"@id":"https:\/\/www.heartfailurematters.org\/de\/#organization"},"potentialAction":[{"@type":"SearchAction","target":{"@type":"EntryPoint","urlTemplate":"https:\/\/www.heartfailurematters.org\/de\/?s={search_term_string}"},"query-input":{"@type":"PropertyValueSpecification","valueRequired":true,"valueName":"search_term_string"}}],"inLanguage":"de"},{"@type":"Organization","@id":"https:\/\/www.heartfailurematters.org\/de\/#organization","name":"Heart Failure Matters","url":"https:\/\/www.heartfailurematters.org\/de\/","logo":{"@type":"ImageObject","inLanguage":"de","@id":"https:\/\/www.heartfailurematters.org\/de\/#\/schema\/logo\/image\/","url":"https:\/\/cdn-endpoint-hfm.azureedge.net\/heartfailurematters\/2024\/07\/hfm-logo1.jpg","contentUrl":"https:\/\/cdn-endpoint-hfm.azureedge.net\/heartfailurematters\/2024\/07\/hfm-logo1.jpg","width":1280,"height":720,"caption":"Heart Failure Matters"},"image":{"@id":"https:\/\/www.heartfailurematters.org\/de\/#\/schema\/logo\/image\/"},"sameAs":["https:\/\/www.facebook.com\/heartfailurematters"]}]}},"_links":{"self":[{"href":"https:\/\/www.heartfailurematters.org\/de\/wp-json\/wp\/v2\/pages\/1513","targetHints":{"allow":["GET"]}}],"collection":[{"href":"https:\/\/www.heartfailurematters.org\/de\/wp-json\/wp\/v2\/pages"}],"about":[{"href":"https:\/\/www.heartfailurematters.org\/de\/wp-json\/wp\/v2\/types\/page"}],"author":[{"embeddable":true,"href":"https:\/\/www.heartfailurematters.org\/de\/wp-json\/wp\/v2\/users\/1"}],"replies":[{"embeddable":true,"href":"https:\/\/www.heartfailurematters.org\/de\/wp-json\/wp\/v2\/comments?post=1513"}],"version-history":[{"count":2,"href":"https:\/\/www.heartfailurematters.org\/de\/wp-json\/wp\/v2\/pages\/1513\/revisions"}],"predecessor-version":[{"id":7079,"href":"https:\/\/www.heartfailurematters.org\/de\/wp-json\/wp\/v2\/pages\/1513\/revisions\/7079"}],"up":[{"embeddable":true,"href":"https:\/\/www.heartfailurematters.org\/de\/wp-json\/wp\/v2\/pages\/2865"}],"wp:attachment":[{"href":"https:\/\/www.heartfailurematters.org\/de\/wp-json\/wp\/v2\/media?parent=1513"}],"wp:term":[{"taxonomy":"category","embeddable":true,"href":"https:\/\/www.heartfailurematters.org\/de\/wp-json\/wp\/v2\/categories?post=1513"},{"taxonomy":"post_tag","embeddable":true,"href":"https:\/\/www.heartfailurematters.org\/de\/wp-json\/wp\/v2\/tags?post=1513"}],"curies":[{"name":"wp","href":"https:\/\/api.w.org\/{rel}","templated":true}]}}