{"id":1507,"date":"2021-01-27T22:00:48","date_gmt":"2021-01-27T22:00:48","guid":{"rendered":"http:\/\/heartfailurematters.local:8888\/lungenfunktionstests\/"},"modified":"2021-08-16T17:13:21","modified_gmt":"2021-08-16T16:13:21","slug":"lungenfunktionstests","status":"publish","type":"page","link":"https:\/\/www.heartfailurematters.org\/de\/herzinsuffizienz-verstehen\/lungenfunktionstests\/","title":{"rendered":"Lungenfunktionstests"},"content":{"rendered":"<p>Weil bestimmte Lungenerkrankungen \u00e4hnliche Symptome wie eine Herzinsuffizienz hervorrufen k\u00f6nnen und weil eine Lungenerkrankung gleichzeitig mit einer Herzinsuffizienz vorliegen kann, bittet Sie Ihr Arzt m\u00f6glicherweise, sich verschiedenen Lungenfunktionstests zu unterziehen.<\/p>\n<p>Lungenfunktionstests bewerten, wie gut Ihre Lungen arbeiten. Der wichtigste Test wird auch als <strong>Spirometrie<\/strong> bezeichnet. Dabei wird gemessen wie viel Luft Sie wie schnell ein- und ausatmen k\u00f6nnen.<\/p>\n<p>Bei den meisten Lungenfunktionstests m\u00fcssen Sie eine Nasenklammer tragen, um sicherzustellen, dass w\u00e4hrend des Tests keine Luft \u00fcber die Nase ein- oder ausgeatmet wird. Sie werden dann gebeten, in ein Mundst\u00fcck zu atmen, das an ein Aufzeichnungsger\u00e4t (Spirometer) angeschlossen ist.<\/p>\n<p>Sie erhalten Anweisungen, was Sie tun sollen, z.\u00a0B. so tief wie m\u00f6glich einatmen und anschlie\u00dfend so schnell und stark wie m\u00f6glich ausatmen.<\/p>\n<p>Die Genauigkeit der Tests h\u00e4ngt von Ihrer F\u00e4higkeit ab, s\u00e4mtlichen Anweisungen zu folgen. Der den Test durchf\u00fchrende Atemtherapeut wird m\u00f6glicherweise alles daransetzen, Sie w\u00e4hrend mancher Tests zu tiefen Atemz\u00fcgen zu motivieren, um bestm\u00f6gliche Ergebnisse zu erzielen.<\/p>\n<p>Es kann sein, dass Sie nach manchen Tests husten m\u00fcssen oder sich benommen f\u00fchlen, aber Sie erhalten die M\u00f6glichkeit sich zwischen den Tests auszuruhen.<\/p>\n<p>Die Tests k\u00f6nnen 5 bis 15 Minuten in Anspruch nehmen, je nachdem, wie viele Tests durchgef\u00fchrt werden.<\/p>\n<p>Die Ergebnisse der Tests sollten Ihren Arzt darin unterst\u00fctzen:<\/p>\n<ul>\n<li>\u00fcber die Ursache von Atemproblemen zu entscheiden<\/li>\n<li>eine m\u00f6glicherweise vorliegende Lungenerkrankung wie eine <strong>chronisch obstruktive Lungenerkrankung (COPD) <\/strong>oder <strong>Asthma <\/strong><\/li>\n<li>die Behandlung zu \u00fcberwachen, wenn Sie auf eine Lungenerkrankung hin behandelt werden.<\/li>\n<\/ul>\n<p>Zur\u00fcck zu \u201e\u00dcbliche Tests zum Nachweis einer Herzinsuffizienz?\u201c<\/p>\n","protected":false},"excerpt":{"rendered":"<p>Weil bestimmte Lungenerkrankungen \u00e4hnliche Symptome wie eine Herzinsuffizienz hervorrufen k\u00f6nnen und weil eine Lungenerkrankung gleichzeitig mit einer Herzinsuffizienz vorliegen kann, bittet Sie Ihr Arzt m\u00f6glicherweise, sich verschiedenen Lungenfunktionstests zu unterziehen. Lungenfunktionstests bewerten, wie gut Ihre Lungen arbeiten. Der wichtigste Test wird auch als Spirometrie bezeichnet. Dabei wird gemessen wie viel Luft Sie wie schnell ein- [&hellip;]<\/p>\n","protected":false},"author":1,"featured_media":10657,"parent":1371,"menu_order":0,"comment_status":"open","ping_status":"open","template":"","meta":{"_acf_changed":false,"footnotes":""},"categories":[],"tags":[],"class_list":["post-1507","page","type-page","status-publish","has-post-thumbnail","hentry"],"acf":[],"yoast_head":"<!-- This site is optimized with the Yoast SEO plugin v24.8.1 - https:\/\/yoast.com\/wordpress\/plugins\/seo\/ -->\n<title>Lungenfunktionstests bei Herzinsuffizienz<\/title>\n<meta name=\"description\" content=\"Da bestimmte Lungenerkrankungen \u00e4hnliche Symptome wie Herzinsuffizienz haben und Lungenerkrankungen gemeinsam mit Herzinsuffizienz auftreten k\u00f6nnen, bittet Ihr Arzt Sie vielleicht, sich Lungenfunktionstests zu unterziehen.\" \/>\n<meta name=\"robots\" content=\"index, follow, max-snippet:-1, max-image-preview:large, max-video-preview:-1\" \/>\n<link rel=\"canonical\" href=\"https:\/\/www.heartfailurematters.org\/de\/herzinsuffizienz-verstehen\/lungenfunktionstests\/\" \/>\n<meta property=\"og:locale\" content=\"de_DE\" \/>\n<meta property=\"og:type\" content=\"article\" \/>\n<meta property=\"og:title\" content=\"Lungenfunktionstests bei Herzinsuffizienz\" \/>\n<meta property=\"og:description\" content=\"Da bestimmte Lungenerkrankungen \u00e4hnliche Symptome wie Herzinsuffizienz haben und Lungenerkrankungen gemeinsam mit Herzinsuffizienz auftreten k\u00f6nnen, bittet Ihr Arzt Sie vielleicht, sich Lungenfunktionstests zu unterziehen.\" \/>\n<meta property=\"og:url\" content=\"https:\/\/www.heartfailurematters.org\/de\/herzinsuffizienz-verstehen\/lungenfunktionstests\/\" \/>\n<meta property=\"og:site_name\" content=\"Heart Failure Matters\" \/>\n<meta property=\"article:publisher\" content=\"https:\/\/www.facebook.com\/heartfailurematters\" \/>\n<meta property=\"article:modified_time\" content=\"2021-08-16T16:13:21+00:00\" \/>\n<meta property=\"og:image\" content=\"https:\/\/www.heartfailurematters.org\/wp-content\/uploads\/2022\/02\/shutterstock_1497378077-1-min.jpg\" \/>\n\t<meta property=\"og:image:width\" content=\"900\" \/>\n\t<meta property=\"og:image:height\" content=\"600\" \/>\n\t<meta property=\"og:image:type\" content=\"image\/jpeg\" \/>\n<meta name=\"twitter:card\" content=\"summary_large_image\" \/>\n<meta name=\"twitter:label1\" content=\"Gesch\u00e4tzte Lesezeit\" \/>\n\t<meta name=\"twitter:data1\" content=\"1\u00a0Minute\" \/>\n<script type=\"application\/ld+json\" class=\"yoast-schema-graph\">{\"@context\":\"https:\/\/schema.org\",\"@graph\":[{\"@type\":\"WebPage\",\"@id\":\"https:\/\/www.heartfailurematters.org\/de\/herzinsuffizienz-verstehen\/lungenfunktionstests\/\",\"url\":\"https:\/\/www.heartfailurematters.org\/de\/herzinsuffizienz-verstehen\/lungenfunktionstests\/\",\"name\":\"Lungenfunktionstests bei Herzinsuffizienz\",\"isPartOf\":{\"@id\":\"https:\/\/www.heartfailurematters.org\/de\/#website\"},\"primaryImageOfPage\":{\"@id\":\"https:\/\/www.heartfailurematters.org\/de\/herzinsuffizienz-verstehen\/lungenfunktionstests\/#primaryimage\"},\"image\":{\"@id\":\"https:\/\/www.heartfailurematters.org\/de\/herzinsuffizienz-verstehen\/lungenfunktionstests\/#primaryimage\"},\"thumbnailUrl\":\"https:\/\/www.heartfailurematters.org\/wp-content\/uploads\/2022\/02\/shutterstock_1497378077-1-min.jpg\",\"datePublished\":\"2021-01-27T22:00:48+00:00\",\"dateModified\":\"2021-08-16T16:13:21+00:00\",\"description\":\"Da bestimmte Lungenerkrankungen \u00e4hnliche Symptome wie Herzinsuffizienz haben und Lungenerkrankungen gemeinsam mit Herzinsuffizienz auftreten k\u00f6nnen, bittet Ihr Arzt Sie vielleicht, sich Lungenfunktionstests zu unterziehen.\",\"breadcrumb\":{\"@id\":\"https:\/\/www.heartfailurematters.org\/de\/herzinsuffizienz-verstehen\/lungenfunktionstests\/#breadcrumb\"},\"inLanguage\":\"de\",\"potentialAction\":[{\"@type\":\"ReadAction\",\"target\":[\"https:\/\/www.heartfailurematters.org\/de\/herzinsuffizienz-verstehen\/lungenfunktionstests\/\"]}]},{\"@type\":\"ImageObject\",\"inLanguage\":\"de\",\"@id\":\"https:\/\/www.heartfailurematters.org\/de\/herzinsuffizienz-verstehen\/lungenfunktionstests\/#primaryimage\",\"url\":\"https:\/\/www.heartfailurematters.org\/wp-content\/uploads\/2022\/02\/shutterstock_1497378077-1-min.jpg\",\"contentUrl\":\"https:\/\/www.heartfailurematters.org\/wp-content\/uploads\/2022\/02\/shutterstock_1497378077-1-min.jpg\",\"width\":900,\"height\":600},{\"@type\":\"BreadcrumbList\",\"@id\":\"https:\/\/www.heartfailurematters.org\/de\/herzinsuffizienz-verstehen\/lungenfunktionstests\/#breadcrumb\",\"itemListElement\":[{\"@type\":\"ListItem\",\"position\":1,\"name\":\"Startseite\",\"item\":\"https:\/\/www.heartfailurematters.org\/de\/\"},{\"@type\":\"ListItem\",\"position\":2,\"name\":\"Herzinsuffizienz verstehen\",\"item\":\"https:\/\/www.heartfailurematters.org\/de\/herzinsuffizienz-verstehen\/\"},{\"@type\":\"ListItem\",\"position\":3,\"name\":\"Lungenfunktionstests\"}]},{\"@type\":\"WebSite\",\"@id\":\"https:\/\/www.heartfailurematters.org\/de\/#website\",\"url\":\"https:\/\/www.heartfailurematters.org\/de\/\",\"name\":\"Heart Failure Matters\",\"description\":\"Practical information for patients, families and caregivers.\",\"publisher\":{\"@id\":\"https:\/\/www.heartfailurematters.org\/de\/#organization\"},\"potentialAction\":[{\"@type\":\"SearchAction\",\"target\":{\"@type\":\"EntryPoint\",\"urlTemplate\":\"https:\/\/www.heartfailurematters.org\/de\/?s={search_term_string}\"},\"query-input\":{\"@type\":\"PropertyValueSpecification\",\"valueRequired\":true,\"valueName\":\"search_term_string\"}}],\"inLanguage\":\"de\"},{\"@type\":\"Organization\",\"@id\":\"https:\/\/www.heartfailurematters.org\/de\/#organization\",\"name\":\"Heart Failure Matters\",\"url\":\"https:\/\/www.heartfailurematters.org\/de\/\",\"logo\":{\"@type\":\"ImageObject\",\"inLanguage\":\"de\",\"@id\":\"https:\/\/www.heartfailurematters.org\/de\/#\/schema\/logo\/image\/\",\"url\":\"https:\/\/cdn-endpoint-hfm.azureedge.net\/heartfailurematters\/2024\/07\/hfm-logo1.jpg\",\"contentUrl\":\"https:\/\/cdn-endpoint-hfm.azureedge.net\/heartfailurematters\/2024\/07\/hfm-logo1.jpg\",\"width\":1280,\"height\":720,\"caption\":\"Heart Failure Matters\"},\"image\":{\"@id\":\"https:\/\/www.heartfailurematters.org\/de\/#\/schema\/logo\/image\/\"},\"sameAs\":[\"https:\/\/www.facebook.com\/heartfailurematters\"]}]}<\/script>\n<!-- \/ Yoast SEO plugin. -->","yoast_head_json":{"title":"Lungenfunktionstests bei Herzinsuffizienz","description":"Da bestimmte Lungenerkrankungen \u00e4hnliche Symptome wie Herzinsuffizienz haben und Lungenerkrankungen gemeinsam mit Herzinsuffizienz auftreten k\u00f6nnen, bittet Ihr Arzt Sie vielleicht, sich Lungenfunktionstests zu unterziehen.","robots":{"index":"index","follow":"follow","max-snippet":"max-snippet:-1","max-image-preview":"max-image-preview:large","max-video-preview":"max-video-preview:-1"},"canonical":"https:\/\/www.heartfailurematters.org\/de\/herzinsuffizienz-verstehen\/lungenfunktionstests\/","og_locale":"de_DE","og_type":"article","og_title":"Lungenfunktionstests bei Herzinsuffizienz","og_description":"Da bestimmte Lungenerkrankungen \u00e4hnliche Symptome wie Herzinsuffizienz haben und Lungenerkrankungen gemeinsam mit Herzinsuffizienz auftreten k\u00f6nnen, bittet Ihr Arzt Sie vielleicht, sich Lungenfunktionstests zu unterziehen.","og_url":"https:\/\/www.heartfailurematters.org\/de\/herzinsuffizienz-verstehen\/lungenfunktionstests\/","og_site_name":"Heart Failure Matters","article_publisher":"https:\/\/www.facebook.com\/heartfailurematters","article_modified_time":"2021-08-16T16:13:21+00:00","og_image":[{"width":900,"height":600,"url":"https:\/\/www.heartfailurematters.org\/wp-content\/uploads\/2022\/02\/shutterstock_1497378077-1-min.jpg","type":"image\/jpeg"}],"twitter_card":"summary_large_image","twitter_misc":{"Gesch\u00e4tzte Lesezeit":"1\u00a0Minute"},"schema":{"@context":"https:\/\/schema.org","@graph":[{"@type":"WebPage","@id":"https:\/\/www.heartfailurematters.org\/de\/herzinsuffizienz-verstehen\/lungenfunktionstests\/","url":"https:\/\/www.heartfailurematters.org\/de\/herzinsuffizienz-verstehen\/lungenfunktionstests\/","name":"Lungenfunktionstests bei Herzinsuffizienz","isPartOf":{"@id":"https:\/\/www.heartfailurematters.org\/de\/#website"},"primaryImageOfPage":{"@id":"https:\/\/www.heartfailurematters.org\/de\/herzinsuffizienz-verstehen\/lungenfunktionstests\/#primaryimage"},"image":{"@id":"https:\/\/www.heartfailurematters.org\/de\/herzinsuffizienz-verstehen\/lungenfunktionstests\/#primaryimage"},"thumbnailUrl":"https:\/\/www.heartfailurematters.org\/wp-content\/uploads\/2022\/02\/shutterstock_1497378077-1-min.jpg","datePublished":"2021-01-27T22:00:48+00:00","dateModified":"2021-08-16T16:13:21+00:00","description":"Da bestimmte Lungenerkrankungen \u00e4hnliche Symptome wie Herzinsuffizienz haben und Lungenerkrankungen gemeinsam mit Herzinsuffizienz auftreten k\u00f6nnen, bittet Ihr Arzt Sie vielleicht, sich Lungenfunktionstests zu unterziehen.","breadcrumb":{"@id":"https:\/\/www.heartfailurematters.org\/de\/herzinsuffizienz-verstehen\/lungenfunktionstests\/#breadcrumb"},"inLanguage":"de","potentialAction":[{"@type":"ReadAction","target":["https:\/\/www.heartfailurematters.org\/de\/herzinsuffizienz-verstehen\/lungenfunktionstests\/"]}]},{"@type":"ImageObject","inLanguage":"de","@id":"https:\/\/www.heartfailurematters.org\/de\/herzinsuffizienz-verstehen\/lungenfunktionstests\/#primaryimage","url":"https:\/\/www.heartfailurematters.org\/wp-content\/uploads\/2022\/02\/shutterstock_1497378077-1-min.jpg","contentUrl":"https:\/\/www.heartfailurematters.org\/wp-content\/uploads\/2022\/02\/shutterstock_1497378077-1-min.jpg","width":900,"height":600},{"@type":"BreadcrumbList","@id":"https:\/\/www.heartfailurematters.org\/de\/herzinsuffizienz-verstehen\/lungenfunktionstests\/#breadcrumb","itemListElement":[{"@type":"ListItem","position":1,"name":"Startseite","item":"https:\/\/www.heartfailurematters.org\/de\/"},{"@type":"ListItem","position":2,"name":"Herzinsuffizienz verstehen","item":"https:\/\/www.heartfailurematters.org\/de\/herzinsuffizienz-verstehen\/"},{"@type":"ListItem","position":3,"name":"Lungenfunktionstests"}]},{"@type":"WebSite","@id":"https:\/\/www.heartfailurematters.org\/de\/#website","url":"https:\/\/www.heartfailurematters.org\/de\/","name":"Heart Failure Matters","description":"Practical information for patients, families and caregivers.","publisher":{"@id":"https:\/\/www.heartfailurematters.org\/de\/#organization"},"potentialAction":[{"@type":"SearchAction","target":{"@type":"EntryPoint","urlTemplate":"https:\/\/www.heartfailurematters.org\/de\/?s={search_term_string}"},"query-input":{"@type":"PropertyValueSpecification","valueRequired":true,"valueName":"search_term_string"}}],"inLanguage":"de"},{"@type":"Organization","@id":"https:\/\/www.heartfailurematters.org\/de\/#organization","name":"Heart Failure Matters","url":"https:\/\/www.heartfailurematters.org\/de\/","logo":{"@type":"ImageObject","inLanguage":"de","@id":"https:\/\/www.heartfailurematters.org\/de\/#\/schema\/logo\/image\/","url":"https:\/\/cdn-endpoint-hfm.azureedge.net\/heartfailurematters\/2024\/07\/hfm-logo1.jpg","contentUrl":"https:\/\/cdn-endpoint-hfm.azureedge.net\/heartfailurematters\/2024\/07\/hfm-logo1.jpg","width":1280,"height":720,"caption":"Heart Failure Matters"},"image":{"@id":"https:\/\/www.heartfailurematters.org\/de\/#\/schema\/logo\/image\/"},"sameAs":["https:\/\/www.facebook.com\/heartfailurematters"]}]}},"_links":{"self":[{"href":"https:\/\/www.heartfailurematters.org\/de\/wp-json\/wp\/v2\/pages\/1507","targetHints":{"allow":["GET"]}}],"collection":[{"href":"https:\/\/www.heartfailurematters.org\/de\/wp-json\/wp\/v2\/pages"}],"about":[{"href":"https:\/\/www.heartfailurematters.org\/de\/wp-json\/wp\/v2\/types\/page"}],"author":[{"embeddable":true,"href":"https:\/\/www.heartfailurematters.org\/de\/wp-json\/wp\/v2\/users\/1"}],"replies":[{"embeddable":true,"href":"https:\/\/www.heartfailurematters.org\/de\/wp-json\/wp\/v2\/comments?post=1507"}],"version-history":[{"count":1,"href":"https:\/\/www.heartfailurematters.org\/de\/wp-json\/wp\/v2\/pages\/1507\/revisions"}],"predecessor-version":[{"id":9905,"href":"https:\/\/www.heartfailurematters.org\/de\/wp-json\/wp\/v2\/pages\/1507\/revisions\/9905"}],"up":[{"embeddable":true,"href":"https:\/\/www.heartfailurematters.org\/de\/wp-json\/wp\/v2\/pages\/1371"}],"wp:featuredmedia":[{"embeddable":true,"href":"https:\/\/www.heartfailurematters.org\/de\/wp-json\/wp\/v2\/media\/10657"}],"wp:attachment":[{"href":"https:\/\/www.heartfailurematters.org\/de\/wp-json\/wp\/v2\/media?parent=1507"}],"wp:term":[{"taxonomy":"category","embeddable":true,"href":"https:\/\/www.heartfailurematters.org\/de\/wp-json\/wp\/v2\/categories?post=1507"},{"taxonomy":"post_tag","embeddable":true,"href":"https:\/\/www.heartfailurematters.org\/de\/wp-json\/wp\/v2\/tags?post=1507"}],"curies":[{"name":"wp","href":"https:\/\/api.w.org\/{rel}","templated":true}]}}