{"id":1499,"date":"2021-01-27T22:00:48","date_gmt":"2021-01-27T22:00:48","guid":{"rendered":"http:\/\/heartfailurematters.local:8888\/diuretika\/"},"modified":"2025-12-04T11:24:10","modified_gmt":"2025-12-04T11:24:10","slug":"diuretika","status":"publish","type":"page","link":"https:\/\/www.heartfailurematters.org\/de\/das-koennen-ihr-arzt-oder-pflegepersonal-tun\/diuretika\/","title":{"rendered":"Diuretika"},"content":{"rendered":"<table border=\"1\" width=\"100%\" cellspacing=\"0\" cellpadding=\"0\">\n<tbody>\n<tr>\n<td style=\"width: 25%;\"\/>\n<td style=\"width: 75%; vertical-align: middle; text-align: left;\"\/>\n<\/tr>\n<tr>\n<td style=\"width: 25%;\">\n<h2>Animation<\/h2>\n<\/td>\n<td style=\"width: 75%; vertical-align: middle; text-align: left;\"\/>\n<\/tr>\n<tr>\n<td style=\"width: 25%;\"><a class=\"lightview\" href=\"https:\/\/www.youtube.com\/embed\/XVb7ykMfR68?hl=en_UK&amp;autoplay=1;&amp;version=3&amp;rel=0&amp;showinfo=0\" data-lightview-title=\"How diuretics work in heart failure\" data-lightview-options=\"width: 620, height: 450\" data-lightview-type=\"iframe\" data-lightview-group=\"journey\"><img decoding=\"async\" class=\"alignnone size-full wp-image-5082\" src=\"https:\/\/cdn-endpoint-hfm.azureedge.net\/heartfailurematters\/2021\/02\/08-animation.jpg\" alt=\"\" width=\"180\" height=\"130\"\/><\/a><\/td>\n<td style=\"width: 75%; vertical-align: middle; text-align: left;\">Animationen erkl\u00e4ren wie Diuretika<br \/>\nbei Herzinsuffizienz wirken<\/td>\n<\/tr>\n<\/tbody>\n<\/table>\n<p>&nbsp;<\/p>\n<h2>Wirkweise<\/h2>\n<p><a class=\"addtooltip\" title=\"&lt;div id='ToolTipTextWrap'&gt;Diuretika&lt;\/div&gt;&lt;p&gt; Eine Klasse von Arzneimitteln, die auf die Nieren wirken, um die Urinproduktion anzuregen, wodurch Fl\u00fcssigkeitseinlagerungen und Stauungen reduziert werden.&lt;\/p&gt;\"><strong>Diuretika<\/strong><\/a> helfen Ihrem K\u00f6rper, \u00fcbersch\u00fcssige Fl\u00fcssigkeit auszuscheiden, indem sie Ihre Nieren dazu anregen, mehr Urin zu produzieren. Sie werden feststellen, dass Sie bei der Einnahme mehr urinieren (mehr Wasser lassen) \u2013 doch das ist kein Grund zur Sorge. Es kann erforderlich sein, dass Sie Ihre Termine au\u00dferhalb des Einnahmezeitpunktes Ihrer Tabletten planen. M\u00f6glicherweise kann es auch hilfreich sein, die Tabletten zu einem anderen Zeitpunkt einzunehmen. In einem Gespr\u00e4ch mit Ihrem Arzt\/ Ihrer \u00c4rztin oder spezialisierten Pflegexperten\/Pflegeexpertin lassen sich diese Fragen kl\u00e4ren. Das Ausscheiden dieser \u00fcbersch\u00fcssigen Fl\u00fcssigkeit erleichtert Ihrem Herz die Arbeit, da weniger Fl\u00fcssigkeit durch den K\u00f6rper gepumpt werden muss. Dies sollte die <a class=\"addtooltip\" title=\"&lt;div id='ToolTipTextWrap'&gt;Stauung&lt;\/div&gt;&lt;p&gt; Ein \u00dcberschuss an Fl\u00fcssigkeit in einem Teil des K\u00f6rpers.&lt;\/p&gt;\"><strong>Stauung<\/strong><\/a> in Ihrer Lunge lindern und Ihnen das Atmen erleichtern. Entstandene (<a class=\"addtooltip\" title=\"&lt;div id='ToolTipTextWrap'&gt;\u00d6dem&lt;\/div&gt;&lt;p&gt; Schwellung eines Gewebes durch Fl\u00fcssigkeitsansammlung und Stauung.&lt;\/p&gt;\"><strong>Wassereinlagerungen<\/strong><\/a>) in den Beinen und anderen K\u00f6rperteilen sollten ebenfalls zur\u00fcckgehen. Dies kann zu Gewichtsverlust f\u00fchren.<\/p>\n<h2>Welche Vorteile sind zu erwarten?<\/h2>\n<p>Diuretika lindern die Symptome von Herzinsuffizienz, insbesondere von Atemnot und Schwellungen aufgrund von Fl\u00fcssigkeitseinlagerungen.<\/p>\n<h2>Nebenwirkungen<\/h2>\n<p>Die langfristige Anwendung von Diuretika kann dazu f\u00fchren, dass Ihr <a class=\"addtooltip\" title=\"&lt;div id='ToolTipTextWrap'&gt;Kalium&lt;\/div&gt;&lt;p&gt;Ein essentieller Mineralstoff, der von Ihrem K\u00f6rper f\u00fcr die normale Zellfunktion ben\u00f6tigt wird. Diuretika k\u00f6nnen den Kalium-Spiegel senken.&lt;\/p&gt;\"><strong>Kalium<\/strong><\/a>-Spiegel sinkt, ein Salz, das f\u00fcr die ordnungsgem\u00e4\u00dfe Funktion von K\u00f6rper und Herz ben\u00f6tigt wird. Deshalb wird Ihr Kaliumspiegel anhand von regelm\u00e4\u00dfigen Bluttests \u00e4rztlich \u00fcberwacht und Ihnen gegebenenfalls eine <a title=\"Kaliumhaltige Lebensmittel\" href=\"https:\/\/www.heartfailurematters.org\/what-you-can-do\/adjusting-your-diet-potassium\/\">kaliumhaltigere Ern\u00e4hrung<\/a> empfohlen.<\/p>\n<p>Diuretika k\u00f6nnen auch dazu f\u00fchren, dass Sie h\u00e4ufiger Wasser lassen. Falls Sie zu hohe Dosen von Diuretika einnehmen, k\u00f6nnen Sie dehydrieren und m\u00f6glicherweise Schwindelgef\u00fchle entwickeln.<\/p>\n<h2>Top-Tipps<\/h2>\n<p>Das t\u00e4gliche Wiegen und Notieren Ihres Gewichts empfiehlt sich f\u00fcr die Absprache mit Ihrer \u00c4rztin\/Ihrem Arzt oder dem spezialisierten Pflegeexperten\u2013 hierdurch k\u00f6nnen Sie \u00fcberwachen, ob Sie zu viel oder zu wenig Fl\u00fcssigkeit verlieren, damit sie Ihre Diuretikadosis bei Bedarf anpassen k\u00f6nnen.<\/p>\n<p>Bei manchen Menschen eignet sich die Einnahme von Diuretika eher morgens, sodass der Harndrang haupts\u00e4chlich w\u00e4hrend des Tages auftritt \u2013 die Einnahme am Abend kann den Schlaf st\u00f6ren.<\/p>\n<h2>Auch bekannt als:<\/h2>\n<ul>\n<li><strong>Amilorid<\/strong><br \/>\n(Amilamont\u00ae, Midamor\u00ae)<\/li>\n<li><strong>Bendroflumethazid \/ Bendrofluazid<br \/>\n<\/strong>(Aprinox\u00ae, Neo-NaClex\u00ae)<\/li>\n<li><strong>Bumetanid<br \/>\n<\/strong>(Bumex\u00ae)<\/li>\n<li><strong>Chlorothiazid<\/strong><br \/>\n(Diuril\u00ae)<\/li>\n<li><strong>Chlortalidon<br \/>\n<\/strong>(Hygroton\u00ae)<\/li>\n<li><strong>Cyclopenthiazid<br \/>\n<\/strong>(Navidrex\u00ae)<\/li>\n<li><strong>Eplerenon<br \/>\n<\/strong>(Inspra\u00ae)<\/li>\n<li><strong>Furosemid<br \/>\n<\/strong>(Froop\u00ae, Frusid\u00ae, Rusyde\u00ae, Frusol\u00ae, Lasix\u00ae)<\/li>\n<li><strong>Hydrochlorothiazid<\/strong><br \/>\n(HydroDIURIL\u00ae)<\/li>\n<li><strong>Indapamid<br \/>\n<\/strong>(Natrilix\u00ae, Apo-Indapamide\u00ae, Arifon\u00ae, Bajaten\u00ae, Cormil\u00ae, Damide\u00ae, Fludex\u00ae, Gen-Indapamide\u00ae, Idapamide\u00ae, Indaflex\u00ae, Indamol\u00ae, Indapamida\u00ae, Indapamidum\u00ae, Ipamix\u00ae, Lozide\u00ae, Lozol\u00ae, Natrilix\u00ae, Natrix\u00ae, Noranat\u00ae, Novo-Indapamide\u00ae, Nu-Indapamide\u00ae, Pressurai\u00ae, Tandix\u00ae, Tertensif\u00ae, Veroxil\u00ae)<\/li>\n<li><strong>Metolazon<br \/>\n<\/strong>(Metenix\u00ae, Zaroxolyn\u00ae)<\/li>\n<li><strong>Polythiazid<br \/>\n<\/strong>(Renese\u00ae, Minizide\u00ae, Nindaxa\u00ae, Natrilix SR\u00ae, Nephril\u00ae)<\/li>\n<li><strong>Spironolacton<br \/>\n<\/strong>(Aldactone\u00ae)<\/li>\n<li><strong>Torsemid \/ Torasemid<br \/>\n<\/strong>(Demadex\u00ae, Torem\u00ae)<\/li>\n<li><strong>Triamteren<br \/>\n<\/strong>(Dytac\u00ae, Dyrenium\u00ae)<\/li>\n<li><strong>Xipamid<\/strong><br \/>\n(Diurexan\u00ae)<\/li>\n<li><strong>Kombinationswirkstoffe<\/strong><br \/>\n(Moduret\u00ae, Amil-Co\u00ae, Moduretic\u00ae, Navispare\u00ae, Frumil LS\u00ae, Froop-Co\u00ae, Fru-Co\u00ae, Aridil\u00ae, Burinex A\u00ae, Triam-Co\u00ae, Dytide\u00ae, Kalspare\u00ae, Frusene\u00ae, Aldactide\u00ae, Lasilactone\u00ae, Burinex K\u00ae, Centyl K\u00ae, Diumide-K\u00ae, Lasikal\u00ae, Neo0NaClex-K\u00ae, Dyazide\u00ae)<\/li>\n<\/ul>\n<p><a title=\"Zur\u00fcck zu Medikamenten zur Behandlung von Herzinsuffizienz\" href=\"https:\/\/www.heartfailurematters.org\/what-your-doctor-can-do\/heart-failure-medicines\/\">Zur\u00fcck zu Medikamenten zur Behandlung von Herzinsuffizienz<\/a><\/p>\n<p>&nbsp;<\/p>\n","protected":false},"excerpt":{"rendered":"<p>Animation Animationen erkl\u00e4ren wie Diuretika bei Herzinsuffizienz wirken &nbsp; Wirkweise Diuretika helfen Ihrem K\u00f6rper, \u00fcbersch\u00fcssige Fl\u00fcssigkeit auszuscheiden, indem sie Ihre Nieren dazu anregen, mehr Urin zu produzieren. Sie werden feststellen, dass Sie bei der Einnahme mehr urinieren (mehr Wasser lassen) \u2013 doch das ist kein Grund zur Sorge. Es kann erforderlich sein, dass Sie Ihre [&hellip;]<\/p>\n","protected":false},"author":1,"featured_media":10869,"parent":2680,"menu_order":0,"comment_status":"open","ping_status":"open","template":"","meta":{"_acf_changed":false,"footnotes":""},"categories":[],"tags":[],"class_list":["post-1499","page","type-page","status-publish","has-post-thumbnail","hentry"],"acf":[],"yoast_head":"<!-- This site is optimized with the Yoast SEO plugin v24.8.1 - https:\/\/yoast.com\/wordpress\/plugins\/seo\/ -->\n<title>Diuretika bei Herzinsuffizienz-Patienten<\/title>\n<meta name=\"description\" content=\"Diuretika regen Ihre Nieren dazu an, mehr Urin zu produzieren. Diese \u00fcbersch\u00fcssige Fl\u00fcssigkeit loszuwerden, erleichtert Ihrem Herz die Arbeit, da weniger Fl\u00fcssigkeit gepumpt werden muss\" \/>\n<meta name=\"robots\" content=\"index, follow, max-snippet:-1, max-image-preview:large, max-video-preview:-1\" \/>\n<link rel=\"canonical\" href=\"https:\/\/www.heartfailurematters.org\/de\/das-koennen-ihr-arzt-oder-pflegepersonal-tun\/diuretika\/\" \/>\n<meta property=\"og:locale\" content=\"de_DE\" \/>\n<meta property=\"og:type\" content=\"article\" \/>\n<meta property=\"og:title\" content=\"Diuretika bei Herzinsuffizienz-Patienten\" \/>\n<meta property=\"og:description\" content=\"Diuretika regen Ihre Nieren dazu an, mehr Urin zu produzieren. Diese \u00fcbersch\u00fcssige Fl\u00fcssigkeit loszuwerden, erleichtert Ihrem Herz die Arbeit, da weniger Fl\u00fcssigkeit gepumpt werden muss\" \/>\n<meta property=\"og:url\" content=\"https:\/\/www.heartfailurematters.org\/de\/das-koennen-ihr-arzt-oder-pflegepersonal-tun\/diuretika\/\" \/>\n<meta property=\"og:site_name\" content=\"Heart Failure Matters\" \/>\n<meta property=\"article:publisher\" content=\"https:\/\/www.facebook.com\/heartfailurematters\" \/>\n<meta property=\"article:modified_time\" content=\"2025-12-04T11:24:10+00:00\" \/>\n<meta property=\"og:image\" content=\"https:\/\/www.heartfailurematters.org\/wp-content\/uploads\/2022\/03\/shutterstock_441673426-1-min.jpg\" \/>\n\t<meta property=\"og:image:width\" content=\"900\" \/>\n\t<meta property=\"og:image:height\" content=\"596\" \/>\n\t<meta property=\"og:image:type\" content=\"image\/jpeg\" \/>\n<meta name=\"twitter:card\" content=\"summary_large_image\" \/>\n<meta name=\"twitter:label1\" content=\"Gesch\u00e4tzte Lesezeit\" \/>\n\t<meta name=\"twitter:data1\" content=\"2\u00a0Minuten\" \/>\n<script type=\"application\/ld+json\" class=\"yoast-schema-graph\">{\"@context\":\"https:\/\/schema.org\",\"@graph\":[{\"@type\":\"WebPage\",\"@id\":\"https:\/\/www.heartfailurematters.org\/de\/das-koennen-ihr-arzt-oder-pflegepersonal-tun\/diuretika\/\",\"url\":\"https:\/\/www.heartfailurematters.org\/de\/das-koennen-ihr-arzt-oder-pflegepersonal-tun\/diuretika\/\",\"name\":\"Diuretika bei Herzinsuffizienz-Patienten\",\"isPartOf\":{\"@id\":\"https:\/\/www.heartfailurematters.org\/de\/#website\"},\"primaryImageOfPage\":{\"@id\":\"https:\/\/www.heartfailurematters.org\/de\/das-koennen-ihr-arzt-oder-pflegepersonal-tun\/diuretika\/#primaryimage\"},\"image\":{\"@id\":\"https:\/\/www.heartfailurematters.org\/de\/das-koennen-ihr-arzt-oder-pflegepersonal-tun\/diuretika\/#primaryimage\"},\"thumbnailUrl\":\"https:\/\/www.heartfailurematters.org\/wp-content\/uploads\/2022\/03\/shutterstock_441673426-1-min.jpg\",\"datePublished\":\"2021-01-27T22:00:48+00:00\",\"dateModified\":\"2025-12-04T11:24:10+00:00\",\"description\":\"Diuretika regen Ihre Nieren dazu an, mehr Urin zu produzieren. Diese \u00fcbersch\u00fcssige Fl\u00fcssigkeit loszuwerden, erleichtert Ihrem Herz die Arbeit, da weniger Fl\u00fcssigkeit gepumpt werden muss\",\"breadcrumb\":{\"@id\":\"https:\/\/www.heartfailurematters.org\/de\/das-koennen-ihr-arzt-oder-pflegepersonal-tun\/diuretika\/#breadcrumb\"},\"inLanguage\":\"de\",\"potentialAction\":[{\"@type\":\"ReadAction\",\"target\":[\"https:\/\/www.heartfailurematters.org\/de\/das-koennen-ihr-arzt-oder-pflegepersonal-tun\/diuretika\/\"]}]},{\"@type\":\"ImageObject\",\"inLanguage\":\"de\",\"@id\":\"https:\/\/www.heartfailurematters.org\/de\/das-koennen-ihr-arzt-oder-pflegepersonal-tun\/diuretika\/#primaryimage\",\"url\":\"https:\/\/www.heartfailurematters.org\/wp-content\/uploads\/2022\/03\/shutterstock_441673426-1-min.jpg\",\"contentUrl\":\"https:\/\/www.heartfailurematters.org\/wp-content\/uploads\/2022\/03\/shutterstock_441673426-1-min.jpg\",\"width\":900,\"height\":596},{\"@type\":\"BreadcrumbList\",\"@id\":\"https:\/\/www.heartfailurematters.org\/de\/das-koennen-ihr-arzt-oder-pflegepersonal-tun\/diuretika\/#breadcrumb\",\"itemListElement\":[{\"@type\":\"ListItem\",\"position\":1,\"name\":\"Startseite\",\"item\":\"https:\/\/www.heartfailurematters.org\/de\/\"},{\"@type\":\"ListItem\",\"position\":2,\"name\":\"Das kann Ihr Arzt tun\",\"item\":\"https:\/\/www.heartfailurematters.org\/de\/das-koennen-ihr-arzt-oder-pflegepersonal-tun\/\"},{\"@type\":\"ListItem\",\"position\":3,\"name\":\"Diuretika\"}]},{\"@type\":\"WebSite\",\"@id\":\"https:\/\/www.heartfailurematters.org\/de\/#website\",\"url\":\"https:\/\/www.heartfailurematters.org\/de\/\",\"name\":\"Heart Failure Matters\",\"description\":\"Practical information for patients, families and caregivers.\",\"publisher\":{\"@id\":\"https:\/\/www.heartfailurematters.org\/de\/#organization\"},\"potentialAction\":[{\"@type\":\"SearchAction\",\"target\":{\"@type\":\"EntryPoint\",\"urlTemplate\":\"https:\/\/www.heartfailurematters.org\/de\/?s={search_term_string}\"},\"query-input\":{\"@type\":\"PropertyValueSpecification\",\"valueRequired\":true,\"valueName\":\"search_term_string\"}}],\"inLanguage\":\"de\"},{\"@type\":\"Organization\",\"@id\":\"https:\/\/www.heartfailurematters.org\/de\/#organization\",\"name\":\"Heart Failure Matters\",\"url\":\"https:\/\/www.heartfailurematters.org\/de\/\",\"logo\":{\"@type\":\"ImageObject\",\"inLanguage\":\"de\",\"@id\":\"https:\/\/www.heartfailurematters.org\/de\/#\/schema\/logo\/image\/\",\"url\":\"https:\/\/cdn-endpoint-hfm.azureedge.net\/heartfailurematters\/2024\/07\/hfm-logo1.jpg\",\"contentUrl\":\"https:\/\/cdn-endpoint-hfm.azureedge.net\/heartfailurematters\/2024\/07\/hfm-logo1.jpg\",\"width\":1280,\"height\":720,\"caption\":\"Heart Failure Matters\"},\"image\":{\"@id\":\"https:\/\/www.heartfailurematters.org\/de\/#\/schema\/logo\/image\/\"},\"sameAs\":[\"https:\/\/www.facebook.com\/heartfailurematters\"]}]}<\/script>\n<!-- \/ Yoast SEO plugin. -->","yoast_head_json":{"title":"Diuretika bei Herzinsuffizienz-Patienten","description":"Diuretika regen Ihre Nieren dazu an, mehr Urin zu produzieren. Diese \u00fcbersch\u00fcssige Fl\u00fcssigkeit loszuwerden, erleichtert Ihrem Herz die Arbeit, da weniger Fl\u00fcssigkeit gepumpt werden muss","robots":{"index":"index","follow":"follow","max-snippet":"max-snippet:-1","max-image-preview":"max-image-preview:large","max-video-preview":"max-video-preview:-1"},"canonical":"https:\/\/www.heartfailurematters.org\/de\/das-koennen-ihr-arzt-oder-pflegepersonal-tun\/diuretika\/","og_locale":"de_DE","og_type":"article","og_title":"Diuretika bei Herzinsuffizienz-Patienten","og_description":"Diuretika regen Ihre Nieren dazu an, mehr Urin zu produzieren. Diese \u00fcbersch\u00fcssige Fl\u00fcssigkeit loszuwerden, erleichtert Ihrem Herz die Arbeit, da weniger Fl\u00fcssigkeit gepumpt werden muss","og_url":"https:\/\/www.heartfailurematters.org\/de\/das-koennen-ihr-arzt-oder-pflegepersonal-tun\/diuretika\/","og_site_name":"Heart Failure Matters","article_publisher":"https:\/\/www.facebook.com\/heartfailurematters","article_modified_time":"2025-12-04T11:24:10+00:00","og_image":[{"width":900,"height":596,"url":"https:\/\/www.heartfailurematters.org\/wp-content\/uploads\/2022\/03\/shutterstock_441673426-1-min.jpg","type":"image\/jpeg"}],"twitter_card":"summary_large_image","twitter_misc":{"Gesch\u00e4tzte Lesezeit":"2\u00a0Minuten"},"schema":{"@context":"https:\/\/schema.org","@graph":[{"@type":"WebPage","@id":"https:\/\/www.heartfailurematters.org\/de\/das-koennen-ihr-arzt-oder-pflegepersonal-tun\/diuretika\/","url":"https:\/\/www.heartfailurematters.org\/de\/das-koennen-ihr-arzt-oder-pflegepersonal-tun\/diuretika\/","name":"Diuretika bei Herzinsuffizienz-Patienten","isPartOf":{"@id":"https:\/\/www.heartfailurematters.org\/de\/#website"},"primaryImageOfPage":{"@id":"https:\/\/www.heartfailurematters.org\/de\/das-koennen-ihr-arzt-oder-pflegepersonal-tun\/diuretika\/#primaryimage"},"image":{"@id":"https:\/\/www.heartfailurematters.org\/de\/das-koennen-ihr-arzt-oder-pflegepersonal-tun\/diuretika\/#primaryimage"},"thumbnailUrl":"https:\/\/www.heartfailurematters.org\/wp-content\/uploads\/2022\/03\/shutterstock_441673426-1-min.jpg","datePublished":"2021-01-27T22:00:48+00:00","dateModified":"2025-12-04T11:24:10+00:00","description":"Diuretika regen Ihre Nieren dazu an, mehr Urin zu produzieren. Diese \u00fcbersch\u00fcssige Fl\u00fcssigkeit loszuwerden, erleichtert Ihrem Herz die Arbeit, da weniger Fl\u00fcssigkeit gepumpt werden muss","breadcrumb":{"@id":"https:\/\/www.heartfailurematters.org\/de\/das-koennen-ihr-arzt-oder-pflegepersonal-tun\/diuretika\/#breadcrumb"},"inLanguage":"de","potentialAction":[{"@type":"ReadAction","target":["https:\/\/www.heartfailurematters.org\/de\/das-koennen-ihr-arzt-oder-pflegepersonal-tun\/diuretika\/"]}]},{"@type":"ImageObject","inLanguage":"de","@id":"https:\/\/www.heartfailurematters.org\/de\/das-koennen-ihr-arzt-oder-pflegepersonal-tun\/diuretika\/#primaryimage","url":"https:\/\/www.heartfailurematters.org\/wp-content\/uploads\/2022\/03\/shutterstock_441673426-1-min.jpg","contentUrl":"https:\/\/www.heartfailurematters.org\/wp-content\/uploads\/2022\/03\/shutterstock_441673426-1-min.jpg","width":900,"height":596},{"@type":"BreadcrumbList","@id":"https:\/\/www.heartfailurematters.org\/de\/das-koennen-ihr-arzt-oder-pflegepersonal-tun\/diuretika\/#breadcrumb","itemListElement":[{"@type":"ListItem","position":1,"name":"Startseite","item":"https:\/\/www.heartfailurematters.org\/de\/"},{"@type":"ListItem","position":2,"name":"Das kann Ihr Arzt tun","item":"https:\/\/www.heartfailurematters.org\/de\/das-koennen-ihr-arzt-oder-pflegepersonal-tun\/"},{"@type":"ListItem","position":3,"name":"Diuretika"}]},{"@type":"WebSite","@id":"https:\/\/www.heartfailurematters.org\/de\/#website","url":"https:\/\/www.heartfailurematters.org\/de\/","name":"Heart Failure Matters","description":"Practical information for patients, families and caregivers.","publisher":{"@id":"https:\/\/www.heartfailurematters.org\/de\/#organization"},"potentialAction":[{"@type":"SearchAction","target":{"@type":"EntryPoint","urlTemplate":"https:\/\/www.heartfailurematters.org\/de\/?s={search_term_string}"},"query-input":{"@type":"PropertyValueSpecification","valueRequired":true,"valueName":"search_term_string"}}],"inLanguage":"de"},{"@type":"Organization","@id":"https:\/\/www.heartfailurematters.org\/de\/#organization","name":"Heart Failure Matters","url":"https:\/\/www.heartfailurematters.org\/de\/","logo":{"@type":"ImageObject","inLanguage":"de","@id":"https:\/\/www.heartfailurematters.org\/de\/#\/schema\/logo\/image\/","url":"https:\/\/cdn-endpoint-hfm.azureedge.net\/heartfailurematters\/2024\/07\/hfm-logo1.jpg","contentUrl":"https:\/\/cdn-endpoint-hfm.azureedge.net\/heartfailurematters\/2024\/07\/hfm-logo1.jpg","width":1280,"height":720,"caption":"Heart Failure Matters"},"image":{"@id":"https:\/\/www.heartfailurematters.org\/de\/#\/schema\/logo\/image\/"},"sameAs":["https:\/\/www.facebook.com\/heartfailurematters"]}]}},"_links":{"self":[{"href":"https:\/\/www.heartfailurematters.org\/de\/wp-json\/wp\/v2\/pages\/1499","targetHints":{"allow":["GET"]}}],"collection":[{"href":"https:\/\/www.heartfailurematters.org\/de\/wp-json\/wp\/v2\/pages"}],"about":[{"href":"https:\/\/www.heartfailurematters.org\/de\/wp-json\/wp\/v2\/types\/page"}],"author":[{"embeddable":true,"href":"https:\/\/www.heartfailurematters.org\/de\/wp-json\/wp\/v2\/users\/1"}],"replies":[{"embeddable":true,"href":"https:\/\/www.heartfailurematters.org\/de\/wp-json\/wp\/v2\/comments?post=1499"}],"version-history":[{"count":2,"href":"https:\/\/www.heartfailurematters.org\/de\/wp-json\/wp\/v2\/pages\/1499\/revisions"}],"predecessor-version":[{"id":13629,"href":"https:\/\/www.heartfailurematters.org\/de\/wp-json\/wp\/v2\/pages\/1499\/revisions\/13629"}],"up":[{"embeddable":true,"href":"https:\/\/www.heartfailurematters.org\/de\/wp-json\/wp\/v2\/pages\/2680"}],"wp:featuredmedia":[{"embeddable":true,"href":"https:\/\/www.heartfailurematters.org\/de\/wp-json\/wp\/v2\/media\/10869"}],"wp:attachment":[{"href":"https:\/\/www.heartfailurematters.org\/de\/wp-json\/wp\/v2\/media?parent=1499"}],"wp:term":[{"taxonomy":"category","embeddable":true,"href":"https:\/\/www.heartfailurematters.org\/de\/wp-json\/wp\/v2\/categories?post=1499"},{"taxonomy":"post_tag","embeddable":true,"href":"https:\/\/www.heartfailurematters.org\/de\/wp-json\/wp\/v2\/tags?post=1499"}],"curies":[{"name":"wp","href":"https:\/\/api.w.org\/{rel}","templated":true}]}}