{"id":1497,"date":"2021-01-27T22:00:48","date_gmt":"2021-01-27T22:00:48","guid":{"rendered":"http:\/\/heartfailurematters.local:8888\/medikamente-gegen-herzinsuffizienz\/"},"modified":"2025-12-04T11:24:07","modified_gmt":"2025-12-04T11:24:07","slug":"medikamente-gegen-herzinsuffizienz","status":"publish","type":"page","link":"https:\/\/www.heartfailurematters.org\/de\/das-koennen-ihr-arzt-oder-pflegepersonal-tun\/medikamente-gegen-herzinsuffizienz\/","title":{"rendered":"Medikamente zur Behandlung von Herzinsuffizienz"},"content":{"rendered":"<p>Nachfolgend finden Sie einen Leitfaden mit den verschiedenen verf\u00fcgbaren Medikamenten zur Behandlung von Herzinsuffizienz. Die meisten Patientinnen und Patienten finden es hilfreich, die Gr\u00fcnde daf\u00fcr zu verstehen, warum ein bestimmtes Medikament eingenommen werden muss, einschlie\u00dflich Nutzen und Nebenwirkungen, Dosis und Zeitpunkt. Es ist wichtig, dass Sie mit Ihrer Gesundheitsfachkraft \u00fcber m\u00f6gliche Bedenken oder Fragen zu Ihren Medikamenten zur Behandlung von Herzinsuffizienz sprechen. Die meisten Menschen mit Herzinsuffizienz sind \u00fcber ihr ganzes Leben auf diese Medikamente angewiesen.<\/p>\n<p>Es gibt eine Reihe wichtiger Medikamente zur Behandlung von Herzinsuffizienz, die derzeit verf\u00fcgbar sind. Diese k\u00f6nnen dabei helfen, Ihre Symptome unter Kontrolle zu halten, Ihre Lebensqualit\u00e4t zu verbessern und Ihnen ein l\u00e4ngeres Leben zu erm\u00f6glichen. Manche Medikamente sind mit Nebenwirkungen verbunden \u2013 doch in der Regel \u00fcberwiegen die Vorteile die Nachteile bei Weitem. Falls Ihnen die Einnahme bestimmter Medikamente aufgrund der Nebenwirkungen schwer f\u00e4llt, ist es wichtig, dass Sie dies im Rahmen eines Gespr\u00e4chs mit Ihrem Arzt oder spezialisierten Pflegeexperten ansprechen, um weitere Hilfe zu erhalten. Vermeiden Sie es, ohne \u00e4rztliche Absprache die Einnahme Ihrer Medikamente abzubrechen oder die Dosis zu ver\u00e4ndern. Ihre \u00c4rztin\/Ihr Arzt kann m\u00f6glicherweise mit Ihnen zusammen eine Dosierung oder ein vergleichbares Medikament finden, das besser f\u00fcr Sie geeignet ist. Bei vielen Patientinnen und Patienten zeigt sich, dass die anf\u00e4nglichen Nebenwirkungen von Medikamenten zur Behandlung von Herzinsuffizienz h\u00e4ufig rasch verschwinden oder nach und nach abklingen. Daher ist es wichtig, dass Sie die Behandlung konsequent weiterverfolgen und Unterst\u00fctzung von Ihrem Arzt oder spezialisierten Pflegeexperten einholen.<\/p>\n<p>Nicht alle Personen mit Herzinsuffizienz ben\u00f6tigen jedes Medikament. Welche Medikamente f\u00fcr Sie am besten geeignet sind, h\u00e4ngt von Ihren Symptomen, Ihrer Art von Herzinsuffizienz, Ihrem allgemeinen Gesundheitszustand und Ihrem Lebensstil ab. Ihre \u00c4rztin\/Ihr Arzt wird zudem alle anderen medizinischen Probleme in Betracht ziehen, die Ihre Behandlung beeinflussen k\u00f6nnten. Es ist jedoch sehr wichtig, dass Sie Ihre Medikamente genau nach Verschreibung einnehmen, da dies sicherstellt, dass das Arzneimittel bei Ihnen wirkt. Um die beste Wirkung zu erzielen, ist es erforderlich, verschiedene Arzneimittel in der optimalen Dosis zu verabreichen. Dies bedeutet in der Regel, dass die Tablettendosis im Laufe der Zeit erh\u00f6ht werden muss. Diese sogenannte Eindosierung bedeutet eine schrittweise Erh\u00f6hung der Medikamentendosis. In Zeiten, in denen die Medikation ver\u00e4ndert wird, ist es ggf. erforderlich, den Blutdruck, die Herzfrequenz und Ergebnisse von Blutuntersuchungen genauer im Blick zu behalten: Ihre \u00c4rztin\/Ihr Arzt oder medizinisches Fachpersonal kann Sie dahingehend beraten. Herzinsuffizienz-Medikamente wirken auf unterschiedliche Weise, so dass Sie wahrscheinlich mehr als ein Medikament gleichzeitig ben\u00f6tigen. Viele Hinweise deuten darauf hin, dass die Kombination von Herzinsuffizienz-Tabletten Ihre Symptome lindern, das Risiko einer Krankenhauseinweisung aufgrund von Herzinsuffizienz verringern und ein l\u00e4ngeres Leben beg\u00fcnstigen kann. Notizen oder Diagramme k\u00f6nnen Ihnen dabei helfen, den \u00dcberblick zu behalten. Auf der Homepage dieser Website finden Sie hilfreiche Tools.<\/p>\n<p>Um mehr \u00fcber die verschiedenen Gruppen von Medikamenten zur Behandlung von Herzinsuffizienz zu erfahren, klicken Sie einfach auf einen der unten stehenden Links:<\/p>\n<p>Laden Sie das hilfreiche Tool mit dem Titel \u201e<a href=\"\/wp-content\/uploads\/2021\/02\/Medicine_chart_EN.pdf\" target=\"_blank\" rel=\"noopener\">Medikamentendiagramm<\/a>\u201c herunter.<\/p>\n<h2>Medikamentenliste<\/h2>\n<ul>\n<li><a title=\"Diuretika\" href=\"https:\/\/www.heartfailurematters.org\/what-your-doctor-can-do\/diuretics\/\">Diuretika<\/a><\/li>\n<li><a title=\"ACE-Hemmer (Angiotensin-konvertierendes-Enzym-Inhibitoren)\" href=\"https:\/\/www.heartfailurematters.org\/what-your-doctor-can-do\/ace-angiotensin-converting-enzyme-inhibitors\/\">ACE-Hemmer (Angiotensin-konvertierendes-Enzym-Inhibitoren)<\/a><\/li>\n<li><a title=\"ARB (Angiotensin-II-Rezeptor-Blocker)\" href=\"https:\/\/www.heartfailurematters.org\/what-your-doctor-can-do\/arbs-angiotensin-ii-receptor-blockers\/\">ARB (Angiotensin-II-Rezeptor-Blocker)<\/a><\/li>\n<li><a href=\"https:\/\/www.heartfailurematters.org\/what-your-doctor-can-do\/angiotensin-receptor-neprilysin-inhibitor-arni-sacubitril-valsartan\/\">ARNI (Angiotensin-Rezeptor-Neprilysin-Inhibitoren)<\/a><\/li>\n<li><a title=\"Betablocker\" href=\"https:\/\/www.heartfailurematters.org\/what-your-doctor-can-do\/beta-blockers\/\">Betablocker<\/a><\/li>\n<li><a title=\"Aldosteron-Rezeptor-Antagonisten\" href=\"https:\/\/www.heartfailurematters.org\/what-your-doctor-can-do\/aldosterone-receptor-antagonists-or-mineralocorticoid-receptor-antagonist-mras\/\">Aldosteron-Rezeptor-Antagonisten<\/a><\/li>\n<li><a title=\"SGLT2 (Natrium-Glucose-Cotransporter 2)-Inhibitoren\" href=\"https:\/\/www.heartfailurematters.org\/what-your-doctor-can-do\/sglt2-sodium-glucose-cotransporter-2-inhibitors\/\">SGLT2 (Natrium-Glucose-Cotransporter 2)-Inhibitoren<\/a><\/li>\n<li><a title=\"Sinusknoten-Inhibitoren\" href=\"https:\/\/www.heartfailurematters.org\/what-your-doctor-can-do\/sinus-node-inhibitors\/\">Sinusknoten-Inhibitoren<\/a><\/li>\n<li><a title=\"Intraven\u00f6se Eiseninfusion\" href=\"https:\/\/www.heartfailurematters.org\/what-your-doctor-can-do\/iron-therapy-in-patients-with-heart-failure-and-iron-deficiency\/\">Intraven\u00f6se Eiseninfusion<\/a><\/li>\n<li><a title=\"sGC-Stimulatoren\" href=\"https:\/\/www.heartfailurematters.org\/what-your-doctor-can-do\/sgc-stimulators\/\">sGC-Stimulatoren<\/a><\/li>\n<li><a title=\"Vasodilatatoren\" href=\"https:\/\/www.heartfailurematters.org\/what-your-doctor-can-do\/nitrates-vasodilators\/\">Nitrate\/Vasodilatatoren<\/a><\/li>\n<li><a title=\"Digitalispr\u00e4parate\" href=\"https:\/\/www.heartfailurematters.org\/what-your-doctor-can-do\/digitalis\/\">Digitalis<\/a><\/li>\n<li><a title=\"Antikoagulanzien\" href=\"https:\/\/www.heartfailurematters.org\/what-your-doctor-can-do\/anticoagulants-and-new-oral-anticoagulants\/\">Antikoagulanzien, einschlie\u00dflich neuer oraler Antikoagulanzien (NOAC)<\/a><\/li>\n<li><a href=\"https:\/\/www.heartfailurematters.org\/what-your-doctor-can-do\/antiplatelet-treatment\/\">Thrombozyten-Inhibitoren<\/a><\/li>\n<li><a title=\"Statine\" href=\"https:\/\/www.heartfailurematters.org\/what-your-doctor-can-do\/statins\/\">Statine<\/a><\/li>\n<li><a title=\"Medikamente bei akuter Herzinsuffizienz\" href=\"https:\/\/www.heartfailurematters.org\/what-your-doctor-can-do\/medicines-for-acute-heart-failure\/\">Medikamente bei akuter Herzinsuffizienz<\/a><\/li>\n<\/ul>\n<p>&nbsp;<\/p>\n<h2>Beratung<\/h2>\n<ul>\n<li><a title=\"Medikamentendiagramm\" href=\"https:\/\/www.heartfailurematters.org\/what-your-doctor-can-do\/medicine-chart\/\">Medikamentendiagramm<\/a><\/li>\n<li><a title=\"Die Wichtigkeit der Einnahme Ihrer Medikamente\" href=\"https:\/\/www.heartfailurematters.org\/what-your-doctor-can-do\/the-importance-of-taking-your-medicines\/\">Die Wichtigkeit der Einnahme Ihrer Medikamente<\/a><\/li>\n<li><a title=\"Fragen an Ihre \u00c4rztin\/Ihren Arzt, die Apotheke oder medizinisches Fachpersonal zu Ihren Medikamenten\" href=\"https:\/\/www.heartfailurematters.org\/what-your-doctor-can-do\/questions-to-ask-your-doctor-pharmacist-or-nurse-about-your-medicines\/\">Fragen an Ihre \u00c4rztin\/Ihren Arzt, die Apotheke oder medizinisches Fachpersonal zu Ihren Medikamenten<\/a><\/li>\n<li><a title=\"Was ist mit alternativen\/nat\u00fcrlichen Heilmitteln?\" href=\"https:\/\/www.heartfailurematters.org\/what-your-doctor-can-do\/what-about-alternative-or-natural-remedies\/\">Was ist mit alternativen\/nat\u00fcrlichen Heilmitteln?<\/a><\/li>\n<\/ul>\n","protected":false},"excerpt":{"rendered":"<p>Nachfolgend finden Sie einen Leitfaden mit den verschiedenen verf\u00fcgbaren Medikamenten zur Behandlung von Herzinsuffizienz. Die meisten Patientinnen und Patienten finden es hilfreich, die Gr\u00fcnde daf\u00fcr zu verstehen, warum ein bestimmtes Medikament eingenommen werden muss, einschlie\u00dflich Nutzen und Nebenwirkungen, Dosis und Zeitpunkt. Es ist wichtig, dass Sie mit Ihrer Gesundheitsfachkraft \u00fcber m\u00f6gliche Bedenken oder Fragen zu [&hellip;]<\/p>\n","protected":false},"author":1,"featured_media":10869,"parent":2680,"menu_order":5,"comment_status":"open","ping_status":"closed","template":"","meta":{"_acf_changed":false,"footnotes":""},"categories":[145],"tags":[],"class_list":["post-1497","page","type-page","status-publish","has-post-thumbnail","hentry","category-what-can-your-doctor-do-de"],"acf":[],"yoast_head":"<!-- This site is optimized with the Yoast SEO plugin v24.8.1 - https:\/\/yoast.com\/wordpress\/plugins\/seo\/ -->\n<title>Herzinsuffizienz-Medikamente und erste Nebenwirkungen<\/title>\n<meta name=\"description\" content=\"Wir bieten einen Leitfaden zu den verf\u00fcgbaren Herzinsuffizienz-Medikamenten. Es ist wichtig, dass Sie mit Ihrer \u00c4rztin\/Ihrem Arzt \u00fcber m\u00f6gliche Bedenken oder Fragen sprechen.\" \/>\n<meta name=\"robots\" content=\"index, follow, max-snippet:-1, max-image-preview:large, max-video-preview:-1\" \/>\n<link rel=\"canonical\" href=\"https:\/\/www.heartfailurematters.org\/de\/das-koennen-ihr-arzt-oder-pflegepersonal-tun\/medikamente-gegen-herzinsuffizienz\/\" \/>\n<meta property=\"og:locale\" content=\"de_DE\" \/>\n<meta property=\"og:type\" content=\"article\" \/>\n<meta property=\"og:title\" content=\"Herzinsuffizienz-Medikamente und erste Nebenwirkungen\" \/>\n<meta property=\"og:description\" content=\"Wir bieten einen Leitfaden zu den verf\u00fcgbaren Herzinsuffizienz-Medikamenten. Es ist wichtig, dass Sie mit Ihrer \u00c4rztin\/Ihrem Arzt \u00fcber m\u00f6gliche Bedenken oder Fragen sprechen.\" \/>\n<meta property=\"og:url\" content=\"https:\/\/www.heartfailurematters.org\/de\/das-koennen-ihr-arzt-oder-pflegepersonal-tun\/medikamente-gegen-herzinsuffizienz\/\" \/>\n<meta property=\"og:site_name\" content=\"Heart Failure Matters\" \/>\n<meta property=\"article:publisher\" content=\"https:\/\/www.facebook.com\/heartfailurematters\" \/>\n<meta property=\"article:modified_time\" content=\"2025-12-04T11:24:07+00:00\" \/>\n<meta property=\"og:image\" content=\"https:\/\/www.heartfailurematters.org\/wp-content\/uploads\/2022\/03\/shutterstock_441673426-1-min.jpg\" \/>\n\t<meta property=\"og:image:width\" content=\"900\" \/>\n\t<meta property=\"og:image:height\" content=\"596\" \/>\n\t<meta property=\"og:image:type\" content=\"image\/jpeg\" \/>\n<meta name=\"twitter:card\" content=\"summary_large_image\" \/>\n<meta name=\"twitter:label1\" content=\"Gesch\u00e4tzte Lesezeit\" \/>\n\t<meta name=\"twitter:data1\" content=\"2\u00a0Minuten\" \/>\n<script type=\"application\/ld+json\" class=\"yoast-schema-graph\">{\"@context\":\"https:\/\/schema.org\",\"@graph\":[{\"@type\":\"WebPage\",\"@id\":\"https:\/\/www.heartfailurematters.org\/de\/das-koennen-ihr-arzt-oder-pflegepersonal-tun\/medikamente-gegen-herzinsuffizienz\/\",\"url\":\"https:\/\/www.heartfailurematters.org\/de\/das-koennen-ihr-arzt-oder-pflegepersonal-tun\/medikamente-gegen-herzinsuffizienz\/\",\"name\":\"Herzinsuffizienz-Medikamente und erste Nebenwirkungen\",\"isPartOf\":{\"@id\":\"https:\/\/www.heartfailurematters.org\/de\/#website\"},\"primaryImageOfPage\":{\"@id\":\"https:\/\/www.heartfailurematters.org\/de\/das-koennen-ihr-arzt-oder-pflegepersonal-tun\/medikamente-gegen-herzinsuffizienz\/#primaryimage\"},\"image\":{\"@id\":\"https:\/\/www.heartfailurematters.org\/de\/das-koennen-ihr-arzt-oder-pflegepersonal-tun\/medikamente-gegen-herzinsuffizienz\/#primaryimage\"},\"thumbnailUrl\":\"https:\/\/www.heartfailurematters.org\/wp-content\/uploads\/2022\/03\/shutterstock_441673426-1-min.jpg\",\"datePublished\":\"2021-01-27T22:00:48+00:00\",\"dateModified\":\"2025-12-04T11:24:07+00:00\",\"description\":\"Wir bieten einen Leitfaden zu den verf\u00fcgbaren Herzinsuffizienz-Medikamenten. Es ist wichtig, dass Sie mit Ihrer \u00c4rztin\/Ihrem Arzt \u00fcber m\u00f6gliche Bedenken oder Fragen sprechen.\",\"breadcrumb\":{\"@id\":\"https:\/\/www.heartfailurematters.org\/de\/das-koennen-ihr-arzt-oder-pflegepersonal-tun\/medikamente-gegen-herzinsuffizienz\/#breadcrumb\"},\"inLanguage\":\"de\",\"potentialAction\":[{\"@type\":\"ReadAction\",\"target\":[\"https:\/\/www.heartfailurematters.org\/de\/das-koennen-ihr-arzt-oder-pflegepersonal-tun\/medikamente-gegen-herzinsuffizienz\/\"]}]},{\"@type\":\"ImageObject\",\"inLanguage\":\"de\",\"@id\":\"https:\/\/www.heartfailurematters.org\/de\/das-koennen-ihr-arzt-oder-pflegepersonal-tun\/medikamente-gegen-herzinsuffizienz\/#primaryimage\",\"url\":\"https:\/\/www.heartfailurematters.org\/wp-content\/uploads\/2022\/03\/shutterstock_441673426-1-min.jpg\",\"contentUrl\":\"https:\/\/www.heartfailurematters.org\/wp-content\/uploads\/2022\/03\/shutterstock_441673426-1-min.jpg\",\"width\":900,\"height\":596},{\"@type\":\"BreadcrumbList\",\"@id\":\"https:\/\/www.heartfailurematters.org\/de\/das-koennen-ihr-arzt-oder-pflegepersonal-tun\/medikamente-gegen-herzinsuffizienz\/#breadcrumb\",\"itemListElement\":[{\"@type\":\"ListItem\",\"position\":1,\"name\":\"Startseite\",\"item\":\"https:\/\/www.heartfailurematters.org\/de\/\"},{\"@type\":\"ListItem\",\"position\":2,\"name\":\"Das kann Ihr Arzt tun\",\"item\":\"https:\/\/www.heartfailurematters.org\/de\/das-koennen-ihr-arzt-oder-pflegepersonal-tun\/\"},{\"@type\":\"ListItem\",\"position\":3,\"name\":\"Medikamente zur Behandlung von Herzinsuffizienz\"}]},{\"@type\":\"WebSite\",\"@id\":\"https:\/\/www.heartfailurematters.org\/de\/#website\",\"url\":\"https:\/\/www.heartfailurematters.org\/de\/\",\"name\":\"Heart Failure Matters\",\"description\":\"Practical information for patients, families and caregivers.\",\"publisher\":{\"@id\":\"https:\/\/www.heartfailurematters.org\/de\/#organization\"},\"potentialAction\":[{\"@type\":\"SearchAction\",\"target\":{\"@type\":\"EntryPoint\",\"urlTemplate\":\"https:\/\/www.heartfailurematters.org\/de\/?s={search_term_string}\"},\"query-input\":{\"@type\":\"PropertyValueSpecification\",\"valueRequired\":true,\"valueName\":\"search_term_string\"}}],\"inLanguage\":\"de\"},{\"@type\":\"Organization\",\"@id\":\"https:\/\/www.heartfailurematters.org\/de\/#organization\",\"name\":\"Heart Failure Matters\",\"url\":\"https:\/\/www.heartfailurematters.org\/de\/\",\"logo\":{\"@type\":\"ImageObject\",\"inLanguage\":\"de\",\"@id\":\"https:\/\/www.heartfailurematters.org\/de\/#\/schema\/logo\/image\/\",\"url\":\"https:\/\/cdn-endpoint-hfm.azureedge.net\/heartfailurematters\/2024\/07\/hfm-logo1.jpg\",\"contentUrl\":\"https:\/\/cdn-endpoint-hfm.azureedge.net\/heartfailurematters\/2024\/07\/hfm-logo1.jpg\",\"width\":1280,\"height\":720,\"caption\":\"Heart Failure Matters\"},\"image\":{\"@id\":\"https:\/\/www.heartfailurematters.org\/de\/#\/schema\/logo\/image\/\"},\"sameAs\":[\"https:\/\/www.facebook.com\/heartfailurematters\"]}]}<\/script>\n<!-- \/ Yoast SEO plugin. -->","yoast_head_json":{"title":"Herzinsuffizienz-Medikamente und erste Nebenwirkungen","description":"Wir bieten einen Leitfaden zu den verf\u00fcgbaren Herzinsuffizienz-Medikamenten. Es ist wichtig, dass Sie mit Ihrer \u00c4rztin\/Ihrem Arzt \u00fcber m\u00f6gliche Bedenken oder Fragen sprechen.","robots":{"index":"index","follow":"follow","max-snippet":"max-snippet:-1","max-image-preview":"max-image-preview:large","max-video-preview":"max-video-preview:-1"},"canonical":"https:\/\/www.heartfailurematters.org\/de\/das-koennen-ihr-arzt-oder-pflegepersonal-tun\/medikamente-gegen-herzinsuffizienz\/","og_locale":"de_DE","og_type":"article","og_title":"Herzinsuffizienz-Medikamente und erste Nebenwirkungen","og_description":"Wir bieten einen Leitfaden zu den verf\u00fcgbaren Herzinsuffizienz-Medikamenten. Es ist wichtig, dass Sie mit Ihrer \u00c4rztin\/Ihrem Arzt \u00fcber m\u00f6gliche Bedenken oder Fragen sprechen.","og_url":"https:\/\/www.heartfailurematters.org\/de\/das-koennen-ihr-arzt-oder-pflegepersonal-tun\/medikamente-gegen-herzinsuffizienz\/","og_site_name":"Heart Failure Matters","article_publisher":"https:\/\/www.facebook.com\/heartfailurematters","article_modified_time":"2025-12-04T11:24:07+00:00","og_image":[{"width":900,"height":596,"url":"https:\/\/www.heartfailurematters.org\/wp-content\/uploads\/2022\/03\/shutterstock_441673426-1-min.jpg","type":"image\/jpeg"}],"twitter_card":"summary_large_image","twitter_misc":{"Gesch\u00e4tzte Lesezeit":"2\u00a0Minuten"},"schema":{"@context":"https:\/\/schema.org","@graph":[{"@type":"WebPage","@id":"https:\/\/www.heartfailurematters.org\/de\/das-koennen-ihr-arzt-oder-pflegepersonal-tun\/medikamente-gegen-herzinsuffizienz\/","url":"https:\/\/www.heartfailurematters.org\/de\/das-koennen-ihr-arzt-oder-pflegepersonal-tun\/medikamente-gegen-herzinsuffizienz\/","name":"Herzinsuffizienz-Medikamente und erste Nebenwirkungen","isPartOf":{"@id":"https:\/\/www.heartfailurematters.org\/de\/#website"},"primaryImageOfPage":{"@id":"https:\/\/www.heartfailurematters.org\/de\/das-koennen-ihr-arzt-oder-pflegepersonal-tun\/medikamente-gegen-herzinsuffizienz\/#primaryimage"},"image":{"@id":"https:\/\/www.heartfailurematters.org\/de\/das-koennen-ihr-arzt-oder-pflegepersonal-tun\/medikamente-gegen-herzinsuffizienz\/#primaryimage"},"thumbnailUrl":"https:\/\/www.heartfailurematters.org\/wp-content\/uploads\/2022\/03\/shutterstock_441673426-1-min.jpg","datePublished":"2021-01-27T22:00:48+00:00","dateModified":"2025-12-04T11:24:07+00:00","description":"Wir bieten einen Leitfaden zu den verf\u00fcgbaren Herzinsuffizienz-Medikamenten. Es ist wichtig, dass Sie mit Ihrer \u00c4rztin\/Ihrem Arzt \u00fcber m\u00f6gliche Bedenken oder Fragen sprechen.","breadcrumb":{"@id":"https:\/\/www.heartfailurematters.org\/de\/das-koennen-ihr-arzt-oder-pflegepersonal-tun\/medikamente-gegen-herzinsuffizienz\/#breadcrumb"},"inLanguage":"de","potentialAction":[{"@type":"ReadAction","target":["https:\/\/www.heartfailurematters.org\/de\/das-koennen-ihr-arzt-oder-pflegepersonal-tun\/medikamente-gegen-herzinsuffizienz\/"]}]},{"@type":"ImageObject","inLanguage":"de","@id":"https:\/\/www.heartfailurematters.org\/de\/das-koennen-ihr-arzt-oder-pflegepersonal-tun\/medikamente-gegen-herzinsuffizienz\/#primaryimage","url":"https:\/\/www.heartfailurematters.org\/wp-content\/uploads\/2022\/03\/shutterstock_441673426-1-min.jpg","contentUrl":"https:\/\/www.heartfailurematters.org\/wp-content\/uploads\/2022\/03\/shutterstock_441673426-1-min.jpg","width":900,"height":596},{"@type":"BreadcrumbList","@id":"https:\/\/www.heartfailurematters.org\/de\/das-koennen-ihr-arzt-oder-pflegepersonal-tun\/medikamente-gegen-herzinsuffizienz\/#breadcrumb","itemListElement":[{"@type":"ListItem","position":1,"name":"Startseite","item":"https:\/\/www.heartfailurematters.org\/de\/"},{"@type":"ListItem","position":2,"name":"Das kann Ihr Arzt tun","item":"https:\/\/www.heartfailurematters.org\/de\/das-koennen-ihr-arzt-oder-pflegepersonal-tun\/"},{"@type":"ListItem","position":3,"name":"Medikamente zur Behandlung von Herzinsuffizienz"}]},{"@type":"WebSite","@id":"https:\/\/www.heartfailurematters.org\/de\/#website","url":"https:\/\/www.heartfailurematters.org\/de\/","name":"Heart Failure Matters","description":"Practical information for patients, families and caregivers.","publisher":{"@id":"https:\/\/www.heartfailurematters.org\/de\/#organization"},"potentialAction":[{"@type":"SearchAction","target":{"@type":"EntryPoint","urlTemplate":"https:\/\/www.heartfailurematters.org\/de\/?s={search_term_string}"},"query-input":{"@type":"PropertyValueSpecification","valueRequired":true,"valueName":"search_term_string"}}],"inLanguage":"de"},{"@type":"Organization","@id":"https:\/\/www.heartfailurematters.org\/de\/#organization","name":"Heart Failure Matters","url":"https:\/\/www.heartfailurematters.org\/de\/","logo":{"@type":"ImageObject","inLanguage":"de","@id":"https:\/\/www.heartfailurematters.org\/de\/#\/schema\/logo\/image\/","url":"https:\/\/cdn-endpoint-hfm.azureedge.net\/heartfailurematters\/2024\/07\/hfm-logo1.jpg","contentUrl":"https:\/\/cdn-endpoint-hfm.azureedge.net\/heartfailurematters\/2024\/07\/hfm-logo1.jpg","width":1280,"height":720,"caption":"Heart Failure Matters"},"image":{"@id":"https:\/\/www.heartfailurematters.org\/de\/#\/schema\/logo\/image\/"},"sameAs":["https:\/\/www.facebook.com\/heartfailurematters"]}]}},"_links":{"self":[{"href":"https:\/\/www.heartfailurematters.org\/de\/wp-json\/wp\/v2\/pages\/1497","targetHints":{"allow":["GET"]}}],"collection":[{"href":"https:\/\/www.heartfailurematters.org\/de\/wp-json\/wp\/v2\/pages"}],"about":[{"href":"https:\/\/www.heartfailurematters.org\/de\/wp-json\/wp\/v2\/types\/page"}],"author":[{"embeddable":true,"href":"https:\/\/www.heartfailurematters.org\/de\/wp-json\/wp\/v2\/users\/1"}],"replies":[{"embeddable":true,"href":"https:\/\/www.heartfailurematters.org\/de\/wp-json\/wp\/v2\/comments?post=1497"}],"version-history":[{"count":5,"href":"https:\/\/www.heartfailurematters.org\/de\/wp-json\/wp\/v2\/pages\/1497\/revisions"}],"predecessor-version":[{"id":13624,"href":"https:\/\/www.heartfailurematters.org\/de\/wp-json\/wp\/v2\/pages\/1497\/revisions\/13624"}],"up":[{"embeddable":true,"href":"https:\/\/www.heartfailurematters.org\/de\/wp-json\/wp\/v2\/pages\/2680"}],"wp:featuredmedia":[{"embeddable":true,"href":"https:\/\/www.heartfailurematters.org\/de\/wp-json\/wp\/v2\/media\/10869"}],"wp:attachment":[{"href":"https:\/\/www.heartfailurematters.org\/de\/wp-json\/wp\/v2\/media?parent=1497"}],"wp:term":[{"taxonomy":"category","embeddable":true,"href":"https:\/\/www.heartfailurematters.org\/de\/wp-json\/wp\/v2\/categories?post=1497"},{"taxonomy":"post_tag","embeddable":true,"href":"https:\/\/www.heartfailurematters.org\/de\/wp-json\/wp\/v2\/tags?post=1497"}],"curies":[{"name":"wp","href":"https:\/\/api.w.org\/{rel}","templated":true}]}}