{"id":1496,"date":"2021-01-27T22:00:48","date_gmt":"2021-01-27T22:00:48","guid":{"rendered":"http:\/\/heartfailurematters.local:8888\/arbeiten\/"},"modified":"2021-01-27T22:00:48","modified_gmt":"2021-01-27T22:00:48","slug":"arbeiten","status":"publish","type":"page","link":"https:\/\/www.heartfailurematters.org\/de\/leben-mit-herzinsuffizienz\/arbeiten\/","title":{"rendered":"Arbeiten"},"content":{"rendered":"<p>In den meisten F\u00e4llen kann eine Herzinsuffizienz hinreichend behandelt und kontrolliert werden, sodass Sie auch weiterhin noch \u00fcber Jahre hinweg in Voll- oder Teilzeit arbeiten k\u00f6nnen. Ihre pers\u00f6nliche Situation h\u00e4ngt von der Ursache und Schwere Ihrer Herzinsuffizienz ab sowie von den Anforderungen Ihres Berufes. Ihr Arzt oder Pflegekraft kann Sie dabei beraten, wie viel Sie sich beruflich zumuten k\u00f6nnen. M\u00f6glicherweise m\u00fcssen Sie Anpassungen bei Ihren Arbeitszeiten oder sonstigen anstrengenden Aktivit\u00e4ten vornehmen. Wenn Sie glauben, Ihren Job nicht mehr wie bisher bew\u00e4ltigen zu k\u00f6nnen, besprechen Sie dies mit Ihrem Arzt f\u00fcr den Fall, dass eine Medikamentenumstellung erforderlich ist, und\/oder mit Ihrem Arbeitgeber, um zu kl\u00e4ren, ob Sie anderweitig eingesetzt werden k\u00f6nnen.<\/p>\n","protected":false},"excerpt":{"rendered":"<p>In den meisten F\u00e4llen kann eine Herzinsuffizienz hinreichend behandelt und kontrolliert werden, sodass Sie auch weiterhin noch \u00fcber Jahre hinweg in Voll- oder Teilzeit arbeiten k\u00f6nnen. Ihre pers\u00f6nliche Situation h\u00e4ngt von der Ursache und Schwere Ihrer Herzinsuffizienz ab sowie von den Anforderungen Ihres Berufes. Ihr Arzt oder Pflegekraft kann Sie dabei beraten, wie viel Sie [&hellip;]<\/p>\n","protected":false},"author":1,"featured_media":11133,"parent":2813,"menu_order":6,"comment_status":"open","ping_status":"closed","template":"","meta":{"_acf_changed":false,"footnotes":""},"categories":[101],"tags":[],"class_list":["post-1496","page","type-page","status-publish","has-post-thumbnail","hentry","category-living-with-heart-failure-de"],"acf":[],"yoast_head":"<!-- This site is optimized with the Yoast SEO plugin v24.8.1 - https:\/\/yoast.com\/wordpress\/plugins\/seo\/ -->\n<title>Arbeiten mit Herzinsuffizienz<\/title>\n<meta name=\"description\" content=\"In den meisten F\u00e4llen kann Herzinsuffizienz angemessen behandelt und kontrolliert werden, so dass Sie viele Jahre weiterarbeiten k\u00f6nnen.\" \/>\n<meta name=\"robots\" content=\"index, follow, max-snippet:-1, max-image-preview:large, max-video-preview:-1\" \/>\n<link rel=\"canonical\" href=\"https:\/\/www.heartfailurematters.org\/de\/leben-mit-herzinsuffizienz\/arbeiten\/\" \/>\n<meta property=\"og:locale\" content=\"de_DE\" \/>\n<meta property=\"og:type\" content=\"article\" \/>\n<meta property=\"og:title\" content=\"Arbeiten mit Herzinsuffizienz\" \/>\n<meta property=\"og:description\" content=\"In den meisten F\u00e4llen kann Herzinsuffizienz angemessen behandelt und kontrolliert werden, so dass Sie viele Jahre weiterarbeiten k\u00f6nnen.\" \/>\n<meta property=\"og:url\" content=\"https:\/\/www.heartfailurematters.org\/de\/leben-mit-herzinsuffizienz\/arbeiten\/\" \/>\n<meta property=\"og:site_name\" content=\"Heart Failure Matters\" \/>\n<meta property=\"article:publisher\" content=\"https:\/\/www.facebook.com\/heartfailurematters\" \/>\n<meta property=\"og:image\" content=\"https:\/\/www.heartfailurematters.org\/wp-content\/uploads\/2022\/03\/shutterstock_1704082816-1-min.jpg?_t=1773220124\" \/>\n\t<meta property=\"og:image:width\" content=\"900\" \/>\n\t<meta property=\"og:image:height\" content=\"600\" \/>\n\t<meta property=\"og:image:type\" content=\"image\/jpeg\" \/>\n<meta name=\"twitter:card\" content=\"summary_large_image\" \/>\n<meta name=\"twitter:label1\" content=\"Gesch\u00e4tzte Lesezeit\" \/>\n\t<meta name=\"twitter:data1\" content=\"1\u00a0Minute\" \/>\n<script type=\"application\/ld+json\" class=\"yoast-schema-graph\">{\"@context\":\"https:\/\/schema.org\",\"@graph\":[{\"@type\":\"WebPage\",\"@id\":\"https:\/\/www.heartfailurematters.org\/de\/leben-mit-herzinsuffizienz\/arbeiten\/\",\"url\":\"https:\/\/www.heartfailurematters.org\/de\/leben-mit-herzinsuffizienz\/arbeiten\/\",\"name\":\"Arbeiten mit Herzinsuffizienz\",\"isPartOf\":{\"@id\":\"https:\/\/www.heartfailurematters.org\/de\/#website\"},\"primaryImageOfPage\":{\"@id\":\"https:\/\/www.heartfailurematters.org\/de\/leben-mit-herzinsuffizienz\/arbeiten\/#primaryimage\"},\"image\":{\"@id\":\"https:\/\/www.heartfailurematters.org\/de\/leben-mit-herzinsuffizienz\/arbeiten\/#primaryimage\"},\"thumbnailUrl\":\"https:\/\/www.heartfailurematters.org\/wp-content\/uploads\/2022\/03\/shutterstock_1704082816-1-min.jpg\",\"datePublished\":\"2021-01-27T22:00:48+00:00\",\"description\":\"In den meisten F\u00e4llen kann Herzinsuffizienz angemessen behandelt und kontrolliert werden, so dass Sie viele Jahre weiterarbeiten k\u00f6nnen.\",\"breadcrumb\":{\"@id\":\"https:\/\/www.heartfailurematters.org\/de\/leben-mit-herzinsuffizienz\/arbeiten\/#breadcrumb\"},\"inLanguage\":\"de\",\"potentialAction\":[{\"@type\":\"ReadAction\",\"target\":[\"https:\/\/www.heartfailurematters.org\/de\/leben-mit-herzinsuffizienz\/arbeiten\/\"]}]},{\"@type\":\"ImageObject\",\"inLanguage\":\"de\",\"@id\":\"https:\/\/www.heartfailurematters.org\/de\/leben-mit-herzinsuffizienz\/arbeiten\/#primaryimage\",\"url\":\"https:\/\/www.heartfailurematters.org\/wp-content\/uploads\/2022\/03\/shutterstock_1704082816-1-min.jpg\",\"contentUrl\":\"https:\/\/www.heartfailurematters.org\/wp-content\/uploads\/2022\/03\/shutterstock_1704082816-1-min.jpg\",\"width\":900,\"height\":600},{\"@type\":\"BreadcrumbList\",\"@id\":\"https:\/\/www.heartfailurematters.org\/de\/leben-mit-herzinsuffizienz\/arbeiten\/#breadcrumb\",\"itemListElement\":[{\"@type\":\"ListItem\",\"position\":1,\"name\":\"Startseite\",\"item\":\"https:\/\/www.heartfailurematters.org\/de\/\"},{\"@type\":\"ListItem\",\"position\":2,\"name\":\"Leben mit Herzinsuffizienz\",\"item\":\"https:\/\/www.heartfailurematters.org\/de\/leben-mit-herzinsuffizienz\/\"},{\"@type\":\"ListItem\",\"position\":3,\"name\":\"Arbeiten\"}]},{\"@type\":\"WebSite\",\"@id\":\"https:\/\/www.heartfailurematters.org\/de\/#website\",\"url\":\"https:\/\/www.heartfailurematters.org\/de\/\",\"name\":\"Heart Failure Matters\",\"description\":\"Practical information for patients, families and caregivers.\",\"publisher\":{\"@id\":\"https:\/\/www.heartfailurematters.org\/de\/#organization\"},\"potentialAction\":[{\"@type\":\"SearchAction\",\"target\":{\"@type\":\"EntryPoint\",\"urlTemplate\":\"https:\/\/www.heartfailurematters.org\/de\/?s={search_term_string}\"},\"query-input\":{\"@type\":\"PropertyValueSpecification\",\"valueRequired\":true,\"valueName\":\"search_term_string\"}}],\"inLanguage\":\"de\"},{\"@type\":\"Organization\",\"@id\":\"https:\/\/www.heartfailurematters.org\/de\/#organization\",\"name\":\"Heart Failure Matters\",\"url\":\"https:\/\/www.heartfailurematters.org\/de\/\",\"logo\":{\"@type\":\"ImageObject\",\"inLanguage\":\"de\",\"@id\":\"https:\/\/www.heartfailurematters.org\/de\/#\/schema\/logo\/image\/\",\"url\":\"https:\/\/cdn-endpoint-hfm.azureedge.net\/heartfailurematters\/2024\/07\/hfm-logo1.jpg\",\"contentUrl\":\"https:\/\/cdn-endpoint-hfm.azureedge.net\/heartfailurematters\/2024\/07\/hfm-logo1.jpg\",\"width\":1280,\"height\":720,\"caption\":\"Heart Failure Matters\"},\"image\":{\"@id\":\"https:\/\/www.heartfailurematters.org\/de\/#\/schema\/logo\/image\/\"},\"sameAs\":[\"https:\/\/www.facebook.com\/heartfailurematters\"]}]}<\/script>\n<!-- \/ Yoast SEO plugin. -->","yoast_head_json":{"title":"Arbeiten mit Herzinsuffizienz","description":"In den meisten F\u00e4llen kann Herzinsuffizienz angemessen behandelt und kontrolliert werden, so dass Sie viele Jahre weiterarbeiten k\u00f6nnen.","robots":{"index":"index","follow":"follow","max-snippet":"max-snippet:-1","max-image-preview":"max-image-preview:large","max-video-preview":"max-video-preview:-1"},"canonical":"https:\/\/www.heartfailurematters.org\/de\/leben-mit-herzinsuffizienz\/arbeiten\/","og_locale":"de_DE","og_type":"article","og_title":"Arbeiten mit Herzinsuffizienz","og_description":"In den meisten F\u00e4llen kann Herzinsuffizienz angemessen behandelt und kontrolliert werden, so dass Sie viele Jahre weiterarbeiten k\u00f6nnen.","og_url":"https:\/\/www.heartfailurematters.org\/de\/leben-mit-herzinsuffizienz\/arbeiten\/","og_site_name":"Heart Failure Matters","article_publisher":"https:\/\/www.facebook.com\/heartfailurematters","og_image":[{"width":900,"height":600,"url":"https:\/\/www.heartfailurematters.org\/wp-content\/uploads\/2022\/03\/shutterstock_1704082816-1-min.jpg?_t=1773220124","type":"image\/jpeg"}],"twitter_card":"summary_large_image","twitter_misc":{"Gesch\u00e4tzte Lesezeit":"1\u00a0Minute"},"schema":{"@context":"https:\/\/schema.org","@graph":[{"@type":"WebPage","@id":"https:\/\/www.heartfailurematters.org\/de\/leben-mit-herzinsuffizienz\/arbeiten\/","url":"https:\/\/www.heartfailurematters.org\/de\/leben-mit-herzinsuffizienz\/arbeiten\/","name":"Arbeiten mit Herzinsuffizienz","isPartOf":{"@id":"https:\/\/www.heartfailurematters.org\/de\/#website"},"primaryImageOfPage":{"@id":"https:\/\/www.heartfailurematters.org\/de\/leben-mit-herzinsuffizienz\/arbeiten\/#primaryimage"},"image":{"@id":"https:\/\/www.heartfailurematters.org\/de\/leben-mit-herzinsuffizienz\/arbeiten\/#primaryimage"},"thumbnailUrl":"https:\/\/www.heartfailurematters.org\/wp-content\/uploads\/2022\/03\/shutterstock_1704082816-1-min.jpg","datePublished":"2021-01-27T22:00:48+00:00","description":"In den meisten F\u00e4llen kann Herzinsuffizienz angemessen behandelt und kontrolliert werden, so dass Sie viele Jahre weiterarbeiten k\u00f6nnen.","breadcrumb":{"@id":"https:\/\/www.heartfailurematters.org\/de\/leben-mit-herzinsuffizienz\/arbeiten\/#breadcrumb"},"inLanguage":"de","potentialAction":[{"@type":"ReadAction","target":["https:\/\/www.heartfailurematters.org\/de\/leben-mit-herzinsuffizienz\/arbeiten\/"]}]},{"@type":"ImageObject","inLanguage":"de","@id":"https:\/\/www.heartfailurematters.org\/de\/leben-mit-herzinsuffizienz\/arbeiten\/#primaryimage","url":"https:\/\/www.heartfailurematters.org\/wp-content\/uploads\/2022\/03\/shutterstock_1704082816-1-min.jpg","contentUrl":"https:\/\/www.heartfailurematters.org\/wp-content\/uploads\/2022\/03\/shutterstock_1704082816-1-min.jpg","width":900,"height":600},{"@type":"BreadcrumbList","@id":"https:\/\/www.heartfailurematters.org\/de\/leben-mit-herzinsuffizienz\/arbeiten\/#breadcrumb","itemListElement":[{"@type":"ListItem","position":1,"name":"Startseite","item":"https:\/\/www.heartfailurematters.org\/de\/"},{"@type":"ListItem","position":2,"name":"Leben mit Herzinsuffizienz","item":"https:\/\/www.heartfailurematters.org\/de\/leben-mit-herzinsuffizienz\/"},{"@type":"ListItem","position":3,"name":"Arbeiten"}]},{"@type":"WebSite","@id":"https:\/\/www.heartfailurematters.org\/de\/#website","url":"https:\/\/www.heartfailurematters.org\/de\/","name":"Heart Failure Matters","description":"Practical information for patients, families and caregivers.","publisher":{"@id":"https:\/\/www.heartfailurematters.org\/de\/#organization"},"potentialAction":[{"@type":"SearchAction","target":{"@type":"EntryPoint","urlTemplate":"https:\/\/www.heartfailurematters.org\/de\/?s={search_term_string}"},"query-input":{"@type":"PropertyValueSpecification","valueRequired":true,"valueName":"search_term_string"}}],"inLanguage":"de"},{"@type":"Organization","@id":"https:\/\/www.heartfailurematters.org\/de\/#organization","name":"Heart Failure Matters","url":"https:\/\/www.heartfailurematters.org\/de\/","logo":{"@type":"ImageObject","inLanguage":"de","@id":"https:\/\/www.heartfailurematters.org\/de\/#\/schema\/logo\/image\/","url":"https:\/\/cdn-endpoint-hfm.azureedge.net\/heartfailurematters\/2024\/07\/hfm-logo1.jpg","contentUrl":"https:\/\/cdn-endpoint-hfm.azureedge.net\/heartfailurematters\/2024\/07\/hfm-logo1.jpg","width":1280,"height":720,"caption":"Heart Failure Matters"},"image":{"@id":"https:\/\/www.heartfailurematters.org\/de\/#\/schema\/logo\/image\/"},"sameAs":["https:\/\/www.facebook.com\/heartfailurematters"]}]}},"_links":{"self":[{"href":"https:\/\/www.heartfailurematters.org\/de\/wp-json\/wp\/v2\/pages\/1496","targetHints":{"allow":["GET"]}}],"collection":[{"href":"https:\/\/www.heartfailurematters.org\/de\/wp-json\/wp\/v2\/pages"}],"about":[{"href":"https:\/\/www.heartfailurematters.org\/de\/wp-json\/wp\/v2\/types\/page"}],"author":[{"embeddable":true,"href":"https:\/\/www.heartfailurematters.org\/de\/wp-json\/wp\/v2\/users\/1"}],"replies":[{"embeddable":true,"href":"https:\/\/www.heartfailurematters.org\/de\/wp-json\/wp\/v2\/comments?post=1496"}],"version-history":[{"count":0,"href":"https:\/\/www.heartfailurematters.org\/de\/wp-json\/wp\/v2\/pages\/1496\/revisions"}],"up":[{"embeddable":true,"href":"https:\/\/www.heartfailurematters.org\/de\/wp-json\/wp\/v2\/pages\/2813"}],"wp:featuredmedia":[{"embeddable":true,"href":"https:\/\/www.heartfailurematters.org\/de\/wp-json\/wp\/v2\/media\/11133"}],"wp:attachment":[{"href":"https:\/\/www.heartfailurematters.org\/de\/wp-json\/wp\/v2\/media?parent=1496"}],"wp:term":[{"taxonomy":"category","embeddable":true,"href":"https:\/\/www.heartfailurematters.org\/de\/wp-json\/wp\/v2\/categories?post=1496"},{"taxonomy":"post_tag","embeddable":true,"href":"https:\/\/www.heartfailurematters.org\/de\/wp-json\/wp\/v2\/tags?post=1496"}],"curies":[{"name":"wp","href":"https:\/\/api.w.org\/{rel}","templated":true}]}}