{"id":1490,"date":"2021-01-27T22:00:43","date_gmt":"2021-01-27T22:00:43","guid":{"rendered":"http:\/\/heartfailurematters.local:8888\/bei-notfaellen-im-urlaub\/"},"modified":"2021-06-30T13:05:33","modified_gmt":"2021-06-30T12:05:33","slug":"bei-notfaellen-im-urlaub","status":"publish","type":"page","link":"https:\/\/www.heartfailurematters.org\/de\/leben-mit-herzinsuffizienz\/bei-notfaellen-im-urlaub\/","title":{"rendered":"Bei Notf\u00e4llen im Urlaub"},"content":{"rendered":"<p>Es ist sinnvoll, in den Urlaub eine aktuelle Liste mitzunehmen, in der alle \u2019s a good idea to take an up-to-date list of all your\u00a0<a title=\"\" href=\"\/wp-content\/uploads\/2021\/02\/MEDIKAMENTENTABELLE.pdf\" target=\"_blank\" rel=\"noopener\">Medikamente<\/a> aufgef\u00fchrt sind. Sollte ein Notfall eintreten und Sie einen Arzt aufsuchen m\u00fcssen, k\u00f6nnen Sie diesem die Liste zeigen. Diese sollten Sie immer griffbereit mit sich f\u00fchren.<\/p>\n<p>\u2019Auch sinnvoll ist es, die Praxis-Telefonnummer Ihres prim\u00e4rversorgenden Arztes (Hausarztes) oder Kardiologen f\u00fcr den Fall parat zu haben, dass der Sie im Urlaub behandelnde Arzt R\u00fccksprache mit Ihrem Hausarzt halten m\u00f6chte oder weitere Informationen ben\u00f6tigt.<\/p>\n<p>Es wird dringend empfohlen, eine Reise- und Auslandsversicherung abzuschlie\u00dfen, die auch eine Krankenversicherung einschlie\u00dft, wenn Sie Fernreisen unternehmen oder in den Urlaub fahren m\u00f6chten. Achten Sie beim Abschluss der Versicherung darauf, was durch den Vertrag tats\u00e4chlich im Hinblick auf eine medizinische Behandlung abgedeckt ist und was Sie tun m\u00fcssen, wenn Sie fern der Heimat notfallm\u00e4\u00dfige medizinische Versorgung ben\u00f6tigen. Notieren Sie sich, welche Telefonnummern Sie anrufen m\u00fcssen, und auch die Nummern der Versicherungsscheine, die Sie dann angeben m\u00fcssen.<\/p>\n<p>F\u00fcr B\u00fcrger der Europ\u00e4ischen Union, die innerhalb von Europa reisen, ist eine Europ\u00e4ische Krankenversicherungskarte verf\u00fcgbar, die Sie sich auf jeden Fall besorgen sollten. Obgleich diese kein Ersatz f\u00fcr eine Versicherung ist, berechtigt sie B\u00fcrger der Europ\u00e4ischen Union zu freier oder kostenreduzierter medizinischer Behandlung in einem Land des Europ\u00e4ischen Wirtschaftsraumes (EWR).<\/p>\n<p>\u00dcber 60 Millionen EU-B\u00fcrger sind bereits im Besitz dieser Karte. Manche L\u00e4nder integrieren die Europ\u00e4ische Karte auf der R\u00fcckseite ihrer nationalen Versicherungskarte, andere L\u00e4nder geben separate Karten aus. Die Karte bekommen Sie bei Ihrer \u00f6rtlichen Sozial- oder Krankenversicherung. Weitere Informationen finden Sie auch auf der Webseite der \u00a0<a title=\"\" href=\"http:\/\/ec.europa.eu\/social\/main.jsp?catId=509&amp;langId=en\" target=\"_blank\" rel=\"noopener\">Europ\u00e4ischen Krankenversicherungskarte<\/a>. Die Europ\u00e4ische Versicherungskarte (EHIC) gilt normalerweise drei bis f\u00fcnf Jahre und deckt s\u00e4mtliche medizinischen Behandlungen ab, die w\u00e4hrend Ihrer Reise aufgrund Ihrer Erkrankung oder eines Unfalls erforderlich werden. Sie deckt auch Behandlungen ab, die Sie bei einer chronischen Erkrankung wie Herzinsuffizienz ben\u00f6tigen. Die Karte berechtigt nur f\u00fcr staatliche medizinische Leistungen.<\/p>\n<p><a title=\"\" href=\"https:\/\/www.heartfailurematters.org\/de\/leben-mit-herzinsuffizienz\/reisen\/\">Zur\u00fcck zu \u201eReisen\u201c<\/a><\/p>\n","protected":false},"excerpt":{"rendered":"<p>Es ist sinnvoll, in den Urlaub eine aktuelle Liste mitzunehmen, in der alle \u2019s a good idea to take an up-to-date list of all your\u00a0Medikamente aufgef\u00fchrt sind. Sollte ein Notfall eintreten und Sie einen Arzt aufsuchen m\u00fcssen, k\u00f6nnen Sie diesem die Liste zeigen. Diese sollten Sie immer griffbereit mit sich f\u00fchren. \u2019Auch sinnvoll ist es, [&hellip;]<\/p>\n","protected":false},"author":1,"featured_media":10538,"parent":2813,"menu_order":0,"comment_status":"open","ping_status":"open","template":"","meta":{"_acf_changed":false,"footnotes":""},"categories":[],"tags":[],"class_list":["post-1490","page","type-page","status-publish","has-post-thumbnail","hentry"],"acf":[],"yoast_head":"<!-- This site is optimized with the Yoast SEO plugin v24.8.1 - https:\/\/yoast.com\/wordpress\/plugins\/seo\/ -->\n<title>Bei Notf\u00e4llen im Urlaub<\/title>\n<meta name=\"description\" content=\"Es ist eine gute Idee, eine aktuelle Liste all Ihrer Medikamente in den Urlaub mitzunehmen.\" \/>\n<meta name=\"robots\" content=\"index, follow, max-snippet:-1, max-image-preview:large, max-video-preview:-1\" \/>\n<link rel=\"canonical\" href=\"https:\/\/www.heartfailurematters.org\/de\/leben-mit-herzinsuffizienz\/bei-notfaellen-im-urlaub\/\" \/>\n<meta property=\"og:locale\" content=\"de_DE\" \/>\n<meta property=\"og:type\" content=\"article\" \/>\n<meta property=\"og:title\" content=\"Bei Notf\u00e4llen im Urlaub\" \/>\n<meta property=\"og:description\" content=\"Es ist eine gute Idee, eine aktuelle Liste all Ihrer Medikamente in den Urlaub mitzunehmen.\" \/>\n<meta property=\"og:url\" content=\"https:\/\/www.heartfailurematters.org\/de\/leben-mit-herzinsuffizienz\/bei-notfaellen-im-urlaub\/\" \/>\n<meta property=\"og:site_name\" content=\"Heart Failure Matters\" \/>\n<meta property=\"article:publisher\" content=\"https:\/\/www.facebook.com\/heartfailurematters\" \/>\n<meta property=\"article:modified_time\" content=\"2021-06-30T12:05:33+00:00\" \/>\n<meta property=\"og:image\" content=\"https:\/\/www.heartfailurematters.org\/wp-content\/uploads\/2022\/02\/shutterstock_258402434-1-min.jpg\" \/>\n\t<meta property=\"og:image:width\" content=\"900\" \/>\n\t<meta property=\"og:image:height\" content=\"475\" \/>\n\t<meta property=\"og:image:type\" content=\"image\/jpeg\" \/>\n<meta name=\"twitter:card\" content=\"summary_large_image\" \/>\n<meta name=\"twitter:label1\" content=\"Gesch\u00e4tzte Lesezeit\" \/>\n\t<meta name=\"twitter:data1\" content=\"2\u00a0Minuten\" \/>\n<script type=\"application\/ld+json\" class=\"yoast-schema-graph\">{\"@context\":\"https:\/\/schema.org\",\"@graph\":[{\"@type\":\"WebPage\",\"@id\":\"https:\/\/www.heartfailurematters.org\/de\/leben-mit-herzinsuffizienz\/bei-notfaellen-im-urlaub\/\",\"url\":\"https:\/\/www.heartfailurematters.org\/de\/leben-mit-herzinsuffizienz\/bei-notfaellen-im-urlaub\/\",\"name\":\"Bei Notf\u00e4llen im Urlaub\",\"isPartOf\":{\"@id\":\"https:\/\/www.heartfailurematters.org\/de\/#website\"},\"primaryImageOfPage\":{\"@id\":\"https:\/\/www.heartfailurematters.org\/de\/leben-mit-herzinsuffizienz\/bei-notfaellen-im-urlaub\/#primaryimage\"},\"image\":{\"@id\":\"https:\/\/www.heartfailurematters.org\/de\/leben-mit-herzinsuffizienz\/bei-notfaellen-im-urlaub\/#primaryimage\"},\"thumbnailUrl\":\"https:\/\/www.heartfailurematters.org\/wp-content\/uploads\/2022\/02\/shutterstock_258402434-1-min.jpg\",\"datePublished\":\"2021-01-27T22:00:43+00:00\",\"dateModified\":\"2021-06-30T12:05:33+00:00\",\"description\":\"Es ist eine gute Idee, eine aktuelle Liste all Ihrer Medikamente in den Urlaub mitzunehmen.\",\"breadcrumb\":{\"@id\":\"https:\/\/www.heartfailurematters.org\/de\/leben-mit-herzinsuffizienz\/bei-notfaellen-im-urlaub\/#breadcrumb\"},\"inLanguage\":\"de\",\"potentialAction\":[{\"@type\":\"ReadAction\",\"target\":[\"https:\/\/www.heartfailurematters.org\/de\/leben-mit-herzinsuffizienz\/bei-notfaellen-im-urlaub\/\"]}]},{\"@type\":\"ImageObject\",\"inLanguage\":\"de\",\"@id\":\"https:\/\/www.heartfailurematters.org\/de\/leben-mit-herzinsuffizienz\/bei-notfaellen-im-urlaub\/#primaryimage\",\"url\":\"https:\/\/www.heartfailurematters.org\/wp-content\/uploads\/2022\/02\/shutterstock_258402434-1-min.jpg\",\"contentUrl\":\"https:\/\/www.heartfailurematters.org\/wp-content\/uploads\/2022\/02\/shutterstock_258402434-1-min.jpg\",\"width\":900,\"height\":475},{\"@type\":\"BreadcrumbList\",\"@id\":\"https:\/\/www.heartfailurematters.org\/de\/leben-mit-herzinsuffizienz\/bei-notfaellen-im-urlaub\/#breadcrumb\",\"itemListElement\":[{\"@type\":\"ListItem\",\"position\":1,\"name\":\"Startseite\",\"item\":\"https:\/\/www.heartfailurematters.org\/de\/\"},{\"@type\":\"ListItem\",\"position\":2,\"name\":\"Leben mit Herzinsuffizienz\",\"item\":\"https:\/\/www.heartfailurematters.org\/de\/leben-mit-herzinsuffizienz\/\"},{\"@type\":\"ListItem\",\"position\":3,\"name\":\"Bei Notf\u00e4llen im Urlaub\"}]},{\"@type\":\"WebSite\",\"@id\":\"https:\/\/www.heartfailurematters.org\/de\/#website\",\"url\":\"https:\/\/www.heartfailurematters.org\/de\/\",\"name\":\"Heart Failure Matters\",\"description\":\"Practical information for patients, families and caregivers.\",\"publisher\":{\"@id\":\"https:\/\/www.heartfailurematters.org\/de\/#organization\"},\"potentialAction\":[{\"@type\":\"SearchAction\",\"target\":{\"@type\":\"EntryPoint\",\"urlTemplate\":\"https:\/\/www.heartfailurematters.org\/de\/?s={search_term_string}\"},\"query-input\":{\"@type\":\"PropertyValueSpecification\",\"valueRequired\":true,\"valueName\":\"search_term_string\"}}],\"inLanguage\":\"de\"},{\"@type\":\"Organization\",\"@id\":\"https:\/\/www.heartfailurematters.org\/de\/#organization\",\"name\":\"Heart Failure Matters\",\"url\":\"https:\/\/www.heartfailurematters.org\/de\/\",\"logo\":{\"@type\":\"ImageObject\",\"inLanguage\":\"de\",\"@id\":\"https:\/\/www.heartfailurematters.org\/de\/#\/schema\/logo\/image\/\",\"url\":\"https:\/\/cdn-endpoint-hfm.azureedge.net\/heartfailurematters\/2024\/07\/hfm-logo1.jpg\",\"contentUrl\":\"https:\/\/cdn-endpoint-hfm.azureedge.net\/heartfailurematters\/2024\/07\/hfm-logo1.jpg\",\"width\":1280,\"height\":720,\"caption\":\"Heart Failure Matters\"},\"image\":{\"@id\":\"https:\/\/www.heartfailurematters.org\/de\/#\/schema\/logo\/image\/\"},\"sameAs\":[\"https:\/\/www.facebook.com\/heartfailurematters\"]}]}<\/script>\n<!-- \/ Yoast SEO plugin. -->","yoast_head_json":{"title":"Bei Notf\u00e4llen im Urlaub","description":"Es ist eine gute Idee, eine aktuelle Liste all Ihrer Medikamente in den Urlaub mitzunehmen.","robots":{"index":"index","follow":"follow","max-snippet":"max-snippet:-1","max-image-preview":"max-image-preview:large","max-video-preview":"max-video-preview:-1"},"canonical":"https:\/\/www.heartfailurematters.org\/de\/leben-mit-herzinsuffizienz\/bei-notfaellen-im-urlaub\/","og_locale":"de_DE","og_type":"article","og_title":"Bei Notf\u00e4llen im Urlaub","og_description":"Es ist eine gute Idee, eine aktuelle Liste all Ihrer Medikamente in den Urlaub mitzunehmen.","og_url":"https:\/\/www.heartfailurematters.org\/de\/leben-mit-herzinsuffizienz\/bei-notfaellen-im-urlaub\/","og_site_name":"Heart Failure Matters","article_publisher":"https:\/\/www.facebook.com\/heartfailurematters","article_modified_time":"2021-06-30T12:05:33+00:00","og_image":[{"width":900,"height":475,"url":"https:\/\/www.heartfailurematters.org\/wp-content\/uploads\/2022\/02\/shutterstock_258402434-1-min.jpg","type":"image\/jpeg"}],"twitter_card":"summary_large_image","twitter_misc":{"Gesch\u00e4tzte Lesezeit":"2\u00a0Minuten"},"schema":{"@context":"https:\/\/schema.org","@graph":[{"@type":"WebPage","@id":"https:\/\/www.heartfailurematters.org\/de\/leben-mit-herzinsuffizienz\/bei-notfaellen-im-urlaub\/","url":"https:\/\/www.heartfailurematters.org\/de\/leben-mit-herzinsuffizienz\/bei-notfaellen-im-urlaub\/","name":"Bei Notf\u00e4llen im Urlaub","isPartOf":{"@id":"https:\/\/www.heartfailurematters.org\/de\/#website"},"primaryImageOfPage":{"@id":"https:\/\/www.heartfailurematters.org\/de\/leben-mit-herzinsuffizienz\/bei-notfaellen-im-urlaub\/#primaryimage"},"image":{"@id":"https:\/\/www.heartfailurematters.org\/de\/leben-mit-herzinsuffizienz\/bei-notfaellen-im-urlaub\/#primaryimage"},"thumbnailUrl":"https:\/\/www.heartfailurematters.org\/wp-content\/uploads\/2022\/02\/shutterstock_258402434-1-min.jpg","datePublished":"2021-01-27T22:00:43+00:00","dateModified":"2021-06-30T12:05:33+00:00","description":"Es ist eine gute Idee, eine aktuelle Liste all Ihrer Medikamente in den Urlaub mitzunehmen.","breadcrumb":{"@id":"https:\/\/www.heartfailurematters.org\/de\/leben-mit-herzinsuffizienz\/bei-notfaellen-im-urlaub\/#breadcrumb"},"inLanguage":"de","potentialAction":[{"@type":"ReadAction","target":["https:\/\/www.heartfailurematters.org\/de\/leben-mit-herzinsuffizienz\/bei-notfaellen-im-urlaub\/"]}]},{"@type":"ImageObject","inLanguage":"de","@id":"https:\/\/www.heartfailurematters.org\/de\/leben-mit-herzinsuffizienz\/bei-notfaellen-im-urlaub\/#primaryimage","url":"https:\/\/www.heartfailurematters.org\/wp-content\/uploads\/2022\/02\/shutterstock_258402434-1-min.jpg","contentUrl":"https:\/\/www.heartfailurematters.org\/wp-content\/uploads\/2022\/02\/shutterstock_258402434-1-min.jpg","width":900,"height":475},{"@type":"BreadcrumbList","@id":"https:\/\/www.heartfailurematters.org\/de\/leben-mit-herzinsuffizienz\/bei-notfaellen-im-urlaub\/#breadcrumb","itemListElement":[{"@type":"ListItem","position":1,"name":"Startseite","item":"https:\/\/www.heartfailurematters.org\/de\/"},{"@type":"ListItem","position":2,"name":"Leben mit Herzinsuffizienz","item":"https:\/\/www.heartfailurematters.org\/de\/leben-mit-herzinsuffizienz\/"},{"@type":"ListItem","position":3,"name":"Bei Notf\u00e4llen im Urlaub"}]},{"@type":"WebSite","@id":"https:\/\/www.heartfailurematters.org\/de\/#website","url":"https:\/\/www.heartfailurematters.org\/de\/","name":"Heart Failure Matters","description":"Practical information for patients, families and caregivers.","publisher":{"@id":"https:\/\/www.heartfailurematters.org\/de\/#organization"},"potentialAction":[{"@type":"SearchAction","target":{"@type":"EntryPoint","urlTemplate":"https:\/\/www.heartfailurematters.org\/de\/?s={search_term_string}"},"query-input":{"@type":"PropertyValueSpecification","valueRequired":true,"valueName":"search_term_string"}}],"inLanguage":"de"},{"@type":"Organization","@id":"https:\/\/www.heartfailurematters.org\/de\/#organization","name":"Heart Failure Matters","url":"https:\/\/www.heartfailurematters.org\/de\/","logo":{"@type":"ImageObject","inLanguage":"de","@id":"https:\/\/www.heartfailurematters.org\/de\/#\/schema\/logo\/image\/","url":"https:\/\/cdn-endpoint-hfm.azureedge.net\/heartfailurematters\/2024\/07\/hfm-logo1.jpg","contentUrl":"https:\/\/cdn-endpoint-hfm.azureedge.net\/heartfailurematters\/2024\/07\/hfm-logo1.jpg","width":1280,"height":720,"caption":"Heart Failure Matters"},"image":{"@id":"https:\/\/www.heartfailurematters.org\/de\/#\/schema\/logo\/image\/"},"sameAs":["https:\/\/www.facebook.com\/heartfailurematters"]}]}},"_links":{"self":[{"href":"https:\/\/www.heartfailurematters.org\/de\/wp-json\/wp\/v2\/pages\/1490","targetHints":{"allow":["GET"]}}],"collection":[{"href":"https:\/\/www.heartfailurematters.org\/de\/wp-json\/wp\/v2\/pages"}],"about":[{"href":"https:\/\/www.heartfailurematters.org\/de\/wp-json\/wp\/v2\/types\/page"}],"author":[{"embeddable":true,"href":"https:\/\/www.heartfailurematters.org\/de\/wp-json\/wp\/v2\/users\/1"}],"replies":[{"embeddable":true,"href":"https:\/\/www.heartfailurematters.org\/de\/wp-json\/wp\/v2\/comments?post=1490"}],"version-history":[{"count":1,"href":"https:\/\/www.heartfailurematters.org\/de\/wp-json\/wp\/v2\/pages\/1490\/revisions"}],"predecessor-version":[{"id":9281,"href":"https:\/\/www.heartfailurematters.org\/de\/wp-json\/wp\/v2\/pages\/1490\/revisions\/9281"}],"up":[{"embeddable":true,"href":"https:\/\/www.heartfailurematters.org\/de\/wp-json\/wp\/v2\/pages\/2813"}],"wp:featuredmedia":[{"embeddable":true,"href":"https:\/\/www.heartfailurematters.org\/de\/wp-json\/wp\/v2\/media\/10538"}],"wp:attachment":[{"href":"https:\/\/www.heartfailurematters.org\/de\/wp-json\/wp\/v2\/media?parent=1490"}],"wp:term":[{"taxonomy":"category","embeddable":true,"href":"https:\/\/www.heartfailurematters.org\/de\/wp-json\/wp\/v2\/categories?post=1490"},{"taxonomy":"post_tag","embeddable":true,"href":"https:\/\/www.heartfailurematters.org\/de\/wp-json\/wp\/v2\/tags?post=1490"}],"curies":[{"name":"wp","href":"https:\/\/api.w.org\/{rel}","templated":true}]}}