{"id":1488,"date":"2021-01-27T22:00:43","date_gmt":"2021-01-27T22:00:43","guid":{"rendered":"http:\/\/heartfailurematters.local:8888\/nuetzliche-links\/"},"modified":"2026-03-25T16:54:16","modified_gmt":"2026-03-25T16:54:16","slug":"nuetzliche-links","status":"publish","type":"page","link":"https:\/\/www.heartfailurematters.org\/de\/nuetzliche-links\/","title":{"rendered":"N\u00fctzliche Links"},"content":{"rendered":"<p><strong>Nationale Gesellschaften<\/strong><\/p>\n<p><a href=\"http:\/\/www.atcardio.at\/\" target=\"_blank\" rel=\"noopener\" shape=\"rect\"> \u00d6sterreichische Gesellschaft f\u00fcr Kardiologie <\/a><br \/>\n<a href=\"http:\/\/www.liguecardiologique.be\/\" target=\"_blank\" rel=\"noopener\" shape=\"rect\">Belgische Herzliga <\/a><br \/>\n<a href=\"http:\/\/www.bscardio.be\/Generic\/jsp\/index.jsp\" target=\"_blank\" rel=\"noopener\" shape=\"rect\">Belgische Gesellschaft f\u00fcr Kardiologie <\/a><br \/>\n<a href=\"http:\/\/www.ukbih.com\/\" target=\"_blank\" rel=\"noopener\" shape=\"rect\">Verband der bosnischen Kardiologen&amp; Herzegowina <\/a><br \/>\n<a href=\"http:\/\/www.bcs.com\/pages\/default.asp\" target=\"_blank\" rel=\"noopener\" shape=\"rect\">British Cardiovascular Society (Britische Herz-Kreislauf-Gesellschaft)<\/a><br \/>\n<a href=\"https:\/\/bgcardio.org\/en\/rubric\/working-groups\">Bulgarische Gesellschaft f\u00fcr Kardiologie<\/a><br \/>\n<a href=\"http:\/\/www.kardio.hr\/\" target=\"_blank\" rel=\"noopener\" shape=\"rect\">Kroatische Herzgesellschaft <\/a><br \/>\n<a href=\"http:\/\/www.heartfoundation.org.cy\/\" target=\"_blank\" rel=\"noopener\" shape=\"rect\">Herzstiftung Zypern<\/a><br \/>\n<a href=\"http:\/\/www.cardio.cz\/\" target=\"_blank\" rel=\"noopener\" shape=\"rect\">Tschechische Gesellschaft f\u00fcr Kardiologie <\/a><br \/>\n<a href=\"http:\/\/www.hjerteforeningen.dk\/sw175.asp\" target=\"_blank\" rel=\"noopener\" shape=\"rect\">D\u00e4nische Herzstiftung <\/a><br \/>\n<a href=\"http:\/\/www.cardio.dk\/\" target=\"_blank\" rel=\"noopener\" shape=\"rect\">D\u00e4nische Gesellschaft f\u00fcr Kardiologie <\/a><br \/>\n<a href=\"http:\/\/www.eks.kliinikum.ee\/\" target=\"_blank\" rel=\"noopener\" shape=\"rect\"> Estnische Herzgesellschaft <\/a><br \/>\n<a href=\"http:\/\/www.fincardio.fi\/\" target=\"_blank\" rel=\"noopener\" shape=\"rect\">Finnische Herzgesellschaft <\/a><br \/>\n<a href=\"http:\/\/www.sydanliitto.fi\/\" target=\"_blank\" rel=\"noopener\" shape=\"rect\">Finnische Herzvereinigung <\/a><br \/>\n<a href=\"http:\/\/www.cardio-sfc.org\/\" target=\"_blank\" rel=\"noopener\" shape=\"rect\">Franz\u00f6sische Gesellschaft f\u00fcr Kardiologie <\/a><br \/>\n<a href=\"http:\/\/www.dgk.org\/\" target=\"_blank\" rel=\"noopener\" shape=\"rect\">Deutsche Herzgesellschaft <\/a><br \/>\n<a href=\"http:\/\/www.herzstiftung.de\/\" target=\"_blank\" rel=\"noopener\" shape=\"rect\">Deutsche Herzstiftung <\/a><br \/>\n<a href=\"http:\/\/www.mnsza.hu\/\" target=\"_blank\" rel=\"noopener\" shape=\"rect\">Ungarische Nationale Herzstiftung <\/a><br \/>\n<a href=\"http:\/\/www.hjarta.is\/\" target=\"_blank\" rel=\"noopener\" shape=\"rect\">Isl\u00e4ndische Herzvereinigung <\/a><br \/>\n<a href=\"http:\/\/www.irishcardiacsociety.com\/\" target=\"_blank\" rel=\"noopener\" shape=\"rect\">Irische Herzgesellschaft <\/a><br \/>\n<a href=\"http:\/\/www.irishheart.ie\/\" target=\"_blank\" rel=\"noopener\" shape=\"rect\">Irische Herzstiftung <\/a><br \/>\n<a href=\"http:\/\/www.israel-heart.org.il\/\" target=\"_blank\" rel=\"noopener\" shape=\"rect\">Israelische Herzgesellschaft <\/a><br \/>\n<a href=\"http:\/\/www.sicardiologia.it\/\" target=\"_blank\" rel=\"noopener\" shape=\"rect\">Italienischer Verband f\u00fcr Kardiologie <\/a><br \/>\n<a href=\"http:\/\/www.fondazionecuore.it\/\" target=\"_blank\" rel=\"noopener\" shape=\"rect\">Italienische Herzstiftung <\/a><br \/>\n<a href=\"http:\/\/www.heart.lt\/\" target=\"_blank\" rel=\"noopener\" shape=\"rect\">Litauische Herzvereinigung <\/a><br \/>\n<a href=\"http:\/\/www.lcs.lt\/\" target=\"_blank\" rel=\"noopener\" shape=\"rect\">Litauische Gesellschaft f\u00fcr Kardiologie <\/a><br \/>\n<a href=\"http:\/\/www.ihdmkd.edu.mk\/\" target=\"_blank\" rel=\"noopener\" shape=\"rect\">Mazedonische Gesellschaft f\u00fcr Kardiologie <\/a><br \/>\n<a href=\"http:\/\/www.hartstichting.nl\/\" target=\"_blank\" rel=\"noopener\" shape=\"rect\">Niederl\u00e4ndische Herzstiftung <\/a><br \/>\n<a href=\"http:\/\/www.cardiologie.nl\/\" target=\"_blank\" rel=\"noopener\" shape=\"rect\">Niederl\u00e4ndische Gesellschaft f\u00fcr Kardiologie <\/a><br \/>\n<a href=\"http:\/\/www.hjerte.no\/\" target=\"_blank\" rel=\"noopener\" shape=\"rect\">Norwegische Gesellschaft f\u00fcr Kardiologie <\/a><br \/>\n<a href=\"http:\/\/www.ptkardio.pl\/\" target=\"_blank\" rel=\"noopener\" shape=\"rect\">Polnische Herzgesellschaft <\/a><br \/>\n<a href=\"http:\/\/www.fpcardiologia.pt\/\" target=\"_blank\" rel=\"noopener\" shape=\"rect\">Portugiesische Herzstiftung <\/a><br \/>\n<a href=\"http:\/\/www.spc.pt\/spc\/index.aspx\" target=\"_blank\" rel=\"noopener\" shape=\"rect\">Portugiesische Gesellschaft f\u00fcr Kardiologie <\/a><br \/>\n<a href=\"http:\/\/www.cardioportal.ro\/\" target=\"_blank\" rel=\"noopener\" shape=\"rect\">Rum\u00e4nische Gesellschaft f\u00fcr Kardiologie <\/a><br \/>\n<a href=\"http:\/\/www.cardiosite.ru\/eng\/\" target=\"_blank\" rel=\"noopener\" shape=\"rect\">Gesellschaft f\u00fcr Kardiologie der Russischen F\u00f6deration <\/a><br \/>\n<a href=\"http:\/\/www.cardiology.sk\/\" target=\"_blank\" rel=\"noopener\" shape=\"rect\">Slowakische Gesellschaft f\u00fcr Kardiologie <\/a><br \/>\n<a href=\"http:\/\/www.zasrce.si\/\" target=\"_blank\" rel=\"noopener\" shape=\"rect\">Slowenische Herzstiftung <\/a><br \/>\n<a href=\"http:\/\/www.sicardio.org\/\" target=\"_blank\" rel=\"noopener\" shape=\"rect\">Slowenische Gesellschaft f\u00fcr Kardiologie <\/a><br \/>\n<a href=\"http:\/\/www.fundaciondelcorazon.com\/\" target=\"_blank\" rel=\"noopener\" shape=\"rect\">Spanische Herzstiftung <\/a><br \/>\n<a href=\"http:\/\/www.secardiologia.es\/main.asp?w=1024\" target=\"_blank\" rel=\"noopener\" shape=\"rect\">Spanische Gesellschaft f\u00fcr Kardiologie <\/a><br \/>\n<a href=\"http:\/\/www.hjart-lungfonden.se\/\" target=\"_blank\" rel=\"noopener\" shape=\"rect\">Schwedische Herz-Lungen-Stiftung <\/a><br \/>\n<a href=\"http:\/\/www.cardio.se\/\" target=\"_blank\" rel=\"noopener\" shape=\"rect\">Schwedische Gesellschaft f\u00fcr Kardiologie <\/a><br \/>\n<a href=\"http:\/\/www.swissheart.ch\/\" target=\"_blank\" rel=\"noopener\" shape=\"rect\">Schweizerische Herzstiftung <\/a><br \/>\n<a href=\"http:\/\/www.swisscardio.ch\/\" target=\"_blank\" rel=\"noopener\" shape=\"rect\">Schweizerische Gesellschaft f\u00fcr Kardiologie<\/a><br \/>\n<a href=\"http:\/\/www.tkv.org.tr\/\" target=\"_blank\" rel=\"noopener\" shape=\"rect\">T\u00fcrkische Herzstiftung <\/a><br \/>\n<a href=\"http:\/\/www.tkd.org.tr\/\" target=\"_blank\" rel=\"noopener\" shape=\"rect\">T\u00fcrkische Gesellschaft f\u00fcr Kardiologie <\/a><\/p>\n<p>Die oben genannten Websites werden von Organisationen au\u00dferhalb des ESC betrieben. Die Aufnahme dieser Links durch das ESC bedeutet keine Billigung von Materialien auf den Websites, da Sie als Nutzer allein f\u00fcr die Beurteilung der Richtigkeit und Vollst\u00e4ndigkeit der auf den Websites enthaltenen Informationen verantwortlich sind.<\/p>\n","protected":false},"excerpt":{"rendered":"<p>Nationale Gesellschaften \u00d6sterreichische Gesellschaft f\u00fcr Kardiologie Belgische Herzliga Belgische Gesellschaft f\u00fcr Kardiologie Verband der bosnischen Kardiologen&amp; Herzegowina British Cardiovascular Society (Britische Herz-Kreislauf-Gesellschaft) Bulgarische Gesellschaft f\u00fcr Kardiologie Kroatische Herzgesellschaft Herzstiftung Zypern Tschechische Gesellschaft f\u00fcr Kardiologie D\u00e4nische Herzstiftung D\u00e4nische Gesellschaft f\u00fcr Kardiologie Estnische Herzgesellschaft Finnische Herzgesellschaft Finnische Herzvereinigung Franz\u00f6sische Gesellschaft f\u00fcr Kardiologie Deutsche Herzgesellschaft Deutsche Herzstiftung Ungarische [&hellip;]<\/p>\n","protected":false},"author":1,"featured_media":0,"parent":0,"menu_order":0,"comment_status":"open","ping_status":"open","template":"","meta":{"_acf_changed":false,"footnotes":""},"categories":[],"tags":[],"class_list":["post-1488","page","type-page","status-publish","hentry"],"acf":[],"yoast_head":"<!-- This site is optimized with the Yoast SEO plugin v24.8.1 - https:\/\/yoast.com\/wordpress\/plugins\/seo\/ -->\n<title>N\u00fctzliche Links<\/title>\n<meta name=\"description\" content=\"Hier finden Sie einige n\u00fctzliche Links zu anderen Websites zum Thema Herzinsuffizienz.\" \/>\n<meta name=\"robots\" content=\"index, follow, max-snippet:-1, max-image-preview:large, max-video-preview:-1\" \/>\n<link rel=\"canonical\" href=\"https:\/\/www.heartfailurematters.org\/de\/nuetzliche-links\/\" \/>\n<meta property=\"og:locale\" content=\"de_DE\" \/>\n<meta property=\"og:type\" content=\"article\" \/>\n<meta property=\"og:title\" content=\"N\u00fctzliche Links\" \/>\n<meta property=\"og:description\" content=\"Hier finden Sie einige n\u00fctzliche Links zu anderen Websites zum Thema Herzinsuffizienz.\" \/>\n<meta property=\"og:url\" content=\"https:\/\/www.heartfailurematters.org\/de\/nuetzliche-links\/\" \/>\n<meta property=\"og:site_name\" content=\"Heart Failure Matters\" \/>\n<meta property=\"article:publisher\" content=\"https:\/\/www.facebook.com\/heartfailurematters\" \/>\n<meta property=\"article:modified_time\" content=\"2026-03-25T16:54:16+00:00\" \/>\n<meta name=\"twitter:card\" content=\"summary_large_image\" \/>\n<meta name=\"twitter:label1\" content=\"Gesch\u00e4tzte Lesezeit\" \/>\n\t<meta name=\"twitter:data1\" content=\"1\u00a0Minute\" \/>\n<script type=\"application\/ld+json\" class=\"yoast-schema-graph\">{\"@context\":\"https:\/\/schema.org\",\"@graph\":[{\"@type\":\"WebPage\",\"@id\":\"https:\/\/www.heartfailurematters.org\/de\/nuetzliche-links\/\",\"url\":\"https:\/\/www.heartfailurematters.org\/de\/nuetzliche-links\/\",\"name\":\"N\u00fctzliche Links\",\"isPartOf\":{\"@id\":\"https:\/\/www.heartfailurematters.org\/de\/#website\"},\"datePublished\":\"2021-01-27T22:00:43+00:00\",\"dateModified\":\"2026-03-25T16:54:16+00:00\",\"description\":\"Hier finden Sie einige n\u00fctzliche Links zu anderen Websites zum Thema Herzinsuffizienz.\",\"breadcrumb\":{\"@id\":\"https:\/\/www.heartfailurematters.org\/de\/nuetzliche-links\/#breadcrumb\"},\"inLanguage\":\"de\",\"potentialAction\":[{\"@type\":\"ReadAction\",\"target\":[\"https:\/\/www.heartfailurematters.org\/de\/nuetzliche-links\/\"]}]},{\"@type\":\"BreadcrumbList\",\"@id\":\"https:\/\/www.heartfailurematters.org\/de\/nuetzliche-links\/#breadcrumb\",\"itemListElement\":[{\"@type\":\"ListItem\",\"position\":1,\"name\":\"Startseite\",\"item\":\"https:\/\/www.heartfailurematters.org\/de\/\"},{\"@type\":\"ListItem\",\"position\":2,\"name\":\"N\u00fctzliche Links\"}]},{\"@type\":\"WebSite\",\"@id\":\"https:\/\/www.heartfailurematters.org\/de\/#website\",\"url\":\"https:\/\/www.heartfailurematters.org\/de\/\",\"name\":\"Heart Failure Matters\",\"description\":\"Practical information for patients, families and caregivers.\",\"publisher\":{\"@id\":\"https:\/\/www.heartfailurematters.org\/de\/#organization\"},\"potentialAction\":[{\"@type\":\"SearchAction\",\"target\":{\"@type\":\"EntryPoint\",\"urlTemplate\":\"https:\/\/www.heartfailurematters.org\/de\/?s={search_term_string}\"},\"query-input\":{\"@type\":\"PropertyValueSpecification\",\"valueRequired\":true,\"valueName\":\"search_term_string\"}}],\"inLanguage\":\"de\"},{\"@type\":\"Organization\",\"@id\":\"https:\/\/www.heartfailurematters.org\/de\/#organization\",\"name\":\"Heart Failure Matters\",\"url\":\"https:\/\/www.heartfailurematters.org\/de\/\",\"logo\":{\"@type\":\"ImageObject\",\"inLanguage\":\"de\",\"@id\":\"https:\/\/www.heartfailurematters.org\/de\/#\/schema\/logo\/image\/\",\"url\":\"https:\/\/cdn-endpoint-hfm.azureedge.net\/heartfailurematters\/2024\/07\/hfm-logo1.jpg\",\"contentUrl\":\"https:\/\/cdn-endpoint-hfm.azureedge.net\/heartfailurematters\/2024\/07\/hfm-logo1.jpg\",\"width\":1280,\"height\":720,\"caption\":\"Heart Failure Matters\"},\"image\":{\"@id\":\"https:\/\/www.heartfailurematters.org\/de\/#\/schema\/logo\/image\/\"},\"sameAs\":[\"https:\/\/www.facebook.com\/heartfailurematters\"]}]}<\/script>\n<!-- \/ Yoast SEO plugin. -->","yoast_head_json":{"title":"N\u00fctzliche Links","description":"Hier finden Sie einige n\u00fctzliche Links zu anderen Websites zum Thema Herzinsuffizienz.","robots":{"index":"index","follow":"follow","max-snippet":"max-snippet:-1","max-image-preview":"max-image-preview:large","max-video-preview":"max-video-preview:-1"},"canonical":"https:\/\/www.heartfailurematters.org\/de\/nuetzliche-links\/","og_locale":"de_DE","og_type":"article","og_title":"N\u00fctzliche Links","og_description":"Hier finden Sie einige n\u00fctzliche Links zu anderen Websites zum Thema Herzinsuffizienz.","og_url":"https:\/\/www.heartfailurematters.org\/de\/nuetzliche-links\/","og_site_name":"Heart Failure Matters","article_publisher":"https:\/\/www.facebook.com\/heartfailurematters","article_modified_time":"2026-03-25T16:54:16+00:00","twitter_card":"summary_large_image","twitter_misc":{"Gesch\u00e4tzte Lesezeit":"1\u00a0Minute"},"schema":{"@context":"https:\/\/schema.org","@graph":[{"@type":"WebPage","@id":"https:\/\/www.heartfailurematters.org\/de\/nuetzliche-links\/","url":"https:\/\/www.heartfailurematters.org\/de\/nuetzliche-links\/","name":"N\u00fctzliche Links","isPartOf":{"@id":"https:\/\/www.heartfailurematters.org\/de\/#website"},"datePublished":"2021-01-27T22:00:43+00:00","dateModified":"2026-03-25T16:54:16+00:00","description":"Hier finden Sie einige n\u00fctzliche Links zu anderen Websites zum Thema Herzinsuffizienz.","breadcrumb":{"@id":"https:\/\/www.heartfailurematters.org\/de\/nuetzliche-links\/#breadcrumb"},"inLanguage":"de","potentialAction":[{"@type":"ReadAction","target":["https:\/\/www.heartfailurematters.org\/de\/nuetzliche-links\/"]}]},{"@type":"BreadcrumbList","@id":"https:\/\/www.heartfailurematters.org\/de\/nuetzliche-links\/#breadcrumb","itemListElement":[{"@type":"ListItem","position":1,"name":"Startseite","item":"https:\/\/www.heartfailurematters.org\/de\/"},{"@type":"ListItem","position":2,"name":"N\u00fctzliche Links"}]},{"@type":"WebSite","@id":"https:\/\/www.heartfailurematters.org\/de\/#website","url":"https:\/\/www.heartfailurematters.org\/de\/","name":"Heart Failure Matters","description":"Practical information for patients, families and caregivers.","publisher":{"@id":"https:\/\/www.heartfailurematters.org\/de\/#organization"},"potentialAction":[{"@type":"SearchAction","target":{"@type":"EntryPoint","urlTemplate":"https:\/\/www.heartfailurematters.org\/de\/?s={search_term_string}"},"query-input":{"@type":"PropertyValueSpecification","valueRequired":true,"valueName":"search_term_string"}}],"inLanguage":"de"},{"@type":"Organization","@id":"https:\/\/www.heartfailurematters.org\/de\/#organization","name":"Heart Failure Matters","url":"https:\/\/www.heartfailurematters.org\/de\/","logo":{"@type":"ImageObject","inLanguage":"de","@id":"https:\/\/www.heartfailurematters.org\/de\/#\/schema\/logo\/image\/","url":"https:\/\/cdn-endpoint-hfm.azureedge.net\/heartfailurematters\/2024\/07\/hfm-logo1.jpg","contentUrl":"https:\/\/cdn-endpoint-hfm.azureedge.net\/heartfailurematters\/2024\/07\/hfm-logo1.jpg","width":1280,"height":720,"caption":"Heart Failure Matters"},"image":{"@id":"https:\/\/www.heartfailurematters.org\/de\/#\/schema\/logo\/image\/"},"sameAs":["https:\/\/www.facebook.com\/heartfailurematters"]}]}},"_links":{"self":[{"href":"https:\/\/www.heartfailurematters.org\/de\/wp-json\/wp\/v2\/pages\/1488","targetHints":{"allow":["GET"]}}],"collection":[{"href":"https:\/\/www.heartfailurematters.org\/de\/wp-json\/wp\/v2\/pages"}],"about":[{"href":"https:\/\/www.heartfailurematters.org\/de\/wp-json\/wp\/v2\/types\/page"}],"author":[{"embeddable":true,"href":"https:\/\/www.heartfailurematters.org\/de\/wp-json\/wp\/v2\/users\/1"}],"replies":[{"embeddable":true,"href":"https:\/\/www.heartfailurematters.org\/de\/wp-json\/wp\/v2\/comments?post=1488"}],"version-history":[{"count":2,"href":"https:\/\/www.heartfailurematters.org\/de\/wp-json\/wp\/v2\/pages\/1488\/revisions"}],"predecessor-version":[{"id":14302,"href":"https:\/\/www.heartfailurematters.org\/de\/wp-json\/wp\/v2\/pages\/1488\/revisions\/14302"}],"wp:attachment":[{"href":"https:\/\/www.heartfailurematters.org\/de\/wp-json\/wp\/v2\/media?parent=1488"}],"wp:term":[{"taxonomy":"category","embeddable":true,"href":"https:\/\/www.heartfailurematters.org\/de\/wp-json\/wp\/v2\/categories?post=1488"},{"taxonomy":"post_tag","embeddable":true,"href":"https:\/\/www.heartfailurematters.org\/de\/wp-json\/wp\/v2\/tags?post=1488"}],"curies":[{"name":"wp","href":"https:\/\/api.w.org\/{rel}","templated":true}]}}