{"id":1486,"date":"2021-01-27T22:00:43","date_gmt":"2021-01-27T22:00:43","guid":{"rendered":"http:\/\/heartfailurematters.local:8888\/elektrokardiogramm-ekg\/"},"modified":"2021-07-27T14:10:02","modified_gmt":"2021-07-27T13:10:02","slug":"elektrokardiogramm-ekg","status":"publish","type":"page","link":"https:\/\/www.heartfailurematters.org\/de\/herzinsuffizienz-verstehen\/elektrokardiogramm-ekg\/","title":{"rendered":"Elektrokardiogramm (EKG)"},"content":{"rendered":"<p>Ein <strong>Elektrokardiogramm<\/strong><\/a><\/a>, oder EKG, ist ein Test, der den Rhythmus und die elektrische Aktivit\u00e4t des \u00dcberleitungssystems Ihres Herzens aufzeichnet. Durch die elektrische Aktivit\u00e4t wird eine Kontraktion Ihres Herzens bewirkt. Durch eine Messung dieser elektrischen Aktivit\u00e4t k\u00f6nnen m\u00f6gliche Probleme Ihres Herzens im Hinblick auf Schlagfrequenz oder Rhythmus ausfindig gemacht werden.<\/p>\n<p>Ein EKG ist ein schmerzloses Verfahren und nimmt nur etwa 5 Minuten Zeit in Anspruch.<\/p>\n<p>Vorbereitend werden verschiedene kleine Klebepflaster an Ihren Handgelenken, Kn\u00f6cheln und auf der Brust angebracht. Diese werden an Elektroden (Dr\u00e4hte) angeschlossen, die zu einem Aufzeichnungsger\u00e4t f\u00fchren. Dieses Ger\u00e4t gibt keine Elektroschocks ab und hat auch sonst keinerlei Einfluss auf Ihr Herz.<\/p>\n<p>Das Ger\u00e4t zeichnet manche Schl\u00e4ge auf Papier auf. Diese wertet Ihr Arzt aus, um herauszufinden ob:<\/p>\n<ul>\n<li>es irgendwelche Probleme mit Ihrem Herzrhythmus gibt\n<li>Sie  unl\u00e4ngst oder schon vor langer Zeit einen <strong>Herzanfall<\/strong><\/a><\/a> erlitten haben,\n<li>bei Ihnen eine Minderdurchblutung (<strong>Isch\u00e4mie<\/strong><\/a><\/a>) vorliegt,\n<li>Ihr Herz unter gro\u00dfer Last arbeitet\n<li>,Ihr Herz vergr\u00f6\u00dfert ist.<\/li>\n<\/ul>\n<p>Zur\u00fcck zu \u201e\u00dcbliche Tests zum Nachweis einer Herzinsuffizienz?\u201c<\/a><\/p>\n","protected":false},"excerpt":{"rendered":"<p>Ein Elektrokardiogramm, oder EKG, ist ein Test, der den Rhythmus und die elektrische Aktivit\u00e4t des \u00dcberleitungssystems Ihres Herzens aufzeichnet. Durch die elektrische Aktivit\u00e4t wird eine Kontraktion Ihres Herzens bewirkt. Durch eine Messung dieser elektrischen Aktivit\u00e4t k\u00f6nnen m\u00f6gliche Probleme Ihres Herzens im Hinblick auf Schlagfrequenz oder Rhythmus ausfindig gemacht werden. Ein EKG ist ein schmerzloses Verfahren [&hellip;]<\/p>\n","protected":false},"author":1,"featured_media":10606,"parent":1371,"menu_order":0,"comment_status":"open","ping_status":"open","template":"","meta":{"_acf_changed":false,"footnotes":""},"categories":[],"tags":[],"class_list":["post-1486","page","type-page","status-publish","has-post-thumbnail","hentry"],"acf":[],"yoast_head":"<!-- This site is optimized with the Yoast SEO plugin v24.8.1 - https:\/\/yoast.com\/wordpress\/plugins\/seo\/ -->\n<title>Elektrokardiogramm (EKG) &amp; Herzinsuffizienz<\/title>\n<meta name=\"description\" content=\"Ein Elektrokardiogramm oder EKG ist ein Test, der den Rhythmus und die elektrische Aktivit\u00e4t des Leitungssystems Ihres Herzes aufzeichnet. Hier erfahren Sie mehr zum Thema EKG\" \/>\n<meta name=\"robots\" content=\"index, follow, max-snippet:-1, max-image-preview:large, max-video-preview:-1\" \/>\n<link rel=\"canonical\" href=\"https:\/\/www.heartfailurematters.org\/de\/herzinsuffizienz-verstehen\/elektrokardiogramm-ekg\/\" \/>\n<meta property=\"og:locale\" content=\"de_DE\" \/>\n<meta property=\"og:type\" content=\"article\" \/>\n<meta property=\"og:title\" content=\"Elektrokardiogramm (EKG) &amp; Herzinsuffizienz\" \/>\n<meta property=\"og:description\" content=\"Ein Elektrokardiogramm oder EKG ist ein Test, der den Rhythmus und die elektrische Aktivit\u00e4t des Leitungssystems Ihres Herzes aufzeichnet. Hier erfahren Sie mehr zum Thema EKG\" \/>\n<meta property=\"og:url\" content=\"https:\/\/www.heartfailurematters.org\/de\/herzinsuffizienz-verstehen\/elektrokardiogramm-ekg\/\" \/>\n<meta property=\"og:site_name\" content=\"Heart Failure Matters\" \/>\n<meta property=\"article:publisher\" content=\"https:\/\/www.facebook.com\/heartfailurematters\" \/>\n<meta property=\"article:modified_time\" content=\"2021-07-27T13:10:02+00:00\" \/>\n<meta property=\"og:image\" content=\"https:\/\/www.heartfailurematters.org\/wp-content\/uploads\/2022\/02\/shutterstock_1507886318-1-min.jpg\" \/>\n\t<meta property=\"og:image:width\" content=\"900\" \/>\n\t<meta property=\"og:image:height\" content=\"600\" \/>\n\t<meta property=\"og:image:type\" content=\"image\/jpeg\" \/>\n<meta name=\"twitter:card\" content=\"summary_large_image\" \/>\n<meta name=\"twitter:label1\" content=\"Gesch\u00e4tzte Lesezeit\" \/>\n\t<meta name=\"twitter:data1\" content=\"1\u00a0Minute\" \/>\n<script type=\"application\/ld+json\" class=\"yoast-schema-graph\">{\"@context\":\"https:\/\/schema.org\",\"@graph\":[{\"@type\":\"WebPage\",\"@id\":\"https:\/\/www.heartfailurematters.org\/de\/herzinsuffizienz-verstehen\/elektrokardiogramm-ekg\/\",\"url\":\"https:\/\/www.heartfailurematters.org\/de\/herzinsuffizienz-verstehen\/elektrokardiogramm-ekg\/\",\"name\":\"Elektrokardiogramm (EKG) & Herzinsuffizienz\",\"isPartOf\":{\"@id\":\"https:\/\/www.heartfailurematters.org\/de\/#website\"},\"primaryImageOfPage\":{\"@id\":\"https:\/\/www.heartfailurematters.org\/de\/herzinsuffizienz-verstehen\/elektrokardiogramm-ekg\/#primaryimage\"},\"image\":{\"@id\":\"https:\/\/www.heartfailurematters.org\/de\/herzinsuffizienz-verstehen\/elektrokardiogramm-ekg\/#primaryimage\"},\"thumbnailUrl\":\"https:\/\/www.heartfailurematters.org\/wp-content\/uploads\/2022\/02\/shutterstock_1507886318-1-min.jpg\",\"datePublished\":\"2021-01-27T22:00:43+00:00\",\"dateModified\":\"2021-07-27T13:10:02+00:00\",\"description\":\"Ein Elektrokardiogramm oder EKG ist ein Test, der den Rhythmus und die elektrische Aktivit\u00e4t des Leitungssystems Ihres Herzes aufzeichnet. Hier erfahren Sie mehr zum Thema EKG\",\"breadcrumb\":{\"@id\":\"https:\/\/www.heartfailurematters.org\/de\/herzinsuffizienz-verstehen\/elektrokardiogramm-ekg\/#breadcrumb\"},\"inLanguage\":\"de\",\"potentialAction\":[{\"@type\":\"ReadAction\",\"target\":[\"https:\/\/www.heartfailurematters.org\/de\/herzinsuffizienz-verstehen\/elektrokardiogramm-ekg\/\"]}]},{\"@type\":\"ImageObject\",\"inLanguage\":\"de\",\"@id\":\"https:\/\/www.heartfailurematters.org\/de\/herzinsuffizienz-verstehen\/elektrokardiogramm-ekg\/#primaryimage\",\"url\":\"https:\/\/www.heartfailurematters.org\/wp-content\/uploads\/2022\/02\/shutterstock_1507886318-1-min.jpg\",\"contentUrl\":\"https:\/\/www.heartfailurematters.org\/wp-content\/uploads\/2022\/02\/shutterstock_1507886318-1-min.jpg\",\"width\":900,\"height\":600},{\"@type\":\"BreadcrumbList\",\"@id\":\"https:\/\/www.heartfailurematters.org\/de\/herzinsuffizienz-verstehen\/elektrokardiogramm-ekg\/#breadcrumb\",\"itemListElement\":[{\"@type\":\"ListItem\",\"position\":1,\"name\":\"Startseite\",\"item\":\"https:\/\/www.heartfailurematters.org\/de\/\"},{\"@type\":\"ListItem\",\"position\":2,\"name\":\"Herzinsuffizienz verstehen\",\"item\":\"https:\/\/www.heartfailurematters.org\/de\/herzinsuffizienz-verstehen\/\"},{\"@type\":\"ListItem\",\"position\":3,\"name\":\"Elektrokardiogramm (EKG)\"}]},{\"@type\":\"WebSite\",\"@id\":\"https:\/\/www.heartfailurematters.org\/de\/#website\",\"url\":\"https:\/\/www.heartfailurematters.org\/de\/\",\"name\":\"Heart Failure Matters\",\"description\":\"Practical information for patients, families and caregivers.\",\"publisher\":{\"@id\":\"https:\/\/www.heartfailurematters.org\/de\/#organization\"},\"potentialAction\":[{\"@type\":\"SearchAction\",\"target\":{\"@type\":\"EntryPoint\",\"urlTemplate\":\"https:\/\/www.heartfailurematters.org\/de\/?s={search_term_string}\"},\"query-input\":{\"@type\":\"PropertyValueSpecification\",\"valueRequired\":true,\"valueName\":\"search_term_string\"}}],\"inLanguage\":\"de\"},{\"@type\":\"Organization\",\"@id\":\"https:\/\/www.heartfailurematters.org\/de\/#organization\",\"name\":\"Heart Failure Matters\",\"url\":\"https:\/\/www.heartfailurematters.org\/de\/\",\"logo\":{\"@type\":\"ImageObject\",\"inLanguage\":\"de\",\"@id\":\"https:\/\/www.heartfailurematters.org\/de\/#\/schema\/logo\/image\/\",\"url\":\"https:\/\/cdn-endpoint-hfm.azureedge.net\/heartfailurematters\/2024\/07\/hfm-logo1.jpg\",\"contentUrl\":\"https:\/\/cdn-endpoint-hfm.azureedge.net\/heartfailurematters\/2024\/07\/hfm-logo1.jpg\",\"width\":1280,\"height\":720,\"caption\":\"Heart Failure Matters\"},\"image\":{\"@id\":\"https:\/\/www.heartfailurematters.org\/de\/#\/schema\/logo\/image\/\"},\"sameAs\":[\"https:\/\/www.facebook.com\/heartfailurematters\"]}]}<\/script>\n<!-- \/ Yoast SEO plugin. -->","yoast_head_json":{"title":"Elektrokardiogramm (EKG) & Herzinsuffizienz","description":"Ein Elektrokardiogramm oder EKG ist ein Test, der den Rhythmus und die elektrische Aktivit\u00e4t des Leitungssystems Ihres Herzes aufzeichnet. Hier erfahren Sie mehr zum Thema EKG","robots":{"index":"index","follow":"follow","max-snippet":"max-snippet:-1","max-image-preview":"max-image-preview:large","max-video-preview":"max-video-preview:-1"},"canonical":"https:\/\/www.heartfailurematters.org\/de\/herzinsuffizienz-verstehen\/elektrokardiogramm-ekg\/","og_locale":"de_DE","og_type":"article","og_title":"Elektrokardiogramm (EKG) & Herzinsuffizienz","og_description":"Ein Elektrokardiogramm oder EKG ist ein Test, der den Rhythmus und die elektrische Aktivit\u00e4t des Leitungssystems Ihres Herzes aufzeichnet. Hier erfahren Sie mehr zum Thema EKG","og_url":"https:\/\/www.heartfailurematters.org\/de\/herzinsuffizienz-verstehen\/elektrokardiogramm-ekg\/","og_site_name":"Heart Failure Matters","article_publisher":"https:\/\/www.facebook.com\/heartfailurematters","article_modified_time":"2021-07-27T13:10:02+00:00","og_image":[{"width":900,"height":600,"url":"https:\/\/www.heartfailurematters.org\/wp-content\/uploads\/2022\/02\/shutterstock_1507886318-1-min.jpg","type":"image\/jpeg"}],"twitter_card":"summary_large_image","twitter_misc":{"Gesch\u00e4tzte Lesezeit":"1\u00a0Minute"},"schema":{"@context":"https:\/\/schema.org","@graph":[{"@type":"WebPage","@id":"https:\/\/www.heartfailurematters.org\/de\/herzinsuffizienz-verstehen\/elektrokardiogramm-ekg\/","url":"https:\/\/www.heartfailurematters.org\/de\/herzinsuffizienz-verstehen\/elektrokardiogramm-ekg\/","name":"Elektrokardiogramm (EKG) & Herzinsuffizienz","isPartOf":{"@id":"https:\/\/www.heartfailurematters.org\/de\/#website"},"primaryImageOfPage":{"@id":"https:\/\/www.heartfailurematters.org\/de\/herzinsuffizienz-verstehen\/elektrokardiogramm-ekg\/#primaryimage"},"image":{"@id":"https:\/\/www.heartfailurematters.org\/de\/herzinsuffizienz-verstehen\/elektrokardiogramm-ekg\/#primaryimage"},"thumbnailUrl":"https:\/\/www.heartfailurematters.org\/wp-content\/uploads\/2022\/02\/shutterstock_1507886318-1-min.jpg","datePublished":"2021-01-27T22:00:43+00:00","dateModified":"2021-07-27T13:10:02+00:00","description":"Ein Elektrokardiogramm oder EKG ist ein Test, der den Rhythmus und die elektrische Aktivit\u00e4t des Leitungssystems Ihres Herzes aufzeichnet. Hier erfahren Sie mehr zum Thema EKG","breadcrumb":{"@id":"https:\/\/www.heartfailurematters.org\/de\/herzinsuffizienz-verstehen\/elektrokardiogramm-ekg\/#breadcrumb"},"inLanguage":"de","potentialAction":[{"@type":"ReadAction","target":["https:\/\/www.heartfailurematters.org\/de\/herzinsuffizienz-verstehen\/elektrokardiogramm-ekg\/"]}]},{"@type":"ImageObject","inLanguage":"de","@id":"https:\/\/www.heartfailurematters.org\/de\/herzinsuffizienz-verstehen\/elektrokardiogramm-ekg\/#primaryimage","url":"https:\/\/www.heartfailurematters.org\/wp-content\/uploads\/2022\/02\/shutterstock_1507886318-1-min.jpg","contentUrl":"https:\/\/www.heartfailurematters.org\/wp-content\/uploads\/2022\/02\/shutterstock_1507886318-1-min.jpg","width":900,"height":600},{"@type":"BreadcrumbList","@id":"https:\/\/www.heartfailurematters.org\/de\/herzinsuffizienz-verstehen\/elektrokardiogramm-ekg\/#breadcrumb","itemListElement":[{"@type":"ListItem","position":1,"name":"Startseite","item":"https:\/\/www.heartfailurematters.org\/de\/"},{"@type":"ListItem","position":2,"name":"Herzinsuffizienz verstehen","item":"https:\/\/www.heartfailurematters.org\/de\/herzinsuffizienz-verstehen\/"},{"@type":"ListItem","position":3,"name":"Elektrokardiogramm (EKG)"}]},{"@type":"WebSite","@id":"https:\/\/www.heartfailurematters.org\/de\/#website","url":"https:\/\/www.heartfailurematters.org\/de\/","name":"Heart Failure Matters","description":"Practical information for patients, families and caregivers.","publisher":{"@id":"https:\/\/www.heartfailurematters.org\/de\/#organization"},"potentialAction":[{"@type":"SearchAction","target":{"@type":"EntryPoint","urlTemplate":"https:\/\/www.heartfailurematters.org\/de\/?s={search_term_string}"},"query-input":{"@type":"PropertyValueSpecification","valueRequired":true,"valueName":"search_term_string"}}],"inLanguage":"de"},{"@type":"Organization","@id":"https:\/\/www.heartfailurematters.org\/de\/#organization","name":"Heart Failure Matters","url":"https:\/\/www.heartfailurematters.org\/de\/","logo":{"@type":"ImageObject","inLanguage":"de","@id":"https:\/\/www.heartfailurematters.org\/de\/#\/schema\/logo\/image\/","url":"https:\/\/cdn-endpoint-hfm.azureedge.net\/heartfailurematters\/2024\/07\/hfm-logo1.jpg","contentUrl":"https:\/\/cdn-endpoint-hfm.azureedge.net\/heartfailurematters\/2024\/07\/hfm-logo1.jpg","width":1280,"height":720,"caption":"Heart Failure Matters"},"image":{"@id":"https:\/\/www.heartfailurematters.org\/de\/#\/schema\/logo\/image\/"},"sameAs":["https:\/\/www.facebook.com\/heartfailurematters"]}]}},"_links":{"self":[{"href":"https:\/\/www.heartfailurematters.org\/de\/wp-json\/wp\/v2\/pages\/1486","targetHints":{"allow":["GET"]}}],"collection":[{"href":"https:\/\/www.heartfailurematters.org\/de\/wp-json\/wp\/v2\/pages"}],"about":[{"href":"https:\/\/www.heartfailurematters.org\/de\/wp-json\/wp\/v2\/types\/page"}],"author":[{"embeddable":true,"href":"https:\/\/www.heartfailurematters.org\/de\/wp-json\/wp\/v2\/users\/1"}],"replies":[{"embeddable":true,"href":"https:\/\/www.heartfailurematters.org\/de\/wp-json\/wp\/v2\/comments?post=1486"}],"version-history":[{"count":1,"href":"https:\/\/www.heartfailurematters.org\/de\/wp-json\/wp\/v2\/pages\/1486\/revisions"}],"predecessor-version":[{"id":9593,"href":"https:\/\/www.heartfailurematters.org\/de\/wp-json\/wp\/v2\/pages\/1486\/revisions\/9593"}],"up":[{"embeddable":true,"href":"https:\/\/www.heartfailurematters.org\/de\/wp-json\/wp\/v2\/pages\/1371"}],"wp:featuredmedia":[{"embeddable":true,"href":"https:\/\/www.heartfailurematters.org\/de\/wp-json\/wp\/v2\/media\/10606"}],"wp:attachment":[{"href":"https:\/\/www.heartfailurematters.org\/de\/wp-json\/wp\/v2\/media?parent=1486"}],"wp:term":[{"taxonomy":"category","embeddable":true,"href":"https:\/\/www.heartfailurematters.org\/de\/wp-json\/wp\/v2\/categories?post=1486"},{"taxonomy":"post_tag","embeddable":true,"href":"https:\/\/www.heartfailurematters.org\/de\/wp-json\/wp\/v2\/tags?post=1486"}],"curies":[{"name":"wp","href":"https:\/\/api.w.org\/{rel}","templated":true}]}}