{"id":1485,"date":"2021-01-27T22:00:43","date_gmt":"2021-01-27T22:00:43","guid":{"rendered":"http:\/\/heartfailurematters.local:8888\/wie-sieht-es-mit-alternativen-pflanzlichen-heilmitteln-aus\/"},"modified":"2025-12-04T11:24:05","modified_gmt":"2025-12-04T11:24:05","slug":"wie-sieht-es-mit-alternativen-pflanzlichen-heilmitteln-aus","status":"publish","type":"page","link":"https:\/\/www.heartfailurematters.org\/de\/das-koennen-ihr-arzt-oder-pflegepersonal-tun\/wie-sieht-es-mit-alternativen-pflanzlichen-heilmitteln-aus\/","title":{"rendered":"Was ist mit alternativen oder nat\u00fcrlichen Heilmitteln?"},"content":{"rendered":"<p>Sie haben m\u00f6glicherweise von alternativen oder nat\u00fcrlichen\/pflanzlichen Therapien gelesen; es gibt jedoch oftmals keine medizinischen Beweise daf\u00fcr, dass diese die Herzinsuffizienz verbessern. Im Gegenteil: Die Inhaltsstoffe mancher alternativen Therapien k\u00f6nnen die Wirkung bestimmter Herzinsuffizienz-Medikamente beeintr\u00e4chtigen und sch\u00e4dlich sein.<\/p>\n<p>Zu den g\u00e4ngigeren alternativen oder nat\u00fcrlichen Heilmitteln, die mit bestimmten Herzinsuffizienz-Medikamenten ung\u00fcnstig in Wechselwirkung treten k\u00f6nnen, z\u00e4hlen:<\/p>\n<ul>\n<li>Ephedra (Ma Huang)<\/li>\n<li>Ephedrin-Metaboliten<\/li>\n<li>Chinesische Kr\u00e4uter<\/li>\n<li>Produkte mit Wei\u00dfdorn (Crataegus)<\/li>\n<li>Knoblauch<\/li>\n<li>Ginseng<\/li>\n<li>Ginkgo<\/li>\n<li>Coenzym Q-10<\/li>\n<\/ul>\n<p>Vor der Anwendung alternativer\/nat\u00fcrlicher\/pflanzlicher Heilmittel wird ausdr\u00fccklich ein Beratungsgespr\u00e4ch mit Ihrer Haus\u00e4rztin\/Ihrem Hausarzt, Ihrem spezialisierten Pflegeexperten\/Ihrer spezialisierten Pflegeexpertin oder Ihrer Apothekerin\/Ihrem Apotheker empfohlen.<\/p>\n<p><a href=\"https:\/\/www.heartfailurematters.org\/what-your-doctor-can-do\/heart-failure-medicines\/\">Zur\u00fcck zu Medikamenten zur Behandlung von Herzinsuffizienz<\/a><\/p>\n","protected":false},"excerpt":{"rendered":"<p>Sie haben m\u00f6glicherweise von alternativen oder nat\u00fcrlichen\/pflanzlichen Therapien gelesen; es gibt jedoch oftmals keine medizinischen Beweise daf\u00fcr, dass diese die Herzinsuffizienz verbessern. Im Gegenteil: Die Inhaltsstoffe mancher alternativen Therapien k\u00f6nnen die Wirkung bestimmter Herzinsuffizienz-Medikamente beeintr\u00e4chtigen und sch\u00e4dlich sein. Zu den g\u00e4ngigeren alternativen oder nat\u00fcrlichen Heilmitteln, die mit bestimmten Herzinsuffizienz-Medikamenten ung\u00fcnstig in Wechselwirkung treten k\u00f6nnen, z\u00e4hlen: [&hellip;]<\/p>\n","protected":false},"author":1,"featured_media":10961,"parent":2680,"menu_order":0,"comment_status":"open","ping_status":"open","template":"","meta":{"_acf_changed":false,"footnotes":""},"categories":[],"tags":[],"class_list":["post-1485","page","type-page","status-publish","has-post-thumbnail","hentry"],"acf":[],"yoast_head":"<!-- This site is optimized with the Yoast SEO plugin v24.8.1 - https:\/\/yoast.com\/wordpress\/plugins\/seo\/ -->\n<title>Alternative oder nat\u00fcrliche Heilmittel f\u00fcr Herzinsuffizienz<\/title>\n<meta name=\"description\" content=\"Sie haben ggf. von alternativen oder nat\u00fcrlichen\/pflanzlichen Therapien gelesen; es gibt jedoch meist keine Beweise, dass dies die Herzinsuffizienz lindert.\" \/>\n<meta name=\"robots\" content=\"index, follow, max-snippet:-1, max-image-preview:large, max-video-preview:-1\" \/>\n<link rel=\"canonical\" href=\"https:\/\/www.heartfailurematters.org\/de\/das-koennen-ihr-arzt-oder-pflegepersonal-tun\/wie-sieht-es-mit-alternativen-pflanzlichen-heilmitteln-aus\/\" \/>\n<meta property=\"og:locale\" content=\"de_DE\" \/>\n<meta property=\"og:type\" content=\"article\" \/>\n<meta property=\"og:title\" content=\"Alternative oder nat\u00fcrliche Heilmittel f\u00fcr Herzinsuffizienz\" \/>\n<meta property=\"og:description\" content=\"Sie haben ggf. von alternativen oder nat\u00fcrlichen\/pflanzlichen Therapien gelesen; es gibt jedoch meist keine Beweise, dass dies die Herzinsuffizienz lindert.\" \/>\n<meta property=\"og:url\" content=\"https:\/\/www.heartfailurematters.org\/de\/das-koennen-ihr-arzt-oder-pflegepersonal-tun\/wie-sieht-es-mit-alternativen-pflanzlichen-heilmitteln-aus\/\" \/>\n<meta property=\"og:site_name\" content=\"Heart Failure Matters\" \/>\n<meta property=\"article:publisher\" content=\"https:\/\/www.facebook.com\/heartfailurematters\" \/>\n<meta property=\"article:modified_time\" content=\"2025-12-04T11:24:05+00:00\" \/>\n<meta property=\"og:image\" content=\"https:\/\/www.heartfailurematters.org\/wp-content\/uploads\/2022\/03\/shutterstock_697586869-1-min.jpg\" \/>\n\t<meta property=\"og:image:width\" content=\"900\" \/>\n\t<meta property=\"og:image:height\" content=\"600\" \/>\n\t<meta property=\"og:image:type\" content=\"image\/jpeg\" \/>\n<meta name=\"twitter:card\" content=\"summary_large_image\" \/>\n<meta name=\"twitter:label1\" content=\"Gesch\u00e4tzte Lesezeit\" \/>\n\t<meta name=\"twitter:data1\" content=\"1\u00a0Minute\" \/>\n<script type=\"application\/ld+json\" class=\"yoast-schema-graph\">{\"@context\":\"https:\/\/schema.org\",\"@graph\":[{\"@type\":\"WebPage\",\"@id\":\"https:\/\/www.heartfailurematters.org\/de\/das-koennen-ihr-arzt-oder-pflegepersonal-tun\/wie-sieht-es-mit-alternativen-pflanzlichen-heilmitteln-aus\/\",\"url\":\"https:\/\/www.heartfailurematters.org\/de\/das-koennen-ihr-arzt-oder-pflegepersonal-tun\/wie-sieht-es-mit-alternativen-pflanzlichen-heilmitteln-aus\/\",\"name\":\"Alternative oder nat\u00fcrliche Heilmittel f\u00fcr Herzinsuffizienz\",\"isPartOf\":{\"@id\":\"https:\/\/www.heartfailurematters.org\/de\/#website\"},\"primaryImageOfPage\":{\"@id\":\"https:\/\/www.heartfailurematters.org\/de\/das-koennen-ihr-arzt-oder-pflegepersonal-tun\/wie-sieht-es-mit-alternativen-pflanzlichen-heilmitteln-aus\/#primaryimage\"},\"image\":{\"@id\":\"https:\/\/www.heartfailurematters.org\/de\/das-koennen-ihr-arzt-oder-pflegepersonal-tun\/wie-sieht-es-mit-alternativen-pflanzlichen-heilmitteln-aus\/#primaryimage\"},\"thumbnailUrl\":\"https:\/\/www.heartfailurematters.org\/wp-content\/uploads\/2022\/03\/shutterstock_697586869-1-min.jpg\",\"datePublished\":\"2021-01-27T22:00:43+00:00\",\"dateModified\":\"2025-12-04T11:24:05+00:00\",\"description\":\"Sie haben ggf. von alternativen oder nat\u00fcrlichen\/pflanzlichen Therapien gelesen; es gibt jedoch meist keine Beweise, dass dies die Herzinsuffizienz lindert.\",\"breadcrumb\":{\"@id\":\"https:\/\/www.heartfailurematters.org\/de\/das-koennen-ihr-arzt-oder-pflegepersonal-tun\/wie-sieht-es-mit-alternativen-pflanzlichen-heilmitteln-aus\/#breadcrumb\"},\"inLanguage\":\"de\",\"potentialAction\":[{\"@type\":\"ReadAction\",\"target\":[\"https:\/\/www.heartfailurematters.org\/de\/das-koennen-ihr-arzt-oder-pflegepersonal-tun\/wie-sieht-es-mit-alternativen-pflanzlichen-heilmitteln-aus\/\"]}]},{\"@type\":\"ImageObject\",\"inLanguage\":\"de\",\"@id\":\"https:\/\/www.heartfailurematters.org\/de\/das-koennen-ihr-arzt-oder-pflegepersonal-tun\/wie-sieht-es-mit-alternativen-pflanzlichen-heilmitteln-aus\/#primaryimage\",\"url\":\"https:\/\/www.heartfailurematters.org\/wp-content\/uploads\/2022\/03\/shutterstock_697586869-1-min.jpg\",\"contentUrl\":\"https:\/\/www.heartfailurematters.org\/wp-content\/uploads\/2022\/03\/shutterstock_697586869-1-min.jpg\",\"width\":900,\"height\":600},{\"@type\":\"BreadcrumbList\",\"@id\":\"https:\/\/www.heartfailurematters.org\/de\/das-koennen-ihr-arzt-oder-pflegepersonal-tun\/wie-sieht-es-mit-alternativen-pflanzlichen-heilmitteln-aus\/#breadcrumb\",\"itemListElement\":[{\"@type\":\"ListItem\",\"position\":1,\"name\":\"Startseite\",\"item\":\"https:\/\/www.heartfailurematters.org\/de\/\"},{\"@type\":\"ListItem\",\"position\":2,\"name\":\"Das kann Ihr Arzt tun\",\"item\":\"https:\/\/www.heartfailurematters.org\/de\/das-koennen-ihr-arzt-oder-pflegepersonal-tun\/\"},{\"@type\":\"ListItem\",\"position\":3,\"name\":\"Was ist mit alternativen oder nat\u00fcrlichen Heilmitteln?\"}]},{\"@type\":\"WebSite\",\"@id\":\"https:\/\/www.heartfailurematters.org\/de\/#website\",\"url\":\"https:\/\/www.heartfailurematters.org\/de\/\",\"name\":\"Heart Failure Matters\",\"description\":\"Practical information for patients, families and caregivers.\",\"publisher\":{\"@id\":\"https:\/\/www.heartfailurematters.org\/de\/#organization\"},\"potentialAction\":[{\"@type\":\"SearchAction\",\"target\":{\"@type\":\"EntryPoint\",\"urlTemplate\":\"https:\/\/www.heartfailurematters.org\/de\/?s={search_term_string}\"},\"query-input\":{\"@type\":\"PropertyValueSpecification\",\"valueRequired\":true,\"valueName\":\"search_term_string\"}}],\"inLanguage\":\"de\"},{\"@type\":\"Organization\",\"@id\":\"https:\/\/www.heartfailurematters.org\/de\/#organization\",\"name\":\"Heart Failure Matters\",\"url\":\"https:\/\/www.heartfailurematters.org\/de\/\",\"logo\":{\"@type\":\"ImageObject\",\"inLanguage\":\"de\",\"@id\":\"https:\/\/www.heartfailurematters.org\/de\/#\/schema\/logo\/image\/\",\"url\":\"https:\/\/cdn-endpoint-hfm.azureedge.net\/heartfailurematters\/2024\/07\/hfm-logo1.jpg\",\"contentUrl\":\"https:\/\/cdn-endpoint-hfm.azureedge.net\/heartfailurematters\/2024\/07\/hfm-logo1.jpg\",\"width\":1280,\"height\":720,\"caption\":\"Heart Failure Matters\"},\"image\":{\"@id\":\"https:\/\/www.heartfailurematters.org\/de\/#\/schema\/logo\/image\/\"},\"sameAs\":[\"https:\/\/www.facebook.com\/heartfailurematters\"]}]}<\/script>\n<!-- \/ Yoast SEO plugin. -->","yoast_head_json":{"title":"Alternative oder nat\u00fcrliche Heilmittel f\u00fcr Herzinsuffizienz","description":"Sie haben ggf. von alternativen oder nat\u00fcrlichen\/pflanzlichen Therapien gelesen; es gibt jedoch meist keine Beweise, dass dies die Herzinsuffizienz lindert.","robots":{"index":"index","follow":"follow","max-snippet":"max-snippet:-1","max-image-preview":"max-image-preview:large","max-video-preview":"max-video-preview:-1"},"canonical":"https:\/\/www.heartfailurematters.org\/de\/das-koennen-ihr-arzt-oder-pflegepersonal-tun\/wie-sieht-es-mit-alternativen-pflanzlichen-heilmitteln-aus\/","og_locale":"de_DE","og_type":"article","og_title":"Alternative oder nat\u00fcrliche Heilmittel f\u00fcr Herzinsuffizienz","og_description":"Sie haben ggf. von alternativen oder nat\u00fcrlichen\/pflanzlichen Therapien gelesen; es gibt jedoch meist keine Beweise, dass dies die Herzinsuffizienz lindert.","og_url":"https:\/\/www.heartfailurematters.org\/de\/das-koennen-ihr-arzt-oder-pflegepersonal-tun\/wie-sieht-es-mit-alternativen-pflanzlichen-heilmitteln-aus\/","og_site_name":"Heart Failure Matters","article_publisher":"https:\/\/www.facebook.com\/heartfailurematters","article_modified_time":"2025-12-04T11:24:05+00:00","og_image":[{"width":900,"height":600,"url":"https:\/\/www.heartfailurematters.org\/wp-content\/uploads\/2022\/03\/shutterstock_697586869-1-min.jpg","type":"image\/jpeg"}],"twitter_card":"summary_large_image","twitter_misc":{"Gesch\u00e4tzte Lesezeit":"1\u00a0Minute"},"schema":{"@context":"https:\/\/schema.org","@graph":[{"@type":"WebPage","@id":"https:\/\/www.heartfailurematters.org\/de\/das-koennen-ihr-arzt-oder-pflegepersonal-tun\/wie-sieht-es-mit-alternativen-pflanzlichen-heilmitteln-aus\/","url":"https:\/\/www.heartfailurematters.org\/de\/das-koennen-ihr-arzt-oder-pflegepersonal-tun\/wie-sieht-es-mit-alternativen-pflanzlichen-heilmitteln-aus\/","name":"Alternative oder nat\u00fcrliche Heilmittel f\u00fcr Herzinsuffizienz","isPartOf":{"@id":"https:\/\/www.heartfailurematters.org\/de\/#website"},"primaryImageOfPage":{"@id":"https:\/\/www.heartfailurematters.org\/de\/das-koennen-ihr-arzt-oder-pflegepersonal-tun\/wie-sieht-es-mit-alternativen-pflanzlichen-heilmitteln-aus\/#primaryimage"},"image":{"@id":"https:\/\/www.heartfailurematters.org\/de\/das-koennen-ihr-arzt-oder-pflegepersonal-tun\/wie-sieht-es-mit-alternativen-pflanzlichen-heilmitteln-aus\/#primaryimage"},"thumbnailUrl":"https:\/\/www.heartfailurematters.org\/wp-content\/uploads\/2022\/03\/shutterstock_697586869-1-min.jpg","datePublished":"2021-01-27T22:00:43+00:00","dateModified":"2025-12-04T11:24:05+00:00","description":"Sie haben ggf. von alternativen oder nat\u00fcrlichen\/pflanzlichen Therapien gelesen; es gibt jedoch meist keine Beweise, dass dies die Herzinsuffizienz lindert.","breadcrumb":{"@id":"https:\/\/www.heartfailurematters.org\/de\/das-koennen-ihr-arzt-oder-pflegepersonal-tun\/wie-sieht-es-mit-alternativen-pflanzlichen-heilmitteln-aus\/#breadcrumb"},"inLanguage":"de","potentialAction":[{"@type":"ReadAction","target":["https:\/\/www.heartfailurematters.org\/de\/das-koennen-ihr-arzt-oder-pflegepersonal-tun\/wie-sieht-es-mit-alternativen-pflanzlichen-heilmitteln-aus\/"]}]},{"@type":"ImageObject","inLanguage":"de","@id":"https:\/\/www.heartfailurematters.org\/de\/das-koennen-ihr-arzt-oder-pflegepersonal-tun\/wie-sieht-es-mit-alternativen-pflanzlichen-heilmitteln-aus\/#primaryimage","url":"https:\/\/www.heartfailurematters.org\/wp-content\/uploads\/2022\/03\/shutterstock_697586869-1-min.jpg","contentUrl":"https:\/\/www.heartfailurematters.org\/wp-content\/uploads\/2022\/03\/shutterstock_697586869-1-min.jpg","width":900,"height":600},{"@type":"BreadcrumbList","@id":"https:\/\/www.heartfailurematters.org\/de\/das-koennen-ihr-arzt-oder-pflegepersonal-tun\/wie-sieht-es-mit-alternativen-pflanzlichen-heilmitteln-aus\/#breadcrumb","itemListElement":[{"@type":"ListItem","position":1,"name":"Startseite","item":"https:\/\/www.heartfailurematters.org\/de\/"},{"@type":"ListItem","position":2,"name":"Das kann Ihr Arzt tun","item":"https:\/\/www.heartfailurematters.org\/de\/das-koennen-ihr-arzt-oder-pflegepersonal-tun\/"},{"@type":"ListItem","position":3,"name":"Was ist mit alternativen oder nat\u00fcrlichen Heilmitteln?"}]},{"@type":"WebSite","@id":"https:\/\/www.heartfailurematters.org\/de\/#website","url":"https:\/\/www.heartfailurematters.org\/de\/","name":"Heart Failure Matters","description":"Practical information for patients, families and caregivers.","publisher":{"@id":"https:\/\/www.heartfailurematters.org\/de\/#organization"},"potentialAction":[{"@type":"SearchAction","target":{"@type":"EntryPoint","urlTemplate":"https:\/\/www.heartfailurematters.org\/de\/?s={search_term_string}"},"query-input":{"@type":"PropertyValueSpecification","valueRequired":true,"valueName":"search_term_string"}}],"inLanguage":"de"},{"@type":"Organization","@id":"https:\/\/www.heartfailurematters.org\/de\/#organization","name":"Heart Failure Matters","url":"https:\/\/www.heartfailurematters.org\/de\/","logo":{"@type":"ImageObject","inLanguage":"de","@id":"https:\/\/www.heartfailurematters.org\/de\/#\/schema\/logo\/image\/","url":"https:\/\/cdn-endpoint-hfm.azureedge.net\/heartfailurematters\/2024\/07\/hfm-logo1.jpg","contentUrl":"https:\/\/cdn-endpoint-hfm.azureedge.net\/heartfailurematters\/2024\/07\/hfm-logo1.jpg","width":1280,"height":720,"caption":"Heart Failure Matters"},"image":{"@id":"https:\/\/www.heartfailurematters.org\/de\/#\/schema\/logo\/image\/"},"sameAs":["https:\/\/www.facebook.com\/heartfailurematters"]}]}},"_links":{"self":[{"href":"https:\/\/www.heartfailurematters.org\/de\/wp-json\/wp\/v2\/pages\/1485","targetHints":{"allow":["GET"]}}],"collection":[{"href":"https:\/\/www.heartfailurematters.org\/de\/wp-json\/wp\/v2\/pages"}],"about":[{"href":"https:\/\/www.heartfailurematters.org\/de\/wp-json\/wp\/v2\/types\/page"}],"author":[{"embeddable":true,"href":"https:\/\/www.heartfailurematters.org\/de\/wp-json\/wp\/v2\/users\/1"}],"replies":[{"embeddable":true,"href":"https:\/\/www.heartfailurematters.org\/de\/wp-json\/wp\/v2\/comments?post=1485"}],"version-history":[{"count":1,"href":"https:\/\/www.heartfailurematters.org\/de\/wp-json\/wp\/v2\/pages\/1485\/revisions"}],"predecessor-version":[{"id":13618,"href":"https:\/\/www.heartfailurematters.org\/de\/wp-json\/wp\/v2\/pages\/1485\/revisions\/13618"}],"up":[{"embeddable":true,"href":"https:\/\/www.heartfailurematters.org\/de\/wp-json\/wp\/v2\/pages\/2680"}],"wp:featuredmedia":[{"embeddable":true,"href":"https:\/\/www.heartfailurematters.org\/de\/wp-json\/wp\/v2\/media\/10961"}],"wp:attachment":[{"href":"https:\/\/www.heartfailurematters.org\/de\/wp-json\/wp\/v2\/media?parent=1485"}],"wp:term":[{"taxonomy":"category","embeddable":true,"href":"https:\/\/www.heartfailurematters.org\/de\/wp-json\/wp\/v2\/categories?post=1485"},{"taxonomy":"post_tag","embeddable":true,"href":"https:\/\/www.heartfailurematters.org\/de\/wp-json\/wp\/v2\/tags?post=1485"}],"curies":[{"name":"wp","href":"https:\/\/api.w.org\/{rel}","templated":true}]}}