{"id":1484,"date":"2021-01-27T22:00:43","date_gmt":"2021-01-27T22:00:43","guid":{"rendered":"http:\/\/heartfailurematters.local:8888\/planen-fuer-die-zukunft-2\/"},"modified":"2025-12-04T11:24:14","modified_gmt":"2025-12-04T11:24:14","slug":"planen-fuer-die-zukunft","status":"publish","type":"page","link":"https:\/\/www.heartfailurematters.org\/de\/fuer-pflegende-angehoerige\/planen-fuer-die-zukunft\/","title":{"rendered":"Die Zukunft planen."},"content":{"rendered":"<p>M\u00f6glicherweise z\u00f6gern Sie, mit Ihrem Partner\/Ihrer Partnerin oder Angeh\u00f6rigen dar\u00fcber zu sprechen, was in Zukunft bez\u00fcglich Ihrer Gesundheit auf sie zukommt. Es kann \u00e4u\u00dferst schwierig sein, diese Fragen anzusprechen, vor allem wenn man versucht, positiv zu bleiben.<\/p>\n<p>Es ist jedoch \u00fcberaus wichtig, dass Sie und Ihre Partnerin\/Ihr Partner oder Ihre Angeh\u00f6rigen verstehen, dass eine vorausschauende Planung f\u00fcr die Zukunft keinesfalls ein Aufgeben bedeutet. Indem Sie \u00fcber die Zukunft sprechen und diese planen, k\u00f6nnen Sie ein gewisses Ma\u00df an Kontrolle \u00fcber Ihre Lebensentscheidungen und Ihre Versorgung gewinnen. Auch wenn aller Anfang schwierig erscheinen mag, kann die Auseinandersetzung mit diesen Fragestellungen Ihnen und Ihrer Familie ein gro\u00dfes Ma\u00df an Beruhigung bringen, damit Sie Ihre Energie voll und ganz auf ein erf\u00fclltes Leben verwenden k\u00f6nnen.<\/p>\n<p>Sprechen Sie mit Ihrer Partnerin\/Ihrem Partner oder Ihrem Familienmitglied \u00fcber das Verfassen einer Patientenverf\u00fcgung. Dies beinhaltet das Ausf\u00fcllen von Dokumenten, in denen die W\u00fcnsche Ihrer Partnerin\/Ihres Partners bzw. Angeh\u00f6rigen f\u00fcr die medizinische Versorgung in der Zukunft erl\u00e4utert sind, falls diese\/dieser nicht mehr kommunizieren kann. Klicken Sie hier, um weitere Informationen zur Planung f\u00fcr das Lebensende Ihrer Partnerin\/Ihres Partners oder Familienmitglieds zu erhalten. Dies kann auch ein guter Zeitpunkt sein, um sicherzustellen, dass die finanziellen Angelegenheiten, einschlie\u00dflich Testamente und Lebensversicherungen, geregelt sind.<\/p>\n<p>Gesundheitsfachpersonal spielt eine wichtige Rolle bei der Unterst\u00fctzung einer vorausschauenden Versorgungsplanung. Sie k\u00f6nnen dabei helfen, einen \u00dcberblick \u00fcber den zuk\u00fcnftigen Verlauf von Herzinsuffizienz und \u00fcber m\u00f6gliche Lebenssituationen von Menschen mit Herzinsuffizienz zu erhalten. Diese Gespr\u00e4che k\u00f6nnen Ihnen und Ihrer Partnerin\/Ihrem Partner oder Angeh\u00f6rigen dabei helfen, fundierte Entscheidungen \u00fcber die zuk\u00fcnftige Versorgung zu treffen, insbesondere in Bezug auf Notfallsituationen und die Pflege am Lebensende. Gesundheitsfachpersonal kann f\u00fcr Orientierung bei komplexen Entscheidungen und Prozessen sorgen, um eine fundierte Entscheidungsfindung und Kontrolle \u00fcber Entscheidungen und Pflege zu unterst\u00fctzen. Dies sind schwierige Themen: durch ein Beratungsgespr\u00e4ch mit Ihrer Gesundheitsfachkraft k\u00f6nnen Sie wertvolle Ratschl\u00e4ge erhalten.<\/p>\n<p>Sie k\u00f6nnen Ihre Gesundheitsfachkraft zudem um Informationen oder Ressourcen f\u00fcr eine bessere Zukunftsplanung bitten.<\/p>\n<h3>Verf\u00fcgbare Ressourcen:<\/h3>\n<p><a href=\"https:\/\/static1.squarespace.com\/static\/62416ca389785537abb9dea3\/t\/636cf08af9440d55f891f759\/1668083855521\/072175+-+Palliative+Care+Guide+.pdf\" target=\"_blank\" rel=\"noopener\">Unterst\u00fctzende Palliativversorgung bei Herzinsuffizienz \u2013 wichtige Erw\u00e4gungen, die Sie betreffen k\u00f6nnten.<\/a><\/p>\n<p><a href=\"https:\/\/static1.squarespace.com\/static\/62416ca389785537abb9dea3\/t\/6397111f009b9e4376c847c3\/1670844705657\/What+Matters+Meaningful+Conversation+Plan+%28SINGLE+PAGES%29.pdf\" target=\"_blank\" rel=\"noopener\">Was ist Ihnen wichtig? Sinnvolle Gespr\u00e4chsplanung<\/a><\/p>\n<p>&nbsp;<\/p>\n","protected":false},"excerpt":{"rendered":"<p>M\u00f6glicherweise z\u00f6gern Sie, mit Ihrem Partner\/Ihrer Partnerin oder Angeh\u00f6rigen dar\u00fcber zu sprechen, was in Zukunft bez\u00fcglich Ihrer Gesundheit auf sie zukommt. Es kann \u00e4u\u00dferst schwierig sein, diese Fragen anzusprechen, vor allem wenn man versucht, positiv zu bleiben. Es ist jedoch \u00fcberaus wichtig, dass Sie und Ihre Partnerin\/Ihr Partner oder Ihre Angeh\u00f6rigen verstehen, dass eine vorausschauende [&hellip;]<\/p>\n","protected":false},"author":1,"featured_media":11064,"parent":2842,"menu_order":8,"comment_status":"open","ping_status":"closed","template":"","meta":{"_acf_changed":false,"footnotes":""},"categories":[83],"tags":[],"class_list":["post-1484","page","type-page","status-publish","has-post-thumbnail","hentry","category-for-caregivers-de"],"acf":[],"yoast_head":"<!-- This site is optimized with the Yoast SEO plugin v24.8.1 - https:\/\/yoast.com\/wordpress\/plugins\/seo\/ -->\n<title>Planen f\u00fcr die Zukunft mit Herzinsuffizienz<\/title>\n<meta name=\"description\" content=\"Es mag schwierig sein, Probleme in Bezug auf die Zukunft Ihrer Gesundheit anzusprechen, aber es ist wichtig, dies f\u00fcr eine effektive Zukunftsplanung zu kl\u00e4ren.\" \/>\n<meta name=\"robots\" content=\"index, follow, max-snippet:-1, max-image-preview:large, max-video-preview:-1\" \/>\n<link rel=\"canonical\" href=\"https:\/\/www.heartfailurematters.org\/de\/fuer-pflegende-angehoerige\/planen-fuer-die-zukunft\/\" \/>\n<meta property=\"og:locale\" content=\"de_DE\" \/>\n<meta property=\"og:type\" content=\"article\" \/>\n<meta property=\"og:title\" content=\"Planen f\u00fcr die Zukunft mit Herzinsuffizienz\" \/>\n<meta property=\"og:description\" content=\"Es mag schwierig sein, Probleme in Bezug auf die Zukunft Ihrer Gesundheit anzusprechen, aber es ist wichtig, dies f\u00fcr eine effektive Zukunftsplanung zu kl\u00e4ren.\" \/>\n<meta property=\"og:url\" content=\"https:\/\/www.heartfailurematters.org\/de\/fuer-pflegende-angehoerige\/planen-fuer-die-zukunft\/\" \/>\n<meta property=\"og:site_name\" content=\"Heart Failure Matters\" \/>\n<meta property=\"article:publisher\" content=\"https:\/\/www.facebook.com\/heartfailurematters\" \/>\n<meta property=\"article:modified_time\" content=\"2025-12-04T11:24:14+00:00\" \/>\n<meta property=\"og:image\" content=\"https:\/\/www.heartfailurematters.org\/wp-content\/uploads\/2022\/03\/shutterstock_1685261713-1-min.jpg\" \/>\n\t<meta property=\"og:image:width\" content=\"900\" \/>\n\t<meta property=\"og:image:height\" content=\"600\" \/>\n\t<meta property=\"og:image:type\" content=\"image\/jpeg\" \/>\n<meta name=\"twitter:card\" content=\"summary_large_image\" \/>\n<meta name=\"twitter:label1\" content=\"Gesch\u00e4tzte Lesezeit\" \/>\n\t<meta name=\"twitter:data1\" content=\"2\u00a0Minuten\" \/>\n<script type=\"application\/ld+json\" class=\"yoast-schema-graph\">{\"@context\":\"https:\/\/schema.org\",\"@graph\":[{\"@type\":\"WebPage\",\"@id\":\"https:\/\/www.heartfailurematters.org\/de\/fuer-pflegende-angehoerige\/planen-fuer-die-zukunft\/\",\"url\":\"https:\/\/www.heartfailurematters.org\/de\/fuer-pflegende-angehoerige\/planen-fuer-die-zukunft\/\",\"name\":\"Planen f\u00fcr die Zukunft mit Herzinsuffizienz\",\"isPartOf\":{\"@id\":\"https:\/\/www.heartfailurematters.org\/de\/#website\"},\"primaryImageOfPage\":{\"@id\":\"https:\/\/www.heartfailurematters.org\/de\/fuer-pflegende-angehoerige\/planen-fuer-die-zukunft\/#primaryimage\"},\"image\":{\"@id\":\"https:\/\/www.heartfailurematters.org\/de\/fuer-pflegende-angehoerige\/planen-fuer-die-zukunft\/#primaryimage\"},\"thumbnailUrl\":\"https:\/\/www.heartfailurematters.org\/wp-content\/uploads\/2022\/03\/shutterstock_1685261713-1-min.jpg\",\"datePublished\":\"2021-01-27T22:00:43+00:00\",\"dateModified\":\"2025-12-04T11:24:14+00:00\",\"description\":\"Es mag schwierig sein, Probleme in Bezug auf die Zukunft Ihrer Gesundheit anzusprechen, aber es ist wichtig, dies f\u00fcr eine effektive Zukunftsplanung zu kl\u00e4ren.\",\"breadcrumb\":{\"@id\":\"https:\/\/www.heartfailurematters.org\/de\/fuer-pflegende-angehoerige\/planen-fuer-die-zukunft\/#breadcrumb\"},\"inLanguage\":\"de\",\"potentialAction\":[{\"@type\":\"ReadAction\",\"target\":[\"https:\/\/www.heartfailurematters.org\/de\/fuer-pflegende-angehoerige\/planen-fuer-die-zukunft\/\"]}]},{\"@type\":\"ImageObject\",\"inLanguage\":\"de\",\"@id\":\"https:\/\/www.heartfailurematters.org\/de\/fuer-pflegende-angehoerige\/planen-fuer-die-zukunft\/#primaryimage\",\"url\":\"https:\/\/www.heartfailurematters.org\/wp-content\/uploads\/2022\/03\/shutterstock_1685261713-1-min.jpg\",\"contentUrl\":\"https:\/\/www.heartfailurematters.org\/wp-content\/uploads\/2022\/03\/shutterstock_1685261713-1-min.jpg\",\"width\":900,\"height\":600},{\"@type\":\"BreadcrumbList\",\"@id\":\"https:\/\/www.heartfailurematters.org\/de\/fuer-pflegende-angehoerige\/planen-fuer-die-zukunft\/#breadcrumb\",\"itemListElement\":[{\"@type\":\"ListItem\",\"position\":1,\"name\":\"Startseite\",\"item\":\"https:\/\/www.heartfailurematters.org\/de\/\"},{\"@type\":\"ListItem\",\"position\":2,\"name\":\"F\u00fcr Betreuer\",\"item\":\"https:\/\/www.heartfailurematters.org\/de\/fuer-pflegende-angehoerige\/\"},{\"@type\":\"ListItem\",\"position\":3,\"name\":\"Die Zukunft planen.\"}]},{\"@type\":\"WebSite\",\"@id\":\"https:\/\/www.heartfailurematters.org\/de\/#website\",\"url\":\"https:\/\/www.heartfailurematters.org\/de\/\",\"name\":\"Heart Failure Matters\",\"description\":\"Practical information for patients, families and caregivers.\",\"publisher\":{\"@id\":\"https:\/\/www.heartfailurematters.org\/de\/#organization\"},\"potentialAction\":[{\"@type\":\"SearchAction\",\"target\":{\"@type\":\"EntryPoint\",\"urlTemplate\":\"https:\/\/www.heartfailurematters.org\/de\/?s={search_term_string}\"},\"query-input\":{\"@type\":\"PropertyValueSpecification\",\"valueRequired\":true,\"valueName\":\"search_term_string\"}}],\"inLanguage\":\"de\"},{\"@type\":\"Organization\",\"@id\":\"https:\/\/www.heartfailurematters.org\/de\/#organization\",\"name\":\"Heart Failure Matters\",\"url\":\"https:\/\/www.heartfailurematters.org\/de\/\",\"logo\":{\"@type\":\"ImageObject\",\"inLanguage\":\"de\",\"@id\":\"https:\/\/www.heartfailurematters.org\/de\/#\/schema\/logo\/image\/\",\"url\":\"https:\/\/cdn-endpoint-hfm.azureedge.net\/heartfailurematters\/2024\/07\/hfm-logo1.jpg\",\"contentUrl\":\"https:\/\/cdn-endpoint-hfm.azureedge.net\/heartfailurematters\/2024\/07\/hfm-logo1.jpg\",\"width\":1280,\"height\":720,\"caption\":\"Heart Failure Matters\"},\"image\":{\"@id\":\"https:\/\/www.heartfailurematters.org\/de\/#\/schema\/logo\/image\/\"},\"sameAs\":[\"https:\/\/www.facebook.com\/heartfailurematters\"]}]}<\/script>\n<!-- \/ Yoast SEO plugin. -->","yoast_head_json":{"title":"Planen f\u00fcr die Zukunft mit Herzinsuffizienz","description":"Es mag schwierig sein, Probleme in Bezug auf die Zukunft Ihrer Gesundheit anzusprechen, aber es ist wichtig, dies f\u00fcr eine effektive Zukunftsplanung zu kl\u00e4ren.","robots":{"index":"index","follow":"follow","max-snippet":"max-snippet:-1","max-image-preview":"max-image-preview:large","max-video-preview":"max-video-preview:-1"},"canonical":"https:\/\/www.heartfailurematters.org\/de\/fuer-pflegende-angehoerige\/planen-fuer-die-zukunft\/","og_locale":"de_DE","og_type":"article","og_title":"Planen f\u00fcr die Zukunft mit Herzinsuffizienz","og_description":"Es mag schwierig sein, Probleme in Bezug auf die Zukunft Ihrer Gesundheit anzusprechen, aber es ist wichtig, dies f\u00fcr eine effektive Zukunftsplanung zu kl\u00e4ren.","og_url":"https:\/\/www.heartfailurematters.org\/de\/fuer-pflegende-angehoerige\/planen-fuer-die-zukunft\/","og_site_name":"Heart Failure Matters","article_publisher":"https:\/\/www.facebook.com\/heartfailurematters","article_modified_time":"2025-12-04T11:24:14+00:00","og_image":[{"width":900,"height":600,"url":"https:\/\/www.heartfailurematters.org\/wp-content\/uploads\/2022\/03\/shutterstock_1685261713-1-min.jpg","type":"image\/jpeg"}],"twitter_card":"summary_large_image","twitter_misc":{"Gesch\u00e4tzte Lesezeit":"2\u00a0Minuten"},"schema":{"@context":"https:\/\/schema.org","@graph":[{"@type":"WebPage","@id":"https:\/\/www.heartfailurematters.org\/de\/fuer-pflegende-angehoerige\/planen-fuer-die-zukunft\/","url":"https:\/\/www.heartfailurematters.org\/de\/fuer-pflegende-angehoerige\/planen-fuer-die-zukunft\/","name":"Planen f\u00fcr die Zukunft mit Herzinsuffizienz","isPartOf":{"@id":"https:\/\/www.heartfailurematters.org\/de\/#website"},"primaryImageOfPage":{"@id":"https:\/\/www.heartfailurematters.org\/de\/fuer-pflegende-angehoerige\/planen-fuer-die-zukunft\/#primaryimage"},"image":{"@id":"https:\/\/www.heartfailurematters.org\/de\/fuer-pflegende-angehoerige\/planen-fuer-die-zukunft\/#primaryimage"},"thumbnailUrl":"https:\/\/www.heartfailurematters.org\/wp-content\/uploads\/2022\/03\/shutterstock_1685261713-1-min.jpg","datePublished":"2021-01-27T22:00:43+00:00","dateModified":"2025-12-04T11:24:14+00:00","description":"Es mag schwierig sein, Probleme in Bezug auf die Zukunft Ihrer Gesundheit anzusprechen, aber es ist wichtig, dies f\u00fcr eine effektive Zukunftsplanung zu kl\u00e4ren.","breadcrumb":{"@id":"https:\/\/www.heartfailurematters.org\/de\/fuer-pflegende-angehoerige\/planen-fuer-die-zukunft\/#breadcrumb"},"inLanguage":"de","potentialAction":[{"@type":"ReadAction","target":["https:\/\/www.heartfailurematters.org\/de\/fuer-pflegende-angehoerige\/planen-fuer-die-zukunft\/"]}]},{"@type":"ImageObject","inLanguage":"de","@id":"https:\/\/www.heartfailurematters.org\/de\/fuer-pflegende-angehoerige\/planen-fuer-die-zukunft\/#primaryimage","url":"https:\/\/www.heartfailurematters.org\/wp-content\/uploads\/2022\/03\/shutterstock_1685261713-1-min.jpg","contentUrl":"https:\/\/www.heartfailurematters.org\/wp-content\/uploads\/2022\/03\/shutterstock_1685261713-1-min.jpg","width":900,"height":600},{"@type":"BreadcrumbList","@id":"https:\/\/www.heartfailurematters.org\/de\/fuer-pflegende-angehoerige\/planen-fuer-die-zukunft\/#breadcrumb","itemListElement":[{"@type":"ListItem","position":1,"name":"Startseite","item":"https:\/\/www.heartfailurematters.org\/de\/"},{"@type":"ListItem","position":2,"name":"F\u00fcr Betreuer","item":"https:\/\/www.heartfailurematters.org\/de\/fuer-pflegende-angehoerige\/"},{"@type":"ListItem","position":3,"name":"Die Zukunft planen."}]},{"@type":"WebSite","@id":"https:\/\/www.heartfailurematters.org\/de\/#website","url":"https:\/\/www.heartfailurematters.org\/de\/","name":"Heart Failure Matters","description":"Practical information for patients, families and caregivers.","publisher":{"@id":"https:\/\/www.heartfailurematters.org\/de\/#organization"},"potentialAction":[{"@type":"SearchAction","target":{"@type":"EntryPoint","urlTemplate":"https:\/\/www.heartfailurematters.org\/de\/?s={search_term_string}"},"query-input":{"@type":"PropertyValueSpecification","valueRequired":true,"valueName":"search_term_string"}}],"inLanguage":"de"},{"@type":"Organization","@id":"https:\/\/www.heartfailurematters.org\/de\/#organization","name":"Heart Failure Matters","url":"https:\/\/www.heartfailurematters.org\/de\/","logo":{"@type":"ImageObject","inLanguage":"de","@id":"https:\/\/www.heartfailurematters.org\/de\/#\/schema\/logo\/image\/","url":"https:\/\/cdn-endpoint-hfm.azureedge.net\/heartfailurematters\/2024\/07\/hfm-logo1.jpg","contentUrl":"https:\/\/cdn-endpoint-hfm.azureedge.net\/heartfailurematters\/2024\/07\/hfm-logo1.jpg","width":1280,"height":720,"caption":"Heart Failure Matters"},"image":{"@id":"https:\/\/www.heartfailurematters.org\/de\/#\/schema\/logo\/image\/"},"sameAs":["https:\/\/www.facebook.com\/heartfailurematters"]}]}},"_links":{"self":[{"href":"https:\/\/www.heartfailurematters.org\/de\/wp-json\/wp\/v2\/pages\/1484","targetHints":{"allow":["GET"]}}],"collection":[{"href":"https:\/\/www.heartfailurematters.org\/de\/wp-json\/wp\/v2\/pages"}],"about":[{"href":"https:\/\/www.heartfailurematters.org\/de\/wp-json\/wp\/v2\/types\/page"}],"author":[{"embeddable":true,"href":"https:\/\/www.heartfailurematters.org\/de\/wp-json\/wp\/v2\/users\/1"}],"replies":[{"embeddable":true,"href":"https:\/\/www.heartfailurematters.org\/de\/wp-json\/wp\/v2\/comments?post=1484"}],"version-history":[{"count":1,"href":"https:\/\/www.heartfailurematters.org\/de\/wp-json\/wp\/v2\/pages\/1484\/revisions"}],"predecessor-version":[{"id":13641,"href":"https:\/\/www.heartfailurematters.org\/de\/wp-json\/wp\/v2\/pages\/1484\/revisions\/13641"}],"up":[{"embeddable":true,"href":"https:\/\/www.heartfailurematters.org\/de\/wp-json\/wp\/v2\/pages\/2842"}],"wp:featuredmedia":[{"embeddable":true,"href":"https:\/\/www.heartfailurematters.org\/de\/wp-json\/wp\/v2\/media\/11064"}],"wp:attachment":[{"href":"https:\/\/www.heartfailurematters.org\/de\/wp-json\/wp\/v2\/media?parent=1484"}],"wp:term":[{"taxonomy":"category","embeddable":true,"href":"https:\/\/www.heartfailurematters.org\/de\/wp-json\/wp\/v2\/categories?post=1484"},{"taxonomy":"post_tag","embeddable":true,"href":"https:\/\/www.heartfailurematters.org\/de\/wp-json\/wp\/v2\/tags?post=1484"}],"curies":[{"name":"wp","href":"https:\/\/api.w.org\/{rel}","templated":true}]}}