{"id":1480,"date":"2021-01-27T22:00:43","date_gmt":"2021-01-27T22:00:43","guid":{"rendered":"http:\/\/heartfailurematters.local:8888\/verstaerkte-schwellungen-der-beine-oder-knoechel\/"},"modified":"2025-12-04T11:24:12","modified_gmt":"2025-12-04T11:24:12","slug":"verstaerkte-schwellungen-der-beine-oder-knoechel","status":"publish","type":"page","link":"https:\/\/www.heartfailurematters.org\/de\/warnsignale\/verstaerkte-schwellungen-der-beine-oder-knoechel\/","title":{"rendered":"Verst\u00e4rkte Schwellung der Beine oder Kn\u00f6chel"},"content":{"rendered":"<p>Schwellungen der Beine und Kn\u00f6chel werden durch Fl\u00fcssigkeitsansammlungen im K\u00f6rper verursacht und k\u00f6nnen wiederum ein Anzeichen f\u00fcr eine Verschlechterung der Herzinsuffizienz sein. M\u00f6glicherweise haben Sie das Gef\u00fchl, dass Ihre Schuhe enger als normal sind, wenn die Schwellung in diesem Bereich zunimmt.<\/p>\n<p>Aufgrund des reduzierten Schlagvolumens des Herzens resultiert ein R\u00fcckstau innerhalb des ven\u00f6sen Systems. Hierdurch entstehen Fl\u00fcssigkeitsansammlungen in Bauch und unteren Extremit\u00e4ten und eine <a class=\"addtooltip\" title=\"Ein \u00dcberschuss an Fl\u00fcssigkeit in einem Teil des K\u00f6rpers.\"><strong>Stauung<\/strong><\/a>.<\/p>\n<p>Schwellungen in Ihren Beinen und Kn\u00f6cheln bemerken Sie wahrscheinlich eher im sp\u00e4teren Tagesverlauf, da die Schwerkraft zu einem erh\u00f6hten Blutvolumen und -druck in den Venen der unteren Extremit\u00e4ten f\u00fchrt. Durch Hinlegen und Ausruhen f\u00fcr eine gewisse Zeit kann die Schwellung in der Regel reduziert werden.<\/p>\n<p>Ein weiteres typisches Symptom, das auf eine Stauung hinweist, ist die zunehmende Kurzatmigkeit beim B\u00fccken. Dies wird auch als \u201eBendopnoe\u201c bezeichnet. Ein Auftreten dieses Symptoms ist ein Warnsignal, ein Abklingen dieses Symptoms ist ein Zeichen f\u00fcr eine Verbesserung und eine wirksame Therapie.<\/p>\n<p>Falls Sie eine rasche Zunahme der Schwellung in Ihren Beinen und Kn\u00f6cheln feststellen, empfiehlt sich ein haus\u00e4rztliches oder medizinisches Beratungsgespr\u00e4ch. Eine Anpassung Ihrer Entw\u00e4sserungstabletten reicht in der Regel aus, um das Problem zu reduzieren.<\/p>\n","protected":false},"excerpt":{"rendered":"<p>Schwellungen der Beine und Kn\u00f6chel werden durch Fl\u00fcssigkeitsansammlungen im K\u00f6rper verursacht und k\u00f6nnen wiederum ein Anzeichen f\u00fcr eine Verschlechterung der Herzinsuffizienz sein. M\u00f6glicherweise haben Sie das Gef\u00fchl, dass Ihre Schuhe enger als normal sind, wenn die Schwellung in diesem Bereich zunimmt. Aufgrund des reduzierten Schlagvolumens des Herzens resultiert ein R\u00fcckstau innerhalb des ven\u00f6sen Systems. Hierdurch [&hellip;]<\/p>\n","protected":false},"author":1,"featured_media":11213,"parent":2865,"menu_order":5,"comment_status":"open","ping_status":"closed","template":"","meta":{"_acf_changed":false,"footnotes":""},"categories":[128],"tags":[],"class_list":["post-1480","page","type-page","status-publish","has-post-thumbnail","hentry","category-warning-signs-de"],"acf":[],"yoast_head":"<!-- This site is optimized with the Yoast SEO plugin v24.8.1 - https:\/\/yoast.com\/wordpress\/plugins\/seo\/ -->\n<title>Schwellung der Beine oder Kn\u00f6chel und Herzinsuffizienz<\/title>\n<meta name=\"description\" content=\"Schwellungen der Beine und Kn\u00f6chel werden durch Fl\u00fcssigkeitsansammlungen im K\u00f6rper verursacht und k\u00f6nnen ein Anzeichen f\u00fcr eine Verschlechterung der Herzinsuffizienz darstellen. Hier erfahren Sie mehr\" \/>\n<meta name=\"robots\" content=\"index, follow, max-snippet:-1, max-image-preview:large, max-video-preview:-1\" \/>\n<link rel=\"canonical\" href=\"https:\/\/www.heartfailurematters.org\/de\/warnsignale\/verstaerkte-schwellungen-der-beine-oder-knoechel\/\" \/>\n<meta property=\"og:locale\" content=\"de_DE\" \/>\n<meta property=\"og:type\" content=\"article\" \/>\n<meta property=\"og:title\" content=\"Schwellung der Beine oder Kn\u00f6chel und Herzinsuffizienz\" \/>\n<meta property=\"og:description\" content=\"Schwellungen der Beine und Kn\u00f6chel werden durch Fl\u00fcssigkeitsansammlungen im K\u00f6rper verursacht und k\u00f6nnen ein Anzeichen f\u00fcr eine Verschlechterung der Herzinsuffizienz darstellen. Hier erfahren Sie mehr\" \/>\n<meta property=\"og:url\" content=\"https:\/\/www.heartfailurematters.org\/de\/warnsignale\/verstaerkte-schwellungen-der-beine-oder-knoechel\/\" \/>\n<meta property=\"og:site_name\" content=\"Heart Failure Matters\" \/>\n<meta property=\"article:publisher\" content=\"https:\/\/www.facebook.com\/heartfailurematters\" \/>\n<meta property=\"article:modified_time\" content=\"2025-12-04T11:24:12+00:00\" \/>\n<meta property=\"og:image\" content=\"https:\/\/www.heartfailurematters.org\/wp-content\/uploads\/2022\/03\/shutterstock_1715702371-1-min.jpg\" \/>\n\t<meta property=\"og:image:width\" content=\"900\" \/>\n\t<meta property=\"og:image:height\" content=\"600\" \/>\n\t<meta property=\"og:image:type\" content=\"image\/jpeg\" \/>\n<meta name=\"twitter:card\" content=\"summary_large_image\" \/>\n<meta name=\"twitter:label1\" content=\"Gesch\u00e4tzte Lesezeit\" \/>\n\t<meta name=\"twitter:data1\" content=\"1\u00a0Minute\" \/>\n<script type=\"application\/ld+json\" class=\"yoast-schema-graph\">{\"@context\":\"https:\/\/schema.org\",\"@graph\":[{\"@type\":\"WebPage\",\"@id\":\"https:\/\/www.heartfailurematters.org\/de\/warnsignale\/verstaerkte-schwellungen-der-beine-oder-knoechel\/\",\"url\":\"https:\/\/www.heartfailurematters.org\/de\/warnsignale\/verstaerkte-schwellungen-der-beine-oder-knoechel\/\",\"name\":\"Schwellung der Beine oder Kn\u00f6chel und Herzinsuffizienz\",\"isPartOf\":{\"@id\":\"https:\/\/www.heartfailurematters.org\/de\/#website\"},\"primaryImageOfPage\":{\"@id\":\"https:\/\/www.heartfailurematters.org\/de\/warnsignale\/verstaerkte-schwellungen-der-beine-oder-knoechel\/#primaryimage\"},\"image\":{\"@id\":\"https:\/\/www.heartfailurematters.org\/de\/warnsignale\/verstaerkte-schwellungen-der-beine-oder-knoechel\/#primaryimage\"},\"thumbnailUrl\":\"https:\/\/www.heartfailurematters.org\/wp-content\/uploads\/2022\/03\/shutterstock_1715702371-1-min.jpg\",\"datePublished\":\"2021-01-27T22:00:43+00:00\",\"dateModified\":\"2025-12-04T11:24:12+00:00\",\"description\":\"Schwellungen der Beine und Kn\u00f6chel werden durch Fl\u00fcssigkeitsansammlungen im K\u00f6rper verursacht und k\u00f6nnen ein Anzeichen f\u00fcr eine Verschlechterung der Herzinsuffizienz darstellen. Hier erfahren Sie mehr\",\"breadcrumb\":{\"@id\":\"https:\/\/www.heartfailurematters.org\/de\/warnsignale\/verstaerkte-schwellungen-der-beine-oder-knoechel\/#breadcrumb\"},\"inLanguage\":\"de\",\"potentialAction\":[{\"@type\":\"ReadAction\",\"target\":[\"https:\/\/www.heartfailurematters.org\/de\/warnsignale\/verstaerkte-schwellungen-der-beine-oder-knoechel\/\"]}]},{\"@type\":\"ImageObject\",\"inLanguage\":\"de\",\"@id\":\"https:\/\/www.heartfailurematters.org\/de\/warnsignale\/verstaerkte-schwellungen-der-beine-oder-knoechel\/#primaryimage\",\"url\":\"https:\/\/www.heartfailurematters.org\/wp-content\/uploads\/2022\/03\/shutterstock_1715702371-1-min.jpg\",\"contentUrl\":\"https:\/\/www.heartfailurematters.org\/wp-content\/uploads\/2022\/03\/shutterstock_1715702371-1-min.jpg\",\"width\":900,\"height\":600},{\"@type\":\"BreadcrumbList\",\"@id\":\"https:\/\/www.heartfailurematters.org\/de\/warnsignale\/verstaerkte-schwellungen-der-beine-oder-knoechel\/#breadcrumb\",\"itemListElement\":[{\"@type\":\"ListItem\",\"position\":1,\"name\":\"Startseite\",\"item\":\"https:\/\/www.heartfailurematters.org\/de\/\"},{\"@type\":\"ListItem\",\"position\":2,\"name\":\"Warnsignale\",\"item\":\"https:\/\/www.heartfailurematters.org\/de\/warnsignale\/\"},{\"@type\":\"ListItem\",\"position\":3,\"name\":\"Verst\u00e4rkte Schwellung der Beine oder Kn\u00f6chel\"}]},{\"@type\":\"WebSite\",\"@id\":\"https:\/\/www.heartfailurematters.org\/de\/#website\",\"url\":\"https:\/\/www.heartfailurematters.org\/de\/\",\"name\":\"Heart Failure Matters\",\"description\":\"Practical information for patients, families and caregivers.\",\"publisher\":{\"@id\":\"https:\/\/www.heartfailurematters.org\/de\/#organization\"},\"potentialAction\":[{\"@type\":\"SearchAction\",\"target\":{\"@type\":\"EntryPoint\",\"urlTemplate\":\"https:\/\/www.heartfailurematters.org\/de\/?s={search_term_string}\"},\"query-input\":{\"@type\":\"PropertyValueSpecification\",\"valueRequired\":true,\"valueName\":\"search_term_string\"}}],\"inLanguage\":\"de\"},{\"@type\":\"Organization\",\"@id\":\"https:\/\/www.heartfailurematters.org\/de\/#organization\",\"name\":\"Heart Failure Matters\",\"url\":\"https:\/\/www.heartfailurematters.org\/de\/\",\"logo\":{\"@type\":\"ImageObject\",\"inLanguage\":\"de\",\"@id\":\"https:\/\/www.heartfailurematters.org\/de\/#\/schema\/logo\/image\/\",\"url\":\"https:\/\/cdn-endpoint-hfm.azureedge.net\/heartfailurematters\/2024\/07\/hfm-logo1.jpg\",\"contentUrl\":\"https:\/\/cdn-endpoint-hfm.azureedge.net\/heartfailurematters\/2024\/07\/hfm-logo1.jpg\",\"width\":1280,\"height\":720,\"caption\":\"Heart Failure Matters\"},\"image\":{\"@id\":\"https:\/\/www.heartfailurematters.org\/de\/#\/schema\/logo\/image\/\"},\"sameAs\":[\"https:\/\/www.facebook.com\/heartfailurematters\"]}]}<\/script>\n<!-- \/ Yoast SEO plugin. -->","yoast_head_json":{"title":"Schwellung der Beine oder Kn\u00f6chel und Herzinsuffizienz","description":"Schwellungen der Beine und Kn\u00f6chel werden durch Fl\u00fcssigkeitsansammlungen im K\u00f6rper verursacht und k\u00f6nnen ein Anzeichen f\u00fcr eine Verschlechterung der Herzinsuffizienz darstellen. Hier erfahren Sie mehr","robots":{"index":"index","follow":"follow","max-snippet":"max-snippet:-1","max-image-preview":"max-image-preview:large","max-video-preview":"max-video-preview:-1"},"canonical":"https:\/\/www.heartfailurematters.org\/de\/warnsignale\/verstaerkte-schwellungen-der-beine-oder-knoechel\/","og_locale":"de_DE","og_type":"article","og_title":"Schwellung der Beine oder Kn\u00f6chel und Herzinsuffizienz","og_description":"Schwellungen der Beine und Kn\u00f6chel werden durch Fl\u00fcssigkeitsansammlungen im K\u00f6rper verursacht und k\u00f6nnen ein Anzeichen f\u00fcr eine Verschlechterung der Herzinsuffizienz darstellen. Hier erfahren Sie mehr","og_url":"https:\/\/www.heartfailurematters.org\/de\/warnsignale\/verstaerkte-schwellungen-der-beine-oder-knoechel\/","og_site_name":"Heart Failure Matters","article_publisher":"https:\/\/www.facebook.com\/heartfailurematters","article_modified_time":"2025-12-04T11:24:12+00:00","og_image":[{"width":900,"height":600,"url":"https:\/\/www.heartfailurematters.org\/wp-content\/uploads\/2022\/03\/shutterstock_1715702371-1-min.jpg","type":"image\/jpeg"}],"twitter_card":"summary_large_image","twitter_misc":{"Gesch\u00e4tzte Lesezeit":"1\u00a0Minute"},"schema":{"@context":"https:\/\/schema.org","@graph":[{"@type":"WebPage","@id":"https:\/\/www.heartfailurematters.org\/de\/warnsignale\/verstaerkte-schwellungen-der-beine-oder-knoechel\/","url":"https:\/\/www.heartfailurematters.org\/de\/warnsignale\/verstaerkte-schwellungen-der-beine-oder-knoechel\/","name":"Schwellung der Beine oder Kn\u00f6chel und Herzinsuffizienz","isPartOf":{"@id":"https:\/\/www.heartfailurematters.org\/de\/#website"},"primaryImageOfPage":{"@id":"https:\/\/www.heartfailurematters.org\/de\/warnsignale\/verstaerkte-schwellungen-der-beine-oder-knoechel\/#primaryimage"},"image":{"@id":"https:\/\/www.heartfailurematters.org\/de\/warnsignale\/verstaerkte-schwellungen-der-beine-oder-knoechel\/#primaryimage"},"thumbnailUrl":"https:\/\/www.heartfailurematters.org\/wp-content\/uploads\/2022\/03\/shutterstock_1715702371-1-min.jpg","datePublished":"2021-01-27T22:00:43+00:00","dateModified":"2025-12-04T11:24:12+00:00","description":"Schwellungen der Beine und Kn\u00f6chel werden durch Fl\u00fcssigkeitsansammlungen im K\u00f6rper verursacht und k\u00f6nnen ein Anzeichen f\u00fcr eine Verschlechterung der Herzinsuffizienz darstellen. Hier erfahren Sie mehr","breadcrumb":{"@id":"https:\/\/www.heartfailurematters.org\/de\/warnsignale\/verstaerkte-schwellungen-der-beine-oder-knoechel\/#breadcrumb"},"inLanguage":"de","potentialAction":[{"@type":"ReadAction","target":["https:\/\/www.heartfailurematters.org\/de\/warnsignale\/verstaerkte-schwellungen-der-beine-oder-knoechel\/"]}]},{"@type":"ImageObject","inLanguage":"de","@id":"https:\/\/www.heartfailurematters.org\/de\/warnsignale\/verstaerkte-schwellungen-der-beine-oder-knoechel\/#primaryimage","url":"https:\/\/www.heartfailurematters.org\/wp-content\/uploads\/2022\/03\/shutterstock_1715702371-1-min.jpg","contentUrl":"https:\/\/www.heartfailurematters.org\/wp-content\/uploads\/2022\/03\/shutterstock_1715702371-1-min.jpg","width":900,"height":600},{"@type":"BreadcrumbList","@id":"https:\/\/www.heartfailurematters.org\/de\/warnsignale\/verstaerkte-schwellungen-der-beine-oder-knoechel\/#breadcrumb","itemListElement":[{"@type":"ListItem","position":1,"name":"Startseite","item":"https:\/\/www.heartfailurematters.org\/de\/"},{"@type":"ListItem","position":2,"name":"Warnsignale","item":"https:\/\/www.heartfailurematters.org\/de\/warnsignale\/"},{"@type":"ListItem","position":3,"name":"Verst\u00e4rkte Schwellung der Beine oder Kn\u00f6chel"}]},{"@type":"WebSite","@id":"https:\/\/www.heartfailurematters.org\/de\/#website","url":"https:\/\/www.heartfailurematters.org\/de\/","name":"Heart Failure Matters","description":"Practical information for patients, families and caregivers.","publisher":{"@id":"https:\/\/www.heartfailurematters.org\/de\/#organization"},"potentialAction":[{"@type":"SearchAction","target":{"@type":"EntryPoint","urlTemplate":"https:\/\/www.heartfailurematters.org\/de\/?s={search_term_string}"},"query-input":{"@type":"PropertyValueSpecification","valueRequired":true,"valueName":"search_term_string"}}],"inLanguage":"de"},{"@type":"Organization","@id":"https:\/\/www.heartfailurematters.org\/de\/#organization","name":"Heart Failure Matters","url":"https:\/\/www.heartfailurematters.org\/de\/","logo":{"@type":"ImageObject","inLanguage":"de","@id":"https:\/\/www.heartfailurematters.org\/de\/#\/schema\/logo\/image\/","url":"https:\/\/cdn-endpoint-hfm.azureedge.net\/heartfailurematters\/2024\/07\/hfm-logo1.jpg","contentUrl":"https:\/\/cdn-endpoint-hfm.azureedge.net\/heartfailurematters\/2024\/07\/hfm-logo1.jpg","width":1280,"height":720,"caption":"Heart Failure Matters"},"image":{"@id":"https:\/\/www.heartfailurematters.org\/de\/#\/schema\/logo\/image\/"},"sameAs":["https:\/\/www.facebook.com\/heartfailurematters"]}]}},"_links":{"self":[{"href":"https:\/\/www.heartfailurematters.org\/de\/wp-json\/wp\/v2\/pages\/1480","targetHints":{"allow":["GET"]}}],"collection":[{"href":"https:\/\/www.heartfailurematters.org\/de\/wp-json\/wp\/v2\/pages"}],"about":[{"href":"https:\/\/www.heartfailurematters.org\/de\/wp-json\/wp\/v2\/types\/page"}],"author":[{"embeddable":true,"href":"https:\/\/www.heartfailurematters.org\/de\/wp-json\/wp\/v2\/users\/1"}],"replies":[{"embeddable":true,"href":"https:\/\/www.heartfailurematters.org\/de\/wp-json\/wp\/v2\/comments?post=1480"}],"version-history":[{"count":1,"href":"https:\/\/www.heartfailurematters.org\/de\/wp-json\/wp\/v2\/pages\/1480\/revisions"}],"predecessor-version":[{"id":13636,"href":"https:\/\/www.heartfailurematters.org\/de\/wp-json\/wp\/v2\/pages\/1480\/revisions\/13636"}],"up":[{"embeddable":true,"href":"https:\/\/www.heartfailurematters.org\/de\/wp-json\/wp\/v2\/pages\/2865"}],"wp:featuredmedia":[{"embeddable":true,"href":"https:\/\/www.heartfailurematters.org\/de\/wp-json\/wp\/v2\/media\/11213"}],"wp:attachment":[{"href":"https:\/\/www.heartfailurematters.org\/de\/wp-json\/wp\/v2\/media?parent=1480"}],"wp:term":[{"taxonomy":"category","embeddable":true,"href":"https:\/\/www.heartfailurematters.org\/de\/wp-json\/wp\/v2\/categories?post=1480"},{"taxonomy":"post_tag","embeddable":true,"href":"https:\/\/www.heartfailurematters.org\/de\/wp-json\/wp\/v2\/tags?post=1480"}],"curies":[{"name":"wp","href":"https:\/\/api.w.org\/{rel}","templated":true}]}}