{"id":1479,"date":"2021-01-27T22:00:43","date_gmt":"2021-01-27T22:00:43","guid":{"rendered":"http:\/\/heartfailurematters.local:8888\/depressionen-und-angstzustaende\/"},"modified":"2021-07-19T11:25:59","modified_gmt":"2021-07-19T10:25:59","slug":"depressionen-und-angstzustaende","status":"publish","type":"page","link":"https:\/\/www.heartfailurematters.org\/de\/herzinsuffizienz-verstehen\/depressionen-und-angstzustaende\/","title":{"rendered":"Depressionen und Angstzust\u00e4nde"},"content":{"rendered":"<p>Menschen mit Herzinsuffizienz f\u00fchlen sich sehr h\u00e4ufig deprimiert, unwohl oder \u00e4ngstlich.<\/p>\n<p>Die Herzinsuffizienz ist eine ernstzunehmende Erkrankung. Die Symptome k\u00f6nnen zu totaler Ersch\u00f6pfung und Frustration f\u00fchren. Au\u00dferdem kann die Kurzatmigkeit ein Engegef\u00fchl hervorrufen, das bedrohlich sein und Angst machen kann. Die Symptome k\u00f6nnen eine Teilnahme an normalen gesellschaftlichen Aktivit\u00e4ten unm\u00f6glich machen, was sich wiederum negativ auf das soziale Umfeld auswirken kann. M\u00f6glicherweise sind Sie durch die Erkrankung auch auf die Hilfe von Angeh\u00f6rigen und Freunden angewiesen, was bei Ihnen das Gef\u00fchl hervorrufen kann, eine Last f\u00fcr andere zu sein.<\/p>\n<p>Es ist wichtig, eine positive Haltung einzunehmen und Ihre N\u00f6te der f\u00fcr Sie zust\u00e4ndigen Pflegekraft oder Ihrem Arzt anzuvertrauen. Nehmen Sie die von Ihrem Arzt verordneten Medikamente zuverl\u00e4ssig ein, da diese Ihre Symptome lindern und Ihnen zu einem besseren Wohlbefinden verhelfen k\u00f6nnen. Obgleich es in der Regel keine Heilung der Herzinsuffizienz gibt, k\u00f6nnen Sie und Ihr Arzt doch viel tun, um Ihre Lebensqualit\u00e4t zu verbessern.Klicken Sie hier, um mehr \u00fcber den Umgang mit den psychischen Erscheinungen der Herzinsuffizienz zu erfahren.<\/p>\n<p>Zur\u00fcck zu \u201eSymptome\u201c<\/p>\n","protected":false},"excerpt":{"rendered":"<p>Menschen mit Herzinsuffizienz f\u00fchlen sich sehr h\u00e4ufig deprimiert, unwohl oder \u00e4ngstlich. Die Herzinsuffizienz ist eine ernstzunehmende Erkrankung. Die Symptome k\u00f6nnen zu totaler Ersch\u00f6pfung und Frustration f\u00fchren. Au\u00dferdem kann die Kurzatmigkeit ein Engegef\u00fchl hervorrufen, das bedrohlich sein und Angst machen kann. Die Symptome k\u00f6nnen eine Teilnahme an normalen gesellschaftlichen Aktivit\u00e4ten unm\u00f6glich machen, was sich wiederum negativ [&hellip;]<\/p>\n","protected":false},"author":1,"featured_media":0,"parent":1371,"menu_order":0,"comment_status":"open","ping_status":"open","template":"","meta":{"_acf_changed":false,"footnotes":""},"categories":[],"tags":[],"class_list":["post-1479","page","type-page","status-publish","hentry"],"acf":[],"yoast_head":"<!-- This site is optimized with the Yoast SEO plugin v24.8.1 - https:\/\/yoast.com\/wordpress\/plugins\/seo\/ -->\n<title>Umgang mit Depressionen und Angstzust\u00e4nden &amp; Herzinsuffizienz<\/title>\n<meta name=\"description\" content=\"Es ist nicht ungew\u00f6hnlich, dass Menschen mit Herzinsuffizienz sich depressiv, unruhig oder \u00e4ngstlich f\u00fchlen. Hier finden Sie einige Tipps, die Ihnen dabei helfen, mit Ihren Emotionen umzugehen\" \/>\n<meta name=\"robots\" content=\"index, follow, max-snippet:-1, max-image-preview:large, max-video-preview:-1\" \/>\n<link rel=\"canonical\" href=\"https:\/\/www.heartfailurematters.org\/de\/herzinsuffizienz-verstehen\/depressionen-und-angstzustaende\/\" \/>\n<meta property=\"og:locale\" content=\"de_DE\" \/>\n<meta property=\"og:type\" content=\"article\" \/>\n<meta property=\"og:title\" content=\"Umgang mit Depressionen und Angstzust\u00e4nden &amp; Herzinsuffizienz\" \/>\n<meta property=\"og:description\" content=\"Es ist nicht ungew\u00f6hnlich, dass Menschen mit Herzinsuffizienz sich depressiv, unruhig oder \u00e4ngstlich f\u00fchlen. Hier finden Sie einige Tipps, die Ihnen dabei helfen, mit Ihren Emotionen umzugehen\" \/>\n<meta property=\"og:url\" content=\"https:\/\/www.heartfailurematters.org\/de\/herzinsuffizienz-verstehen\/depressionen-und-angstzustaende\/\" \/>\n<meta property=\"og:site_name\" content=\"Heart Failure Matters\" \/>\n<meta property=\"article:publisher\" content=\"https:\/\/www.facebook.com\/heartfailurematters\" \/>\n<meta property=\"article:modified_time\" content=\"2021-07-19T10:25:59+00:00\" \/>\n<meta name=\"twitter:card\" content=\"summary_large_image\" \/>\n<meta name=\"twitter:label1\" content=\"Gesch\u00e4tzte Lesezeit\" \/>\n\t<meta name=\"twitter:data1\" content=\"1\u00a0Minute\" \/>\n<script type=\"application\/ld+json\" class=\"yoast-schema-graph\">{\"@context\":\"https:\/\/schema.org\",\"@graph\":[{\"@type\":\"WebPage\",\"@id\":\"https:\/\/www.heartfailurematters.org\/de\/herzinsuffizienz-verstehen\/depressionen-und-angstzustaende\/\",\"url\":\"https:\/\/www.heartfailurematters.org\/de\/herzinsuffizienz-verstehen\/depressionen-und-angstzustaende\/\",\"name\":\"Umgang mit Depressionen und Angstzust\u00e4nden & Herzinsuffizienz\",\"isPartOf\":{\"@id\":\"https:\/\/www.heartfailurematters.org\/de\/#website\"},\"datePublished\":\"2021-01-27T22:00:43+00:00\",\"dateModified\":\"2021-07-19T10:25:59+00:00\",\"description\":\"Es ist nicht ungew\u00f6hnlich, dass Menschen mit Herzinsuffizienz sich depressiv, unruhig oder \u00e4ngstlich f\u00fchlen. Hier finden Sie einige Tipps, die Ihnen dabei helfen, mit Ihren Emotionen umzugehen\",\"breadcrumb\":{\"@id\":\"https:\/\/www.heartfailurematters.org\/de\/herzinsuffizienz-verstehen\/depressionen-und-angstzustaende\/#breadcrumb\"},\"inLanguage\":\"de\",\"potentialAction\":[{\"@type\":\"ReadAction\",\"target\":[\"https:\/\/www.heartfailurematters.org\/de\/herzinsuffizienz-verstehen\/depressionen-und-angstzustaende\/\"]}]},{\"@type\":\"BreadcrumbList\",\"@id\":\"https:\/\/www.heartfailurematters.org\/de\/herzinsuffizienz-verstehen\/depressionen-und-angstzustaende\/#breadcrumb\",\"itemListElement\":[{\"@type\":\"ListItem\",\"position\":1,\"name\":\"Startseite\",\"item\":\"https:\/\/www.heartfailurematters.org\/de\/\"},{\"@type\":\"ListItem\",\"position\":2,\"name\":\"Herzinsuffizienz verstehen\",\"item\":\"https:\/\/www.heartfailurematters.org\/de\/herzinsuffizienz-verstehen\/\"},{\"@type\":\"ListItem\",\"position\":3,\"name\":\"Depressionen und Angstzust\u00e4nde\"}]},{\"@type\":\"WebSite\",\"@id\":\"https:\/\/www.heartfailurematters.org\/de\/#website\",\"url\":\"https:\/\/www.heartfailurematters.org\/de\/\",\"name\":\"Heart Failure Matters\",\"description\":\"Practical information for patients, families and caregivers.\",\"publisher\":{\"@id\":\"https:\/\/www.heartfailurematters.org\/de\/#organization\"},\"potentialAction\":[{\"@type\":\"SearchAction\",\"target\":{\"@type\":\"EntryPoint\",\"urlTemplate\":\"https:\/\/www.heartfailurematters.org\/de\/?s={search_term_string}\"},\"query-input\":{\"@type\":\"PropertyValueSpecification\",\"valueRequired\":true,\"valueName\":\"search_term_string\"}}],\"inLanguage\":\"de\"},{\"@type\":\"Organization\",\"@id\":\"https:\/\/www.heartfailurematters.org\/de\/#organization\",\"name\":\"Heart Failure Matters\",\"url\":\"https:\/\/www.heartfailurematters.org\/de\/\",\"logo\":{\"@type\":\"ImageObject\",\"inLanguage\":\"de\",\"@id\":\"https:\/\/www.heartfailurematters.org\/de\/#\/schema\/logo\/image\/\",\"url\":\"https:\/\/cdn-endpoint-hfm.azureedge.net\/heartfailurematters\/2024\/07\/hfm-logo1.jpg\",\"contentUrl\":\"https:\/\/cdn-endpoint-hfm.azureedge.net\/heartfailurematters\/2024\/07\/hfm-logo1.jpg\",\"width\":1280,\"height\":720,\"caption\":\"Heart Failure Matters\"},\"image\":{\"@id\":\"https:\/\/www.heartfailurematters.org\/de\/#\/schema\/logo\/image\/\"},\"sameAs\":[\"https:\/\/www.facebook.com\/heartfailurematters\"]}]}<\/script>\n<!-- \/ Yoast SEO plugin. -->","yoast_head_json":{"title":"Umgang mit Depressionen und Angstzust\u00e4nden & Herzinsuffizienz","description":"Es ist nicht ungew\u00f6hnlich, dass Menschen mit Herzinsuffizienz sich depressiv, unruhig oder \u00e4ngstlich f\u00fchlen. Hier finden Sie einige Tipps, die Ihnen dabei helfen, mit Ihren Emotionen umzugehen","robots":{"index":"index","follow":"follow","max-snippet":"max-snippet:-1","max-image-preview":"max-image-preview:large","max-video-preview":"max-video-preview:-1"},"canonical":"https:\/\/www.heartfailurematters.org\/de\/herzinsuffizienz-verstehen\/depressionen-und-angstzustaende\/","og_locale":"de_DE","og_type":"article","og_title":"Umgang mit Depressionen und Angstzust\u00e4nden & Herzinsuffizienz","og_description":"Es ist nicht ungew\u00f6hnlich, dass Menschen mit Herzinsuffizienz sich depressiv, unruhig oder \u00e4ngstlich f\u00fchlen. Hier finden Sie einige Tipps, die Ihnen dabei helfen, mit Ihren Emotionen umzugehen","og_url":"https:\/\/www.heartfailurematters.org\/de\/herzinsuffizienz-verstehen\/depressionen-und-angstzustaende\/","og_site_name":"Heart Failure Matters","article_publisher":"https:\/\/www.facebook.com\/heartfailurematters","article_modified_time":"2021-07-19T10:25:59+00:00","twitter_card":"summary_large_image","twitter_misc":{"Gesch\u00e4tzte Lesezeit":"1\u00a0Minute"},"schema":{"@context":"https:\/\/schema.org","@graph":[{"@type":"WebPage","@id":"https:\/\/www.heartfailurematters.org\/de\/herzinsuffizienz-verstehen\/depressionen-und-angstzustaende\/","url":"https:\/\/www.heartfailurematters.org\/de\/herzinsuffizienz-verstehen\/depressionen-und-angstzustaende\/","name":"Umgang mit Depressionen und Angstzust\u00e4nden & Herzinsuffizienz","isPartOf":{"@id":"https:\/\/www.heartfailurematters.org\/de\/#website"},"datePublished":"2021-01-27T22:00:43+00:00","dateModified":"2021-07-19T10:25:59+00:00","description":"Es ist nicht ungew\u00f6hnlich, dass Menschen mit Herzinsuffizienz sich depressiv, unruhig oder \u00e4ngstlich f\u00fchlen. Hier finden Sie einige Tipps, die Ihnen dabei helfen, mit Ihren Emotionen umzugehen","breadcrumb":{"@id":"https:\/\/www.heartfailurematters.org\/de\/herzinsuffizienz-verstehen\/depressionen-und-angstzustaende\/#breadcrumb"},"inLanguage":"de","potentialAction":[{"@type":"ReadAction","target":["https:\/\/www.heartfailurematters.org\/de\/herzinsuffizienz-verstehen\/depressionen-und-angstzustaende\/"]}]},{"@type":"BreadcrumbList","@id":"https:\/\/www.heartfailurematters.org\/de\/herzinsuffizienz-verstehen\/depressionen-und-angstzustaende\/#breadcrumb","itemListElement":[{"@type":"ListItem","position":1,"name":"Startseite","item":"https:\/\/www.heartfailurematters.org\/de\/"},{"@type":"ListItem","position":2,"name":"Herzinsuffizienz verstehen","item":"https:\/\/www.heartfailurematters.org\/de\/herzinsuffizienz-verstehen\/"},{"@type":"ListItem","position":3,"name":"Depressionen und Angstzust\u00e4nde"}]},{"@type":"WebSite","@id":"https:\/\/www.heartfailurematters.org\/de\/#website","url":"https:\/\/www.heartfailurematters.org\/de\/","name":"Heart Failure Matters","description":"Practical information for patients, families and caregivers.","publisher":{"@id":"https:\/\/www.heartfailurematters.org\/de\/#organization"},"potentialAction":[{"@type":"SearchAction","target":{"@type":"EntryPoint","urlTemplate":"https:\/\/www.heartfailurematters.org\/de\/?s={search_term_string}"},"query-input":{"@type":"PropertyValueSpecification","valueRequired":true,"valueName":"search_term_string"}}],"inLanguage":"de"},{"@type":"Organization","@id":"https:\/\/www.heartfailurematters.org\/de\/#organization","name":"Heart Failure Matters","url":"https:\/\/www.heartfailurematters.org\/de\/","logo":{"@type":"ImageObject","inLanguage":"de","@id":"https:\/\/www.heartfailurematters.org\/de\/#\/schema\/logo\/image\/","url":"https:\/\/cdn-endpoint-hfm.azureedge.net\/heartfailurematters\/2024\/07\/hfm-logo1.jpg","contentUrl":"https:\/\/cdn-endpoint-hfm.azureedge.net\/heartfailurematters\/2024\/07\/hfm-logo1.jpg","width":1280,"height":720,"caption":"Heart Failure Matters"},"image":{"@id":"https:\/\/www.heartfailurematters.org\/de\/#\/schema\/logo\/image\/"},"sameAs":["https:\/\/www.facebook.com\/heartfailurematters"]}]}},"_links":{"self":[{"href":"https:\/\/www.heartfailurematters.org\/de\/wp-json\/wp\/v2\/pages\/1479","targetHints":{"allow":["GET"]}}],"collection":[{"href":"https:\/\/www.heartfailurematters.org\/de\/wp-json\/wp\/v2\/pages"}],"about":[{"href":"https:\/\/www.heartfailurematters.org\/de\/wp-json\/wp\/v2\/types\/page"}],"author":[{"embeddable":true,"href":"https:\/\/www.heartfailurematters.org\/de\/wp-json\/wp\/v2\/users\/1"}],"replies":[{"embeddable":true,"href":"https:\/\/www.heartfailurematters.org\/de\/wp-json\/wp\/v2\/comments?post=1479"}],"version-history":[{"count":1,"href":"https:\/\/www.heartfailurematters.org\/de\/wp-json\/wp\/v2\/pages\/1479\/revisions"}],"predecessor-version":[{"id":9541,"href":"https:\/\/www.heartfailurematters.org\/de\/wp-json\/wp\/v2\/pages\/1479\/revisions\/9541"}],"up":[{"embeddable":true,"href":"https:\/\/www.heartfailurematters.org\/de\/wp-json\/wp\/v2\/pages\/1371"}],"wp:attachment":[{"href":"https:\/\/www.heartfailurematters.org\/de\/wp-json\/wp\/v2\/media?parent=1479"}],"wp:term":[{"taxonomy":"category","embeddable":true,"href":"https:\/\/www.heartfailurematters.org\/de\/wp-json\/wp\/v2\/categories?post=1479"},{"taxonomy":"post_tag","embeddable":true,"href":"https:\/\/www.heartfailurematters.org\/de\/wp-json\/wp\/v2\/tags?post=1479"}],"curies":[{"name":"wp","href":"https:\/\/api.w.org\/{rel}","templated":true}]}}