{"id":1475,"date":"2021-01-27T22:00:43","date_gmt":"2021-01-27T22:00:43","guid":{"rendered":"http:\/\/heartfailurematters.local:8888\/fragen-die-sie-ihrem-arzt-oder-der-sie-betreuenden-pflegekraft-stellen-sollten\/"},"modified":"2021-01-27T22:00:43","modified_gmt":"2021-01-27T22:00:43","slug":"fragen-die-sie-ihrem-arzt-oder-der-sie-betreuenden-pflegekraft-stellen-sollten","status":"publish","type":"page","link":"https:\/\/www.heartfailurematters.org\/de\/leben-mit-herzinsuffizienz\/fragen-die-sie-ihrem-arzt-oder-der-sie-betreuenden-pflegekraft-stellen-sollten\/","title":{"rendered":"Fragen, die Sie Ihrem Arzt oder der Sie betreuenden Pflegekraft stellen sollten"},"content":{"rendered":"<p>Wenn Sie eine Patientenverf\u00fcgung<\/strong><\/a> aufsetzen m\u00f6chten, ist es wichtig, dass Ihnen exakte aktuelle Informationen \u00fcber Ihre Erkrankung vorliegen. Diese erhalten Sie am besten von Ihrem Arzt oder der Sie betreuenden Pflegekraft oder anderen Heilberuflern, die an Ihrer Versorgung beteiligt sind.<\/p>\n<p>Um N\u00e4heres \u00fcber Ihre medizinische Versorgung in Erfahrung zu bringen, k\u00f6nnen Sie Ihren Arzt oder die Sie betreuende Pflegekraft gezielte Fragen stellen. Beispiele f\u00fcr solche Fragen sind im Folgenden aufgef\u00fchrt:<\/p>\n<ul>\n<li>Ist meine Herzinsuffizienz mit den Medikamenten, die ich einnehme, immer noch gut beherrschbar?<\/li>\n<li>Verschlechtert sich meine Herzinsuffizienz? <\/li>\n<li>Welche sonstigen Therapieoptionen sind f\u00fcr mich noch verf\u00fcgbar, wenn meine Medikamente keine zufriedenstellende Wirkung auf meine Herzinsuffizienz mehr bringen. <\/li>\n<li>Wie k\u00f6nnen Sie mir helfen, wenn meine Herzinsuffizienz schlimmer wird, oder an wen soll ich mich wenden?<\/li>\n<\/ul>\n<p><a href=\"https:\/\/www.heartfailurematters.org\/de\/leben-mit-herzinsuffizienz\/planen-fuer-das-lebensende\/\" title=\"Return to Planning for the end of life\">Zur\u00fcck zu \u201ePlanen f\u00fcr das Lebensende\u201d<\/a><\/p>\n","protected":false},"excerpt":{"rendered":"<p>Wenn Sie eine Patientenverf\u00fcgung aufsetzen m\u00f6chten, ist es wichtig, dass Ihnen exakte aktuelle Informationen \u00fcber Ihre Erkrankung vorliegen. Diese erhalten Sie am besten von Ihrem Arzt oder der Sie betreuenden Pflegekraft oder anderen Heilberuflern, die an Ihrer Versorgung beteiligt sind. Um N\u00e4heres \u00fcber Ihre medizinische Versorgung in Erfahrung zu bringen, k\u00f6nnen Sie Ihren Arzt oder [&hellip;]<\/p>\n","protected":false},"author":1,"featured_media":10538,"parent":2813,"menu_order":0,"comment_status":"open","ping_status":"open","template":"","meta":{"_acf_changed":false,"footnotes":""},"categories":[],"tags":[],"class_list":["post-1475","page","type-page","status-publish","has-post-thumbnail","hentry"],"acf":[],"yoast_head":"<!-- This site is optimized with the Yoast SEO plugin v24.8.1 - https:\/\/yoast.com\/wordpress\/plugins\/seo\/ -->\n<title>Fragen, die Sie Ihrem Arzt oder der Sie betreuenden Pflegekraft stellen sollten<\/title>\n<meta name=\"description\" content=\"Wenn Sie mit der Erstellung eines Vorsorgeplans beginnen, ist es wichtig, genaue, aktuelle Informationen \u00fcber Ihren Zustand vorliegen zu haben. Hier erfahren Sie mehr\" \/>\n<meta name=\"robots\" content=\"index, follow, max-snippet:-1, max-image-preview:large, max-video-preview:-1\" \/>\n<link rel=\"canonical\" href=\"https:\/\/www.heartfailurematters.org\/de\/leben-mit-herzinsuffizienz\/fragen-die-sie-ihrem-arzt-oder-der-sie-betreuenden-pflegekraft-stellen-sollten\/\" \/>\n<meta property=\"og:locale\" content=\"de_DE\" \/>\n<meta property=\"og:type\" content=\"article\" \/>\n<meta property=\"og:title\" content=\"Fragen, die Sie Ihrem Arzt oder der Sie betreuenden Pflegekraft stellen sollten\" \/>\n<meta property=\"og:description\" content=\"Wenn Sie mit der Erstellung eines Vorsorgeplans beginnen, ist es wichtig, genaue, aktuelle Informationen \u00fcber Ihren Zustand vorliegen zu haben. Hier erfahren Sie mehr\" \/>\n<meta property=\"og:url\" content=\"https:\/\/www.heartfailurematters.org\/de\/leben-mit-herzinsuffizienz\/fragen-die-sie-ihrem-arzt-oder-der-sie-betreuenden-pflegekraft-stellen-sollten\/\" \/>\n<meta property=\"og:site_name\" content=\"Heart Failure Matters\" \/>\n<meta property=\"article:publisher\" content=\"https:\/\/www.facebook.com\/heartfailurematters\" \/>\n<meta property=\"og:image\" content=\"https:\/\/www.heartfailurematters.org\/wp-content\/uploads\/2022\/02\/shutterstock_258402434-1-min.jpg\" \/>\n\t<meta property=\"og:image:width\" content=\"900\" \/>\n\t<meta property=\"og:image:height\" content=\"475\" \/>\n\t<meta property=\"og:image:type\" content=\"image\/jpeg\" \/>\n<meta name=\"twitter:card\" content=\"summary_large_image\" \/>\n<meta name=\"twitter:label1\" content=\"Gesch\u00e4tzte Lesezeit\" \/>\n\t<meta name=\"twitter:data1\" content=\"1\u00a0Minute\" \/>\n<script type=\"application\/ld+json\" class=\"yoast-schema-graph\">{\"@context\":\"https:\/\/schema.org\",\"@graph\":[{\"@type\":\"WebPage\",\"@id\":\"https:\/\/www.heartfailurematters.org\/de\/leben-mit-herzinsuffizienz\/fragen-die-sie-ihrem-arzt-oder-der-sie-betreuenden-pflegekraft-stellen-sollten\/\",\"url\":\"https:\/\/www.heartfailurematters.org\/de\/leben-mit-herzinsuffizienz\/fragen-die-sie-ihrem-arzt-oder-der-sie-betreuenden-pflegekraft-stellen-sollten\/\",\"name\":\"Fragen, die Sie Ihrem Arzt oder der Sie betreuenden Pflegekraft stellen sollten\",\"isPartOf\":{\"@id\":\"https:\/\/www.heartfailurematters.org\/de\/#website\"},\"primaryImageOfPage\":{\"@id\":\"https:\/\/www.heartfailurematters.org\/de\/leben-mit-herzinsuffizienz\/fragen-die-sie-ihrem-arzt-oder-der-sie-betreuenden-pflegekraft-stellen-sollten\/#primaryimage\"},\"image\":{\"@id\":\"https:\/\/www.heartfailurematters.org\/de\/leben-mit-herzinsuffizienz\/fragen-die-sie-ihrem-arzt-oder-der-sie-betreuenden-pflegekraft-stellen-sollten\/#primaryimage\"},\"thumbnailUrl\":\"https:\/\/www.heartfailurematters.org\/wp-content\/uploads\/2022\/02\/shutterstock_258402434-1-min.jpg\",\"datePublished\":\"2021-01-27T22:00:43+00:00\",\"description\":\"Wenn Sie mit der Erstellung eines Vorsorgeplans beginnen, ist es wichtig, genaue, aktuelle Informationen \u00fcber Ihren Zustand vorliegen zu haben. Hier erfahren Sie mehr\",\"breadcrumb\":{\"@id\":\"https:\/\/www.heartfailurematters.org\/de\/leben-mit-herzinsuffizienz\/fragen-die-sie-ihrem-arzt-oder-der-sie-betreuenden-pflegekraft-stellen-sollten\/#breadcrumb\"},\"inLanguage\":\"de\",\"potentialAction\":[{\"@type\":\"ReadAction\",\"target\":[\"https:\/\/www.heartfailurematters.org\/de\/leben-mit-herzinsuffizienz\/fragen-die-sie-ihrem-arzt-oder-der-sie-betreuenden-pflegekraft-stellen-sollten\/\"]}]},{\"@type\":\"ImageObject\",\"inLanguage\":\"de\",\"@id\":\"https:\/\/www.heartfailurematters.org\/de\/leben-mit-herzinsuffizienz\/fragen-die-sie-ihrem-arzt-oder-der-sie-betreuenden-pflegekraft-stellen-sollten\/#primaryimage\",\"url\":\"https:\/\/www.heartfailurematters.org\/wp-content\/uploads\/2022\/02\/shutterstock_258402434-1-min.jpg\",\"contentUrl\":\"https:\/\/www.heartfailurematters.org\/wp-content\/uploads\/2022\/02\/shutterstock_258402434-1-min.jpg\",\"width\":900,\"height\":475},{\"@type\":\"BreadcrumbList\",\"@id\":\"https:\/\/www.heartfailurematters.org\/de\/leben-mit-herzinsuffizienz\/fragen-die-sie-ihrem-arzt-oder-der-sie-betreuenden-pflegekraft-stellen-sollten\/#breadcrumb\",\"itemListElement\":[{\"@type\":\"ListItem\",\"position\":1,\"name\":\"Startseite\",\"item\":\"https:\/\/www.heartfailurematters.org\/de\/\"},{\"@type\":\"ListItem\",\"position\":2,\"name\":\"Leben mit Herzinsuffizienz\",\"item\":\"https:\/\/www.heartfailurematters.org\/de\/leben-mit-herzinsuffizienz\/\"},{\"@type\":\"ListItem\",\"position\":3,\"name\":\"Fragen, die Sie Ihrem Arzt oder der Sie betreuenden Pflegekraft stellen sollten\"}]},{\"@type\":\"WebSite\",\"@id\":\"https:\/\/www.heartfailurematters.org\/de\/#website\",\"url\":\"https:\/\/www.heartfailurematters.org\/de\/\",\"name\":\"Heart Failure Matters\",\"description\":\"Practical information for patients, families and caregivers.\",\"publisher\":{\"@id\":\"https:\/\/www.heartfailurematters.org\/de\/#organization\"},\"potentialAction\":[{\"@type\":\"SearchAction\",\"target\":{\"@type\":\"EntryPoint\",\"urlTemplate\":\"https:\/\/www.heartfailurematters.org\/de\/?s={search_term_string}\"},\"query-input\":{\"@type\":\"PropertyValueSpecification\",\"valueRequired\":true,\"valueName\":\"search_term_string\"}}],\"inLanguage\":\"de\"},{\"@type\":\"Organization\",\"@id\":\"https:\/\/www.heartfailurematters.org\/de\/#organization\",\"name\":\"Heart Failure Matters\",\"url\":\"https:\/\/www.heartfailurematters.org\/de\/\",\"logo\":{\"@type\":\"ImageObject\",\"inLanguage\":\"de\",\"@id\":\"https:\/\/www.heartfailurematters.org\/de\/#\/schema\/logo\/image\/\",\"url\":\"https:\/\/cdn-endpoint-hfm.azureedge.net\/heartfailurematters\/2024\/07\/hfm-logo1.jpg\",\"contentUrl\":\"https:\/\/cdn-endpoint-hfm.azureedge.net\/heartfailurematters\/2024\/07\/hfm-logo1.jpg\",\"width\":1280,\"height\":720,\"caption\":\"Heart Failure Matters\"},\"image\":{\"@id\":\"https:\/\/www.heartfailurematters.org\/de\/#\/schema\/logo\/image\/\"},\"sameAs\":[\"https:\/\/www.facebook.com\/heartfailurematters\"]}]}<\/script>\n<!-- \/ Yoast SEO plugin. -->","yoast_head_json":{"title":"Fragen, die Sie Ihrem Arzt oder der Sie betreuenden Pflegekraft stellen sollten","description":"Wenn Sie mit der Erstellung eines Vorsorgeplans beginnen, ist es wichtig, genaue, aktuelle Informationen \u00fcber Ihren Zustand vorliegen zu haben. Hier erfahren Sie mehr","robots":{"index":"index","follow":"follow","max-snippet":"max-snippet:-1","max-image-preview":"max-image-preview:large","max-video-preview":"max-video-preview:-1"},"canonical":"https:\/\/www.heartfailurematters.org\/de\/leben-mit-herzinsuffizienz\/fragen-die-sie-ihrem-arzt-oder-der-sie-betreuenden-pflegekraft-stellen-sollten\/","og_locale":"de_DE","og_type":"article","og_title":"Fragen, die Sie Ihrem Arzt oder der Sie betreuenden Pflegekraft stellen sollten","og_description":"Wenn Sie mit der Erstellung eines Vorsorgeplans beginnen, ist es wichtig, genaue, aktuelle Informationen \u00fcber Ihren Zustand vorliegen zu haben. Hier erfahren Sie mehr","og_url":"https:\/\/www.heartfailurematters.org\/de\/leben-mit-herzinsuffizienz\/fragen-die-sie-ihrem-arzt-oder-der-sie-betreuenden-pflegekraft-stellen-sollten\/","og_site_name":"Heart Failure Matters","article_publisher":"https:\/\/www.facebook.com\/heartfailurematters","og_image":[{"width":900,"height":475,"url":"https:\/\/www.heartfailurematters.org\/wp-content\/uploads\/2022\/02\/shutterstock_258402434-1-min.jpg","type":"image\/jpeg"}],"twitter_card":"summary_large_image","twitter_misc":{"Gesch\u00e4tzte Lesezeit":"1\u00a0Minute"},"schema":{"@context":"https:\/\/schema.org","@graph":[{"@type":"WebPage","@id":"https:\/\/www.heartfailurematters.org\/de\/leben-mit-herzinsuffizienz\/fragen-die-sie-ihrem-arzt-oder-der-sie-betreuenden-pflegekraft-stellen-sollten\/","url":"https:\/\/www.heartfailurematters.org\/de\/leben-mit-herzinsuffizienz\/fragen-die-sie-ihrem-arzt-oder-der-sie-betreuenden-pflegekraft-stellen-sollten\/","name":"Fragen, die Sie Ihrem Arzt oder der Sie betreuenden Pflegekraft stellen sollten","isPartOf":{"@id":"https:\/\/www.heartfailurematters.org\/de\/#website"},"primaryImageOfPage":{"@id":"https:\/\/www.heartfailurematters.org\/de\/leben-mit-herzinsuffizienz\/fragen-die-sie-ihrem-arzt-oder-der-sie-betreuenden-pflegekraft-stellen-sollten\/#primaryimage"},"image":{"@id":"https:\/\/www.heartfailurematters.org\/de\/leben-mit-herzinsuffizienz\/fragen-die-sie-ihrem-arzt-oder-der-sie-betreuenden-pflegekraft-stellen-sollten\/#primaryimage"},"thumbnailUrl":"https:\/\/www.heartfailurematters.org\/wp-content\/uploads\/2022\/02\/shutterstock_258402434-1-min.jpg","datePublished":"2021-01-27T22:00:43+00:00","description":"Wenn Sie mit der Erstellung eines Vorsorgeplans beginnen, ist es wichtig, genaue, aktuelle Informationen \u00fcber Ihren Zustand vorliegen zu haben. Hier erfahren Sie mehr","breadcrumb":{"@id":"https:\/\/www.heartfailurematters.org\/de\/leben-mit-herzinsuffizienz\/fragen-die-sie-ihrem-arzt-oder-der-sie-betreuenden-pflegekraft-stellen-sollten\/#breadcrumb"},"inLanguage":"de","potentialAction":[{"@type":"ReadAction","target":["https:\/\/www.heartfailurematters.org\/de\/leben-mit-herzinsuffizienz\/fragen-die-sie-ihrem-arzt-oder-der-sie-betreuenden-pflegekraft-stellen-sollten\/"]}]},{"@type":"ImageObject","inLanguage":"de","@id":"https:\/\/www.heartfailurematters.org\/de\/leben-mit-herzinsuffizienz\/fragen-die-sie-ihrem-arzt-oder-der-sie-betreuenden-pflegekraft-stellen-sollten\/#primaryimage","url":"https:\/\/www.heartfailurematters.org\/wp-content\/uploads\/2022\/02\/shutterstock_258402434-1-min.jpg","contentUrl":"https:\/\/www.heartfailurematters.org\/wp-content\/uploads\/2022\/02\/shutterstock_258402434-1-min.jpg","width":900,"height":475},{"@type":"BreadcrumbList","@id":"https:\/\/www.heartfailurematters.org\/de\/leben-mit-herzinsuffizienz\/fragen-die-sie-ihrem-arzt-oder-der-sie-betreuenden-pflegekraft-stellen-sollten\/#breadcrumb","itemListElement":[{"@type":"ListItem","position":1,"name":"Startseite","item":"https:\/\/www.heartfailurematters.org\/de\/"},{"@type":"ListItem","position":2,"name":"Leben mit Herzinsuffizienz","item":"https:\/\/www.heartfailurematters.org\/de\/leben-mit-herzinsuffizienz\/"},{"@type":"ListItem","position":3,"name":"Fragen, die Sie Ihrem Arzt oder der Sie betreuenden Pflegekraft stellen sollten"}]},{"@type":"WebSite","@id":"https:\/\/www.heartfailurematters.org\/de\/#website","url":"https:\/\/www.heartfailurematters.org\/de\/","name":"Heart Failure Matters","description":"Practical information for patients, families and caregivers.","publisher":{"@id":"https:\/\/www.heartfailurematters.org\/de\/#organization"},"potentialAction":[{"@type":"SearchAction","target":{"@type":"EntryPoint","urlTemplate":"https:\/\/www.heartfailurematters.org\/de\/?s={search_term_string}"},"query-input":{"@type":"PropertyValueSpecification","valueRequired":true,"valueName":"search_term_string"}}],"inLanguage":"de"},{"@type":"Organization","@id":"https:\/\/www.heartfailurematters.org\/de\/#organization","name":"Heart Failure Matters","url":"https:\/\/www.heartfailurematters.org\/de\/","logo":{"@type":"ImageObject","inLanguage":"de","@id":"https:\/\/www.heartfailurematters.org\/de\/#\/schema\/logo\/image\/","url":"https:\/\/cdn-endpoint-hfm.azureedge.net\/heartfailurematters\/2024\/07\/hfm-logo1.jpg","contentUrl":"https:\/\/cdn-endpoint-hfm.azureedge.net\/heartfailurematters\/2024\/07\/hfm-logo1.jpg","width":1280,"height":720,"caption":"Heart Failure Matters"},"image":{"@id":"https:\/\/www.heartfailurematters.org\/de\/#\/schema\/logo\/image\/"},"sameAs":["https:\/\/www.facebook.com\/heartfailurematters"]}]}},"_links":{"self":[{"href":"https:\/\/www.heartfailurematters.org\/de\/wp-json\/wp\/v2\/pages\/1475","targetHints":{"allow":["GET"]}}],"collection":[{"href":"https:\/\/www.heartfailurematters.org\/de\/wp-json\/wp\/v2\/pages"}],"about":[{"href":"https:\/\/www.heartfailurematters.org\/de\/wp-json\/wp\/v2\/types\/page"}],"author":[{"embeddable":true,"href":"https:\/\/www.heartfailurematters.org\/de\/wp-json\/wp\/v2\/users\/1"}],"replies":[{"embeddable":true,"href":"https:\/\/www.heartfailurematters.org\/de\/wp-json\/wp\/v2\/comments?post=1475"}],"version-history":[{"count":0,"href":"https:\/\/www.heartfailurematters.org\/de\/wp-json\/wp\/v2\/pages\/1475\/revisions"}],"up":[{"embeddable":true,"href":"https:\/\/www.heartfailurematters.org\/de\/wp-json\/wp\/v2\/pages\/2813"}],"wp:featuredmedia":[{"embeddable":true,"href":"https:\/\/www.heartfailurematters.org\/de\/wp-json\/wp\/v2\/media\/10538"}],"wp:attachment":[{"href":"https:\/\/www.heartfailurematters.org\/de\/wp-json\/wp\/v2\/media?parent=1475"}],"wp:term":[{"taxonomy":"category","embeddable":true,"href":"https:\/\/www.heartfailurematters.org\/de\/wp-json\/wp\/v2\/categories?post=1475"},{"taxonomy":"post_tag","embeddable":true,"href":"https:\/\/www.heartfailurematters.org\/de\/wp-json\/wp\/v2\/tags?post=1475"}],"curies":[{"name":"wp","href":"https:\/\/api.w.org\/{rel}","templated":true}]}}