{"id":1474,"date":"2021-01-27T22:00:39","date_gmt":"2021-01-27T22:00:39","guid":{"rendered":"http:\/\/heartfailurematters.local:8888\/klappenersatz\/"},"modified":"2021-04-14T11:40:12","modified_gmt":"2021-04-14T10:40:12","slug":"klappenersatz","status":"publish","type":"page","link":"https:\/\/www.heartfailurematters.org\/de\/das-koennen-ihr-arzt-oder-pflegepersonal-tun\/klappenersatz\/","title":{"rendered":"Klappenersatz"},"content":{"rendered":"<h2>Warum wird ein Klappenersatz durchgef\u00fchrt?<\/h2>\n<p>Ihre Herzinsuffizienz wurde m\u00f6glicherweise durch eine defekte oder kranke Herzklappe hervorgerufen. Die Herzklappen regeln die Flussrichtung des Blutes im Herzen in eine Richtung. Klappen k\u00f6nnen sich entweder verengen oder nicht dicht schlie\u00dfen. Auch eine Kombination von beidem ist m\u00f6glich. Wenn Sie nicht mehr richtig funktionieren, belastet dies das Herz zus\u00e4tzlich und kann zu einer Herzinsuffizienz f\u00fchren. Dieses Problem l\u00e4sst sich durch einen operativen Eingriff bessern oder heilen, der jedoch nur dann durchgef\u00fchrt wird, wenn die durch die Operation zu erwartenden Vorteile wahrscheinlich die Risiken \u00fcberwiegen.<\/p>\n<h2>Was ist damit verbunden?<\/h2>\n<p>W\u00e4hrend der Operation werden Sie an eine Herz-Lungen-Maschine angeschlossen, die das Gehirn und den K\u00f6rper mit Blut versorgt, solange die defekte Klappe entfernt und ersetzt wird.<\/p>\n<p><strong>Ihr Arzt wird mit Ihnen besprechen, welche Art Klappenersatz f\u00fcr Sie in Frage kommt:<\/strong><\/p>\n<ul>\n<li>Eine mechanische (k\u00fcnstliche) Klappe (aus Kohlenstoff, Metall oder Carbon, einer Art Kohlenstoff)<\/li>\n<li>Eine Klappe aus Metall oder Kunststoff<\/li>\n<li>Eine Klappe aus menschlichem oder tierischem Gewebe (in der Regel vom Schwein).<\/li>\n<\/ul>\n<p>Nach der Operation m\u00fcssen Sie m\u00f6glicherweise Medikamente (<a class=\"addtooltip\" title=\"Antikoagulanzien: Arzneimittel, die die Bildung von Blutgerinnseln verhindern, insbesondere in den Herzkranzgef\u00e4\u00dfen.\"><strong>Antikoagulanzien<\/strong><\/a>) einnehmen, um zu verhindern, dass sich Blutgerinnsel um Ihre neue k\u00fcnstliche Herzklappe herum bilden. Dies ist bei Klappen aus Gewebe normalerweise nicht erforderlich.<\/p>\n<p>Sollten Sie sich sp\u00e4ter einer erneuten Operation unterziehen m\u00fcssen, wird man Ihnen in der Regel ein Antibiotikum verabreichen, um einer Klappeninfektion vorzubeugen.<\/p>\n<p><strong>Fragen, die Sie Ihrem Arzt stellen sollten: <\/strong><\/p>\n<ul>\n<li>Mit welchen Risiken ist diese Operation verbunden?<\/li>\n<li>Wie lange muss ich in der Klinik bleiben?<\/li>\n<li>Wie lange wird es dauern, bis ich mich erholt habe?<\/li>\n<li>In welchem Ausma\u00df darf ich nach dem Eingriff k\u00f6rperlich aktiv sein?<\/li>\n<li>Welche Medikamente werde ich nach dem Eingriff einnehmen m\u00fcssen? ?<\/li>\n<\/ul>\n<p><a href=\"https:\/\/www.heartfailurematters.org\/what-your-doctor-can-do\/surgery\/\">Zur\u00fcck zu \u201eOperative Eingriffe\u201c<\/a><\/p>\n","protected":false},"excerpt":{"rendered":"<p>Warum wird ein Klappenersatz durchgef\u00fchrt? Ihre Herzinsuffizienz wurde m\u00f6glicherweise durch eine defekte oder kranke Herzklappe hervorgerufen. Die Herzklappen regeln die Flussrichtung des Blutes im Herzen in eine Richtung. Klappen k\u00f6nnen sich entweder verengen oder nicht dicht schlie\u00dfen. Auch eine Kombination von beidem ist m\u00f6glich. Wenn Sie nicht mehr richtig funktionieren, belastet dies das Herz zus\u00e4tzlich [&hellip;]<\/p>\n","protected":false},"author":1,"featured_media":10934,"parent":2680,"menu_order":0,"comment_status":"open","ping_status":"open","template":"","meta":{"_acf_changed":false,"footnotes":""},"categories":[],"tags":[],"class_list":["post-1474","page","type-page","status-publish","has-post-thumbnail","hentry"],"acf":[],"yoast_head":"<!-- This site is optimized with the Yoast SEO plugin v24.8.1 - https:\/\/yoast.com\/wordpress\/plugins\/seo\/ -->\n<title>Klappenersatz<\/title>\n<meta name=\"description\" content=\"W\u00e4hrend der Operation werden Sie an eine Herz-Lungen-Maschine angeschlossen, die Gehirn und K\u00f6rper mit Blut versorgt. Die defekte Klappe wird entfernt und ersetzt.\" \/>\n<meta name=\"robots\" content=\"index, follow, max-snippet:-1, max-image-preview:large, max-video-preview:-1\" \/>\n<link rel=\"canonical\" href=\"https:\/\/www.heartfailurematters.org\/de\/das-koennen-ihr-arzt-oder-pflegepersonal-tun\/klappenersatz\/\" \/>\n<meta property=\"og:locale\" content=\"de_DE\" \/>\n<meta property=\"og:type\" content=\"article\" \/>\n<meta property=\"og:title\" content=\"Klappenersatz\" \/>\n<meta property=\"og:description\" content=\"W\u00e4hrend der Operation werden Sie an eine Herz-Lungen-Maschine angeschlossen, die Gehirn und K\u00f6rper mit Blut versorgt. Die defekte Klappe wird entfernt und ersetzt.\" \/>\n<meta property=\"og:url\" content=\"https:\/\/www.heartfailurematters.org\/de\/das-koennen-ihr-arzt-oder-pflegepersonal-tun\/klappenersatz\/\" \/>\n<meta property=\"og:site_name\" content=\"Heart Failure Matters\" \/>\n<meta property=\"article:publisher\" content=\"https:\/\/www.facebook.com\/heartfailurematters\" \/>\n<meta property=\"article:modified_time\" content=\"2021-04-14T10:40:12+00:00\" \/>\n<meta property=\"og:image\" content=\"https:\/\/www.heartfailurematters.org\/wp-content\/uploads\/2022\/03\/shutterstock_2073525971-1-min.jpg\" \/>\n\t<meta property=\"og:image:width\" content=\"900\" \/>\n\t<meta property=\"og:image:height\" content=\"559\" \/>\n\t<meta property=\"og:image:type\" content=\"image\/jpeg\" \/>\n<meta name=\"twitter:card\" content=\"summary_large_image\" \/>\n<meta name=\"twitter:label1\" content=\"Gesch\u00e4tzte Lesezeit\" \/>\n\t<meta name=\"twitter:data1\" content=\"2\u00a0Minuten\" \/>\n<script type=\"application\/ld+json\" class=\"yoast-schema-graph\">{\"@context\":\"https:\/\/schema.org\",\"@graph\":[{\"@type\":\"WebPage\",\"@id\":\"https:\/\/www.heartfailurematters.org\/de\/das-koennen-ihr-arzt-oder-pflegepersonal-tun\/klappenersatz\/\",\"url\":\"https:\/\/www.heartfailurematters.org\/de\/das-koennen-ihr-arzt-oder-pflegepersonal-tun\/klappenersatz\/\",\"name\":\"Klappenersatz\",\"isPartOf\":{\"@id\":\"https:\/\/www.heartfailurematters.org\/de\/#website\"},\"primaryImageOfPage\":{\"@id\":\"https:\/\/www.heartfailurematters.org\/de\/das-koennen-ihr-arzt-oder-pflegepersonal-tun\/klappenersatz\/#primaryimage\"},\"image\":{\"@id\":\"https:\/\/www.heartfailurematters.org\/de\/das-koennen-ihr-arzt-oder-pflegepersonal-tun\/klappenersatz\/#primaryimage\"},\"thumbnailUrl\":\"https:\/\/www.heartfailurematters.org\/wp-content\/uploads\/2022\/03\/shutterstock_2073525971-1-min.jpg\",\"datePublished\":\"2021-01-27T22:00:39+00:00\",\"dateModified\":\"2021-04-14T10:40:12+00:00\",\"description\":\"W\u00e4hrend der Operation werden Sie an eine Herz-Lungen-Maschine angeschlossen, die Gehirn und K\u00f6rper mit Blut versorgt. Die defekte Klappe wird entfernt und ersetzt.\",\"breadcrumb\":{\"@id\":\"https:\/\/www.heartfailurematters.org\/de\/das-koennen-ihr-arzt-oder-pflegepersonal-tun\/klappenersatz\/#breadcrumb\"},\"inLanguage\":\"de\",\"potentialAction\":[{\"@type\":\"ReadAction\",\"target\":[\"https:\/\/www.heartfailurematters.org\/de\/das-koennen-ihr-arzt-oder-pflegepersonal-tun\/klappenersatz\/\"]}]},{\"@type\":\"ImageObject\",\"inLanguage\":\"de\",\"@id\":\"https:\/\/www.heartfailurematters.org\/de\/das-koennen-ihr-arzt-oder-pflegepersonal-tun\/klappenersatz\/#primaryimage\",\"url\":\"https:\/\/www.heartfailurematters.org\/wp-content\/uploads\/2022\/03\/shutterstock_2073525971-1-min.jpg\",\"contentUrl\":\"https:\/\/www.heartfailurematters.org\/wp-content\/uploads\/2022\/03\/shutterstock_2073525971-1-min.jpg\",\"width\":900,\"height\":559},{\"@type\":\"BreadcrumbList\",\"@id\":\"https:\/\/www.heartfailurematters.org\/de\/das-koennen-ihr-arzt-oder-pflegepersonal-tun\/klappenersatz\/#breadcrumb\",\"itemListElement\":[{\"@type\":\"ListItem\",\"position\":1,\"name\":\"Startseite\",\"item\":\"https:\/\/www.heartfailurematters.org\/de\/\"},{\"@type\":\"ListItem\",\"position\":2,\"name\":\"Das kann Ihr Arzt tun\",\"item\":\"https:\/\/www.heartfailurematters.org\/de\/das-koennen-ihr-arzt-oder-pflegepersonal-tun\/\"},{\"@type\":\"ListItem\",\"position\":3,\"name\":\"Klappenersatz\"}]},{\"@type\":\"WebSite\",\"@id\":\"https:\/\/www.heartfailurematters.org\/de\/#website\",\"url\":\"https:\/\/www.heartfailurematters.org\/de\/\",\"name\":\"Heart Failure Matters\",\"description\":\"Practical information for patients, families and caregivers.\",\"publisher\":{\"@id\":\"https:\/\/www.heartfailurematters.org\/de\/#organization\"},\"potentialAction\":[{\"@type\":\"SearchAction\",\"target\":{\"@type\":\"EntryPoint\",\"urlTemplate\":\"https:\/\/www.heartfailurematters.org\/de\/?s={search_term_string}\"},\"query-input\":{\"@type\":\"PropertyValueSpecification\",\"valueRequired\":true,\"valueName\":\"search_term_string\"}}],\"inLanguage\":\"de\"},{\"@type\":\"Organization\",\"@id\":\"https:\/\/www.heartfailurematters.org\/de\/#organization\",\"name\":\"Heart Failure Matters\",\"url\":\"https:\/\/www.heartfailurematters.org\/de\/\",\"logo\":{\"@type\":\"ImageObject\",\"inLanguage\":\"de\",\"@id\":\"https:\/\/www.heartfailurematters.org\/de\/#\/schema\/logo\/image\/\",\"url\":\"https:\/\/cdn-endpoint-hfm.azureedge.net\/heartfailurematters\/2024\/07\/hfm-logo1.jpg\",\"contentUrl\":\"https:\/\/cdn-endpoint-hfm.azureedge.net\/heartfailurematters\/2024\/07\/hfm-logo1.jpg\",\"width\":1280,\"height\":720,\"caption\":\"Heart Failure Matters\"},\"image\":{\"@id\":\"https:\/\/www.heartfailurematters.org\/de\/#\/schema\/logo\/image\/\"},\"sameAs\":[\"https:\/\/www.facebook.com\/heartfailurematters\"]}]}<\/script>\n<!-- \/ Yoast SEO plugin. -->","yoast_head_json":{"title":"Klappenersatz","description":"W\u00e4hrend der Operation werden Sie an eine Herz-Lungen-Maschine angeschlossen, die Gehirn und K\u00f6rper mit Blut versorgt. Die defekte Klappe wird entfernt und ersetzt.","robots":{"index":"index","follow":"follow","max-snippet":"max-snippet:-1","max-image-preview":"max-image-preview:large","max-video-preview":"max-video-preview:-1"},"canonical":"https:\/\/www.heartfailurematters.org\/de\/das-koennen-ihr-arzt-oder-pflegepersonal-tun\/klappenersatz\/","og_locale":"de_DE","og_type":"article","og_title":"Klappenersatz","og_description":"W\u00e4hrend der Operation werden Sie an eine Herz-Lungen-Maschine angeschlossen, die Gehirn und K\u00f6rper mit Blut versorgt. Die defekte Klappe wird entfernt und ersetzt.","og_url":"https:\/\/www.heartfailurematters.org\/de\/das-koennen-ihr-arzt-oder-pflegepersonal-tun\/klappenersatz\/","og_site_name":"Heart Failure Matters","article_publisher":"https:\/\/www.facebook.com\/heartfailurematters","article_modified_time":"2021-04-14T10:40:12+00:00","og_image":[{"width":900,"height":559,"url":"https:\/\/www.heartfailurematters.org\/wp-content\/uploads\/2022\/03\/shutterstock_2073525971-1-min.jpg","type":"image\/jpeg"}],"twitter_card":"summary_large_image","twitter_misc":{"Gesch\u00e4tzte Lesezeit":"2\u00a0Minuten"},"schema":{"@context":"https:\/\/schema.org","@graph":[{"@type":"WebPage","@id":"https:\/\/www.heartfailurematters.org\/de\/das-koennen-ihr-arzt-oder-pflegepersonal-tun\/klappenersatz\/","url":"https:\/\/www.heartfailurematters.org\/de\/das-koennen-ihr-arzt-oder-pflegepersonal-tun\/klappenersatz\/","name":"Klappenersatz","isPartOf":{"@id":"https:\/\/www.heartfailurematters.org\/de\/#website"},"primaryImageOfPage":{"@id":"https:\/\/www.heartfailurematters.org\/de\/das-koennen-ihr-arzt-oder-pflegepersonal-tun\/klappenersatz\/#primaryimage"},"image":{"@id":"https:\/\/www.heartfailurematters.org\/de\/das-koennen-ihr-arzt-oder-pflegepersonal-tun\/klappenersatz\/#primaryimage"},"thumbnailUrl":"https:\/\/www.heartfailurematters.org\/wp-content\/uploads\/2022\/03\/shutterstock_2073525971-1-min.jpg","datePublished":"2021-01-27T22:00:39+00:00","dateModified":"2021-04-14T10:40:12+00:00","description":"W\u00e4hrend der Operation werden Sie an eine Herz-Lungen-Maschine angeschlossen, die Gehirn und K\u00f6rper mit Blut versorgt. Die defekte Klappe wird entfernt und ersetzt.","breadcrumb":{"@id":"https:\/\/www.heartfailurematters.org\/de\/das-koennen-ihr-arzt-oder-pflegepersonal-tun\/klappenersatz\/#breadcrumb"},"inLanguage":"de","potentialAction":[{"@type":"ReadAction","target":["https:\/\/www.heartfailurematters.org\/de\/das-koennen-ihr-arzt-oder-pflegepersonal-tun\/klappenersatz\/"]}]},{"@type":"ImageObject","inLanguage":"de","@id":"https:\/\/www.heartfailurematters.org\/de\/das-koennen-ihr-arzt-oder-pflegepersonal-tun\/klappenersatz\/#primaryimage","url":"https:\/\/www.heartfailurematters.org\/wp-content\/uploads\/2022\/03\/shutterstock_2073525971-1-min.jpg","contentUrl":"https:\/\/www.heartfailurematters.org\/wp-content\/uploads\/2022\/03\/shutterstock_2073525971-1-min.jpg","width":900,"height":559},{"@type":"BreadcrumbList","@id":"https:\/\/www.heartfailurematters.org\/de\/das-koennen-ihr-arzt-oder-pflegepersonal-tun\/klappenersatz\/#breadcrumb","itemListElement":[{"@type":"ListItem","position":1,"name":"Startseite","item":"https:\/\/www.heartfailurematters.org\/de\/"},{"@type":"ListItem","position":2,"name":"Das kann Ihr Arzt tun","item":"https:\/\/www.heartfailurematters.org\/de\/das-koennen-ihr-arzt-oder-pflegepersonal-tun\/"},{"@type":"ListItem","position":3,"name":"Klappenersatz"}]},{"@type":"WebSite","@id":"https:\/\/www.heartfailurematters.org\/de\/#website","url":"https:\/\/www.heartfailurematters.org\/de\/","name":"Heart Failure Matters","description":"Practical information for patients, families and caregivers.","publisher":{"@id":"https:\/\/www.heartfailurematters.org\/de\/#organization"},"potentialAction":[{"@type":"SearchAction","target":{"@type":"EntryPoint","urlTemplate":"https:\/\/www.heartfailurematters.org\/de\/?s={search_term_string}"},"query-input":{"@type":"PropertyValueSpecification","valueRequired":true,"valueName":"search_term_string"}}],"inLanguage":"de"},{"@type":"Organization","@id":"https:\/\/www.heartfailurematters.org\/de\/#organization","name":"Heart Failure Matters","url":"https:\/\/www.heartfailurematters.org\/de\/","logo":{"@type":"ImageObject","inLanguage":"de","@id":"https:\/\/www.heartfailurematters.org\/de\/#\/schema\/logo\/image\/","url":"https:\/\/cdn-endpoint-hfm.azureedge.net\/heartfailurematters\/2024\/07\/hfm-logo1.jpg","contentUrl":"https:\/\/cdn-endpoint-hfm.azureedge.net\/heartfailurematters\/2024\/07\/hfm-logo1.jpg","width":1280,"height":720,"caption":"Heart Failure Matters"},"image":{"@id":"https:\/\/www.heartfailurematters.org\/de\/#\/schema\/logo\/image\/"},"sameAs":["https:\/\/www.facebook.com\/heartfailurematters"]}]}},"_links":{"self":[{"href":"https:\/\/www.heartfailurematters.org\/de\/wp-json\/wp\/v2\/pages\/1474","targetHints":{"allow":["GET"]}}],"collection":[{"href":"https:\/\/www.heartfailurematters.org\/de\/wp-json\/wp\/v2\/pages"}],"about":[{"href":"https:\/\/www.heartfailurematters.org\/de\/wp-json\/wp\/v2\/types\/page"}],"author":[{"embeddable":true,"href":"https:\/\/www.heartfailurematters.org\/de\/wp-json\/wp\/v2\/users\/1"}],"replies":[{"embeddable":true,"href":"https:\/\/www.heartfailurematters.org\/de\/wp-json\/wp\/v2\/comments?post=1474"}],"version-history":[{"count":1,"href":"https:\/\/www.heartfailurematters.org\/de\/wp-json\/wp\/v2\/pages\/1474\/revisions"}],"predecessor-version":[{"id":8658,"href":"https:\/\/www.heartfailurematters.org\/de\/wp-json\/wp\/v2\/pages\/1474\/revisions\/8658"}],"up":[{"embeddable":true,"href":"https:\/\/www.heartfailurematters.org\/de\/wp-json\/wp\/v2\/pages\/2680"}],"wp:featuredmedia":[{"embeddable":true,"href":"https:\/\/www.heartfailurematters.org\/de\/wp-json\/wp\/v2\/media\/10934"}],"wp:attachment":[{"href":"https:\/\/www.heartfailurematters.org\/de\/wp-json\/wp\/v2\/media?parent=1474"}],"wp:term":[{"taxonomy":"category","embeddable":true,"href":"https:\/\/www.heartfailurematters.org\/de\/wp-json\/wp\/v2\/categories?post=1474"},{"taxonomy":"post_tag","embeddable":true,"href":"https:\/\/www.heartfailurematters.org\/de\/wp-json\/wp\/v2\/tags?post=1474"}],"curies":[{"name":"wp","href":"https:\/\/api.w.org\/{rel}","templated":true}]}}